{"id":2680,"date":"2021-06-11T15:39:37","date_gmt":"2021-06-11T18:39:37","guid":{"rendered":"https:\/\/solardorosario.com.br\/galeria\/?post_type=product&#038;p=2680"},"modified":"2026-03-19T10:33:05","modified_gmt":"2026-03-19T13:33:05","slug":"claudio-alvarez-pinhao-3","status":"publish","type":"product","link":"https:\/\/solardorosario.com.br\/galeria\/produto\/claudio-alvarez-pinhao-3\/","title":{"rendered":"Claudio Alvarez - Pinh\u00e3o"},"content":{"rendered":"<p><strong>Artista:<\/strong> Claudio Alvarez<\/p>\n<p><strong>T\u00edtulo:<\/strong> Pinh\u00e3o<\/p>\n<p><strong>Dimens\u00e3o: <\/strong>14x006cm<\/p>\n<p><strong>T\u00e9cnica:<\/strong> Escultura em alum\u00ednio<\/p>\n<p><strong>Observa\u00e7\u00e3o:<\/strong> a cor da madeira, na parte interior do pinh\u00e3o pode sofrer altera\u00e7\u00f5es. Consultar o WhatsApp: (41) 98804-3984<\/p>\n<p>&nbsp;<\/p>\n<p>&nbsp;<\/p>\n<p style=\"text-align: left\">CLAUDIO ALVAREZ nasceu em Ros\u00e1rio - Argentina. Vive e trabalha em Curitiba - PR - desde 1977. Exp\u00f5e desde 1981. Realizou mais de 13 exposi\u00e7\u00f5es individuais e participou de v\u00e1rias exposi\u00e7\u00f5es coletivas, nacionais e internacionais. Sua obra foi premiada em Sal\u00f5es de Arte e faz parte de acervos p\u00fablicos e privados. O artista tem sua obra registrada no Livro de Arte - Claudio Alvarez, lan\u00e7ado em 2001 e no Cat\u00e1logo Apar\u00eancias, lan\u00e7ado em maio de 2010.<\/p>\n<p>&nbsp;<\/p>\n","protected":false},"excerpt":{"rendered":"<p>Artista: Claudio Alvarez T\u00edtulo: Pinh\u00e3o Dimens\u00e3o: 14x006cm T\u00e9cnica: Escultura em alum\u00ednio Observa\u00e7\u00e3o: a cor da madeira, na parte interior do pinh\u00e3o pode sofrer altera\u00e7\u00f5es. Consultar o WhatsApp: (41) 98804-3984 &nbsp; &nbsp; CLAUDIO ALVAREZ nasceu em Ros\u00e1rio - Argentina. Vive e trabalha em Curitiba - PR - desde 1977. Exp\u00f5e desde 1981. Realizou mais de 13 [&hellip;]<\/p>\n","protected":false},"featured_media":2831,"template":"","meta":[],"product_brand":[],"product_cat":[117],"product_tag":[],"class_list":{"0":"post-2680","1":"product","2":"type-product","3":"status-publish","4":"has-post-thumbnail","6":"product_cat-galeria","7":"pa_artista-claudio-alvarez","8":"pa_estilo-figurativo","9":"pa_tecnica-aluminio","10":"pa_tecnica-escultura","12":"first","13":"instock","14":"shipping-taxable","15":"purchasable","16":"product-type-simple"},"yoast_head":"<!-- This site is optimized with the Yoast SEO plugin v27.6 - https:\/\/yoast.com\/product\/yoast-seo-wordpress\/ -->\n<title>Claudio Alvarez - Pinh\u00e3o - Solar do Ros\u00e1rio Galeria \\\\\\\\Nova<\/title>\n<meta name=\"robots\" content=\"index, follow, max-snippet:-1, max-image-preview:large, max-video-preview:-1\" \/>\n<link rel=\"canonical\" href=\"https:\/\/solardorosario.com.br\/galeria\/produto\/claudio-alvarez-pinhao-3\/\" \/>\n<meta property=\"og:locale\" content=\"pt_BR\" \/>\n<meta property=\"og:type\" content=\"article\" \/>\n<meta property=\"og:title\" content=\"Claudio Alvarez - Pinh\u00e3o - Solar do Ros\u00e1rio Galeria \\\\\\\\Nova\" \/>\n<meta property=\"og:description\" content=\"Artista: Claudio Alvarez T\u00edtulo: Pinh\u00e3o Dimens\u00e3o: 14x006cm T\u00e9cnica: Escultura em alum\u00ednio Observa\u00e7\u00e3o: a cor da madeira, na parte interior do pinh\u00e3o pode sofrer altera\u00e7\u00f5es. Consultar o WhatsApp: (41) 98804-3984 &nbsp; &nbsp; CLAUDIO ALVAREZ nasceu em Ros\u00e1rio - Argentina. Vive e trabalha em Curitiba - PR - desde 1977. Exp\u00f5e desde 1981. Realizou mais de 13 [&hellip;]\" \/>\n<meta property=\"og:url\" content=\"https:\/\/solardorosario.com.br\/galeria\/produto\/claudio-alvarez-pinhao-3\/\" \/>\n<meta property=\"og:site_name\" content=\"Solar do Ros\u00e1rio Galeria \\\\\\\\Nova\" \/>\n<meta property=\"article:modified_time\" content=\"2026-03-19T13:33:05+00:00\" \/>\n<meta property=\"og:image\" content=\"https:\/\/solardorosario.com.br\/galeria\/wp-content\/uploads\/2021\/06\/IMG_9044-removebg-preview-e1626185701388.png\" \/>\n\t<meta property=\"og:image:width\" content=\"300\" \/>\n\t<meta property=\"og:image:height\" content=\"378\" \/>\n\t<meta property=\"og:image:type\" content=\"image\/png\" \/>\n<meta name=\"twitter:card\" content=\"summary_large_image\" \/>\n<meta name=\"twitter:label1\" content=\"Est. tempo de leitura\" \/>\n\t<meta name=\"twitter:data1\" content=\"1 minuto\" \/>\n<script type=\"application\/ld+json\" class=\"yoast-schema-graph\">{\"@context\":\"https:\\\/\\\/schema.org\",\"@graph\":[{\"@type\":\"WebPage\",\"@id\":\"https:\\\/\\\/solardorosario.com.br\\\/galeria\\\/produto\\\/claudio-alvarez-pinhao-3\\\/\",\"url\":\"https:\\\/\\\/solardorosario.com.br\\\/galeria\\\/produto\\\/claudio-alvarez-pinhao-3\\\/\",\"name\":\"Claudio Alvarez - Pinh\u00e3o - Solar do Ros\u00e1rio Galeria \\\\\\\\\\\\\\\\Nova\",\"isPartOf\":{\"@id\":\"https:\\\/\\\/solardorosario.com.br\\\/galeria\\\/#website\"},\"primaryImageOfPage\":{\"@id\":\"https:\\\/\\\/solardorosario.com.br\\\/galeria\\\/produto\\\/claudio-alvarez-pinhao-3\\\/#primaryimage\"},\"image\":{\"@id\":\"https:\\\/\\\/solardorosario.com.br\\\/galeria\\\/produto\\\/claudio-alvarez-pinhao-3\\\/#primaryimage\"},\"thumbnailUrl\":\"https:\\\/\\\/solardorosario.com.br\\\/galeria\\\/wp-content\\\/uploads\\\/2021\\\/06\\\/IMG_9044-removebg-preview-e1626185701388.png\",\"datePublished\":\"2021-06-11T18:39:37+00:00\",\"dateModified\":\"2026-03-19T13:33:05+00:00\",\"breadcrumb\":{\"@id\":\"https:\\\/\\\/solardorosario.com.br\\\/galeria\\\/produto\\\/claudio-alvarez-pinhao-3\\\/#breadcrumb\"},\"inLanguage\":\"pt-BR\",\"potentialAction\":[{\"@type\":\"ReadAction\",\"target\":[\"https:\\\/\\\/solardorosario.com.br\\\/galeria\\\/produto\\\/claudio-alvarez-pinhao-3\\\/\"]}]},{\"@type\":\"ImageObject\",\"inLanguage\":\"pt-BR\",\"@id\":\"https:\\\/\\\/solardorosario.com.br\\\/galeria\\\/produto\\\/claudio-alvarez-pinhao-3\\\/#primaryimage\",\"url\":\"https:\\\/\\\/solardorosario.com.br\\\/galeria\\\/wp-content\\\/uploads\\\/2021\\\/06\\\/IMG_9044-removebg-preview-e1626185701388.png\",\"contentUrl\":\"https:\\\/\\\/solardorosario.com.br\\\/galeria\\\/wp-content\\\/uploads\\\/2021\\\/06\\\/IMG_9044-removebg-preview-e1626185701388.png\",\"width\":300,\"height\":378},{\"@type\":\"BreadcrumbList\",\"@id\":\"https:\\\/\\\/solardorosario.com.br\\\/galeria\\\/produto\\\/claudio-alvarez-pinhao-3\\\/#breadcrumb\",\"itemListElement\":[{\"@type\":\"ListItem\",\"position\":1,\"name\":\"In\u00edcio\",\"item\":\"https:\\\/\\\/solardorosario.com.br\\\/galeria\\\/\"},{\"@type\":\"ListItem\",\"position\":2,\"name\":\"galeria\",\"item\":\"https:\\\/\\\/solardorosario.com.br\\\/galeria\\\/galeria\\\/\"},{\"@type\":\"ListItem\",\"position\":3,\"name\":\"Claudio Alvarez - Pinh\u00e3o\"}]},{\"@type\":\"WebSite\",\"@id\":\"https:\\\/\\\/solardorosario.com.br\\\/galeria\\\/#website\",\"url\":\"https:\\\/\\\/solardorosario.com.br\\\/galeria\\\/\",\"name\":\"Solar do Ros\u00e1rio Galeria \\\\\\\\\\\\\\\\Nova\",\"description\":\"\",\"potentialAction\":[{\"@type\":\"SearchAction\",\"target\":{\"@type\":\"EntryPoint\",\"urlTemplate\":\"https:\\\/\\\/solardorosario.com.br\\\/galeria\\\/?s={search_term_string}\"},\"query-input\":{\"@type\":\"PropertyValueSpecification\",\"valueRequired\":true,\"valueName\":\"search_term_string\"}}],\"inLanguage\":\"pt-BR\"}]}<\/script>\n<!-- \/ Yoast SEO plugin. -->","yoast_head_json":{"title":"Claudio Alvarez - Pinh\u00e3o - Solar do Ros\u00e1rio Galeria \\\\\\\\Nova","robots":{"index":"index","follow":"follow","max-snippet":"max-snippet:-1","max-image-preview":"max-image-preview:large","max-video-preview":"max-video-preview:-1"},"canonical":"https:\/\/solardorosario.com.br\/galeria\/produto\/claudio-alvarez-pinhao-3\/","og_locale":"pt_BR","og_type":"article","og_title":"Claudio Alvarez - Pinh\u00e3o - Solar do Ros\u00e1rio Galeria \\\\\\\\Nova","og_description":"Artista: Claudio Alvarez T\u00edtulo: Pinh\u00e3o Dimens\u00e3o: 14x006cm T\u00e9cnica: Escultura em alum\u00ednio Observa\u00e7\u00e3o: a cor da madeira, na parte interior do pinh\u00e3o pode sofrer altera\u00e7\u00f5es. Consultar o WhatsApp: (41) 98804-3984 &nbsp; &nbsp; CLAUDIO ALVAREZ nasceu em Ros\u00e1rio - Argentina. Vive e trabalha em Curitiba - PR - desde 1977. Exp\u00f5e desde 1981. Realizou mais de 13 [&hellip;]","og_url":"https:\/\/solardorosario.com.br\/galeria\/produto\/claudio-alvarez-pinhao-3\/","og_site_name":"Solar do Ros\u00e1rio Galeria \\\\\\\\Nova","article_modified_time":"2026-03-19T13:33:05+00:00","og_image":[{"width":300,"height":378,"url":"https:\/\/solardorosario.com.br\/galeria\/wp-content\/uploads\/2021\/06\/IMG_9044-removebg-preview-e1626185701388.png","type":"image\/png"}],"twitter_card":"summary_large_image","twitter_misc":{"Est. tempo de leitura":"1 minuto"},"schema":{"@context":"https:\/\/schema.org","@graph":[{"@type":"WebPage","@id":"https:\/\/solardorosario.com.br\/galeria\/produto\/claudio-alvarez-pinhao-3\/","url":"https:\/\/solardorosario.com.br\/galeria\/produto\/claudio-alvarez-pinhao-3\/","name":"Claudio Alvarez - Pinh\u00e3o - Solar do Ros\u00e1rio Galeria \\\\\\\\Nova","isPartOf":{"@id":"https:\/\/solardorosario.com.br\/galeria\/#website"},"primaryImageOfPage":{"@id":"https:\/\/solardorosario.com.br\/galeria\/produto\/claudio-alvarez-pinhao-3\/#primaryimage"},"image":{"@id":"https:\/\/solardorosario.com.br\/galeria\/produto\/claudio-alvarez-pinhao-3\/#primaryimage"},"thumbnailUrl":"https:\/\/solardorosario.com.br\/galeria\/wp-content\/uploads\/2021\/06\/IMG_9044-removebg-preview-e1626185701388.png","datePublished":"2021-06-11T18:39:37+00:00","dateModified":"2026-03-19T13:33:05+00:00","breadcrumb":{"@id":"https:\/\/solardorosario.com.br\/galeria\/produto\/claudio-alvarez-pinhao-3\/#breadcrumb"},"inLanguage":"pt-BR","potentialAction":[{"@type":"ReadAction","target":["https:\/\/solardorosario.com.br\/galeria\/produto\/claudio-alvarez-pinhao-3\/"]}]},{"@type":"ImageObject","inLanguage":"pt-BR","@id":"https:\/\/solardorosario.com.br\/galeria\/produto\/claudio-alvarez-pinhao-3\/#primaryimage","url":"https:\/\/solardorosario.com.br\/galeria\/wp-content\/uploads\/2021\/06\/IMG_9044-removebg-preview-e1626185701388.png","contentUrl":"https:\/\/solardorosario.com.br\/galeria\/wp-content\/uploads\/2021\/06\/IMG_9044-removebg-preview-e1626185701388.png","width":300,"height":378},{"@type":"BreadcrumbList","@id":"https:\/\/solardorosario.com.br\/galeria\/produto\/claudio-alvarez-pinhao-3\/#breadcrumb","itemListElement":[{"@type":"ListItem","position":1,"name":"In\u00edcio","item":"https:\/\/solardorosario.com.br\/galeria\/"},{"@type":"ListItem","position":2,"name":"galeria","item":"https:\/\/solardorosario.com.br\/galeria\/galeria\/"},{"@type":"ListItem","position":3,"name":"Claudio Alvarez - Pinh\u00e3o"}]},{"@type":"WebSite","@id":"https:\/\/solardorosario.com.br\/galeria\/#website","url":"https:\/\/solardorosario.com.br\/galeria\/","name":"Solar do Ros\u00e1rio Galeria \\\\\\\\Nova","description":"","potentialAction":[{"@type":"SearchAction","target":{"@type":"EntryPoint","urlTemplate":"https:\/\/solardorosario.com.br\/galeria\/?s={search_term_string}"},"query-input":{"@type":"PropertyValueSpecification","valueRequired":true,"valueName":"search_term_string"}}],"inLanguage":"pt-BR"}]}},"_links":{"self":[{"href":"https:\/\/solardorosario.com.br\/galeria\/wp-json\/wp\/v2\/product\/2680","targetHints":{"allow":["GET"]}}],"collection":[{"href":"https:\/\/solardorosario.com.br\/galeria\/wp-json\/wp\/v2\/product"}],"about":[{"href":"https:\/\/solardorosario.com.br\/galeria\/wp-json\/wp\/v2\/types\/product"}],"wp:featuredmedia":[{"embeddable":true,"href":"https:\/\/solardorosario.com.br\/galeria\/wp-json\/wp\/v2\/media\/2831"}],"wp:attachment":[{"href":"https:\/\/solardorosario.com.br\/galeria\/wp-json\/wp\/v2\/media?parent=2680"}],"wp:term":[{"taxonomy":"product_brand","embeddable":true,"href":"https:\/\/solardorosario.com.br\/galeria\/wp-json\/wp\/v2\/product_brand?post=2680"},{"taxonomy":"product_cat","embeddable":true,"href":"https:\/\/solardorosario.com.br\/galeria\/wp-json\/wp\/v2\/product_cat?post=2680"},{"taxonomy":"product_tag","embeddable":true,"href":"https:\/\/solardorosario.com.br\/galeria\/wp-json\/wp\/v2\/product_tag?post=2680"}],"curies":[{"name":"wp","href":"https:\/\/api.w.org\/{rel}","templated":true}]}}