{"id":2638,"date":"2021-05-24T15:24:55","date_gmt":"2021-05-24T18:24:55","guid":{"rendered":"https:\/\/solardorosario.com.br\/galeria\/?post_type=product&#038;p=2638"},"modified":"2026-02-11T16:40:44","modified_gmt":"2026-02-11T19:40:44","slug":"culau-praca-do-japao","status":"publish","type":"product","link":"https:\/\/solardorosario.com.br\/galeria\/produto\/culau-praca-do-japao\/","title":{"rendered":"Culau - Pra\u00e7a do Jap\u00e3o"},"content":{"rendered":"<p><strong>Artista:<\/strong> Culau<\/p>\n<p><strong>T\u00edtulo:<\/strong> Pra\u00e7a do Jap\u00e3o<\/p>\n<p><strong>Dimens\u00e3o:<\/strong> 23x18cm<\/p>\n<p><strong>T\u00e9cnica:<\/strong> Serigrafia aquarelada (sem moldura)<\/p>\n<p>&nbsp;<\/p>\n<p>&nbsp;<\/p>\n<p>Nasceu em Santa Maria - RS, 1959. \u00c9 pintor, desenhista, urban sketcher. Se formou em publicidade e propaganda, pela UFSM\/RS, em 1990 e logo se muda para Curitiba - PR, e participa dos cursos de extens\u00e3o de Aprecia\u00e7\u00e3o Cr\u00edtica do Cinema, no Museu de Imagem e o Som. Tematiza vis\u00f5es do urbano, do social e do rural. Em 1993, \u00e9 respons\u00e1vel pela execu\u00e7\u00e3o Mural do Trabalho, do Tribunal Regional do Trabalho, em Curitiba. Tamb\u00e9m em 1993, na individual Curitiba 300 Anos, apresenta desenhos a bico-de-pena, que se destacam pelo grafismo \u2013 ao mesmo tempo sutil e seguro \u2013, abordando seus aspectos urbanos, cujas edifica\u00e7\u00f5es v\u00e3o do estilo colonial e ecl\u00e9tico ao contempor\u00e2neo. Exposi\u00e7\u00f5es individuais e coletivas em diversos locais de Santa Maria e Curitiba, al\u00e9m de sal\u00f5es, como 5.\u00ba Sal\u00e3o Paranaense da Paisagem\u201d \u2013 Pa\u00e7o Municipal\/PMM, MAC-PR\/COSEM\/SEEC, Maring\u00e1\/PR, 1990, XXII Sal\u00e3o de Belas Artes da Primavera\u201d \u2013 Clube Conc\u00f3rdia, Curitiba\/PR. Al\u00e9m disso, tem uma obra no acervo no Sindicato dos Servidores da Justi\u00e7a do Trabalho, de 1990.<\/p>\n","protected":false},"excerpt":{"rendered":"<p>Artista: Culau T\u00edtulo: Pra\u00e7a do Jap\u00e3o Dimens\u00e3o: 23x18cm T\u00e9cnica: Serigrafia aquarelada (sem moldura) &nbsp; &nbsp; Nasceu em Santa Maria - RS, 1959. \u00c9 pintor, desenhista, urban sketcher. Se formou em publicidade e propaganda, pela UFSM\/RS, em 1990 e logo se muda para Curitiba - PR, e participa dos cursos de extens\u00e3o de Aprecia\u00e7\u00e3o Cr\u00edtica do [&hellip;]<\/p>\n","protected":false},"featured_media":2639,"template":"","meta":[],"product_brand":[],"product_cat":[117],"product_tag":[],"class_list":{"0":"post-2638","1":"product","2":"type-product","3":"status-publish","4":"has-post-thumbnail","6":"product_cat-galeria","7":"pa_artista-culau","8":"pa_estilo-figurativo-paisagem","9":"pa_tecnica-gravura","11":"first","12":"instock","13":"shipping-taxable","14":"purchasable","15":"product-type-simple"},"yoast_head":"<!-- This site is optimized with the Yoast SEO plugin v27.4 - https:\/\/yoast.com\/product\/yoast-seo-wordpress\/ -->\n<title>Culau - Pra\u00e7a do Jap\u00e3o - Solar do Ros\u00e1rio Galeria \\\\\\\\Nova<\/title>\n<meta name=\"robots\" content=\"index, follow, max-snippet:-1, max-image-preview:large, max-video-preview:-1\" \/>\n<link rel=\"canonical\" href=\"https:\/\/solardorosario.com.br\/galeria\/produto\/culau-praca-do-japao\/\" \/>\n<meta property=\"og:locale\" content=\"pt_BR\" \/>\n<meta property=\"og:type\" content=\"article\" \/>\n<meta property=\"og:title\" content=\"Culau - Pra\u00e7a do Jap\u00e3o - Solar do Ros\u00e1rio Galeria \\\\\\\\Nova\" \/>\n<meta property=\"og:description\" content=\"Artista: Culau T\u00edtulo: Pra\u00e7a do Jap\u00e3o Dimens\u00e3o: 23x18cm T\u00e9cnica: Serigrafia aquarelada (sem moldura) &nbsp; &nbsp; Nasceu em Santa Maria - RS, 1959. \u00c9 pintor, desenhista, urban sketcher. Se formou em publicidade e propaganda, pela UFSM\/RS, em 1990 e logo se muda para Curitiba - PR, e participa dos cursos de extens\u00e3o de Aprecia\u00e7\u00e3o Cr\u00edtica do [&hellip;]\" \/>\n<meta property=\"og:url\" content=\"https:\/\/solardorosario.com.br\/galeria\/produto\/culau-praca-do-japao\/\" \/>\n<meta property=\"og:site_name\" content=\"Solar do Ros\u00e1rio Galeria \\\\\\\\Nova\" \/>\n<meta property=\"article:modified_time\" content=\"2026-02-11T19:40:44+00:00\" \/>\n<meta property=\"og:image\" content=\"https:\/\/solardorosario.com.br\/galeria\/wp-content\/uploads\/2021\/05\/IMG_8027-e1621880755593.jpeg\" \/>\n\t<meta property=\"og:image:width\" content=\"300\" \/>\n\t<meta property=\"og:image:height\" content=\"249\" \/>\n\t<meta property=\"og:image:type\" content=\"image\/jpeg\" \/>\n<meta name=\"twitter:card\" content=\"summary_large_image\" \/>\n<meta name=\"twitter:label1\" content=\"Est. tempo de leitura\" \/>\n\t<meta name=\"twitter:data1\" content=\"2 minutos\" \/>\n<script type=\"application\/ld+json\" class=\"yoast-schema-graph\">{\"@context\":\"https:\\\/\\\/schema.org\",\"@graph\":[{\"@type\":\"WebPage\",\"@id\":\"https:\\\/\\\/solardorosario.com.br\\\/galeria\\\/produto\\\/culau-praca-do-japao\\\/\",\"url\":\"https:\\\/\\\/solardorosario.com.br\\\/galeria\\\/produto\\\/culau-praca-do-japao\\\/\",\"name\":\"Culau - Pra\u00e7a do Jap\u00e3o - Solar do Ros\u00e1rio Galeria \\\\\\\\\\\\\\\\Nova\",\"isPartOf\":{\"@id\":\"https:\\\/\\\/solardorosario.com.br\\\/galeria\\\/#website\"},\"primaryImageOfPage\":{\"@id\":\"https:\\\/\\\/solardorosario.com.br\\\/galeria\\\/produto\\\/culau-praca-do-japao\\\/#primaryimage\"},\"image\":{\"@id\":\"https:\\\/\\\/solardorosario.com.br\\\/galeria\\\/produto\\\/culau-praca-do-japao\\\/#primaryimage\"},\"thumbnailUrl\":\"https:\\\/\\\/solardorosario.com.br\\\/galeria\\\/wp-content\\\/uploads\\\/2021\\\/05\\\/IMG_8027-e1621880755593.jpeg\",\"datePublished\":\"2021-05-24T18:24:55+00:00\",\"dateModified\":\"2026-02-11T19:40:44+00:00\",\"breadcrumb\":{\"@id\":\"https:\\\/\\\/solardorosario.com.br\\\/galeria\\\/produto\\\/culau-praca-do-japao\\\/#breadcrumb\"},\"inLanguage\":\"pt-BR\",\"potentialAction\":[{\"@type\":\"ReadAction\",\"target\":[\"https:\\\/\\\/solardorosario.com.br\\\/galeria\\\/produto\\\/culau-praca-do-japao\\\/\"]}]},{\"@type\":\"ImageObject\",\"inLanguage\":\"pt-BR\",\"@id\":\"https:\\\/\\\/solardorosario.com.br\\\/galeria\\\/produto\\\/culau-praca-do-japao\\\/#primaryimage\",\"url\":\"https:\\\/\\\/solardorosario.com.br\\\/galeria\\\/wp-content\\\/uploads\\\/2021\\\/05\\\/IMG_8027-e1621880755593.jpeg\",\"contentUrl\":\"https:\\\/\\\/solardorosario.com.br\\\/galeria\\\/wp-content\\\/uploads\\\/2021\\\/05\\\/IMG_8027-e1621880755593.jpeg\",\"width\":300,\"height\":249},{\"@type\":\"BreadcrumbList\",\"@id\":\"https:\\\/\\\/solardorosario.com.br\\\/galeria\\\/produto\\\/culau-praca-do-japao\\\/#breadcrumb\",\"itemListElement\":[{\"@type\":\"ListItem\",\"position\":1,\"name\":\"In\u00edcio\",\"item\":\"https:\\\/\\\/solardorosario.com.br\\\/galeria\\\/\"},{\"@type\":\"ListItem\",\"position\":2,\"name\":\"galeria\",\"item\":\"https:\\\/\\\/solardorosario.com.br\\\/galeria\\\/galeria\\\/\"},{\"@type\":\"ListItem\",\"position\":3,\"name\":\"Culau - Pra\u00e7a do Jap\u00e3o\"}]},{\"@type\":\"WebSite\",\"@id\":\"https:\\\/\\\/solardorosario.com.br\\\/galeria\\\/#website\",\"url\":\"https:\\\/\\\/solardorosario.com.br\\\/galeria\\\/\",\"name\":\"Solar do Ros\u00e1rio Galeria \\\\\\\\\\\\\\\\Nova\",\"description\":\"\",\"potentialAction\":[{\"@type\":\"SearchAction\",\"target\":{\"@type\":\"EntryPoint\",\"urlTemplate\":\"https:\\\/\\\/solardorosario.com.br\\\/galeria\\\/?s={search_term_string}\"},\"query-input\":{\"@type\":\"PropertyValueSpecification\",\"valueRequired\":true,\"valueName\":\"search_term_string\"}}],\"inLanguage\":\"pt-BR\"}]}<\/script>\n<!-- \/ Yoast SEO plugin. -->","yoast_head_json":{"title":"Culau - Pra\u00e7a do Jap\u00e3o - Solar do Ros\u00e1rio Galeria \\\\\\\\Nova","robots":{"index":"index","follow":"follow","max-snippet":"max-snippet:-1","max-image-preview":"max-image-preview:large","max-video-preview":"max-video-preview:-1"},"canonical":"https:\/\/solardorosario.com.br\/galeria\/produto\/culau-praca-do-japao\/","og_locale":"pt_BR","og_type":"article","og_title":"Culau - Pra\u00e7a do Jap\u00e3o - Solar do Ros\u00e1rio Galeria \\\\\\\\Nova","og_description":"Artista: Culau T\u00edtulo: Pra\u00e7a do Jap\u00e3o Dimens\u00e3o: 23x18cm T\u00e9cnica: Serigrafia aquarelada (sem moldura) &nbsp; &nbsp; Nasceu em Santa Maria - RS, 1959. \u00c9 pintor, desenhista, urban sketcher. Se formou em publicidade e propaganda, pela UFSM\/RS, em 1990 e logo se muda para Curitiba - PR, e participa dos cursos de extens\u00e3o de Aprecia\u00e7\u00e3o Cr\u00edtica do [&hellip;]","og_url":"https:\/\/solardorosario.com.br\/galeria\/produto\/culau-praca-do-japao\/","og_site_name":"Solar do Ros\u00e1rio Galeria \\\\\\\\Nova","article_modified_time":"2026-02-11T19:40:44+00:00","og_image":[{"width":300,"height":249,"url":"https:\/\/solardorosario.com.br\/galeria\/wp-content\/uploads\/2021\/05\/IMG_8027-e1621880755593.jpeg","type":"image\/jpeg"}],"twitter_card":"summary_large_image","twitter_misc":{"Est. tempo de leitura":"2 minutos"},"schema":{"@context":"https:\/\/schema.org","@graph":[{"@type":"WebPage","@id":"https:\/\/solardorosario.com.br\/galeria\/produto\/culau-praca-do-japao\/","url":"https:\/\/solardorosario.com.br\/galeria\/produto\/culau-praca-do-japao\/","name":"Culau - Pra\u00e7a do Jap\u00e3o - Solar do Ros\u00e1rio Galeria \\\\\\\\Nova","isPartOf":{"@id":"https:\/\/solardorosario.com.br\/galeria\/#website"},"primaryImageOfPage":{"@id":"https:\/\/solardorosario.com.br\/galeria\/produto\/culau-praca-do-japao\/#primaryimage"},"image":{"@id":"https:\/\/solardorosario.com.br\/galeria\/produto\/culau-praca-do-japao\/#primaryimage"},"thumbnailUrl":"https:\/\/solardorosario.com.br\/galeria\/wp-content\/uploads\/2021\/05\/IMG_8027-e1621880755593.jpeg","datePublished":"2021-05-24T18:24:55+00:00","dateModified":"2026-02-11T19:40:44+00:00","breadcrumb":{"@id":"https:\/\/solardorosario.com.br\/galeria\/produto\/culau-praca-do-japao\/#breadcrumb"},"inLanguage":"pt-BR","potentialAction":[{"@type":"ReadAction","target":["https:\/\/solardorosario.com.br\/galeria\/produto\/culau-praca-do-japao\/"]}]},{"@type":"ImageObject","inLanguage":"pt-BR","@id":"https:\/\/solardorosario.com.br\/galeria\/produto\/culau-praca-do-japao\/#primaryimage","url":"https:\/\/solardorosario.com.br\/galeria\/wp-content\/uploads\/2021\/05\/IMG_8027-e1621880755593.jpeg","contentUrl":"https:\/\/solardorosario.com.br\/galeria\/wp-content\/uploads\/2021\/05\/IMG_8027-e1621880755593.jpeg","width":300,"height":249},{"@type":"BreadcrumbList","@id":"https:\/\/solardorosario.com.br\/galeria\/produto\/culau-praca-do-japao\/#breadcrumb","itemListElement":[{"@type":"ListItem","position":1,"name":"In\u00edcio","item":"https:\/\/solardorosario.com.br\/galeria\/"},{"@type":"ListItem","position":2,"name":"galeria","item":"https:\/\/solardorosario.com.br\/galeria\/galeria\/"},{"@type":"ListItem","position":3,"name":"Culau - Pra\u00e7a do Jap\u00e3o"}]},{"@type":"WebSite","@id":"https:\/\/solardorosario.com.br\/galeria\/#website","url":"https:\/\/solardorosario.com.br\/galeria\/","name":"Solar do Ros\u00e1rio Galeria \\\\\\\\Nova","description":"","potentialAction":[{"@type":"SearchAction","target":{"@type":"EntryPoint","urlTemplate":"https:\/\/solardorosario.com.br\/galeria\/?s={search_term_string}"},"query-input":{"@type":"PropertyValueSpecification","valueRequired":true,"valueName":"search_term_string"}}],"inLanguage":"pt-BR"}]}},"_links":{"self":[{"href":"https:\/\/solardorosario.com.br\/galeria\/wp-json\/wp\/v2\/product\/2638","targetHints":{"allow":["GET"]}}],"collection":[{"href":"https:\/\/solardorosario.com.br\/galeria\/wp-json\/wp\/v2\/product"}],"about":[{"href":"https:\/\/solardorosario.com.br\/galeria\/wp-json\/wp\/v2\/types\/product"}],"wp:featuredmedia":[{"embeddable":true,"href":"https:\/\/solardorosario.com.br\/galeria\/wp-json\/wp\/v2\/media\/2639"}],"wp:attachment":[{"href":"https:\/\/solardorosario.com.br\/galeria\/wp-json\/wp\/v2\/media?parent=2638"}],"wp:term":[{"taxonomy":"product_brand","embeddable":true,"href":"https:\/\/solardorosario.com.br\/galeria\/wp-json\/wp\/v2\/product_brand?post=2638"},{"taxonomy":"product_cat","embeddable":true,"href":"https:\/\/solardorosario.com.br\/galeria\/wp-json\/wp\/v2\/product_cat?post=2638"},{"taxonomy":"product_tag","embeddable":true,"href":"https:\/\/solardorosario.com.br\/galeria\/wp-json\/wp\/v2\/product_tag?post=2638"}],"curies":[{"name":"wp","href":"https:\/\/api.w.org\/{rel}","templated":true}]}}