{"id":2608,"date":"2021-05-24T10:08:32","date_gmt":"2021-05-24T13:08:32","guid":{"rendered":"https:\/\/solardorosario.com.br\/galeria\/?post_type=product&#038;p=2608"},"modified":"2026-03-25T11:49:48","modified_gmt":"2026-03-25T14:49:48","slug":"fernando-v-da-silva-o-por-do-sol","status":"publish","type":"product","link":"https:\/\/solardorosario.com.br\/galeria\/produto\/fernando-v-da-silva-o-por-do-sol\/","title":{"rendered":"Fernando V da Silva - O P\u00f4r do Sol"},"content":{"rendered":"<p><strong>Artista:<\/strong> Fernando V da Silva<\/p>\n<p><strong>T\u00edtulo:<\/strong> O P\u00f4r do Sol<\/p>\n<p><strong>Dimens\u00e3o:<\/strong> 58x67cm<\/p>\n<p><strong>T\u00e9cnica:<\/strong> Serigrafia (sem moldura)<\/p>\n<p>&nbsp;<\/p>\n<p>&nbsp;<\/p>\n<p>Ant\u00f4nio Fernando Vieira da Silva nasceu em 939, no Rio de Janeiro - RJ. \u00c9 autodidata. Artista visual, gravurista, pintor, desenhista. Exp\u00f4s pela primeira vez no XV Sal\u00e3o de Arte Moderna, em 1966. Fez exposi\u00e7\u00f5es individuais em importantes clubes e galerias no Rio de Janeiro, como o Clube Americano em 1970 e a Galeria Macuna\u00edma - Funarte, em 1977, por exemplo. Suas exposi\u00e7\u00f5es coletivas e sal\u00f5es foram em Niter\u00f3i, Rio de Janeiro, Bras\u00edlia, Belo Horizonte, Natal, Salvador, Vit\u00f3ria, Bahia, Bel\u00e9m, Piau\u00ed, Cear\u00e1, Porto Alegre e Campinas. Suas obras fazem parte de acervos particulares como a London Regional Art Gallery, Museu Metropolitano de Arte de Curitiba, o Museu Theodomiro Santiago, em Portugal, o Museu Internacional de Arte Naif do Brasil (MIAN) entre outros.<\/p>\n","protected":false},"excerpt":{"rendered":"<p>Artista: Fernando V da Silva T\u00edtulo: O P\u00f4r do Sol Dimens\u00e3o: 58x67cm T\u00e9cnica: Serigrafia (sem moldura) &nbsp; &nbsp; Ant\u00f4nio Fernando Vieira da Silva nasceu em 939, no Rio de Janeiro - RJ. \u00c9 autodidata. Artista visual, gravurista, pintor, desenhista. Exp\u00f4s pela primeira vez no XV Sal\u00e3o de Arte Moderna, em 1966. Fez exposi\u00e7\u00f5es individuais em [&hellip;]<\/p>\n","protected":false},"featured_media":2609,"template":"","meta":[],"product_brand":[],"product_cat":[117],"product_tag":[],"class_list":{"0":"post-2608","1":"product","2":"type-product","3":"status-publish","4":"has-post-thumbnail","6":"product_cat-galeria","7":"pa_artista-fernando-v-da-silva","8":"pa_estilo-figurativo","9":"pa_tecnica-serigrafia","11":"first","12":"instock","13":"shipping-taxable","14":"purchasable","15":"product-type-simple"},"yoast_head":"<!-- This site is optimized with the Yoast SEO plugin v27.4 - https:\/\/yoast.com\/product\/yoast-seo-wordpress\/ -->\n<title>Fernando V da Silva - O P\u00f4r do Sol - Solar do Ros\u00e1rio Galeria \\\\\\\\Nova<\/title>\n<meta name=\"robots\" content=\"index, follow, max-snippet:-1, max-image-preview:large, max-video-preview:-1\" \/>\n<link rel=\"canonical\" href=\"https:\/\/solardorosario.com.br\/galeria\/produto\/fernando-v-da-silva-o-por-do-sol\/\" \/>\n<meta property=\"og:locale\" content=\"pt_BR\" \/>\n<meta property=\"og:type\" content=\"article\" \/>\n<meta property=\"og:title\" content=\"Fernando V da Silva - O P\u00f4r do Sol - Solar do Ros\u00e1rio Galeria \\\\\\\\Nova\" \/>\n<meta property=\"og:description\" content=\"Artista: Fernando V da Silva T\u00edtulo: O P\u00f4r do Sol Dimens\u00e3o: 58x67cm T\u00e9cnica: Serigrafia (sem moldura) &nbsp; &nbsp; Ant\u00f4nio Fernando Vieira da Silva nasceu em 939, no Rio de Janeiro - RJ. \u00c9 autodidata. Artista visual, gravurista, pintor, desenhista. Exp\u00f4s pela primeira vez no XV Sal\u00e3o de Arte Moderna, em 1966. Fez exposi\u00e7\u00f5es individuais em [&hellip;]\" \/>\n<meta property=\"og:url\" content=\"https:\/\/solardorosario.com.br\/galeria\/produto\/fernando-v-da-silva-o-por-do-sol\/\" \/>\n<meta property=\"og:site_name\" content=\"Solar do Ros\u00e1rio Galeria \\\\\\\\Nova\" \/>\n<meta property=\"article:modified_time\" content=\"2026-03-25T14:49:48+00:00\" \/>\n<meta property=\"og:image\" content=\"https:\/\/solardorosario.com.br\/galeria\/wp-content\/uploads\/2021\/05\/IMG_7939-e1621861704696.jpeg\" \/>\n\t<meta property=\"og:image:width\" content=\"300\" \/>\n\t<meta property=\"og:image:height\" content=\"268\" \/>\n\t<meta property=\"og:image:type\" content=\"image\/jpeg\" \/>\n<meta name=\"twitter:card\" content=\"summary_large_image\" \/>\n<meta name=\"twitter:label1\" content=\"Est. tempo de leitura\" \/>\n\t<meta name=\"twitter:data1\" content=\"1 minuto\" \/>\n<script type=\"application\/ld+json\" class=\"yoast-schema-graph\">{\"@context\":\"https:\\\/\\\/schema.org\",\"@graph\":[{\"@type\":\"WebPage\",\"@id\":\"https:\\\/\\\/solardorosario.com.br\\\/galeria\\\/produto\\\/fernando-v-da-silva-o-por-do-sol\\\/\",\"url\":\"https:\\\/\\\/solardorosario.com.br\\\/galeria\\\/produto\\\/fernando-v-da-silva-o-por-do-sol\\\/\",\"name\":\"Fernando V da Silva - O P\u00f4r do Sol - Solar do Ros\u00e1rio Galeria \\\\\\\\\\\\\\\\Nova\",\"isPartOf\":{\"@id\":\"https:\\\/\\\/solardorosario.com.br\\\/galeria\\\/#website\"},\"primaryImageOfPage\":{\"@id\":\"https:\\\/\\\/solardorosario.com.br\\\/galeria\\\/produto\\\/fernando-v-da-silva-o-por-do-sol\\\/#primaryimage\"},\"image\":{\"@id\":\"https:\\\/\\\/solardorosario.com.br\\\/galeria\\\/produto\\\/fernando-v-da-silva-o-por-do-sol\\\/#primaryimage\"},\"thumbnailUrl\":\"https:\\\/\\\/solardorosario.com.br\\\/galeria\\\/wp-content\\\/uploads\\\/2021\\\/05\\\/IMG_7939-e1621861704696.jpeg\",\"datePublished\":\"2021-05-24T13:08:32+00:00\",\"dateModified\":\"2026-03-25T14:49:48+00:00\",\"breadcrumb\":{\"@id\":\"https:\\\/\\\/solardorosario.com.br\\\/galeria\\\/produto\\\/fernando-v-da-silva-o-por-do-sol\\\/#breadcrumb\"},\"inLanguage\":\"pt-BR\",\"potentialAction\":[{\"@type\":\"ReadAction\",\"target\":[\"https:\\\/\\\/solardorosario.com.br\\\/galeria\\\/produto\\\/fernando-v-da-silva-o-por-do-sol\\\/\"]}]},{\"@type\":\"ImageObject\",\"inLanguage\":\"pt-BR\",\"@id\":\"https:\\\/\\\/solardorosario.com.br\\\/galeria\\\/produto\\\/fernando-v-da-silva-o-por-do-sol\\\/#primaryimage\",\"url\":\"https:\\\/\\\/solardorosario.com.br\\\/galeria\\\/wp-content\\\/uploads\\\/2021\\\/05\\\/IMG_7939-e1621861704696.jpeg\",\"contentUrl\":\"https:\\\/\\\/solardorosario.com.br\\\/galeria\\\/wp-content\\\/uploads\\\/2021\\\/05\\\/IMG_7939-e1621861704696.jpeg\",\"width\":300,\"height\":268},{\"@type\":\"BreadcrumbList\",\"@id\":\"https:\\\/\\\/solardorosario.com.br\\\/galeria\\\/produto\\\/fernando-v-da-silva-o-por-do-sol\\\/#breadcrumb\",\"itemListElement\":[{\"@type\":\"ListItem\",\"position\":1,\"name\":\"In\u00edcio\",\"item\":\"https:\\\/\\\/solardorosario.com.br\\\/galeria\\\/\"},{\"@type\":\"ListItem\",\"position\":2,\"name\":\"galeria\",\"item\":\"https:\\\/\\\/solardorosario.com.br\\\/galeria\\\/galeria\\\/\"},{\"@type\":\"ListItem\",\"position\":3,\"name\":\"Fernando V da Silva - O P\u00f4r do Sol\"}]},{\"@type\":\"WebSite\",\"@id\":\"https:\\\/\\\/solardorosario.com.br\\\/galeria\\\/#website\",\"url\":\"https:\\\/\\\/solardorosario.com.br\\\/galeria\\\/\",\"name\":\"Solar do Ros\u00e1rio Galeria \\\\\\\\\\\\\\\\Nova\",\"description\":\"\",\"potentialAction\":[{\"@type\":\"SearchAction\",\"target\":{\"@type\":\"EntryPoint\",\"urlTemplate\":\"https:\\\/\\\/solardorosario.com.br\\\/galeria\\\/?s={search_term_string}\"},\"query-input\":{\"@type\":\"PropertyValueSpecification\",\"valueRequired\":true,\"valueName\":\"search_term_string\"}}],\"inLanguage\":\"pt-BR\"}]}<\/script>\n<!-- \/ Yoast SEO plugin. -->","yoast_head_json":{"title":"Fernando V da Silva - O P\u00f4r do Sol - Solar do Ros\u00e1rio Galeria \\\\\\\\Nova","robots":{"index":"index","follow":"follow","max-snippet":"max-snippet:-1","max-image-preview":"max-image-preview:large","max-video-preview":"max-video-preview:-1"},"canonical":"https:\/\/solardorosario.com.br\/galeria\/produto\/fernando-v-da-silva-o-por-do-sol\/","og_locale":"pt_BR","og_type":"article","og_title":"Fernando V da Silva - O P\u00f4r do Sol - Solar do Ros\u00e1rio Galeria \\\\\\\\Nova","og_description":"Artista: Fernando V da Silva T\u00edtulo: O P\u00f4r do Sol Dimens\u00e3o: 58x67cm T\u00e9cnica: Serigrafia (sem moldura) &nbsp; &nbsp; Ant\u00f4nio Fernando Vieira da Silva nasceu em 939, no Rio de Janeiro - RJ. \u00c9 autodidata. Artista visual, gravurista, pintor, desenhista. Exp\u00f4s pela primeira vez no XV Sal\u00e3o de Arte Moderna, em 1966. Fez exposi\u00e7\u00f5es individuais em [&hellip;]","og_url":"https:\/\/solardorosario.com.br\/galeria\/produto\/fernando-v-da-silva-o-por-do-sol\/","og_site_name":"Solar do Ros\u00e1rio Galeria \\\\\\\\Nova","article_modified_time":"2026-03-25T14:49:48+00:00","og_image":[{"width":300,"height":268,"url":"https:\/\/solardorosario.com.br\/galeria\/wp-content\/uploads\/2021\/05\/IMG_7939-e1621861704696.jpeg","type":"image\/jpeg"}],"twitter_card":"summary_large_image","twitter_misc":{"Est. tempo de leitura":"1 minuto"},"schema":{"@context":"https:\/\/schema.org","@graph":[{"@type":"WebPage","@id":"https:\/\/solardorosario.com.br\/galeria\/produto\/fernando-v-da-silva-o-por-do-sol\/","url":"https:\/\/solardorosario.com.br\/galeria\/produto\/fernando-v-da-silva-o-por-do-sol\/","name":"Fernando V da Silva - O P\u00f4r do Sol - Solar do Ros\u00e1rio Galeria \\\\\\\\Nova","isPartOf":{"@id":"https:\/\/solardorosario.com.br\/galeria\/#website"},"primaryImageOfPage":{"@id":"https:\/\/solardorosario.com.br\/galeria\/produto\/fernando-v-da-silva-o-por-do-sol\/#primaryimage"},"image":{"@id":"https:\/\/solardorosario.com.br\/galeria\/produto\/fernando-v-da-silva-o-por-do-sol\/#primaryimage"},"thumbnailUrl":"https:\/\/solardorosario.com.br\/galeria\/wp-content\/uploads\/2021\/05\/IMG_7939-e1621861704696.jpeg","datePublished":"2021-05-24T13:08:32+00:00","dateModified":"2026-03-25T14:49:48+00:00","breadcrumb":{"@id":"https:\/\/solardorosario.com.br\/galeria\/produto\/fernando-v-da-silva-o-por-do-sol\/#breadcrumb"},"inLanguage":"pt-BR","potentialAction":[{"@type":"ReadAction","target":["https:\/\/solardorosario.com.br\/galeria\/produto\/fernando-v-da-silva-o-por-do-sol\/"]}]},{"@type":"ImageObject","inLanguage":"pt-BR","@id":"https:\/\/solardorosario.com.br\/galeria\/produto\/fernando-v-da-silva-o-por-do-sol\/#primaryimage","url":"https:\/\/solardorosario.com.br\/galeria\/wp-content\/uploads\/2021\/05\/IMG_7939-e1621861704696.jpeg","contentUrl":"https:\/\/solardorosario.com.br\/galeria\/wp-content\/uploads\/2021\/05\/IMG_7939-e1621861704696.jpeg","width":300,"height":268},{"@type":"BreadcrumbList","@id":"https:\/\/solardorosario.com.br\/galeria\/produto\/fernando-v-da-silva-o-por-do-sol\/#breadcrumb","itemListElement":[{"@type":"ListItem","position":1,"name":"In\u00edcio","item":"https:\/\/solardorosario.com.br\/galeria\/"},{"@type":"ListItem","position":2,"name":"galeria","item":"https:\/\/solardorosario.com.br\/galeria\/galeria\/"},{"@type":"ListItem","position":3,"name":"Fernando V da Silva - O P\u00f4r do Sol"}]},{"@type":"WebSite","@id":"https:\/\/solardorosario.com.br\/galeria\/#website","url":"https:\/\/solardorosario.com.br\/galeria\/","name":"Solar do Ros\u00e1rio Galeria \\\\\\\\Nova","description":"","potentialAction":[{"@type":"SearchAction","target":{"@type":"EntryPoint","urlTemplate":"https:\/\/solardorosario.com.br\/galeria\/?s={search_term_string}"},"query-input":{"@type":"PropertyValueSpecification","valueRequired":true,"valueName":"search_term_string"}}],"inLanguage":"pt-BR"}]}},"_links":{"self":[{"href":"https:\/\/solardorosario.com.br\/galeria\/wp-json\/wp\/v2\/product\/2608","targetHints":{"allow":["GET"]}}],"collection":[{"href":"https:\/\/solardorosario.com.br\/galeria\/wp-json\/wp\/v2\/product"}],"about":[{"href":"https:\/\/solardorosario.com.br\/galeria\/wp-json\/wp\/v2\/types\/product"}],"wp:featuredmedia":[{"embeddable":true,"href":"https:\/\/solardorosario.com.br\/galeria\/wp-json\/wp\/v2\/media\/2609"}],"wp:attachment":[{"href":"https:\/\/solardorosario.com.br\/galeria\/wp-json\/wp\/v2\/media?parent=2608"}],"wp:term":[{"taxonomy":"product_brand","embeddable":true,"href":"https:\/\/solardorosario.com.br\/galeria\/wp-json\/wp\/v2\/product_brand?post=2608"},{"taxonomy":"product_cat","embeddable":true,"href":"https:\/\/solardorosario.com.br\/galeria\/wp-json\/wp\/v2\/product_cat?post=2608"},{"taxonomy":"product_tag","embeddable":true,"href":"https:\/\/solardorosario.com.br\/galeria\/wp-json\/wp\/v2\/product_tag?post=2608"}],"curies":[{"name":"wp","href":"https:\/\/api.w.org\/{rel}","templated":true}]}}