{"id":2538,"date":"2021-05-19T14:53:53","date_gmt":"2021-05-19T17:53:53","guid":{"rendered":"https:\/\/solardorosario.com.br\/galeria\/?post_type=product&#038;p=2538"},"modified":"2025-12-23T13:39:41","modified_gmt":"2025-12-23T16:39:41","slug":"pietrina-checcacci-symphony-in-green-93-99","status":"publish","type":"product","link":"https:\/\/solardorosario.com.br\/galeria\/produto\/pietrina-checcacci-symphony-in-green-93-99\/","title":{"rendered":"Pietrina Checcacci - Symphony in green 93\/99"},"content":{"rendered":"<p><strong>Artista:<\/strong> Pietrina Checcacci<\/p>\n<p><strong>T\u00edtulo:<\/strong> Symphony in green 93\/99<\/p>\n<p><strong>Dimens\u00e3o:<\/strong> 60x90cm<\/p>\n<p><strong>T\u00e9cnica:<\/strong> Serigrafia (sem moldura)<\/p>\n<p>&nbsp;<\/p>\n<p>&nbsp;<\/p>\n<p>Pietrina Checcacci \u00e9 uma artista italiana, nascida em Taranto, na It\u00e1lia, em 1941. Radicada no Brasil desde 1954, ela estudou na Escola Nacional de Belas Artes (ENBA), entre 1958 e 1964, e recebeu duas medalhas de ouro nas premia\u00e7\u00f5es, em 1964 e em 1965. Desde 1961, realizou exposi\u00e7\u00f5es individuais em diversos locais no Brasil, como no Rio de Janeiro, Niter\u00f3i, Belo Horizonte, Juiz de Fora, Salvador, Porto Alegre, Curitiba, Bras\u00edlia, S\u00e3o Paulo, Fortaleza, Recife, Novo Hamburgo, Uberaba, Campos, Passo Fundo, Florian\u00f3polis e Minas Novas. As exposi\u00e7\u00f5es coletivas foram em v\u00e1rias localidades tamb\u00e9m, como Rio de Janeiro, Niter\u00f3i, S\u00e3o Paulo, Belo Horizonte, Salvador, Curitiba, Bras\u00edlia, Fortaleza, Porto Alegre, Vit\u00f3ria. Participou de Sal\u00f5es, como o I Sal\u00e3o Esso, no Museu de Arte Moderna, no Rio de Janeiro, XII Sal\u00e3o Nacional de Arte Moderna, em 1964, XIV Sal\u00e3o Nacional de Arte Moderna, no ano seguinte. Em 1967, no Sal\u00e3o de Arte Moderna do Paran\u00e1. Em 1981, participou do 38\u00ba Sal\u00e3o Paranaense, em Curitiba - Paran\u00e1. Participou da IX Bienal Internacional de S\u00e3o Paulo, em 1969. Em 1978, participou da I Bienal Ibero Americana do M\u00e9xico, Museu Camilo Gil, na Cidade do M\u00e9xico, e em 1981, participou da IV Bienal de Arte de Medelin, na Col\u00f4mbia e na V Bienal Internacional de Arte, em Valpara\u00edso, no Chile.<\/p>\n","protected":false},"excerpt":{"rendered":"<p>Artista: Pietrina Checcacci T\u00edtulo: Symphony in green 93\/99 Dimens\u00e3o: 60x90cm T\u00e9cnica: Serigrafia (sem moldura) &nbsp; &nbsp; Pietrina Checcacci \u00e9 uma artista italiana, nascida em Taranto, na It\u00e1lia, em 1941. Radicada no Brasil desde 1954, ela estudou na Escola Nacional de Belas Artes (ENBA), entre 1958 e 1964, e recebeu duas medalhas de ouro nas premia\u00e7\u00f5es, [&hellip;]<\/p>\n","protected":false},"featured_media":2539,"template":"","meta":[],"product_brand":[],"product_cat":[117],"product_tag":[],"class_list":{"0":"post-2538","1":"product","2":"type-product","3":"status-publish","4":"has-post-thumbnail","6":"product_cat-galeria","7":"pa_artista-pietrina-checcacci","8":"pa_estilo-figurativo","9":"pa_tecnica-serigrafia","11":"first","12":"instock","13":"shipping-taxable","14":"purchasable","15":"product-type-simple"},"yoast_head":"<!-- This site is optimized with the Yoast SEO plugin v27.4 - https:\/\/yoast.com\/product\/yoast-seo-wordpress\/ -->\n<title>Pietrina Checcacci - Symphony in green 93\/99 - Solar do Ros\u00e1rio Galeria \\\\\\\\Nova<\/title>\n<meta name=\"robots\" content=\"index, follow, max-snippet:-1, max-image-preview:large, max-video-preview:-1\" \/>\n<link rel=\"canonical\" href=\"https:\/\/solardorosario.com.br\/galeria\/produto\/pietrina-checcacci-symphony-in-green-93-99\/\" \/>\n<meta property=\"og:locale\" content=\"pt_BR\" \/>\n<meta property=\"og:type\" content=\"article\" \/>\n<meta property=\"og:title\" content=\"Pietrina Checcacci - Symphony in green 93\/99 - Solar do Ros\u00e1rio Galeria \\\\\\\\Nova\" \/>\n<meta property=\"og:description\" content=\"Artista: Pietrina Checcacci T\u00edtulo: Symphony in green 93\/99 Dimens\u00e3o: 60x90cm T\u00e9cnica: Serigrafia (sem moldura) &nbsp; &nbsp; Pietrina Checcacci \u00e9 uma artista italiana, nascida em Taranto, na It\u00e1lia, em 1941. Radicada no Brasil desde 1954, ela estudou na Escola Nacional de Belas Artes (ENBA), entre 1958 e 1964, e recebeu duas medalhas de ouro nas premia\u00e7\u00f5es, [&hellip;]\" \/>\n<meta property=\"og:url\" content=\"https:\/\/solardorosario.com.br\/galeria\/produto\/pietrina-checcacci-symphony-in-green-93-99\/\" \/>\n<meta property=\"og:site_name\" content=\"Solar do Ros\u00e1rio Galeria \\\\\\\\Nova\" \/>\n<meta property=\"article:modified_time\" content=\"2025-12-23T16:39:41+00:00\" \/>\n<meta property=\"og:image\" content=\"https:\/\/solardorosario.com.br\/galeria\/wp-content\/uploads\/2021\/05\/IMG_7877-e1621446824401.jpeg\" \/>\n\t<meta property=\"og:image:width\" content=\"300\" \/>\n\t<meta property=\"og:image:height\" content=\"208\" \/>\n\t<meta property=\"og:image:type\" content=\"image\/jpeg\" \/>\n<meta name=\"twitter:card\" content=\"summary_large_image\" \/>\n<meta name=\"twitter:label1\" content=\"Est. tempo de leitura\" \/>\n\t<meta name=\"twitter:data1\" content=\"2 minutos\" \/>\n<script type=\"application\/ld+json\" class=\"yoast-schema-graph\">{\"@context\":\"https:\\\/\\\/schema.org\",\"@graph\":[{\"@type\":\"WebPage\",\"@id\":\"https:\\\/\\\/solardorosario.com.br\\\/galeria\\\/produto\\\/pietrina-checcacci-symphony-in-green-93-99\\\/\",\"url\":\"https:\\\/\\\/solardorosario.com.br\\\/galeria\\\/produto\\\/pietrina-checcacci-symphony-in-green-93-99\\\/\",\"name\":\"Pietrina Checcacci - Symphony in green 93\\\/99 - Solar do Ros\u00e1rio Galeria \\\\\\\\\\\\\\\\Nova\",\"isPartOf\":{\"@id\":\"https:\\\/\\\/solardorosario.com.br\\\/galeria\\\/#website\"},\"primaryImageOfPage\":{\"@id\":\"https:\\\/\\\/solardorosario.com.br\\\/galeria\\\/produto\\\/pietrina-checcacci-symphony-in-green-93-99\\\/#primaryimage\"},\"image\":{\"@id\":\"https:\\\/\\\/solardorosario.com.br\\\/galeria\\\/produto\\\/pietrina-checcacci-symphony-in-green-93-99\\\/#primaryimage\"},\"thumbnailUrl\":\"https:\\\/\\\/solardorosario.com.br\\\/galeria\\\/wp-content\\\/uploads\\\/2021\\\/05\\\/IMG_7877-e1621446824401.jpeg\",\"datePublished\":\"2021-05-19T17:53:53+00:00\",\"dateModified\":\"2025-12-23T16:39:41+00:00\",\"breadcrumb\":{\"@id\":\"https:\\\/\\\/solardorosario.com.br\\\/galeria\\\/produto\\\/pietrina-checcacci-symphony-in-green-93-99\\\/#breadcrumb\"},\"inLanguage\":\"pt-BR\",\"potentialAction\":[{\"@type\":\"ReadAction\",\"target\":[\"https:\\\/\\\/solardorosario.com.br\\\/galeria\\\/produto\\\/pietrina-checcacci-symphony-in-green-93-99\\\/\"]}]},{\"@type\":\"ImageObject\",\"inLanguage\":\"pt-BR\",\"@id\":\"https:\\\/\\\/solardorosario.com.br\\\/galeria\\\/produto\\\/pietrina-checcacci-symphony-in-green-93-99\\\/#primaryimage\",\"url\":\"https:\\\/\\\/solardorosario.com.br\\\/galeria\\\/wp-content\\\/uploads\\\/2021\\\/05\\\/IMG_7877-e1621446824401.jpeg\",\"contentUrl\":\"https:\\\/\\\/solardorosario.com.br\\\/galeria\\\/wp-content\\\/uploads\\\/2021\\\/05\\\/IMG_7877-e1621446824401.jpeg\",\"width\":300,\"height\":208},{\"@type\":\"BreadcrumbList\",\"@id\":\"https:\\\/\\\/solardorosario.com.br\\\/galeria\\\/produto\\\/pietrina-checcacci-symphony-in-green-93-99\\\/#breadcrumb\",\"itemListElement\":[{\"@type\":\"ListItem\",\"position\":1,\"name\":\"In\u00edcio\",\"item\":\"https:\\\/\\\/solardorosario.com.br\\\/galeria\\\/\"},{\"@type\":\"ListItem\",\"position\":2,\"name\":\"galeria\",\"item\":\"https:\\\/\\\/solardorosario.com.br\\\/galeria\\\/galeria\\\/\"},{\"@type\":\"ListItem\",\"position\":3,\"name\":\"Pietrina Checcacci - Symphony in green 93\\\/99\"}]},{\"@type\":\"WebSite\",\"@id\":\"https:\\\/\\\/solardorosario.com.br\\\/galeria\\\/#website\",\"url\":\"https:\\\/\\\/solardorosario.com.br\\\/galeria\\\/\",\"name\":\"Solar do Ros\u00e1rio Galeria \\\\\\\\\\\\\\\\Nova\",\"description\":\"\",\"potentialAction\":[{\"@type\":\"SearchAction\",\"target\":{\"@type\":\"EntryPoint\",\"urlTemplate\":\"https:\\\/\\\/solardorosario.com.br\\\/galeria\\\/?s={search_term_string}\"},\"query-input\":{\"@type\":\"PropertyValueSpecification\",\"valueRequired\":true,\"valueName\":\"search_term_string\"}}],\"inLanguage\":\"pt-BR\"}]}<\/script>\n<!-- \/ Yoast SEO plugin. -->","yoast_head_json":{"title":"Pietrina Checcacci - Symphony in green 93\/99 - Solar do Ros\u00e1rio Galeria \\\\\\\\Nova","robots":{"index":"index","follow":"follow","max-snippet":"max-snippet:-1","max-image-preview":"max-image-preview:large","max-video-preview":"max-video-preview:-1"},"canonical":"https:\/\/solardorosario.com.br\/galeria\/produto\/pietrina-checcacci-symphony-in-green-93-99\/","og_locale":"pt_BR","og_type":"article","og_title":"Pietrina Checcacci - Symphony in green 93\/99 - Solar do Ros\u00e1rio Galeria \\\\\\\\Nova","og_description":"Artista: Pietrina Checcacci T\u00edtulo: Symphony in green 93\/99 Dimens\u00e3o: 60x90cm T\u00e9cnica: Serigrafia (sem moldura) &nbsp; &nbsp; Pietrina Checcacci \u00e9 uma artista italiana, nascida em Taranto, na It\u00e1lia, em 1941. Radicada no Brasil desde 1954, ela estudou na Escola Nacional de Belas Artes (ENBA), entre 1958 e 1964, e recebeu duas medalhas de ouro nas premia\u00e7\u00f5es, [&hellip;]","og_url":"https:\/\/solardorosario.com.br\/galeria\/produto\/pietrina-checcacci-symphony-in-green-93-99\/","og_site_name":"Solar do Ros\u00e1rio Galeria \\\\\\\\Nova","article_modified_time":"2025-12-23T16:39:41+00:00","og_image":[{"width":300,"height":208,"url":"https:\/\/solardorosario.com.br\/galeria\/wp-content\/uploads\/2021\/05\/IMG_7877-e1621446824401.jpeg","type":"image\/jpeg"}],"twitter_card":"summary_large_image","twitter_misc":{"Est. tempo de leitura":"2 minutos"},"schema":{"@context":"https:\/\/schema.org","@graph":[{"@type":"WebPage","@id":"https:\/\/solardorosario.com.br\/galeria\/produto\/pietrina-checcacci-symphony-in-green-93-99\/","url":"https:\/\/solardorosario.com.br\/galeria\/produto\/pietrina-checcacci-symphony-in-green-93-99\/","name":"Pietrina Checcacci - Symphony in green 93\/99 - Solar do Ros\u00e1rio Galeria \\\\\\\\Nova","isPartOf":{"@id":"https:\/\/solardorosario.com.br\/galeria\/#website"},"primaryImageOfPage":{"@id":"https:\/\/solardorosario.com.br\/galeria\/produto\/pietrina-checcacci-symphony-in-green-93-99\/#primaryimage"},"image":{"@id":"https:\/\/solardorosario.com.br\/galeria\/produto\/pietrina-checcacci-symphony-in-green-93-99\/#primaryimage"},"thumbnailUrl":"https:\/\/solardorosario.com.br\/galeria\/wp-content\/uploads\/2021\/05\/IMG_7877-e1621446824401.jpeg","datePublished":"2021-05-19T17:53:53+00:00","dateModified":"2025-12-23T16:39:41+00:00","breadcrumb":{"@id":"https:\/\/solardorosario.com.br\/galeria\/produto\/pietrina-checcacci-symphony-in-green-93-99\/#breadcrumb"},"inLanguage":"pt-BR","potentialAction":[{"@type":"ReadAction","target":["https:\/\/solardorosario.com.br\/galeria\/produto\/pietrina-checcacci-symphony-in-green-93-99\/"]}]},{"@type":"ImageObject","inLanguage":"pt-BR","@id":"https:\/\/solardorosario.com.br\/galeria\/produto\/pietrina-checcacci-symphony-in-green-93-99\/#primaryimage","url":"https:\/\/solardorosario.com.br\/galeria\/wp-content\/uploads\/2021\/05\/IMG_7877-e1621446824401.jpeg","contentUrl":"https:\/\/solardorosario.com.br\/galeria\/wp-content\/uploads\/2021\/05\/IMG_7877-e1621446824401.jpeg","width":300,"height":208},{"@type":"BreadcrumbList","@id":"https:\/\/solardorosario.com.br\/galeria\/produto\/pietrina-checcacci-symphony-in-green-93-99\/#breadcrumb","itemListElement":[{"@type":"ListItem","position":1,"name":"In\u00edcio","item":"https:\/\/solardorosario.com.br\/galeria\/"},{"@type":"ListItem","position":2,"name":"galeria","item":"https:\/\/solardorosario.com.br\/galeria\/galeria\/"},{"@type":"ListItem","position":3,"name":"Pietrina Checcacci - Symphony in green 93\/99"}]},{"@type":"WebSite","@id":"https:\/\/solardorosario.com.br\/galeria\/#website","url":"https:\/\/solardorosario.com.br\/galeria\/","name":"Solar do Ros\u00e1rio Galeria \\\\\\\\Nova","description":"","potentialAction":[{"@type":"SearchAction","target":{"@type":"EntryPoint","urlTemplate":"https:\/\/solardorosario.com.br\/galeria\/?s={search_term_string}"},"query-input":{"@type":"PropertyValueSpecification","valueRequired":true,"valueName":"search_term_string"}}],"inLanguage":"pt-BR"}]}},"_links":{"self":[{"href":"https:\/\/solardorosario.com.br\/galeria\/wp-json\/wp\/v2\/product\/2538","targetHints":{"allow":["GET"]}}],"collection":[{"href":"https:\/\/solardorosario.com.br\/galeria\/wp-json\/wp\/v2\/product"}],"about":[{"href":"https:\/\/solardorosario.com.br\/galeria\/wp-json\/wp\/v2\/types\/product"}],"wp:featuredmedia":[{"embeddable":true,"href":"https:\/\/solardorosario.com.br\/galeria\/wp-json\/wp\/v2\/media\/2539"}],"wp:attachment":[{"href":"https:\/\/solardorosario.com.br\/galeria\/wp-json\/wp\/v2\/media?parent=2538"}],"wp:term":[{"taxonomy":"product_brand","embeddable":true,"href":"https:\/\/solardorosario.com.br\/galeria\/wp-json\/wp\/v2\/product_brand?post=2538"},{"taxonomy":"product_cat","embeddable":true,"href":"https:\/\/solardorosario.com.br\/galeria\/wp-json\/wp\/v2\/product_cat?post=2538"},{"taxonomy":"product_tag","embeddable":true,"href":"https:\/\/solardorosario.com.br\/galeria\/wp-json\/wp\/v2\/product_tag?post=2538"}],"curies":[{"name":"wp","href":"https:\/\/api.w.org\/{rel}","templated":true}]}}