{"id":2530,"date":"2021-05-19T11:10:55","date_gmt":"2021-05-19T14:10:55","guid":{"rendered":"https:\/\/solardorosario.com.br\/galeria\/?post_type=product&#038;p=2530"},"modified":"2025-12-05T13:45:52","modified_gmt":"2025-12-05T16:45:52","slug":"juarez-machado-sem-titulo-3","status":"publish","type":"product","link":"https:\/\/solardorosario.com.br\/galeria\/produto\/juarez-machado-sem-titulo-3\/","title":{"rendered":"Juarez Machado - Sem t\u00edtulo"},"content":{"rendered":"<p><strong>Artista:<\/strong> Juarez Machado<\/p>\n<p><strong>T\u00edtulo:<\/strong> Sem t\u00edtulo<\/p>\n<p><strong>Dimens\u00e3o:<\/strong> 50x70cm<\/p>\n<p><strong>T\u00e9cnica:<\/strong> Serigrafia (sem moldura)<\/p>\n<p>&nbsp;<\/p>\n<p>Juarez Machado nasceu em Joinville - SC, em 16 de mar\u00e7o de 1941. \u00c9 artista visual, pintor, cen\u00f3grafo, escultor, desenhista, escritor, ilustrador. Em 1958, trabalhava desenhando r\u00f3tulos e embalagens para rem\u00e9dios no Laborat\u00f3rio Catarinense. Em 1960, come\u00e7ou os estudos na Escola de M\u00fasica e Belas Artes do Paran\u00e1 (EMBAP), em Curitiba - PR e come\u00e7a a frequentar exposi\u00e7\u00f5es e sal\u00f5es de arte. Em 1965, se mudou para o Rio de Janeiro e trabalhou como chargista, cartunista, al\u00e9m de ilustrar capas de discos, cadernos, livros. No in\u00edcio dos anos 1980, se muda para Paris, no bairro de Montmartre e l\u00e1 que fixa seu ateli\u00ea principal, al\u00e9m do de Joinville, sua cidade natal e do Rio de Janeiro. Participou at\u00e9 de obras no cinema, como o premiado filme \u201cLe fabuleux destin d\u2019Am\u00e9lie Poulain\u201d, do diretor franc\u00eas Jean-Pierre Jeunet. No Brasil, exp\u00f4s individualmente e coletivamente em importantes exposi\u00e7\u00f5es como a Galeria Cocaco em Curitiba - PR, Galeria Bonino no Rio de Janeiro, al\u00e9m de cidades como Porto Alegre, Recife, S\u00e3o Paulo, Belo Horizonte, Joinville. Internacionalmente, exp\u00f4s nos Estados Unidos, na Fran\u00e7a, Uruguai, It\u00e1lia, L\u00edbano, B\u00e9lgica, Portugal, Inglaterra, Espanha, Jap\u00e3o e Su\u00ed\u00e7a.<\/p>\n","protected":false},"excerpt":{"rendered":"<p>Artista: Juarez Machado T\u00edtulo: Sem t\u00edtulo Dimens\u00e3o: 50x70cm T\u00e9cnica: Serigrafia (sem moldura) &nbsp; Juarez Machado nasceu em Joinville - SC, em 16 de mar\u00e7o de 1941. \u00c9 artista visual, pintor, cen\u00f3grafo, escultor, desenhista, escritor, ilustrador. Em 1958, trabalhava desenhando r\u00f3tulos e embalagens para rem\u00e9dios no Laborat\u00f3rio Catarinense. Em 1960, come\u00e7ou os estudos na Escola de [&hellip;]<\/p>\n","protected":false},"featured_media":2531,"template":"","meta":[],"product_brand":[],"product_cat":[117],"product_tag":[],"class_list":{"0":"post-2530","1":"product","2":"type-product","3":"status-publish","4":"has-post-thumbnail","6":"product_cat-galeria","7":"pa_artista-juarez-machado","8":"pa_estilo-figura-humana","9":"pa_tecnica-serigrafia","11":"first","12":"instock","13":"shipping-taxable","14":"product-type-simple"},"yoast_head":"<!-- This site is optimized with the Yoast SEO plugin v27.4 - https:\/\/yoast.com\/product\/yoast-seo-wordpress\/ -->\n<title>Juarez Machado - Sem t\u00edtulo - Solar do Ros\u00e1rio Galeria \\\\\\\\Nova<\/title>\n<meta name=\"robots\" content=\"index, follow, max-snippet:-1, max-image-preview:large, max-video-preview:-1\" \/>\n<link rel=\"canonical\" href=\"https:\/\/solardorosario.com.br\/galeria\/produto\/juarez-machado-sem-titulo-3\/\" \/>\n<meta property=\"og:locale\" content=\"pt_BR\" \/>\n<meta property=\"og:type\" content=\"article\" \/>\n<meta property=\"og:title\" content=\"Juarez Machado - Sem t\u00edtulo - Solar do Ros\u00e1rio Galeria \\\\\\\\Nova\" \/>\n<meta property=\"og:description\" content=\"Artista: Juarez Machado T\u00edtulo: Sem t\u00edtulo Dimens\u00e3o: 50x70cm T\u00e9cnica: Serigrafia (sem moldura) &nbsp; Juarez Machado nasceu em Joinville - SC, em 16 de mar\u00e7o de 1941. \u00c9 artista visual, pintor, cen\u00f3grafo, escultor, desenhista, escritor, ilustrador. Em 1958, trabalhava desenhando r\u00f3tulos e embalagens para rem\u00e9dios no Laborat\u00f3rio Catarinense. Em 1960, come\u00e7ou os estudos na Escola de [&hellip;]\" \/>\n<meta property=\"og:url\" content=\"https:\/\/solardorosario.com.br\/galeria\/produto\/juarez-machado-sem-titulo-3\/\" \/>\n<meta property=\"og:site_name\" content=\"Solar do Ros\u00e1rio Galeria \\\\\\\\Nova\" \/>\n<meta property=\"article:modified_time\" content=\"2025-12-05T16:45:52+00:00\" \/>\n<meta property=\"og:image\" content=\"https:\/\/solardorosario.com.br\/galeria\/wp-content\/uploads\/2021\/05\/IMG_7852-e1621433414417.jpeg\" \/>\n\t<meta property=\"og:image:width\" content=\"200\" \/>\n\t<meta property=\"og:image:height\" content=\"284\" \/>\n\t<meta property=\"og:image:type\" content=\"image\/jpeg\" \/>\n<meta name=\"twitter:card\" content=\"summary_large_image\" \/>\n<meta name=\"twitter:label1\" content=\"Est. tempo de leitura\" \/>\n\t<meta name=\"twitter:data1\" content=\"2 minutos\" \/>\n<script type=\"application\/ld+json\" class=\"yoast-schema-graph\">{\"@context\":\"https:\\\/\\\/schema.org\",\"@graph\":[{\"@type\":\"WebPage\",\"@id\":\"https:\\\/\\\/solardorosario.com.br\\\/galeria\\\/produto\\\/juarez-machado-sem-titulo-3\\\/\",\"url\":\"https:\\\/\\\/solardorosario.com.br\\\/galeria\\\/produto\\\/juarez-machado-sem-titulo-3\\\/\",\"name\":\"Juarez Machado - Sem t\u00edtulo - Solar do Ros\u00e1rio Galeria \\\\\\\\\\\\\\\\Nova\",\"isPartOf\":{\"@id\":\"https:\\\/\\\/solardorosario.com.br\\\/galeria\\\/#website\"},\"primaryImageOfPage\":{\"@id\":\"https:\\\/\\\/solardorosario.com.br\\\/galeria\\\/produto\\\/juarez-machado-sem-titulo-3\\\/#primaryimage\"},\"image\":{\"@id\":\"https:\\\/\\\/solardorosario.com.br\\\/galeria\\\/produto\\\/juarez-machado-sem-titulo-3\\\/#primaryimage\"},\"thumbnailUrl\":\"https:\\\/\\\/solardorosario.com.br\\\/galeria\\\/wp-content\\\/uploads\\\/2021\\\/05\\\/IMG_7852-e1621433414417.jpeg\",\"datePublished\":\"2021-05-19T14:10:55+00:00\",\"dateModified\":\"2025-12-05T16:45:52+00:00\",\"breadcrumb\":{\"@id\":\"https:\\\/\\\/solardorosario.com.br\\\/galeria\\\/produto\\\/juarez-machado-sem-titulo-3\\\/#breadcrumb\"},\"inLanguage\":\"pt-BR\",\"potentialAction\":[{\"@type\":\"ReadAction\",\"target\":[\"https:\\\/\\\/solardorosario.com.br\\\/galeria\\\/produto\\\/juarez-machado-sem-titulo-3\\\/\"]}]},{\"@type\":\"ImageObject\",\"inLanguage\":\"pt-BR\",\"@id\":\"https:\\\/\\\/solardorosario.com.br\\\/galeria\\\/produto\\\/juarez-machado-sem-titulo-3\\\/#primaryimage\",\"url\":\"https:\\\/\\\/solardorosario.com.br\\\/galeria\\\/wp-content\\\/uploads\\\/2021\\\/05\\\/IMG_7852-e1621433414417.jpeg\",\"contentUrl\":\"https:\\\/\\\/solardorosario.com.br\\\/galeria\\\/wp-content\\\/uploads\\\/2021\\\/05\\\/IMG_7852-e1621433414417.jpeg\",\"width\":200,\"height\":284},{\"@type\":\"BreadcrumbList\",\"@id\":\"https:\\\/\\\/solardorosario.com.br\\\/galeria\\\/produto\\\/juarez-machado-sem-titulo-3\\\/#breadcrumb\",\"itemListElement\":[{\"@type\":\"ListItem\",\"position\":1,\"name\":\"In\u00edcio\",\"item\":\"https:\\\/\\\/solardorosario.com.br\\\/galeria\\\/\"},{\"@type\":\"ListItem\",\"position\":2,\"name\":\"galeria\",\"item\":\"https:\\\/\\\/solardorosario.com.br\\\/galeria\\\/galeria\\\/\"},{\"@type\":\"ListItem\",\"position\":3,\"name\":\"Juarez Machado - Sem t\u00edtulo\"}]},{\"@type\":\"WebSite\",\"@id\":\"https:\\\/\\\/solardorosario.com.br\\\/galeria\\\/#website\",\"url\":\"https:\\\/\\\/solardorosario.com.br\\\/galeria\\\/\",\"name\":\"Solar do Ros\u00e1rio Galeria \\\\\\\\\\\\\\\\Nova\",\"description\":\"\",\"potentialAction\":[{\"@type\":\"SearchAction\",\"target\":{\"@type\":\"EntryPoint\",\"urlTemplate\":\"https:\\\/\\\/solardorosario.com.br\\\/galeria\\\/?s={search_term_string}\"},\"query-input\":{\"@type\":\"PropertyValueSpecification\",\"valueRequired\":true,\"valueName\":\"search_term_string\"}}],\"inLanguage\":\"pt-BR\"}]}<\/script>\n<!-- \/ Yoast SEO plugin. -->","yoast_head_json":{"title":"Juarez Machado - Sem t\u00edtulo - Solar do Ros\u00e1rio Galeria \\\\\\\\Nova","robots":{"index":"index","follow":"follow","max-snippet":"max-snippet:-1","max-image-preview":"max-image-preview:large","max-video-preview":"max-video-preview:-1"},"canonical":"https:\/\/solardorosario.com.br\/galeria\/produto\/juarez-machado-sem-titulo-3\/","og_locale":"pt_BR","og_type":"article","og_title":"Juarez Machado - Sem t\u00edtulo - Solar do Ros\u00e1rio Galeria \\\\\\\\Nova","og_description":"Artista: Juarez Machado T\u00edtulo: Sem t\u00edtulo Dimens\u00e3o: 50x70cm T\u00e9cnica: Serigrafia (sem moldura) &nbsp; Juarez Machado nasceu em Joinville - SC, em 16 de mar\u00e7o de 1941. \u00c9 artista visual, pintor, cen\u00f3grafo, escultor, desenhista, escritor, ilustrador. Em 1958, trabalhava desenhando r\u00f3tulos e embalagens para rem\u00e9dios no Laborat\u00f3rio Catarinense. Em 1960, come\u00e7ou os estudos na Escola de [&hellip;]","og_url":"https:\/\/solardorosario.com.br\/galeria\/produto\/juarez-machado-sem-titulo-3\/","og_site_name":"Solar do Ros\u00e1rio Galeria \\\\\\\\Nova","article_modified_time":"2025-12-05T16:45:52+00:00","og_image":[{"width":200,"height":284,"url":"https:\/\/solardorosario.com.br\/galeria\/wp-content\/uploads\/2021\/05\/IMG_7852-e1621433414417.jpeg","type":"image\/jpeg"}],"twitter_card":"summary_large_image","twitter_misc":{"Est. tempo de leitura":"2 minutos"},"schema":{"@context":"https:\/\/schema.org","@graph":[{"@type":"WebPage","@id":"https:\/\/solardorosario.com.br\/galeria\/produto\/juarez-machado-sem-titulo-3\/","url":"https:\/\/solardorosario.com.br\/galeria\/produto\/juarez-machado-sem-titulo-3\/","name":"Juarez Machado - Sem t\u00edtulo - Solar do Ros\u00e1rio Galeria \\\\\\\\Nova","isPartOf":{"@id":"https:\/\/solardorosario.com.br\/galeria\/#website"},"primaryImageOfPage":{"@id":"https:\/\/solardorosario.com.br\/galeria\/produto\/juarez-machado-sem-titulo-3\/#primaryimage"},"image":{"@id":"https:\/\/solardorosario.com.br\/galeria\/produto\/juarez-machado-sem-titulo-3\/#primaryimage"},"thumbnailUrl":"https:\/\/solardorosario.com.br\/galeria\/wp-content\/uploads\/2021\/05\/IMG_7852-e1621433414417.jpeg","datePublished":"2021-05-19T14:10:55+00:00","dateModified":"2025-12-05T16:45:52+00:00","breadcrumb":{"@id":"https:\/\/solardorosario.com.br\/galeria\/produto\/juarez-machado-sem-titulo-3\/#breadcrumb"},"inLanguage":"pt-BR","potentialAction":[{"@type":"ReadAction","target":["https:\/\/solardorosario.com.br\/galeria\/produto\/juarez-machado-sem-titulo-3\/"]}]},{"@type":"ImageObject","inLanguage":"pt-BR","@id":"https:\/\/solardorosario.com.br\/galeria\/produto\/juarez-machado-sem-titulo-3\/#primaryimage","url":"https:\/\/solardorosario.com.br\/galeria\/wp-content\/uploads\/2021\/05\/IMG_7852-e1621433414417.jpeg","contentUrl":"https:\/\/solardorosario.com.br\/galeria\/wp-content\/uploads\/2021\/05\/IMG_7852-e1621433414417.jpeg","width":200,"height":284},{"@type":"BreadcrumbList","@id":"https:\/\/solardorosario.com.br\/galeria\/produto\/juarez-machado-sem-titulo-3\/#breadcrumb","itemListElement":[{"@type":"ListItem","position":1,"name":"In\u00edcio","item":"https:\/\/solardorosario.com.br\/galeria\/"},{"@type":"ListItem","position":2,"name":"galeria","item":"https:\/\/solardorosario.com.br\/galeria\/galeria\/"},{"@type":"ListItem","position":3,"name":"Juarez Machado - Sem t\u00edtulo"}]},{"@type":"WebSite","@id":"https:\/\/solardorosario.com.br\/galeria\/#website","url":"https:\/\/solardorosario.com.br\/galeria\/","name":"Solar do Ros\u00e1rio Galeria \\\\\\\\Nova","description":"","potentialAction":[{"@type":"SearchAction","target":{"@type":"EntryPoint","urlTemplate":"https:\/\/solardorosario.com.br\/galeria\/?s={search_term_string}"},"query-input":{"@type":"PropertyValueSpecification","valueRequired":true,"valueName":"search_term_string"}}],"inLanguage":"pt-BR"}]}},"_links":{"self":[{"href":"https:\/\/solardorosario.com.br\/galeria\/wp-json\/wp\/v2\/product\/2530","targetHints":{"allow":["GET"]}}],"collection":[{"href":"https:\/\/solardorosario.com.br\/galeria\/wp-json\/wp\/v2\/product"}],"about":[{"href":"https:\/\/solardorosario.com.br\/galeria\/wp-json\/wp\/v2\/types\/product"}],"wp:featuredmedia":[{"embeddable":true,"href":"https:\/\/solardorosario.com.br\/galeria\/wp-json\/wp\/v2\/media\/2531"}],"wp:attachment":[{"href":"https:\/\/solardorosario.com.br\/galeria\/wp-json\/wp\/v2\/media?parent=2530"}],"wp:term":[{"taxonomy":"product_brand","embeddable":true,"href":"https:\/\/solardorosario.com.br\/galeria\/wp-json\/wp\/v2\/product_brand?post=2530"},{"taxonomy":"product_cat","embeddable":true,"href":"https:\/\/solardorosario.com.br\/galeria\/wp-json\/wp\/v2\/product_cat?post=2530"},{"taxonomy":"product_tag","embeddable":true,"href":"https:\/\/solardorosario.com.br\/galeria\/wp-json\/wp\/v2\/product_tag?post=2530"}],"curies":[{"name":"wp","href":"https:\/\/api.w.org\/{rel}","templated":true}]}}