{"id":2366,"date":"2021-05-07T15:11:49","date_gmt":"2021-05-07T18:11:49","guid":{"rendered":"https:\/\/solardorosario.com.br\/galeria\/?post_type=product&#038;p=2366"},"modified":"2025-11-25T18:17:08","modified_gmt":"2025-11-25T21:17:08","slug":"azulejo-com-moldura-ruben-esmanhotto","status":"publish","type":"product","link":"https:\/\/solardorosario.com.br\/galeria\/produto\/azulejo-com-moldura-ruben-esmanhotto\/","title":{"rendered":"Azulejo com moldura - Ruben Esmanhotto"},"content":{"rendered":"<p><strong>Artista:<\/strong> Ruben Esmanhotto<br \/>\n<strong>Dimens\u00e3o:<\/strong> 20x25cm<\/p>\n<p><strong>Cor da moldura sujeita \u00e0 altera\u00e7\u00e3o (sem aviso pr\u00e9vio) devido ao estoque. Consulte no WhatsApp: (41)9 8804-3984<\/strong><\/p>\n<p>&nbsp;<\/p>\n<p><strong>Sobre Ruben Esmanhotto:<\/strong><\/p>\n<p><em>T\u00edpico representante da gera\u00e7\u00e3o de artistas pl\u00e1sticos paranaenses de 70, em sua obra Ruben Esmanhotto serve-se de dois importantes elementos: a metalinguagem e o acabamento rigoroso. (...)<\/em><br \/>\n<em>Sobrepondo realidade e sonho, a pintura de Ruben Esmanhotto passa a ser, ao mesmo tempo, sujeito e objeto. Para tanto serve-se deliberadamente de incongru\u00eancias que acentuam a metaf\u00edsica do objeto, o qual passa a exercer sobre n\u00f3s uma magia estranha. (...)<\/em><br \/>\n<em>Um dado nos que nos chama a aten\u00e7\u00e3o na obra de Ruben Esmanhotto \u00e9 que a luz tem em si uma conota\u00e7\u00e3o de espa\u00e7o e tempo e, em muitos casos, passa - por assim dizer - a ser a personagem principal do quadro. Embora sendo uma luz t\u00edpica do inverno curitibano, da geada que ilumina mas n\u00e3o esquenta, ele a representa como se sua fonte fosse um sol fixo que existe para todas as pessoas, em todas as noites e vig\u00edlias. <\/em><br \/>\n<em>A obra de Rubem Esmanhotto funciona como uma esp\u00e9cie de espelho m\u00e1gico, que tanto atua como retrovisor como consegue refletir a essencialidade do nosso drama existencial. Estamos em constante espera da felicidade que sempre se escapa, como se estivesse em um eterno ponto de fuga; por\u00e9m, h\u00e1 em n\u00f3s a expectativa que aconte\u00e7a daqui a pouco.<\/em><\/p>\n<p>Adalice Ara\u00fajo, 2000<br \/>\nExtra\u00eddo do texto <em>O momento suspenso<\/em><\/p>\n<p>*Trecho retirado do livro <em>Pintores Contempor\u00e2neos do Paran\u00e1<\/em>, Vol 1, editado pelo Solar do Ros\u00e1rio em 2000.<\/p>\n<p>&nbsp;<\/p>\n","protected":false},"excerpt":{"rendered":"<p>Artista: Ruben Esmanhotto Dimens\u00e3o: 20x25cm Cor da moldura sujeita \u00e0 altera\u00e7\u00e3o (sem aviso pr\u00e9vio) devido ao estoque. Consulte no WhatsApp: (41)9 8804-3984 &nbsp; Sobre Ruben Esmanhotto: T\u00edpico representante da gera\u00e7\u00e3o de artistas pl\u00e1sticos paranaenses de 70, em sua obra Ruben Esmanhotto serve-se de dois importantes elementos: a metalinguagem e o acabamento rigoroso. (...) Sobrepondo realidade [&hellip;]<\/p>\n","protected":false},"featured_media":2367,"template":"","meta":[],"product_brand":[],"product_cat":[117],"product_tag":[],"class_list":{"0":"post-2366","1":"product","2":"type-product","3":"status-publish","4":"has-post-thumbnail","6":"product_cat-galeria","7":"pa_artista-ruben-esmanhotto","8":"pa_tecnica-azulejos-de-arte","10":"first","11":"instock","12":"shipping-taxable","13":"purchasable","14":"product-type-simple"},"yoast_head":"<!-- This site is optimized with the Yoast SEO plugin v27.4 - https:\/\/yoast.com\/product\/yoast-seo-wordpress\/ -->\n<title>Azulejo com moldura - Ruben Esmanhotto - Solar do Ros\u00e1rio Galeria \\\\\\\\Nova<\/title>\n<meta name=\"robots\" content=\"index, follow, max-snippet:-1, max-image-preview:large, max-video-preview:-1\" \/>\n<link rel=\"canonical\" href=\"https:\/\/solardorosario.com.br\/galeria\/produto\/azulejo-com-moldura-ruben-esmanhotto\/\" \/>\n<meta property=\"og:locale\" content=\"pt_BR\" \/>\n<meta property=\"og:type\" content=\"article\" \/>\n<meta property=\"og:title\" content=\"Azulejo com moldura - Ruben Esmanhotto - Solar do Ros\u00e1rio Galeria \\\\\\\\Nova\" \/>\n<meta property=\"og:description\" content=\"Artista: Ruben Esmanhotto Dimens\u00e3o: 20x25cm Cor da moldura sujeita \u00e0 altera\u00e7\u00e3o (sem aviso pr\u00e9vio) devido ao estoque. Consulte no WhatsApp: (41)9 8804-3984 &nbsp; Sobre Ruben Esmanhotto: T\u00edpico representante da gera\u00e7\u00e3o de artistas pl\u00e1sticos paranaenses de 70, em sua obra Ruben Esmanhotto serve-se de dois importantes elementos: a metalinguagem e o acabamento rigoroso. (...) Sobrepondo realidade [&hellip;]\" \/>\n<meta property=\"og:url\" content=\"https:\/\/solardorosario.com.br\/galeria\/produto\/azulejo-com-moldura-ruben-esmanhotto\/\" \/>\n<meta property=\"og:site_name\" content=\"Solar do Ros\u00e1rio Galeria \\\\\\\\Nova\" \/>\n<meta property=\"article:modified_time\" content=\"2025-11-25T21:17:08+00:00\" \/>\n<meta property=\"og:image\" content=\"https:\/\/solardorosario.com.br\/galeria\/wp-content\/uploads\/2021\/05\/IMG_7514-e1620411102589.jpeg\" \/>\n\t<meta property=\"og:image:width\" content=\"300\" \/>\n\t<meta property=\"og:image:height\" content=\"216\" \/>\n\t<meta property=\"og:image:type\" content=\"image\/jpeg\" \/>\n<meta name=\"twitter:card\" content=\"summary_large_image\" \/>\n<meta name=\"twitter:label1\" content=\"Est. tempo de leitura\" \/>\n\t<meta name=\"twitter:data1\" content=\"2 minutos\" \/>\n<script type=\"application\/ld+json\" class=\"yoast-schema-graph\">{\"@context\":\"https:\\\/\\\/schema.org\",\"@graph\":[{\"@type\":\"WebPage\",\"@id\":\"https:\\\/\\\/solardorosario.com.br\\\/galeria\\\/produto\\\/azulejo-com-moldura-ruben-esmanhotto\\\/\",\"url\":\"https:\\\/\\\/solardorosario.com.br\\\/galeria\\\/produto\\\/azulejo-com-moldura-ruben-esmanhotto\\\/\",\"name\":\"Azulejo com moldura - Ruben Esmanhotto - Solar do Ros\u00e1rio Galeria \\\\\\\\\\\\\\\\Nova\",\"isPartOf\":{\"@id\":\"https:\\\/\\\/solardorosario.com.br\\\/galeria\\\/#website\"},\"primaryImageOfPage\":{\"@id\":\"https:\\\/\\\/solardorosario.com.br\\\/galeria\\\/produto\\\/azulejo-com-moldura-ruben-esmanhotto\\\/#primaryimage\"},\"image\":{\"@id\":\"https:\\\/\\\/solardorosario.com.br\\\/galeria\\\/produto\\\/azulejo-com-moldura-ruben-esmanhotto\\\/#primaryimage\"},\"thumbnailUrl\":\"https:\\\/\\\/solardorosario.com.br\\\/galeria\\\/wp-content\\\/uploads\\\/2021\\\/05\\\/IMG_7514-e1620411102589.jpeg\",\"datePublished\":\"2021-05-07T18:11:49+00:00\",\"dateModified\":\"2025-11-25T21:17:08+00:00\",\"breadcrumb\":{\"@id\":\"https:\\\/\\\/solardorosario.com.br\\\/galeria\\\/produto\\\/azulejo-com-moldura-ruben-esmanhotto\\\/#breadcrumb\"},\"inLanguage\":\"pt-BR\",\"potentialAction\":[{\"@type\":\"ReadAction\",\"target\":[\"https:\\\/\\\/solardorosario.com.br\\\/galeria\\\/produto\\\/azulejo-com-moldura-ruben-esmanhotto\\\/\"]}]},{\"@type\":\"ImageObject\",\"inLanguage\":\"pt-BR\",\"@id\":\"https:\\\/\\\/solardorosario.com.br\\\/galeria\\\/produto\\\/azulejo-com-moldura-ruben-esmanhotto\\\/#primaryimage\",\"url\":\"https:\\\/\\\/solardorosario.com.br\\\/galeria\\\/wp-content\\\/uploads\\\/2021\\\/05\\\/IMG_7514-e1620411102589.jpeg\",\"contentUrl\":\"https:\\\/\\\/solardorosario.com.br\\\/galeria\\\/wp-content\\\/uploads\\\/2021\\\/05\\\/IMG_7514-e1620411102589.jpeg\",\"width\":300,\"height\":216},{\"@type\":\"BreadcrumbList\",\"@id\":\"https:\\\/\\\/solardorosario.com.br\\\/galeria\\\/produto\\\/azulejo-com-moldura-ruben-esmanhotto\\\/#breadcrumb\",\"itemListElement\":[{\"@type\":\"ListItem\",\"position\":1,\"name\":\"In\u00edcio\",\"item\":\"https:\\\/\\\/solardorosario.com.br\\\/galeria\\\/\"},{\"@type\":\"ListItem\",\"position\":2,\"name\":\"galeria\",\"item\":\"https:\\\/\\\/solardorosario.com.br\\\/galeria\\\/galeria\\\/\"},{\"@type\":\"ListItem\",\"position\":3,\"name\":\"Azulejo com moldura - Ruben Esmanhotto\"}]},{\"@type\":\"WebSite\",\"@id\":\"https:\\\/\\\/solardorosario.com.br\\\/galeria\\\/#website\",\"url\":\"https:\\\/\\\/solardorosario.com.br\\\/galeria\\\/\",\"name\":\"Solar do Ros\u00e1rio Galeria \\\\\\\\\\\\\\\\Nova\",\"description\":\"\",\"potentialAction\":[{\"@type\":\"SearchAction\",\"target\":{\"@type\":\"EntryPoint\",\"urlTemplate\":\"https:\\\/\\\/solardorosario.com.br\\\/galeria\\\/?s={search_term_string}\"},\"query-input\":{\"@type\":\"PropertyValueSpecification\",\"valueRequired\":true,\"valueName\":\"search_term_string\"}}],\"inLanguage\":\"pt-BR\"}]}<\/script>\n<!-- \/ Yoast SEO plugin. -->","yoast_head_json":{"title":"Azulejo com moldura - Ruben Esmanhotto - Solar do Ros\u00e1rio Galeria \\\\\\\\Nova","robots":{"index":"index","follow":"follow","max-snippet":"max-snippet:-1","max-image-preview":"max-image-preview:large","max-video-preview":"max-video-preview:-1"},"canonical":"https:\/\/solardorosario.com.br\/galeria\/produto\/azulejo-com-moldura-ruben-esmanhotto\/","og_locale":"pt_BR","og_type":"article","og_title":"Azulejo com moldura - Ruben Esmanhotto - Solar do Ros\u00e1rio Galeria \\\\\\\\Nova","og_description":"Artista: Ruben Esmanhotto Dimens\u00e3o: 20x25cm Cor da moldura sujeita \u00e0 altera\u00e7\u00e3o (sem aviso pr\u00e9vio) devido ao estoque. Consulte no WhatsApp: (41)9 8804-3984 &nbsp; Sobre Ruben Esmanhotto: T\u00edpico representante da gera\u00e7\u00e3o de artistas pl\u00e1sticos paranaenses de 70, em sua obra Ruben Esmanhotto serve-se de dois importantes elementos: a metalinguagem e o acabamento rigoroso. (...) Sobrepondo realidade [&hellip;]","og_url":"https:\/\/solardorosario.com.br\/galeria\/produto\/azulejo-com-moldura-ruben-esmanhotto\/","og_site_name":"Solar do Ros\u00e1rio Galeria \\\\\\\\Nova","article_modified_time":"2025-11-25T21:17:08+00:00","og_image":[{"width":300,"height":216,"url":"https:\/\/solardorosario.com.br\/galeria\/wp-content\/uploads\/2021\/05\/IMG_7514-e1620411102589.jpeg","type":"image\/jpeg"}],"twitter_card":"summary_large_image","twitter_misc":{"Est. tempo de leitura":"2 minutos"},"schema":{"@context":"https:\/\/schema.org","@graph":[{"@type":"WebPage","@id":"https:\/\/solardorosario.com.br\/galeria\/produto\/azulejo-com-moldura-ruben-esmanhotto\/","url":"https:\/\/solardorosario.com.br\/galeria\/produto\/azulejo-com-moldura-ruben-esmanhotto\/","name":"Azulejo com moldura - Ruben Esmanhotto - Solar do Ros\u00e1rio Galeria \\\\\\\\Nova","isPartOf":{"@id":"https:\/\/solardorosario.com.br\/galeria\/#website"},"primaryImageOfPage":{"@id":"https:\/\/solardorosario.com.br\/galeria\/produto\/azulejo-com-moldura-ruben-esmanhotto\/#primaryimage"},"image":{"@id":"https:\/\/solardorosario.com.br\/galeria\/produto\/azulejo-com-moldura-ruben-esmanhotto\/#primaryimage"},"thumbnailUrl":"https:\/\/solardorosario.com.br\/galeria\/wp-content\/uploads\/2021\/05\/IMG_7514-e1620411102589.jpeg","datePublished":"2021-05-07T18:11:49+00:00","dateModified":"2025-11-25T21:17:08+00:00","breadcrumb":{"@id":"https:\/\/solardorosario.com.br\/galeria\/produto\/azulejo-com-moldura-ruben-esmanhotto\/#breadcrumb"},"inLanguage":"pt-BR","potentialAction":[{"@type":"ReadAction","target":["https:\/\/solardorosario.com.br\/galeria\/produto\/azulejo-com-moldura-ruben-esmanhotto\/"]}]},{"@type":"ImageObject","inLanguage":"pt-BR","@id":"https:\/\/solardorosario.com.br\/galeria\/produto\/azulejo-com-moldura-ruben-esmanhotto\/#primaryimage","url":"https:\/\/solardorosario.com.br\/galeria\/wp-content\/uploads\/2021\/05\/IMG_7514-e1620411102589.jpeg","contentUrl":"https:\/\/solardorosario.com.br\/galeria\/wp-content\/uploads\/2021\/05\/IMG_7514-e1620411102589.jpeg","width":300,"height":216},{"@type":"BreadcrumbList","@id":"https:\/\/solardorosario.com.br\/galeria\/produto\/azulejo-com-moldura-ruben-esmanhotto\/#breadcrumb","itemListElement":[{"@type":"ListItem","position":1,"name":"In\u00edcio","item":"https:\/\/solardorosario.com.br\/galeria\/"},{"@type":"ListItem","position":2,"name":"galeria","item":"https:\/\/solardorosario.com.br\/galeria\/galeria\/"},{"@type":"ListItem","position":3,"name":"Azulejo com moldura - Ruben Esmanhotto"}]},{"@type":"WebSite","@id":"https:\/\/solardorosario.com.br\/galeria\/#website","url":"https:\/\/solardorosario.com.br\/galeria\/","name":"Solar do Ros\u00e1rio Galeria \\\\\\\\Nova","description":"","potentialAction":[{"@type":"SearchAction","target":{"@type":"EntryPoint","urlTemplate":"https:\/\/solardorosario.com.br\/galeria\/?s={search_term_string}"},"query-input":{"@type":"PropertyValueSpecification","valueRequired":true,"valueName":"search_term_string"}}],"inLanguage":"pt-BR"}]}},"_links":{"self":[{"href":"https:\/\/solardorosario.com.br\/galeria\/wp-json\/wp\/v2\/product\/2366","targetHints":{"allow":["GET"]}}],"collection":[{"href":"https:\/\/solardorosario.com.br\/galeria\/wp-json\/wp\/v2\/product"}],"about":[{"href":"https:\/\/solardorosario.com.br\/galeria\/wp-json\/wp\/v2\/types\/product"}],"wp:featuredmedia":[{"embeddable":true,"href":"https:\/\/solardorosario.com.br\/galeria\/wp-json\/wp\/v2\/media\/2367"}],"wp:attachment":[{"href":"https:\/\/solardorosario.com.br\/galeria\/wp-json\/wp\/v2\/media?parent=2366"}],"wp:term":[{"taxonomy":"product_brand","embeddable":true,"href":"https:\/\/solardorosario.com.br\/galeria\/wp-json\/wp\/v2\/product_brand?post=2366"},{"taxonomy":"product_cat","embeddable":true,"href":"https:\/\/solardorosario.com.br\/galeria\/wp-json\/wp\/v2\/product_cat?post=2366"},{"taxonomy":"product_tag","embeddable":true,"href":"https:\/\/solardorosario.com.br\/galeria\/wp-json\/wp\/v2\/product_tag?post=2366"}],"curies":[{"name":"wp","href":"https:\/\/api.w.org\/{rel}","templated":true}]}}