{"id":2358,"date":"2021-05-07T15:00:23","date_gmt":"2021-05-07T18:00:23","guid":{"rendered":"https:\/\/solardorosario.com.br\/galeria\/?post_type=product&#038;p=2358"},"modified":"2025-11-25T18:50:03","modified_gmt":"2025-11-25T21:50:03","slug":"azulejo-com-moldurara-vivian-vidal","status":"publish","type":"product","link":"https:\/\/solardorosario.com.br\/galeria\/produto\/azulejo-com-moldurara-vivian-vidal\/","title":{"rendered":"Azulejo com moldura - Vivian Vidal"},"content":{"rendered":"<p><strong>Artista:<\/strong> Vivian Vidal<\/p>\n<p><strong>Dimens\u00e3o:<\/strong> 20x25cm<\/p>\n<p><strong>Cor da moldura sujeita \u00e0 altera\u00e7\u00e3o (sem aviso pr\u00e9vio) devido ao estoque. Consulte no WhatsApp: (41)9 8804-3984<\/strong><\/p>\n<div id=\"code_block-64-873\" class=\"ct-code-block\"><\/div>\n","protected":false},"excerpt":{"rendered":"<p>Artista: Vivian Vidal Dimens\u00e3o: 20x25cm Cor da moldura sujeita \u00e0 altera\u00e7\u00e3o (sem aviso pr\u00e9vio) devido ao estoque. Consulte no WhatsApp: (41)9 8804-3984<\/p>\n","protected":false},"featured_media":2359,"template":"","meta":[],"product_brand":[],"product_cat":[117],"product_tag":[],"class_list":{"0":"post-2358","1":"product","2":"type-product","3":"status-publish","4":"has-post-thumbnail","6":"product_cat-galeria","7":"pa_artista-vivian-vidal","8":"pa_tecnica-azulejos-de-arte","10":"first","11":"instock","12":"shipping-taxable","13":"purchasable","14":"product-type-simple"},"yoast_head":"<!-- This site is optimized with the Yoast SEO plugin v27.4 - https:\/\/yoast.com\/product\/yoast-seo-wordpress\/ -->\n<title>Azulejo com moldura - Vivian Vidal - Solar do Ros\u00e1rio Galeria \\\\\\\\Nova<\/title>\n<meta name=\"robots\" content=\"index, follow, max-snippet:-1, max-image-preview:large, max-video-preview:-1\" \/>\n<link rel=\"canonical\" href=\"https:\/\/solardorosario.com.br\/galeria\/produto\/azulejo-com-moldurara-vivian-vidal\/\" \/>\n<meta property=\"og:locale\" content=\"pt_BR\" \/>\n<meta property=\"og:type\" content=\"article\" \/>\n<meta property=\"og:title\" content=\"Azulejo com moldura - Vivian Vidal - Solar do Ros\u00e1rio Galeria \\\\\\\\Nova\" \/>\n<meta property=\"og:description\" content=\"Artista: Vivian Vidal Dimens\u00e3o: 20x25cm Cor da moldura sujeita \u00e0 altera\u00e7\u00e3o (sem aviso pr\u00e9vio) devido ao estoque. Consulte no WhatsApp: (41)9 8804-3984\" \/>\n<meta property=\"og:url\" content=\"https:\/\/solardorosario.com.br\/galeria\/produto\/azulejo-com-moldurara-vivian-vidal\/\" \/>\n<meta property=\"og:site_name\" content=\"Solar do Ros\u00e1rio Galeria \\\\\\\\Nova\" \/>\n<meta property=\"article:modified_time\" content=\"2025-11-25T21:50:03+00:00\" \/>\n<meta property=\"og:image\" content=\"https:\/\/solardorosario.com.br\/galeria\/wp-content\/uploads\/2021\/05\/IMG_7523-e1620410415935.jpeg\" \/>\n\t<meta property=\"og:image:width\" content=\"300\" \/>\n\t<meta property=\"og:image:height\" content=\"303\" \/>\n\t<meta property=\"og:image:type\" content=\"image\/jpeg\" \/>\n<meta name=\"twitter:card\" content=\"summary_large_image\" \/>\n<meta name=\"twitter:label1\" content=\"Est. tempo de leitura\" \/>\n\t<meta name=\"twitter:data1\" content=\"1 minuto\" \/>\n<script type=\"application\/ld+json\" class=\"yoast-schema-graph\">{\"@context\":\"https:\\\/\\\/schema.org\",\"@graph\":[{\"@type\":\"WebPage\",\"@id\":\"https:\\\/\\\/solardorosario.com.br\\\/galeria\\\/produto\\\/azulejo-com-moldurara-vivian-vidal\\\/\",\"url\":\"https:\\\/\\\/solardorosario.com.br\\\/galeria\\\/produto\\\/azulejo-com-moldurara-vivian-vidal\\\/\",\"name\":\"Azulejo com moldura - Vivian Vidal - Solar do Ros\u00e1rio Galeria \\\\\\\\\\\\\\\\Nova\",\"isPartOf\":{\"@id\":\"https:\\\/\\\/solardorosario.com.br\\\/galeria\\\/#website\"},\"primaryImageOfPage\":{\"@id\":\"https:\\\/\\\/solardorosario.com.br\\\/galeria\\\/produto\\\/azulejo-com-moldurara-vivian-vidal\\\/#primaryimage\"},\"image\":{\"@id\":\"https:\\\/\\\/solardorosario.com.br\\\/galeria\\\/produto\\\/azulejo-com-moldurara-vivian-vidal\\\/#primaryimage\"},\"thumbnailUrl\":\"https:\\\/\\\/solardorosario.com.br\\\/galeria\\\/wp-content\\\/uploads\\\/2021\\\/05\\\/IMG_7523-e1620410415935.jpeg\",\"datePublished\":\"2021-05-07T18:00:23+00:00\",\"dateModified\":\"2025-11-25T21:50:03+00:00\",\"breadcrumb\":{\"@id\":\"https:\\\/\\\/solardorosario.com.br\\\/galeria\\\/produto\\\/azulejo-com-moldurara-vivian-vidal\\\/#breadcrumb\"},\"inLanguage\":\"pt-BR\",\"potentialAction\":[{\"@type\":\"ReadAction\",\"target\":[\"https:\\\/\\\/solardorosario.com.br\\\/galeria\\\/produto\\\/azulejo-com-moldurara-vivian-vidal\\\/\"]}]},{\"@type\":\"ImageObject\",\"inLanguage\":\"pt-BR\",\"@id\":\"https:\\\/\\\/solardorosario.com.br\\\/galeria\\\/produto\\\/azulejo-com-moldurara-vivian-vidal\\\/#primaryimage\",\"url\":\"https:\\\/\\\/solardorosario.com.br\\\/galeria\\\/wp-content\\\/uploads\\\/2021\\\/05\\\/IMG_7523-e1620410415935.jpeg\",\"contentUrl\":\"https:\\\/\\\/solardorosario.com.br\\\/galeria\\\/wp-content\\\/uploads\\\/2021\\\/05\\\/IMG_7523-e1620410415935.jpeg\",\"width\":300,\"height\":303},{\"@type\":\"BreadcrumbList\",\"@id\":\"https:\\\/\\\/solardorosario.com.br\\\/galeria\\\/produto\\\/azulejo-com-moldurara-vivian-vidal\\\/#breadcrumb\",\"itemListElement\":[{\"@type\":\"ListItem\",\"position\":1,\"name\":\"In\u00edcio\",\"item\":\"https:\\\/\\\/solardorosario.com.br\\\/galeria\\\/\"},{\"@type\":\"ListItem\",\"position\":2,\"name\":\"galeria\",\"item\":\"https:\\\/\\\/solardorosario.com.br\\\/galeria\\\/galeria\\\/\"},{\"@type\":\"ListItem\",\"position\":3,\"name\":\"Azulejo com moldura - Vivian Vidal\"}]},{\"@type\":\"WebSite\",\"@id\":\"https:\\\/\\\/solardorosario.com.br\\\/galeria\\\/#website\",\"url\":\"https:\\\/\\\/solardorosario.com.br\\\/galeria\\\/\",\"name\":\"Solar do Ros\u00e1rio Galeria \\\\\\\\\\\\\\\\Nova\",\"description\":\"\",\"potentialAction\":[{\"@type\":\"SearchAction\",\"target\":{\"@type\":\"EntryPoint\",\"urlTemplate\":\"https:\\\/\\\/solardorosario.com.br\\\/galeria\\\/?s={search_term_string}\"},\"query-input\":{\"@type\":\"PropertyValueSpecification\",\"valueRequired\":true,\"valueName\":\"search_term_string\"}}],\"inLanguage\":\"pt-BR\"}]}<\/script>\n<!-- \/ Yoast SEO plugin. -->","yoast_head_json":{"title":"Azulejo com moldura - Vivian Vidal - Solar do Ros\u00e1rio Galeria \\\\\\\\Nova","robots":{"index":"index","follow":"follow","max-snippet":"max-snippet:-1","max-image-preview":"max-image-preview:large","max-video-preview":"max-video-preview:-1"},"canonical":"https:\/\/solardorosario.com.br\/galeria\/produto\/azulejo-com-moldurara-vivian-vidal\/","og_locale":"pt_BR","og_type":"article","og_title":"Azulejo com moldura - Vivian Vidal - Solar do Ros\u00e1rio Galeria \\\\\\\\Nova","og_description":"Artista: Vivian Vidal Dimens\u00e3o: 20x25cm Cor da moldura sujeita \u00e0 altera\u00e7\u00e3o (sem aviso pr\u00e9vio) devido ao estoque. Consulte no WhatsApp: (41)9 8804-3984","og_url":"https:\/\/solardorosario.com.br\/galeria\/produto\/azulejo-com-moldurara-vivian-vidal\/","og_site_name":"Solar do Ros\u00e1rio Galeria \\\\\\\\Nova","article_modified_time":"2025-11-25T21:50:03+00:00","og_image":[{"width":300,"height":303,"url":"https:\/\/solardorosario.com.br\/galeria\/wp-content\/uploads\/2021\/05\/IMG_7523-e1620410415935.jpeg","type":"image\/jpeg"}],"twitter_card":"summary_large_image","twitter_misc":{"Est. tempo de leitura":"1 minuto"},"schema":{"@context":"https:\/\/schema.org","@graph":[{"@type":"WebPage","@id":"https:\/\/solardorosario.com.br\/galeria\/produto\/azulejo-com-moldurara-vivian-vidal\/","url":"https:\/\/solardorosario.com.br\/galeria\/produto\/azulejo-com-moldurara-vivian-vidal\/","name":"Azulejo com moldura - Vivian Vidal - Solar do Ros\u00e1rio Galeria \\\\\\\\Nova","isPartOf":{"@id":"https:\/\/solardorosario.com.br\/galeria\/#website"},"primaryImageOfPage":{"@id":"https:\/\/solardorosario.com.br\/galeria\/produto\/azulejo-com-moldurara-vivian-vidal\/#primaryimage"},"image":{"@id":"https:\/\/solardorosario.com.br\/galeria\/produto\/azulejo-com-moldurara-vivian-vidal\/#primaryimage"},"thumbnailUrl":"https:\/\/solardorosario.com.br\/galeria\/wp-content\/uploads\/2021\/05\/IMG_7523-e1620410415935.jpeg","datePublished":"2021-05-07T18:00:23+00:00","dateModified":"2025-11-25T21:50:03+00:00","breadcrumb":{"@id":"https:\/\/solardorosario.com.br\/galeria\/produto\/azulejo-com-moldurara-vivian-vidal\/#breadcrumb"},"inLanguage":"pt-BR","potentialAction":[{"@type":"ReadAction","target":["https:\/\/solardorosario.com.br\/galeria\/produto\/azulejo-com-moldurara-vivian-vidal\/"]}]},{"@type":"ImageObject","inLanguage":"pt-BR","@id":"https:\/\/solardorosario.com.br\/galeria\/produto\/azulejo-com-moldurara-vivian-vidal\/#primaryimage","url":"https:\/\/solardorosario.com.br\/galeria\/wp-content\/uploads\/2021\/05\/IMG_7523-e1620410415935.jpeg","contentUrl":"https:\/\/solardorosario.com.br\/galeria\/wp-content\/uploads\/2021\/05\/IMG_7523-e1620410415935.jpeg","width":300,"height":303},{"@type":"BreadcrumbList","@id":"https:\/\/solardorosario.com.br\/galeria\/produto\/azulejo-com-moldurara-vivian-vidal\/#breadcrumb","itemListElement":[{"@type":"ListItem","position":1,"name":"In\u00edcio","item":"https:\/\/solardorosario.com.br\/galeria\/"},{"@type":"ListItem","position":2,"name":"galeria","item":"https:\/\/solardorosario.com.br\/galeria\/galeria\/"},{"@type":"ListItem","position":3,"name":"Azulejo com moldura - Vivian Vidal"}]},{"@type":"WebSite","@id":"https:\/\/solardorosario.com.br\/galeria\/#website","url":"https:\/\/solardorosario.com.br\/galeria\/","name":"Solar do Ros\u00e1rio Galeria \\\\\\\\Nova","description":"","potentialAction":[{"@type":"SearchAction","target":{"@type":"EntryPoint","urlTemplate":"https:\/\/solardorosario.com.br\/galeria\/?s={search_term_string}"},"query-input":{"@type":"PropertyValueSpecification","valueRequired":true,"valueName":"search_term_string"}}],"inLanguage":"pt-BR"}]}},"_links":{"self":[{"href":"https:\/\/solardorosario.com.br\/galeria\/wp-json\/wp\/v2\/product\/2358","targetHints":{"allow":["GET"]}}],"collection":[{"href":"https:\/\/solardorosario.com.br\/galeria\/wp-json\/wp\/v2\/product"}],"about":[{"href":"https:\/\/solardorosario.com.br\/galeria\/wp-json\/wp\/v2\/types\/product"}],"wp:featuredmedia":[{"embeddable":true,"href":"https:\/\/solardorosario.com.br\/galeria\/wp-json\/wp\/v2\/media\/2359"}],"wp:attachment":[{"href":"https:\/\/solardorosario.com.br\/galeria\/wp-json\/wp\/v2\/media?parent=2358"}],"wp:term":[{"taxonomy":"product_brand","embeddable":true,"href":"https:\/\/solardorosario.com.br\/galeria\/wp-json\/wp\/v2\/product_brand?post=2358"},{"taxonomy":"product_cat","embeddable":true,"href":"https:\/\/solardorosario.com.br\/galeria\/wp-json\/wp\/v2\/product_cat?post=2358"},{"taxonomy":"product_tag","embeddable":true,"href":"https:\/\/solardorosario.com.br\/galeria\/wp-json\/wp\/v2\/product_tag?post=2358"}],"curies":[{"name":"wp","href":"https:\/\/api.w.org\/{rel}","templated":true}]}}