{"id":2334,"date":"2021-05-07T10:25:42","date_gmt":"2021-05-07T13:25:42","guid":{"rendered":"https:\/\/solardorosario.com.br\/galeria\/?post_type=product&#038;p=2334"},"modified":"2025-11-25T18:34:58","modified_gmt":"2025-11-25T21:34:58","slug":"azulejo-com-moldura-poty-6","status":"publish","type":"product","link":"https:\/\/solardorosario.com.br\/galeria\/produto\/azulejo-com-moldura-poty-6\/","title":{"rendered":"Azulejo Poty - O Artista (fundo azul e com moldura)"},"content":{"rendered":"<p><strong>Artista:<\/strong> Poty<\/p>\n<p><strong>T\u00edtulo:<\/strong> O Artista (em azul)<\/p>\n<p><strong>Dimens\u00e3o:<\/strong> 20x25cm<\/p>\n<p><strong>Cor da moldura sujeita \u00e0 altera\u00e7\u00e3o (sem aviso pr\u00e9vio)\u00a0 devido ao estoque. Consulte no WhatsApp: (41)9 8804-3984<\/strong><\/p>\n<div id=\"code_block-64-873\" class=\"ct-code-block\"><\/div>\n<p><em>As cidades t\u00eam seus poetas, seus cantores e seus pintores. Os mineiros t\u00eam Guignard, os cariocas t\u00eam Di Cavalcanti. Curitiba recebeu dos deuses o privil\u00e9gio de ter Poty a celebr\u00e1-la. Muralista por excel\u00eancia, onde quer que se caminhe na capital do Paran\u00e1 acompanha-se a obra monumental e o forte tra\u00e7o, \u00fanico, caracter\u00edstico de Napoleon Potyguara Lazzarotto, o nosso Poty.<\/em><\/p>\n<p>Regina Casillo, 1998<\/p>\n","protected":false},"excerpt":{"rendered":"<p>Artista: Poty T\u00edtulo: O Artista (em azul) Dimens\u00e3o: 20x25cm Cor da moldura sujeita \u00e0 altera\u00e7\u00e3o (sem aviso pr\u00e9vio)\u00a0 devido ao estoque. Consulte no WhatsApp: (41)9 8804-3984 As cidades t\u00eam seus poetas, seus cantores e seus pintores. Os mineiros t\u00eam Guignard, os cariocas t\u00eam Di Cavalcanti. Curitiba recebeu dos deuses o privil\u00e9gio de ter Poty a [&hellip;]<\/p>\n","protected":false},"featured_media":2335,"template":"","meta":[],"product_brand":[],"product_cat":[117],"product_tag":[],"class_list":{"0":"post-2334","1":"product","2":"type-product","3":"status-publish","4":"has-post-thumbnail","6":"product_cat-galeria","7":"pa_artista-poty","8":"pa_tecnica-azulejos-de-arte","10":"first","11":"instock","12":"shipping-taxable","13":"purchasable","14":"product-type-simple"},"yoast_head":"<!-- This site is optimized with the Yoast SEO plugin v27.4 - https:\/\/yoast.com\/product\/yoast-seo-wordpress\/ -->\n<title>Azulejo Poty - O Artista (fundo azul e com moldura) - Solar do Ros\u00e1rio Galeria \\\\\\\\Nova<\/title>\n<meta name=\"robots\" content=\"index, follow, max-snippet:-1, max-image-preview:large, max-video-preview:-1\" \/>\n<link rel=\"canonical\" href=\"https:\/\/solardorosario.com.br\/galeria\/produto\/azulejo-com-moldura-poty-6\/\" \/>\n<meta property=\"og:locale\" content=\"pt_BR\" \/>\n<meta property=\"og:type\" content=\"article\" \/>\n<meta property=\"og:title\" content=\"Azulejo Poty - O Artista (fundo azul e com moldura) - Solar do Ros\u00e1rio Galeria \\\\\\\\Nova\" \/>\n<meta property=\"og:description\" content=\"Artista: Poty T\u00edtulo: O Artista (em azul) Dimens\u00e3o: 20x25cm Cor da moldura sujeita \u00e0 altera\u00e7\u00e3o (sem aviso pr\u00e9vio)\u00a0 devido ao estoque. Consulte no WhatsApp: (41)9 8804-3984 As cidades t\u00eam seus poetas, seus cantores e seus pintores. Os mineiros t\u00eam Guignard, os cariocas t\u00eam Di Cavalcanti. Curitiba recebeu dos deuses o privil\u00e9gio de ter Poty a [&hellip;]\" \/>\n<meta property=\"og:url\" content=\"https:\/\/solardorosario.com.br\/galeria\/produto\/azulejo-com-moldura-poty-6\/\" \/>\n<meta property=\"og:site_name\" content=\"Solar do Ros\u00e1rio Galeria \\\\\\\\Nova\" \/>\n<meta property=\"article:modified_time\" content=\"2025-11-25T21:34:58+00:00\" \/>\n<meta property=\"og:image\" content=\"https:\/\/solardorosario.com.br\/galeria\/wp-content\/uploads\/2021\/05\/azel-e1620393935789.jpeg\" \/>\n\t<meta property=\"og:image:width\" content=\"300\" \/>\n\t<meta property=\"og:image:height\" content=\"318\" \/>\n\t<meta property=\"og:image:type\" content=\"image\/jpeg\" \/>\n<meta name=\"twitter:card\" content=\"summary_large_image\" \/>\n<meta name=\"twitter:label1\" content=\"Est. tempo de leitura\" \/>\n\t<meta name=\"twitter:data1\" content=\"1 minuto\" \/>\n<script type=\"application\/ld+json\" class=\"yoast-schema-graph\">{\"@context\":\"https:\\\/\\\/schema.org\",\"@graph\":[{\"@type\":\"WebPage\",\"@id\":\"https:\\\/\\\/solardorosario.com.br\\\/galeria\\\/produto\\\/azulejo-com-moldura-poty-6\\\/\",\"url\":\"https:\\\/\\\/solardorosario.com.br\\\/galeria\\\/produto\\\/azulejo-com-moldura-poty-6\\\/\",\"name\":\"Azulejo Poty - O Artista (fundo azul e com moldura) - Solar do Ros\u00e1rio Galeria \\\\\\\\\\\\\\\\Nova\",\"isPartOf\":{\"@id\":\"https:\\\/\\\/solardorosario.com.br\\\/galeria\\\/#website\"},\"primaryImageOfPage\":{\"@id\":\"https:\\\/\\\/solardorosario.com.br\\\/galeria\\\/produto\\\/azulejo-com-moldura-poty-6\\\/#primaryimage\"},\"image\":{\"@id\":\"https:\\\/\\\/solardorosario.com.br\\\/galeria\\\/produto\\\/azulejo-com-moldura-poty-6\\\/#primaryimage\"},\"thumbnailUrl\":\"https:\\\/\\\/solardorosario.com.br\\\/galeria\\\/wp-content\\\/uploads\\\/2021\\\/05\\\/azel-e1620393935789.jpeg\",\"datePublished\":\"2021-05-07T13:25:42+00:00\",\"dateModified\":\"2025-11-25T21:34:58+00:00\",\"breadcrumb\":{\"@id\":\"https:\\\/\\\/solardorosario.com.br\\\/galeria\\\/produto\\\/azulejo-com-moldura-poty-6\\\/#breadcrumb\"},\"inLanguage\":\"pt-BR\",\"potentialAction\":[{\"@type\":\"ReadAction\",\"target\":[\"https:\\\/\\\/solardorosario.com.br\\\/galeria\\\/produto\\\/azulejo-com-moldura-poty-6\\\/\"]}]},{\"@type\":\"ImageObject\",\"inLanguage\":\"pt-BR\",\"@id\":\"https:\\\/\\\/solardorosario.com.br\\\/galeria\\\/produto\\\/azulejo-com-moldura-poty-6\\\/#primaryimage\",\"url\":\"https:\\\/\\\/solardorosario.com.br\\\/galeria\\\/wp-content\\\/uploads\\\/2021\\\/05\\\/azel-e1620393935789.jpeg\",\"contentUrl\":\"https:\\\/\\\/solardorosario.com.br\\\/galeria\\\/wp-content\\\/uploads\\\/2021\\\/05\\\/azel-e1620393935789.jpeg\",\"width\":300,\"height\":318},{\"@type\":\"BreadcrumbList\",\"@id\":\"https:\\\/\\\/solardorosario.com.br\\\/galeria\\\/produto\\\/azulejo-com-moldura-poty-6\\\/#breadcrumb\",\"itemListElement\":[{\"@type\":\"ListItem\",\"position\":1,\"name\":\"In\u00edcio\",\"item\":\"https:\\\/\\\/solardorosario.com.br\\\/galeria\\\/\"},{\"@type\":\"ListItem\",\"position\":2,\"name\":\"galeria\",\"item\":\"https:\\\/\\\/solardorosario.com.br\\\/galeria\\\/galeria\\\/\"},{\"@type\":\"ListItem\",\"position\":3,\"name\":\"Azulejo Poty - O Artista (fundo azul e com moldura)\"}]},{\"@type\":\"WebSite\",\"@id\":\"https:\\\/\\\/solardorosario.com.br\\\/galeria\\\/#website\",\"url\":\"https:\\\/\\\/solardorosario.com.br\\\/galeria\\\/\",\"name\":\"Solar do Ros\u00e1rio Galeria \\\\\\\\\\\\\\\\Nova\",\"description\":\"\",\"potentialAction\":[{\"@type\":\"SearchAction\",\"target\":{\"@type\":\"EntryPoint\",\"urlTemplate\":\"https:\\\/\\\/solardorosario.com.br\\\/galeria\\\/?s={search_term_string}\"},\"query-input\":{\"@type\":\"PropertyValueSpecification\",\"valueRequired\":true,\"valueName\":\"search_term_string\"}}],\"inLanguage\":\"pt-BR\"}]}<\/script>\n<!-- \/ Yoast SEO plugin. -->","yoast_head_json":{"title":"Azulejo Poty - O Artista (fundo azul e com moldura) - Solar do Ros\u00e1rio Galeria \\\\\\\\Nova","robots":{"index":"index","follow":"follow","max-snippet":"max-snippet:-1","max-image-preview":"max-image-preview:large","max-video-preview":"max-video-preview:-1"},"canonical":"https:\/\/solardorosario.com.br\/galeria\/produto\/azulejo-com-moldura-poty-6\/","og_locale":"pt_BR","og_type":"article","og_title":"Azulejo Poty - O Artista (fundo azul e com moldura) - Solar do Ros\u00e1rio Galeria \\\\\\\\Nova","og_description":"Artista: Poty T\u00edtulo: O Artista (em azul) Dimens\u00e3o: 20x25cm Cor da moldura sujeita \u00e0 altera\u00e7\u00e3o (sem aviso pr\u00e9vio)\u00a0 devido ao estoque. Consulte no WhatsApp: (41)9 8804-3984 As cidades t\u00eam seus poetas, seus cantores e seus pintores. Os mineiros t\u00eam Guignard, os cariocas t\u00eam Di Cavalcanti. Curitiba recebeu dos deuses o privil\u00e9gio de ter Poty a [&hellip;]","og_url":"https:\/\/solardorosario.com.br\/galeria\/produto\/azulejo-com-moldura-poty-6\/","og_site_name":"Solar do Ros\u00e1rio Galeria \\\\\\\\Nova","article_modified_time":"2025-11-25T21:34:58+00:00","og_image":[{"width":300,"height":318,"url":"https:\/\/solardorosario.com.br\/galeria\/wp-content\/uploads\/2021\/05\/azel-e1620393935789.jpeg","type":"image\/jpeg"}],"twitter_card":"summary_large_image","twitter_misc":{"Est. tempo de leitura":"1 minuto"},"schema":{"@context":"https:\/\/schema.org","@graph":[{"@type":"WebPage","@id":"https:\/\/solardorosario.com.br\/galeria\/produto\/azulejo-com-moldura-poty-6\/","url":"https:\/\/solardorosario.com.br\/galeria\/produto\/azulejo-com-moldura-poty-6\/","name":"Azulejo Poty - O Artista (fundo azul e com moldura) - Solar do Ros\u00e1rio Galeria \\\\\\\\Nova","isPartOf":{"@id":"https:\/\/solardorosario.com.br\/galeria\/#website"},"primaryImageOfPage":{"@id":"https:\/\/solardorosario.com.br\/galeria\/produto\/azulejo-com-moldura-poty-6\/#primaryimage"},"image":{"@id":"https:\/\/solardorosario.com.br\/galeria\/produto\/azulejo-com-moldura-poty-6\/#primaryimage"},"thumbnailUrl":"https:\/\/solardorosario.com.br\/galeria\/wp-content\/uploads\/2021\/05\/azel-e1620393935789.jpeg","datePublished":"2021-05-07T13:25:42+00:00","dateModified":"2025-11-25T21:34:58+00:00","breadcrumb":{"@id":"https:\/\/solardorosario.com.br\/galeria\/produto\/azulejo-com-moldura-poty-6\/#breadcrumb"},"inLanguage":"pt-BR","potentialAction":[{"@type":"ReadAction","target":["https:\/\/solardorosario.com.br\/galeria\/produto\/azulejo-com-moldura-poty-6\/"]}]},{"@type":"ImageObject","inLanguage":"pt-BR","@id":"https:\/\/solardorosario.com.br\/galeria\/produto\/azulejo-com-moldura-poty-6\/#primaryimage","url":"https:\/\/solardorosario.com.br\/galeria\/wp-content\/uploads\/2021\/05\/azel-e1620393935789.jpeg","contentUrl":"https:\/\/solardorosario.com.br\/galeria\/wp-content\/uploads\/2021\/05\/azel-e1620393935789.jpeg","width":300,"height":318},{"@type":"BreadcrumbList","@id":"https:\/\/solardorosario.com.br\/galeria\/produto\/azulejo-com-moldura-poty-6\/#breadcrumb","itemListElement":[{"@type":"ListItem","position":1,"name":"In\u00edcio","item":"https:\/\/solardorosario.com.br\/galeria\/"},{"@type":"ListItem","position":2,"name":"galeria","item":"https:\/\/solardorosario.com.br\/galeria\/galeria\/"},{"@type":"ListItem","position":3,"name":"Azulejo Poty - O Artista (fundo azul e com moldura)"}]},{"@type":"WebSite","@id":"https:\/\/solardorosario.com.br\/galeria\/#website","url":"https:\/\/solardorosario.com.br\/galeria\/","name":"Solar do Ros\u00e1rio Galeria \\\\\\\\Nova","description":"","potentialAction":[{"@type":"SearchAction","target":{"@type":"EntryPoint","urlTemplate":"https:\/\/solardorosario.com.br\/galeria\/?s={search_term_string}"},"query-input":{"@type":"PropertyValueSpecification","valueRequired":true,"valueName":"search_term_string"}}],"inLanguage":"pt-BR"}]}},"_links":{"self":[{"href":"https:\/\/solardorosario.com.br\/galeria\/wp-json\/wp\/v2\/product\/2334","targetHints":{"allow":["GET"]}}],"collection":[{"href":"https:\/\/solardorosario.com.br\/galeria\/wp-json\/wp\/v2\/product"}],"about":[{"href":"https:\/\/solardorosario.com.br\/galeria\/wp-json\/wp\/v2\/types\/product"}],"wp:featuredmedia":[{"embeddable":true,"href":"https:\/\/solardorosario.com.br\/galeria\/wp-json\/wp\/v2\/media\/2335"}],"wp:attachment":[{"href":"https:\/\/solardorosario.com.br\/galeria\/wp-json\/wp\/v2\/media?parent=2334"}],"wp:term":[{"taxonomy":"product_brand","embeddable":true,"href":"https:\/\/solardorosario.com.br\/galeria\/wp-json\/wp\/v2\/product_brand?post=2334"},{"taxonomy":"product_cat","embeddable":true,"href":"https:\/\/solardorosario.com.br\/galeria\/wp-json\/wp\/v2\/product_cat?post=2334"},{"taxonomy":"product_tag","embeddable":true,"href":"https:\/\/solardorosario.com.br\/galeria\/wp-json\/wp\/v2\/product_tag?post=2334"}],"curies":[{"name":"wp","href":"https:\/\/api.w.org\/{rel}","templated":true}]}}