{"id":2295,"date":"2021-05-07T08:49:02","date_gmt":"2021-05-07T11:49:02","guid":{"rendered":"https:\/\/solardorosario.com.br\/galeria\/?post_type=product&#038;p=2295"},"modified":"2025-11-27T17:11:27","modified_gmt":"2025-11-27T20:11:27","slug":"azulejo-poty-sao-francisco-de-curitiba-preto-e-branco-sem-moldura","status":"publish","type":"product","link":"https:\/\/solardorosario.com.br\/galeria\/produto\/azulejo-poty-sao-francisco-de-curitiba-preto-e-branco-sem-moldura\/","title":{"rendered":"Azulejo Poty - S\u00e3o Francisco de Curitiba Preto e Branco (sem moldura)"},"content":{"rendered":"<p><strong>Artista:<\/strong> Poty<br \/>\n<strong>T\u00edtulo:<\/strong> S\u00e3o Francisco de Curitiba P&amp;B<br \/>\n<strong>Dimens\u00e3o:<\/strong> 20x25cm (sem moldura)<\/p>\n<p>&nbsp;<\/p>\n<p>Poty criou o S\u00e3o Francisco de Curitiba, santo preferido dos devotos da cidade, com o que temos de t\u00e3o t\u00edpico: o nosso pinh\u00e3o.<\/p>\n<p><em>Regina Casillo, 2010<\/em><\/p>\n<p>&nbsp;<\/p>\n<p>As cidades t\u00eam seus poetas, seus cantores e seus pintores. Os mineiros t\u00eam Guignard, os cariocas t\u00eam Di Cavalcanti. Curitiba recebeu dos deuses o privil\u00e9gio de ter Poty a celebr\u00e1-la. Muralista por excel\u00eancia, onde quer que se caminhe na capital do Paran\u00e1 acompanha-se a obra monumental e o forte tra\u00e7o, \u00fanico, caracter\u00edstico de Napoleon Potyguara Lazzarotto, o nosso Poty.<\/p>\n<p><em>Regina Casillo, 1998<\/em><\/p>\n","protected":false},"excerpt":{"rendered":"<p>Artista: Poty T\u00edtulo: S\u00e3o Francisco de Curitiba P&amp;B Dimens\u00e3o: 20x25cm (sem moldura) &nbsp; Poty criou o S\u00e3o Francisco de Curitiba, santo preferido dos devotos da cidade, com o que temos de t\u00e3o t\u00edpico: o nosso pinh\u00e3o. Regina Casillo, 2010 &nbsp; As cidades t\u00eam seus poetas, seus cantores e seus pintores. Os mineiros t\u00eam Guignard, os [&hellip;]<\/p>\n","protected":false},"featured_media":2296,"template":"","meta":[],"product_brand":[],"product_cat":[117],"product_tag":[],"class_list":{"0":"post-2295","1":"product","2":"type-product","3":"status-publish","4":"has-post-thumbnail","6":"product_cat-galeria","7":"pa_artista-poty","8":"pa_estilo-figurativo","9":"pa_tecnica-azulejos-de-arte","11":"first","12":"instock","13":"shipping-taxable","14":"purchasable","15":"product-type-simple"},"yoast_head":"<!-- This site is optimized with the Yoast SEO plugin v27.4 - https:\/\/yoast.com\/product\/yoast-seo-wordpress\/ -->\n<title>Azulejo Poty - S\u00e3o Francisco de Curitiba Preto e Branco (sem moldura) - Solar do Ros\u00e1rio Galeria \\\\\\\\Nova<\/title>\n<meta name=\"robots\" content=\"index, follow, max-snippet:-1, max-image-preview:large, max-video-preview:-1\" \/>\n<link rel=\"canonical\" href=\"https:\/\/solardorosario.com.br\/galeria\/produto\/azulejo-poty-sao-francisco-de-curitiba-preto-e-branco-sem-moldura\/\" \/>\n<meta property=\"og:locale\" content=\"pt_BR\" \/>\n<meta property=\"og:type\" content=\"article\" \/>\n<meta property=\"og:title\" content=\"Azulejo Poty - S\u00e3o Francisco de Curitiba Preto e Branco (sem moldura) - Solar do Ros\u00e1rio Galeria \\\\\\\\Nova\" \/>\n<meta property=\"og:description\" content=\"Artista: Poty T\u00edtulo: S\u00e3o Francisco de Curitiba P&amp;B Dimens\u00e3o: 20x25cm (sem moldura) &nbsp; Poty criou o S\u00e3o Francisco de Curitiba, santo preferido dos devotos da cidade, com o que temos de t\u00e3o t\u00edpico: o nosso pinh\u00e3o. Regina Casillo, 2010 &nbsp; As cidades t\u00eam seus poetas, seus cantores e seus pintores. Os mineiros t\u00eam Guignard, os [&hellip;]\" \/>\n<meta property=\"og:url\" content=\"https:\/\/solardorosario.com.br\/galeria\/produto\/azulejo-poty-sao-francisco-de-curitiba-preto-e-branco-sem-moldura\/\" \/>\n<meta property=\"og:site_name\" content=\"Solar do Ros\u00e1rio Galeria \\\\\\\\Nova\" \/>\n<meta property=\"article:modified_time\" content=\"2025-11-27T20:11:27+00:00\" \/>\n<meta property=\"og:image\" content=\"https:\/\/solardorosario.com.br\/galeria\/wp-content\/uploads\/2021\/05\/2-e1620388134575.png\" \/>\n\t<meta property=\"og:image:width\" content=\"250\" \/>\n\t<meta property=\"og:image:height\" content=\"211\" \/>\n\t<meta property=\"og:image:type\" content=\"image\/png\" \/>\n<meta name=\"twitter:card\" content=\"summary_large_image\" \/>\n<meta name=\"twitter:label1\" content=\"Est. tempo de leitura\" \/>\n\t<meta name=\"twitter:data1\" content=\"1 minuto\" \/>\n<script type=\"application\/ld+json\" class=\"yoast-schema-graph\">{\"@context\":\"https:\\\/\\\/schema.org\",\"@graph\":[{\"@type\":\"WebPage\",\"@id\":\"https:\\\/\\\/solardorosario.com.br\\\/galeria\\\/produto\\\/azulejo-poty-sao-francisco-de-curitiba-preto-e-branco-sem-moldura\\\/\",\"url\":\"https:\\\/\\\/solardorosario.com.br\\\/galeria\\\/produto\\\/azulejo-poty-sao-francisco-de-curitiba-preto-e-branco-sem-moldura\\\/\",\"name\":\"Azulejo Poty - S\u00e3o Francisco de Curitiba Preto e Branco (sem moldura) - Solar do Ros\u00e1rio Galeria \\\\\\\\\\\\\\\\Nova\",\"isPartOf\":{\"@id\":\"https:\\\/\\\/solardorosario.com.br\\\/galeria\\\/#website\"},\"primaryImageOfPage\":{\"@id\":\"https:\\\/\\\/solardorosario.com.br\\\/galeria\\\/produto\\\/azulejo-poty-sao-francisco-de-curitiba-preto-e-branco-sem-moldura\\\/#primaryimage\"},\"image\":{\"@id\":\"https:\\\/\\\/solardorosario.com.br\\\/galeria\\\/produto\\\/azulejo-poty-sao-francisco-de-curitiba-preto-e-branco-sem-moldura\\\/#primaryimage\"},\"thumbnailUrl\":\"https:\\\/\\\/solardorosario.com.br\\\/galeria\\\/wp-content\\\/uploads\\\/2021\\\/05\\\/2-e1620388134575.png\",\"datePublished\":\"2021-05-07T11:49:02+00:00\",\"dateModified\":\"2025-11-27T20:11:27+00:00\",\"breadcrumb\":{\"@id\":\"https:\\\/\\\/solardorosario.com.br\\\/galeria\\\/produto\\\/azulejo-poty-sao-francisco-de-curitiba-preto-e-branco-sem-moldura\\\/#breadcrumb\"},\"inLanguage\":\"pt-BR\",\"potentialAction\":[{\"@type\":\"ReadAction\",\"target\":[\"https:\\\/\\\/solardorosario.com.br\\\/galeria\\\/produto\\\/azulejo-poty-sao-francisco-de-curitiba-preto-e-branco-sem-moldura\\\/\"]}]},{\"@type\":\"ImageObject\",\"inLanguage\":\"pt-BR\",\"@id\":\"https:\\\/\\\/solardorosario.com.br\\\/galeria\\\/produto\\\/azulejo-poty-sao-francisco-de-curitiba-preto-e-branco-sem-moldura\\\/#primaryimage\",\"url\":\"https:\\\/\\\/solardorosario.com.br\\\/galeria\\\/wp-content\\\/uploads\\\/2021\\\/05\\\/2-e1620388134575.png\",\"contentUrl\":\"https:\\\/\\\/solardorosario.com.br\\\/galeria\\\/wp-content\\\/uploads\\\/2021\\\/05\\\/2-e1620388134575.png\",\"width\":250,\"height\":211},{\"@type\":\"BreadcrumbList\",\"@id\":\"https:\\\/\\\/solardorosario.com.br\\\/galeria\\\/produto\\\/azulejo-poty-sao-francisco-de-curitiba-preto-e-branco-sem-moldura\\\/#breadcrumb\",\"itemListElement\":[{\"@type\":\"ListItem\",\"position\":1,\"name\":\"In\u00edcio\",\"item\":\"https:\\\/\\\/solardorosario.com.br\\\/galeria\\\/\"},{\"@type\":\"ListItem\",\"position\":2,\"name\":\"galeria\",\"item\":\"https:\\\/\\\/solardorosario.com.br\\\/galeria\\\/galeria\\\/\"},{\"@type\":\"ListItem\",\"position\":3,\"name\":\"Azulejo Poty - S\u00e3o Francisco de Curitiba Preto e Branco (sem moldura)\"}]},{\"@type\":\"WebSite\",\"@id\":\"https:\\\/\\\/solardorosario.com.br\\\/galeria\\\/#website\",\"url\":\"https:\\\/\\\/solardorosario.com.br\\\/galeria\\\/\",\"name\":\"Solar do Ros\u00e1rio Galeria \\\\\\\\\\\\\\\\Nova\",\"description\":\"\",\"potentialAction\":[{\"@type\":\"SearchAction\",\"target\":{\"@type\":\"EntryPoint\",\"urlTemplate\":\"https:\\\/\\\/solardorosario.com.br\\\/galeria\\\/?s={search_term_string}\"},\"query-input\":{\"@type\":\"PropertyValueSpecification\",\"valueRequired\":true,\"valueName\":\"search_term_string\"}}],\"inLanguage\":\"pt-BR\"}]}<\/script>\n<!-- \/ Yoast SEO plugin. -->","yoast_head_json":{"title":"Azulejo Poty - S\u00e3o Francisco de Curitiba Preto e Branco (sem moldura) - Solar do Ros\u00e1rio Galeria \\\\\\\\Nova","robots":{"index":"index","follow":"follow","max-snippet":"max-snippet:-1","max-image-preview":"max-image-preview:large","max-video-preview":"max-video-preview:-1"},"canonical":"https:\/\/solardorosario.com.br\/galeria\/produto\/azulejo-poty-sao-francisco-de-curitiba-preto-e-branco-sem-moldura\/","og_locale":"pt_BR","og_type":"article","og_title":"Azulejo Poty - S\u00e3o Francisco de Curitiba Preto e Branco (sem moldura) - Solar do Ros\u00e1rio Galeria \\\\\\\\Nova","og_description":"Artista: Poty T\u00edtulo: S\u00e3o Francisco de Curitiba P&amp;B Dimens\u00e3o: 20x25cm (sem moldura) &nbsp; Poty criou o S\u00e3o Francisco de Curitiba, santo preferido dos devotos da cidade, com o que temos de t\u00e3o t\u00edpico: o nosso pinh\u00e3o. Regina Casillo, 2010 &nbsp; As cidades t\u00eam seus poetas, seus cantores e seus pintores. Os mineiros t\u00eam Guignard, os [&hellip;]","og_url":"https:\/\/solardorosario.com.br\/galeria\/produto\/azulejo-poty-sao-francisco-de-curitiba-preto-e-branco-sem-moldura\/","og_site_name":"Solar do Ros\u00e1rio Galeria \\\\\\\\Nova","article_modified_time":"2025-11-27T20:11:27+00:00","og_image":[{"width":250,"height":211,"url":"https:\/\/solardorosario.com.br\/galeria\/wp-content\/uploads\/2021\/05\/2-e1620388134575.png","type":"image\/png"}],"twitter_card":"summary_large_image","twitter_misc":{"Est. tempo de leitura":"1 minuto"},"schema":{"@context":"https:\/\/schema.org","@graph":[{"@type":"WebPage","@id":"https:\/\/solardorosario.com.br\/galeria\/produto\/azulejo-poty-sao-francisco-de-curitiba-preto-e-branco-sem-moldura\/","url":"https:\/\/solardorosario.com.br\/galeria\/produto\/azulejo-poty-sao-francisco-de-curitiba-preto-e-branco-sem-moldura\/","name":"Azulejo Poty - S\u00e3o Francisco de Curitiba Preto e Branco (sem moldura) - Solar do Ros\u00e1rio Galeria \\\\\\\\Nova","isPartOf":{"@id":"https:\/\/solardorosario.com.br\/galeria\/#website"},"primaryImageOfPage":{"@id":"https:\/\/solardorosario.com.br\/galeria\/produto\/azulejo-poty-sao-francisco-de-curitiba-preto-e-branco-sem-moldura\/#primaryimage"},"image":{"@id":"https:\/\/solardorosario.com.br\/galeria\/produto\/azulejo-poty-sao-francisco-de-curitiba-preto-e-branco-sem-moldura\/#primaryimage"},"thumbnailUrl":"https:\/\/solardorosario.com.br\/galeria\/wp-content\/uploads\/2021\/05\/2-e1620388134575.png","datePublished":"2021-05-07T11:49:02+00:00","dateModified":"2025-11-27T20:11:27+00:00","breadcrumb":{"@id":"https:\/\/solardorosario.com.br\/galeria\/produto\/azulejo-poty-sao-francisco-de-curitiba-preto-e-branco-sem-moldura\/#breadcrumb"},"inLanguage":"pt-BR","potentialAction":[{"@type":"ReadAction","target":["https:\/\/solardorosario.com.br\/galeria\/produto\/azulejo-poty-sao-francisco-de-curitiba-preto-e-branco-sem-moldura\/"]}]},{"@type":"ImageObject","inLanguage":"pt-BR","@id":"https:\/\/solardorosario.com.br\/galeria\/produto\/azulejo-poty-sao-francisco-de-curitiba-preto-e-branco-sem-moldura\/#primaryimage","url":"https:\/\/solardorosario.com.br\/galeria\/wp-content\/uploads\/2021\/05\/2-e1620388134575.png","contentUrl":"https:\/\/solardorosario.com.br\/galeria\/wp-content\/uploads\/2021\/05\/2-e1620388134575.png","width":250,"height":211},{"@type":"BreadcrumbList","@id":"https:\/\/solardorosario.com.br\/galeria\/produto\/azulejo-poty-sao-francisco-de-curitiba-preto-e-branco-sem-moldura\/#breadcrumb","itemListElement":[{"@type":"ListItem","position":1,"name":"In\u00edcio","item":"https:\/\/solardorosario.com.br\/galeria\/"},{"@type":"ListItem","position":2,"name":"galeria","item":"https:\/\/solardorosario.com.br\/galeria\/galeria\/"},{"@type":"ListItem","position":3,"name":"Azulejo Poty - S\u00e3o Francisco de Curitiba Preto e Branco (sem moldura)"}]},{"@type":"WebSite","@id":"https:\/\/solardorosario.com.br\/galeria\/#website","url":"https:\/\/solardorosario.com.br\/galeria\/","name":"Solar do Ros\u00e1rio Galeria \\\\\\\\Nova","description":"","potentialAction":[{"@type":"SearchAction","target":{"@type":"EntryPoint","urlTemplate":"https:\/\/solardorosario.com.br\/galeria\/?s={search_term_string}"},"query-input":{"@type":"PropertyValueSpecification","valueRequired":true,"valueName":"search_term_string"}}],"inLanguage":"pt-BR"}]}},"_links":{"self":[{"href":"https:\/\/solardorosario.com.br\/galeria\/wp-json\/wp\/v2\/product\/2295","targetHints":{"allow":["GET"]}}],"collection":[{"href":"https:\/\/solardorosario.com.br\/galeria\/wp-json\/wp\/v2\/product"}],"about":[{"href":"https:\/\/solardorosario.com.br\/galeria\/wp-json\/wp\/v2\/types\/product"}],"wp:featuredmedia":[{"embeddable":true,"href":"https:\/\/solardorosario.com.br\/galeria\/wp-json\/wp\/v2\/media\/2296"}],"wp:attachment":[{"href":"https:\/\/solardorosario.com.br\/galeria\/wp-json\/wp\/v2\/media?parent=2295"}],"wp:term":[{"taxonomy":"product_brand","embeddable":true,"href":"https:\/\/solardorosario.com.br\/galeria\/wp-json\/wp\/v2\/product_brand?post=2295"},{"taxonomy":"product_cat","embeddable":true,"href":"https:\/\/solardorosario.com.br\/galeria\/wp-json\/wp\/v2\/product_cat?post=2295"},{"taxonomy":"product_tag","embeddable":true,"href":"https:\/\/solardorosario.com.br\/galeria\/wp-json\/wp\/v2\/product_tag?post=2295"}],"curies":[{"name":"wp","href":"https:\/\/api.w.org\/{rel}","templated":true}]}}