{"id":2265,"date":"2021-05-06T14:02:20","date_gmt":"2021-05-06T17:02:20","guid":{"rendered":"https:\/\/solardorosario.com.br\/galeria\/?post_type=product&#038;p=2265"},"modified":"2026-03-26T17:08:29","modified_gmt":"2026-03-26T20:08:29","slug":"jussara-age-sem-titulo-3","status":"publish","type":"product","link":"https:\/\/solardorosario.com.br\/galeria\/produto\/jussara-age-sem-titulo-3\/","title":{"rendered":"Jussara Age - Sem t\u00edtulo"},"content":{"rendered":"<p><strong>Artista:<\/strong> Jussara Age<\/p>\n<p><strong>T\u00edtulo:<\/strong> Sem t\u00edtulo<\/p>\n<p><strong>Dimens\u00e3o:<\/strong> 209x91cm<\/p>\n<p><strong>T\u00e9cnica:<\/strong> \u00d3leo sobre tela (sem moldura)<\/p>\n<p>&nbsp;<\/p>\n<p>&nbsp;<\/p>\n<p>Jussara Age nasceu em Curitiba - PR, em 1953. \u00c9 artista visual, gravurista, pintora, desenhista e professora. \u00c9 formada pela Escola de M\u00fasica e Belas Artes do Paran\u00e1 (EMBAP). Se especializou em Litografia Avan\u00e7ada pela Escola de Comunica\u00e7\u00f5es e Artes da Universidade de S\u00e3o Paulo (ECA-USP) com Garo Andreazian. \u00c9 p\u00f3s-graduada pela EMBAP, em Hist\u00f3ria da Arte do S\u00e9culo XX. Al\u00e9m disso, fez cursos de litografia com Dan\u00fabio Gon\u00e7alves e Ant\u00f4nio Grosso, xilogravura com Rubem Grillo e pintura com Fernando Calderari. Foi orientadora da Oficina ne litografia no Solar do Bar\u00e3o e docente no curso superior de Gravura da EMBAP. Exp\u00f4s individualmente em Curitiba, Bras\u00edlia e no exterior na Holanda e na Espanha. Participou de mostras e exposi\u00e7\u00f5es coletivas em Curitiba, Pernambuco, Recife, Porto Rico, Argentina, Fran\u00e7a, Pol\u00f4nia, Su\u00ed\u00e7a. Al\u00e9m disso, exp\u00f4s em Sal\u00f5es como o Sal\u00e3o da Primavera, Sal\u00e3o Paranaense e recebeu pr\u00eamios como o Pr\u00eamio \"Sal\u00e3o Oficial de Arte\" - MEP\/SEEC, Recife\/PE, 1979, Pr\u00eamio \"34\u00ba Sal\u00e3o Paranaense\" - Sala de Exposi\u00e7\u00f5es do Teatro Gua\u00edra\/MAC-PR\/DAC\/SEC, Curitiba\/PR, 1977 e \"VI Mostra da Gravura Cidade de Curitiba - Pan-Americana\" - Solar do Bar\u00e3o\/FCC\/PMC, Curitiba\/PR, 1984. Suas obras integram museus como Museu de Arte Contempor\u00e2nea do Paran\u00e1 (MAC - PR), Museu de Arte Brasileira - Funda\u00e7\u00e3o Armando Alvares Penteado (FAAP - SP), Museu Nacional de Belas Artes, no Rio de Janeiro e no Museu Oscar Niemeyer, em Curitiba - PR.<\/p>\n","protected":false},"excerpt":{"rendered":"<p>Artista: Jussara Age T\u00edtulo: Sem t\u00edtulo Dimens\u00e3o: 209x91cm T\u00e9cnica: \u00d3leo sobre tela (sem moldura) &nbsp; &nbsp; Jussara Age nasceu em Curitiba - PR, em 1953. \u00c9 artista visual, gravurista, pintora, desenhista e professora. \u00c9 formada pela Escola de M\u00fasica e Belas Artes do Paran\u00e1 (EMBAP). Se especializou em Litografia Avan\u00e7ada pela Escola de Comunica\u00e7\u00f5es e [&hellip;]<\/p>\n","protected":false},"featured_media":2266,"template":"","meta":[],"product_brand":[],"product_cat":[117],"product_tag":[],"class_list":{"0":"post-2265","1":"product","2":"type-product","3":"status-publish","4":"has-post-thumbnail","6":"product_cat-galeria","7":"pa_artista-jussara-age","8":"pa_estilo-abstrato","9":"pa_tecnica-oleo-sobre-tela","11":"first","12":"instock","13":"shipping-taxable","14":"purchasable","15":"product-type-simple"},"yoast_head":"<!-- This site is optimized with the Yoast SEO plugin v27.4 - https:\/\/yoast.com\/product\/yoast-seo-wordpress\/ -->\n<title>Jussara Age - Sem t\u00edtulo - Solar do Ros\u00e1rio Galeria \\\\\\\\Nova<\/title>\n<meta name=\"robots\" content=\"index, follow, max-snippet:-1, max-image-preview:large, max-video-preview:-1\" \/>\n<link rel=\"canonical\" href=\"https:\/\/solardorosario.com.br\/galeria\/produto\/jussara-age-sem-titulo-3\/\" \/>\n<meta property=\"og:locale\" content=\"pt_BR\" \/>\n<meta property=\"og:type\" content=\"article\" \/>\n<meta property=\"og:title\" content=\"Jussara Age - Sem t\u00edtulo - Solar do Ros\u00e1rio Galeria \\\\\\\\Nova\" \/>\n<meta property=\"og:description\" content=\"Artista: Jussara Age T\u00edtulo: Sem t\u00edtulo Dimens\u00e3o: 209x91cm T\u00e9cnica: \u00d3leo sobre tela (sem moldura) &nbsp; &nbsp; Jussara Age nasceu em Curitiba - PR, em 1953. \u00c9 artista visual, gravurista, pintora, desenhista e professora. \u00c9 formada pela Escola de M\u00fasica e Belas Artes do Paran\u00e1 (EMBAP). Se especializou em Litografia Avan\u00e7ada pela Escola de Comunica\u00e7\u00f5es e [&hellip;]\" \/>\n<meta property=\"og:url\" content=\"https:\/\/solardorosario.com.br\/galeria\/produto\/jussara-age-sem-titulo-3\/\" \/>\n<meta property=\"og:site_name\" content=\"Solar do Ros\u00e1rio Galeria \\\\\\\\Nova\" \/>\n<meta property=\"article:modified_time\" content=\"2026-03-26T20:08:29+00:00\" \/>\n<meta property=\"og:image\" content=\"https:\/\/solardorosario.com.br\/galeria\/wp-content\/uploads\/2021\/05\/9349-e1620320529154.jpeg\" \/>\n\t<meta property=\"og:image:width\" content=\"500\" \/>\n\t<meta property=\"og:image:height\" content=\"271\" \/>\n\t<meta property=\"og:image:type\" content=\"image\/jpeg\" \/>\n<meta name=\"twitter:card\" content=\"summary_large_image\" \/>\n<meta name=\"twitter:label1\" content=\"Est. tempo de leitura\" \/>\n\t<meta name=\"twitter:data1\" content=\"2 minutos\" \/>\n<script type=\"application\/ld+json\" class=\"yoast-schema-graph\">{\"@context\":\"https:\\\/\\\/schema.org\",\"@graph\":[{\"@type\":\"WebPage\",\"@id\":\"https:\\\/\\\/solardorosario.com.br\\\/galeria\\\/produto\\\/jussara-age-sem-titulo-3\\\/\",\"url\":\"https:\\\/\\\/solardorosario.com.br\\\/galeria\\\/produto\\\/jussara-age-sem-titulo-3\\\/\",\"name\":\"Jussara Age - Sem t\u00edtulo - Solar do Ros\u00e1rio Galeria \\\\\\\\\\\\\\\\Nova\",\"isPartOf\":{\"@id\":\"https:\\\/\\\/solardorosario.com.br\\\/galeria\\\/#website\"},\"primaryImageOfPage\":{\"@id\":\"https:\\\/\\\/solardorosario.com.br\\\/galeria\\\/produto\\\/jussara-age-sem-titulo-3\\\/#primaryimage\"},\"image\":{\"@id\":\"https:\\\/\\\/solardorosario.com.br\\\/galeria\\\/produto\\\/jussara-age-sem-titulo-3\\\/#primaryimage\"},\"thumbnailUrl\":\"https:\\\/\\\/solardorosario.com.br\\\/galeria\\\/wp-content\\\/uploads\\\/2021\\\/05\\\/9349-e1620320529154.jpeg\",\"datePublished\":\"2021-05-06T17:02:20+00:00\",\"dateModified\":\"2026-03-26T20:08:29+00:00\",\"breadcrumb\":{\"@id\":\"https:\\\/\\\/solardorosario.com.br\\\/galeria\\\/produto\\\/jussara-age-sem-titulo-3\\\/#breadcrumb\"},\"inLanguage\":\"pt-BR\",\"potentialAction\":[{\"@type\":\"ReadAction\",\"target\":[\"https:\\\/\\\/solardorosario.com.br\\\/galeria\\\/produto\\\/jussara-age-sem-titulo-3\\\/\"]}]},{\"@type\":\"ImageObject\",\"inLanguage\":\"pt-BR\",\"@id\":\"https:\\\/\\\/solardorosario.com.br\\\/galeria\\\/produto\\\/jussara-age-sem-titulo-3\\\/#primaryimage\",\"url\":\"https:\\\/\\\/solardorosario.com.br\\\/galeria\\\/wp-content\\\/uploads\\\/2021\\\/05\\\/9349-e1620320529154.jpeg\",\"contentUrl\":\"https:\\\/\\\/solardorosario.com.br\\\/galeria\\\/wp-content\\\/uploads\\\/2021\\\/05\\\/9349-e1620320529154.jpeg\",\"width\":500,\"height\":271},{\"@type\":\"BreadcrumbList\",\"@id\":\"https:\\\/\\\/solardorosario.com.br\\\/galeria\\\/produto\\\/jussara-age-sem-titulo-3\\\/#breadcrumb\",\"itemListElement\":[{\"@type\":\"ListItem\",\"position\":1,\"name\":\"In\u00edcio\",\"item\":\"https:\\\/\\\/solardorosario.com.br\\\/galeria\\\/\"},{\"@type\":\"ListItem\",\"position\":2,\"name\":\"galeria\",\"item\":\"https:\\\/\\\/solardorosario.com.br\\\/galeria\\\/galeria\\\/\"},{\"@type\":\"ListItem\",\"position\":3,\"name\":\"Jussara Age - Sem t\u00edtulo\"}]},{\"@type\":\"WebSite\",\"@id\":\"https:\\\/\\\/solardorosario.com.br\\\/galeria\\\/#website\",\"url\":\"https:\\\/\\\/solardorosario.com.br\\\/galeria\\\/\",\"name\":\"Solar do Ros\u00e1rio Galeria \\\\\\\\\\\\\\\\Nova\",\"description\":\"\",\"potentialAction\":[{\"@type\":\"SearchAction\",\"target\":{\"@type\":\"EntryPoint\",\"urlTemplate\":\"https:\\\/\\\/solardorosario.com.br\\\/galeria\\\/?s={search_term_string}\"},\"query-input\":{\"@type\":\"PropertyValueSpecification\",\"valueRequired\":true,\"valueName\":\"search_term_string\"}}],\"inLanguage\":\"pt-BR\"}]}<\/script>\n<!-- \/ Yoast SEO plugin. -->","yoast_head_json":{"title":"Jussara Age - Sem t\u00edtulo - Solar do Ros\u00e1rio Galeria \\\\\\\\Nova","robots":{"index":"index","follow":"follow","max-snippet":"max-snippet:-1","max-image-preview":"max-image-preview:large","max-video-preview":"max-video-preview:-1"},"canonical":"https:\/\/solardorosario.com.br\/galeria\/produto\/jussara-age-sem-titulo-3\/","og_locale":"pt_BR","og_type":"article","og_title":"Jussara Age - Sem t\u00edtulo - Solar do Ros\u00e1rio Galeria \\\\\\\\Nova","og_description":"Artista: Jussara Age T\u00edtulo: Sem t\u00edtulo Dimens\u00e3o: 209x91cm T\u00e9cnica: \u00d3leo sobre tela (sem moldura) &nbsp; &nbsp; Jussara Age nasceu em Curitiba - PR, em 1953. \u00c9 artista visual, gravurista, pintora, desenhista e professora. \u00c9 formada pela Escola de M\u00fasica e Belas Artes do Paran\u00e1 (EMBAP). Se especializou em Litografia Avan\u00e7ada pela Escola de Comunica\u00e7\u00f5es e [&hellip;]","og_url":"https:\/\/solardorosario.com.br\/galeria\/produto\/jussara-age-sem-titulo-3\/","og_site_name":"Solar do Ros\u00e1rio Galeria \\\\\\\\Nova","article_modified_time":"2026-03-26T20:08:29+00:00","og_image":[{"width":500,"height":271,"url":"https:\/\/solardorosario.com.br\/galeria\/wp-content\/uploads\/2021\/05\/9349-e1620320529154.jpeg","type":"image\/jpeg"}],"twitter_card":"summary_large_image","twitter_misc":{"Est. tempo de leitura":"2 minutos"},"schema":{"@context":"https:\/\/schema.org","@graph":[{"@type":"WebPage","@id":"https:\/\/solardorosario.com.br\/galeria\/produto\/jussara-age-sem-titulo-3\/","url":"https:\/\/solardorosario.com.br\/galeria\/produto\/jussara-age-sem-titulo-3\/","name":"Jussara Age - Sem t\u00edtulo - Solar do Ros\u00e1rio Galeria \\\\\\\\Nova","isPartOf":{"@id":"https:\/\/solardorosario.com.br\/galeria\/#website"},"primaryImageOfPage":{"@id":"https:\/\/solardorosario.com.br\/galeria\/produto\/jussara-age-sem-titulo-3\/#primaryimage"},"image":{"@id":"https:\/\/solardorosario.com.br\/galeria\/produto\/jussara-age-sem-titulo-3\/#primaryimage"},"thumbnailUrl":"https:\/\/solardorosario.com.br\/galeria\/wp-content\/uploads\/2021\/05\/9349-e1620320529154.jpeg","datePublished":"2021-05-06T17:02:20+00:00","dateModified":"2026-03-26T20:08:29+00:00","breadcrumb":{"@id":"https:\/\/solardorosario.com.br\/galeria\/produto\/jussara-age-sem-titulo-3\/#breadcrumb"},"inLanguage":"pt-BR","potentialAction":[{"@type":"ReadAction","target":["https:\/\/solardorosario.com.br\/galeria\/produto\/jussara-age-sem-titulo-3\/"]}]},{"@type":"ImageObject","inLanguage":"pt-BR","@id":"https:\/\/solardorosario.com.br\/galeria\/produto\/jussara-age-sem-titulo-3\/#primaryimage","url":"https:\/\/solardorosario.com.br\/galeria\/wp-content\/uploads\/2021\/05\/9349-e1620320529154.jpeg","contentUrl":"https:\/\/solardorosario.com.br\/galeria\/wp-content\/uploads\/2021\/05\/9349-e1620320529154.jpeg","width":500,"height":271},{"@type":"BreadcrumbList","@id":"https:\/\/solardorosario.com.br\/galeria\/produto\/jussara-age-sem-titulo-3\/#breadcrumb","itemListElement":[{"@type":"ListItem","position":1,"name":"In\u00edcio","item":"https:\/\/solardorosario.com.br\/galeria\/"},{"@type":"ListItem","position":2,"name":"galeria","item":"https:\/\/solardorosario.com.br\/galeria\/galeria\/"},{"@type":"ListItem","position":3,"name":"Jussara Age - Sem t\u00edtulo"}]},{"@type":"WebSite","@id":"https:\/\/solardorosario.com.br\/galeria\/#website","url":"https:\/\/solardorosario.com.br\/galeria\/","name":"Solar do Ros\u00e1rio Galeria \\\\\\\\Nova","description":"","potentialAction":[{"@type":"SearchAction","target":{"@type":"EntryPoint","urlTemplate":"https:\/\/solardorosario.com.br\/galeria\/?s={search_term_string}"},"query-input":{"@type":"PropertyValueSpecification","valueRequired":true,"valueName":"search_term_string"}}],"inLanguage":"pt-BR"}]}},"_links":{"self":[{"href":"https:\/\/solardorosario.com.br\/galeria\/wp-json\/wp\/v2\/product\/2265","targetHints":{"allow":["GET"]}}],"collection":[{"href":"https:\/\/solardorosario.com.br\/galeria\/wp-json\/wp\/v2\/product"}],"about":[{"href":"https:\/\/solardorosario.com.br\/galeria\/wp-json\/wp\/v2\/types\/product"}],"wp:featuredmedia":[{"embeddable":true,"href":"https:\/\/solardorosario.com.br\/galeria\/wp-json\/wp\/v2\/media\/2266"}],"wp:attachment":[{"href":"https:\/\/solardorosario.com.br\/galeria\/wp-json\/wp\/v2\/media?parent=2265"}],"wp:term":[{"taxonomy":"product_brand","embeddable":true,"href":"https:\/\/solardorosario.com.br\/galeria\/wp-json\/wp\/v2\/product_brand?post=2265"},{"taxonomy":"product_cat","embeddable":true,"href":"https:\/\/solardorosario.com.br\/galeria\/wp-json\/wp\/v2\/product_cat?post=2265"},{"taxonomy":"product_tag","embeddable":true,"href":"https:\/\/solardorosario.com.br\/galeria\/wp-json\/wp\/v2\/product_tag?post=2265"}],"curies":[{"name":"wp","href":"https:\/\/api.w.org\/{rel}","templated":true}]}}