{"id":2216,"date":"2021-05-06T08:41:32","date_gmt":"2021-05-06T11:41:32","guid":{"rendered":"https:\/\/solardorosario.com.br\/galeria\/?post_type=product&#038;p=2216"},"modified":"2026-04-06T11:44:33","modified_gmt":"2026-04-06T14:44:33","slug":"livro-arte-e-gastronomia-do-parana","status":"publish","type":"product","link":"https:\/\/solardorosario.com.br\/galeria\/produto\/livro-arte-e-gastronomia-do-parana\/","title":{"rendered":"Livro - Arte e Gastronomia do Paran\u00e1"},"content":{"rendered":"<p><strong>T\u00edtulo:<\/strong> Arte e Gastronomia do Paran\u00e1<\/p>\n<p><span class=\"kxbcc\"><span id=\"kxbcct\" class=\"H1ccWd\"><span class=\"kxbc\">\"Escrever sobre \"Arte e Gastronomia do Paran\u00e1\" exige palavras bem temperadas, frases saborosas, capacidade de mostrar que os alimentos carregam em si os mitos da nossa terra, tudo que constitui nosso imagin\u00e1rio, esp\u00e9cie de livro interior de sinais desconhecidos.\"\u00a0<\/span><\/span><\/span><\/p>\n<p>Rafael Greca de Macedo, engenheiro urbanista, ex prefeito de Curitiba.<\/p>\n<p>&nbsp;<\/p>\n<p><span class=\"kxbcc\"><span id=\"kxbcct\" class=\"H1ccWd\"><span class=\"kxbc\">Culin\u00e1ria \u00e9 patrim\u00f4nio cultural. \u00c9 a hist\u00f3ria de seu povo contada de maneira saborosa. S\u00e3o as tradi\u00e7\u00f5es das av\u00f3s, das \"nonas\", com seus caprichados cadernos que passam de gera\u00e7\u00e3o em gera\u00e7\u00e3o, unindo as fam\u00edlias. O livro \"Arte e Gastronomia do Paran\u00e1\" combina tudo que amamos: arte, culin\u00e1ria e a terra paranaense.\"<br \/>\n<\/span><\/span><\/span><\/p>\n<p><strong>Regina de Barros Correia Casillo - Diretora fundadora do Solar do Ros\u00e1rio e membro da Academia Parananese de Letras.\u00a0\u00a0<\/strong><\/p>\n","protected":false},"excerpt":{"rendered":"<p>T\u00edtulo: Arte e Gastronomia do Paran\u00e1 \"Escrever sobre \"Arte e Gastronomia do Paran\u00e1\" exige palavras bem temperadas, frases saborosas, capacidade de mostrar que os alimentos carregam em si os mitos da nossa terra, tudo que constitui nosso imagin\u00e1rio, esp\u00e9cie de livro interior de sinais desconhecidos.\"\u00a0 Rafael Greca de Macedo, engenheiro urbanista, ex prefeito de Curitiba. [&hellip;]<\/p>\n","protected":false},"featured_media":2217,"template":"","meta":[],"product_brand":[],"product_cat":[117],"product_tag":[],"class_list":{"0":"post-2216","1":"product","2":"type-product","3":"status-publish","4":"has-post-thumbnail","6":"product_cat-galeria","7":"pa_tecnica-livros-de-arte-e-artistas","9":"first","10":"instock","11":"shipping-taxable","12":"purchasable","13":"product-type-simple"},"yoast_head":"<!-- This site is optimized with the Yoast SEO plugin v27.4 - https:\/\/yoast.com\/product\/yoast-seo-wordpress\/ -->\n<title>Livro - Arte e Gastronomia do Paran\u00e1 - Solar do Ros\u00e1rio Galeria \\\\\\\\Nova<\/title>\n<meta name=\"robots\" content=\"index, follow, max-snippet:-1, max-image-preview:large, max-video-preview:-1\" \/>\n<link rel=\"canonical\" href=\"https:\/\/solardorosario.com.br\/galeria\/produto\/livro-arte-e-gastronomia-do-parana\/\" \/>\n<meta property=\"og:locale\" content=\"pt_BR\" \/>\n<meta property=\"og:type\" content=\"article\" \/>\n<meta property=\"og:title\" content=\"Livro - Arte e Gastronomia do Paran\u00e1 - Solar do Ros\u00e1rio Galeria \\\\\\\\Nova\" \/>\n<meta property=\"og:description\" content=\"T\u00edtulo: Arte e Gastronomia do Paran\u00e1 &quot;Escrever sobre &quot;Arte e Gastronomia do Paran\u00e1&quot; exige palavras bem temperadas, frases saborosas, capacidade de mostrar que os alimentos carregam em si os mitos da nossa terra, tudo que constitui nosso imagin\u00e1rio, esp\u00e9cie de livro interior de sinais desconhecidos.&quot;\u00a0 Rafael Greca de Macedo, engenheiro urbanista, ex prefeito de Curitiba. [&hellip;]\" \/>\n<meta property=\"og:url\" content=\"https:\/\/solardorosario.com.br\/galeria\/produto\/livro-arte-e-gastronomia-do-parana\/\" \/>\n<meta property=\"og:site_name\" content=\"Solar do Ros\u00e1rio Galeria \\\\\\\\Nova\" \/>\n<meta property=\"article:modified_time\" content=\"2026-04-06T14:44:33+00:00\" \/>\n<meta property=\"og:image\" content=\"https:\/\/solardorosario.com.br\/galeria\/wp-content\/uploads\/2021\/05\/gastronomia-e1620301274801.jpeg\" \/>\n\t<meta property=\"og:image:width\" content=\"200\" \/>\n\t<meta property=\"og:image:height\" content=\"206\" \/>\n\t<meta property=\"og:image:type\" content=\"image\/jpeg\" \/>\n<meta name=\"twitter:card\" content=\"summary_large_image\" \/>\n<meta name=\"twitter:label1\" content=\"Est. tempo de leitura\" \/>\n\t<meta name=\"twitter:data1\" content=\"1 minuto\" \/>\n<script type=\"application\/ld+json\" class=\"yoast-schema-graph\">{\"@context\":\"https:\\\/\\\/schema.org\",\"@graph\":[{\"@type\":\"WebPage\",\"@id\":\"https:\\\/\\\/solardorosario.com.br\\\/galeria\\\/produto\\\/livro-arte-e-gastronomia-do-parana\\\/\",\"url\":\"https:\\\/\\\/solardorosario.com.br\\\/galeria\\\/produto\\\/livro-arte-e-gastronomia-do-parana\\\/\",\"name\":\"Livro - Arte e Gastronomia do Paran\u00e1 - Solar do Ros\u00e1rio Galeria \\\\\\\\\\\\\\\\Nova\",\"isPartOf\":{\"@id\":\"https:\\\/\\\/solardorosario.com.br\\\/galeria\\\/#website\"},\"primaryImageOfPage\":{\"@id\":\"https:\\\/\\\/solardorosario.com.br\\\/galeria\\\/produto\\\/livro-arte-e-gastronomia-do-parana\\\/#primaryimage\"},\"image\":{\"@id\":\"https:\\\/\\\/solardorosario.com.br\\\/galeria\\\/produto\\\/livro-arte-e-gastronomia-do-parana\\\/#primaryimage\"},\"thumbnailUrl\":\"https:\\\/\\\/solardorosario.com.br\\\/galeria\\\/wp-content\\\/uploads\\\/2021\\\/05\\\/gastronomia-e1620301274801.jpeg\",\"datePublished\":\"2021-05-06T11:41:32+00:00\",\"dateModified\":\"2026-04-06T14:44:33+00:00\",\"breadcrumb\":{\"@id\":\"https:\\\/\\\/solardorosario.com.br\\\/galeria\\\/produto\\\/livro-arte-e-gastronomia-do-parana\\\/#breadcrumb\"},\"inLanguage\":\"pt-BR\",\"potentialAction\":[{\"@type\":\"ReadAction\",\"target\":[\"https:\\\/\\\/solardorosario.com.br\\\/galeria\\\/produto\\\/livro-arte-e-gastronomia-do-parana\\\/\"]}]},{\"@type\":\"ImageObject\",\"inLanguage\":\"pt-BR\",\"@id\":\"https:\\\/\\\/solardorosario.com.br\\\/galeria\\\/produto\\\/livro-arte-e-gastronomia-do-parana\\\/#primaryimage\",\"url\":\"https:\\\/\\\/solardorosario.com.br\\\/galeria\\\/wp-content\\\/uploads\\\/2021\\\/05\\\/gastronomia-e1620301274801.jpeg\",\"contentUrl\":\"https:\\\/\\\/solardorosario.com.br\\\/galeria\\\/wp-content\\\/uploads\\\/2021\\\/05\\\/gastronomia-e1620301274801.jpeg\",\"width\":200,\"height\":206},{\"@type\":\"BreadcrumbList\",\"@id\":\"https:\\\/\\\/solardorosario.com.br\\\/galeria\\\/produto\\\/livro-arte-e-gastronomia-do-parana\\\/#breadcrumb\",\"itemListElement\":[{\"@type\":\"ListItem\",\"position\":1,\"name\":\"In\u00edcio\",\"item\":\"https:\\\/\\\/solardorosario.com.br\\\/galeria\\\/\"},{\"@type\":\"ListItem\",\"position\":2,\"name\":\"galeria\",\"item\":\"https:\\\/\\\/solardorosario.com.br\\\/galeria\\\/galeria\\\/\"},{\"@type\":\"ListItem\",\"position\":3,\"name\":\"Livro - Arte e Gastronomia do Paran\u00e1\"}]},{\"@type\":\"WebSite\",\"@id\":\"https:\\\/\\\/solardorosario.com.br\\\/galeria\\\/#website\",\"url\":\"https:\\\/\\\/solardorosario.com.br\\\/galeria\\\/\",\"name\":\"Solar do Ros\u00e1rio Galeria \\\\\\\\\\\\\\\\Nova\",\"description\":\"\",\"potentialAction\":[{\"@type\":\"SearchAction\",\"target\":{\"@type\":\"EntryPoint\",\"urlTemplate\":\"https:\\\/\\\/solardorosario.com.br\\\/galeria\\\/?s={search_term_string}\"},\"query-input\":{\"@type\":\"PropertyValueSpecification\",\"valueRequired\":true,\"valueName\":\"search_term_string\"}}],\"inLanguage\":\"pt-BR\"}]}<\/script>\n<!-- \/ Yoast SEO plugin. -->","yoast_head_json":{"title":"Livro - Arte e Gastronomia do Paran\u00e1 - Solar do Ros\u00e1rio Galeria \\\\\\\\Nova","robots":{"index":"index","follow":"follow","max-snippet":"max-snippet:-1","max-image-preview":"max-image-preview:large","max-video-preview":"max-video-preview:-1"},"canonical":"https:\/\/solardorosario.com.br\/galeria\/produto\/livro-arte-e-gastronomia-do-parana\/","og_locale":"pt_BR","og_type":"article","og_title":"Livro - Arte e Gastronomia do Paran\u00e1 - Solar do Ros\u00e1rio Galeria \\\\\\\\Nova","og_description":"T\u00edtulo: Arte e Gastronomia do Paran\u00e1 \"Escrever sobre \"Arte e Gastronomia do Paran\u00e1\" exige palavras bem temperadas, frases saborosas, capacidade de mostrar que os alimentos carregam em si os mitos da nossa terra, tudo que constitui nosso imagin\u00e1rio, esp\u00e9cie de livro interior de sinais desconhecidos.\"\u00a0 Rafael Greca de Macedo, engenheiro urbanista, ex prefeito de Curitiba. [&hellip;]","og_url":"https:\/\/solardorosario.com.br\/galeria\/produto\/livro-arte-e-gastronomia-do-parana\/","og_site_name":"Solar do Ros\u00e1rio Galeria \\\\\\\\Nova","article_modified_time":"2026-04-06T14:44:33+00:00","og_image":[{"width":200,"height":206,"url":"https:\/\/solardorosario.com.br\/galeria\/wp-content\/uploads\/2021\/05\/gastronomia-e1620301274801.jpeg","type":"image\/jpeg"}],"twitter_card":"summary_large_image","twitter_misc":{"Est. tempo de leitura":"1 minuto"},"schema":{"@context":"https:\/\/schema.org","@graph":[{"@type":"WebPage","@id":"https:\/\/solardorosario.com.br\/galeria\/produto\/livro-arte-e-gastronomia-do-parana\/","url":"https:\/\/solardorosario.com.br\/galeria\/produto\/livro-arte-e-gastronomia-do-parana\/","name":"Livro - Arte e Gastronomia do Paran\u00e1 - Solar do Ros\u00e1rio Galeria \\\\\\\\Nova","isPartOf":{"@id":"https:\/\/solardorosario.com.br\/galeria\/#website"},"primaryImageOfPage":{"@id":"https:\/\/solardorosario.com.br\/galeria\/produto\/livro-arte-e-gastronomia-do-parana\/#primaryimage"},"image":{"@id":"https:\/\/solardorosario.com.br\/galeria\/produto\/livro-arte-e-gastronomia-do-parana\/#primaryimage"},"thumbnailUrl":"https:\/\/solardorosario.com.br\/galeria\/wp-content\/uploads\/2021\/05\/gastronomia-e1620301274801.jpeg","datePublished":"2021-05-06T11:41:32+00:00","dateModified":"2026-04-06T14:44:33+00:00","breadcrumb":{"@id":"https:\/\/solardorosario.com.br\/galeria\/produto\/livro-arte-e-gastronomia-do-parana\/#breadcrumb"},"inLanguage":"pt-BR","potentialAction":[{"@type":"ReadAction","target":["https:\/\/solardorosario.com.br\/galeria\/produto\/livro-arte-e-gastronomia-do-parana\/"]}]},{"@type":"ImageObject","inLanguage":"pt-BR","@id":"https:\/\/solardorosario.com.br\/galeria\/produto\/livro-arte-e-gastronomia-do-parana\/#primaryimage","url":"https:\/\/solardorosario.com.br\/galeria\/wp-content\/uploads\/2021\/05\/gastronomia-e1620301274801.jpeg","contentUrl":"https:\/\/solardorosario.com.br\/galeria\/wp-content\/uploads\/2021\/05\/gastronomia-e1620301274801.jpeg","width":200,"height":206},{"@type":"BreadcrumbList","@id":"https:\/\/solardorosario.com.br\/galeria\/produto\/livro-arte-e-gastronomia-do-parana\/#breadcrumb","itemListElement":[{"@type":"ListItem","position":1,"name":"In\u00edcio","item":"https:\/\/solardorosario.com.br\/galeria\/"},{"@type":"ListItem","position":2,"name":"galeria","item":"https:\/\/solardorosario.com.br\/galeria\/galeria\/"},{"@type":"ListItem","position":3,"name":"Livro - Arte e Gastronomia do Paran\u00e1"}]},{"@type":"WebSite","@id":"https:\/\/solardorosario.com.br\/galeria\/#website","url":"https:\/\/solardorosario.com.br\/galeria\/","name":"Solar do Ros\u00e1rio Galeria \\\\\\\\Nova","description":"","potentialAction":[{"@type":"SearchAction","target":{"@type":"EntryPoint","urlTemplate":"https:\/\/solardorosario.com.br\/galeria\/?s={search_term_string}"},"query-input":{"@type":"PropertyValueSpecification","valueRequired":true,"valueName":"search_term_string"}}],"inLanguage":"pt-BR"}]}},"_links":{"self":[{"href":"https:\/\/solardorosario.com.br\/galeria\/wp-json\/wp\/v2\/product\/2216","targetHints":{"allow":["GET"]}}],"collection":[{"href":"https:\/\/solardorosario.com.br\/galeria\/wp-json\/wp\/v2\/product"}],"about":[{"href":"https:\/\/solardorosario.com.br\/galeria\/wp-json\/wp\/v2\/types\/product"}],"wp:featuredmedia":[{"embeddable":true,"href":"https:\/\/solardorosario.com.br\/galeria\/wp-json\/wp\/v2\/media\/2217"}],"wp:attachment":[{"href":"https:\/\/solardorosario.com.br\/galeria\/wp-json\/wp\/v2\/media?parent=2216"}],"wp:term":[{"taxonomy":"product_brand","embeddable":true,"href":"https:\/\/solardorosario.com.br\/galeria\/wp-json\/wp\/v2\/product_brand?post=2216"},{"taxonomy":"product_cat","embeddable":true,"href":"https:\/\/solardorosario.com.br\/galeria\/wp-json\/wp\/v2\/product_cat?post=2216"},{"taxonomy":"product_tag","embeddable":true,"href":"https:\/\/solardorosario.com.br\/galeria\/wp-json\/wp\/v2\/product_tag?post=2216"}],"curies":[{"name":"wp","href":"https:\/\/api.w.org\/{rel}","templated":true}]}}