{"id":2205,"date":"2021-05-05T10:51:46","date_gmt":"2021-05-05T13:51:46","guid":{"rendered":"https:\/\/solardorosario.com.br\/galeria\/?post_type=product&#038;p=2205"},"modified":"2026-04-06T11:19:58","modified_gmt":"2026-04-06T14:19:58","slug":"livro-a-arte-de-romero-britto","status":"publish","type":"product","link":"https:\/\/solardorosario.com.br\/galeria\/produto\/livro-a-arte-de-romero-britto\/","title":{"rendered":"Livro - A Arte de Romero Britto"},"content":{"rendered":"<p><strong>T\u00edtulo:<\/strong> A Arte de Romero Britto (2\u00aa edi\u00e7\u00e3o)<\/p>\n<p>&nbsp;<\/p>\n<p>\"H\u00e1 quase um toque de conto de fadas na hist\u00f3ria de Romero Britto. Crian\u00e7a nascida em fam\u00edlia pobre em Recife, Britto combateu a inspidez da\u00a0 pobreza sendo um autoditada em pintura, preenchendo as superf\u00edcies que surgiam a sua frente com uma imagem de um mundo melhor e mais colorido. (...).<\/p>\n<p><em>Parte do texto de apresent\u00e7\u00e3o da 2\u00aa edi\u00e7\u00e3o do livro \"A Arte de Romero Britto\" (2012 - 2\u00aa edi\u00e7\u00e3o).\u00a0<\/em><\/p>\n<p>&nbsp;<\/p>\n<p>&nbsp;<\/p>\n<p>\"(...) concretizar o sonho de produzir um livro sobre o mundo m\u00e1gico e colorido de ROMERO BRITTO \u00e9 celebrar a vida, \u00e9 acreditar que o trabalho aliado ao ideal e ao pensamento positivo faz milagres.\"<\/p>\n<p><strong>Regina de Barros Correia Casillo - Diretora Fundadora do Solar do Ros\u00e1rio e membro da Academia Paranaense de Letras.<\/strong><\/p>\n<p>&nbsp;<\/p>\n<p><strong>\u00a0<\/strong><\/p>\n","protected":false},"excerpt":{"rendered":"<p>T\u00edtulo: A Arte de Romero Britto (2\u00aa edi\u00e7\u00e3o) &nbsp; \"H\u00e1 quase um toque de conto de fadas na hist\u00f3ria de Romero Britto. Crian\u00e7a nascida em fam\u00edlia pobre em Recife, Britto combateu a inspidez da\u00a0 pobreza sendo um autoditada em pintura, preenchendo as superf\u00edcies que surgiam a sua frente com uma imagem de um mundo melhor [&hellip;]<\/p>\n","protected":false},"featured_media":2206,"template":"","meta":[],"product_brand":[],"product_cat":[117],"product_tag":[],"class_list":{"0":"post-2205","1":"product","2":"type-product","3":"status-publish","4":"has-post-thumbnail","6":"product_cat-galeria","7":"pa_tecnica-livros-de-arte-e-artistas","9":"first","10":"instock","11":"shipping-taxable","12":"purchasable","13":"product-type-simple"},"yoast_head":"<!-- This site is optimized with the Yoast SEO plugin v27.4 - https:\/\/yoast.com\/product\/yoast-seo-wordpress\/ -->\n<title>Livro - A Arte de Romero Britto - Solar do Ros\u00e1rio Galeria \\\\\\\\Nova<\/title>\n<meta name=\"robots\" content=\"index, follow, max-snippet:-1, max-image-preview:large, max-video-preview:-1\" \/>\n<link rel=\"canonical\" href=\"https:\/\/solardorosario.com.br\/galeria\/produto\/livro-a-arte-de-romero-britto\/\" \/>\n<meta property=\"og:locale\" content=\"pt_BR\" \/>\n<meta property=\"og:type\" content=\"article\" \/>\n<meta property=\"og:title\" content=\"Livro - A Arte de Romero Britto - Solar do Ros\u00e1rio Galeria \\\\\\\\Nova\" \/>\n<meta property=\"og:description\" content=\"T\u00edtulo: A Arte de Romero Britto (2\u00aa edi\u00e7\u00e3o) &nbsp; &quot;H\u00e1 quase um toque de conto de fadas na hist\u00f3ria de Romero Britto. Crian\u00e7a nascida em fam\u00edlia pobre em Recife, Britto combateu a inspidez da\u00a0 pobreza sendo um autoditada em pintura, preenchendo as superf\u00edcies que surgiam a sua frente com uma imagem de um mundo melhor [&hellip;]\" \/>\n<meta property=\"og:url\" content=\"https:\/\/solardorosario.com.br\/galeria\/produto\/livro-a-arte-de-romero-britto\/\" \/>\n<meta property=\"og:site_name\" content=\"Solar do Ros\u00e1rio Galeria \\\\\\\\Nova\" \/>\n<meta property=\"article:modified_time\" content=\"2026-04-06T14:19:58+00:00\" \/>\n<meta property=\"og:image\" content=\"https:\/\/solardorosario.com.br\/galeria\/wp-content\/uploads\/2021\/05\/brito-e1620222695931.jpeg\" \/>\n\t<meta property=\"og:image:width\" content=\"200\" \/>\n\t<meta property=\"og:image:height\" content=\"201\" \/>\n\t<meta property=\"og:image:type\" content=\"image\/jpeg\" \/>\n<meta name=\"twitter:card\" content=\"summary_large_image\" \/>\n<meta name=\"twitter:label1\" content=\"Est. tempo de leitura\" \/>\n\t<meta name=\"twitter:data1\" content=\"1 minuto\" \/>\n<script type=\"application\/ld+json\" class=\"yoast-schema-graph\">{\"@context\":\"https:\\\/\\\/schema.org\",\"@graph\":[{\"@type\":\"WebPage\",\"@id\":\"https:\\\/\\\/solardorosario.com.br\\\/galeria\\\/produto\\\/livro-a-arte-de-romero-britto\\\/\",\"url\":\"https:\\\/\\\/solardorosario.com.br\\\/galeria\\\/produto\\\/livro-a-arte-de-romero-britto\\\/\",\"name\":\"Livro - A Arte de Romero Britto - Solar do Ros\u00e1rio Galeria \\\\\\\\\\\\\\\\Nova\",\"isPartOf\":{\"@id\":\"https:\\\/\\\/solardorosario.com.br\\\/galeria\\\/#website\"},\"primaryImageOfPage\":{\"@id\":\"https:\\\/\\\/solardorosario.com.br\\\/galeria\\\/produto\\\/livro-a-arte-de-romero-britto\\\/#primaryimage\"},\"image\":{\"@id\":\"https:\\\/\\\/solardorosario.com.br\\\/galeria\\\/produto\\\/livro-a-arte-de-romero-britto\\\/#primaryimage\"},\"thumbnailUrl\":\"https:\\\/\\\/solardorosario.com.br\\\/galeria\\\/wp-content\\\/uploads\\\/2021\\\/05\\\/brito-e1620222695931.jpeg\",\"datePublished\":\"2021-05-05T13:51:46+00:00\",\"dateModified\":\"2026-04-06T14:19:58+00:00\",\"breadcrumb\":{\"@id\":\"https:\\\/\\\/solardorosario.com.br\\\/galeria\\\/produto\\\/livro-a-arte-de-romero-britto\\\/#breadcrumb\"},\"inLanguage\":\"pt-BR\",\"potentialAction\":[{\"@type\":\"ReadAction\",\"target\":[\"https:\\\/\\\/solardorosario.com.br\\\/galeria\\\/produto\\\/livro-a-arte-de-romero-britto\\\/\"]}]},{\"@type\":\"ImageObject\",\"inLanguage\":\"pt-BR\",\"@id\":\"https:\\\/\\\/solardorosario.com.br\\\/galeria\\\/produto\\\/livro-a-arte-de-romero-britto\\\/#primaryimage\",\"url\":\"https:\\\/\\\/solardorosario.com.br\\\/galeria\\\/wp-content\\\/uploads\\\/2021\\\/05\\\/brito-e1620222695931.jpeg\",\"contentUrl\":\"https:\\\/\\\/solardorosario.com.br\\\/galeria\\\/wp-content\\\/uploads\\\/2021\\\/05\\\/brito-e1620222695931.jpeg\",\"width\":200,\"height\":201},{\"@type\":\"BreadcrumbList\",\"@id\":\"https:\\\/\\\/solardorosario.com.br\\\/galeria\\\/produto\\\/livro-a-arte-de-romero-britto\\\/#breadcrumb\",\"itemListElement\":[{\"@type\":\"ListItem\",\"position\":1,\"name\":\"In\u00edcio\",\"item\":\"https:\\\/\\\/solardorosario.com.br\\\/galeria\\\/\"},{\"@type\":\"ListItem\",\"position\":2,\"name\":\"galeria\",\"item\":\"https:\\\/\\\/solardorosario.com.br\\\/galeria\\\/galeria\\\/\"},{\"@type\":\"ListItem\",\"position\":3,\"name\":\"Livro - A Arte de Romero Britto\"}]},{\"@type\":\"WebSite\",\"@id\":\"https:\\\/\\\/solardorosario.com.br\\\/galeria\\\/#website\",\"url\":\"https:\\\/\\\/solardorosario.com.br\\\/galeria\\\/\",\"name\":\"Solar do Ros\u00e1rio Galeria \\\\\\\\\\\\\\\\Nova\",\"description\":\"\",\"potentialAction\":[{\"@type\":\"SearchAction\",\"target\":{\"@type\":\"EntryPoint\",\"urlTemplate\":\"https:\\\/\\\/solardorosario.com.br\\\/galeria\\\/?s={search_term_string}\"},\"query-input\":{\"@type\":\"PropertyValueSpecification\",\"valueRequired\":true,\"valueName\":\"search_term_string\"}}],\"inLanguage\":\"pt-BR\"}]}<\/script>\n<!-- \/ Yoast SEO plugin. -->","yoast_head_json":{"title":"Livro - A Arte de Romero Britto - Solar do Ros\u00e1rio Galeria \\\\\\\\Nova","robots":{"index":"index","follow":"follow","max-snippet":"max-snippet:-1","max-image-preview":"max-image-preview:large","max-video-preview":"max-video-preview:-1"},"canonical":"https:\/\/solardorosario.com.br\/galeria\/produto\/livro-a-arte-de-romero-britto\/","og_locale":"pt_BR","og_type":"article","og_title":"Livro - A Arte de Romero Britto - Solar do Ros\u00e1rio Galeria \\\\\\\\Nova","og_description":"T\u00edtulo: A Arte de Romero Britto (2\u00aa edi\u00e7\u00e3o) &nbsp; \"H\u00e1 quase um toque de conto de fadas na hist\u00f3ria de Romero Britto. Crian\u00e7a nascida em fam\u00edlia pobre em Recife, Britto combateu a inspidez da\u00a0 pobreza sendo um autoditada em pintura, preenchendo as superf\u00edcies que surgiam a sua frente com uma imagem de um mundo melhor [&hellip;]","og_url":"https:\/\/solardorosario.com.br\/galeria\/produto\/livro-a-arte-de-romero-britto\/","og_site_name":"Solar do Ros\u00e1rio Galeria \\\\\\\\Nova","article_modified_time":"2026-04-06T14:19:58+00:00","og_image":[{"width":200,"height":201,"url":"https:\/\/solardorosario.com.br\/galeria\/wp-content\/uploads\/2021\/05\/brito-e1620222695931.jpeg","type":"image\/jpeg"}],"twitter_card":"summary_large_image","twitter_misc":{"Est. tempo de leitura":"1 minuto"},"schema":{"@context":"https:\/\/schema.org","@graph":[{"@type":"WebPage","@id":"https:\/\/solardorosario.com.br\/galeria\/produto\/livro-a-arte-de-romero-britto\/","url":"https:\/\/solardorosario.com.br\/galeria\/produto\/livro-a-arte-de-romero-britto\/","name":"Livro - A Arte de Romero Britto - Solar do Ros\u00e1rio Galeria \\\\\\\\Nova","isPartOf":{"@id":"https:\/\/solardorosario.com.br\/galeria\/#website"},"primaryImageOfPage":{"@id":"https:\/\/solardorosario.com.br\/galeria\/produto\/livro-a-arte-de-romero-britto\/#primaryimage"},"image":{"@id":"https:\/\/solardorosario.com.br\/galeria\/produto\/livro-a-arte-de-romero-britto\/#primaryimage"},"thumbnailUrl":"https:\/\/solardorosario.com.br\/galeria\/wp-content\/uploads\/2021\/05\/brito-e1620222695931.jpeg","datePublished":"2021-05-05T13:51:46+00:00","dateModified":"2026-04-06T14:19:58+00:00","breadcrumb":{"@id":"https:\/\/solardorosario.com.br\/galeria\/produto\/livro-a-arte-de-romero-britto\/#breadcrumb"},"inLanguage":"pt-BR","potentialAction":[{"@type":"ReadAction","target":["https:\/\/solardorosario.com.br\/galeria\/produto\/livro-a-arte-de-romero-britto\/"]}]},{"@type":"ImageObject","inLanguage":"pt-BR","@id":"https:\/\/solardorosario.com.br\/galeria\/produto\/livro-a-arte-de-romero-britto\/#primaryimage","url":"https:\/\/solardorosario.com.br\/galeria\/wp-content\/uploads\/2021\/05\/brito-e1620222695931.jpeg","contentUrl":"https:\/\/solardorosario.com.br\/galeria\/wp-content\/uploads\/2021\/05\/brito-e1620222695931.jpeg","width":200,"height":201},{"@type":"BreadcrumbList","@id":"https:\/\/solardorosario.com.br\/galeria\/produto\/livro-a-arte-de-romero-britto\/#breadcrumb","itemListElement":[{"@type":"ListItem","position":1,"name":"In\u00edcio","item":"https:\/\/solardorosario.com.br\/galeria\/"},{"@type":"ListItem","position":2,"name":"galeria","item":"https:\/\/solardorosario.com.br\/galeria\/galeria\/"},{"@type":"ListItem","position":3,"name":"Livro - A Arte de Romero Britto"}]},{"@type":"WebSite","@id":"https:\/\/solardorosario.com.br\/galeria\/#website","url":"https:\/\/solardorosario.com.br\/galeria\/","name":"Solar do Ros\u00e1rio Galeria \\\\\\\\Nova","description":"","potentialAction":[{"@type":"SearchAction","target":{"@type":"EntryPoint","urlTemplate":"https:\/\/solardorosario.com.br\/galeria\/?s={search_term_string}"},"query-input":{"@type":"PropertyValueSpecification","valueRequired":true,"valueName":"search_term_string"}}],"inLanguage":"pt-BR"}]}},"_links":{"self":[{"href":"https:\/\/solardorosario.com.br\/galeria\/wp-json\/wp\/v2\/product\/2205","targetHints":{"allow":["GET"]}}],"collection":[{"href":"https:\/\/solardorosario.com.br\/galeria\/wp-json\/wp\/v2\/product"}],"about":[{"href":"https:\/\/solardorosario.com.br\/galeria\/wp-json\/wp\/v2\/types\/product"}],"wp:featuredmedia":[{"embeddable":true,"href":"https:\/\/solardorosario.com.br\/galeria\/wp-json\/wp\/v2\/media\/2206"}],"wp:attachment":[{"href":"https:\/\/solardorosario.com.br\/galeria\/wp-json\/wp\/v2\/media?parent=2205"}],"wp:term":[{"taxonomy":"product_brand","embeddable":true,"href":"https:\/\/solardorosario.com.br\/galeria\/wp-json\/wp\/v2\/product_brand?post=2205"},{"taxonomy":"product_cat","embeddable":true,"href":"https:\/\/solardorosario.com.br\/galeria\/wp-json\/wp\/v2\/product_cat?post=2205"},{"taxonomy":"product_tag","embeddable":true,"href":"https:\/\/solardorosario.com.br\/galeria\/wp-json\/wp\/v2\/product_tag?post=2205"}],"curies":[{"name":"wp","href":"https:\/\/api.w.org\/{rel}","templated":true}]}}