{"id":2189,"date":"2021-05-05T10:04:33","date_gmt":"2021-05-05T13:04:33","guid":{"rendered":"https:\/\/solardorosario.com.br\/galeria\/?post_type=product&#038;p=2189"},"modified":"2026-04-06T15:00:31","modified_gmt":"2026-04-06T18:00:31","slug":"livro-tracos-trajetorias-e-raizes","status":"publish","type":"product","link":"https:\/\/solardorosario.com.br\/galeria\/produto\/livro-tracos-trajetorias-e-raizes\/","title":{"rendered":"Livro - Tra\u00e7os, Trajet\u00f3rias e Ra\u00edzes"},"content":{"rendered":"<p><strong>T\u00edtulo:<\/strong> Tra\u00e7os, Trajet\u00f3rias e Ra\u00edzes<\/p>\n<p>\"A arte contribui para a forma\u00e7\u00e3o de uma sociedade mais aberta ao di\u00e1logo, criativa e tolerante. Os artistas transformam, reinventam realidades e nos fazem refletir. Quantas vezes a aud\u00e1cia inquieta do pintor ou do poeta, corajosa mesmo, leva a uma mudan\u00e7a de atitude de vida. Assim \u00e9 ela, que, durante s\u00e9culos, foi transformadora de indiv\u00edduos e de sociedades.<\/p>\n<p>(...) Sempre foi dito em can\u00e7\u00e3o e poesia que o Paran\u00e1 \u00e9 terra de todas as gentes. A cidade de Curitiba, com seus portais representativos das etnias que formam a popula\u00e7\u00e3o do Estado (italiano, ucraniano, portugu\u00eas, \u00e1rabe e tantos outros), mostra ao Brasil a import\u00e2ncia para a cultura dessas levas imigrat\u00f3rias.<\/p>\n<p>(...) As artistas deste livro -\u00a0 Eve Ferreti, Mari Ines Piekas e Paula Schimidlin -, brasileir\u00edssimas, mas que trazem mem\u00f3rias long\u00edquas dos antepassados, respectivamente, italianos, poloneses e alem\u00e3es, representam a tradi\u00e7\u00e3o e a modernidade nos tra\u00e7os firmes das excelentes ilustradoras que s\u00e3o. Elas s\u00e3o dignas representantes do cosmopoolitismo local nas artes pl\u00e1sticas. Nada mais falarei sobre essas grandes artistas pl\u00e1sticas. Nas p\u00e1ginas seguintes deste livro, as imagens falam melhor!<\/p>\n<p>Homenageamos as tr\u00eas artistas, estendo minha admira\u00e7\u00e3o e respeito aos demais artistas da terra paranaense. Este livro, como os anteriores publicados pelo SOLAR DO ROS\u00c1RIO, destina-se a todos os que amam a arte e a vida.\"<\/p>\n<p><strong>Regina Casillo - Diretora e fundadora do Solar do Ros\u00e1rio e membro da Academia Paranaense de Letras.\u00a0<\/strong><\/p>\n","protected":false},"excerpt":{"rendered":"<p>T\u00edtulo: Tra\u00e7os, Trajet\u00f3rias e Ra\u00edzes \"A arte contribui para a forma\u00e7\u00e3o de uma sociedade mais aberta ao di\u00e1logo, criativa e tolerante. Os artistas transformam, reinventam realidades e nos fazem refletir. Quantas vezes a aud\u00e1cia inquieta do pintor ou do poeta, corajosa mesmo, leva a uma mudan\u00e7a de atitude de vida. Assim \u00e9 ela, que, durante [&hellip;]<\/p>\n","protected":false},"featured_media":2190,"template":"","meta":[],"product_brand":[],"product_cat":[117],"product_tag":[],"class_list":{"0":"post-2189","1":"product","2":"type-product","3":"status-publish","4":"has-post-thumbnail","6":"product_cat-galeria","7":"pa_tecnica-livros-de-arte-e-artistas","9":"first","10":"instock","11":"shipping-taxable","12":"purchasable","13":"product-type-simple"},"yoast_head":"<!-- This site is optimized with the Yoast SEO plugin v27.4 - https:\/\/yoast.com\/product\/yoast-seo-wordpress\/ -->\n<title>Livro - Tra\u00e7os, Trajet\u00f3rias e Ra\u00edzes - Solar do Ros\u00e1rio Galeria \\\\\\\\Nova<\/title>\n<meta name=\"robots\" content=\"index, follow, max-snippet:-1, max-image-preview:large, max-video-preview:-1\" \/>\n<link rel=\"canonical\" href=\"https:\/\/solardorosario.com.br\/galeria\/produto\/livro-tracos-trajetorias-e-raizes\/\" \/>\n<meta property=\"og:locale\" content=\"pt_BR\" \/>\n<meta property=\"og:type\" content=\"article\" \/>\n<meta property=\"og:title\" content=\"Livro - Tra\u00e7os, Trajet\u00f3rias e Ra\u00edzes - Solar do Ros\u00e1rio Galeria \\\\\\\\Nova\" \/>\n<meta property=\"og:description\" content=\"T\u00edtulo: Tra\u00e7os, Trajet\u00f3rias e Ra\u00edzes &quot;A arte contribui para a forma\u00e7\u00e3o de uma sociedade mais aberta ao di\u00e1logo, criativa e tolerante. Os artistas transformam, reinventam realidades e nos fazem refletir. Quantas vezes a aud\u00e1cia inquieta do pintor ou do poeta, corajosa mesmo, leva a uma mudan\u00e7a de atitude de vida. Assim \u00e9 ela, que, durante [&hellip;]\" \/>\n<meta property=\"og:url\" content=\"https:\/\/solardorosario.com.br\/galeria\/produto\/livro-tracos-trajetorias-e-raizes\/\" \/>\n<meta property=\"og:site_name\" content=\"Solar do Ros\u00e1rio Galeria \\\\\\\\Nova\" \/>\n<meta property=\"article:modified_time\" content=\"2026-04-06T18:00:31+00:00\" \/>\n<meta property=\"og:image\" content=\"https:\/\/solardorosario.com.br\/galeria\/wp-content\/uploads\/2021\/05\/Eve-ferret-e1620219744939.jpeg\" \/>\n\t<meta property=\"og:image:width\" content=\"260\" \/>\n\t<meta property=\"og:image:height\" content=\"255\" \/>\n\t<meta property=\"og:image:type\" content=\"image\/jpeg\" \/>\n<meta name=\"twitter:card\" content=\"summary_large_image\" \/>\n<meta name=\"twitter:label1\" content=\"Est. tempo de leitura\" \/>\n\t<meta name=\"twitter:data1\" content=\"2 minutos\" \/>\n<script type=\"application\/ld+json\" class=\"yoast-schema-graph\">{\"@context\":\"https:\\\/\\\/schema.org\",\"@graph\":[{\"@type\":\"WebPage\",\"@id\":\"https:\\\/\\\/solardorosario.com.br\\\/galeria\\\/produto\\\/livro-tracos-trajetorias-e-raizes\\\/\",\"url\":\"https:\\\/\\\/solardorosario.com.br\\\/galeria\\\/produto\\\/livro-tracos-trajetorias-e-raizes\\\/\",\"name\":\"Livro - Tra\u00e7os, Trajet\u00f3rias e Ra\u00edzes - Solar do Ros\u00e1rio Galeria \\\\\\\\\\\\\\\\Nova\",\"isPartOf\":{\"@id\":\"https:\\\/\\\/solardorosario.com.br\\\/galeria\\\/#website\"},\"primaryImageOfPage\":{\"@id\":\"https:\\\/\\\/solardorosario.com.br\\\/galeria\\\/produto\\\/livro-tracos-trajetorias-e-raizes\\\/#primaryimage\"},\"image\":{\"@id\":\"https:\\\/\\\/solardorosario.com.br\\\/galeria\\\/produto\\\/livro-tracos-trajetorias-e-raizes\\\/#primaryimage\"},\"thumbnailUrl\":\"https:\\\/\\\/solardorosario.com.br\\\/galeria\\\/wp-content\\\/uploads\\\/2021\\\/05\\\/Eve-ferret-e1620219744939.jpeg\",\"datePublished\":\"2021-05-05T13:04:33+00:00\",\"dateModified\":\"2026-04-06T18:00:31+00:00\",\"breadcrumb\":{\"@id\":\"https:\\\/\\\/solardorosario.com.br\\\/galeria\\\/produto\\\/livro-tracos-trajetorias-e-raizes\\\/#breadcrumb\"},\"inLanguage\":\"pt-BR\",\"potentialAction\":[{\"@type\":\"ReadAction\",\"target\":[\"https:\\\/\\\/solardorosario.com.br\\\/galeria\\\/produto\\\/livro-tracos-trajetorias-e-raizes\\\/\"]}]},{\"@type\":\"ImageObject\",\"inLanguage\":\"pt-BR\",\"@id\":\"https:\\\/\\\/solardorosario.com.br\\\/galeria\\\/produto\\\/livro-tracos-trajetorias-e-raizes\\\/#primaryimage\",\"url\":\"https:\\\/\\\/solardorosario.com.br\\\/galeria\\\/wp-content\\\/uploads\\\/2021\\\/05\\\/Eve-ferret-e1620219744939.jpeg\",\"contentUrl\":\"https:\\\/\\\/solardorosario.com.br\\\/galeria\\\/wp-content\\\/uploads\\\/2021\\\/05\\\/Eve-ferret-e1620219744939.jpeg\",\"width\":260,\"height\":255},{\"@type\":\"BreadcrumbList\",\"@id\":\"https:\\\/\\\/solardorosario.com.br\\\/galeria\\\/produto\\\/livro-tracos-trajetorias-e-raizes\\\/#breadcrumb\",\"itemListElement\":[{\"@type\":\"ListItem\",\"position\":1,\"name\":\"In\u00edcio\",\"item\":\"https:\\\/\\\/solardorosario.com.br\\\/galeria\\\/\"},{\"@type\":\"ListItem\",\"position\":2,\"name\":\"galeria\",\"item\":\"https:\\\/\\\/solardorosario.com.br\\\/galeria\\\/galeria\\\/\"},{\"@type\":\"ListItem\",\"position\":3,\"name\":\"Livro - Tra\u00e7os, Trajet\u00f3rias e Ra\u00edzes\"}]},{\"@type\":\"WebSite\",\"@id\":\"https:\\\/\\\/solardorosario.com.br\\\/galeria\\\/#website\",\"url\":\"https:\\\/\\\/solardorosario.com.br\\\/galeria\\\/\",\"name\":\"Solar do Ros\u00e1rio Galeria \\\\\\\\\\\\\\\\Nova\",\"description\":\"\",\"potentialAction\":[{\"@type\":\"SearchAction\",\"target\":{\"@type\":\"EntryPoint\",\"urlTemplate\":\"https:\\\/\\\/solardorosario.com.br\\\/galeria\\\/?s={search_term_string}\"},\"query-input\":{\"@type\":\"PropertyValueSpecification\",\"valueRequired\":true,\"valueName\":\"search_term_string\"}}],\"inLanguage\":\"pt-BR\"}]}<\/script>\n<!-- \/ Yoast SEO plugin. -->","yoast_head_json":{"title":"Livro - Tra\u00e7os, Trajet\u00f3rias e Ra\u00edzes - Solar do Ros\u00e1rio Galeria \\\\\\\\Nova","robots":{"index":"index","follow":"follow","max-snippet":"max-snippet:-1","max-image-preview":"max-image-preview:large","max-video-preview":"max-video-preview:-1"},"canonical":"https:\/\/solardorosario.com.br\/galeria\/produto\/livro-tracos-trajetorias-e-raizes\/","og_locale":"pt_BR","og_type":"article","og_title":"Livro - Tra\u00e7os, Trajet\u00f3rias e Ra\u00edzes - Solar do Ros\u00e1rio Galeria \\\\\\\\Nova","og_description":"T\u00edtulo: Tra\u00e7os, Trajet\u00f3rias e Ra\u00edzes \"A arte contribui para a forma\u00e7\u00e3o de uma sociedade mais aberta ao di\u00e1logo, criativa e tolerante. Os artistas transformam, reinventam realidades e nos fazem refletir. Quantas vezes a aud\u00e1cia inquieta do pintor ou do poeta, corajosa mesmo, leva a uma mudan\u00e7a de atitude de vida. Assim \u00e9 ela, que, durante [&hellip;]","og_url":"https:\/\/solardorosario.com.br\/galeria\/produto\/livro-tracos-trajetorias-e-raizes\/","og_site_name":"Solar do Ros\u00e1rio Galeria \\\\\\\\Nova","article_modified_time":"2026-04-06T18:00:31+00:00","og_image":[{"width":260,"height":255,"url":"https:\/\/solardorosario.com.br\/galeria\/wp-content\/uploads\/2021\/05\/Eve-ferret-e1620219744939.jpeg","type":"image\/jpeg"}],"twitter_card":"summary_large_image","twitter_misc":{"Est. tempo de leitura":"2 minutos"},"schema":{"@context":"https:\/\/schema.org","@graph":[{"@type":"WebPage","@id":"https:\/\/solardorosario.com.br\/galeria\/produto\/livro-tracos-trajetorias-e-raizes\/","url":"https:\/\/solardorosario.com.br\/galeria\/produto\/livro-tracos-trajetorias-e-raizes\/","name":"Livro - Tra\u00e7os, Trajet\u00f3rias e Ra\u00edzes - Solar do Ros\u00e1rio Galeria \\\\\\\\Nova","isPartOf":{"@id":"https:\/\/solardorosario.com.br\/galeria\/#website"},"primaryImageOfPage":{"@id":"https:\/\/solardorosario.com.br\/galeria\/produto\/livro-tracos-trajetorias-e-raizes\/#primaryimage"},"image":{"@id":"https:\/\/solardorosario.com.br\/galeria\/produto\/livro-tracos-trajetorias-e-raizes\/#primaryimage"},"thumbnailUrl":"https:\/\/solardorosario.com.br\/galeria\/wp-content\/uploads\/2021\/05\/Eve-ferret-e1620219744939.jpeg","datePublished":"2021-05-05T13:04:33+00:00","dateModified":"2026-04-06T18:00:31+00:00","breadcrumb":{"@id":"https:\/\/solardorosario.com.br\/galeria\/produto\/livro-tracos-trajetorias-e-raizes\/#breadcrumb"},"inLanguage":"pt-BR","potentialAction":[{"@type":"ReadAction","target":["https:\/\/solardorosario.com.br\/galeria\/produto\/livro-tracos-trajetorias-e-raizes\/"]}]},{"@type":"ImageObject","inLanguage":"pt-BR","@id":"https:\/\/solardorosario.com.br\/galeria\/produto\/livro-tracos-trajetorias-e-raizes\/#primaryimage","url":"https:\/\/solardorosario.com.br\/galeria\/wp-content\/uploads\/2021\/05\/Eve-ferret-e1620219744939.jpeg","contentUrl":"https:\/\/solardorosario.com.br\/galeria\/wp-content\/uploads\/2021\/05\/Eve-ferret-e1620219744939.jpeg","width":260,"height":255},{"@type":"BreadcrumbList","@id":"https:\/\/solardorosario.com.br\/galeria\/produto\/livro-tracos-trajetorias-e-raizes\/#breadcrumb","itemListElement":[{"@type":"ListItem","position":1,"name":"In\u00edcio","item":"https:\/\/solardorosario.com.br\/galeria\/"},{"@type":"ListItem","position":2,"name":"galeria","item":"https:\/\/solardorosario.com.br\/galeria\/galeria\/"},{"@type":"ListItem","position":3,"name":"Livro - Tra\u00e7os, Trajet\u00f3rias e Ra\u00edzes"}]},{"@type":"WebSite","@id":"https:\/\/solardorosario.com.br\/galeria\/#website","url":"https:\/\/solardorosario.com.br\/galeria\/","name":"Solar do Ros\u00e1rio Galeria \\\\\\\\Nova","description":"","potentialAction":[{"@type":"SearchAction","target":{"@type":"EntryPoint","urlTemplate":"https:\/\/solardorosario.com.br\/galeria\/?s={search_term_string}"},"query-input":{"@type":"PropertyValueSpecification","valueRequired":true,"valueName":"search_term_string"}}],"inLanguage":"pt-BR"}]}},"_links":{"self":[{"href":"https:\/\/solardorosario.com.br\/galeria\/wp-json\/wp\/v2\/product\/2189","targetHints":{"allow":["GET"]}}],"collection":[{"href":"https:\/\/solardorosario.com.br\/galeria\/wp-json\/wp\/v2\/product"}],"about":[{"href":"https:\/\/solardorosario.com.br\/galeria\/wp-json\/wp\/v2\/types\/product"}],"wp:featuredmedia":[{"embeddable":true,"href":"https:\/\/solardorosario.com.br\/galeria\/wp-json\/wp\/v2\/media\/2190"}],"wp:attachment":[{"href":"https:\/\/solardorosario.com.br\/galeria\/wp-json\/wp\/v2\/media?parent=2189"}],"wp:term":[{"taxonomy":"product_brand","embeddable":true,"href":"https:\/\/solardorosario.com.br\/galeria\/wp-json\/wp\/v2\/product_brand?post=2189"},{"taxonomy":"product_cat","embeddable":true,"href":"https:\/\/solardorosario.com.br\/galeria\/wp-json\/wp\/v2\/product_cat?post=2189"},{"taxonomy":"product_tag","embeddable":true,"href":"https:\/\/solardorosario.com.br\/galeria\/wp-json\/wp\/v2\/product_tag?post=2189"}],"curies":[{"name":"wp","href":"https:\/\/api.w.org\/{rel}","templated":true}]}}