{"id":2185,"date":"2021-05-05T09:56:25","date_gmt":"2021-05-05T12:56:25","guid":{"rendered":"https:\/\/solardorosario.com.br\/galeria\/?post_type=product&#038;p=2185"},"modified":"2026-04-06T14:33:52","modified_gmt":"2026-04-06T17:33:52","slug":"livro-pintores-contemporaneos-do-parana-vol-iii","status":"publish","type":"product","link":"https:\/\/solardorosario.com.br\/galeria\/produto\/livro-pintores-contemporaneos-do-parana-vol-iii\/","title":{"rendered":"Livro - Pintores Contempor\u00e2neos do Paran\u00e1 vol. III"},"content":{"rendered":"<p><strong>T\u00edtulo:<\/strong> Pintores Contempor\u00e2neos do Paran\u00e1 volume III<\/p>\n<p>\"Os livros da colet\u00e2nea \"Pintores Contempor\u00e2neos do Paran\u00e1\" tem por objetivo, como citamos no pr\u00f3logo do primeiro volume, \"apresentar ao p\u00fablico geral um pouco da arte e dos artistas do Paran\u00e1 e ao mesmo tempo homenagear - em cada obra - dez artistas pl\u00e1sticos que t\u00eam trabalhado constantemente com o SOLAR DO ROS\u00c1RIO (...) N\u00e3o importa se a pintura \u00e9 figurativa ou abstrata, de vanguarda ou acad\u00eamica: o importante \u00e9 que o pintor tenha coer\u00eancia, possua o dom\u00ednio da t\u00e9cnica escolhida e tenha uma trajet\u00f3ria s\u00e9ria e representativa do momento atual, contempor\u00e2neo. Gostamos do que fazemos e recebemos com alegria o reconhecimento desta atividade: formas, cores, linhas e volumes representados de forma criativa, traduzindo momentos est\u00e9ticos que, reproduzidos nas p\u00e1ginas desta s\u00e9rie de livros, eternizam-se, formando cada vez mais um p\u00fablico apreciador das artes pl\u00e1sticas. A arte \u00e9 simples, mas a arte \u00e9 tamb\u00e9m paradoxo.\"<\/p>\n<div id=\"-product-builder-12-873\" class=\"oxy-product-builder oxy-woo-element\">\n<div id=\"product-3842\" class=\"product type-product post-3842 status-publish first instock product_cat-galeria has-post-thumbnail shipping-taxable purchasable product-type-simple\">\n<div class=\"oxy-product-wrapper-inner oxy-inner-content\">\n<div id=\"-product-tabs-63-873\" class=\"oxy-product-tabs oxy-woo-element\">\n<div class=\"woocommerce-tabs wc-tabs-wrapper\">\n<div id=\"tab-description\" class=\"woocommerce-Tabs-panel woocommerce-Tabs-panel--description panel entry-content wc-tab\" role=\"tabpanel\" aria-labelledby=\"tab-title-description\">\n<p><strong>Regina de Barros Correia Casillo - Diretora fundadora do Solar do Ros\u00e1rio e membro da Academia Parananese de Letras.\u00a0\u00a0<\/strong><\/p>\n<\/div>\n<\/div>\n<\/div>\n<\/div>\n<\/div>\n<\/div>\n<div id=\"code_block-64-873\" class=\"ct-code-block\"><\/div>\n<div id=\"-related-products-65-873\" class=\"oxy-related-products oxy-woo-element\"><\/div>\n","protected":false},"excerpt":{"rendered":"<p>T\u00edtulo: Pintores Contempor\u00e2neos do Paran\u00e1 volume III \"Os livros da colet\u00e2nea \"Pintores Contempor\u00e2neos do Paran\u00e1\" tem por objetivo, como citamos no pr\u00f3logo do primeiro volume, \"apresentar ao p\u00fablico geral um pouco da arte e dos artistas do Paran\u00e1 e ao mesmo tempo homenagear - em cada obra - dez artistas pl\u00e1sticos que t\u00eam trabalhado constantemente [&hellip;]<\/p>\n","protected":false},"featured_media":2186,"template":"","meta":[],"product_brand":[],"product_cat":[117],"product_tag":[],"class_list":{"0":"post-2185","1":"product","2":"type-product","3":"status-publish","4":"has-post-thumbnail","6":"product_cat-galeria","7":"pa_tecnica-livros-de-arte-e-artistas","9":"first","10":"instock","11":"shipping-taxable","12":"purchasable","13":"product-type-simple"},"yoast_head":"<!-- This site is optimized with the Yoast SEO plugin v27.4 - https:\/\/yoast.com\/product\/yoast-seo-wordpress\/ -->\n<title>Livro - Pintores Contempor\u00e2neos do Paran\u00e1 vol. III - Solar do Ros\u00e1rio Galeria \\\\\\\\Nova<\/title>\n<meta name=\"robots\" content=\"index, follow, max-snippet:-1, max-image-preview:large, max-video-preview:-1\" \/>\n<link rel=\"canonical\" href=\"https:\/\/solardorosario.com.br\/galeria\/produto\/livro-pintores-contemporaneos-do-parana-vol-iii\/\" \/>\n<meta property=\"og:locale\" content=\"pt_BR\" \/>\n<meta property=\"og:type\" content=\"article\" \/>\n<meta property=\"og:title\" content=\"Livro - Pintores Contempor\u00e2neos do Paran\u00e1 vol. III - Solar do Ros\u00e1rio Galeria \\\\\\\\Nova\" \/>\n<meta property=\"og:description\" content=\"T\u00edtulo: Pintores Contempor\u00e2neos do Paran\u00e1 volume III &quot;Os livros da colet\u00e2nea &quot;Pintores Contempor\u00e2neos do Paran\u00e1&quot; tem por objetivo, como citamos no pr\u00f3logo do primeiro volume, &quot;apresentar ao p\u00fablico geral um pouco da arte e dos artistas do Paran\u00e1 e ao mesmo tempo homenagear - em cada obra - dez artistas pl\u00e1sticos que t\u00eam trabalhado constantemente [&hellip;]\" \/>\n<meta property=\"og:url\" content=\"https:\/\/solardorosario.com.br\/galeria\/produto\/livro-pintores-contemporaneos-do-parana-vol-iii\/\" \/>\n<meta property=\"og:site_name\" content=\"Solar do Ros\u00e1rio Galeria \\\\\\\\Nova\" \/>\n<meta property=\"article:modified_time\" content=\"2026-04-06T17:33:52+00:00\" \/>\n<meta property=\"og:image\" content=\"https:\/\/solardorosario.com.br\/galeria\/wp-content\/uploads\/2021\/05\/pint-con-e1620219260843.jpeg\" \/>\n\t<meta property=\"og:image:width\" content=\"200\" \/>\n\t<meta property=\"og:image:height\" content=\"289\" \/>\n\t<meta property=\"og:image:type\" content=\"image\/jpeg\" \/>\n<meta name=\"twitter:card\" content=\"summary_large_image\" \/>\n<meta name=\"twitter:label1\" content=\"Est. tempo de leitura\" \/>\n\t<meta name=\"twitter:data1\" content=\"2 minutos\" \/>\n<script type=\"application\/ld+json\" class=\"yoast-schema-graph\">{\"@context\":\"https:\\\/\\\/schema.org\",\"@graph\":[{\"@type\":\"WebPage\",\"@id\":\"https:\\\/\\\/solardorosario.com.br\\\/galeria\\\/produto\\\/livro-pintores-contemporaneos-do-parana-vol-iii\\\/\",\"url\":\"https:\\\/\\\/solardorosario.com.br\\\/galeria\\\/produto\\\/livro-pintores-contemporaneos-do-parana-vol-iii\\\/\",\"name\":\"Livro - Pintores Contempor\u00e2neos do Paran\u00e1 vol. III - Solar do Ros\u00e1rio Galeria \\\\\\\\\\\\\\\\Nova\",\"isPartOf\":{\"@id\":\"https:\\\/\\\/solardorosario.com.br\\\/galeria\\\/#website\"},\"primaryImageOfPage\":{\"@id\":\"https:\\\/\\\/solardorosario.com.br\\\/galeria\\\/produto\\\/livro-pintores-contemporaneos-do-parana-vol-iii\\\/#primaryimage\"},\"image\":{\"@id\":\"https:\\\/\\\/solardorosario.com.br\\\/galeria\\\/produto\\\/livro-pintores-contemporaneos-do-parana-vol-iii\\\/#primaryimage\"},\"thumbnailUrl\":\"https:\\\/\\\/solardorosario.com.br\\\/galeria\\\/wp-content\\\/uploads\\\/2021\\\/05\\\/pint-con-e1620219260843.jpeg\",\"datePublished\":\"2021-05-05T12:56:25+00:00\",\"dateModified\":\"2026-04-06T17:33:52+00:00\",\"breadcrumb\":{\"@id\":\"https:\\\/\\\/solardorosario.com.br\\\/galeria\\\/produto\\\/livro-pintores-contemporaneos-do-parana-vol-iii\\\/#breadcrumb\"},\"inLanguage\":\"pt-BR\",\"potentialAction\":[{\"@type\":\"ReadAction\",\"target\":[\"https:\\\/\\\/solardorosario.com.br\\\/galeria\\\/produto\\\/livro-pintores-contemporaneos-do-parana-vol-iii\\\/\"]}]},{\"@type\":\"ImageObject\",\"inLanguage\":\"pt-BR\",\"@id\":\"https:\\\/\\\/solardorosario.com.br\\\/galeria\\\/produto\\\/livro-pintores-contemporaneos-do-parana-vol-iii\\\/#primaryimage\",\"url\":\"https:\\\/\\\/solardorosario.com.br\\\/galeria\\\/wp-content\\\/uploads\\\/2021\\\/05\\\/pint-con-e1620219260843.jpeg\",\"contentUrl\":\"https:\\\/\\\/solardorosario.com.br\\\/galeria\\\/wp-content\\\/uploads\\\/2021\\\/05\\\/pint-con-e1620219260843.jpeg\",\"width\":200,\"height\":289},{\"@type\":\"BreadcrumbList\",\"@id\":\"https:\\\/\\\/solardorosario.com.br\\\/galeria\\\/produto\\\/livro-pintores-contemporaneos-do-parana-vol-iii\\\/#breadcrumb\",\"itemListElement\":[{\"@type\":\"ListItem\",\"position\":1,\"name\":\"In\u00edcio\",\"item\":\"https:\\\/\\\/solardorosario.com.br\\\/galeria\\\/\"},{\"@type\":\"ListItem\",\"position\":2,\"name\":\"galeria\",\"item\":\"https:\\\/\\\/solardorosario.com.br\\\/galeria\\\/galeria\\\/\"},{\"@type\":\"ListItem\",\"position\":3,\"name\":\"Livro - Pintores Contempor\u00e2neos do Paran\u00e1 vol. III\"}]},{\"@type\":\"WebSite\",\"@id\":\"https:\\\/\\\/solardorosario.com.br\\\/galeria\\\/#website\",\"url\":\"https:\\\/\\\/solardorosario.com.br\\\/galeria\\\/\",\"name\":\"Solar do Ros\u00e1rio Galeria \\\\\\\\\\\\\\\\Nova\",\"description\":\"\",\"potentialAction\":[{\"@type\":\"SearchAction\",\"target\":{\"@type\":\"EntryPoint\",\"urlTemplate\":\"https:\\\/\\\/solardorosario.com.br\\\/galeria\\\/?s={search_term_string}\"},\"query-input\":{\"@type\":\"PropertyValueSpecification\",\"valueRequired\":true,\"valueName\":\"search_term_string\"}}],\"inLanguage\":\"pt-BR\"}]}<\/script>\n<!-- \/ Yoast SEO plugin. -->","yoast_head_json":{"title":"Livro - Pintores Contempor\u00e2neos do Paran\u00e1 vol. III - Solar do Ros\u00e1rio Galeria \\\\\\\\Nova","robots":{"index":"index","follow":"follow","max-snippet":"max-snippet:-1","max-image-preview":"max-image-preview:large","max-video-preview":"max-video-preview:-1"},"canonical":"https:\/\/solardorosario.com.br\/galeria\/produto\/livro-pintores-contemporaneos-do-parana-vol-iii\/","og_locale":"pt_BR","og_type":"article","og_title":"Livro - Pintores Contempor\u00e2neos do Paran\u00e1 vol. III - Solar do Ros\u00e1rio Galeria \\\\\\\\Nova","og_description":"T\u00edtulo: Pintores Contempor\u00e2neos do Paran\u00e1 volume III \"Os livros da colet\u00e2nea \"Pintores Contempor\u00e2neos do Paran\u00e1\" tem por objetivo, como citamos no pr\u00f3logo do primeiro volume, \"apresentar ao p\u00fablico geral um pouco da arte e dos artistas do Paran\u00e1 e ao mesmo tempo homenagear - em cada obra - dez artistas pl\u00e1sticos que t\u00eam trabalhado constantemente [&hellip;]","og_url":"https:\/\/solardorosario.com.br\/galeria\/produto\/livro-pintores-contemporaneos-do-parana-vol-iii\/","og_site_name":"Solar do Ros\u00e1rio Galeria \\\\\\\\Nova","article_modified_time":"2026-04-06T17:33:52+00:00","og_image":[{"width":200,"height":289,"url":"https:\/\/solardorosario.com.br\/galeria\/wp-content\/uploads\/2021\/05\/pint-con-e1620219260843.jpeg","type":"image\/jpeg"}],"twitter_card":"summary_large_image","twitter_misc":{"Est. tempo de leitura":"2 minutos"},"schema":{"@context":"https:\/\/schema.org","@graph":[{"@type":"WebPage","@id":"https:\/\/solardorosario.com.br\/galeria\/produto\/livro-pintores-contemporaneos-do-parana-vol-iii\/","url":"https:\/\/solardorosario.com.br\/galeria\/produto\/livro-pintores-contemporaneos-do-parana-vol-iii\/","name":"Livro - Pintores Contempor\u00e2neos do Paran\u00e1 vol. III - Solar do Ros\u00e1rio Galeria \\\\\\\\Nova","isPartOf":{"@id":"https:\/\/solardorosario.com.br\/galeria\/#website"},"primaryImageOfPage":{"@id":"https:\/\/solardorosario.com.br\/galeria\/produto\/livro-pintores-contemporaneos-do-parana-vol-iii\/#primaryimage"},"image":{"@id":"https:\/\/solardorosario.com.br\/galeria\/produto\/livro-pintores-contemporaneos-do-parana-vol-iii\/#primaryimage"},"thumbnailUrl":"https:\/\/solardorosario.com.br\/galeria\/wp-content\/uploads\/2021\/05\/pint-con-e1620219260843.jpeg","datePublished":"2021-05-05T12:56:25+00:00","dateModified":"2026-04-06T17:33:52+00:00","breadcrumb":{"@id":"https:\/\/solardorosario.com.br\/galeria\/produto\/livro-pintores-contemporaneos-do-parana-vol-iii\/#breadcrumb"},"inLanguage":"pt-BR","potentialAction":[{"@type":"ReadAction","target":["https:\/\/solardorosario.com.br\/galeria\/produto\/livro-pintores-contemporaneos-do-parana-vol-iii\/"]}]},{"@type":"ImageObject","inLanguage":"pt-BR","@id":"https:\/\/solardorosario.com.br\/galeria\/produto\/livro-pintores-contemporaneos-do-parana-vol-iii\/#primaryimage","url":"https:\/\/solardorosario.com.br\/galeria\/wp-content\/uploads\/2021\/05\/pint-con-e1620219260843.jpeg","contentUrl":"https:\/\/solardorosario.com.br\/galeria\/wp-content\/uploads\/2021\/05\/pint-con-e1620219260843.jpeg","width":200,"height":289},{"@type":"BreadcrumbList","@id":"https:\/\/solardorosario.com.br\/galeria\/produto\/livro-pintores-contemporaneos-do-parana-vol-iii\/#breadcrumb","itemListElement":[{"@type":"ListItem","position":1,"name":"In\u00edcio","item":"https:\/\/solardorosario.com.br\/galeria\/"},{"@type":"ListItem","position":2,"name":"galeria","item":"https:\/\/solardorosario.com.br\/galeria\/galeria\/"},{"@type":"ListItem","position":3,"name":"Livro - Pintores Contempor\u00e2neos do Paran\u00e1 vol. III"}]},{"@type":"WebSite","@id":"https:\/\/solardorosario.com.br\/galeria\/#website","url":"https:\/\/solardorosario.com.br\/galeria\/","name":"Solar do Ros\u00e1rio Galeria \\\\\\\\Nova","description":"","potentialAction":[{"@type":"SearchAction","target":{"@type":"EntryPoint","urlTemplate":"https:\/\/solardorosario.com.br\/galeria\/?s={search_term_string}"},"query-input":{"@type":"PropertyValueSpecification","valueRequired":true,"valueName":"search_term_string"}}],"inLanguage":"pt-BR"}]}},"_links":{"self":[{"href":"https:\/\/solardorosario.com.br\/galeria\/wp-json\/wp\/v2\/product\/2185","targetHints":{"allow":["GET"]}}],"collection":[{"href":"https:\/\/solardorosario.com.br\/galeria\/wp-json\/wp\/v2\/product"}],"about":[{"href":"https:\/\/solardorosario.com.br\/galeria\/wp-json\/wp\/v2\/types\/product"}],"wp:featuredmedia":[{"embeddable":true,"href":"https:\/\/solardorosario.com.br\/galeria\/wp-json\/wp\/v2\/media\/2186"}],"wp:attachment":[{"href":"https:\/\/solardorosario.com.br\/galeria\/wp-json\/wp\/v2\/media?parent=2185"}],"wp:term":[{"taxonomy":"product_brand","embeddable":true,"href":"https:\/\/solardorosario.com.br\/galeria\/wp-json\/wp\/v2\/product_brand?post=2185"},{"taxonomy":"product_cat","embeddable":true,"href":"https:\/\/solardorosario.com.br\/galeria\/wp-json\/wp\/v2\/product_cat?post=2185"},{"taxonomy":"product_tag","embeddable":true,"href":"https:\/\/solardorosario.com.br\/galeria\/wp-json\/wp\/v2\/product_tag?post=2185"}],"curies":[{"name":"wp","href":"https:\/\/api.w.org\/{rel}","templated":true}]}}