{"id":2183,"date":"2021-05-05T09:39:38","date_gmt":"2021-05-05T12:39:38","guid":{"rendered":"https:\/\/solardorosario.com.br\/galeria\/?post_type=product&#038;p=2183"},"modified":"2026-04-06T14:43:44","modified_gmt":"2026-04-06T17:43:44","slug":"pintores-contemporaneos-do-parana-vol-v","status":"publish","type":"product","link":"https:\/\/solardorosario.com.br\/galeria\/produto\/pintores-contemporaneos-do-parana-vol-v\/","title":{"rendered":"Livro - Pintores Contempor\u00e2neos do Paran\u00e1 vol. V"},"content":{"rendered":"<p><strong>T\u00edtulo:<\/strong> Pintores Contempor\u00e2neos do Paran\u00e1 volume V<\/p>\n<p>\"Quando iniciamos a publica\u00e7\u00e3o da colet\u00e2nea Pintores Contempor\u00e2neos do Paran\u00e1 h\u00e1 exatamente cinco anos, t\u00ednhamos em mente um ousado e sonhado objetivo: editar um livro por ano, apresentando ao p\u00fablico geral um pouco da arte dos artistas do Paran\u00e1 e, ao mesmo tempo, homenagear, em cada volume, dez artistas pl\u00e1sticos que trabalham constantemente com o Solar do Ros\u00e1rio - espa\u00e7o de arte e cultura (...)<\/p>\n<p>A cada livro lan\u00e7ado, experimentamos a sensa\u00e7\u00e3o de que crescemos culturalmente. Abrimos espa\u00e7os para os artistas genu\u00ednos, ainda n\u00e3o consagrados, e os colocamos, com a mesma dignidade, ao lado de artistas n\u00e3o menos genu\u00ednos, mas j\u00e1 de grande notoriedade.<\/p>\n<p>A cada livro lan\u00e7ado, rendemos homegam, reverenciamos a arte aut\u00eantica do artista pl\u00e1stico possuidor de uma \"linguagem interna harm\u00f4nica\"\".<\/p>\n<p><strong>Regina Casillo de Barros Correia Casillo - Diretora fundadora do Solar do Ros\u00e1rio e membro da Academia Paranaense de Letras.\u00a0<\/strong><\/p>\n","protected":false},"excerpt":{"rendered":"<p>T\u00edtulo: Pintores Contempor\u00e2neos do Paran\u00e1 volume V \"Quando iniciamos a publica\u00e7\u00e3o da colet\u00e2nea Pintores Contempor\u00e2neos do Paran\u00e1 h\u00e1 exatamente cinco anos, t\u00ednhamos em mente um ousado e sonhado objetivo: editar um livro por ano, apresentando ao p\u00fablico geral um pouco da arte dos artistas do Paran\u00e1 e, ao mesmo tempo, homenagear, em cada volume, dez [&hellip;]<\/p>\n","protected":false},"featured_media":2184,"template":"","meta":[],"product_brand":[],"product_cat":[117],"product_tag":[],"class_list":{"0":"post-2183","1":"product","2":"type-product","3":"status-publish","4":"has-post-thumbnail","6":"product_cat-galeria","7":"pa_tecnica-livros-de-arte-e-artistas","9":"first","10":"instock","11":"shipping-taxable","12":"purchasable","13":"product-type-simple"},"yoast_head":"<!-- This site is optimized with the Yoast SEO plugin v27.4 - https:\/\/yoast.com\/product\/yoast-seo-wordpress\/ -->\n<title>Livro - Pintores Contempor\u00e2neos do Paran\u00e1 vol. V - Solar do Ros\u00e1rio Galeria \\\\\\\\Nova<\/title>\n<meta name=\"robots\" content=\"index, follow, max-snippet:-1, max-image-preview:large, max-video-preview:-1\" \/>\n<link rel=\"canonical\" href=\"https:\/\/solardorosario.com.br\/galeria\/produto\/pintores-contemporaneos-do-parana-vol-v\/\" \/>\n<meta property=\"og:locale\" content=\"pt_BR\" \/>\n<meta property=\"og:type\" content=\"article\" \/>\n<meta property=\"og:title\" content=\"Livro - Pintores Contempor\u00e2neos do Paran\u00e1 vol. V - Solar do Ros\u00e1rio Galeria \\\\\\\\Nova\" \/>\n<meta property=\"og:description\" content=\"T\u00edtulo: Pintores Contempor\u00e2neos do Paran\u00e1 volume V &quot;Quando iniciamos a publica\u00e7\u00e3o da colet\u00e2nea Pintores Contempor\u00e2neos do Paran\u00e1 h\u00e1 exatamente cinco anos, t\u00ednhamos em mente um ousado e sonhado objetivo: editar um livro por ano, apresentando ao p\u00fablico geral um pouco da arte dos artistas do Paran\u00e1 e, ao mesmo tempo, homenagear, em cada volume, dez [&hellip;]\" \/>\n<meta property=\"og:url\" content=\"https:\/\/solardorosario.com.br\/galeria\/produto\/pintores-contemporaneos-do-parana-vol-v\/\" \/>\n<meta property=\"og:site_name\" content=\"Solar do Ros\u00e1rio Galeria \\\\\\\\Nova\" \/>\n<meta property=\"article:modified_time\" content=\"2026-04-06T17:43:44+00:00\" \/>\n<meta property=\"og:image\" content=\"https:\/\/solardorosario.com.br\/galeria\/wp-content\/uploads\/2021\/05\/pintores-e1620218367677.jpeg\" \/>\n\t<meta property=\"og:image:width\" content=\"200\" \/>\n\t<meta property=\"og:image:height\" content=\"286\" \/>\n\t<meta property=\"og:image:type\" content=\"image\/jpeg\" \/>\n<meta name=\"twitter:card\" content=\"summary_large_image\" \/>\n<meta name=\"twitter:label1\" content=\"Est. tempo de leitura\" \/>\n\t<meta name=\"twitter:data1\" content=\"2 minutos\" \/>\n<script type=\"application\/ld+json\" class=\"yoast-schema-graph\">{\"@context\":\"https:\\\/\\\/schema.org\",\"@graph\":[{\"@type\":\"WebPage\",\"@id\":\"https:\\\/\\\/solardorosario.com.br\\\/galeria\\\/produto\\\/pintores-contemporaneos-do-parana-vol-v\\\/\",\"url\":\"https:\\\/\\\/solardorosario.com.br\\\/galeria\\\/produto\\\/pintores-contemporaneos-do-parana-vol-v\\\/\",\"name\":\"Livro - Pintores Contempor\u00e2neos do Paran\u00e1 vol. V - Solar do Ros\u00e1rio Galeria \\\\\\\\\\\\\\\\Nova\",\"isPartOf\":{\"@id\":\"https:\\\/\\\/solardorosario.com.br\\\/galeria\\\/#website\"},\"primaryImageOfPage\":{\"@id\":\"https:\\\/\\\/solardorosario.com.br\\\/galeria\\\/produto\\\/pintores-contemporaneos-do-parana-vol-v\\\/#primaryimage\"},\"image\":{\"@id\":\"https:\\\/\\\/solardorosario.com.br\\\/galeria\\\/produto\\\/pintores-contemporaneos-do-parana-vol-v\\\/#primaryimage\"},\"thumbnailUrl\":\"https:\\\/\\\/solardorosario.com.br\\\/galeria\\\/wp-content\\\/uploads\\\/2021\\\/05\\\/pintores-e1620218367677.jpeg\",\"datePublished\":\"2021-05-05T12:39:38+00:00\",\"dateModified\":\"2026-04-06T17:43:44+00:00\",\"breadcrumb\":{\"@id\":\"https:\\\/\\\/solardorosario.com.br\\\/galeria\\\/produto\\\/pintores-contemporaneos-do-parana-vol-v\\\/#breadcrumb\"},\"inLanguage\":\"pt-BR\",\"potentialAction\":[{\"@type\":\"ReadAction\",\"target\":[\"https:\\\/\\\/solardorosario.com.br\\\/galeria\\\/produto\\\/pintores-contemporaneos-do-parana-vol-v\\\/\"]}]},{\"@type\":\"ImageObject\",\"inLanguage\":\"pt-BR\",\"@id\":\"https:\\\/\\\/solardorosario.com.br\\\/galeria\\\/produto\\\/pintores-contemporaneos-do-parana-vol-v\\\/#primaryimage\",\"url\":\"https:\\\/\\\/solardorosario.com.br\\\/galeria\\\/wp-content\\\/uploads\\\/2021\\\/05\\\/pintores-e1620218367677.jpeg\",\"contentUrl\":\"https:\\\/\\\/solardorosario.com.br\\\/galeria\\\/wp-content\\\/uploads\\\/2021\\\/05\\\/pintores-e1620218367677.jpeg\",\"width\":200,\"height\":286},{\"@type\":\"BreadcrumbList\",\"@id\":\"https:\\\/\\\/solardorosario.com.br\\\/galeria\\\/produto\\\/pintores-contemporaneos-do-parana-vol-v\\\/#breadcrumb\",\"itemListElement\":[{\"@type\":\"ListItem\",\"position\":1,\"name\":\"In\u00edcio\",\"item\":\"https:\\\/\\\/solardorosario.com.br\\\/galeria\\\/\"},{\"@type\":\"ListItem\",\"position\":2,\"name\":\"galeria\",\"item\":\"https:\\\/\\\/solardorosario.com.br\\\/galeria\\\/galeria\\\/\"},{\"@type\":\"ListItem\",\"position\":3,\"name\":\"Livro - Pintores Contempor\u00e2neos do Paran\u00e1 vol. V\"}]},{\"@type\":\"WebSite\",\"@id\":\"https:\\\/\\\/solardorosario.com.br\\\/galeria\\\/#website\",\"url\":\"https:\\\/\\\/solardorosario.com.br\\\/galeria\\\/\",\"name\":\"Solar do Ros\u00e1rio Galeria \\\\\\\\\\\\\\\\Nova\",\"description\":\"\",\"potentialAction\":[{\"@type\":\"SearchAction\",\"target\":{\"@type\":\"EntryPoint\",\"urlTemplate\":\"https:\\\/\\\/solardorosario.com.br\\\/galeria\\\/?s={search_term_string}\"},\"query-input\":{\"@type\":\"PropertyValueSpecification\",\"valueRequired\":true,\"valueName\":\"search_term_string\"}}],\"inLanguage\":\"pt-BR\"}]}<\/script>\n<!-- \/ Yoast SEO plugin. -->","yoast_head_json":{"title":"Livro - Pintores Contempor\u00e2neos do Paran\u00e1 vol. V - Solar do Ros\u00e1rio Galeria \\\\\\\\Nova","robots":{"index":"index","follow":"follow","max-snippet":"max-snippet:-1","max-image-preview":"max-image-preview:large","max-video-preview":"max-video-preview:-1"},"canonical":"https:\/\/solardorosario.com.br\/galeria\/produto\/pintores-contemporaneos-do-parana-vol-v\/","og_locale":"pt_BR","og_type":"article","og_title":"Livro - Pintores Contempor\u00e2neos do Paran\u00e1 vol. V - Solar do Ros\u00e1rio Galeria \\\\\\\\Nova","og_description":"T\u00edtulo: Pintores Contempor\u00e2neos do Paran\u00e1 volume V \"Quando iniciamos a publica\u00e7\u00e3o da colet\u00e2nea Pintores Contempor\u00e2neos do Paran\u00e1 h\u00e1 exatamente cinco anos, t\u00ednhamos em mente um ousado e sonhado objetivo: editar um livro por ano, apresentando ao p\u00fablico geral um pouco da arte dos artistas do Paran\u00e1 e, ao mesmo tempo, homenagear, em cada volume, dez [&hellip;]","og_url":"https:\/\/solardorosario.com.br\/galeria\/produto\/pintores-contemporaneos-do-parana-vol-v\/","og_site_name":"Solar do Ros\u00e1rio Galeria \\\\\\\\Nova","article_modified_time":"2026-04-06T17:43:44+00:00","og_image":[{"width":200,"height":286,"url":"https:\/\/solardorosario.com.br\/galeria\/wp-content\/uploads\/2021\/05\/pintores-e1620218367677.jpeg","type":"image\/jpeg"}],"twitter_card":"summary_large_image","twitter_misc":{"Est. tempo de leitura":"2 minutos"},"schema":{"@context":"https:\/\/schema.org","@graph":[{"@type":"WebPage","@id":"https:\/\/solardorosario.com.br\/galeria\/produto\/pintores-contemporaneos-do-parana-vol-v\/","url":"https:\/\/solardorosario.com.br\/galeria\/produto\/pintores-contemporaneos-do-parana-vol-v\/","name":"Livro - Pintores Contempor\u00e2neos do Paran\u00e1 vol. V - Solar do Ros\u00e1rio Galeria \\\\\\\\Nova","isPartOf":{"@id":"https:\/\/solardorosario.com.br\/galeria\/#website"},"primaryImageOfPage":{"@id":"https:\/\/solardorosario.com.br\/galeria\/produto\/pintores-contemporaneos-do-parana-vol-v\/#primaryimage"},"image":{"@id":"https:\/\/solardorosario.com.br\/galeria\/produto\/pintores-contemporaneos-do-parana-vol-v\/#primaryimage"},"thumbnailUrl":"https:\/\/solardorosario.com.br\/galeria\/wp-content\/uploads\/2021\/05\/pintores-e1620218367677.jpeg","datePublished":"2021-05-05T12:39:38+00:00","dateModified":"2026-04-06T17:43:44+00:00","breadcrumb":{"@id":"https:\/\/solardorosario.com.br\/galeria\/produto\/pintores-contemporaneos-do-parana-vol-v\/#breadcrumb"},"inLanguage":"pt-BR","potentialAction":[{"@type":"ReadAction","target":["https:\/\/solardorosario.com.br\/galeria\/produto\/pintores-contemporaneos-do-parana-vol-v\/"]}]},{"@type":"ImageObject","inLanguage":"pt-BR","@id":"https:\/\/solardorosario.com.br\/galeria\/produto\/pintores-contemporaneos-do-parana-vol-v\/#primaryimage","url":"https:\/\/solardorosario.com.br\/galeria\/wp-content\/uploads\/2021\/05\/pintores-e1620218367677.jpeg","contentUrl":"https:\/\/solardorosario.com.br\/galeria\/wp-content\/uploads\/2021\/05\/pintores-e1620218367677.jpeg","width":200,"height":286},{"@type":"BreadcrumbList","@id":"https:\/\/solardorosario.com.br\/galeria\/produto\/pintores-contemporaneos-do-parana-vol-v\/#breadcrumb","itemListElement":[{"@type":"ListItem","position":1,"name":"In\u00edcio","item":"https:\/\/solardorosario.com.br\/galeria\/"},{"@type":"ListItem","position":2,"name":"galeria","item":"https:\/\/solardorosario.com.br\/galeria\/galeria\/"},{"@type":"ListItem","position":3,"name":"Livro - Pintores Contempor\u00e2neos do Paran\u00e1 vol. V"}]},{"@type":"WebSite","@id":"https:\/\/solardorosario.com.br\/galeria\/#website","url":"https:\/\/solardorosario.com.br\/galeria\/","name":"Solar do Ros\u00e1rio Galeria \\\\\\\\Nova","description":"","potentialAction":[{"@type":"SearchAction","target":{"@type":"EntryPoint","urlTemplate":"https:\/\/solardorosario.com.br\/galeria\/?s={search_term_string}"},"query-input":{"@type":"PropertyValueSpecification","valueRequired":true,"valueName":"search_term_string"}}],"inLanguage":"pt-BR"}]}},"_links":{"self":[{"href":"https:\/\/solardorosario.com.br\/galeria\/wp-json\/wp\/v2\/product\/2183","targetHints":{"allow":["GET"]}}],"collection":[{"href":"https:\/\/solardorosario.com.br\/galeria\/wp-json\/wp\/v2\/product"}],"about":[{"href":"https:\/\/solardorosario.com.br\/galeria\/wp-json\/wp\/v2\/types\/product"}],"wp:featuredmedia":[{"embeddable":true,"href":"https:\/\/solardorosario.com.br\/galeria\/wp-json\/wp\/v2\/media\/2184"}],"wp:attachment":[{"href":"https:\/\/solardorosario.com.br\/galeria\/wp-json\/wp\/v2\/media?parent=2183"}],"wp:term":[{"taxonomy":"product_brand","embeddable":true,"href":"https:\/\/solardorosario.com.br\/galeria\/wp-json\/wp\/v2\/product_brand?post=2183"},{"taxonomy":"product_cat","embeddable":true,"href":"https:\/\/solardorosario.com.br\/galeria\/wp-json\/wp\/v2\/product_cat?post=2183"},{"taxonomy":"product_tag","embeddable":true,"href":"https:\/\/solardorosario.com.br\/galeria\/wp-json\/wp\/v2\/product_tag?post=2183"}],"curies":[{"name":"wp","href":"https:\/\/api.w.org\/{rel}","templated":true}]}}