{"id":2181,"date":"2021-05-05T09:33:52","date_gmt":"2021-05-05T12:33:52","guid":{"rendered":"https:\/\/solardorosario.com.br\/galeria\/?post_type=product&#038;p=2181"},"modified":"2026-04-06T14:21:43","modified_gmt":"2026-04-06T17:21:43","slug":"livro-luzes-e-sombras-tradicoes-milenares-ao-sul-da-italia","status":"publish","type":"product","link":"https:\/\/solardorosario.com.br\/galeria\/produto\/livro-luzes-e-sombras-tradicoes-milenares-ao-sul-da-italia\/","title":{"rendered":"Livro - Luzes e sombras - Tradi\u00e7\u00f5es Milenares ao Sul da It\u00e1lia"},"content":{"rendered":"<p><span class=\"kxbcc\"><span id=\"kxbcct\" class=\"H1ccWd\"><span class=\"kxbc\"><strong>T\u00edtulo:<\/strong> Luz e sombras - Tradi\u00e7\u00f5es Milenares do Sul da It\u00e1lia<\/span><\/span><\/span><\/p>\n<p>\"Al\u00e9m da t\u00e9cnica perfeita, o autor acrescenta algo intang\u00edvel: a alma! S\u00e3o suas ra\u00edzes, \u00e9 seu povo, s\u00e3o viv\u00eancias suas e de seus ancestrais. S\u00e3o os \"deuses lares\" de Roma e os mitos da Magna Gr\u00e9cia que est\u00e3o presentes nas luzes e nas sombras das belas fotografias. \"<\/p>\n<div id=\"-product-builder-12-873\" class=\"oxy-product-builder oxy-woo-element\">\n<div id=\"product-2205\" class=\"product type-product post-2205 status-publish first instock product_cat-galeria has-post-thumbnail shipping-taxable purchasable product-type-simple\">\n<div class=\"oxy-product-wrapper-inner oxy-inner-content\">\n<div id=\"-product-tabs-63-873\" class=\"oxy-product-tabs oxy-woo-element\">\n<div class=\"woocommerce-tabs wc-tabs-wrapper\">\n<div id=\"tab-description\" class=\"woocommerce-Tabs-panel woocommerce-Tabs-panel--description panel entry-content wc-tab\" role=\"tabpanel\" aria-labelledby=\"tab-title-description\">\n<p><strong>Regina de Barros Correia Casillo - Diretora Fundadora do Solar do Ros\u00e1rio e membro da Academia Paranaense de Letras.<\/strong><\/p>\n<\/div>\n<\/div>\n<\/div>\n<\/div>\n<\/div>\n<\/div>\n<div id=\"code_block-64-873\" class=\"ct-code-block\"><\/div>\n<div id=\"-related-products-65-873\" class=\"oxy-related-products oxy-woo-element\"><\/div>\n","protected":false},"excerpt":{"rendered":"<p>T\u00edtulo: Luz e sombras - Tradi\u00e7\u00f5es Milenares do Sul da It\u00e1lia \"Al\u00e9m da t\u00e9cnica perfeita, o autor acrescenta algo intang\u00edvel: a alma! S\u00e3o suas ra\u00edzes, \u00e9 seu povo, s\u00e3o viv\u00eancias suas e de seus ancestrais. S\u00e3o os \"deuses lares\" de Roma e os mitos da Magna Gr\u00e9cia que est\u00e3o presentes nas luzes e nas sombras [&hellip;]<\/p>\n","protected":false},"featured_media":2182,"template":"","meta":[],"product_brand":[],"product_cat":[117],"product_tag":[],"class_list":{"0":"post-2181","1":"product","2":"type-product","3":"status-publish","4":"has-post-thumbnail","6":"product_cat-galeria","7":"pa_tecnica-livros-de-arte-e-artistas","9":"first","10":"instock","11":"shipping-taxable","12":"purchasable","13":"product-type-simple"},"yoast_head":"<!-- This site is optimized with the Yoast SEO plugin v27.4 - https:\/\/yoast.com\/product\/yoast-seo-wordpress\/ -->\n<title>Livro - Luzes e sombras - Tradi\u00e7\u00f5es Milenares ao Sul da It\u00e1lia - Solar do Ros\u00e1rio Galeria \\\\\\\\Nova<\/title>\n<meta name=\"robots\" content=\"index, follow, max-snippet:-1, max-image-preview:large, max-video-preview:-1\" \/>\n<link rel=\"canonical\" href=\"https:\/\/solardorosario.com.br\/galeria\/produto\/livro-luzes-e-sombras-tradicoes-milenares-ao-sul-da-italia\/\" \/>\n<meta property=\"og:locale\" content=\"pt_BR\" \/>\n<meta property=\"og:type\" content=\"article\" \/>\n<meta property=\"og:title\" content=\"Livro - Luzes e sombras - Tradi\u00e7\u00f5es Milenares ao Sul da It\u00e1lia - Solar do Ros\u00e1rio Galeria \\\\\\\\Nova\" \/>\n<meta property=\"og:description\" content=\"T\u00edtulo: Luz e sombras - Tradi\u00e7\u00f5es Milenares do Sul da It\u00e1lia &quot;Al\u00e9m da t\u00e9cnica perfeita, o autor acrescenta algo intang\u00edvel: a alma! S\u00e3o suas ra\u00edzes, \u00e9 seu povo, s\u00e3o viv\u00eancias suas e de seus ancestrais. S\u00e3o os &quot;deuses lares&quot; de Roma e os mitos da Magna Gr\u00e9cia que est\u00e3o presentes nas luzes e nas sombras [&hellip;]\" \/>\n<meta property=\"og:url\" content=\"https:\/\/solardorosario.com.br\/galeria\/produto\/livro-luzes-e-sombras-tradicoes-milenares-ao-sul-da-italia\/\" \/>\n<meta property=\"og:site_name\" content=\"Solar do Ros\u00e1rio Galeria \\\\\\\\Nova\" \/>\n<meta property=\"article:modified_time\" content=\"2026-04-06T17:21:43+00:00\" \/>\n<meta property=\"og:image\" content=\"https:\/\/solardorosario.com.br\/galeria\/wp-content\/uploads\/2021\/05\/luzes-rotated-e1620217702923.jpeg\" \/>\n\t<meta property=\"og:image:width\" content=\"260\" \/>\n\t<meta property=\"og:image:height\" content=\"256\" \/>\n\t<meta property=\"og:image:type\" content=\"image\/jpeg\" \/>\n<meta name=\"twitter:card\" content=\"summary_large_image\" \/>\n<meta name=\"twitter:label1\" content=\"Est. tempo de leitura\" \/>\n\t<meta name=\"twitter:data1\" content=\"1 minuto\" \/>\n<script type=\"application\/ld+json\" class=\"yoast-schema-graph\">{\"@context\":\"https:\\\/\\\/schema.org\",\"@graph\":[{\"@type\":\"WebPage\",\"@id\":\"https:\\\/\\\/solardorosario.com.br\\\/galeria\\\/produto\\\/livro-luzes-e-sombras-tradicoes-milenares-ao-sul-da-italia\\\/\",\"url\":\"https:\\\/\\\/solardorosario.com.br\\\/galeria\\\/produto\\\/livro-luzes-e-sombras-tradicoes-milenares-ao-sul-da-italia\\\/\",\"name\":\"Livro - Luzes e sombras - Tradi\u00e7\u00f5es Milenares ao Sul da It\u00e1lia - Solar do Ros\u00e1rio Galeria \\\\\\\\\\\\\\\\Nova\",\"isPartOf\":{\"@id\":\"https:\\\/\\\/solardorosario.com.br\\\/galeria\\\/#website\"},\"primaryImageOfPage\":{\"@id\":\"https:\\\/\\\/solardorosario.com.br\\\/galeria\\\/produto\\\/livro-luzes-e-sombras-tradicoes-milenares-ao-sul-da-italia\\\/#primaryimage\"},\"image\":{\"@id\":\"https:\\\/\\\/solardorosario.com.br\\\/galeria\\\/produto\\\/livro-luzes-e-sombras-tradicoes-milenares-ao-sul-da-italia\\\/#primaryimage\"},\"thumbnailUrl\":\"https:\\\/\\\/solardorosario.com.br\\\/galeria\\\/wp-content\\\/uploads\\\/2021\\\/05\\\/luzes-rotated-e1620217702923.jpeg\",\"datePublished\":\"2021-05-05T12:33:52+00:00\",\"dateModified\":\"2026-04-06T17:21:43+00:00\",\"breadcrumb\":{\"@id\":\"https:\\\/\\\/solardorosario.com.br\\\/galeria\\\/produto\\\/livro-luzes-e-sombras-tradicoes-milenares-ao-sul-da-italia\\\/#breadcrumb\"},\"inLanguage\":\"pt-BR\",\"potentialAction\":[{\"@type\":\"ReadAction\",\"target\":[\"https:\\\/\\\/solardorosario.com.br\\\/galeria\\\/produto\\\/livro-luzes-e-sombras-tradicoes-milenares-ao-sul-da-italia\\\/\"]}]},{\"@type\":\"ImageObject\",\"inLanguage\":\"pt-BR\",\"@id\":\"https:\\\/\\\/solardorosario.com.br\\\/galeria\\\/produto\\\/livro-luzes-e-sombras-tradicoes-milenares-ao-sul-da-italia\\\/#primaryimage\",\"url\":\"https:\\\/\\\/solardorosario.com.br\\\/galeria\\\/wp-content\\\/uploads\\\/2021\\\/05\\\/luzes-rotated-e1620217702923.jpeg\",\"contentUrl\":\"https:\\\/\\\/solardorosario.com.br\\\/galeria\\\/wp-content\\\/uploads\\\/2021\\\/05\\\/luzes-rotated-e1620217702923.jpeg\",\"width\":260,\"height\":256},{\"@type\":\"BreadcrumbList\",\"@id\":\"https:\\\/\\\/solardorosario.com.br\\\/galeria\\\/produto\\\/livro-luzes-e-sombras-tradicoes-milenares-ao-sul-da-italia\\\/#breadcrumb\",\"itemListElement\":[{\"@type\":\"ListItem\",\"position\":1,\"name\":\"In\u00edcio\",\"item\":\"https:\\\/\\\/solardorosario.com.br\\\/galeria\\\/\"},{\"@type\":\"ListItem\",\"position\":2,\"name\":\"galeria\",\"item\":\"https:\\\/\\\/solardorosario.com.br\\\/galeria\\\/galeria\\\/\"},{\"@type\":\"ListItem\",\"position\":3,\"name\":\"Livro - Luzes e sombras - Tradi\u00e7\u00f5es Milenares ao Sul da It\u00e1lia\"}]},{\"@type\":\"WebSite\",\"@id\":\"https:\\\/\\\/solardorosario.com.br\\\/galeria\\\/#website\",\"url\":\"https:\\\/\\\/solardorosario.com.br\\\/galeria\\\/\",\"name\":\"Solar do Ros\u00e1rio Galeria \\\\\\\\\\\\\\\\Nova\",\"description\":\"\",\"potentialAction\":[{\"@type\":\"SearchAction\",\"target\":{\"@type\":\"EntryPoint\",\"urlTemplate\":\"https:\\\/\\\/solardorosario.com.br\\\/galeria\\\/?s={search_term_string}\"},\"query-input\":{\"@type\":\"PropertyValueSpecification\",\"valueRequired\":true,\"valueName\":\"search_term_string\"}}],\"inLanguage\":\"pt-BR\"}]}<\/script>\n<!-- \/ Yoast SEO plugin. -->","yoast_head_json":{"title":"Livro - Luzes e sombras - Tradi\u00e7\u00f5es Milenares ao Sul da It\u00e1lia - Solar do Ros\u00e1rio Galeria \\\\\\\\Nova","robots":{"index":"index","follow":"follow","max-snippet":"max-snippet:-1","max-image-preview":"max-image-preview:large","max-video-preview":"max-video-preview:-1"},"canonical":"https:\/\/solardorosario.com.br\/galeria\/produto\/livro-luzes-e-sombras-tradicoes-milenares-ao-sul-da-italia\/","og_locale":"pt_BR","og_type":"article","og_title":"Livro - Luzes e sombras - Tradi\u00e7\u00f5es Milenares ao Sul da It\u00e1lia - Solar do Ros\u00e1rio Galeria \\\\\\\\Nova","og_description":"T\u00edtulo: Luz e sombras - Tradi\u00e7\u00f5es Milenares do Sul da It\u00e1lia \"Al\u00e9m da t\u00e9cnica perfeita, o autor acrescenta algo intang\u00edvel: a alma! S\u00e3o suas ra\u00edzes, \u00e9 seu povo, s\u00e3o viv\u00eancias suas e de seus ancestrais. S\u00e3o os \"deuses lares\" de Roma e os mitos da Magna Gr\u00e9cia que est\u00e3o presentes nas luzes e nas sombras [&hellip;]","og_url":"https:\/\/solardorosario.com.br\/galeria\/produto\/livro-luzes-e-sombras-tradicoes-milenares-ao-sul-da-italia\/","og_site_name":"Solar do Ros\u00e1rio Galeria \\\\\\\\Nova","article_modified_time":"2026-04-06T17:21:43+00:00","og_image":[{"width":260,"height":256,"url":"https:\/\/solardorosario.com.br\/galeria\/wp-content\/uploads\/2021\/05\/luzes-rotated-e1620217702923.jpeg","type":"image\/jpeg"}],"twitter_card":"summary_large_image","twitter_misc":{"Est. tempo de leitura":"1 minuto"},"schema":{"@context":"https:\/\/schema.org","@graph":[{"@type":"WebPage","@id":"https:\/\/solardorosario.com.br\/galeria\/produto\/livro-luzes-e-sombras-tradicoes-milenares-ao-sul-da-italia\/","url":"https:\/\/solardorosario.com.br\/galeria\/produto\/livro-luzes-e-sombras-tradicoes-milenares-ao-sul-da-italia\/","name":"Livro - Luzes e sombras - Tradi\u00e7\u00f5es Milenares ao Sul da It\u00e1lia - Solar do Ros\u00e1rio Galeria \\\\\\\\Nova","isPartOf":{"@id":"https:\/\/solardorosario.com.br\/galeria\/#website"},"primaryImageOfPage":{"@id":"https:\/\/solardorosario.com.br\/galeria\/produto\/livro-luzes-e-sombras-tradicoes-milenares-ao-sul-da-italia\/#primaryimage"},"image":{"@id":"https:\/\/solardorosario.com.br\/galeria\/produto\/livro-luzes-e-sombras-tradicoes-milenares-ao-sul-da-italia\/#primaryimage"},"thumbnailUrl":"https:\/\/solardorosario.com.br\/galeria\/wp-content\/uploads\/2021\/05\/luzes-rotated-e1620217702923.jpeg","datePublished":"2021-05-05T12:33:52+00:00","dateModified":"2026-04-06T17:21:43+00:00","breadcrumb":{"@id":"https:\/\/solardorosario.com.br\/galeria\/produto\/livro-luzes-e-sombras-tradicoes-milenares-ao-sul-da-italia\/#breadcrumb"},"inLanguage":"pt-BR","potentialAction":[{"@type":"ReadAction","target":["https:\/\/solardorosario.com.br\/galeria\/produto\/livro-luzes-e-sombras-tradicoes-milenares-ao-sul-da-italia\/"]}]},{"@type":"ImageObject","inLanguage":"pt-BR","@id":"https:\/\/solardorosario.com.br\/galeria\/produto\/livro-luzes-e-sombras-tradicoes-milenares-ao-sul-da-italia\/#primaryimage","url":"https:\/\/solardorosario.com.br\/galeria\/wp-content\/uploads\/2021\/05\/luzes-rotated-e1620217702923.jpeg","contentUrl":"https:\/\/solardorosario.com.br\/galeria\/wp-content\/uploads\/2021\/05\/luzes-rotated-e1620217702923.jpeg","width":260,"height":256},{"@type":"BreadcrumbList","@id":"https:\/\/solardorosario.com.br\/galeria\/produto\/livro-luzes-e-sombras-tradicoes-milenares-ao-sul-da-italia\/#breadcrumb","itemListElement":[{"@type":"ListItem","position":1,"name":"In\u00edcio","item":"https:\/\/solardorosario.com.br\/galeria\/"},{"@type":"ListItem","position":2,"name":"galeria","item":"https:\/\/solardorosario.com.br\/galeria\/galeria\/"},{"@type":"ListItem","position":3,"name":"Livro - Luzes e sombras - Tradi\u00e7\u00f5es Milenares ao Sul da It\u00e1lia"}]},{"@type":"WebSite","@id":"https:\/\/solardorosario.com.br\/galeria\/#website","url":"https:\/\/solardorosario.com.br\/galeria\/","name":"Solar do Ros\u00e1rio Galeria \\\\\\\\Nova","description":"","potentialAction":[{"@type":"SearchAction","target":{"@type":"EntryPoint","urlTemplate":"https:\/\/solardorosario.com.br\/galeria\/?s={search_term_string}"},"query-input":{"@type":"PropertyValueSpecification","valueRequired":true,"valueName":"search_term_string"}}],"inLanguage":"pt-BR"}]}},"_links":{"self":[{"href":"https:\/\/solardorosario.com.br\/galeria\/wp-json\/wp\/v2\/product\/2181","targetHints":{"allow":["GET"]}}],"collection":[{"href":"https:\/\/solardorosario.com.br\/galeria\/wp-json\/wp\/v2\/product"}],"about":[{"href":"https:\/\/solardorosario.com.br\/galeria\/wp-json\/wp\/v2\/types\/product"}],"wp:featuredmedia":[{"embeddable":true,"href":"https:\/\/solardorosario.com.br\/galeria\/wp-json\/wp\/v2\/media\/2182"}],"wp:attachment":[{"href":"https:\/\/solardorosario.com.br\/galeria\/wp-json\/wp\/v2\/media?parent=2181"}],"wp:term":[{"taxonomy":"product_brand","embeddable":true,"href":"https:\/\/solardorosario.com.br\/galeria\/wp-json\/wp\/v2\/product_brand?post=2181"},{"taxonomy":"product_cat","embeddable":true,"href":"https:\/\/solardorosario.com.br\/galeria\/wp-json\/wp\/v2\/product_cat?post=2181"},{"taxonomy":"product_tag","embeddable":true,"href":"https:\/\/solardorosario.com.br\/galeria\/wp-json\/wp\/v2\/product_tag?post=2181"}],"curies":[{"name":"wp","href":"https:\/\/api.w.org\/{rel}","templated":true}]}}