{"id":2174,"date":"2021-05-05T09:11:23","date_gmt":"2021-05-05T12:11:23","guid":{"rendered":"https:\/\/solardorosario.com.br\/galeria\/?post_type=product&#038;p=2174"},"modified":"2026-04-06T14:31:59","modified_gmt":"2026-04-06T17:31:59","slug":"livro-o-percurso-do-olhar","status":"publish","type":"product","link":"https:\/\/solardorosario.com.br\/galeria\/produto\/livro-o-percurso-do-olhar\/","title":{"rendered":"Livro - O Percurso do Olhar"},"content":{"rendered":"<p><strong>T\u00edtulo:<\/strong> O Percurso do Olhar<\/p>\n<p><span class=\"kxbcc\"><span id=\"kxbcct\" class=\"H1ccWd\"><span class=\"kxbc\">\"A exposi\u00e7\u00e3o e o livro \"O Percurso do Olhar\" trazem quatro artistas jovens, genuinamente envolvidas com as artes pl\u00e1sticas: Claudia de Lara, Daniele Henning,\u00a0 Sandra Bonnet e Sandra Hiromoto. Representam os novos talentos de hoje. S\u00e3o profissionais dispostas a construir carreiras s\u00f3lidas. Al\u00e9m da voca\u00e7\u00e3o e da criatividade, apresentam um dado a mais em suas rotas: persist\u00eancia e dedica\u00e7\u00e3o. Apesar de terem universos de refer\u00eancias pr\u00f3prios, resultado das viv\u00eancias de cada uma, as quatro pintoras travam di\u00e1logos entre si. A conviv\u00eancia harm\u00f4nica e a honestidade singular de cada uma nas cria\u00e7\u00f5es art\u00edsticas motivam o espectador e o levam a um envolvimento interessante e raro em mostras coletivas.\"<br \/>\n<\/span><\/span><\/span><\/p>\n<p>&nbsp;<\/p>\n<p>Paragr\u00e1fo do cap\u00edtulo de apresenta\u00e7\u00e3o<em> \"20 anos de Arte e Cultura\"\u00a0\u00a0<\/em>do livro \"Percurso do Olhar\".<\/p>\n<p>&nbsp;<\/p>\n<p>&nbsp;<\/p>\n<p>&nbsp;<\/p>\n","protected":false},"excerpt":{"rendered":"<p>T\u00edtulo: O Percurso do Olhar \"A exposi\u00e7\u00e3o e o livro \"O Percurso do Olhar\" trazem quatro artistas jovens, genuinamente envolvidas com as artes pl\u00e1sticas: Claudia de Lara, Daniele Henning,\u00a0 Sandra Bonnet e Sandra Hiromoto. Representam os novos talentos de hoje. S\u00e3o profissionais dispostas a construir carreiras s\u00f3lidas. Al\u00e9m da voca\u00e7\u00e3o e da criatividade, apresentam um [&hellip;]<\/p>\n","protected":false},"featured_media":2176,"template":"","meta":[],"product_brand":[],"product_cat":[117],"product_tag":[],"class_list":{"0":"post-2174","1":"product","2":"type-product","3":"status-publish","4":"has-post-thumbnail","6":"product_cat-galeria","7":"pa_tecnica-livros-de-arte-e-artistas","9":"first","10":"instock","11":"shipping-taxable","12":"purchasable","13":"product-type-simple"},"yoast_head":"<!-- This site is optimized with the Yoast SEO plugin v27.4 - https:\/\/yoast.com\/product\/yoast-seo-wordpress\/ -->\n<title>Livro - O Percurso do Olhar - Solar do Ros\u00e1rio Galeria \\\\\\\\Nova<\/title>\n<meta name=\"robots\" content=\"index, follow, max-snippet:-1, max-image-preview:large, max-video-preview:-1\" \/>\n<link rel=\"canonical\" href=\"https:\/\/solardorosario.com.br\/galeria\/produto\/livro-o-percurso-do-olhar\/\" \/>\n<meta property=\"og:locale\" content=\"pt_BR\" \/>\n<meta property=\"og:type\" content=\"article\" \/>\n<meta property=\"og:title\" content=\"Livro - O Percurso do Olhar - Solar do Ros\u00e1rio Galeria \\\\\\\\Nova\" \/>\n<meta property=\"og:description\" content=\"T\u00edtulo: O Percurso do Olhar &quot;A exposi\u00e7\u00e3o e o livro &quot;O Percurso do Olhar&quot; trazem quatro artistas jovens, genuinamente envolvidas com as artes pl\u00e1sticas: Claudia de Lara, Daniele Henning,\u00a0 Sandra Bonnet e Sandra Hiromoto. Representam os novos talentos de hoje. S\u00e3o profissionais dispostas a construir carreiras s\u00f3lidas. Al\u00e9m da voca\u00e7\u00e3o e da criatividade, apresentam um [&hellip;]\" \/>\n<meta property=\"og:url\" content=\"https:\/\/solardorosario.com.br\/galeria\/produto\/livro-o-percurso-do-olhar\/\" \/>\n<meta property=\"og:site_name\" content=\"Solar do Ros\u00e1rio Galeria \\\\\\\\Nova\" \/>\n<meta property=\"article:modified_time\" content=\"2026-04-06T17:31:59+00:00\" \/>\n<meta property=\"og:image\" content=\"https:\/\/solardorosario.com.br\/galeria\/wp-content\/uploads\/2021\/05\/o-percurso-rotated-e1620215559393.jpeg\" \/>\n\t<meta property=\"og:image:width\" content=\"200\" \/>\n\t<meta property=\"og:image:height\" content=\"238\" \/>\n\t<meta property=\"og:image:type\" content=\"image\/jpeg\" \/>\n<meta name=\"twitter:card\" content=\"summary_large_image\" \/>\n<meta name=\"twitter:label1\" content=\"Est. tempo de leitura\" \/>\n\t<meta name=\"twitter:data1\" content=\"1 minuto\" \/>\n<script type=\"application\/ld+json\" class=\"yoast-schema-graph\">{\"@context\":\"https:\\\/\\\/schema.org\",\"@graph\":[{\"@type\":\"WebPage\",\"@id\":\"https:\\\/\\\/solardorosario.com.br\\\/galeria\\\/produto\\\/livro-o-percurso-do-olhar\\\/\",\"url\":\"https:\\\/\\\/solardorosario.com.br\\\/galeria\\\/produto\\\/livro-o-percurso-do-olhar\\\/\",\"name\":\"Livro - O Percurso do Olhar - Solar do Ros\u00e1rio Galeria \\\\\\\\\\\\\\\\Nova\",\"isPartOf\":{\"@id\":\"https:\\\/\\\/solardorosario.com.br\\\/galeria\\\/#website\"},\"primaryImageOfPage\":{\"@id\":\"https:\\\/\\\/solardorosario.com.br\\\/galeria\\\/produto\\\/livro-o-percurso-do-olhar\\\/#primaryimage\"},\"image\":{\"@id\":\"https:\\\/\\\/solardorosario.com.br\\\/galeria\\\/produto\\\/livro-o-percurso-do-olhar\\\/#primaryimage\"},\"thumbnailUrl\":\"https:\\\/\\\/solardorosario.com.br\\\/galeria\\\/wp-content\\\/uploads\\\/2021\\\/05\\\/o-percurso-rotated-e1620215559393.jpeg\",\"datePublished\":\"2021-05-05T12:11:23+00:00\",\"dateModified\":\"2026-04-06T17:31:59+00:00\",\"breadcrumb\":{\"@id\":\"https:\\\/\\\/solardorosario.com.br\\\/galeria\\\/produto\\\/livro-o-percurso-do-olhar\\\/#breadcrumb\"},\"inLanguage\":\"pt-BR\",\"potentialAction\":[{\"@type\":\"ReadAction\",\"target\":[\"https:\\\/\\\/solardorosario.com.br\\\/galeria\\\/produto\\\/livro-o-percurso-do-olhar\\\/\"]}]},{\"@type\":\"ImageObject\",\"inLanguage\":\"pt-BR\",\"@id\":\"https:\\\/\\\/solardorosario.com.br\\\/galeria\\\/produto\\\/livro-o-percurso-do-olhar\\\/#primaryimage\",\"url\":\"https:\\\/\\\/solardorosario.com.br\\\/galeria\\\/wp-content\\\/uploads\\\/2021\\\/05\\\/o-percurso-rotated-e1620215559393.jpeg\",\"contentUrl\":\"https:\\\/\\\/solardorosario.com.br\\\/galeria\\\/wp-content\\\/uploads\\\/2021\\\/05\\\/o-percurso-rotated-e1620215559393.jpeg\",\"width\":200,\"height\":238},{\"@type\":\"BreadcrumbList\",\"@id\":\"https:\\\/\\\/solardorosario.com.br\\\/galeria\\\/produto\\\/livro-o-percurso-do-olhar\\\/#breadcrumb\",\"itemListElement\":[{\"@type\":\"ListItem\",\"position\":1,\"name\":\"In\u00edcio\",\"item\":\"https:\\\/\\\/solardorosario.com.br\\\/galeria\\\/\"},{\"@type\":\"ListItem\",\"position\":2,\"name\":\"galeria\",\"item\":\"https:\\\/\\\/solardorosario.com.br\\\/galeria\\\/galeria\\\/\"},{\"@type\":\"ListItem\",\"position\":3,\"name\":\"Livro - O Percurso do Olhar\"}]},{\"@type\":\"WebSite\",\"@id\":\"https:\\\/\\\/solardorosario.com.br\\\/galeria\\\/#website\",\"url\":\"https:\\\/\\\/solardorosario.com.br\\\/galeria\\\/\",\"name\":\"Solar do Ros\u00e1rio Galeria \\\\\\\\\\\\\\\\Nova\",\"description\":\"\",\"potentialAction\":[{\"@type\":\"SearchAction\",\"target\":{\"@type\":\"EntryPoint\",\"urlTemplate\":\"https:\\\/\\\/solardorosario.com.br\\\/galeria\\\/?s={search_term_string}\"},\"query-input\":{\"@type\":\"PropertyValueSpecification\",\"valueRequired\":true,\"valueName\":\"search_term_string\"}}],\"inLanguage\":\"pt-BR\"}]}<\/script>\n<!-- \/ Yoast SEO plugin. -->","yoast_head_json":{"title":"Livro - O Percurso do Olhar - Solar do Ros\u00e1rio Galeria \\\\\\\\Nova","robots":{"index":"index","follow":"follow","max-snippet":"max-snippet:-1","max-image-preview":"max-image-preview:large","max-video-preview":"max-video-preview:-1"},"canonical":"https:\/\/solardorosario.com.br\/galeria\/produto\/livro-o-percurso-do-olhar\/","og_locale":"pt_BR","og_type":"article","og_title":"Livro - O Percurso do Olhar - Solar do Ros\u00e1rio Galeria \\\\\\\\Nova","og_description":"T\u00edtulo: O Percurso do Olhar \"A exposi\u00e7\u00e3o e o livro \"O Percurso do Olhar\" trazem quatro artistas jovens, genuinamente envolvidas com as artes pl\u00e1sticas: Claudia de Lara, Daniele Henning,\u00a0 Sandra Bonnet e Sandra Hiromoto. Representam os novos talentos de hoje. S\u00e3o profissionais dispostas a construir carreiras s\u00f3lidas. Al\u00e9m da voca\u00e7\u00e3o e da criatividade, apresentam um [&hellip;]","og_url":"https:\/\/solardorosario.com.br\/galeria\/produto\/livro-o-percurso-do-olhar\/","og_site_name":"Solar do Ros\u00e1rio Galeria \\\\\\\\Nova","article_modified_time":"2026-04-06T17:31:59+00:00","og_image":[{"width":200,"height":238,"url":"https:\/\/solardorosario.com.br\/galeria\/wp-content\/uploads\/2021\/05\/o-percurso-rotated-e1620215559393.jpeg","type":"image\/jpeg"}],"twitter_card":"summary_large_image","twitter_misc":{"Est. tempo de leitura":"1 minuto"},"schema":{"@context":"https:\/\/schema.org","@graph":[{"@type":"WebPage","@id":"https:\/\/solardorosario.com.br\/galeria\/produto\/livro-o-percurso-do-olhar\/","url":"https:\/\/solardorosario.com.br\/galeria\/produto\/livro-o-percurso-do-olhar\/","name":"Livro - O Percurso do Olhar - Solar do Ros\u00e1rio Galeria \\\\\\\\Nova","isPartOf":{"@id":"https:\/\/solardorosario.com.br\/galeria\/#website"},"primaryImageOfPage":{"@id":"https:\/\/solardorosario.com.br\/galeria\/produto\/livro-o-percurso-do-olhar\/#primaryimage"},"image":{"@id":"https:\/\/solardorosario.com.br\/galeria\/produto\/livro-o-percurso-do-olhar\/#primaryimage"},"thumbnailUrl":"https:\/\/solardorosario.com.br\/galeria\/wp-content\/uploads\/2021\/05\/o-percurso-rotated-e1620215559393.jpeg","datePublished":"2021-05-05T12:11:23+00:00","dateModified":"2026-04-06T17:31:59+00:00","breadcrumb":{"@id":"https:\/\/solardorosario.com.br\/galeria\/produto\/livro-o-percurso-do-olhar\/#breadcrumb"},"inLanguage":"pt-BR","potentialAction":[{"@type":"ReadAction","target":["https:\/\/solardorosario.com.br\/galeria\/produto\/livro-o-percurso-do-olhar\/"]}]},{"@type":"ImageObject","inLanguage":"pt-BR","@id":"https:\/\/solardorosario.com.br\/galeria\/produto\/livro-o-percurso-do-olhar\/#primaryimage","url":"https:\/\/solardorosario.com.br\/galeria\/wp-content\/uploads\/2021\/05\/o-percurso-rotated-e1620215559393.jpeg","contentUrl":"https:\/\/solardorosario.com.br\/galeria\/wp-content\/uploads\/2021\/05\/o-percurso-rotated-e1620215559393.jpeg","width":200,"height":238},{"@type":"BreadcrumbList","@id":"https:\/\/solardorosario.com.br\/galeria\/produto\/livro-o-percurso-do-olhar\/#breadcrumb","itemListElement":[{"@type":"ListItem","position":1,"name":"In\u00edcio","item":"https:\/\/solardorosario.com.br\/galeria\/"},{"@type":"ListItem","position":2,"name":"galeria","item":"https:\/\/solardorosario.com.br\/galeria\/galeria\/"},{"@type":"ListItem","position":3,"name":"Livro - O Percurso do Olhar"}]},{"@type":"WebSite","@id":"https:\/\/solardorosario.com.br\/galeria\/#website","url":"https:\/\/solardorosario.com.br\/galeria\/","name":"Solar do Ros\u00e1rio Galeria \\\\\\\\Nova","description":"","potentialAction":[{"@type":"SearchAction","target":{"@type":"EntryPoint","urlTemplate":"https:\/\/solardorosario.com.br\/galeria\/?s={search_term_string}"},"query-input":{"@type":"PropertyValueSpecification","valueRequired":true,"valueName":"search_term_string"}}],"inLanguage":"pt-BR"}]}},"_links":{"self":[{"href":"https:\/\/solardorosario.com.br\/galeria\/wp-json\/wp\/v2\/product\/2174","targetHints":{"allow":["GET"]}}],"collection":[{"href":"https:\/\/solardorosario.com.br\/galeria\/wp-json\/wp\/v2\/product"}],"about":[{"href":"https:\/\/solardorosario.com.br\/galeria\/wp-json\/wp\/v2\/types\/product"}],"wp:featuredmedia":[{"embeddable":true,"href":"https:\/\/solardorosario.com.br\/galeria\/wp-json\/wp\/v2\/media\/2176"}],"wp:attachment":[{"href":"https:\/\/solardorosario.com.br\/galeria\/wp-json\/wp\/v2\/media?parent=2174"}],"wp:term":[{"taxonomy":"product_brand","embeddable":true,"href":"https:\/\/solardorosario.com.br\/galeria\/wp-json\/wp\/v2\/product_brand?post=2174"},{"taxonomy":"product_cat","embeddable":true,"href":"https:\/\/solardorosario.com.br\/galeria\/wp-json\/wp\/v2\/product_cat?post=2174"},{"taxonomy":"product_tag","embeddable":true,"href":"https:\/\/solardorosario.com.br\/galeria\/wp-json\/wp\/v2\/product_tag?post=2174"}],"curies":[{"name":"wp","href":"https:\/\/api.w.org\/{rel}","templated":true}]}}