{"id":2150,"date":"2021-05-03T13:47:32","date_gmt":"2021-05-03T16:47:32","guid":{"rendered":"https:\/\/solardorosario.com.br\/galerianova\/?post_type=product&#038;p=2150"},"modified":"2026-04-09T15:47:45","modified_gmt":"2026-04-09T18:47:45","slug":"paulo-gambus-pinheiro-v","status":"publish","type":"product","link":"https:\/\/solardorosario.com.br\/galeria\/produto\/paulo-gambus-pinheiro-v\/","title":{"rendered":"Paulo Gambus - Pinheiro V"},"content":{"rendered":"<p><strong>Artista:<\/strong> Paulo Gambus<\/p>\n<p><strong>T\u00edtulo:<\/strong> Pinheiro V<\/p>\n<p><strong>Dimens\u00e3o:<\/strong> 40x50cm<\/p>\n<p><strong>T\u00e9cnica:<\/strong> \u00d3leo sobre tela<\/p>\n<p>&nbsp;<\/p>\n<p>&nbsp;<\/p>\n<p>Paulo Gambus \u00e9 um artista visual nascido em Curitiba, em 1962. \u00c9 formado em administra\u00e7\u00e3o de empresas, pela Faculdade Positivo, em 1991. Em 1977, j\u00e1 fazia cursos de Desenho Livre na Escola Alfredo Andersen, com o professor e artista Luiz Carlos de Andrade Lima. Em 1978, foi aluno de Guilherme Matter, em \u00f3leo sobre tela. Em 1989, era o Associado 151 da Associa\u00e7\u00e3o Profissional dos Artistas Pl\u00e1sticos do Paran\u00e1 (APAP-PR). Realizou tr\u00eas exposi\u00e7\u00f5es individuais no Brasil, como a exposi\u00e7\u00e3o SESC Centro, em 1994. Nos Estados Unidos, realizou mais duas individuais, em Wellfleet, Cape Cod, Massachusetts. As exposi\u00e7\u00f5es coletivas em Curitiba, Campo Grande, al\u00e9m dos sal\u00f5es como o 1\u00ba Sal\u00e3o Ver\u00e3o de Artes Pl\u00e1sticas - C\u00edrculo Militar do Paran\u00e1, em 1989, o XXI Sal\u00e3o de Belas Artes da Primavera, no Clube Conc\u00f3rdia, al\u00e9m dos diversos sal\u00f5es Curitibanos, do Clube Curitibano, desde 1995. Participou dos livros \"Pinheiros\" e \"Pintores Contempor\u00e2neos do Paran\u00e1 vol.V\" produzidos pela Livraria Solar do Ros\u00e1rio.<\/p>\n","protected":false},"excerpt":{"rendered":"<p>Artista: Paulo Gambus T\u00edtulo: Pinheiro V Dimens\u00e3o: 40x50cm T\u00e9cnica: \u00d3leo sobre tela &nbsp; &nbsp; Paulo Gambus \u00e9 um artista visual nascido em Curitiba, em 1962. \u00c9 formado em administra\u00e7\u00e3o de empresas, pela Faculdade Positivo, em 1991. Em 1977, j\u00e1 fazia cursos de Desenho Livre na Escola Alfredo Andersen, com o professor e artista Luiz Carlos [&hellip;]<\/p>\n","protected":false},"featured_media":2151,"template":"","meta":[],"product_brand":[],"product_cat":[117],"product_tag":[],"class_list":{"0":"post-2150","1":"product","2":"type-product","3":"status-publish","4":"has-post-thumbnail","6":"product_cat-galeria","7":"pa_artista-paulo-gambus","8":"pa_estilo-figurativo-paisagem","9":"pa_tecnica-oleo-sobre-tela","11":"first","12":"instock","13":"shipping-taxable","14":"purchasable","15":"product-type-simple"},"yoast_head":"<!-- This site is optimized with the Yoast SEO plugin v27.4 - https:\/\/yoast.com\/product\/yoast-seo-wordpress\/ -->\n<title>Paulo Gambus - Pinheiro V - Solar do Ros\u00e1rio Galeria \\\\\\\\Nova<\/title>\n<meta name=\"robots\" content=\"index, follow, max-snippet:-1, max-image-preview:large, max-video-preview:-1\" \/>\n<link rel=\"canonical\" href=\"https:\/\/solardorosario.com.br\/galeria\/produto\/paulo-gambus-pinheiro-v\/\" \/>\n<meta property=\"og:locale\" content=\"pt_BR\" \/>\n<meta property=\"og:type\" content=\"article\" \/>\n<meta property=\"og:title\" content=\"Paulo Gambus - Pinheiro V - Solar do Ros\u00e1rio Galeria \\\\\\\\Nova\" \/>\n<meta property=\"og:description\" content=\"Artista: Paulo Gambus T\u00edtulo: Pinheiro V Dimens\u00e3o: 40x50cm T\u00e9cnica: \u00d3leo sobre tela &nbsp; &nbsp; Paulo Gambus \u00e9 um artista visual nascido em Curitiba, em 1962. \u00c9 formado em administra\u00e7\u00e3o de empresas, pela Faculdade Positivo, em 1991. Em 1977, j\u00e1 fazia cursos de Desenho Livre na Escola Alfredo Andersen, com o professor e artista Luiz Carlos [&hellip;]\" \/>\n<meta property=\"og:url\" content=\"https:\/\/solardorosario.com.br\/galeria\/produto\/paulo-gambus-pinheiro-v\/\" \/>\n<meta property=\"og:site_name\" content=\"Solar do Ros\u00e1rio Galeria \\\\\\\\Nova\" \/>\n<meta property=\"article:modified_time\" content=\"2026-04-09T18:47:45+00:00\" \/>\n<meta property=\"og:image\" content=\"https:\/\/solardorosario.com.br\/galeria\/wp-content\/uploads\/2021\/05\/5770-scaled-e1620060436392.jpeg\" \/>\n\t<meta property=\"og:image:width\" content=\"300\" \/>\n\t<meta property=\"og:image:height\" content=\"220\" \/>\n\t<meta property=\"og:image:type\" content=\"image\/jpeg\" \/>\n<meta name=\"twitter:card\" content=\"summary_large_image\" \/>\n<meta name=\"twitter:label1\" content=\"Est. tempo de leitura\" \/>\n\t<meta name=\"twitter:data1\" content=\"2 minutos\" \/>\n<script type=\"application\/ld+json\" class=\"yoast-schema-graph\">{\"@context\":\"https:\\\/\\\/schema.org\",\"@graph\":[{\"@type\":\"WebPage\",\"@id\":\"https:\\\/\\\/solardorosario.com.br\\\/galeria\\\/produto\\\/paulo-gambus-pinheiro-v\\\/\",\"url\":\"https:\\\/\\\/solardorosario.com.br\\\/galeria\\\/produto\\\/paulo-gambus-pinheiro-v\\\/\",\"name\":\"Paulo Gambus - Pinheiro V - Solar do Ros\u00e1rio Galeria \\\\\\\\\\\\\\\\Nova\",\"isPartOf\":{\"@id\":\"https:\\\/\\\/solardorosario.com.br\\\/galeria\\\/#website\"},\"primaryImageOfPage\":{\"@id\":\"https:\\\/\\\/solardorosario.com.br\\\/galeria\\\/produto\\\/paulo-gambus-pinheiro-v\\\/#primaryimage\"},\"image\":{\"@id\":\"https:\\\/\\\/solardorosario.com.br\\\/galeria\\\/produto\\\/paulo-gambus-pinheiro-v\\\/#primaryimage\"},\"thumbnailUrl\":\"https:\\\/\\\/solardorosario.com.br\\\/galeria\\\/wp-content\\\/uploads\\\/2021\\\/05\\\/5770-scaled-e1620060436392.jpeg\",\"datePublished\":\"2021-05-03T16:47:32+00:00\",\"dateModified\":\"2026-04-09T18:47:45+00:00\",\"breadcrumb\":{\"@id\":\"https:\\\/\\\/solardorosario.com.br\\\/galeria\\\/produto\\\/paulo-gambus-pinheiro-v\\\/#breadcrumb\"},\"inLanguage\":\"pt-BR\",\"potentialAction\":[{\"@type\":\"ReadAction\",\"target\":[\"https:\\\/\\\/solardorosario.com.br\\\/galeria\\\/produto\\\/paulo-gambus-pinheiro-v\\\/\"]}]},{\"@type\":\"ImageObject\",\"inLanguage\":\"pt-BR\",\"@id\":\"https:\\\/\\\/solardorosario.com.br\\\/galeria\\\/produto\\\/paulo-gambus-pinheiro-v\\\/#primaryimage\",\"url\":\"https:\\\/\\\/solardorosario.com.br\\\/galeria\\\/wp-content\\\/uploads\\\/2021\\\/05\\\/5770-scaled-e1620060436392.jpeg\",\"contentUrl\":\"https:\\\/\\\/solardorosario.com.br\\\/galeria\\\/wp-content\\\/uploads\\\/2021\\\/05\\\/5770-scaled-e1620060436392.jpeg\",\"width\":300,\"height\":220},{\"@type\":\"BreadcrumbList\",\"@id\":\"https:\\\/\\\/solardorosario.com.br\\\/galeria\\\/produto\\\/paulo-gambus-pinheiro-v\\\/#breadcrumb\",\"itemListElement\":[{\"@type\":\"ListItem\",\"position\":1,\"name\":\"In\u00edcio\",\"item\":\"https:\\\/\\\/solardorosario.com.br\\\/galeria\\\/\"},{\"@type\":\"ListItem\",\"position\":2,\"name\":\"galeria\",\"item\":\"https:\\\/\\\/solardorosario.com.br\\\/galeria\\\/galeria\\\/\"},{\"@type\":\"ListItem\",\"position\":3,\"name\":\"Paulo Gambus - Pinheiro V\"}]},{\"@type\":\"WebSite\",\"@id\":\"https:\\\/\\\/solardorosario.com.br\\\/galeria\\\/#website\",\"url\":\"https:\\\/\\\/solardorosario.com.br\\\/galeria\\\/\",\"name\":\"Solar do Ros\u00e1rio Galeria \\\\\\\\\\\\\\\\Nova\",\"description\":\"\",\"potentialAction\":[{\"@type\":\"SearchAction\",\"target\":{\"@type\":\"EntryPoint\",\"urlTemplate\":\"https:\\\/\\\/solardorosario.com.br\\\/galeria\\\/?s={search_term_string}\"},\"query-input\":{\"@type\":\"PropertyValueSpecification\",\"valueRequired\":true,\"valueName\":\"search_term_string\"}}],\"inLanguage\":\"pt-BR\"}]}<\/script>\n<!-- \/ Yoast SEO plugin. -->","yoast_head_json":{"title":"Paulo Gambus - Pinheiro V - Solar do Ros\u00e1rio Galeria \\\\\\\\Nova","robots":{"index":"index","follow":"follow","max-snippet":"max-snippet:-1","max-image-preview":"max-image-preview:large","max-video-preview":"max-video-preview:-1"},"canonical":"https:\/\/solardorosario.com.br\/galeria\/produto\/paulo-gambus-pinheiro-v\/","og_locale":"pt_BR","og_type":"article","og_title":"Paulo Gambus - Pinheiro V - Solar do Ros\u00e1rio Galeria \\\\\\\\Nova","og_description":"Artista: Paulo Gambus T\u00edtulo: Pinheiro V Dimens\u00e3o: 40x50cm T\u00e9cnica: \u00d3leo sobre tela &nbsp; &nbsp; Paulo Gambus \u00e9 um artista visual nascido em Curitiba, em 1962. \u00c9 formado em administra\u00e7\u00e3o de empresas, pela Faculdade Positivo, em 1991. Em 1977, j\u00e1 fazia cursos de Desenho Livre na Escola Alfredo Andersen, com o professor e artista Luiz Carlos [&hellip;]","og_url":"https:\/\/solardorosario.com.br\/galeria\/produto\/paulo-gambus-pinheiro-v\/","og_site_name":"Solar do Ros\u00e1rio Galeria \\\\\\\\Nova","article_modified_time":"2026-04-09T18:47:45+00:00","og_image":[{"width":300,"height":220,"url":"https:\/\/solardorosario.com.br\/galeria\/wp-content\/uploads\/2021\/05\/5770-scaled-e1620060436392.jpeg","type":"image\/jpeg"}],"twitter_card":"summary_large_image","twitter_misc":{"Est. tempo de leitura":"2 minutos"},"schema":{"@context":"https:\/\/schema.org","@graph":[{"@type":"WebPage","@id":"https:\/\/solardorosario.com.br\/galeria\/produto\/paulo-gambus-pinheiro-v\/","url":"https:\/\/solardorosario.com.br\/galeria\/produto\/paulo-gambus-pinheiro-v\/","name":"Paulo Gambus - Pinheiro V - Solar do Ros\u00e1rio Galeria \\\\\\\\Nova","isPartOf":{"@id":"https:\/\/solardorosario.com.br\/galeria\/#website"},"primaryImageOfPage":{"@id":"https:\/\/solardorosario.com.br\/galeria\/produto\/paulo-gambus-pinheiro-v\/#primaryimage"},"image":{"@id":"https:\/\/solardorosario.com.br\/galeria\/produto\/paulo-gambus-pinheiro-v\/#primaryimage"},"thumbnailUrl":"https:\/\/solardorosario.com.br\/galeria\/wp-content\/uploads\/2021\/05\/5770-scaled-e1620060436392.jpeg","datePublished":"2021-05-03T16:47:32+00:00","dateModified":"2026-04-09T18:47:45+00:00","breadcrumb":{"@id":"https:\/\/solardorosario.com.br\/galeria\/produto\/paulo-gambus-pinheiro-v\/#breadcrumb"},"inLanguage":"pt-BR","potentialAction":[{"@type":"ReadAction","target":["https:\/\/solardorosario.com.br\/galeria\/produto\/paulo-gambus-pinheiro-v\/"]}]},{"@type":"ImageObject","inLanguage":"pt-BR","@id":"https:\/\/solardorosario.com.br\/galeria\/produto\/paulo-gambus-pinheiro-v\/#primaryimage","url":"https:\/\/solardorosario.com.br\/galeria\/wp-content\/uploads\/2021\/05\/5770-scaled-e1620060436392.jpeg","contentUrl":"https:\/\/solardorosario.com.br\/galeria\/wp-content\/uploads\/2021\/05\/5770-scaled-e1620060436392.jpeg","width":300,"height":220},{"@type":"BreadcrumbList","@id":"https:\/\/solardorosario.com.br\/galeria\/produto\/paulo-gambus-pinheiro-v\/#breadcrumb","itemListElement":[{"@type":"ListItem","position":1,"name":"In\u00edcio","item":"https:\/\/solardorosario.com.br\/galeria\/"},{"@type":"ListItem","position":2,"name":"galeria","item":"https:\/\/solardorosario.com.br\/galeria\/galeria\/"},{"@type":"ListItem","position":3,"name":"Paulo Gambus - Pinheiro V"}]},{"@type":"WebSite","@id":"https:\/\/solardorosario.com.br\/galeria\/#website","url":"https:\/\/solardorosario.com.br\/galeria\/","name":"Solar do Ros\u00e1rio Galeria \\\\\\\\Nova","description":"","potentialAction":[{"@type":"SearchAction","target":{"@type":"EntryPoint","urlTemplate":"https:\/\/solardorosario.com.br\/galeria\/?s={search_term_string}"},"query-input":{"@type":"PropertyValueSpecification","valueRequired":true,"valueName":"search_term_string"}}],"inLanguage":"pt-BR"}]}},"_links":{"self":[{"href":"https:\/\/solardorosario.com.br\/galeria\/wp-json\/wp\/v2\/product\/2150","targetHints":{"allow":["GET"]}}],"collection":[{"href":"https:\/\/solardorosario.com.br\/galeria\/wp-json\/wp\/v2\/product"}],"about":[{"href":"https:\/\/solardorosario.com.br\/galeria\/wp-json\/wp\/v2\/types\/product"}],"wp:featuredmedia":[{"embeddable":true,"href":"https:\/\/solardorosario.com.br\/galeria\/wp-json\/wp\/v2\/media\/2151"}],"wp:attachment":[{"href":"https:\/\/solardorosario.com.br\/galeria\/wp-json\/wp\/v2\/media?parent=2150"}],"wp:term":[{"taxonomy":"product_brand","embeddable":true,"href":"https:\/\/solardorosario.com.br\/galeria\/wp-json\/wp\/v2\/product_brand?post=2150"},{"taxonomy":"product_cat","embeddable":true,"href":"https:\/\/solardorosario.com.br\/galeria\/wp-json\/wp\/v2\/product_cat?post=2150"},{"taxonomy":"product_tag","embeddable":true,"href":"https:\/\/solardorosario.com.br\/galeria\/wp-json\/wp\/v2\/product_tag?post=2150"}],"curies":[{"name":"wp","href":"https:\/\/api.w.org\/{rel}","templated":true}]}}