{"id":2144,"date":"2021-05-03T13:30:10","date_gmt":"2021-05-03T16:30:10","guid":{"rendered":"https:\/\/solardorosario.com.br\/galerianova\/?post_type=product&#038;p=2144"},"modified":"2026-04-20T14:44:29","modified_gmt":"2026-04-20T17:44:29","slug":"susana-goyeneche-exilios-casa-vermelha-centro-historico","status":"publish","type":"product","link":"https:\/\/solardorosario.com.br\/galeria\/produto\/susana-goyeneche-exilios-casa-vermelha-centro-historico\/","title":{"rendered":"Susana Goyeneche - Ex\u00edlios - Casa Vermelha - Centro Hist\u00f3rico"},"content":{"rendered":"<p><strong>Artista:<\/strong> Susana Goyeneche<\/p>\n<p><strong>T\u00edtulo:<\/strong> Ex\u00edlios - Casa Vermelha - Centro Hist\u00f3rico<\/p>\n<p><strong>Dimens\u00e3o:<\/strong> 50x40cm<\/p>\n<p><strong>T\u00e9cnica:<\/strong> Acr\u00edlica sobre tela<\/p>\n<p>&nbsp;<\/p>\n<p>&nbsp;<\/p>\n<p>Susana Goienetxe \u00e9 nascida na prov\u00edncia de Buenos Aires, Argentina, mas radicada em Curitiba desde 2000. \u00c9 arquiteta e urbanista de forma\u00e7\u00e3o pela Faculdade de Arquitetura e Urbanismo da Univercidade de Mar del Plata, e \u00e9 p\u00f3s-graduada em Planifica\u00e7\u00e3o Urbana, pela Univercidade de Buenos Aires. Tamb\u00e9m \u00e9 formada em curso de desenho e pintura pela Escola de Belas Artes de Tandil, em Buenos Aires. Em Curitiba, frequentou aulas de pintura e de figura humana com a artista e professora L\u00e9lia Brown, na Galeria de Arte Solar do Ros\u00e1rio.<\/p>\n","protected":false},"excerpt":{"rendered":"<p>Artista: Susana Goyeneche T\u00edtulo: Ex\u00edlios - Casa Vermelha - Centro Hist\u00f3rico Dimens\u00e3o: 50x40cm T\u00e9cnica: Acr\u00edlica sobre tela &nbsp; &nbsp; Susana Goienetxe \u00e9 nascida na prov\u00edncia de Buenos Aires, Argentina, mas radicada em Curitiba desde 2000. \u00c9 arquiteta e urbanista de forma\u00e7\u00e3o pela Faculdade de Arquitetura e Urbanismo da Univercidade de Mar del Plata, e \u00e9 [&hellip;]<\/p>\n","protected":false},"featured_media":2145,"template":"","meta":[],"product_brand":[],"product_cat":[117],"product_tag":[],"class_list":{"0":"post-2144","1":"product","2":"type-product","3":"status-publish","4":"has-post-thumbnail","6":"product_cat-galeria","7":"pa_artista-susana-goieneche","8":"pa_estilo-figura-humana","9":"pa_estilo-figurativo","10":"pa_estilo-figurativo-paisagem","11":"pa_tecnica-acrilica-sobre-tela","13":"first","14":"instock","15":"shipping-taxable","16":"purchasable","17":"product-type-simple"},"yoast_head":"<!-- This site is optimized with the Yoast SEO plugin v27.4 - https:\/\/yoast.com\/product\/yoast-seo-wordpress\/ -->\n<title>Susana Goyeneche - Ex\u00edlios - Casa Vermelha - Centro Hist\u00f3rico - Solar do Ros\u00e1rio Galeria \\\\\\\\Nova<\/title>\n<meta name=\"robots\" content=\"index, follow, max-snippet:-1, max-image-preview:large, max-video-preview:-1\" \/>\n<link rel=\"canonical\" href=\"https:\/\/solardorosario.com.br\/galeria\/produto\/susana-goyeneche-exilios-casa-vermelha-centro-historico\/\" \/>\n<meta property=\"og:locale\" content=\"pt_BR\" \/>\n<meta property=\"og:type\" content=\"article\" \/>\n<meta property=\"og:title\" content=\"Susana Goyeneche - Ex\u00edlios - Casa Vermelha - Centro Hist\u00f3rico - Solar do Ros\u00e1rio Galeria \\\\\\\\Nova\" \/>\n<meta property=\"og:description\" content=\"Artista: Susana Goyeneche T\u00edtulo: Ex\u00edlios - Casa Vermelha - Centro Hist\u00f3rico Dimens\u00e3o: 50x40cm T\u00e9cnica: Acr\u00edlica sobre tela &nbsp; &nbsp; Susana Goienetxe \u00e9 nascida na prov\u00edncia de Buenos Aires, Argentina, mas radicada em Curitiba desde 2000. \u00c9 arquiteta e urbanista de forma\u00e7\u00e3o pela Faculdade de Arquitetura e Urbanismo da Univercidade de Mar del Plata, e \u00e9 [&hellip;]\" \/>\n<meta property=\"og:url\" content=\"https:\/\/solardorosario.com.br\/galeria\/produto\/susana-goyeneche-exilios-casa-vermelha-centro-historico\/\" \/>\n<meta property=\"og:site_name\" content=\"Solar do Ros\u00e1rio Galeria \\\\\\\\Nova\" \/>\n<meta property=\"article:modified_time\" content=\"2026-04-20T17:44:29+00:00\" \/>\n<meta property=\"og:image\" content=\"https:\/\/solardorosario.com.br\/galeria\/wp-content\/uploads\/2021\/05\/IMG_7118-e1620059402847.jpeg\" \/>\n\t<meta property=\"og:image:width\" content=\"230\" \/>\n\t<meta property=\"og:image:height\" content=\"228\" \/>\n\t<meta property=\"og:image:type\" content=\"image\/jpeg\" \/>\n<meta name=\"twitter:card\" content=\"summary_large_image\" \/>\n<meta name=\"twitter:label1\" content=\"Est. tempo de leitura\" \/>\n\t<meta name=\"twitter:data1\" content=\"1 minuto\" \/>\n<script type=\"application\/ld+json\" class=\"yoast-schema-graph\">{\"@context\":\"https:\\\/\\\/schema.org\",\"@graph\":[{\"@type\":\"WebPage\",\"@id\":\"https:\\\/\\\/solardorosario.com.br\\\/galeria\\\/produto\\\/susana-goyeneche-exilios-casa-vermelha-centro-historico\\\/\",\"url\":\"https:\\\/\\\/solardorosario.com.br\\\/galeria\\\/produto\\\/susana-goyeneche-exilios-casa-vermelha-centro-historico\\\/\",\"name\":\"Susana Goyeneche - Ex\u00edlios - Casa Vermelha - Centro Hist\u00f3rico - Solar do Ros\u00e1rio Galeria \\\\\\\\\\\\\\\\Nova\",\"isPartOf\":{\"@id\":\"https:\\\/\\\/solardorosario.com.br\\\/galeria\\\/#website\"},\"primaryImageOfPage\":{\"@id\":\"https:\\\/\\\/solardorosario.com.br\\\/galeria\\\/produto\\\/susana-goyeneche-exilios-casa-vermelha-centro-historico\\\/#primaryimage\"},\"image\":{\"@id\":\"https:\\\/\\\/solardorosario.com.br\\\/galeria\\\/produto\\\/susana-goyeneche-exilios-casa-vermelha-centro-historico\\\/#primaryimage\"},\"thumbnailUrl\":\"https:\\\/\\\/solardorosario.com.br\\\/galeria\\\/wp-content\\\/uploads\\\/2021\\\/05\\\/IMG_7118-e1620059402847.jpeg\",\"datePublished\":\"2021-05-03T16:30:10+00:00\",\"dateModified\":\"2026-04-20T17:44:29+00:00\",\"breadcrumb\":{\"@id\":\"https:\\\/\\\/solardorosario.com.br\\\/galeria\\\/produto\\\/susana-goyeneche-exilios-casa-vermelha-centro-historico\\\/#breadcrumb\"},\"inLanguage\":\"pt-BR\",\"potentialAction\":[{\"@type\":\"ReadAction\",\"target\":[\"https:\\\/\\\/solardorosario.com.br\\\/galeria\\\/produto\\\/susana-goyeneche-exilios-casa-vermelha-centro-historico\\\/\"]}]},{\"@type\":\"ImageObject\",\"inLanguage\":\"pt-BR\",\"@id\":\"https:\\\/\\\/solardorosario.com.br\\\/galeria\\\/produto\\\/susana-goyeneche-exilios-casa-vermelha-centro-historico\\\/#primaryimage\",\"url\":\"https:\\\/\\\/solardorosario.com.br\\\/galeria\\\/wp-content\\\/uploads\\\/2021\\\/05\\\/IMG_7118-e1620059402847.jpeg\",\"contentUrl\":\"https:\\\/\\\/solardorosario.com.br\\\/galeria\\\/wp-content\\\/uploads\\\/2021\\\/05\\\/IMG_7118-e1620059402847.jpeg\",\"width\":230,\"height\":228},{\"@type\":\"BreadcrumbList\",\"@id\":\"https:\\\/\\\/solardorosario.com.br\\\/galeria\\\/produto\\\/susana-goyeneche-exilios-casa-vermelha-centro-historico\\\/#breadcrumb\",\"itemListElement\":[{\"@type\":\"ListItem\",\"position\":1,\"name\":\"In\u00edcio\",\"item\":\"https:\\\/\\\/solardorosario.com.br\\\/galeria\\\/\"},{\"@type\":\"ListItem\",\"position\":2,\"name\":\"galeria\",\"item\":\"https:\\\/\\\/solardorosario.com.br\\\/galeria\\\/galeria\\\/\"},{\"@type\":\"ListItem\",\"position\":3,\"name\":\"Susana Goyeneche - Ex\u00edlios - Casa Vermelha - Centro Hist\u00f3rico\"}]},{\"@type\":\"WebSite\",\"@id\":\"https:\\\/\\\/solardorosario.com.br\\\/galeria\\\/#website\",\"url\":\"https:\\\/\\\/solardorosario.com.br\\\/galeria\\\/\",\"name\":\"Solar do Ros\u00e1rio Galeria \\\\\\\\\\\\\\\\Nova\",\"description\":\"\",\"potentialAction\":[{\"@type\":\"SearchAction\",\"target\":{\"@type\":\"EntryPoint\",\"urlTemplate\":\"https:\\\/\\\/solardorosario.com.br\\\/galeria\\\/?s={search_term_string}\"},\"query-input\":{\"@type\":\"PropertyValueSpecification\",\"valueRequired\":true,\"valueName\":\"search_term_string\"}}],\"inLanguage\":\"pt-BR\"}]}<\/script>\n<!-- \/ Yoast SEO plugin. -->","yoast_head_json":{"title":"Susana Goyeneche - Ex\u00edlios - Casa Vermelha - Centro Hist\u00f3rico - Solar do Ros\u00e1rio Galeria \\\\\\\\Nova","robots":{"index":"index","follow":"follow","max-snippet":"max-snippet:-1","max-image-preview":"max-image-preview:large","max-video-preview":"max-video-preview:-1"},"canonical":"https:\/\/solardorosario.com.br\/galeria\/produto\/susana-goyeneche-exilios-casa-vermelha-centro-historico\/","og_locale":"pt_BR","og_type":"article","og_title":"Susana Goyeneche - Ex\u00edlios - Casa Vermelha - Centro Hist\u00f3rico - Solar do Ros\u00e1rio Galeria \\\\\\\\Nova","og_description":"Artista: Susana Goyeneche T\u00edtulo: Ex\u00edlios - Casa Vermelha - Centro Hist\u00f3rico Dimens\u00e3o: 50x40cm T\u00e9cnica: Acr\u00edlica sobre tela &nbsp; &nbsp; Susana Goienetxe \u00e9 nascida na prov\u00edncia de Buenos Aires, Argentina, mas radicada em Curitiba desde 2000. \u00c9 arquiteta e urbanista de forma\u00e7\u00e3o pela Faculdade de Arquitetura e Urbanismo da Univercidade de Mar del Plata, e \u00e9 [&hellip;]","og_url":"https:\/\/solardorosario.com.br\/galeria\/produto\/susana-goyeneche-exilios-casa-vermelha-centro-historico\/","og_site_name":"Solar do Ros\u00e1rio Galeria \\\\\\\\Nova","article_modified_time":"2026-04-20T17:44:29+00:00","og_image":[{"width":230,"height":228,"url":"https:\/\/solardorosario.com.br\/galeria\/wp-content\/uploads\/2021\/05\/IMG_7118-e1620059402847.jpeg","type":"image\/jpeg"}],"twitter_card":"summary_large_image","twitter_misc":{"Est. tempo de leitura":"1 minuto"},"schema":{"@context":"https:\/\/schema.org","@graph":[{"@type":"WebPage","@id":"https:\/\/solardorosario.com.br\/galeria\/produto\/susana-goyeneche-exilios-casa-vermelha-centro-historico\/","url":"https:\/\/solardorosario.com.br\/galeria\/produto\/susana-goyeneche-exilios-casa-vermelha-centro-historico\/","name":"Susana Goyeneche - Ex\u00edlios - Casa Vermelha - Centro Hist\u00f3rico - Solar do Ros\u00e1rio Galeria \\\\\\\\Nova","isPartOf":{"@id":"https:\/\/solardorosario.com.br\/galeria\/#website"},"primaryImageOfPage":{"@id":"https:\/\/solardorosario.com.br\/galeria\/produto\/susana-goyeneche-exilios-casa-vermelha-centro-historico\/#primaryimage"},"image":{"@id":"https:\/\/solardorosario.com.br\/galeria\/produto\/susana-goyeneche-exilios-casa-vermelha-centro-historico\/#primaryimage"},"thumbnailUrl":"https:\/\/solardorosario.com.br\/galeria\/wp-content\/uploads\/2021\/05\/IMG_7118-e1620059402847.jpeg","datePublished":"2021-05-03T16:30:10+00:00","dateModified":"2026-04-20T17:44:29+00:00","breadcrumb":{"@id":"https:\/\/solardorosario.com.br\/galeria\/produto\/susana-goyeneche-exilios-casa-vermelha-centro-historico\/#breadcrumb"},"inLanguage":"pt-BR","potentialAction":[{"@type":"ReadAction","target":["https:\/\/solardorosario.com.br\/galeria\/produto\/susana-goyeneche-exilios-casa-vermelha-centro-historico\/"]}]},{"@type":"ImageObject","inLanguage":"pt-BR","@id":"https:\/\/solardorosario.com.br\/galeria\/produto\/susana-goyeneche-exilios-casa-vermelha-centro-historico\/#primaryimage","url":"https:\/\/solardorosario.com.br\/galeria\/wp-content\/uploads\/2021\/05\/IMG_7118-e1620059402847.jpeg","contentUrl":"https:\/\/solardorosario.com.br\/galeria\/wp-content\/uploads\/2021\/05\/IMG_7118-e1620059402847.jpeg","width":230,"height":228},{"@type":"BreadcrumbList","@id":"https:\/\/solardorosario.com.br\/galeria\/produto\/susana-goyeneche-exilios-casa-vermelha-centro-historico\/#breadcrumb","itemListElement":[{"@type":"ListItem","position":1,"name":"In\u00edcio","item":"https:\/\/solardorosario.com.br\/galeria\/"},{"@type":"ListItem","position":2,"name":"galeria","item":"https:\/\/solardorosario.com.br\/galeria\/galeria\/"},{"@type":"ListItem","position":3,"name":"Susana Goyeneche - Ex\u00edlios - Casa Vermelha - Centro Hist\u00f3rico"}]},{"@type":"WebSite","@id":"https:\/\/solardorosario.com.br\/galeria\/#website","url":"https:\/\/solardorosario.com.br\/galeria\/","name":"Solar do Ros\u00e1rio Galeria \\\\\\\\Nova","description":"","potentialAction":[{"@type":"SearchAction","target":{"@type":"EntryPoint","urlTemplate":"https:\/\/solardorosario.com.br\/galeria\/?s={search_term_string}"},"query-input":{"@type":"PropertyValueSpecification","valueRequired":true,"valueName":"search_term_string"}}],"inLanguage":"pt-BR"}]}},"_links":{"self":[{"href":"https:\/\/solardorosario.com.br\/galeria\/wp-json\/wp\/v2\/product\/2144","targetHints":{"allow":["GET"]}}],"collection":[{"href":"https:\/\/solardorosario.com.br\/galeria\/wp-json\/wp\/v2\/product"}],"about":[{"href":"https:\/\/solardorosario.com.br\/galeria\/wp-json\/wp\/v2\/types\/product"}],"wp:featuredmedia":[{"embeddable":true,"href":"https:\/\/solardorosario.com.br\/galeria\/wp-json\/wp\/v2\/media\/2145"}],"wp:attachment":[{"href":"https:\/\/solardorosario.com.br\/galeria\/wp-json\/wp\/v2\/media?parent=2144"}],"wp:term":[{"taxonomy":"product_brand","embeddable":true,"href":"https:\/\/solardorosario.com.br\/galeria\/wp-json\/wp\/v2\/product_brand?post=2144"},{"taxonomy":"product_cat","embeddable":true,"href":"https:\/\/solardorosario.com.br\/galeria\/wp-json\/wp\/v2\/product_cat?post=2144"},{"taxonomy":"product_tag","embeddable":true,"href":"https:\/\/solardorosario.com.br\/galeria\/wp-json\/wp\/v2\/product_tag?post=2144"}],"curies":[{"name":"wp","href":"https:\/\/api.w.org\/{rel}","templated":true}]}}