{"id":2125,"date":"2021-05-03T11:44:13","date_gmt":"2021-05-03T14:44:13","guid":{"rendered":"https:\/\/solardorosario.com.br\/galerianova\/?post_type=product&#038;p=2125"},"modified":"2026-03-19T11:21:13","modified_gmt":"2026-03-19T14:21:13","slug":"constancia-nery-feirinha-do-largo-da-ordem","status":"publish","type":"product","link":"https:\/\/solardorosario.com.br\/galeria\/produto\/constancia-nery-feirinha-do-largo-da-ordem\/","title":{"rendered":"Constancia Nery - Feirinha do Largo da Ordem"},"content":{"rendered":"<p><strong>Artista:<\/strong> Constancia Nery<\/p>\n<p><strong>T\u00edtulo:<\/strong> Ferinha do Largo da Ordem<\/p>\n<p><strong>Dimens\u00e3o:<\/strong> 15x15 cm<\/p>\n<p><strong>T\u00e9cnica:<\/strong> \u00d3leo sobre Tela<\/p>\n<p>&nbsp;<\/p>\n<p>&nbsp;<\/p>\n<p>Nascida em Ipigu\u00e1 - S\u00e3o Paulo. Formada pela Escola Paulista de Propaganda e Marketing. Se matriculou tamb\u00e9m na Escola de Folclore de S\u00e3o Paulo, e teve a oportunidade de pesquisar festas populares. A partir de 1969, exp\u00f4s seus primeiros quadros e dedicou-se exclusivamente a pintura. Participou de exposi\u00e7\u00f5es individuais em S\u00e3o Paulo, em diversas cidades nos Estados Unidos, Fran\u00e7a e Argentina. Participou de sal\u00f5es de arte, como o Sal\u00e3o Portinari em 1970, e o Sal\u00e3o de Inverno de Lisboa que recebeu a medalha de prata, em 1985.<\/p>\n","protected":false},"excerpt":{"rendered":"<p>Artista: Constancia Nery T\u00edtulo: Ferinha do Largo da Ordem Dimens\u00e3o: 15x15 cm T\u00e9cnica: \u00d3leo sobre Tela &nbsp; &nbsp; Nascida em Ipigu\u00e1 - S\u00e3o Paulo. Formada pela Escola Paulista de Propaganda e Marketing. Se matriculou tamb\u00e9m na Escola de Folclore de S\u00e3o Paulo, e teve a oportunidade de pesquisar festas populares. A partir de 1969, exp\u00f4s [&hellip;]<\/p>\n","protected":false},"featured_media":2126,"template":"","meta":[],"product_brand":[],"product_cat":[117],"product_tag":[],"class_list":{"0":"post-2125","1":"product","2":"type-product","3":"status-publish","4":"has-post-thumbnail","6":"product_cat-galeria","7":"pa_artista-constancia-nery","8":"pa_estilo-figurativo","9":"pa_estilo-figurativo-paisagem","10":"pa_estilo-naif","11":"pa_tecnica-oleo-sobre-tela","13":"first","14":"instock","15":"shipping-taxable","16":"purchasable","17":"product-type-simple"},"yoast_head":"<!-- This site is optimized with the Yoast SEO plugin v27.4 - https:\/\/yoast.com\/product\/yoast-seo-wordpress\/ -->\n<title>Constancia Nery - Feirinha do Largo da Ordem - Solar do Ros\u00e1rio Galeria \\\\\\\\Nova<\/title>\n<meta name=\"robots\" content=\"index, follow, max-snippet:-1, max-image-preview:large, max-video-preview:-1\" \/>\n<link rel=\"canonical\" href=\"https:\/\/solardorosario.com.br\/galeria\/produto\/constancia-nery-feirinha-do-largo-da-ordem\/\" \/>\n<meta property=\"og:locale\" content=\"pt_BR\" \/>\n<meta property=\"og:type\" content=\"article\" \/>\n<meta property=\"og:title\" content=\"Constancia Nery - Feirinha do Largo da Ordem - Solar do Ros\u00e1rio Galeria \\\\\\\\Nova\" \/>\n<meta property=\"og:description\" content=\"Artista: Constancia Nery T\u00edtulo: Ferinha do Largo da Ordem Dimens\u00e3o: 15x15 cm T\u00e9cnica: \u00d3leo sobre Tela &nbsp; &nbsp; Nascida em Ipigu\u00e1 - S\u00e3o Paulo. Formada pela Escola Paulista de Propaganda e Marketing. Se matriculou tamb\u00e9m na Escola de Folclore de S\u00e3o Paulo, e teve a oportunidade de pesquisar festas populares. A partir de 1969, exp\u00f4s [&hellip;]\" \/>\n<meta property=\"og:url\" content=\"https:\/\/solardorosario.com.br\/galeria\/produto\/constancia-nery-feirinha-do-largo-da-ordem\/\" \/>\n<meta property=\"og:site_name\" content=\"Solar do Ros\u00e1rio Galeria \\\\\\\\Nova\" \/>\n<meta property=\"article:modified_time\" content=\"2026-03-19T14:21:13+00:00\" \/>\n<meta property=\"og:image\" content=\"https:\/\/solardorosario.com.br\/galeria\/wp-content\/uploads\/2021\/05\/1487-scaled-e1620053025380.jpeg\" \/>\n\t<meta property=\"og:image:width\" content=\"300\" \/>\n\t<meta property=\"og:image:height\" content=\"248\" \/>\n\t<meta property=\"og:image:type\" content=\"image\/jpeg\" \/>\n<meta name=\"twitter:card\" content=\"summary_large_image\" \/>\n<meta name=\"twitter:label1\" content=\"Est. tempo de leitura\" \/>\n\t<meta name=\"twitter:data1\" content=\"1 minuto\" \/>\n<script type=\"application\/ld+json\" class=\"yoast-schema-graph\">{\"@context\":\"https:\\\/\\\/schema.org\",\"@graph\":[{\"@type\":\"WebPage\",\"@id\":\"https:\\\/\\\/solardorosario.com.br\\\/galeria\\\/produto\\\/constancia-nery-feirinha-do-largo-da-ordem\\\/\",\"url\":\"https:\\\/\\\/solardorosario.com.br\\\/galeria\\\/produto\\\/constancia-nery-feirinha-do-largo-da-ordem\\\/\",\"name\":\"Constancia Nery - Feirinha do Largo da Ordem - Solar do Ros\u00e1rio Galeria \\\\\\\\\\\\\\\\Nova\",\"isPartOf\":{\"@id\":\"https:\\\/\\\/solardorosario.com.br\\\/galeria\\\/#website\"},\"primaryImageOfPage\":{\"@id\":\"https:\\\/\\\/solardorosario.com.br\\\/galeria\\\/produto\\\/constancia-nery-feirinha-do-largo-da-ordem\\\/#primaryimage\"},\"image\":{\"@id\":\"https:\\\/\\\/solardorosario.com.br\\\/galeria\\\/produto\\\/constancia-nery-feirinha-do-largo-da-ordem\\\/#primaryimage\"},\"thumbnailUrl\":\"https:\\\/\\\/solardorosario.com.br\\\/galeria\\\/wp-content\\\/uploads\\\/2021\\\/05\\\/1487-scaled-e1620053025380.jpeg\",\"datePublished\":\"2021-05-03T14:44:13+00:00\",\"dateModified\":\"2026-03-19T14:21:13+00:00\",\"breadcrumb\":{\"@id\":\"https:\\\/\\\/solardorosario.com.br\\\/galeria\\\/produto\\\/constancia-nery-feirinha-do-largo-da-ordem\\\/#breadcrumb\"},\"inLanguage\":\"pt-BR\",\"potentialAction\":[{\"@type\":\"ReadAction\",\"target\":[\"https:\\\/\\\/solardorosario.com.br\\\/galeria\\\/produto\\\/constancia-nery-feirinha-do-largo-da-ordem\\\/\"]}]},{\"@type\":\"ImageObject\",\"inLanguage\":\"pt-BR\",\"@id\":\"https:\\\/\\\/solardorosario.com.br\\\/galeria\\\/produto\\\/constancia-nery-feirinha-do-largo-da-ordem\\\/#primaryimage\",\"url\":\"https:\\\/\\\/solardorosario.com.br\\\/galeria\\\/wp-content\\\/uploads\\\/2021\\\/05\\\/1487-scaled-e1620053025380.jpeg\",\"contentUrl\":\"https:\\\/\\\/solardorosario.com.br\\\/galeria\\\/wp-content\\\/uploads\\\/2021\\\/05\\\/1487-scaled-e1620053025380.jpeg\",\"width\":300,\"height\":248},{\"@type\":\"BreadcrumbList\",\"@id\":\"https:\\\/\\\/solardorosario.com.br\\\/galeria\\\/produto\\\/constancia-nery-feirinha-do-largo-da-ordem\\\/#breadcrumb\",\"itemListElement\":[{\"@type\":\"ListItem\",\"position\":1,\"name\":\"In\u00edcio\",\"item\":\"https:\\\/\\\/solardorosario.com.br\\\/galeria\\\/\"},{\"@type\":\"ListItem\",\"position\":2,\"name\":\"galeria\",\"item\":\"https:\\\/\\\/solardorosario.com.br\\\/galeria\\\/galeria\\\/\"},{\"@type\":\"ListItem\",\"position\":3,\"name\":\"Constancia Nery - Feirinha do Largo da Ordem\"}]},{\"@type\":\"WebSite\",\"@id\":\"https:\\\/\\\/solardorosario.com.br\\\/galeria\\\/#website\",\"url\":\"https:\\\/\\\/solardorosario.com.br\\\/galeria\\\/\",\"name\":\"Solar do Ros\u00e1rio Galeria \\\\\\\\\\\\\\\\Nova\",\"description\":\"\",\"potentialAction\":[{\"@type\":\"SearchAction\",\"target\":{\"@type\":\"EntryPoint\",\"urlTemplate\":\"https:\\\/\\\/solardorosario.com.br\\\/galeria\\\/?s={search_term_string}\"},\"query-input\":{\"@type\":\"PropertyValueSpecification\",\"valueRequired\":true,\"valueName\":\"search_term_string\"}}],\"inLanguage\":\"pt-BR\"}]}<\/script>\n<!-- \/ Yoast SEO plugin. -->","yoast_head_json":{"title":"Constancia Nery - Feirinha do Largo da Ordem - Solar do Ros\u00e1rio Galeria \\\\\\\\Nova","robots":{"index":"index","follow":"follow","max-snippet":"max-snippet:-1","max-image-preview":"max-image-preview:large","max-video-preview":"max-video-preview:-1"},"canonical":"https:\/\/solardorosario.com.br\/galeria\/produto\/constancia-nery-feirinha-do-largo-da-ordem\/","og_locale":"pt_BR","og_type":"article","og_title":"Constancia Nery - Feirinha do Largo da Ordem - Solar do Ros\u00e1rio Galeria \\\\\\\\Nova","og_description":"Artista: Constancia Nery T\u00edtulo: Ferinha do Largo da Ordem Dimens\u00e3o: 15x15 cm T\u00e9cnica: \u00d3leo sobre Tela &nbsp; &nbsp; Nascida em Ipigu\u00e1 - S\u00e3o Paulo. Formada pela Escola Paulista de Propaganda e Marketing. Se matriculou tamb\u00e9m na Escola de Folclore de S\u00e3o Paulo, e teve a oportunidade de pesquisar festas populares. A partir de 1969, exp\u00f4s [&hellip;]","og_url":"https:\/\/solardorosario.com.br\/galeria\/produto\/constancia-nery-feirinha-do-largo-da-ordem\/","og_site_name":"Solar do Ros\u00e1rio Galeria \\\\\\\\Nova","article_modified_time":"2026-03-19T14:21:13+00:00","og_image":[{"width":300,"height":248,"url":"https:\/\/solardorosario.com.br\/galeria\/wp-content\/uploads\/2021\/05\/1487-scaled-e1620053025380.jpeg","type":"image\/jpeg"}],"twitter_card":"summary_large_image","twitter_misc":{"Est. tempo de leitura":"1 minuto"},"schema":{"@context":"https:\/\/schema.org","@graph":[{"@type":"WebPage","@id":"https:\/\/solardorosario.com.br\/galeria\/produto\/constancia-nery-feirinha-do-largo-da-ordem\/","url":"https:\/\/solardorosario.com.br\/galeria\/produto\/constancia-nery-feirinha-do-largo-da-ordem\/","name":"Constancia Nery - Feirinha do Largo da Ordem - Solar do Ros\u00e1rio Galeria \\\\\\\\Nova","isPartOf":{"@id":"https:\/\/solardorosario.com.br\/galeria\/#website"},"primaryImageOfPage":{"@id":"https:\/\/solardorosario.com.br\/galeria\/produto\/constancia-nery-feirinha-do-largo-da-ordem\/#primaryimage"},"image":{"@id":"https:\/\/solardorosario.com.br\/galeria\/produto\/constancia-nery-feirinha-do-largo-da-ordem\/#primaryimage"},"thumbnailUrl":"https:\/\/solardorosario.com.br\/galeria\/wp-content\/uploads\/2021\/05\/1487-scaled-e1620053025380.jpeg","datePublished":"2021-05-03T14:44:13+00:00","dateModified":"2026-03-19T14:21:13+00:00","breadcrumb":{"@id":"https:\/\/solardorosario.com.br\/galeria\/produto\/constancia-nery-feirinha-do-largo-da-ordem\/#breadcrumb"},"inLanguage":"pt-BR","potentialAction":[{"@type":"ReadAction","target":["https:\/\/solardorosario.com.br\/galeria\/produto\/constancia-nery-feirinha-do-largo-da-ordem\/"]}]},{"@type":"ImageObject","inLanguage":"pt-BR","@id":"https:\/\/solardorosario.com.br\/galeria\/produto\/constancia-nery-feirinha-do-largo-da-ordem\/#primaryimage","url":"https:\/\/solardorosario.com.br\/galeria\/wp-content\/uploads\/2021\/05\/1487-scaled-e1620053025380.jpeg","contentUrl":"https:\/\/solardorosario.com.br\/galeria\/wp-content\/uploads\/2021\/05\/1487-scaled-e1620053025380.jpeg","width":300,"height":248},{"@type":"BreadcrumbList","@id":"https:\/\/solardorosario.com.br\/galeria\/produto\/constancia-nery-feirinha-do-largo-da-ordem\/#breadcrumb","itemListElement":[{"@type":"ListItem","position":1,"name":"In\u00edcio","item":"https:\/\/solardorosario.com.br\/galeria\/"},{"@type":"ListItem","position":2,"name":"galeria","item":"https:\/\/solardorosario.com.br\/galeria\/galeria\/"},{"@type":"ListItem","position":3,"name":"Constancia Nery - Feirinha do Largo da Ordem"}]},{"@type":"WebSite","@id":"https:\/\/solardorosario.com.br\/galeria\/#website","url":"https:\/\/solardorosario.com.br\/galeria\/","name":"Solar do Ros\u00e1rio Galeria \\\\\\\\Nova","description":"","potentialAction":[{"@type":"SearchAction","target":{"@type":"EntryPoint","urlTemplate":"https:\/\/solardorosario.com.br\/galeria\/?s={search_term_string}"},"query-input":{"@type":"PropertyValueSpecification","valueRequired":true,"valueName":"search_term_string"}}],"inLanguage":"pt-BR"}]}},"_links":{"self":[{"href":"https:\/\/solardorosario.com.br\/galeria\/wp-json\/wp\/v2\/product\/2125","targetHints":{"allow":["GET"]}}],"collection":[{"href":"https:\/\/solardorosario.com.br\/galeria\/wp-json\/wp\/v2\/product"}],"about":[{"href":"https:\/\/solardorosario.com.br\/galeria\/wp-json\/wp\/v2\/types\/product"}],"wp:featuredmedia":[{"embeddable":true,"href":"https:\/\/solardorosario.com.br\/galeria\/wp-json\/wp\/v2\/media\/2126"}],"wp:attachment":[{"href":"https:\/\/solardorosario.com.br\/galeria\/wp-json\/wp\/v2\/media?parent=2125"}],"wp:term":[{"taxonomy":"product_brand","embeddable":true,"href":"https:\/\/solardorosario.com.br\/galeria\/wp-json\/wp\/v2\/product_brand?post=2125"},{"taxonomy":"product_cat","embeddable":true,"href":"https:\/\/solardorosario.com.br\/galeria\/wp-json\/wp\/v2\/product_cat?post=2125"},{"taxonomy":"product_tag","embeddable":true,"href":"https:\/\/solardorosario.com.br\/galeria\/wp-json\/wp\/v2\/product_tag?post=2125"}],"curies":[{"name":"wp","href":"https:\/\/api.w.org\/{rel}","templated":true}]}}