{"id":2117,"date":"2021-05-03T08:39:59","date_gmt":"2021-05-03T11:39:59","guid":{"rendered":"https:\/\/solardorosario.com.br\/galerianova\/?post_type=product&#038;p=2117"},"modified":"2026-01-21T10:46:59","modified_gmt":"2026-01-21T13:46:59","slug":"scliar-bule","status":"publish","type":"product","link":"https:\/\/solardorosario.com.br\/galeria\/produto\/scliar-bule\/","title":{"rendered":"Scliar - Bule"},"content":{"rendered":"<p><strong>T\u00edtulo:<\/strong> Bule<\/p>\n<p><strong>Artista:<\/strong> Scliar<\/p>\n<p><strong>T\u00e9cnica:<\/strong> Mista sobre madeira<\/p>\n<p><strong>Dimens\u00e3o:<\/strong> 37x26cm<\/p>\n<p>&nbsp;<\/p>\n<p>&nbsp;<\/p>\n<p>Carlos Scliar era artista visual, pintor, desenhista, gravador, ilustrador, cen\u00f3grafo, roteirista e designer gr\u00e1fico. Nasceu em Santa Maria, no Rio Grande do Sul, em 1920 (1920-2001). Em 1931, com apenas 11 anos, passou a colaborar nos suplementos infantis do Di\u00e1rio de Not\u00edcias e do Correio do Povo, de Porto Alegre, com contos, lustra\u00e7\u00f5es e poemas. Em 1935, participou de uma mostra coletiva com 6 trabalhos na Exposi\u00e7\u00e3o do Centen\u00e1rio Farroupilha, em Porto Alegre. Em 1938, participou da funda\u00e7\u00e3o da Associa\u00e7\u00e3o Riograndense de Artes Pl\u00e1sticas Francisco Lisboa. Em 1939, viaja para Rio de Janeiro e S\u00e3o Paulo, e conhece Portinari, que influencia o jovem artista. Em 1940, se mudou para S\u00e3o Paulo, e se junta ao grupo da Fam\u00edlia Art\u00edstica Paulista. No mesmo ano, realiza sua primeira exposi\u00e7\u00e3o individual. No Rio de Janeiro, participa do Sal]ao de Belas Artes, na Divis\u00e3o Moderna, obtendo a Medalha de Prata na parte de pintura. Em 1942, volta a S\u00e3o Paulo e frequenta o curso de Ci\u00eancias Sociais, na Funda\u00e7\u00e3o Armando \u00c1lvares Penteado (FAAP) e edita seu primeiro \u00e1lbum de litografias, F\u00e1bula. Em 1943, \u00e9 convocado pela For\u00e7a Expedicion\u00e1ria Brasileira (FEB) e no ano seguinte viaja para a It\u00e1lia. Continua desenhando sobre sua nova realidade na viagem para o outro continente. Em 1945, retorna para o Brasil e exp\u00f5e os desenhos de seus Cadernos de Guerra, no Rio de Janeiro, S\u00e3o Paulo e Porto Alegre. Em 1948, volta a morar na Europa, em Paris e permanece l\u00e1 por alguns anos. No Brasil, participa da funda\u00e7\u00e3o do Clube de Gravura de Porto Alegre, junto com Vasco Prado. Na d\u00e9cada de 1970, executou pain\u00e9is para a Prefeitura Municipal de Porto Alegre. Entre 1992 e 1999, a mostra \"Ouro Preto, Saudade de Quem Te Ama\" percorreu v\u00e1rias cidades no pa\u00eds. Em 2001, no ano da morte do artista, \u00e9 criado o Instituto Carlos Scliar, em Cabo Frio.<\/p>\n","protected":false},"excerpt":{"rendered":"<p>T\u00edtulo: Bule Artista: Scliar T\u00e9cnica: Mista sobre madeira Dimens\u00e3o: 37x26cm &nbsp; &nbsp; Carlos Scliar era artista visual, pintor, desenhista, gravador, ilustrador, cen\u00f3grafo, roteirista e designer gr\u00e1fico. Nasceu em Santa Maria, no Rio Grande do Sul, em 1920 (1920-2001). Em 1931, com apenas 11 anos, passou a colaborar nos suplementos infantis do Di\u00e1rio de Not\u00edcias e [&hellip;]<\/p>\n","protected":false},"featured_media":2118,"template":"","meta":[],"product_brand":[],"product_cat":[117],"product_tag":[],"class_list":{"0":"post-2117","1":"product","2":"type-product","3":"status-publish","4":"has-post-thumbnail","6":"product_cat-galeria","7":"pa_artista-scliar","8":"pa_estilo-figurativo","9":"pa_tecnica-mista-sobre-madeira","11":"first","12":"instock","13":"shipping-taxable","14":"purchasable","15":"product-type-simple"},"yoast_head":"<!-- This site is optimized with the Yoast SEO plugin v27.4 - https:\/\/yoast.com\/product\/yoast-seo-wordpress\/ -->\n<title>Scliar - Bule - Solar do Ros\u00e1rio Galeria \\\\\\\\Nova<\/title>\n<meta name=\"robots\" content=\"index, follow, max-snippet:-1, max-image-preview:large, max-video-preview:-1\" \/>\n<link rel=\"canonical\" href=\"https:\/\/solardorosario.com.br\/galeria\/produto\/scliar-bule\/\" \/>\n<meta property=\"og:locale\" content=\"pt_BR\" \/>\n<meta property=\"og:type\" content=\"article\" \/>\n<meta property=\"og:title\" content=\"Scliar - Bule - Solar do Ros\u00e1rio Galeria \\\\\\\\Nova\" \/>\n<meta property=\"og:description\" content=\"T\u00edtulo: Bule Artista: Scliar T\u00e9cnica: Mista sobre madeira Dimens\u00e3o: 37x26cm &nbsp; &nbsp; Carlos Scliar era artista visual, pintor, desenhista, gravador, ilustrador, cen\u00f3grafo, roteirista e designer gr\u00e1fico. Nasceu em Santa Maria, no Rio Grande do Sul, em 1920 (1920-2001). Em 1931, com apenas 11 anos, passou a colaborar nos suplementos infantis do Di\u00e1rio de Not\u00edcias e [&hellip;]\" \/>\n<meta property=\"og:url\" content=\"https:\/\/solardorosario.com.br\/galeria\/produto\/scliar-bule\/\" \/>\n<meta property=\"og:site_name\" content=\"Solar do Ros\u00e1rio Galeria \\\\\\\\Nova\" \/>\n<meta property=\"article:modified_time\" content=\"2026-01-21T13:46:59+00:00\" \/>\n<meta property=\"og:image\" content=\"https:\/\/solardorosario.com.br\/galeria\/wp-content\/uploads\/2021\/05\/scliar-scaled.jpeg\" \/>\n\t<meta property=\"og:image:width\" content=\"2556\" \/>\n\t<meta property=\"og:image:height\" content=\"2560\" \/>\n\t<meta property=\"og:image:type\" content=\"image\/jpeg\" \/>\n<meta name=\"twitter:card\" content=\"summary_large_image\" \/>\n<meta name=\"twitter:label1\" content=\"Est. tempo de leitura\" \/>\n\t<meta name=\"twitter:data1\" content=\"2 minutos\" \/>\n<script type=\"application\/ld+json\" class=\"yoast-schema-graph\">{\"@context\":\"https:\\\/\\\/schema.org\",\"@graph\":[{\"@type\":\"WebPage\",\"@id\":\"https:\\\/\\\/solardorosario.com.br\\\/galeria\\\/produto\\\/scliar-bule\\\/\",\"url\":\"https:\\\/\\\/solardorosario.com.br\\\/galeria\\\/produto\\\/scliar-bule\\\/\",\"name\":\"Scliar - Bule - Solar do Ros\u00e1rio Galeria \\\\\\\\\\\\\\\\Nova\",\"isPartOf\":{\"@id\":\"https:\\\/\\\/solardorosario.com.br\\\/galeria\\\/#website\"},\"primaryImageOfPage\":{\"@id\":\"https:\\\/\\\/solardorosario.com.br\\\/galeria\\\/produto\\\/scliar-bule\\\/#primaryimage\"},\"image\":{\"@id\":\"https:\\\/\\\/solardorosario.com.br\\\/galeria\\\/produto\\\/scliar-bule\\\/#primaryimage\"},\"thumbnailUrl\":\"https:\\\/\\\/solardorosario.com.br\\\/galeria\\\/wp-content\\\/uploads\\\/2021\\\/05\\\/scliar-scaled.jpeg\",\"datePublished\":\"2021-05-03T11:39:59+00:00\",\"dateModified\":\"2026-01-21T13:46:59+00:00\",\"breadcrumb\":{\"@id\":\"https:\\\/\\\/solardorosario.com.br\\\/galeria\\\/produto\\\/scliar-bule\\\/#breadcrumb\"},\"inLanguage\":\"pt-BR\",\"potentialAction\":[{\"@type\":\"ReadAction\",\"target\":[\"https:\\\/\\\/solardorosario.com.br\\\/galeria\\\/produto\\\/scliar-bule\\\/\"]}]},{\"@type\":\"ImageObject\",\"inLanguage\":\"pt-BR\",\"@id\":\"https:\\\/\\\/solardorosario.com.br\\\/galeria\\\/produto\\\/scliar-bule\\\/#primaryimage\",\"url\":\"https:\\\/\\\/solardorosario.com.br\\\/galeria\\\/wp-content\\\/uploads\\\/2021\\\/05\\\/scliar-scaled.jpeg\",\"contentUrl\":\"https:\\\/\\\/solardorosario.com.br\\\/galeria\\\/wp-content\\\/uploads\\\/2021\\\/05\\\/scliar-scaled.jpeg\",\"width\":2556,\"height\":2560},{\"@type\":\"BreadcrumbList\",\"@id\":\"https:\\\/\\\/solardorosario.com.br\\\/galeria\\\/produto\\\/scliar-bule\\\/#breadcrumb\",\"itemListElement\":[{\"@type\":\"ListItem\",\"position\":1,\"name\":\"In\u00edcio\",\"item\":\"https:\\\/\\\/solardorosario.com.br\\\/galeria\\\/\"},{\"@type\":\"ListItem\",\"position\":2,\"name\":\"galeria\",\"item\":\"https:\\\/\\\/solardorosario.com.br\\\/galeria\\\/galeria\\\/\"},{\"@type\":\"ListItem\",\"position\":3,\"name\":\"Scliar - Bule\"}]},{\"@type\":\"WebSite\",\"@id\":\"https:\\\/\\\/solardorosario.com.br\\\/galeria\\\/#website\",\"url\":\"https:\\\/\\\/solardorosario.com.br\\\/galeria\\\/\",\"name\":\"Solar do Ros\u00e1rio Galeria \\\\\\\\\\\\\\\\Nova\",\"description\":\"\",\"potentialAction\":[{\"@type\":\"SearchAction\",\"target\":{\"@type\":\"EntryPoint\",\"urlTemplate\":\"https:\\\/\\\/solardorosario.com.br\\\/galeria\\\/?s={search_term_string}\"},\"query-input\":{\"@type\":\"PropertyValueSpecification\",\"valueRequired\":true,\"valueName\":\"search_term_string\"}}],\"inLanguage\":\"pt-BR\"}]}<\/script>\n<!-- \/ Yoast SEO plugin. -->","yoast_head_json":{"title":"Scliar - Bule - Solar do Ros\u00e1rio Galeria \\\\\\\\Nova","robots":{"index":"index","follow":"follow","max-snippet":"max-snippet:-1","max-image-preview":"max-image-preview:large","max-video-preview":"max-video-preview:-1"},"canonical":"https:\/\/solardorosario.com.br\/galeria\/produto\/scliar-bule\/","og_locale":"pt_BR","og_type":"article","og_title":"Scliar - Bule - Solar do Ros\u00e1rio Galeria \\\\\\\\Nova","og_description":"T\u00edtulo: Bule Artista: Scliar T\u00e9cnica: Mista sobre madeira Dimens\u00e3o: 37x26cm &nbsp; &nbsp; Carlos Scliar era artista visual, pintor, desenhista, gravador, ilustrador, cen\u00f3grafo, roteirista e designer gr\u00e1fico. Nasceu em Santa Maria, no Rio Grande do Sul, em 1920 (1920-2001). Em 1931, com apenas 11 anos, passou a colaborar nos suplementos infantis do Di\u00e1rio de Not\u00edcias e [&hellip;]","og_url":"https:\/\/solardorosario.com.br\/galeria\/produto\/scliar-bule\/","og_site_name":"Solar do Ros\u00e1rio Galeria \\\\\\\\Nova","article_modified_time":"2026-01-21T13:46:59+00:00","og_image":[{"width":2556,"height":2560,"url":"https:\/\/solardorosario.com.br\/galeria\/wp-content\/uploads\/2021\/05\/scliar-scaled.jpeg","type":"image\/jpeg"}],"twitter_card":"summary_large_image","twitter_misc":{"Est. tempo de leitura":"2 minutos"},"schema":{"@context":"https:\/\/schema.org","@graph":[{"@type":"WebPage","@id":"https:\/\/solardorosario.com.br\/galeria\/produto\/scliar-bule\/","url":"https:\/\/solardorosario.com.br\/galeria\/produto\/scliar-bule\/","name":"Scliar - Bule - Solar do Ros\u00e1rio Galeria \\\\\\\\Nova","isPartOf":{"@id":"https:\/\/solardorosario.com.br\/galeria\/#website"},"primaryImageOfPage":{"@id":"https:\/\/solardorosario.com.br\/galeria\/produto\/scliar-bule\/#primaryimage"},"image":{"@id":"https:\/\/solardorosario.com.br\/galeria\/produto\/scliar-bule\/#primaryimage"},"thumbnailUrl":"https:\/\/solardorosario.com.br\/galeria\/wp-content\/uploads\/2021\/05\/scliar-scaled.jpeg","datePublished":"2021-05-03T11:39:59+00:00","dateModified":"2026-01-21T13:46:59+00:00","breadcrumb":{"@id":"https:\/\/solardorosario.com.br\/galeria\/produto\/scliar-bule\/#breadcrumb"},"inLanguage":"pt-BR","potentialAction":[{"@type":"ReadAction","target":["https:\/\/solardorosario.com.br\/galeria\/produto\/scliar-bule\/"]}]},{"@type":"ImageObject","inLanguage":"pt-BR","@id":"https:\/\/solardorosario.com.br\/galeria\/produto\/scliar-bule\/#primaryimage","url":"https:\/\/solardorosario.com.br\/galeria\/wp-content\/uploads\/2021\/05\/scliar-scaled.jpeg","contentUrl":"https:\/\/solardorosario.com.br\/galeria\/wp-content\/uploads\/2021\/05\/scliar-scaled.jpeg","width":2556,"height":2560},{"@type":"BreadcrumbList","@id":"https:\/\/solardorosario.com.br\/galeria\/produto\/scliar-bule\/#breadcrumb","itemListElement":[{"@type":"ListItem","position":1,"name":"In\u00edcio","item":"https:\/\/solardorosario.com.br\/galeria\/"},{"@type":"ListItem","position":2,"name":"galeria","item":"https:\/\/solardorosario.com.br\/galeria\/galeria\/"},{"@type":"ListItem","position":3,"name":"Scliar - Bule"}]},{"@type":"WebSite","@id":"https:\/\/solardorosario.com.br\/galeria\/#website","url":"https:\/\/solardorosario.com.br\/galeria\/","name":"Solar do Ros\u00e1rio Galeria \\\\\\\\Nova","description":"","potentialAction":[{"@type":"SearchAction","target":{"@type":"EntryPoint","urlTemplate":"https:\/\/solardorosario.com.br\/galeria\/?s={search_term_string}"},"query-input":{"@type":"PropertyValueSpecification","valueRequired":true,"valueName":"search_term_string"}}],"inLanguage":"pt-BR"}]}},"_links":{"self":[{"href":"https:\/\/solardorosario.com.br\/galeria\/wp-json\/wp\/v2\/product\/2117","targetHints":{"allow":["GET"]}}],"collection":[{"href":"https:\/\/solardorosario.com.br\/galeria\/wp-json\/wp\/v2\/product"}],"about":[{"href":"https:\/\/solardorosario.com.br\/galeria\/wp-json\/wp\/v2\/types\/product"}],"wp:featuredmedia":[{"embeddable":true,"href":"https:\/\/solardorosario.com.br\/galeria\/wp-json\/wp\/v2\/media\/2118"}],"wp:attachment":[{"href":"https:\/\/solardorosario.com.br\/galeria\/wp-json\/wp\/v2\/media?parent=2117"}],"wp:term":[{"taxonomy":"product_brand","embeddable":true,"href":"https:\/\/solardorosario.com.br\/galeria\/wp-json\/wp\/v2\/product_brand?post=2117"},{"taxonomy":"product_cat","embeddable":true,"href":"https:\/\/solardorosario.com.br\/galeria\/wp-json\/wp\/v2\/product_cat?post=2117"},{"taxonomy":"product_tag","embeddable":true,"href":"https:\/\/solardorosario.com.br\/galeria\/wp-json\/wp\/v2\/product_tag?post=2117"}],"curies":[{"name":"wp","href":"https:\/\/api.w.org\/{rel}","templated":true}]}}