{"id":2109,"date":"2021-04-30T15:45:06","date_gmt":"2021-04-30T18:45:06","guid":{"rendered":"https:\/\/solardorosario.com.br\/galerianova\/?post_type=product&#038;p=2109"},"modified":"2026-03-30T17:07:11","modified_gmt":"2026-03-30T20:07:11","slug":"lelia-brown-lampiao","status":"publish","type":"product","link":"https:\/\/solardorosario.com.br\/galeria\/produto\/lelia-brown-lampiao\/","title":{"rendered":"L\u00e9lia Brown - Lampi\u00e3o"},"content":{"rendered":"<p><strong>Artista:<\/strong> L\u00e9lia Brown<\/p>\n<p><strong>T\u00edtulo:<\/strong> Lampi\u00e3o<\/p>\n<p><strong>Dimens\u00e3o:<\/strong> 15x23cm<\/p>\n<p><strong>T\u00e9cnica:<\/strong> \u00d3leo sobre tela (sem moldura)<\/p>\n<p>&nbsp;<\/p>\n<p>&nbsp;<\/p>\n<p>L\u00e9lia Brown nasceu no Rio de Janeiro, mas morava em Curitiba h\u00e1 mais de 60 anos. Era artista visual, professora. Estudou com Guido Viaro, Luiz Carlos de Andrade Lima. Foi diretora da Associa\u00e7\u00e3o Profissional de Artistas Pl\u00e1sticos do Paran\u00e1 (APAP - PR), faz parte do verbete no dicion\u00e1rio de Artes Pl\u00e1sticas de Walmir Ayaka. Era professora de figura humana e pintura. Fez diversas exposi\u00e7\u00f5es individuais e coletivas em Curitiba, Salvador, Santos, al\u00e9m de Argentina e Estados Unidos.<\/p>\n","protected":false},"excerpt":{"rendered":"<p>Artista: L\u00e9lia Brown T\u00edtulo: Lampi\u00e3o Dimens\u00e3o: 15x23cm T\u00e9cnica: \u00d3leo sobre tela (sem moldura) &nbsp; &nbsp; L\u00e9lia Brown nasceu no Rio de Janeiro, mas morava em Curitiba h\u00e1 mais de 60 anos. Era artista visual, professora. Estudou com Guido Viaro, Luiz Carlos de Andrade Lima. Foi diretora da Associa\u00e7\u00e3o Profissional de Artistas Pl\u00e1sticos do Paran\u00e1 (APAP [&hellip;]<\/p>\n","protected":false},"featured_media":4772,"template":"","meta":[],"product_brand":[],"product_cat":[117],"product_tag":[],"class_list":{"0":"post-2109","1":"product","2":"type-product","3":"status-publish","4":"has-post-thumbnail","6":"product_cat-galeria","7":"pa_artista-lelia-brown","8":"pa_estilo-figurativo","9":"pa_estilo-figurativo-paisagem","10":"pa_tecnica-oleo-sobre-tela","12":"first","13":"instock","14":"shipping-taxable","15":"purchasable","16":"product-type-simple"},"yoast_head":"<!-- This site is optimized with the Yoast SEO plugin v27.4 - https:\/\/yoast.com\/product\/yoast-seo-wordpress\/ -->\n<title>L\u00e9lia Brown - Lampi\u00e3o - Solar do Ros\u00e1rio Galeria \\\\\\\\Nova<\/title>\n<meta name=\"robots\" content=\"index, follow, max-snippet:-1, max-image-preview:large, max-video-preview:-1\" \/>\n<link rel=\"canonical\" href=\"https:\/\/solardorosario.com.br\/galeria\/produto\/lelia-brown-lampiao\/\" \/>\n<meta property=\"og:locale\" content=\"pt_BR\" \/>\n<meta property=\"og:type\" content=\"article\" \/>\n<meta property=\"og:title\" content=\"L\u00e9lia Brown - Lampi\u00e3o - Solar do Ros\u00e1rio Galeria \\\\\\\\Nova\" \/>\n<meta property=\"og:description\" content=\"Artista: L\u00e9lia Brown T\u00edtulo: Lampi\u00e3o Dimens\u00e3o: 15x23cm T\u00e9cnica: \u00d3leo sobre tela (sem moldura) &nbsp; &nbsp; L\u00e9lia Brown nasceu no Rio de Janeiro, mas morava em Curitiba h\u00e1 mais de 60 anos. Era artista visual, professora. Estudou com Guido Viaro, Luiz Carlos de Andrade Lima. Foi diretora da Associa\u00e7\u00e3o Profissional de Artistas Pl\u00e1sticos do Paran\u00e1 (APAP [&hellip;]\" \/>\n<meta property=\"og:url\" content=\"https:\/\/solardorosario.com.br\/galeria\/produto\/lelia-brown-lampiao\/\" \/>\n<meta property=\"og:site_name\" content=\"Solar do Ros\u00e1rio Galeria \\\\\\\\Nova\" \/>\n<meta property=\"article:modified_time\" content=\"2026-03-30T20:07:11+00:00\" \/>\n<meta property=\"og:image\" content=\"https:\/\/solardorosario.com.br\/galeria\/wp-content\/uploads\/2021\/04\/Lelia-Brown_02133_OK.jpg\" \/>\n\t<meta property=\"og:image:width\" content=\"740\" \/>\n\t<meta property=\"og:image:height\" content=\"1128\" \/>\n\t<meta property=\"og:image:type\" content=\"image\/jpeg\" \/>\n<meta name=\"twitter:card\" content=\"summary_large_image\" \/>\n<meta name=\"twitter:label1\" content=\"Est. tempo de leitura\" \/>\n\t<meta name=\"twitter:data1\" content=\"1 minuto\" \/>\n<script type=\"application\/ld+json\" class=\"yoast-schema-graph\">{\"@context\":\"https:\\\/\\\/schema.org\",\"@graph\":[{\"@type\":\"WebPage\",\"@id\":\"https:\\\/\\\/solardorosario.com.br\\\/galeria\\\/produto\\\/lelia-brown-lampiao\\\/\",\"url\":\"https:\\\/\\\/solardorosario.com.br\\\/galeria\\\/produto\\\/lelia-brown-lampiao\\\/\",\"name\":\"L\u00e9lia Brown - Lampi\u00e3o - Solar do Ros\u00e1rio Galeria \\\\\\\\\\\\\\\\Nova\",\"isPartOf\":{\"@id\":\"https:\\\/\\\/solardorosario.com.br\\\/galeria\\\/#website\"},\"primaryImageOfPage\":{\"@id\":\"https:\\\/\\\/solardorosario.com.br\\\/galeria\\\/produto\\\/lelia-brown-lampiao\\\/#primaryimage\"},\"image\":{\"@id\":\"https:\\\/\\\/solardorosario.com.br\\\/galeria\\\/produto\\\/lelia-brown-lampiao\\\/#primaryimage\"},\"thumbnailUrl\":\"https:\\\/\\\/solardorosario.com.br\\\/galeria\\\/wp-content\\\/uploads\\\/2021\\\/04\\\/Lelia-Brown_02133_OK.jpg\",\"datePublished\":\"2021-04-30T18:45:06+00:00\",\"dateModified\":\"2026-03-30T20:07:11+00:00\",\"breadcrumb\":{\"@id\":\"https:\\\/\\\/solardorosario.com.br\\\/galeria\\\/produto\\\/lelia-brown-lampiao\\\/#breadcrumb\"},\"inLanguage\":\"pt-BR\",\"potentialAction\":[{\"@type\":\"ReadAction\",\"target\":[\"https:\\\/\\\/solardorosario.com.br\\\/galeria\\\/produto\\\/lelia-brown-lampiao\\\/\"]}]},{\"@type\":\"ImageObject\",\"inLanguage\":\"pt-BR\",\"@id\":\"https:\\\/\\\/solardorosario.com.br\\\/galeria\\\/produto\\\/lelia-brown-lampiao\\\/#primaryimage\",\"url\":\"https:\\\/\\\/solardorosario.com.br\\\/galeria\\\/wp-content\\\/uploads\\\/2021\\\/04\\\/Lelia-Brown_02133_OK.jpg\",\"contentUrl\":\"https:\\\/\\\/solardorosario.com.br\\\/galeria\\\/wp-content\\\/uploads\\\/2021\\\/04\\\/Lelia-Brown_02133_OK.jpg\",\"width\":740,\"height\":1128},{\"@type\":\"BreadcrumbList\",\"@id\":\"https:\\\/\\\/solardorosario.com.br\\\/galeria\\\/produto\\\/lelia-brown-lampiao\\\/#breadcrumb\",\"itemListElement\":[{\"@type\":\"ListItem\",\"position\":1,\"name\":\"In\u00edcio\",\"item\":\"https:\\\/\\\/solardorosario.com.br\\\/galeria\\\/\"},{\"@type\":\"ListItem\",\"position\":2,\"name\":\"galeria\",\"item\":\"https:\\\/\\\/solardorosario.com.br\\\/galeria\\\/galeria\\\/\"},{\"@type\":\"ListItem\",\"position\":3,\"name\":\"L\u00e9lia Brown - Lampi\u00e3o\"}]},{\"@type\":\"WebSite\",\"@id\":\"https:\\\/\\\/solardorosario.com.br\\\/galeria\\\/#website\",\"url\":\"https:\\\/\\\/solardorosario.com.br\\\/galeria\\\/\",\"name\":\"Solar do Ros\u00e1rio Galeria \\\\\\\\\\\\\\\\Nova\",\"description\":\"\",\"potentialAction\":[{\"@type\":\"SearchAction\",\"target\":{\"@type\":\"EntryPoint\",\"urlTemplate\":\"https:\\\/\\\/solardorosario.com.br\\\/galeria\\\/?s={search_term_string}\"},\"query-input\":{\"@type\":\"PropertyValueSpecification\",\"valueRequired\":true,\"valueName\":\"search_term_string\"}}],\"inLanguage\":\"pt-BR\"}]}<\/script>\n<!-- \/ Yoast SEO plugin. -->","yoast_head_json":{"title":"L\u00e9lia Brown - Lampi\u00e3o - Solar do Ros\u00e1rio Galeria \\\\\\\\Nova","robots":{"index":"index","follow":"follow","max-snippet":"max-snippet:-1","max-image-preview":"max-image-preview:large","max-video-preview":"max-video-preview:-1"},"canonical":"https:\/\/solardorosario.com.br\/galeria\/produto\/lelia-brown-lampiao\/","og_locale":"pt_BR","og_type":"article","og_title":"L\u00e9lia Brown - Lampi\u00e3o - Solar do Ros\u00e1rio Galeria \\\\\\\\Nova","og_description":"Artista: L\u00e9lia Brown T\u00edtulo: Lampi\u00e3o Dimens\u00e3o: 15x23cm T\u00e9cnica: \u00d3leo sobre tela (sem moldura) &nbsp; &nbsp; L\u00e9lia Brown nasceu no Rio de Janeiro, mas morava em Curitiba h\u00e1 mais de 60 anos. Era artista visual, professora. Estudou com Guido Viaro, Luiz Carlos de Andrade Lima. Foi diretora da Associa\u00e7\u00e3o Profissional de Artistas Pl\u00e1sticos do Paran\u00e1 (APAP [&hellip;]","og_url":"https:\/\/solardorosario.com.br\/galeria\/produto\/lelia-brown-lampiao\/","og_site_name":"Solar do Ros\u00e1rio Galeria \\\\\\\\Nova","article_modified_time":"2026-03-30T20:07:11+00:00","og_image":[{"width":740,"height":1128,"url":"https:\/\/solardorosario.com.br\/galeria\/wp-content\/uploads\/2021\/04\/Lelia-Brown_02133_OK.jpg","type":"image\/jpeg"}],"twitter_card":"summary_large_image","twitter_misc":{"Est. tempo de leitura":"1 minuto"},"schema":{"@context":"https:\/\/schema.org","@graph":[{"@type":"WebPage","@id":"https:\/\/solardorosario.com.br\/galeria\/produto\/lelia-brown-lampiao\/","url":"https:\/\/solardorosario.com.br\/galeria\/produto\/lelia-brown-lampiao\/","name":"L\u00e9lia Brown - Lampi\u00e3o - Solar do Ros\u00e1rio Galeria \\\\\\\\Nova","isPartOf":{"@id":"https:\/\/solardorosario.com.br\/galeria\/#website"},"primaryImageOfPage":{"@id":"https:\/\/solardorosario.com.br\/galeria\/produto\/lelia-brown-lampiao\/#primaryimage"},"image":{"@id":"https:\/\/solardorosario.com.br\/galeria\/produto\/lelia-brown-lampiao\/#primaryimage"},"thumbnailUrl":"https:\/\/solardorosario.com.br\/galeria\/wp-content\/uploads\/2021\/04\/Lelia-Brown_02133_OK.jpg","datePublished":"2021-04-30T18:45:06+00:00","dateModified":"2026-03-30T20:07:11+00:00","breadcrumb":{"@id":"https:\/\/solardorosario.com.br\/galeria\/produto\/lelia-brown-lampiao\/#breadcrumb"},"inLanguage":"pt-BR","potentialAction":[{"@type":"ReadAction","target":["https:\/\/solardorosario.com.br\/galeria\/produto\/lelia-brown-lampiao\/"]}]},{"@type":"ImageObject","inLanguage":"pt-BR","@id":"https:\/\/solardorosario.com.br\/galeria\/produto\/lelia-brown-lampiao\/#primaryimage","url":"https:\/\/solardorosario.com.br\/galeria\/wp-content\/uploads\/2021\/04\/Lelia-Brown_02133_OK.jpg","contentUrl":"https:\/\/solardorosario.com.br\/galeria\/wp-content\/uploads\/2021\/04\/Lelia-Brown_02133_OK.jpg","width":740,"height":1128},{"@type":"BreadcrumbList","@id":"https:\/\/solardorosario.com.br\/galeria\/produto\/lelia-brown-lampiao\/#breadcrumb","itemListElement":[{"@type":"ListItem","position":1,"name":"In\u00edcio","item":"https:\/\/solardorosario.com.br\/galeria\/"},{"@type":"ListItem","position":2,"name":"galeria","item":"https:\/\/solardorosario.com.br\/galeria\/galeria\/"},{"@type":"ListItem","position":3,"name":"L\u00e9lia Brown - Lampi\u00e3o"}]},{"@type":"WebSite","@id":"https:\/\/solardorosario.com.br\/galeria\/#website","url":"https:\/\/solardorosario.com.br\/galeria\/","name":"Solar do Ros\u00e1rio Galeria \\\\\\\\Nova","description":"","potentialAction":[{"@type":"SearchAction","target":{"@type":"EntryPoint","urlTemplate":"https:\/\/solardorosario.com.br\/galeria\/?s={search_term_string}"},"query-input":{"@type":"PropertyValueSpecification","valueRequired":true,"valueName":"search_term_string"}}],"inLanguage":"pt-BR"}]}},"_links":{"self":[{"href":"https:\/\/solardorosario.com.br\/galeria\/wp-json\/wp\/v2\/product\/2109","targetHints":{"allow":["GET"]}}],"collection":[{"href":"https:\/\/solardorosario.com.br\/galeria\/wp-json\/wp\/v2\/product"}],"about":[{"href":"https:\/\/solardorosario.com.br\/galeria\/wp-json\/wp\/v2\/types\/product"}],"wp:featuredmedia":[{"embeddable":true,"href":"https:\/\/solardorosario.com.br\/galeria\/wp-json\/wp\/v2\/media\/4772"}],"wp:attachment":[{"href":"https:\/\/solardorosario.com.br\/galeria\/wp-json\/wp\/v2\/media?parent=2109"}],"wp:term":[{"taxonomy":"product_brand","embeddable":true,"href":"https:\/\/solardorosario.com.br\/galeria\/wp-json\/wp\/v2\/product_brand?post=2109"},{"taxonomy":"product_cat","embeddable":true,"href":"https:\/\/solardorosario.com.br\/galeria\/wp-json\/wp\/v2\/product_cat?post=2109"},{"taxonomy":"product_tag","embeddable":true,"href":"https:\/\/solardorosario.com.br\/galeria\/wp-json\/wp\/v2\/product_tag?post=2109"}],"curies":[{"name":"wp","href":"https:\/\/api.w.org\/{rel}","templated":true}]}}