{"id":2089,"date":"2021-04-30T09:31:25","date_gmt":"2021-04-30T12:31:25","guid":{"rendered":"https:\/\/solardorosario.com.br\/galerianova\/?post_type=product&#038;p=2089"},"modified":"2026-04-07T17:00:27","modified_gmt":"2026-04-07T20:00:27","slug":"marta-facco-cadeira-iii","status":"publish","type":"product","link":"https:\/\/solardorosario.com.br\/galeria\/produto\/marta-facco-cadeira-iii\/","title":{"rendered":"Marta Facco - Cadeira III"},"content":{"rendered":"<p><strong>Artista:<\/strong> Marta Facco<\/p>\n<p><strong>T\u00edtulo:<\/strong> Cadeira III<\/p>\n<p><strong>Dimens\u00e3o:<\/strong> 90x79cm<\/p>\n<p><strong>T\u00e9cnica:<\/strong> \u00d3leo sobre tela<\/p>\n<p>&nbsp;<\/p>\n<p>&nbsp;<\/p>\n<p>Marta Facco \u00e9 nascida em Julio de Castilho, no Rio Grande do Sul, em 1977. \u00c9 formada em Artes Pl\u00e1sticas, pela Universidade Federal de Santa Maria - RS e participou de cursos de extens\u00e3o desde 1996, pela mesma universidade. Em 1997, participou da organiza\u00e7\u00e3o do XVI Sal\u00e3o Universit\u00e1rio de Artes Pl\u00e1sticas de Santa Maria. Desde 1998, participa de sal\u00f5es e exposi\u00e7\u00f5es coletivas como a Exposi\u00e7\u00e3o no Caixa Preta UFSM - RS, e o XI Sal\u00e3o de Inverno Internacional de Artes Pl\u00e1sticas de Sant'Anna do Livramento. Recebeu em 2001 o pr\u00eamio Aquisi\u00e7\u00e3o no 2\u00ba Sal\u00e3o de Artes Pl\u00e1sticas de Uni\u00e3o da Vit\u00f3ria, no Paran\u00e1, pela Secretaria do Estado da Cultura. Fez v\u00e1rias exposi\u00e7\u00f5es individuais em Santa Maria, sendo a primeira em 1999, nas exposi\u00e7\u00f5es de pinturas na C\u00e2mara Municipal de Vereadores, na Sala Eduardo Trevisan.<\/p>\n","protected":false},"excerpt":{"rendered":"<p>Artista: Marta Facco T\u00edtulo: Cadeira III Dimens\u00e3o: 90x79cm T\u00e9cnica: \u00d3leo sobre tela &nbsp; &nbsp; Marta Facco \u00e9 nascida em Julio de Castilho, no Rio Grande do Sul, em 1977. \u00c9 formada em Artes Pl\u00e1sticas, pela Universidade Federal de Santa Maria - RS e participou de cursos de extens\u00e3o desde 1996, pela mesma universidade. Em 1997, [&hellip;]<\/p>\n","protected":false},"featured_media":2090,"template":"","meta":[],"product_brand":[],"product_cat":[117],"product_tag":[],"class_list":{"0":"post-2089","1":"product","2":"type-product","3":"status-publish","4":"has-post-thumbnail","6":"product_cat-galeria","7":"pa_artista-marta-facco","8":"pa_estilo-figurativo","9":"pa_tecnica-oleo-sobre-tela","11":"first","12":"instock","13":"shipping-taxable","14":"purchasable","15":"product-type-simple"},"yoast_head":"<!-- This site is optimized with the Yoast SEO plugin v27.4 - https:\/\/yoast.com\/product\/yoast-seo-wordpress\/ -->\n<title>Marta Facco - Cadeira III - Solar do Ros\u00e1rio Galeria \\\\\\\\Nova<\/title>\n<meta name=\"robots\" content=\"index, follow, max-snippet:-1, max-image-preview:large, max-video-preview:-1\" \/>\n<link rel=\"canonical\" href=\"https:\/\/solardorosario.com.br\/galeria\/produto\/marta-facco-cadeira-iii\/\" \/>\n<meta property=\"og:locale\" content=\"pt_BR\" \/>\n<meta property=\"og:type\" content=\"article\" \/>\n<meta property=\"og:title\" content=\"Marta Facco - Cadeira III - Solar do Ros\u00e1rio Galeria \\\\\\\\Nova\" \/>\n<meta property=\"og:description\" content=\"Artista: Marta Facco T\u00edtulo: Cadeira III Dimens\u00e3o: 90x79cm T\u00e9cnica: \u00d3leo sobre tela &nbsp; &nbsp; Marta Facco \u00e9 nascida em Julio de Castilho, no Rio Grande do Sul, em 1977. \u00c9 formada em Artes Pl\u00e1sticas, pela Universidade Federal de Santa Maria - RS e participou de cursos de extens\u00e3o desde 1996, pela mesma universidade. Em 1997, [&hellip;]\" \/>\n<meta property=\"og:url\" content=\"https:\/\/solardorosario.com.br\/galeria\/produto\/marta-facco-cadeira-iii\/\" \/>\n<meta property=\"og:site_name\" content=\"Solar do Ros\u00e1rio Galeria \\\\\\\\Nova\" \/>\n<meta property=\"article:modified_time\" content=\"2026-04-07T20:00:27+00:00\" \/>\n<meta property=\"og:image\" content=\"https:\/\/solardorosario.com.br\/galeria\/wp-content\/uploads\/2021\/04\/2745-scaled-e1619785874565.jpeg\" \/>\n\t<meta property=\"og:image:width\" content=\"230\" \/>\n\t<meta property=\"og:image:height\" content=\"216\" \/>\n\t<meta property=\"og:image:type\" content=\"image\/jpeg\" \/>\n<meta name=\"twitter:card\" content=\"summary_large_image\" \/>\n<meta name=\"twitter:label1\" content=\"Est. tempo de leitura\" \/>\n\t<meta name=\"twitter:data1\" content=\"1 minuto\" \/>\n<script type=\"application\/ld+json\" class=\"yoast-schema-graph\">{\"@context\":\"https:\\\/\\\/schema.org\",\"@graph\":[{\"@type\":\"WebPage\",\"@id\":\"https:\\\/\\\/solardorosario.com.br\\\/galeria\\\/produto\\\/marta-facco-cadeira-iii\\\/\",\"url\":\"https:\\\/\\\/solardorosario.com.br\\\/galeria\\\/produto\\\/marta-facco-cadeira-iii\\\/\",\"name\":\"Marta Facco - Cadeira III - Solar do Ros\u00e1rio Galeria \\\\\\\\\\\\\\\\Nova\",\"isPartOf\":{\"@id\":\"https:\\\/\\\/solardorosario.com.br\\\/galeria\\\/#website\"},\"primaryImageOfPage\":{\"@id\":\"https:\\\/\\\/solardorosario.com.br\\\/galeria\\\/produto\\\/marta-facco-cadeira-iii\\\/#primaryimage\"},\"image\":{\"@id\":\"https:\\\/\\\/solardorosario.com.br\\\/galeria\\\/produto\\\/marta-facco-cadeira-iii\\\/#primaryimage\"},\"thumbnailUrl\":\"https:\\\/\\\/solardorosario.com.br\\\/galeria\\\/wp-content\\\/uploads\\\/2021\\\/04\\\/2745-scaled-e1619785874565.jpeg\",\"datePublished\":\"2021-04-30T12:31:25+00:00\",\"dateModified\":\"2026-04-07T20:00:27+00:00\",\"breadcrumb\":{\"@id\":\"https:\\\/\\\/solardorosario.com.br\\\/galeria\\\/produto\\\/marta-facco-cadeira-iii\\\/#breadcrumb\"},\"inLanguage\":\"pt-BR\",\"potentialAction\":[{\"@type\":\"ReadAction\",\"target\":[\"https:\\\/\\\/solardorosario.com.br\\\/galeria\\\/produto\\\/marta-facco-cadeira-iii\\\/\"]}]},{\"@type\":\"ImageObject\",\"inLanguage\":\"pt-BR\",\"@id\":\"https:\\\/\\\/solardorosario.com.br\\\/galeria\\\/produto\\\/marta-facco-cadeira-iii\\\/#primaryimage\",\"url\":\"https:\\\/\\\/solardorosario.com.br\\\/galeria\\\/wp-content\\\/uploads\\\/2021\\\/04\\\/2745-scaled-e1619785874565.jpeg\",\"contentUrl\":\"https:\\\/\\\/solardorosario.com.br\\\/galeria\\\/wp-content\\\/uploads\\\/2021\\\/04\\\/2745-scaled-e1619785874565.jpeg\",\"width\":230,\"height\":216},{\"@type\":\"BreadcrumbList\",\"@id\":\"https:\\\/\\\/solardorosario.com.br\\\/galeria\\\/produto\\\/marta-facco-cadeira-iii\\\/#breadcrumb\",\"itemListElement\":[{\"@type\":\"ListItem\",\"position\":1,\"name\":\"In\u00edcio\",\"item\":\"https:\\\/\\\/solardorosario.com.br\\\/galeria\\\/\"},{\"@type\":\"ListItem\",\"position\":2,\"name\":\"galeria\",\"item\":\"https:\\\/\\\/solardorosario.com.br\\\/galeria\\\/galeria\\\/\"},{\"@type\":\"ListItem\",\"position\":3,\"name\":\"Marta Facco - Cadeira III\"}]},{\"@type\":\"WebSite\",\"@id\":\"https:\\\/\\\/solardorosario.com.br\\\/galeria\\\/#website\",\"url\":\"https:\\\/\\\/solardorosario.com.br\\\/galeria\\\/\",\"name\":\"Solar do Ros\u00e1rio Galeria \\\\\\\\\\\\\\\\Nova\",\"description\":\"\",\"potentialAction\":[{\"@type\":\"SearchAction\",\"target\":{\"@type\":\"EntryPoint\",\"urlTemplate\":\"https:\\\/\\\/solardorosario.com.br\\\/galeria\\\/?s={search_term_string}\"},\"query-input\":{\"@type\":\"PropertyValueSpecification\",\"valueRequired\":true,\"valueName\":\"search_term_string\"}}],\"inLanguage\":\"pt-BR\"}]}<\/script>\n<!-- \/ Yoast SEO plugin. -->","yoast_head_json":{"title":"Marta Facco - Cadeira III - Solar do Ros\u00e1rio Galeria \\\\\\\\Nova","robots":{"index":"index","follow":"follow","max-snippet":"max-snippet:-1","max-image-preview":"max-image-preview:large","max-video-preview":"max-video-preview:-1"},"canonical":"https:\/\/solardorosario.com.br\/galeria\/produto\/marta-facco-cadeira-iii\/","og_locale":"pt_BR","og_type":"article","og_title":"Marta Facco - Cadeira III - Solar do Ros\u00e1rio Galeria \\\\\\\\Nova","og_description":"Artista: Marta Facco T\u00edtulo: Cadeira III Dimens\u00e3o: 90x79cm T\u00e9cnica: \u00d3leo sobre tela &nbsp; &nbsp; Marta Facco \u00e9 nascida em Julio de Castilho, no Rio Grande do Sul, em 1977. \u00c9 formada em Artes Pl\u00e1sticas, pela Universidade Federal de Santa Maria - RS e participou de cursos de extens\u00e3o desde 1996, pela mesma universidade. Em 1997, [&hellip;]","og_url":"https:\/\/solardorosario.com.br\/galeria\/produto\/marta-facco-cadeira-iii\/","og_site_name":"Solar do Ros\u00e1rio Galeria \\\\\\\\Nova","article_modified_time":"2026-04-07T20:00:27+00:00","og_image":[{"width":230,"height":216,"url":"https:\/\/solardorosario.com.br\/galeria\/wp-content\/uploads\/2021\/04\/2745-scaled-e1619785874565.jpeg","type":"image\/jpeg"}],"twitter_card":"summary_large_image","twitter_misc":{"Est. tempo de leitura":"1 minuto"},"schema":{"@context":"https:\/\/schema.org","@graph":[{"@type":"WebPage","@id":"https:\/\/solardorosario.com.br\/galeria\/produto\/marta-facco-cadeira-iii\/","url":"https:\/\/solardorosario.com.br\/galeria\/produto\/marta-facco-cadeira-iii\/","name":"Marta Facco - Cadeira III - Solar do Ros\u00e1rio Galeria \\\\\\\\Nova","isPartOf":{"@id":"https:\/\/solardorosario.com.br\/galeria\/#website"},"primaryImageOfPage":{"@id":"https:\/\/solardorosario.com.br\/galeria\/produto\/marta-facco-cadeira-iii\/#primaryimage"},"image":{"@id":"https:\/\/solardorosario.com.br\/galeria\/produto\/marta-facco-cadeira-iii\/#primaryimage"},"thumbnailUrl":"https:\/\/solardorosario.com.br\/galeria\/wp-content\/uploads\/2021\/04\/2745-scaled-e1619785874565.jpeg","datePublished":"2021-04-30T12:31:25+00:00","dateModified":"2026-04-07T20:00:27+00:00","breadcrumb":{"@id":"https:\/\/solardorosario.com.br\/galeria\/produto\/marta-facco-cadeira-iii\/#breadcrumb"},"inLanguage":"pt-BR","potentialAction":[{"@type":"ReadAction","target":["https:\/\/solardorosario.com.br\/galeria\/produto\/marta-facco-cadeira-iii\/"]}]},{"@type":"ImageObject","inLanguage":"pt-BR","@id":"https:\/\/solardorosario.com.br\/galeria\/produto\/marta-facco-cadeira-iii\/#primaryimage","url":"https:\/\/solardorosario.com.br\/galeria\/wp-content\/uploads\/2021\/04\/2745-scaled-e1619785874565.jpeg","contentUrl":"https:\/\/solardorosario.com.br\/galeria\/wp-content\/uploads\/2021\/04\/2745-scaled-e1619785874565.jpeg","width":230,"height":216},{"@type":"BreadcrumbList","@id":"https:\/\/solardorosario.com.br\/galeria\/produto\/marta-facco-cadeira-iii\/#breadcrumb","itemListElement":[{"@type":"ListItem","position":1,"name":"In\u00edcio","item":"https:\/\/solardorosario.com.br\/galeria\/"},{"@type":"ListItem","position":2,"name":"galeria","item":"https:\/\/solardorosario.com.br\/galeria\/galeria\/"},{"@type":"ListItem","position":3,"name":"Marta Facco - Cadeira III"}]},{"@type":"WebSite","@id":"https:\/\/solardorosario.com.br\/galeria\/#website","url":"https:\/\/solardorosario.com.br\/galeria\/","name":"Solar do Ros\u00e1rio Galeria \\\\\\\\Nova","description":"","potentialAction":[{"@type":"SearchAction","target":{"@type":"EntryPoint","urlTemplate":"https:\/\/solardorosario.com.br\/galeria\/?s={search_term_string}"},"query-input":{"@type":"PropertyValueSpecification","valueRequired":true,"valueName":"search_term_string"}}],"inLanguage":"pt-BR"}]}},"_links":{"self":[{"href":"https:\/\/solardorosario.com.br\/galeria\/wp-json\/wp\/v2\/product\/2089","targetHints":{"allow":["GET"]}}],"collection":[{"href":"https:\/\/solardorosario.com.br\/galeria\/wp-json\/wp\/v2\/product"}],"about":[{"href":"https:\/\/solardorosario.com.br\/galeria\/wp-json\/wp\/v2\/types\/product"}],"wp:featuredmedia":[{"embeddable":true,"href":"https:\/\/solardorosario.com.br\/galeria\/wp-json\/wp\/v2\/media\/2090"}],"wp:attachment":[{"href":"https:\/\/solardorosario.com.br\/galeria\/wp-json\/wp\/v2\/media?parent=2089"}],"wp:term":[{"taxonomy":"product_brand","embeddable":true,"href":"https:\/\/solardorosario.com.br\/galeria\/wp-json\/wp\/v2\/product_brand?post=2089"},{"taxonomy":"product_cat","embeddable":true,"href":"https:\/\/solardorosario.com.br\/galeria\/wp-json\/wp\/v2\/product_cat?post=2089"},{"taxonomy":"product_tag","embeddable":true,"href":"https:\/\/solardorosario.com.br\/galeria\/wp-json\/wp\/v2\/product_tag?post=2089"}],"curies":[{"name":"wp","href":"https:\/\/api.w.org\/{rel}","templated":true}]}}