{"id":2080,"date":"2024-04-26T16:34:50","date_gmt":"2024-04-26T19:34:50","guid":{"rendered":"https:\/\/solardorosario.com.br\/galerianova\/?post_type=product&#038;p=2080"},"modified":"2026-01-20T15:29:28","modified_gmt":"2026-01-20T18:29:28","slug":"ruben-esmanhotto-flores-com-natureza-morta","status":"publish","type":"product","link":"https:\/\/solardorosario.com.br\/galeria\/produto\/ruben-esmanhotto-flores-com-natureza-morta\/","title":{"rendered":"Ruben Esmanhotto -  Flores com natureza morta"},"content":{"rendered":"<p><strong>Artista:<\/strong> Ruben Esmanhotto<\/p>\n<p><strong>Titulo:<\/strong> Flores com natureza morta<\/p>\n<p><strong>Dimens\u00e3o:<\/strong> 60x80cm<\/p>\n<p><strong>T\u00e9cnica:<\/strong> Mista sobre tela<\/p>\n<p>&nbsp;<\/p>\n<p>&nbsp;<\/p>\n<p>Ruben Esmanhotto era um artista visual e gravurista, nascido em 1954, em Curitiba - Paran\u00e1 (1954-2015). Era autodidata, e desde crian\u00e7a j\u00e1 desenhava, impulsionado pela Escolinha de Artes do Col\u00e9gio Estadual do Paran\u00e1 (CEP). Desde 1967, fazia exposi\u00e7\u00f5es coletivas, como a exposi\u00e7\u00e3o da Escola de Artes do CEP em cidades da Inglaterra e Su\u00ed\u00e7a. Em 1972, participou do III Festival de Artes Colegial, em Porto Alegre - RS. Em 1975, participou do IV Sal\u00e3o de Jovens Artistas. Em 1979, fez parte do 36\u00ba Sal\u00e3o Paranaense, em Curitiba. Em 1986, participou do II Sal\u00e3o de Arte Jovem \"Helena Rubinstein\" que aconteceu no Museu de Arte de S\u00e3o Paulo Assis Chateaubriand (MASP) em S\u00e3o Paulo e em Toulouse, na Fran\u00e7a. Em 2000, fez parte do livro \"Pintores Contempor\u00e2neos do Paran\u00e1 volume I\". Fez diversas exposi\u00e7\u00f5es individuais, como a de 1977, no Centro Cultural Brasil-Estados Unidos, em Curitiba. Al\u00e9m de Curitiba, exp\u00f4s em Bras\u00edlia, Rio de Janeiro, Florian\u00f3polis, S\u00e3o Paulo, Foz do Igua\u00e7u e Cabo Frio.<\/p>\n","protected":false},"excerpt":{"rendered":"<p>Artista: Ruben Esmanhotto Titulo: Flores com natureza morta Dimens\u00e3o: 60x80cm T\u00e9cnica: Mista sobre tela &nbsp; &nbsp; Ruben Esmanhotto era um artista visual e gravurista, nascido em 1954, em Curitiba - Paran\u00e1 (1954-2015). Era autodidata, e desde crian\u00e7a j\u00e1 desenhava, impulsionado pela Escolinha de Artes do Col\u00e9gio Estadual do Paran\u00e1 (CEP). Desde 1967, fazia exposi\u00e7\u00f5es coletivas, [&hellip;]<\/p>\n","protected":false},"featured_media":4780,"template":"","meta":[],"product_brand":[],"product_cat":[117],"product_tag":[],"class_list":{"0":"post-2080","1":"product","2":"type-product","3":"status-publish","4":"has-post-thumbnail","6":"product_cat-galeria","7":"pa_artista-ruben-esmanhotto","8":"pa_estilo-figurativo","9":"pa_estilo-natureza-morta","10":"pa_tecnica-mista-sobre-tela","12":"first","13":"instock","14":"shipping-taxable","15":"purchasable","16":"product-type-simple"},"yoast_head":"<!-- This site is optimized with the Yoast SEO plugin v27.4 - https:\/\/yoast.com\/product\/yoast-seo-wordpress\/ -->\n<title>Ruben Esmanhotto - Flores com natureza morta - Solar do Ros\u00e1rio Galeria \\\\\\\\Nova<\/title>\n<meta name=\"robots\" content=\"index, follow, max-snippet:-1, max-image-preview:large, max-video-preview:-1\" \/>\n<link rel=\"canonical\" href=\"https:\/\/solardorosario.com.br\/galeria\/produto\/ruben-esmanhotto-flores-com-natureza-morta\/\" \/>\n<meta property=\"og:locale\" content=\"pt_BR\" \/>\n<meta property=\"og:type\" content=\"article\" \/>\n<meta property=\"og:title\" content=\"Ruben Esmanhotto - Flores com natureza morta - Solar do Ros\u00e1rio Galeria \\\\\\\\Nova\" \/>\n<meta property=\"og:description\" content=\"Artista: Ruben Esmanhotto Titulo: Flores com natureza morta Dimens\u00e3o: 60x80cm T\u00e9cnica: Mista sobre tela &nbsp; &nbsp; Ruben Esmanhotto era um artista visual e gravurista, nascido em 1954, em Curitiba - Paran\u00e1 (1954-2015). Era autodidata, e desde crian\u00e7a j\u00e1 desenhava, impulsionado pela Escolinha de Artes do Col\u00e9gio Estadual do Paran\u00e1 (CEP). Desde 1967, fazia exposi\u00e7\u00f5es coletivas, [&hellip;]\" \/>\n<meta property=\"og:url\" content=\"https:\/\/solardorosario.com.br\/galeria\/produto\/ruben-esmanhotto-flores-com-natureza-morta\/\" \/>\n<meta property=\"og:site_name\" content=\"Solar do Ros\u00e1rio Galeria \\\\\\\\Nova\" \/>\n<meta property=\"article:modified_time\" content=\"2026-01-20T18:29:28+00:00\" \/>\n<meta property=\"og:image\" content=\"https:\/\/solardorosario.com.br\/galeria\/wp-content\/uploads\/2024\/04\/IMG_8552.jpeg\" \/>\n\t<meta property=\"og:image:width\" content=\"2162\" \/>\n\t<meta property=\"og:image:height\" content=\"1454\" \/>\n\t<meta property=\"og:image:type\" content=\"image\/jpeg\" \/>\n<meta name=\"twitter:card\" content=\"summary_large_image\" \/>\n<meta name=\"twitter:label1\" content=\"Est. tempo de leitura\" \/>\n\t<meta name=\"twitter:data1\" content=\"2 minutos\" \/>\n<script type=\"application\/ld+json\" class=\"yoast-schema-graph\">{\"@context\":\"https:\\\/\\\/schema.org\",\"@graph\":[{\"@type\":\"WebPage\",\"@id\":\"https:\\\/\\\/solardorosario.com.br\\\/galeria\\\/produto\\\/ruben-esmanhotto-flores-com-natureza-morta\\\/\",\"url\":\"https:\\\/\\\/solardorosario.com.br\\\/galeria\\\/produto\\\/ruben-esmanhotto-flores-com-natureza-morta\\\/\",\"name\":\"Ruben Esmanhotto - Flores com natureza morta - Solar do Ros\u00e1rio Galeria \\\\\\\\\\\\\\\\Nova\",\"isPartOf\":{\"@id\":\"https:\\\/\\\/solardorosario.com.br\\\/galeria\\\/#website\"},\"primaryImageOfPage\":{\"@id\":\"https:\\\/\\\/solardorosario.com.br\\\/galeria\\\/produto\\\/ruben-esmanhotto-flores-com-natureza-morta\\\/#primaryimage\"},\"image\":{\"@id\":\"https:\\\/\\\/solardorosario.com.br\\\/galeria\\\/produto\\\/ruben-esmanhotto-flores-com-natureza-morta\\\/#primaryimage\"},\"thumbnailUrl\":\"https:\\\/\\\/solardorosario.com.br\\\/galeria\\\/wp-content\\\/uploads\\\/2024\\\/04\\\/IMG_8552.jpeg\",\"datePublished\":\"2024-04-26T19:34:50+00:00\",\"dateModified\":\"2026-01-20T18:29:28+00:00\",\"breadcrumb\":{\"@id\":\"https:\\\/\\\/solardorosario.com.br\\\/galeria\\\/produto\\\/ruben-esmanhotto-flores-com-natureza-morta\\\/#breadcrumb\"},\"inLanguage\":\"pt-BR\",\"potentialAction\":[{\"@type\":\"ReadAction\",\"target\":[\"https:\\\/\\\/solardorosario.com.br\\\/galeria\\\/produto\\\/ruben-esmanhotto-flores-com-natureza-morta\\\/\"]}]},{\"@type\":\"ImageObject\",\"inLanguage\":\"pt-BR\",\"@id\":\"https:\\\/\\\/solardorosario.com.br\\\/galeria\\\/produto\\\/ruben-esmanhotto-flores-com-natureza-morta\\\/#primaryimage\",\"url\":\"https:\\\/\\\/solardorosario.com.br\\\/galeria\\\/wp-content\\\/uploads\\\/2024\\\/04\\\/IMG_8552.jpeg\",\"contentUrl\":\"https:\\\/\\\/solardorosario.com.br\\\/galeria\\\/wp-content\\\/uploads\\\/2024\\\/04\\\/IMG_8552.jpeg\",\"width\":2162,\"height\":1454},{\"@type\":\"BreadcrumbList\",\"@id\":\"https:\\\/\\\/solardorosario.com.br\\\/galeria\\\/produto\\\/ruben-esmanhotto-flores-com-natureza-morta\\\/#breadcrumb\",\"itemListElement\":[{\"@type\":\"ListItem\",\"position\":1,\"name\":\"In\u00edcio\",\"item\":\"https:\\\/\\\/solardorosario.com.br\\\/galeria\\\/\"},{\"@type\":\"ListItem\",\"position\":2,\"name\":\"galeria\",\"item\":\"https:\\\/\\\/solardorosario.com.br\\\/galeria\\\/galeria\\\/\"},{\"@type\":\"ListItem\",\"position\":3,\"name\":\"Ruben Esmanhotto - Flores com natureza morta\"}]},{\"@type\":\"WebSite\",\"@id\":\"https:\\\/\\\/solardorosario.com.br\\\/galeria\\\/#website\",\"url\":\"https:\\\/\\\/solardorosario.com.br\\\/galeria\\\/\",\"name\":\"Solar do Ros\u00e1rio Galeria \\\\\\\\\\\\\\\\Nova\",\"description\":\"\",\"potentialAction\":[{\"@type\":\"SearchAction\",\"target\":{\"@type\":\"EntryPoint\",\"urlTemplate\":\"https:\\\/\\\/solardorosario.com.br\\\/galeria\\\/?s={search_term_string}\"},\"query-input\":{\"@type\":\"PropertyValueSpecification\",\"valueRequired\":true,\"valueName\":\"search_term_string\"}}],\"inLanguage\":\"pt-BR\"}]}<\/script>\n<!-- \/ Yoast SEO plugin. -->","yoast_head_json":{"title":"Ruben Esmanhotto - Flores com natureza morta - Solar do Ros\u00e1rio Galeria \\\\\\\\Nova","robots":{"index":"index","follow":"follow","max-snippet":"max-snippet:-1","max-image-preview":"max-image-preview:large","max-video-preview":"max-video-preview:-1"},"canonical":"https:\/\/solardorosario.com.br\/galeria\/produto\/ruben-esmanhotto-flores-com-natureza-morta\/","og_locale":"pt_BR","og_type":"article","og_title":"Ruben Esmanhotto - Flores com natureza morta - Solar do Ros\u00e1rio Galeria \\\\\\\\Nova","og_description":"Artista: Ruben Esmanhotto Titulo: Flores com natureza morta Dimens\u00e3o: 60x80cm T\u00e9cnica: Mista sobre tela &nbsp; &nbsp; Ruben Esmanhotto era um artista visual e gravurista, nascido em 1954, em Curitiba - Paran\u00e1 (1954-2015). Era autodidata, e desde crian\u00e7a j\u00e1 desenhava, impulsionado pela Escolinha de Artes do Col\u00e9gio Estadual do Paran\u00e1 (CEP). Desde 1967, fazia exposi\u00e7\u00f5es coletivas, [&hellip;]","og_url":"https:\/\/solardorosario.com.br\/galeria\/produto\/ruben-esmanhotto-flores-com-natureza-morta\/","og_site_name":"Solar do Ros\u00e1rio Galeria \\\\\\\\Nova","article_modified_time":"2026-01-20T18:29:28+00:00","og_image":[{"width":2162,"height":1454,"url":"https:\/\/solardorosario.com.br\/galeria\/wp-content\/uploads\/2024\/04\/IMG_8552.jpeg","type":"image\/jpeg"}],"twitter_card":"summary_large_image","twitter_misc":{"Est. tempo de leitura":"2 minutos"},"schema":{"@context":"https:\/\/schema.org","@graph":[{"@type":"WebPage","@id":"https:\/\/solardorosario.com.br\/galeria\/produto\/ruben-esmanhotto-flores-com-natureza-morta\/","url":"https:\/\/solardorosario.com.br\/galeria\/produto\/ruben-esmanhotto-flores-com-natureza-morta\/","name":"Ruben Esmanhotto - Flores com natureza morta - Solar do Ros\u00e1rio Galeria \\\\\\\\Nova","isPartOf":{"@id":"https:\/\/solardorosario.com.br\/galeria\/#website"},"primaryImageOfPage":{"@id":"https:\/\/solardorosario.com.br\/galeria\/produto\/ruben-esmanhotto-flores-com-natureza-morta\/#primaryimage"},"image":{"@id":"https:\/\/solardorosario.com.br\/galeria\/produto\/ruben-esmanhotto-flores-com-natureza-morta\/#primaryimage"},"thumbnailUrl":"https:\/\/solardorosario.com.br\/galeria\/wp-content\/uploads\/2024\/04\/IMG_8552.jpeg","datePublished":"2024-04-26T19:34:50+00:00","dateModified":"2026-01-20T18:29:28+00:00","breadcrumb":{"@id":"https:\/\/solardorosario.com.br\/galeria\/produto\/ruben-esmanhotto-flores-com-natureza-morta\/#breadcrumb"},"inLanguage":"pt-BR","potentialAction":[{"@type":"ReadAction","target":["https:\/\/solardorosario.com.br\/galeria\/produto\/ruben-esmanhotto-flores-com-natureza-morta\/"]}]},{"@type":"ImageObject","inLanguage":"pt-BR","@id":"https:\/\/solardorosario.com.br\/galeria\/produto\/ruben-esmanhotto-flores-com-natureza-morta\/#primaryimage","url":"https:\/\/solardorosario.com.br\/galeria\/wp-content\/uploads\/2024\/04\/IMG_8552.jpeg","contentUrl":"https:\/\/solardorosario.com.br\/galeria\/wp-content\/uploads\/2024\/04\/IMG_8552.jpeg","width":2162,"height":1454},{"@type":"BreadcrumbList","@id":"https:\/\/solardorosario.com.br\/galeria\/produto\/ruben-esmanhotto-flores-com-natureza-morta\/#breadcrumb","itemListElement":[{"@type":"ListItem","position":1,"name":"In\u00edcio","item":"https:\/\/solardorosario.com.br\/galeria\/"},{"@type":"ListItem","position":2,"name":"galeria","item":"https:\/\/solardorosario.com.br\/galeria\/galeria\/"},{"@type":"ListItem","position":3,"name":"Ruben Esmanhotto - Flores com natureza morta"}]},{"@type":"WebSite","@id":"https:\/\/solardorosario.com.br\/galeria\/#website","url":"https:\/\/solardorosario.com.br\/galeria\/","name":"Solar do Ros\u00e1rio Galeria \\\\\\\\Nova","description":"","potentialAction":[{"@type":"SearchAction","target":{"@type":"EntryPoint","urlTemplate":"https:\/\/solardorosario.com.br\/galeria\/?s={search_term_string}"},"query-input":{"@type":"PropertyValueSpecification","valueRequired":true,"valueName":"search_term_string"}}],"inLanguage":"pt-BR"}]}},"_links":{"self":[{"href":"https:\/\/solardorosario.com.br\/galeria\/wp-json\/wp\/v2\/product\/2080","targetHints":{"allow":["GET"]}}],"collection":[{"href":"https:\/\/solardorosario.com.br\/galeria\/wp-json\/wp\/v2\/product"}],"about":[{"href":"https:\/\/solardorosario.com.br\/galeria\/wp-json\/wp\/v2\/types\/product"}],"wp:featuredmedia":[{"embeddable":true,"href":"https:\/\/solardorosario.com.br\/galeria\/wp-json\/wp\/v2\/media\/4780"}],"wp:attachment":[{"href":"https:\/\/solardorosario.com.br\/galeria\/wp-json\/wp\/v2\/media?parent=2080"}],"wp:term":[{"taxonomy":"product_brand","embeddable":true,"href":"https:\/\/solardorosario.com.br\/galeria\/wp-json\/wp\/v2\/product_brand?post=2080"},{"taxonomy":"product_cat","embeddable":true,"href":"https:\/\/solardorosario.com.br\/galeria\/wp-json\/wp\/v2\/product_cat?post=2080"},{"taxonomy":"product_tag","embeddable":true,"href":"https:\/\/solardorosario.com.br\/galeria\/wp-json\/wp\/v2\/product_tag?post=2080"}],"curies":[{"name":"wp","href":"https:\/\/api.w.org\/{rel}","templated":true}]}}