{"id":2052,"date":"2021-04-29T15:05:12","date_gmt":"2021-04-29T18:05:12","guid":{"rendered":"https:\/\/solardorosario.com.br\/galerianova\/?post_type=product&#038;p=2052"},"modified":"2026-04-07T16:48:08","modified_gmt":"2026-04-07T19:48:08","slug":"marilene-zanchet-sem-titulo","status":"publish","type":"product","link":"https:\/\/solardorosario.com.br\/galeria\/produto\/marilene-zanchet-sem-titulo\/","title":{"rendered":"Marilene Zanchett \u2013 Sem T\u00edtulo"},"content":{"rendered":"<p><strong>Artista:<\/strong> Marilene Zanchett<\/p>\n<p><strong>T\u00edtulo:<\/strong> Sem T\u00edtulo<\/p>\n<p><strong>Dimens\u00e3o:<\/strong> 40x40cm<\/p>\n<p><strong>T\u00e9cnica:<\/strong> \u00d3leo espatulado sobre tela<\/p>\n<p>&nbsp;<\/p>\n<p>&nbsp;<\/p>\n<p>Marilene Zanchett nasceu em Curitibanos, em 1963. Se formou pela Escola de M\u00fasica e Belas Artes do Paran\u00e1, em 1991. Frequentou o Ateli\u00ea Livre de Arte Contempor\u00e2nea com Ed\u00edlson Viriato at\u00e9 2011. J\u00e1 participou de exposi\u00e7\u00f5es individuais em Curitiba, como a do SESC da Esquina, em 2004. Das exposi\u00e7\u00f5es coletivas e sal\u00f5es de arte, al\u00e9m de em v\u00e1rias cidades como Curitiba, Ponta Grossa, Castro, Brodowski, Paranagu\u00e1, Cascavel, Foz do Igua\u00e7u, Blumenau, Piracicaba, Santa B\u00e1rbara d'Oeste, Vinhedo, tamb\u00e9m participou da V Certamen Internacional de Artes Pl\u00e1sticas Aires de C\u00f3rdoba, na Espanha, em 2005, na La Casa do Brasil, no mesmo ano e em 2006, na Fundaci\u00f3n R\u00f4mulo Raggio, em Buenos Aires. J\u00e1 recebeu pr\u00eamios como o Pr\u00eamio Aquisi\u00e7\u00e3o Governo do Estado do Paran\u00e1, no 1\u00ba Sal\u00e3o de Artes Pl\u00e1sticas de Ibipor\u00e3, em 2000, a Men\u00e7\u00e3o Honrosa na 1\u00ba Mostra de Arte na C\u00e2mara Municipal de Ponta Grossa, em 2003 e a 2\u00aa ideia em 80x80cm no Jayabujanra Espa\u00e7o de Arte, em 2006.<\/p>\n","protected":false},"excerpt":{"rendered":"<p>Artista: Marilene Zanchett T\u00edtulo: Sem T\u00edtulo Dimens\u00e3o: 40x40cm T\u00e9cnica: \u00d3leo espatulado sobre tela &nbsp; &nbsp; Marilene Zanchett nasceu em Curitibanos, em 1963. Se formou pela Escola de M\u00fasica e Belas Artes do Paran\u00e1, em 1991. Frequentou o Ateli\u00ea Livre de Arte Contempor\u00e2nea com Ed\u00edlson Viriato at\u00e9 2011. J\u00e1 participou de exposi\u00e7\u00f5es individuais em Curitiba, como [&hellip;]<\/p>\n","protected":false},"featured_media":5289,"template":"","meta":[],"product_brand":[],"product_cat":[117],"product_tag":[],"class_list":{"0":"post-2052","1":"product","2":"type-product","3":"status-publish","4":"has-post-thumbnail","6":"product_cat-galeria","7":"pa_artista-marilene-zanchett","8":"pa_estilo-figura-humana","9":"pa_estilo-figurativo","10":"pa_tecnica-oleo-sobre-tela","12":"first","13":"instock","14":"shipping-taxable","15":"purchasable","16":"product-type-simple"},"yoast_head":"<!-- This site is optimized with the Yoast SEO plugin v27.4 - https:\/\/yoast.com\/product\/yoast-seo-wordpress\/ -->\n<title>Marilene Zanchett \u2013 Sem T\u00edtulo - Solar do Ros\u00e1rio Galeria \\\\\\\\Nova<\/title>\n<meta name=\"robots\" content=\"index, follow, max-snippet:-1, max-image-preview:large, max-video-preview:-1\" \/>\n<link rel=\"canonical\" href=\"https:\/\/solardorosario.com.br\/galeria\/produto\/marilene-zanchet-sem-titulo\/\" \/>\n<meta property=\"og:locale\" content=\"pt_BR\" \/>\n<meta property=\"og:type\" content=\"article\" \/>\n<meta property=\"og:title\" content=\"Marilene Zanchett \u2013 Sem T\u00edtulo - Solar do Ros\u00e1rio Galeria \\\\\\\\Nova\" \/>\n<meta property=\"og:description\" content=\"Artista: Marilene Zanchett T\u00edtulo: Sem T\u00edtulo Dimens\u00e3o: 40x40cm T\u00e9cnica: \u00d3leo espatulado sobre tela &nbsp; &nbsp; Marilene Zanchett nasceu em Curitibanos, em 1963. Se formou pela Escola de M\u00fasica e Belas Artes do Paran\u00e1, em 1991. Frequentou o Ateli\u00ea Livre de Arte Contempor\u00e2nea com Ed\u00edlson Viriato at\u00e9 2011. J\u00e1 participou de exposi\u00e7\u00f5es individuais em Curitiba, como [&hellip;]\" \/>\n<meta property=\"og:url\" content=\"https:\/\/solardorosario.com.br\/galeria\/produto\/marilene-zanchet-sem-titulo\/\" \/>\n<meta property=\"og:site_name\" content=\"Solar do Ros\u00e1rio Galeria \\\\\\\\Nova\" \/>\n<meta property=\"article:modified_time\" content=\"2026-04-07T19:48:08+00:00\" \/>\n<meta property=\"og:image\" content=\"https:\/\/solardorosario.com.br\/galeria\/wp-content\/uploads\/2021\/04\/casal-na-bike-1.jpeg\" \/>\n\t<meta property=\"og:image:width\" content=\"484\" \/>\n\t<meta property=\"og:image:height\" content=\"356\" \/>\n\t<meta property=\"og:image:type\" content=\"image\/jpeg\" \/>\n<meta name=\"twitter:card\" content=\"summary_large_image\" \/>\n<meta name=\"twitter:label1\" content=\"Est. tempo de leitura\" \/>\n\t<meta name=\"twitter:data1\" content=\"2 minutos\" \/>\n<script type=\"application\/ld+json\" class=\"yoast-schema-graph\">{\"@context\":\"https:\\\/\\\/schema.org\",\"@graph\":[{\"@type\":\"WebPage\",\"@id\":\"https:\\\/\\\/solardorosario.com.br\\\/galeria\\\/produto\\\/marilene-zanchet-sem-titulo\\\/\",\"url\":\"https:\\\/\\\/solardorosario.com.br\\\/galeria\\\/produto\\\/marilene-zanchet-sem-titulo\\\/\",\"name\":\"Marilene Zanchett \u2013 Sem T\u00edtulo - Solar do Ros\u00e1rio Galeria \\\\\\\\\\\\\\\\Nova\",\"isPartOf\":{\"@id\":\"https:\\\/\\\/solardorosario.com.br\\\/galeria\\\/#website\"},\"primaryImageOfPage\":{\"@id\":\"https:\\\/\\\/solardorosario.com.br\\\/galeria\\\/produto\\\/marilene-zanchet-sem-titulo\\\/#primaryimage\"},\"image\":{\"@id\":\"https:\\\/\\\/solardorosario.com.br\\\/galeria\\\/produto\\\/marilene-zanchet-sem-titulo\\\/#primaryimage\"},\"thumbnailUrl\":\"https:\\\/\\\/solardorosario.com.br\\\/galeria\\\/wp-content\\\/uploads\\\/2021\\\/04\\\/casal-na-bike-1.jpeg\",\"datePublished\":\"2021-04-29T18:05:12+00:00\",\"dateModified\":\"2026-04-07T19:48:08+00:00\",\"breadcrumb\":{\"@id\":\"https:\\\/\\\/solardorosario.com.br\\\/galeria\\\/produto\\\/marilene-zanchet-sem-titulo\\\/#breadcrumb\"},\"inLanguage\":\"pt-BR\",\"potentialAction\":[{\"@type\":\"ReadAction\",\"target\":[\"https:\\\/\\\/solardorosario.com.br\\\/galeria\\\/produto\\\/marilene-zanchet-sem-titulo\\\/\"]}]},{\"@type\":\"ImageObject\",\"inLanguage\":\"pt-BR\",\"@id\":\"https:\\\/\\\/solardorosario.com.br\\\/galeria\\\/produto\\\/marilene-zanchet-sem-titulo\\\/#primaryimage\",\"url\":\"https:\\\/\\\/solardorosario.com.br\\\/galeria\\\/wp-content\\\/uploads\\\/2021\\\/04\\\/casal-na-bike-1.jpeg\",\"contentUrl\":\"https:\\\/\\\/solardorosario.com.br\\\/galeria\\\/wp-content\\\/uploads\\\/2021\\\/04\\\/casal-na-bike-1.jpeg\",\"width\":484,\"height\":356},{\"@type\":\"BreadcrumbList\",\"@id\":\"https:\\\/\\\/solardorosario.com.br\\\/galeria\\\/produto\\\/marilene-zanchet-sem-titulo\\\/#breadcrumb\",\"itemListElement\":[{\"@type\":\"ListItem\",\"position\":1,\"name\":\"In\u00edcio\",\"item\":\"https:\\\/\\\/solardorosario.com.br\\\/galeria\\\/\"},{\"@type\":\"ListItem\",\"position\":2,\"name\":\"galeria\",\"item\":\"https:\\\/\\\/solardorosario.com.br\\\/galeria\\\/galeria\\\/\"},{\"@type\":\"ListItem\",\"position\":3,\"name\":\"Marilene Zanchett \u2013 Sem T\u00edtulo\"}]},{\"@type\":\"WebSite\",\"@id\":\"https:\\\/\\\/solardorosario.com.br\\\/galeria\\\/#website\",\"url\":\"https:\\\/\\\/solardorosario.com.br\\\/galeria\\\/\",\"name\":\"Solar do Ros\u00e1rio Galeria \\\\\\\\\\\\\\\\Nova\",\"description\":\"\",\"potentialAction\":[{\"@type\":\"SearchAction\",\"target\":{\"@type\":\"EntryPoint\",\"urlTemplate\":\"https:\\\/\\\/solardorosario.com.br\\\/galeria\\\/?s={search_term_string}\"},\"query-input\":{\"@type\":\"PropertyValueSpecification\",\"valueRequired\":true,\"valueName\":\"search_term_string\"}}],\"inLanguage\":\"pt-BR\"}]}<\/script>\n<!-- \/ Yoast SEO plugin. -->","yoast_head_json":{"title":"Marilene Zanchett \u2013 Sem T\u00edtulo - Solar do Ros\u00e1rio Galeria \\\\\\\\Nova","robots":{"index":"index","follow":"follow","max-snippet":"max-snippet:-1","max-image-preview":"max-image-preview:large","max-video-preview":"max-video-preview:-1"},"canonical":"https:\/\/solardorosario.com.br\/galeria\/produto\/marilene-zanchet-sem-titulo\/","og_locale":"pt_BR","og_type":"article","og_title":"Marilene Zanchett \u2013 Sem T\u00edtulo - Solar do Ros\u00e1rio Galeria \\\\\\\\Nova","og_description":"Artista: Marilene Zanchett T\u00edtulo: Sem T\u00edtulo Dimens\u00e3o: 40x40cm T\u00e9cnica: \u00d3leo espatulado sobre tela &nbsp; &nbsp; Marilene Zanchett nasceu em Curitibanos, em 1963. Se formou pela Escola de M\u00fasica e Belas Artes do Paran\u00e1, em 1991. Frequentou o Ateli\u00ea Livre de Arte Contempor\u00e2nea com Ed\u00edlson Viriato at\u00e9 2011. J\u00e1 participou de exposi\u00e7\u00f5es individuais em Curitiba, como [&hellip;]","og_url":"https:\/\/solardorosario.com.br\/galeria\/produto\/marilene-zanchet-sem-titulo\/","og_site_name":"Solar do Ros\u00e1rio Galeria \\\\\\\\Nova","article_modified_time":"2026-04-07T19:48:08+00:00","og_image":[{"width":484,"height":356,"url":"https:\/\/solardorosario.com.br\/galeria\/wp-content\/uploads\/2021\/04\/casal-na-bike-1.jpeg","type":"image\/jpeg"}],"twitter_card":"summary_large_image","twitter_misc":{"Est. tempo de leitura":"2 minutos"},"schema":{"@context":"https:\/\/schema.org","@graph":[{"@type":"WebPage","@id":"https:\/\/solardorosario.com.br\/galeria\/produto\/marilene-zanchet-sem-titulo\/","url":"https:\/\/solardorosario.com.br\/galeria\/produto\/marilene-zanchet-sem-titulo\/","name":"Marilene Zanchett \u2013 Sem T\u00edtulo - Solar do Ros\u00e1rio Galeria \\\\\\\\Nova","isPartOf":{"@id":"https:\/\/solardorosario.com.br\/galeria\/#website"},"primaryImageOfPage":{"@id":"https:\/\/solardorosario.com.br\/galeria\/produto\/marilene-zanchet-sem-titulo\/#primaryimage"},"image":{"@id":"https:\/\/solardorosario.com.br\/galeria\/produto\/marilene-zanchet-sem-titulo\/#primaryimage"},"thumbnailUrl":"https:\/\/solardorosario.com.br\/galeria\/wp-content\/uploads\/2021\/04\/casal-na-bike-1.jpeg","datePublished":"2021-04-29T18:05:12+00:00","dateModified":"2026-04-07T19:48:08+00:00","breadcrumb":{"@id":"https:\/\/solardorosario.com.br\/galeria\/produto\/marilene-zanchet-sem-titulo\/#breadcrumb"},"inLanguage":"pt-BR","potentialAction":[{"@type":"ReadAction","target":["https:\/\/solardorosario.com.br\/galeria\/produto\/marilene-zanchet-sem-titulo\/"]}]},{"@type":"ImageObject","inLanguage":"pt-BR","@id":"https:\/\/solardorosario.com.br\/galeria\/produto\/marilene-zanchet-sem-titulo\/#primaryimage","url":"https:\/\/solardorosario.com.br\/galeria\/wp-content\/uploads\/2021\/04\/casal-na-bike-1.jpeg","contentUrl":"https:\/\/solardorosario.com.br\/galeria\/wp-content\/uploads\/2021\/04\/casal-na-bike-1.jpeg","width":484,"height":356},{"@type":"BreadcrumbList","@id":"https:\/\/solardorosario.com.br\/galeria\/produto\/marilene-zanchet-sem-titulo\/#breadcrumb","itemListElement":[{"@type":"ListItem","position":1,"name":"In\u00edcio","item":"https:\/\/solardorosario.com.br\/galeria\/"},{"@type":"ListItem","position":2,"name":"galeria","item":"https:\/\/solardorosario.com.br\/galeria\/galeria\/"},{"@type":"ListItem","position":3,"name":"Marilene Zanchett \u2013 Sem T\u00edtulo"}]},{"@type":"WebSite","@id":"https:\/\/solardorosario.com.br\/galeria\/#website","url":"https:\/\/solardorosario.com.br\/galeria\/","name":"Solar do Ros\u00e1rio Galeria \\\\\\\\Nova","description":"","potentialAction":[{"@type":"SearchAction","target":{"@type":"EntryPoint","urlTemplate":"https:\/\/solardorosario.com.br\/galeria\/?s={search_term_string}"},"query-input":{"@type":"PropertyValueSpecification","valueRequired":true,"valueName":"search_term_string"}}],"inLanguage":"pt-BR"}]}},"_links":{"self":[{"href":"https:\/\/solardorosario.com.br\/galeria\/wp-json\/wp\/v2\/product\/2052","targetHints":{"allow":["GET"]}}],"collection":[{"href":"https:\/\/solardorosario.com.br\/galeria\/wp-json\/wp\/v2\/product"}],"about":[{"href":"https:\/\/solardorosario.com.br\/galeria\/wp-json\/wp\/v2\/types\/product"}],"wp:featuredmedia":[{"embeddable":true,"href":"https:\/\/solardorosario.com.br\/galeria\/wp-json\/wp\/v2\/media\/5289"}],"wp:attachment":[{"href":"https:\/\/solardorosario.com.br\/galeria\/wp-json\/wp\/v2\/media?parent=2052"}],"wp:term":[{"taxonomy":"product_brand","embeddable":true,"href":"https:\/\/solardorosario.com.br\/galeria\/wp-json\/wp\/v2\/product_brand?post=2052"},{"taxonomy":"product_cat","embeddable":true,"href":"https:\/\/solardorosario.com.br\/galeria\/wp-json\/wp\/v2\/product_cat?post=2052"},{"taxonomy":"product_tag","embeddable":true,"href":"https:\/\/solardorosario.com.br\/galeria\/wp-json\/wp\/v2\/product_tag?post=2052"}],"curies":[{"name":"wp","href":"https:\/\/api.w.org\/{rel}","templated":true}]}}