{"id":2010,"date":"2021-04-28T10:08:28","date_gmt":"2021-04-28T13:08:28","guid":{"rendered":"https:\/\/solardorosario.com.br\/galerianova\/?post_type=product&#038;p=2010"},"modified":"2026-03-23T14:03:23","modified_gmt":"2026-03-23T17:03:23","slug":"domicio-pedroso-sem-titulo-3","status":"publish","type":"product","link":"https:\/\/solardorosario.com.br\/galeria\/produto\/domicio-pedroso-sem-titulo-3\/","title":{"rendered":"Dom\u00edcio Pedroso \u2013 Sem T\u00edtulo"},"content":{"rendered":"<p><strong>Artista:<\/strong> Dom\u00edcio Pedroso<\/p>\n<p><strong>T\u00edtulo:<\/strong> Sem T\u00edtulo (Marrom)<\/p>\n<p><strong>Dimens\u00e3o:<\/strong> 35x90cm<\/p>\n<p><strong>T\u00e9cnica:<\/strong> \u00d3leo sobre eucatex<\/p>\n<p>&nbsp;<\/p>\n<p>&nbsp;<\/p>\n<p>Nasceu em Curitiba - PR, em 1930. Seu pai era colecionador de obras de artes e trabalhava na Secretaria da Educa\u00e7\u00e3o e Cultura do Paran\u00e1. Estudou na 1\u00aa turma da Escola de M\u00fasica e Belas Artes do Paran\u00e1, em Pintura, em 1948, apesar de j\u00e1 ter iniciado seus estudos art\u00edsticos com o professor Guido Viaro. Em 1949, participou do 1 sal\u00e3o, o II Sal\u00e3o de Belas Artes da Primavera do Clube Conc\u00f3rdia e recebeu uma men\u00e7\u00e3o honrosa por sua obra. Em 1958 realiza sua primeira exposi\u00e7\u00e3o individual, na Biblioteca P\u00fablica do Paran\u00e1. De 1959 a 1962, permanece em Paris, onde se tornou o primeiro brasileiro formado com t\u00e9cnicas audiovisuais no Centre \u00c1udio Visuel de Saint Cloud, com diploma homologado pela UNESCO. Participou de exposi\u00e7\u00f5es, coletivas e individuais e mostras pelo Brasil como Curitiba, Porto Alegre, S\u00e3o Paulo, Rio de Janeiro, Foz do Igua\u00e7u e pelo mundo como na Su\u00ed\u00e7a, Estados Unidos e Jap\u00e3o. Fez parte de comiss\u00f5es j\u00faris, curadorias e deu aulas de planejamento e curadoria.<\/p>\n<p>&nbsp;<\/p>\n<p>A paisagem urbana foi sempre o tema preferido desse artista, que via nos sobrados e nas sobreposi\u00e7\u00f5es das casas das favelas a beleza pl\u00e1stica\u00a0que se apresenta ais olhos do observador, como uma infinidade de linhas e planos formados pelos telhados que se aglomeram e se misturam na paisagem.<\/p>\n<p>Maria Cec\u00edlia Noronha, 2006<\/p>\n<p>Homem de seu tempo, Dom\u00edcio \u00e9 cosmopolita, artista completo e ser humano not\u00e1vel. \u00c9, sem d\u00favida, um dos maiores representantes da arte do Paran\u00e1. Est\u00e1 na hist\u00f3ria da arte paranaense por seus pr\u00f3prios m\u00e9ritos, representando\u00a0uma pl\u00eaiade de artistas que, rompendo com a tradi\u00e7\u00e3o acad\u00eamica, mostrou os caminhos dos novos tempos.<\/p>\n<p>Regina Casillo, 2009<\/p>\n<p>Se voc\u00ea \u00e9 um admirador da obra de Dom\u00edcio Pedroso, n\u00e3o deixe de adquirir o <strong>Livro Dom\u00edcio Pedroso<\/strong>, exclusividade Solar do Ros\u00e1rio, e conhe\u00e7a mais a hist\u00f3ria desse grande artista:<\/p>\n<blockquote class=\"wp-embedded-content\" data-secret=\"TSE4YWva3K\"><p><a href=\"https:\/\/solardorosario.com.br\/galeria\/produto\/domicio-pedroso\/\">Livro - Dom\u00edcio Pedroso<\/a><\/p><\/blockquote>\n<p><iframe loading=\"lazy\" class=\"wp-embedded-content\" sandbox=\"allow-scripts\" security=\"restricted\" style=\"position: absolute; visibility: hidden;\" title=\"&#8220;Livro - Dom\u00edcio Pedroso&#8221; &#8212; Solar do Ros\u00e1rio Galeria \\Nova\" src=\"https:\/\/solardorosario.com.br\/galeria\/produto\/domicio-pedroso\/embed\/#?secret=RQTNCSjWTT#?secret=TSE4YWva3K\" data-secret=\"TSE4YWva3K\" width=\"500\" height=\"282\" frameborder=\"0\" marginwidth=\"0\" marginheight=\"0\" scrolling=\"no\"><\/iframe><\/p>\n","protected":false},"excerpt":{"rendered":"<p>Artista: Dom\u00edcio Pedroso T\u00edtulo: Sem T\u00edtulo (Marrom) Dimens\u00e3o: 35x90cm T\u00e9cnica: \u00d3leo sobre eucatex &nbsp; &nbsp; Nasceu em Curitiba - PR, em 1930. Seu pai era colecionador de obras de artes e trabalhava na Secretaria da Educa\u00e7\u00e3o e Cultura do Paran\u00e1. Estudou na 1\u00aa turma da Escola de M\u00fasica e Belas Artes do Paran\u00e1, em Pintura, [&hellip;]<\/p>\n","protected":false},"featured_media":2644,"template":"","meta":[],"product_brand":[],"product_cat":[117],"product_tag":[],"class_list":{"0":"post-2010","1":"product","2":"type-product","3":"status-publish","4":"has-post-thumbnail","6":"product_cat-galeria","7":"pa_artista-domicio-pedroso","8":"pa_estilo-abstrato","9":"pa_tecnica-oleo-sobre-eucatex","11":"first","12":"instock","13":"shipping-taxable","14":"product-type-simple"},"yoast_head":"<!-- This site is optimized with the Yoast SEO plugin v27.4 - https:\/\/yoast.com\/product\/yoast-seo-wordpress\/ -->\n<title>Dom\u00edcio Pedroso \u2013 Sem T\u00edtulo - Solar do Ros\u00e1rio Galeria \\\\\\\\Nova<\/title>\n<meta name=\"robots\" content=\"index, follow, max-snippet:-1, max-image-preview:large, max-video-preview:-1\" \/>\n<link rel=\"canonical\" href=\"https:\/\/solardorosario.com.br\/galeria\/produto\/domicio-pedroso-sem-titulo-3\/\" \/>\n<meta property=\"og:locale\" content=\"pt_BR\" \/>\n<meta property=\"og:type\" content=\"article\" \/>\n<meta property=\"og:title\" content=\"Dom\u00edcio Pedroso \u2013 Sem T\u00edtulo - Solar do Ros\u00e1rio Galeria \\\\\\\\Nova\" \/>\n<meta property=\"og:description\" content=\"Artista: Dom\u00edcio Pedroso T\u00edtulo: Sem T\u00edtulo (Marrom) Dimens\u00e3o: 35x90cm T\u00e9cnica: \u00d3leo sobre eucatex &nbsp; &nbsp; Nasceu em Curitiba - PR, em 1930. Seu pai era colecionador de obras de artes e trabalhava na Secretaria da Educa\u00e7\u00e3o e Cultura do Paran\u00e1. Estudou na 1\u00aa turma da Escola de M\u00fasica e Belas Artes do Paran\u00e1, em Pintura, [&hellip;]\" \/>\n<meta property=\"og:url\" content=\"https:\/\/solardorosario.com.br\/galeria\/produto\/domicio-pedroso-sem-titulo-3\/\" \/>\n<meta property=\"og:site_name\" content=\"Solar do Ros\u00e1rio Galeria \\\\\\\\Nova\" \/>\n<meta property=\"article:modified_time\" content=\"2026-03-23T17:03:23+00:00\" \/>\n<meta property=\"og:image\" content=\"https:\/\/solardorosario.com.br\/galeria\/wp-content\/uploads\/2021\/04\/IMG_8174-1-scaled-e1622483986802.jpeg\" \/>\n\t<meta property=\"og:image:width\" content=\"500\" \/>\n\t<meta property=\"og:image:height\" content=\"221\" \/>\n\t<meta property=\"og:image:type\" content=\"image\/jpeg\" \/>\n<meta name=\"twitter:card\" content=\"summary_large_image\" \/>\n<meta name=\"twitter:label1\" content=\"Est. tempo de leitura\" \/>\n\t<meta name=\"twitter:data1\" content=\"2 minutos\" \/>\n<script type=\"application\/ld+json\" class=\"yoast-schema-graph\">{\"@context\":\"https:\\\/\\\/schema.org\",\"@graph\":[{\"@type\":\"WebPage\",\"@id\":\"https:\\\/\\\/solardorosario.com.br\\\/galeria\\\/produto\\\/domicio-pedroso-sem-titulo-3\\\/\",\"url\":\"https:\\\/\\\/solardorosario.com.br\\\/galeria\\\/produto\\\/domicio-pedroso-sem-titulo-3\\\/\",\"name\":\"Dom\u00edcio Pedroso \u2013 Sem T\u00edtulo - Solar do Ros\u00e1rio Galeria \\\\\\\\\\\\\\\\Nova\",\"isPartOf\":{\"@id\":\"https:\\\/\\\/solardorosario.com.br\\\/galeria\\\/#website\"},\"primaryImageOfPage\":{\"@id\":\"https:\\\/\\\/solardorosario.com.br\\\/galeria\\\/produto\\\/domicio-pedroso-sem-titulo-3\\\/#primaryimage\"},\"image\":{\"@id\":\"https:\\\/\\\/solardorosario.com.br\\\/galeria\\\/produto\\\/domicio-pedroso-sem-titulo-3\\\/#primaryimage\"},\"thumbnailUrl\":\"https:\\\/\\\/solardorosario.com.br\\\/galeria\\\/wp-content\\\/uploads\\\/2021\\\/04\\\/IMG_8174-1-scaled-e1622483986802.jpeg\",\"datePublished\":\"2021-04-28T13:08:28+00:00\",\"dateModified\":\"2026-03-23T17:03:23+00:00\",\"breadcrumb\":{\"@id\":\"https:\\\/\\\/solardorosario.com.br\\\/galeria\\\/produto\\\/domicio-pedroso-sem-titulo-3\\\/#breadcrumb\"},\"inLanguage\":\"pt-BR\",\"potentialAction\":[{\"@type\":\"ReadAction\",\"target\":[\"https:\\\/\\\/solardorosario.com.br\\\/galeria\\\/produto\\\/domicio-pedroso-sem-titulo-3\\\/\"]}]},{\"@type\":\"ImageObject\",\"inLanguage\":\"pt-BR\",\"@id\":\"https:\\\/\\\/solardorosario.com.br\\\/galeria\\\/produto\\\/domicio-pedroso-sem-titulo-3\\\/#primaryimage\",\"url\":\"https:\\\/\\\/solardorosario.com.br\\\/galeria\\\/wp-content\\\/uploads\\\/2021\\\/04\\\/IMG_8174-1-scaled-e1622483986802.jpeg\",\"contentUrl\":\"https:\\\/\\\/solardorosario.com.br\\\/galeria\\\/wp-content\\\/uploads\\\/2021\\\/04\\\/IMG_8174-1-scaled-e1622483986802.jpeg\",\"width\":500,\"height\":221},{\"@type\":\"BreadcrumbList\",\"@id\":\"https:\\\/\\\/solardorosario.com.br\\\/galeria\\\/produto\\\/domicio-pedroso-sem-titulo-3\\\/#breadcrumb\",\"itemListElement\":[{\"@type\":\"ListItem\",\"position\":1,\"name\":\"In\u00edcio\",\"item\":\"https:\\\/\\\/solardorosario.com.br\\\/galeria\\\/\"},{\"@type\":\"ListItem\",\"position\":2,\"name\":\"galeria\",\"item\":\"https:\\\/\\\/solardorosario.com.br\\\/galeria\\\/galeria\\\/\"},{\"@type\":\"ListItem\",\"position\":3,\"name\":\"Dom\u00edcio Pedroso \u2013 Sem T\u00edtulo\"}]},{\"@type\":\"WebSite\",\"@id\":\"https:\\\/\\\/solardorosario.com.br\\\/galeria\\\/#website\",\"url\":\"https:\\\/\\\/solardorosario.com.br\\\/galeria\\\/\",\"name\":\"Solar do Ros\u00e1rio Galeria \\\\\\\\\\\\\\\\Nova\",\"description\":\"\",\"potentialAction\":[{\"@type\":\"SearchAction\",\"target\":{\"@type\":\"EntryPoint\",\"urlTemplate\":\"https:\\\/\\\/solardorosario.com.br\\\/galeria\\\/?s={search_term_string}\"},\"query-input\":{\"@type\":\"PropertyValueSpecification\",\"valueRequired\":true,\"valueName\":\"search_term_string\"}}],\"inLanguage\":\"pt-BR\"}]}<\/script>\n<!-- \/ Yoast SEO plugin. -->","yoast_head_json":{"title":"Dom\u00edcio Pedroso \u2013 Sem T\u00edtulo - Solar do Ros\u00e1rio Galeria \\\\\\\\Nova","robots":{"index":"index","follow":"follow","max-snippet":"max-snippet:-1","max-image-preview":"max-image-preview:large","max-video-preview":"max-video-preview:-1"},"canonical":"https:\/\/solardorosario.com.br\/galeria\/produto\/domicio-pedroso-sem-titulo-3\/","og_locale":"pt_BR","og_type":"article","og_title":"Dom\u00edcio Pedroso \u2013 Sem T\u00edtulo - Solar do Ros\u00e1rio Galeria \\\\\\\\Nova","og_description":"Artista: Dom\u00edcio Pedroso T\u00edtulo: Sem T\u00edtulo (Marrom) Dimens\u00e3o: 35x90cm T\u00e9cnica: \u00d3leo sobre eucatex &nbsp; &nbsp; Nasceu em Curitiba - PR, em 1930. Seu pai era colecionador de obras de artes e trabalhava na Secretaria da Educa\u00e7\u00e3o e Cultura do Paran\u00e1. Estudou na 1\u00aa turma da Escola de M\u00fasica e Belas Artes do Paran\u00e1, em Pintura, [&hellip;]","og_url":"https:\/\/solardorosario.com.br\/galeria\/produto\/domicio-pedroso-sem-titulo-3\/","og_site_name":"Solar do Ros\u00e1rio Galeria \\\\\\\\Nova","article_modified_time":"2026-03-23T17:03:23+00:00","og_image":[{"width":500,"height":221,"url":"https:\/\/solardorosario.com.br\/galeria\/wp-content\/uploads\/2021\/04\/IMG_8174-1-scaled-e1622483986802.jpeg","type":"image\/jpeg"}],"twitter_card":"summary_large_image","twitter_misc":{"Est. tempo de leitura":"2 minutos"},"schema":{"@context":"https:\/\/schema.org","@graph":[{"@type":"WebPage","@id":"https:\/\/solardorosario.com.br\/galeria\/produto\/domicio-pedroso-sem-titulo-3\/","url":"https:\/\/solardorosario.com.br\/galeria\/produto\/domicio-pedroso-sem-titulo-3\/","name":"Dom\u00edcio Pedroso \u2013 Sem T\u00edtulo - Solar do Ros\u00e1rio Galeria \\\\\\\\Nova","isPartOf":{"@id":"https:\/\/solardorosario.com.br\/galeria\/#website"},"primaryImageOfPage":{"@id":"https:\/\/solardorosario.com.br\/galeria\/produto\/domicio-pedroso-sem-titulo-3\/#primaryimage"},"image":{"@id":"https:\/\/solardorosario.com.br\/galeria\/produto\/domicio-pedroso-sem-titulo-3\/#primaryimage"},"thumbnailUrl":"https:\/\/solardorosario.com.br\/galeria\/wp-content\/uploads\/2021\/04\/IMG_8174-1-scaled-e1622483986802.jpeg","datePublished":"2021-04-28T13:08:28+00:00","dateModified":"2026-03-23T17:03:23+00:00","breadcrumb":{"@id":"https:\/\/solardorosario.com.br\/galeria\/produto\/domicio-pedroso-sem-titulo-3\/#breadcrumb"},"inLanguage":"pt-BR","potentialAction":[{"@type":"ReadAction","target":["https:\/\/solardorosario.com.br\/galeria\/produto\/domicio-pedroso-sem-titulo-3\/"]}]},{"@type":"ImageObject","inLanguage":"pt-BR","@id":"https:\/\/solardorosario.com.br\/galeria\/produto\/domicio-pedroso-sem-titulo-3\/#primaryimage","url":"https:\/\/solardorosario.com.br\/galeria\/wp-content\/uploads\/2021\/04\/IMG_8174-1-scaled-e1622483986802.jpeg","contentUrl":"https:\/\/solardorosario.com.br\/galeria\/wp-content\/uploads\/2021\/04\/IMG_8174-1-scaled-e1622483986802.jpeg","width":500,"height":221},{"@type":"BreadcrumbList","@id":"https:\/\/solardorosario.com.br\/galeria\/produto\/domicio-pedroso-sem-titulo-3\/#breadcrumb","itemListElement":[{"@type":"ListItem","position":1,"name":"In\u00edcio","item":"https:\/\/solardorosario.com.br\/galeria\/"},{"@type":"ListItem","position":2,"name":"galeria","item":"https:\/\/solardorosario.com.br\/galeria\/galeria\/"},{"@type":"ListItem","position":3,"name":"Dom\u00edcio Pedroso \u2013 Sem T\u00edtulo"}]},{"@type":"WebSite","@id":"https:\/\/solardorosario.com.br\/galeria\/#website","url":"https:\/\/solardorosario.com.br\/galeria\/","name":"Solar do Ros\u00e1rio Galeria \\\\\\\\Nova","description":"","potentialAction":[{"@type":"SearchAction","target":{"@type":"EntryPoint","urlTemplate":"https:\/\/solardorosario.com.br\/galeria\/?s={search_term_string}"},"query-input":{"@type":"PropertyValueSpecification","valueRequired":true,"valueName":"search_term_string"}}],"inLanguage":"pt-BR"}]}},"_links":{"self":[{"href":"https:\/\/solardorosario.com.br\/galeria\/wp-json\/wp\/v2\/product\/2010","targetHints":{"allow":["GET"]}}],"collection":[{"href":"https:\/\/solardorosario.com.br\/galeria\/wp-json\/wp\/v2\/product"}],"about":[{"href":"https:\/\/solardorosario.com.br\/galeria\/wp-json\/wp\/v2\/types\/product"}],"wp:featuredmedia":[{"embeddable":true,"href":"https:\/\/solardorosario.com.br\/galeria\/wp-json\/wp\/v2\/media\/2644"}],"wp:attachment":[{"href":"https:\/\/solardorosario.com.br\/galeria\/wp-json\/wp\/v2\/media?parent=2010"}],"wp:term":[{"taxonomy":"product_brand","embeddable":true,"href":"https:\/\/solardorosario.com.br\/galeria\/wp-json\/wp\/v2\/product_brand?post=2010"},{"taxonomy":"product_cat","embeddable":true,"href":"https:\/\/solardorosario.com.br\/galeria\/wp-json\/wp\/v2\/product_cat?post=2010"},{"taxonomy":"product_tag","embeddable":true,"href":"https:\/\/solardorosario.com.br\/galeria\/wp-json\/wp\/v2\/product_tag?post=2010"}],"curies":[{"name":"wp","href":"https:\/\/api.w.org\/{rel}","templated":true}]}}