{"id":2000,"date":"2021-04-28T09:44:38","date_gmt":"2021-04-28T12:44:38","guid":{"rendered":"https:\/\/solardorosario.com.br\/galerianova\/?post_type=product&#038;p=2000"},"modified":"2026-03-25T15:29:27","modified_gmt":"2026-03-25T18:29:27","slug":"helena-wong-sem-titulo","status":"publish","type":"product","link":"https:\/\/solardorosario.com.br\/galeria\/produto\/helena-wong-sem-titulo\/","title":{"rendered":"Helena Wong - Sem T\u00edtulo"},"content":{"rendered":"<p><strong>Artista:<\/strong> Helena Wong<\/p>\n<p><strong>T\u00edtulo:<\/strong> Sem T\u00edtulo<\/p>\n<p><strong>Dimens\u00e3o:<\/strong> 80x65cm<\/p>\n<p><strong>T\u00e9cnica:<\/strong> \u00d3leo sobre tela<\/p>\n<p>&nbsp;<\/p>\n<p>&nbsp;<\/p>\n<p>Yuan Wong Mie nasceu em Pequim, China 1938 e faleceu em Curitiba PR 1990. Era pintora, desenhista e gravadora. Devido a uma doen\u00e7a reum\u00e1tica, foi incentivada pela m\u00e3e a fazer c\u00f3pias de estampas chinesas, a partir de 1943. Em Xangai, em 1974, inicia sua forma\u00e7\u00e3o art\u00edstica estudando pintura na Academia Arco-\u00edris Longo. Em 1990, se muda para o Brasil e frequenta a Escola de M\u00fasica e Belas Artes (EMBAP), al\u00e9m de ateli\u00eas do Circulo de Artes Pl\u00e1sticas. Em 1962, se naturaliza brasileira e faz gravura no Museu de Arte Moderna do Rio de Janeiro (MAM-RJ). No mesmo ano, realiza sua primeira exposi\u00e7\u00e3o, na capital carioca, na Galeria Santa Rosa. A partir de 1972, volta a viver em Curitiba, devido as suas condi\u00e7\u00f5es f\u00edsicas.<\/p>\n","protected":false},"excerpt":{"rendered":"<p>Artista: Helena Wong T\u00edtulo: Sem T\u00edtulo Dimens\u00e3o: 80x65cm T\u00e9cnica: \u00d3leo sobre tela &nbsp; &nbsp; Yuan Wong Mie nasceu em Pequim, China 1938 e faleceu em Curitiba PR 1990. Era pintora, desenhista e gravadora. Devido a uma doen\u00e7a reum\u00e1tica, foi incentivada pela m\u00e3e a fazer c\u00f3pias de estampas chinesas, a partir de 1943. Em Xangai, em [&hellip;]<\/p>\n","protected":false},"featured_media":2001,"template":"","meta":[],"product_brand":[],"product_cat":[117],"product_tag":[],"class_list":{"0":"post-2000","1":"product","2":"type-product","3":"status-publish","4":"has-post-thumbnail","6":"product_cat-galeria","7":"pa_artista-helena-wong","8":"pa_estilo-figurativo-paisagem","9":"pa_tecnica-oleo-sobre-tela","11":"first","12":"instock","13":"shipping-taxable","14":"product-type-simple"},"yoast_head":"<!-- This site is optimized with the Yoast SEO plugin v27.4 - https:\/\/yoast.com\/product\/yoast-seo-wordpress\/ -->\n<title>Helena Wong - Sem T\u00edtulo - Solar do Ros\u00e1rio Galeria \\\\\\\\Nova<\/title>\n<meta name=\"robots\" content=\"index, follow, max-snippet:-1, max-image-preview:large, max-video-preview:-1\" \/>\n<link rel=\"canonical\" href=\"https:\/\/solardorosario.com.br\/galeria\/produto\/helena-wong-sem-titulo\/\" \/>\n<meta property=\"og:locale\" content=\"pt_BR\" \/>\n<meta property=\"og:type\" content=\"article\" \/>\n<meta property=\"og:title\" content=\"Helena Wong - Sem T\u00edtulo - Solar do Ros\u00e1rio Galeria \\\\\\\\Nova\" \/>\n<meta property=\"og:description\" content=\"Artista: Helena Wong T\u00edtulo: Sem T\u00edtulo Dimens\u00e3o: 80x65cm T\u00e9cnica: \u00d3leo sobre tela &nbsp; &nbsp; Yuan Wong Mie nasceu em Pequim, China 1938 e faleceu em Curitiba PR 1990. Era pintora, desenhista e gravadora. Devido a uma doen\u00e7a reum\u00e1tica, foi incentivada pela m\u00e3e a fazer c\u00f3pias de estampas chinesas, a partir de 1943. Em Xangai, em [&hellip;]\" \/>\n<meta property=\"og:url\" content=\"https:\/\/solardorosario.com.br\/galeria\/produto\/helena-wong-sem-titulo\/\" \/>\n<meta property=\"og:site_name\" content=\"Solar do Ros\u00e1rio Galeria \\\\\\\\Nova\" \/>\n<meta property=\"article:modified_time\" content=\"2026-03-25T18:29:27+00:00\" \/>\n<meta property=\"og:image\" content=\"https:\/\/solardorosario.com.br\/galeria\/wp-content\/uploads\/2021\/04\/5794-e1619613870100.jpeg\" \/>\n\t<meta property=\"og:image:width\" content=\"209\" \/>\n\t<meta property=\"og:image:height\" content=\"208\" \/>\n\t<meta property=\"og:image:type\" content=\"image\/jpeg\" \/>\n<meta name=\"twitter:card\" content=\"summary_large_image\" \/>\n<meta name=\"twitter:label1\" content=\"Est. tempo de leitura\" \/>\n\t<meta name=\"twitter:data1\" content=\"1 minuto\" \/>\n<script type=\"application\/ld+json\" class=\"yoast-schema-graph\">{\"@context\":\"https:\\\/\\\/schema.org\",\"@graph\":[{\"@type\":\"WebPage\",\"@id\":\"https:\\\/\\\/solardorosario.com.br\\\/galeria\\\/produto\\\/helena-wong-sem-titulo\\\/\",\"url\":\"https:\\\/\\\/solardorosario.com.br\\\/galeria\\\/produto\\\/helena-wong-sem-titulo\\\/\",\"name\":\"Helena Wong - Sem T\u00edtulo - Solar do Ros\u00e1rio Galeria \\\\\\\\\\\\\\\\Nova\",\"isPartOf\":{\"@id\":\"https:\\\/\\\/solardorosario.com.br\\\/galeria\\\/#website\"},\"primaryImageOfPage\":{\"@id\":\"https:\\\/\\\/solardorosario.com.br\\\/galeria\\\/produto\\\/helena-wong-sem-titulo\\\/#primaryimage\"},\"image\":{\"@id\":\"https:\\\/\\\/solardorosario.com.br\\\/galeria\\\/produto\\\/helena-wong-sem-titulo\\\/#primaryimage\"},\"thumbnailUrl\":\"https:\\\/\\\/solardorosario.com.br\\\/galeria\\\/wp-content\\\/uploads\\\/2021\\\/04\\\/5794-e1619613870100.jpeg\",\"datePublished\":\"2021-04-28T12:44:38+00:00\",\"dateModified\":\"2026-03-25T18:29:27+00:00\",\"breadcrumb\":{\"@id\":\"https:\\\/\\\/solardorosario.com.br\\\/galeria\\\/produto\\\/helena-wong-sem-titulo\\\/#breadcrumb\"},\"inLanguage\":\"pt-BR\",\"potentialAction\":[{\"@type\":\"ReadAction\",\"target\":[\"https:\\\/\\\/solardorosario.com.br\\\/galeria\\\/produto\\\/helena-wong-sem-titulo\\\/\"]}]},{\"@type\":\"ImageObject\",\"inLanguage\":\"pt-BR\",\"@id\":\"https:\\\/\\\/solardorosario.com.br\\\/galeria\\\/produto\\\/helena-wong-sem-titulo\\\/#primaryimage\",\"url\":\"https:\\\/\\\/solardorosario.com.br\\\/galeria\\\/wp-content\\\/uploads\\\/2021\\\/04\\\/5794-e1619613870100.jpeg\",\"contentUrl\":\"https:\\\/\\\/solardorosario.com.br\\\/galeria\\\/wp-content\\\/uploads\\\/2021\\\/04\\\/5794-e1619613870100.jpeg\",\"width\":209,\"height\":208},{\"@type\":\"BreadcrumbList\",\"@id\":\"https:\\\/\\\/solardorosario.com.br\\\/galeria\\\/produto\\\/helena-wong-sem-titulo\\\/#breadcrumb\",\"itemListElement\":[{\"@type\":\"ListItem\",\"position\":1,\"name\":\"In\u00edcio\",\"item\":\"https:\\\/\\\/solardorosario.com.br\\\/galeria\\\/\"},{\"@type\":\"ListItem\",\"position\":2,\"name\":\"galeria\",\"item\":\"https:\\\/\\\/solardorosario.com.br\\\/galeria\\\/galeria\\\/\"},{\"@type\":\"ListItem\",\"position\":3,\"name\":\"Helena Wong - Sem T\u00edtulo\"}]},{\"@type\":\"WebSite\",\"@id\":\"https:\\\/\\\/solardorosario.com.br\\\/galeria\\\/#website\",\"url\":\"https:\\\/\\\/solardorosario.com.br\\\/galeria\\\/\",\"name\":\"Solar do Ros\u00e1rio Galeria \\\\\\\\\\\\\\\\Nova\",\"description\":\"\",\"potentialAction\":[{\"@type\":\"SearchAction\",\"target\":{\"@type\":\"EntryPoint\",\"urlTemplate\":\"https:\\\/\\\/solardorosario.com.br\\\/galeria\\\/?s={search_term_string}\"},\"query-input\":{\"@type\":\"PropertyValueSpecification\",\"valueRequired\":true,\"valueName\":\"search_term_string\"}}],\"inLanguage\":\"pt-BR\"}]}<\/script>\n<!-- \/ Yoast SEO plugin. -->","yoast_head_json":{"title":"Helena Wong - Sem T\u00edtulo - Solar do Ros\u00e1rio Galeria \\\\\\\\Nova","robots":{"index":"index","follow":"follow","max-snippet":"max-snippet:-1","max-image-preview":"max-image-preview:large","max-video-preview":"max-video-preview:-1"},"canonical":"https:\/\/solardorosario.com.br\/galeria\/produto\/helena-wong-sem-titulo\/","og_locale":"pt_BR","og_type":"article","og_title":"Helena Wong - Sem T\u00edtulo - Solar do Ros\u00e1rio Galeria \\\\\\\\Nova","og_description":"Artista: Helena Wong T\u00edtulo: Sem T\u00edtulo Dimens\u00e3o: 80x65cm T\u00e9cnica: \u00d3leo sobre tela &nbsp; &nbsp; Yuan Wong Mie nasceu em Pequim, China 1938 e faleceu em Curitiba PR 1990. Era pintora, desenhista e gravadora. Devido a uma doen\u00e7a reum\u00e1tica, foi incentivada pela m\u00e3e a fazer c\u00f3pias de estampas chinesas, a partir de 1943. Em Xangai, em [&hellip;]","og_url":"https:\/\/solardorosario.com.br\/galeria\/produto\/helena-wong-sem-titulo\/","og_site_name":"Solar do Ros\u00e1rio Galeria \\\\\\\\Nova","article_modified_time":"2026-03-25T18:29:27+00:00","og_image":[{"width":209,"height":208,"url":"https:\/\/solardorosario.com.br\/galeria\/wp-content\/uploads\/2021\/04\/5794-e1619613870100.jpeg","type":"image\/jpeg"}],"twitter_card":"summary_large_image","twitter_misc":{"Est. tempo de leitura":"1 minuto"},"schema":{"@context":"https:\/\/schema.org","@graph":[{"@type":"WebPage","@id":"https:\/\/solardorosario.com.br\/galeria\/produto\/helena-wong-sem-titulo\/","url":"https:\/\/solardorosario.com.br\/galeria\/produto\/helena-wong-sem-titulo\/","name":"Helena Wong - Sem T\u00edtulo - Solar do Ros\u00e1rio Galeria \\\\\\\\Nova","isPartOf":{"@id":"https:\/\/solardorosario.com.br\/galeria\/#website"},"primaryImageOfPage":{"@id":"https:\/\/solardorosario.com.br\/galeria\/produto\/helena-wong-sem-titulo\/#primaryimage"},"image":{"@id":"https:\/\/solardorosario.com.br\/galeria\/produto\/helena-wong-sem-titulo\/#primaryimage"},"thumbnailUrl":"https:\/\/solardorosario.com.br\/galeria\/wp-content\/uploads\/2021\/04\/5794-e1619613870100.jpeg","datePublished":"2021-04-28T12:44:38+00:00","dateModified":"2026-03-25T18:29:27+00:00","breadcrumb":{"@id":"https:\/\/solardorosario.com.br\/galeria\/produto\/helena-wong-sem-titulo\/#breadcrumb"},"inLanguage":"pt-BR","potentialAction":[{"@type":"ReadAction","target":["https:\/\/solardorosario.com.br\/galeria\/produto\/helena-wong-sem-titulo\/"]}]},{"@type":"ImageObject","inLanguage":"pt-BR","@id":"https:\/\/solardorosario.com.br\/galeria\/produto\/helena-wong-sem-titulo\/#primaryimage","url":"https:\/\/solardorosario.com.br\/galeria\/wp-content\/uploads\/2021\/04\/5794-e1619613870100.jpeg","contentUrl":"https:\/\/solardorosario.com.br\/galeria\/wp-content\/uploads\/2021\/04\/5794-e1619613870100.jpeg","width":209,"height":208},{"@type":"BreadcrumbList","@id":"https:\/\/solardorosario.com.br\/galeria\/produto\/helena-wong-sem-titulo\/#breadcrumb","itemListElement":[{"@type":"ListItem","position":1,"name":"In\u00edcio","item":"https:\/\/solardorosario.com.br\/galeria\/"},{"@type":"ListItem","position":2,"name":"galeria","item":"https:\/\/solardorosario.com.br\/galeria\/galeria\/"},{"@type":"ListItem","position":3,"name":"Helena Wong - Sem T\u00edtulo"}]},{"@type":"WebSite","@id":"https:\/\/solardorosario.com.br\/galeria\/#website","url":"https:\/\/solardorosario.com.br\/galeria\/","name":"Solar do Ros\u00e1rio Galeria \\\\\\\\Nova","description":"","potentialAction":[{"@type":"SearchAction","target":{"@type":"EntryPoint","urlTemplate":"https:\/\/solardorosario.com.br\/galeria\/?s={search_term_string}"},"query-input":{"@type":"PropertyValueSpecification","valueRequired":true,"valueName":"search_term_string"}}],"inLanguage":"pt-BR"}]}},"_links":{"self":[{"href":"https:\/\/solardorosario.com.br\/galeria\/wp-json\/wp\/v2\/product\/2000","targetHints":{"allow":["GET"]}}],"collection":[{"href":"https:\/\/solardorosario.com.br\/galeria\/wp-json\/wp\/v2\/product"}],"about":[{"href":"https:\/\/solardorosario.com.br\/galeria\/wp-json\/wp\/v2\/types\/product"}],"wp:featuredmedia":[{"embeddable":true,"href":"https:\/\/solardorosario.com.br\/galeria\/wp-json\/wp\/v2\/media\/2001"}],"wp:attachment":[{"href":"https:\/\/solardorosario.com.br\/galeria\/wp-json\/wp\/v2\/media?parent=2000"}],"wp:term":[{"taxonomy":"product_brand","embeddable":true,"href":"https:\/\/solardorosario.com.br\/galeria\/wp-json\/wp\/v2\/product_brand?post=2000"},{"taxonomy":"product_cat","embeddable":true,"href":"https:\/\/solardorosario.com.br\/galeria\/wp-json\/wp\/v2\/product_cat?post=2000"},{"taxonomy":"product_tag","embeddable":true,"href":"https:\/\/solardorosario.com.br\/galeria\/wp-json\/wp\/v2\/product_tag?post=2000"}],"curies":[{"name":"wp","href":"https:\/\/api.w.org\/{rel}","templated":true}]}}