{"id":1970,"date":"2021-04-27T15:41:12","date_gmt":"2021-04-27T18:41:12","guid":{"rendered":"https:\/\/solardorosario.com.br\/galerianova\/?post_type=product&#038;p=1970"},"modified":"2026-01-23T17:08:11","modified_gmt":"2026-01-23T20:08:11","slug":"wilson-andrade-silva-trigal-2","status":"publish","type":"product","link":"https:\/\/solardorosario.com.br\/galeria\/produto\/wilson-andrade-silva-trigal-2\/","title":{"rendered":"Wilson Andrade Silva - Trigal"},"content":{"rendered":"<p><strong>Artista:<\/strong> Wilson Andrade Silva<\/p>\n<p><strong>T\u00edtulo:<\/strong> Trigal<\/p>\n<p><strong>Dimens\u00e3o:<\/strong> 38x46cm<\/p>\n<p><strong>T\u00e9cnica:<\/strong> \u00d3leo sobre tela<\/p>\n<p>&nbsp;<\/p>\n<p>&nbsp;<\/p>\n<p><!--StartFragment --><\/p>\n<p><span class=\"cf0\">Wilson de Andrade e Silva nasceu em S\u00e3o Paulo, em 1925. (S\u00e3o Paulo, SP- 1925 - Curitiba, PR - 2001). Cursou Artes Pl\u00e1sticas na Funda\u00e7\u00e3o Armando \u00c1lvares Penteado, em S\u00e3o Paulo. Era artista visual e diretor de arte. Participou da 1\u00aa Bienal Internacional de S\u00e3o Paulo, em 1951. Em 1960, se mudou para o Paran\u00e1. Entre 1969 e 1971, foi diretor do Departamento de Cultura do Estado do Paran\u00e1. Depois, foi do conselho diretor da Funda\u00e7\u00e3o Educacional do Estado do Paran\u00e1 (FUNDEPAR) entre 1971 a 1976. Era um dos fundadores do Museu de Arte Contempor\u00e2nea do Paran\u00e1 (MAC-PR), do Museu de Arte de Santa Catarina (MASC), em Florian\u00f3polis e do Museu Universit\u00e1rio da Pontif\u00edcia Universidade Cat\u00f3lica do Paran\u00e1 (PUC-PR). Sua primeira exposi\u00e7\u00e3o individual foi na Biblioteca P\u00fablica do Paran\u00e1, em Curitiba, em 1957. Exp\u00f4s tamb\u00e9m em Londrina, Florian\u00f3polis e S\u00e3o Paulo. Participou de diversas exposi\u00e7\u00f5es coletivas e sal\u00f5es de arte em Curitiba, Foz do Igua\u00e7u, Bras\u00edlia, Jacarezinho, S\u00e3o Paulo, Ponta Grossa, Rio de Janeiro e Antonina. <\/span><\/p>\n<p><!--EndFragment --><\/p>\n","protected":false},"excerpt":{"rendered":"<p>Artista: Wilson Andrade Silva T\u00edtulo: Trigal Dimens\u00e3o: 38x46cm T\u00e9cnica: \u00d3leo sobre tela &nbsp; &nbsp; Wilson de Andrade e Silva nasceu em S\u00e3o Paulo, em 1925. (S\u00e3o Paulo, SP- 1925 - Curitiba, PR - 2001). Cursou Artes Pl\u00e1sticas na Funda\u00e7\u00e3o Armando \u00c1lvares Penteado, em S\u00e3o Paulo. Era artista visual e diretor de arte. Participou da 1\u00aa [&hellip;]<\/p>\n","protected":false},"featured_media":1971,"template":"","meta":[],"product_brand":[],"product_cat":[117],"product_tag":[],"class_list":{"0":"post-1970","1":"product","2":"type-product","3":"status-publish","4":"has-post-thumbnail","6":"product_cat-galeria","7":"pa_artista-wilson-andrade-silva","8":"pa_estilo-figurativo","9":"pa_estilo-figurativo-paisagem","10":"pa_tecnica-oleo-sobre-tela","12":"first","13":"instock","14":"shipping-taxable","15":"purchasable","16":"product-type-simple"},"yoast_head":"<!-- This site is optimized with the Yoast SEO plugin v27.4 - https:\/\/yoast.com\/product\/yoast-seo-wordpress\/ -->\n<title>Wilson Andrade Silva - Trigal - Solar do Ros\u00e1rio Galeria \\\\\\\\Nova<\/title>\n<meta name=\"robots\" content=\"index, follow, max-snippet:-1, max-image-preview:large, max-video-preview:-1\" \/>\n<link rel=\"canonical\" href=\"https:\/\/solardorosario.com.br\/galeria\/produto\/wilson-andrade-silva-trigal-2\/\" \/>\n<meta property=\"og:locale\" content=\"pt_BR\" \/>\n<meta property=\"og:type\" content=\"article\" \/>\n<meta property=\"og:title\" content=\"Wilson Andrade Silva - Trigal - Solar do Ros\u00e1rio Galeria \\\\\\\\Nova\" \/>\n<meta property=\"og:description\" content=\"Artista: Wilson Andrade Silva T\u00edtulo: Trigal Dimens\u00e3o: 38x46cm T\u00e9cnica: \u00d3leo sobre tela &nbsp; &nbsp; Wilson de Andrade e Silva nasceu em S\u00e3o Paulo, em 1925. (S\u00e3o Paulo, SP- 1925 - Curitiba, PR - 2001). Cursou Artes Pl\u00e1sticas na Funda\u00e7\u00e3o Armando \u00c1lvares Penteado, em S\u00e3o Paulo. Era artista visual e diretor de arte. Participou da 1\u00aa [&hellip;]\" \/>\n<meta property=\"og:url\" content=\"https:\/\/solardorosario.com.br\/galeria\/produto\/wilson-andrade-silva-trigal-2\/\" \/>\n<meta property=\"og:site_name\" content=\"Solar do Ros\u00e1rio Galeria \\\\\\\\Nova\" \/>\n<meta property=\"article:modified_time\" content=\"2026-01-23T20:08:11+00:00\" \/>\n<meta property=\"og:image\" content=\"https:\/\/solardorosario.com.br\/galeria\/wp-content\/uploads\/2021\/04\/104-e1619548855977.jpeg\" \/>\n\t<meta property=\"og:image:width\" content=\"300\" \/>\n\t<meta property=\"og:image:height\" content=\"228\" \/>\n\t<meta property=\"og:image:type\" content=\"image\/jpeg\" \/>\n<meta name=\"twitter:card\" content=\"summary_large_image\" \/>\n<meta name=\"twitter:label1\" content=\"Est. tempo de leitura\" \/>\n\t<meta name=\"twitter:data1\" content=\"2 minutos\" \/>\n<script type=\"application\/ld+json\" class=\"yoast-schema-graph\">{\"@context\":\"https:\\\/\\\/schema.org\",\"@graph\":[{\"@type\":\"WebPage\",\"@id\":\"https:\\\/\\\/solardorosario.com.br\\\/galeria\\\/produto\\\/wilson-andrade-silva-trigal-2\\\/\",\"url\":\"https:\\\/\\\/solardorosario.com.br\\\/galeria\\\/produto\\\/wilson-andrade-silva-trigal-2\\\/\",\"name\":\"Wilson Andrade Silva - Trigal - Solar do Ros\u00e1rio Galeria \\\\\\\\\\\\\\\\Nova\",\"isPartOf\":{\"@id\":\"https:\\\/\\\/solardorosario.com.br\\\/galeria\\\/#website\"},\"primaryImageOfPage\":{\"@id\":\"https:\\\/\\\/solardorosario.com.br\\\/galeria\\\/produto\\\/wilson-andrade-silva-trigal-2\\\/#primaryimage\"},\"image\":{\"@id\":\"https:\\\/\\\/solardorosario.com.br\\\/galeria\\\/produto\\\/wilson-andrade-silva-trigal-2\\\/#primaryimage\"},\"thumbnailUrl\":\"https:\\\/\\\/solardorosario.com.br\\\/galeria\\\/wp-content\\\/uploads\\\/2021\\\/04\\\/104-e1619548855977.jpeg\",\"datePublished\":\"2021-04-27T18:41:12+00:00\",\"dateModified\":\"2026-01-23T20:08:11+00:00\",\"breadcrumb\":{\"@id\":\"https:\\\/\\\/solardorosario.com.br\\\/galeria\\\/produto\\\/wilson-andrade-silva-trigal-2\\\/#breadcrumb\"},\"inLanguage\":\"pt-BR\",\"potentialAction\":[{\"@type\":\"ReadAction\",\"target\":[\"https:\\\/\\\/solardorosario.com.br\\\/galeria\\\/produto\\\/wilson-andrade-silva-trigal-2\\\/\"]}]},{\"@type\":\"ImageObject\",\"inLanguage\":\"pt-BR\",\"@id\":\"https:\\\/\\\/solardorosario.com.br\\\/galeria\\\/produto\\\/wilson-andrade-silva-trigal-2\\\/#primaryimage\",\"url\":\"https:\\\/\\\/solardorosario.com.br\\\/galeria\\\/wp-content\\\/uploads\\\/2021\\\/04\\\/104-e1619548855977.jpeg\",\"contentUrl\":\"https:\\\/\\\/solardorosario.com.br\\\/galeria\\\/wp-content\\\/uploads\\\/2021\\\/04\\\/104-e1619548855977.jpeg\",\"width\":300,\"height\":228},{\"@type\":\"BreadcrumbList\",\"@id\":\"https:\\\/\\\/solardorosario.com.br\\\/galeria\\\/produto\\\/wilson-andrade-silva-trigal-2\\\/#breadcrumb\",\"itemListElement\":[{\"@type\":\"ListItem\",\"position\":1,\"name\":\"In\u00edcio\",\"item\":\"https:\\\/\\\/solardorosario.com.br\\\/galeria\\\/\"},{\"@type\":\"ListItem\",\"position\":2,\"name\":\"galeria\",\"item\":\"https:\\\/\\\/solardorosario.com.br\\\/galeria\\\/galeria\\\/\"},{\"@type\":\"ListItem\",\"position\":3,\"name\":\"Wilson Andrade Silva - Trigal\"}]},{\"@type\":\"WebSite\",\"@id\":\"https:\\\/\\\/solardorosario.com.br\\\/galeria\\\/#website\",\"url\":\"https:\\\/\\\/solardorosario.com.br\\\/galeria\\\/\",\"name\":\"Solar do Ros\u00e1rio Galeria \\\\\\\\\\\\\\\\Nova\",\"description\":\"\",\"potentialAction\":[{\"@type\":\"SearchAction\",\"target\":{\"@type\":\"EntryPoint\",\"urlTemplate\":\"https:\\\/\\\/solardorosario.com.br\\\/galeria\\\/?s={search_term_string}\"},\"query-input\":{\"@type\":\"PropertyValueSpecification\",\"valueRequired\":true,\"valueName\":\"search_term_string\"}}],\"inLanguage\":\"pt-BR\"}]}<\/script>\n<!-- \/ Yoast SEO plugin. -->","yoast_head_json":{"title":"Wilson Andrade Silva - Trigal - Solar do Ros\u00e1rio Galeria \\\\\\\\Nova","robots":{"index":"index","follow":"follow","max-snippet":"max-snippet:-1","max-image-preview":"max-image-preview:large","max-video-preview":"max-video-preview:-1"},"canonical":"https:\/\/solardorosario.com.br\/galeria\/produto\/wilson-andrade-silva-trigal-2\/","og_locale":"pt_BR","og_type":"article","og_title":"Wilson Andrade Silva - Trigal - Solar do Ros\u00e1rio Galeria \\\\\\\\Nova","og_description":"Artista: Wilson Andrade Silva T\u00edtulo: Trigal Dimens\u00e3o: 38x46cm T\u00e9cnica: \u00d3leo sobre tela &nbsp; &nbsp; Wilson de Andrade e Silva nasceu em S\u00e3o Paulo, em 1925. (S\u00e3o Paulo, SP- 1925 - Curitiba, PR - 2001). Cursou Artes Pl\u00e1sticas na Funda\u00e7\u00e3o Armando \u00c1lvares Penteado, em S\u00e3o Paulo. Era artista visual e diretor de arte. Participou da 1\u00aa [&hellip;]","og_url":"https:\/\/solardorosario.com.br\/galeria\/produto\/wilson-andrade-silva-trigal-2\/","og_site_name":"Solar do Ros\u00e1rio Galeria \\\\\\\\Nova","article_modified_time":"2026-01-23T20:08:11+00:00","og_image":[{"width":300,"height":228,"url":"https:\/\/solardorosario.com.br\/galeria\/wp-content\/uploads\/2021\/04\/104-e1619548855977.jpeg","type":"image\/jpeg"}],"twitter_card":"summary_large_image","twitter_misc":{"Est. tempo de leitura":"2 minutos"},"schema":{"@context":"https:\/\/schema.org","@graph":[{"@type":"WebPage","@id":"https:\/\/solardorosario.com.br\/galeria\/produto\/wilson-andrade-silva-trigal-2\/","url":"https:\/\/solardorosario.com.br\/galeria\/produto\/wilson-andrade-silva-trigal-2\/","name":"Wilson Andrade Silva - Trigal - Solar do Ros\u00e1rio Galeria \\\\\\\\Nova","isPartOf":{"@id":"https:\/\/solardorosario.com.br\/galeria\/#website"},"primaryImageOfPage":{"@id":"https:\/\/solardorosario.com.br\/galeria\/produto\/wilson-andrade-silva-trigal-2\/#primaryimage"},"image":{"@id":"https:\/\/solardorosario.com.br\/galeria\/produto\/wilson-andrade-silva-trigal-2\/#primaryimage"},"thumbnailUrl":"https:\/\/solardorosario.com.br\/galeria\/wp-content\/uploads\/2021\/04\/104-e1619548855977.jpeg","datePublished":"2021-04-27T18:41:12+00:00","dateModified":"2026-01-23T20:08:11+00:00","breadcrumb":{"@id":"https:\/\/solardorosario.com.br\/galeria\/produto\/wilson-andrade-silva-trigal-2\/#breadcrumb"},"inLanguage":"pt-BR","potentialAction":[{"@type":"ReadAction","target":["https:\/\/solardorosario.com.br\/galeria\/produto\/wilson-andrade-silva-trigal-2\/"]}]},{"@type":"ImageObject","inLanguage":"pt-BR","@id":"https:\/\/solardorosario.com.br\/galeria\/produto\/wilson-andrade-silva-trigal-2\/#primaryimage","url":"https:\/\/solardorosario.com.br\/galeria\/wp-content\/uploads\/2021\/04\/104-e1619548855977.jpeg","contentUrl":"https:\/\/solardorosario.com.br\/galeria\/wp-content\/uploads\/2021\/04\/104-e1619548855977.jpeg","width":300,"height":228},{"@type":"BreadcrumbList","@id":"https:\/\/solardorosario.com.br\/galeria\/produto\/wilson-andrade-silva-trigal-2\/#breadcrumb","itemListElement":[{"@type":"ListItem","position":1,"name":"In\u00edcio","item":"https:\/\/solardorosario.com.br\/galeria\/"},{"@type":"ListItem","position":2,"name":"galeria","item":"https:\/\/solardorosario.com.br\/galeria\/galeria\/"},{"@type":"ListItem","position":3,"name":"Wilson Andrade Silva - Trigal"}]},{"@type":"WebSite","@id":"https:\/\/solardorosario.com.br\/galeria\/#website","url":"https:\/\/solardorosario.com.br\/galeria\/","name":"Solar do Ros\u00e1rio Galeria \\\\\\\\Nova","description":"","potentialAction":[{"@type":"SearchAction","target":{"@type":"EntryPoint","urlTemplate":"https:\/\/solardorosario.com.br\/galeria\/?s={search_term_string}"},"query-input":{"@type":"PropertyValueSpecification","valueRequired":true,"valueName":"search_term_string"}}],"inLanguage":"pt-BR"}]}},"_links":{"self":[{"href":"https:\/\/solardorosario.com.br\/galeria\/wp-json\/wp\/v2\/product\/1970","targetHints":{"allow":["GET"]}}],"collection":[{"href":"https:\/\/solardorosario.com.br\/galeria\/wp-json\/wp\/v2\/product"}],"about":[{"href":"https:\/\/solardorosario.com.br\/galeria\/wp-json\/wp\/v2\/types\/product"}],"wp:featuredmedia":[{"embeddable":true,"href":"https:\/\/solardorosario.com.br\/galeria\/wp-json\/wp\/v2\/media\/1971"}],"wp:attachment":[{"href":"https:\/\/solardorosario.com.br\/galeria\/wp-json\/wp\/v2\/media?parent=1970"}],"wp:term":[{"taxonomy":"product_brand","embeddable":true,"href":"https:\/\/solardorosario.com.br\/galeria\/wp-json\/wp\/v2\/product_brand?post=1970"},{"taxonomy":"product_cat","embeddable":true,"href":"https:\/\/solardorosario.com.br\/galeria\/wp-json\/wp\/v2\/product_cat?post=1970"},{"taxonomy":"product_tag","embeddable":true,"href":"https:\/\/solardorosario.com.br\/galeria\/wp-json\/wp\/v2\/product_tag?post=1970"}],"curies":[{"name":"wp","href":"https:\/\/api.w.org\/{rel}","templated":true}]}}