{"id":1956,"date":"2021-04-27T15:20:10","date_gmt":"2021-04-27T18:20:10","guid":{"rendered":"https:\/\/solardorosario.com.br\/galerianova\/?post_type=product&#038;p=1956"},"modified":"2026-03-25T17:31:42","modified_gmt":"2026-03-25T20:31:42","slug":"ikoma-sao-francisco","status":"publish","type":"product","link":"https:\/\/solardorosario.com.br\/galeria\/produto\/ikoma-sao-francisco\/","title":{"rendered":"Ikoma - S\u00e3o Francisco"},"content":{"rendered":"<p><strong>Artista:<\/strong> Ikoma<\/p>\n<p><strong>T\u00edtulo:<\/strong> S\u00e3o Francisco<\/p>\n<p><strong>Dimens\u00e3o:<\/strong> 70x50cm<\/p>\n<p><strong>T\u00e9cnica:<\/strong> \u00d3leo sobre Tela<\/p>\n<p>&nbsp;<\/p>\n<p>&nbsp;<\/p>\n<p>Nasceu em Martin\u00f3polis - SP, em 1945. \u00c9 filho de Tadashi Ikoma, que tamb\u00e9m \u00e9 artista visual. Fernando Ikoma \u00e9 pintor, roteirista e ilustrador de hist\u00f3rias em quadrinhos. \u00c9 autodidata, e antes de dedicar \u00e0s artes visuais, trabalhava como diretor de arte em v\u00e1rias ag\u00eancias de publicidades em Curitiba e no Rio de Janeiro. Participou de diversas de exposi\u00e7\u00f5es coletivas no Brasil e no exterior. Conquistou pr\u00eamios no 11\u00ba e no 13\u00ba Sal\u00f5es de Artes Pl\u00e1sticas para Novos. Suas obras fazem parte do Acervo do Vaticano e da Casa Real da Su\u00e9cia, al\u00e9m de pa\u00edses como Argentina, Roma, Estados Unidos, Holanda e Jap\u00e3o. Seu nome faz parte dos verbetes do \"Dicion\u00e1rio de Pintores Brasileiros\", de Walmir Ayala.<\/p>\n","protected":false},"excerpt":{"rendered":"<p>Artista: Ikoma T\u00edtulo: S\u00e3o Francisco Dimens\u00e3o: 70x50cm T\u00e9cnica: \u00d3leo sobre Tela &nbsp; &nbsp; Nasceu em Martin\u00f3polis - SP, em 1945. \u00c9 filho de Tadashi Ikoma, que tamb\u00e9m \u00e9 artista visual. Fernando Ikoma \u00e9 pintor, roteirista e ilustrador de hist\u00f3rias em quadrinhos. \u00c9 autodidata, e antes de dedicar \u00e0s artes visuais, trabalhava como diretor de arte [&hellip;]<\/p>\n","protected":false},"featured_media":1957,"template":"","meta":[],"product_brand":[],"product_cat":[117],"product_tag":[],"class_list":{"0":"post-1956","1":"product","2":"type-product","3":"status-publish","4":"has-post-thumbnail","6":"product_cat-galeria","7":"pa_artista-ikoma","8":"pa_estilo-figurativo","9":"pa_tecnica-oleo-sobre-tela","11":"first","12":"instock","13":"shipping-taxable","14":"purchasable","15":"product-type-simple"},"yoast_head":"<!-- This site is optimized with the Yoast SEO plugin v27.4 - https:\/\/yoast.com\/product\/yoast-seo-wordpress\/ -->\n<title>Ikoma - S\u00e3o Francisco - Solar do Ros\u00e1rio Galeria \\\\\\\\Nova<\/title>\n<meta name=\"robots\" content=\"index, follow, max-snippet:-1, max-image-preview:large, max-video-preview:-1\" \/>\n<link rel=\"canonical\" href=\"https:\/\/solardorosario.com.br\/galeria\/produto\/ikoma-sao-francisco\/\" \/>\n<meta property=\"og:locale\" content=\"pt_BR\" \/>\n<meta property=\"og:type\" content=\"article\" \/>\n<meta property=\"og:title\" content=\"Ikoma - S\u00e3o Francisco - Solar do Ros\u00e1rio Galeria \\\\\\\\Nova\" \/>\n<meta property=\"og:description\" content=\"Artista: Ikoma T\u00edtulo: S\u00e3o Francisco Dimens\u00e3o: 70x50cm T\u00e9cnica: \u00d3leo sobre Tela &nbsp; &nbsp; Nasceu em Martin\u00f3polis - SP, em 1945. \u00c9 filho de Tadashi Ikoma, que tamb\u00e9m \u00e9 artista visual. Fernando Ikoma \u00e9 pintor, roteirista e ilustrador de hist\u00f3rias em quadrinhos. \u00c9 autodidata, e antes de dedicar \u00e0s artes visuais, trabalhava como diretor de arte [&hellip;]\" \/>\n<meta property=\"og:url\" content=\"https:\/\/solardorosario.com.br\/galeria\/produto\/ikoma-sao-francisco\/\" \/>\n<meta property=\"og:site_name\" content=\"Solar do Ros\u00e1rio Galeria \\\\\\\\Nova\" \/>\n<meta property=\"article:modified_time\" content=\"2026-03-25T20:31:42+00:00\" \/>\n<meta property=\"og:image\" content=\"https:\/\/solardorosario.com.br\/galeria\/wp-content\/uploads\/2021\/04\/6206-e1619547600637.jpeg\" \/>\n\t<meta property=\"og:image:width\" content=\"250\" \/>\n\t<meta property=\"og:image:height\" content=\"226\" \/>\n\t<meta property=\"og:image:type\" content=\"image\/jpeg\" \/>\n<meta name=\"twitter:card\" content=\"summary_large_image\" \/>\n<meta name=\"twitter:label1\" content=\"Est. tempo de leitura\" \/>\n\t<meta name=\"twitter:data1\" content=\"1 minuto\" \/>\n<script type=\"application\/ld+json\" class=\"yoast-schema-graph\">{\"@context\":\"https:\\\/\\\/schema.org\",\"@graph\":[{\"@type\":\"WebPage\",\"@id\":\"https:\\\/\\\/solardorosario.com.br\\\/galeria\\\/produto\\\/ikoma-sao-francisco\\\/\",\"url\":\"https:\\\/\\\/solardorosario.com.br\\\/galeria\\\/produto\\\/ikoma-sao-francisco\\\/\",\"name\":\"Ikoma - S\u00e3o Francisco - Solar do Ros\u00e1rio Galeria \\\\\\\\\\\\\\\\Nova\",\"isPartOf\":{\"@id\":\"https:\\\/\\\/solardorosario.com.br\\\/galeria\\\/#website\"},\"primaryImageOfPage\":{\"@id\":\"https:\\\/\\\/solardorosario.com.br\\\/galeria\\\/produto\\\/ikoma-sao-francisco\\\/#primaryimage\"},\"image\":{\"@id\":\"https:\\\/\\\/solardorosario.com.br\\\/galeria\\\/produto\\\/ikoma-sao-francisco\\\/#primaryimage\"},\"thumbnailUrl\":\"https:\\\/\\\/solardorosario.com.br\\\/galeria\\\/wp-content\\\/uploads\\\/2021\\\/04\\\/6206-e1619547600637.jpeg\",\"datePublished\":\"2021-04-27T18:20:10+00:00\",\"dateModified\":\"2026-03-25T20:31:42+00:00\",\"breadcrumb\":{\"@id\":\"https:\\\/\\\/solardorosario.com.br\\\/galeria\\\/produto\\\/ikoma-sao-francisco\\\/#breadcrumb\"},\"inLanguage\":\"pt-BR\",\"potentialAction\":[{\"@type\":\"ReadAction\",\"target\":[\"https:\\\/\\\/solardorosario.com.br\\\/galeria\\\/produto\\\/ikoma-sao-francisco\\\/\"]}]},{\"@type\":\"ImageObject\",\"inLanguage\":\"pt-BR\",\"@id\":\"https:\\\/\\\/solardorosario.com.br\\\/galeria\\\/produto\\\/ikoma-sao-francisco\\\/#primaryimage\",\"url\":\"https:\\\/\\\/solardorosario.com.br\\\/galeria\\\/wp-content\\\/uploads\\\/2021\\\/04\\\/6206-e1619547600637.jpeg\",\"contentUrl\":\"https:\\\/\\\/solardorosario.com.br\\\/galeria\\\/wp-content\\\/uploads\\\/2021\\\/04\\\/6206-e1619547600637.jpeg\",\"width\":250,\"height\":226},{\"@type\":\"BreadcrumbList\",\"@id\":\"https:\\\/\\\/solardorosario.com.br\\\/galeria\\\/produto\\\/ikoma-sao-francisco\\\/#breadcrumb\",\"itemListElement\":[{\"@type\":\"ListItem\",\"position\":1,\"name\":\"In\u00edcio\",\"item\":\"https:\\\/\\\/solardorosario.com.br\\\/galeria\\\/\"},{\"@type\":\"ListItem\",\"position\":2,\"name\":\"galeria\",\"item\":\"https:\\\/\\\/solardorosario.com.br\\\/galeria\\\/galeria\\\/\"},{\"@type\":\"ListItem\",\"position\":3,\"name\":\"Ikoma - S\u00e3o Francisco\"}]},{\"@type\":\"WebSite\",\"@id\":\"https:\\\/\\\/solardorosario.com.br\\\/galeria\\\/#website\",\"url\":\"https:\\\/\\\/solardorosario.com.br\\\/galeria\\\/\",\"name\":\"Solar do Ros\u00e1rio Galeria \\\\\\\\\\\\\\\\Nova\",\"description\":\"\",\"potentialAction\":[{\"@type\":\"SearchAction\",\"target\":{\"@type\":\"EntryPoint\",\"urlTemplate\":\"https:\\\/\\\/solardorosario.com.br\\\/galeria\\\/?s={search_term_string}\"},\"query-input\":{\"@type\":\"PropertyValueSpecification\",\"valueRequired\":true,\"valueName\":\"search_term_string\"}}],\"inLanguage\":\"pt-BR\"}]}<\/script>\n<!-- \/ Yoast SEO plugin. -->","yoast_head_json":{"title":"Ikoma - S\u00e3o Francisco - Solar do Ros\u00e1rio Galeria \\\\\\\\Nova","robots":{"index":"index","follow":"follow","max-snippet":"max-snippet:-1","max-image-preview":"max-image-preview:large","max-video-preview":"max-video-preview:-1"},"canonical":"https:\/\/solardorosario.com.br\/galeria\/produto\/ikoma-sao-francisco\/","og_locale":"pt_BR","og_type":"article","og_title":"Ikoma - S\u00e3o Francisco - Solar do Ros\u00e1rio Galeria \\\\\\\\Nova","og_description":"Artista: Ikoma T\u00edtulo: S\u00e3o Francisco Dimens\u00e3o: 70x50cm T\u00e9cnica: \u00d3leo sobre Tela &nbsp; &nbsp; Nasceu em Martin\u00f3polis - SP, em 1945. \u00c9 filho de Tadashi Ikoma, que tamb\u00e9m \u00e9 artista visual. Fernando Ikoma \u00e9 pintor, roteirista e ilustrador de hist\u00f3rias em quadrinhos. \u00c9 autodidata, e antes de dedicar \u00e0s artes visuais, trabalhava como diretor de arte [&hellip;]","og_url":"https:\/\/solardorosario.com.br\/galeria\/produto\/ikoma-sao-francisco\/","og_site_name":"Solar do Ros\u00e1rio Galeria \\\\\\\\Nova","article_modified_time":"2026-03-25T20:31:42+00:00","og_image":[{"width":250,"height":226,"url":"https:\/\/solardorosario.com.br\/galeria\/wp-content\/uploads\/2021\/04\/6206-e1619547600637.jpeg","type":"image\/jpeg"}],"twitter_card":"summary_large_image","twitter_misc":{"Est. tempo de leitura":"1 minuto"},"schema":{"@context":"https:\/\/schema.org","@graph":[{"@type":"WebPage","@id":"https:\/\/solardorosario.com.br\/galeria\/produto\/ikoma-sao-francisco\/","url":"https:\/\/solardorosario.com.br\/galeria\/produto\/ikoma-sao-francisco\/","name":"Ikoma - S\u00e3o Francisco - Solar do Ros\u00e1rio Galeria \\\\\\\\Nova","isPartOf":{"@id":"https:\/\/solardorosario.com.br\/galeria\/#website"},"primaryImageOfPage":{"@id":"https:\/\/solardorosario.com.br\/galeria\/produto\/ikoma-sao-francisco\/#primaryimage"},"image":{"@id":"https:\/\/solardorosario.com.br\/galeria\/produto\/ikoma-sao-francisco\/#primaryimage"},"thumbnailUrl":"https:\/\/solardorosario.com.br\/galeria\/wp-content\/uploads\/2021\/04\/6206-e1619547600637.jpeg","datePublished":"2021-04-27T18:20:10+00:00","dateModified":"2026-03-25T20:31:42+00:00","breadcrumb":{"@id":"https:\/\/solardorosario.com.br\/galeria\/produto\/ikoma-sao-francisco\/#breadcrumb"},"inLanguage":"pt-BR","potentialAction":[{"@type":"ReadAction","target":["https:\/\/solardorosario.com.br\/galeria\/produto\/ikoma-sao-francisco\/"]}]},{"@type":"ImageObject","inLanguage":"pt-BR","@id":"https:\/\/solardorosario.com.br\/galeria\/produto\/ikoma-sao-francisco\/#primaryimage","url":"https:\/\/solardorosario.com.br\/galeria\/wp-content\/uploads\/2021\/04\/6206-e1619547600637.jpeg","contentUrl":"https:\/\/solardorosario.com.br\/galeria\/wp-content\/uploads\/2021\/04\/6206-e1619547600637.jpeg","width":250,"height":226},{"@type":"BreadcrumbList","@id":"https:\/\/solardorosario.com.br\/galeria\/produto\/ikoma-sao-francisco\/#breadcrumb","itemListElement":[{"@type":"ListItem","position":1,"name":"In\u00edcio","item":"https:\/\/solardorosario.com.br\/galeria\/"},{"@type":"ListItem","position":2,"name":"galeria","item":"https:\/\/solardorosario.com.br\/galeria\/galeria\/"},{"@type":"ListItem","position":3,"name":"Ikoma - S\u00e3o Francisco"}]},{"@type":"WebSite","@id":"https:\/\/solardorosario.com.br\/galeria\/#website","url":"https:\/\/solardorosario.com.br\/galeria\/","name":"Solar do Ros\u00e1rio Galeria \\\\\\\\Nova","description":"","potentialAction":[{"@type":"SearchAction","target":{"@type":"EntryPoint","urlTemplate":"https:\/\/solardorosario.com.br\/galeria\/?s={search_term_string}"},"query-input":{"@type":"PropertyValueSpecification","valueRequired":true,"valueName":"search_term_string"}}],"inLanguage":"pt-BR"}]}},"_links":{"self":[{"href":"https:\/\/solardorosario.com.br\/galeria\/wp-json\/wp\/v2\/product\/1956","targetHints":{"allow":["GET"]}}],"collection":[{"href":"https:\/\/solardorosario.com.br\/galeria\/wp-json\/wp\/v2\/product"}],"about":[{"href":"https:\/\/solardorosario.com.br\/galeria\/wp-json\/wp\/v2\/types\/product"}],"wp:featuredmedia":[{"embeddable":true,"href":"https:\/\/solardorosario.com.br\/galeria\/wp-json\/wp\/v2\/media\/1957"}],"wp:attachment":[{"href":"https:\/\/solardorosario.com.br\/galeria\/wp-json\/wp\/v2\/media?parent=1956"}],"wp:term":[{"taxonomy":"product_brand","embeddable":true,"href":"https:\/\/solardorosario.com.br\/galeria\/wp-json\/wp\/v2\/product_brand?post=1956"},{"taxonomy":"product_cat","embeddable":true,"href":"https:\/\/solardorosario.com.br\/galeria\/wp-json\/wp\/v2\/product_cat?post=1956"},{"taxonomy":"product_tag","embeddable":true,"href":"https:\/\/solardorosario.com.br\/galeria\/wp-json\/wp\/v2\/product_tag?post=1956"}],"curies":[{"name":"wp","href":"https:\/\/api.w.org\/{rel}","templated":true}]}}