{"id":1934,"date":"2021-04-27T14:43:45","date_gmt":"2021-04-27T17:43:45","guid":{"rendered":"https:\/\/solardorosario.com.br\/galerianova\/?post_type=product&#038;p=1934"},"modified":"2026-04-20T16:09:00","modified_gmt":"2026-04-20T19:09:00","slug":"vivian-vidal-ipe-amarelo-e-roxo","status":"publish","type":"product","link":"https:\/\/solardorosario.com.br\/galeria\/produto\/vivian-vidal-ipe-amarelo-e-roxo\/","title":{"rendered":"Vivian Vidal - Ip\u00ea Amarelo e Roxo"},"content":{"rendered":"<p><strong>Artista:<\/strong> Vivian Vidal<\/p>\n<p><strong>Titulo:<\/strong> Ip\u00ea Amarelo e Roxo<\/p>\n<p><strong>Dimens\u00e3o:<\/strong> 30x40cm<\/p>\n<p><strong>T\u00e9cnica:<\/strong> \u00d3leo sobre Tela<\/p>\n<p>&nbsp;<\/p>\n<p>&nbsp;<\/p>\n<p><!--StartFragment --><span class=\"cf0\">Vivian Vidal era uma artista visual nascida no Rio de Janeiro, em 1951 (1951-2015). Era pintora, desenhista, gravadora. Em 1972, se mudou para Curitiba - Paran\u00e1, e se graduou em Pintura. Em 1975, formou-se em Desenho, Hist\u00f3ria da Arte e Modelagem, pela Escola de M\u00fasica e Belas Artes do Paran\u00e1 (EMBAP). Foi aluna de nomes relevantes como <\/span><span class=\"cf0\">Erbo<\/span> <span class=\"cf0\">Stenzel<\/span><span class=\"cf0\">, Leonor <\/span><span class=\"cf0\">Botteri<\/span><span class=\"cf0\">, Artur <\/span><span class=\"cf0\">N\u00edsio<\/span><span class=\"cf0\">, Luiz Carlos de Andrade Lima, Fernando <\/span><span class=\"cf0\">Calderari<\/span><span class=\"cf0\">, Jo\u00e3o Os\u00f3rio <\/span><span class=\"cf0\">Brzezinski<\/span><span class=\"cf0\">, entre outros. Foi catalogada no Anu\u00e1rio Latino Americano de Artes Pl\u00e1sticas, em 1987. Seu nome consta no Dicion\u00e1rio de Artes Pl\u00e1sticas no Brasil, de J\u00falio Louzada. Em 1973, participou do XX Sal\u00e3o Nacional de Belas Artes do MEC - RJ, recebendo o pr\u00eamio de Men\u00e7\u00e3o Honrosa. No ano seguinte, participou do IX Sal\u00e3o de Maio da Sociedade Brasileira de Belas Artes, no Rio de Janeiro. Em 1979, participou da sua primeira exposi\u00e7\u00e3o individual, em Curitiba. Em 1983, participou do XVIII Sal\u00e3o de Primavera do Clube Concordia. Fez outras exposi\u00e7\u00f5es individuais, coletivas e sal\u00f5es de arte em Curitiba, no Rio de Janeiro, S\u00e3o Paulo e em Foz do Igua\u00e7u. <\/span><!--EndFragment --><\/p>\n","protected":false},"excerpt":{"rendered":"<p>Artista: Vivian Vidal Titulo: Ip\u00ea Amarelo e Roxo Dimens\u00e3o: 30x40cm T\u00e9cnica: \u00d3leo sobre Tela &nbsp; &nbsp; Vivian Vidal era uma artista visual nascida no Rio de Janeiro, em 1951 (1951-2015). Era pintora, desenhista, gravadora. Em 1972, se mudou para Curitiba - Paran\u00e1, e se graduou em Pintura. Em 1975, formou-se em Desenho, Hist\u00f3ria da Arte [&hellip;]<\/p>\n","protected":false},"featured_media":1935,"template":"","meta":[],"product_brand":[],"product_cat":[117],"product_tag":[],"class_list":{"0":"post-1934","1":"product","2":"type-product","3":"status-publish","4":"has-post-thumbnail","6":"product_cat-galeria","7":"pa_artista-vivian-vidal","8":"pa_estilo-figurativo-paisagem","9":"pa_tecnica-oleo-sobre-tela","11":"first","12":"instock","13":"shipping-taxable","14":"purchasable","15":"product-type-simple"},"yoast_head":"<!-- This site is optimized with the Yoast SEO plugin v27.4 - https:\/\/yoast.com\/product\/yoast-seo-wordpress\/ -->\n<title>Vivian Vidal - Ip\u00ea Amarelo e Roxo - Solar do Ros\u00e1rio Galeria \\\\\\\\Nova<\/title>\n<meta name=\"robots\" content=\"index, follow, max-snippet:-1, max-image-preview:large, max-video-preview:-1\" \/>\n<link rel=\"canonical\" href=\"https:\/\/solardorosario.com.br\/galeria\/produto\/vivian-vidal-ipe-amarelo-e-roxo\/\" \/>\n<meta property=\"og:locale\" content=\"pt_BR\" \/>\n<meta property=\"og:type\" content=\"article\" \/>\n<meta property=\"og:title\" content=\"Vivian Vidal - Ip\u00ea Amarelo e Roxo - Solar do Ros\u00e1rio Galeria \\\\\\\\Nova\" \/>\n<meta property=\"og:description\" content=\"Artista: Vivian Vidal Titulo: Ip\u00ea Amarelo e Roxo Dimens\u00e3o: 30x40cm T\u00e9cnica: \u00d3leo sobre Tela &nbsp; &nbsp; Vivian Vidal era uma artista visual nascida no Rio de Janeiro, em 1951 (1951-2015). Era pintora, desenhista, gravadora. Em 1972, se mudou para Curitiba - Paran\u00e1, e se graduou em Pintura. Em 1975, formou-se em Desenho, Hist\u00f3ria da Arte [&hellip;]\" \/>\n<meta property=\"og:url\" content=\"https:\/\/solardorosario.com.br\/galeria\/produto\/vivian-vidal-ipe-amarelo-e-roxo\/\" \/>\n<meta property=\"og:site_name\" content=\"Solar do Ros\u00e1rio Galeria \\\\\\\\Nova\" \/>\n<meta property=\"article:modified_time\" content=\"2026-04-20T19:09:00+00:00\" \/>\n<meta property=\"og:image\" content=\"https:\/\/solardorosario.com.br\/galeria\/wp-content\/uploads\/2021\/04\/1785-scaled-e1619545417344.jpeg\" \/>\n\t<meta property=\"og:image:width\" content=\"300\" \/>\n\t<meta property=\"og:image:height\" content=\"204\" \/>\n\t<meta property=\"og:image:type\" content=\"image\/jpeg\" \/>\n<meta name=\"twitter:card\" content=\"summary_large_image\" \/>\n<meta name=\"twitter:label1\" content=\"Est. tempo de leitura\" \/>\n\t<meta name=\"twitter:data1\" content=\"2 minutos\" \/>\n<script type=\"application\/ld+json\" class=\"yoast-schema-graph\">{\"@context\":\"https:\\\/\\\/schema.org\",\"@graph\":[{\"@type\":\"WebPage\",\"@id\":\"https:\\\/\\\/solardorosario.com.br\\\/galeria\\\/produto\\\/vivian-vidal-ipe-amarelo-e-roxo\\\/\",\"url\":\"https:\\\/\\\/solardorosario.com.br\\\/galeria\\\/produto\\\/vivian-vidal-ipe-amarelo-e-roxo\\\/\",\"name\":\"Vivian Vidal - Ip\u00ea Amarelo e Roxo - Solar do Ros\u00e1rio Galeria \\\\\\\\\\\\\\\\Nova\",\"isPartOf\":{\"@id\":\"https:\\\/\\\/solardorosario.com.br\\\/galeria\\\/#website\"},\"primaryImageOfPage\":{\"@id\":\"https:\\\/\\\/solardorosario.com.br\\\/galeria\\\/produto\\\/vivian-vidal-ipe-amarelo-e-roxo\\\/#primaryimage\"},\"image\":{\"@id\":\"https:\\\/\\\/solardorosario.com.br\\\/galeria\\\/produto\\\/vivian-vidal-ipe-amarelo-e-roxo\\\/#primaryimage\"},\"thumbnailUrl\":\"https:\\\/\\\/solardorosario.com.br\\\/galeria\\\/wp-content\\\/uploads\\\/2021\\\/04\\\/1785-scaled-e1619545417344.jpeg\",\"datePublished\":\"2021-04-27T17:43:45+00:00\",\"dateModified\":\"2026-04-20T19:09:00+00:00\",\"breadcrumb\":{\"@id\":\"https:\\\/\\\/solardorosario.com.br\\\/galeria\\\/produto\\\/vivian-vidal-ipe-amarelo-e-roxo\\\/#breadcrumb\"},\"inLanguage\":\"pt-BR\",\"potentialAction\":[{\"@type\":\"ReadAction\",\"target\":[\"https:\\\/\\\/solardorosario.com.br\\\/galeria\\\/produto\\\/vivian-vidal-ipe-amarelo-e-roxo\\\/\"]}]},{\"@type\":\"ImageObject\",\"inLanguage\":\"pt-BR\",\"@id\":\"https:\\\/\\\/solardorosario.com.br\\\/galeria\\\/produto\\\/vivian-vidal-ipe-amarelo-e-roxo\\\/#primaryimage\",\"url\":\"https:\\\/\\\/solardorosario.com.br\\\/galeria\\\/wp-content\\\/uploads\\\/2021\\\/04\\\/1785-scaled-e1619545417344.jpeg\",\"contentUrl\":\"https:\\\/\\\/solardorosario.com.br\\\/galeria\\\/wp-content\\\/uploads\\\/2021\\\/04\\\/1785-scaled-e1619545417344.jpeg\",\"width\":300,\"height\":204},{\"@type\":\"BreadcrumbList\",\"@id\":\"https:\\\/\\\/solardorosario.com.br\\\/galeria\\\/produto\\\/vivian-vidal-ipe-amarelo-e-roxo\\\/#breadcrumb\",\"itemListElement\":[{\"@type\":\"ListItem\",\"position\":1,\"name\":\"In\u00edcio\",\"item\":\"https:\\\/\\\/solardorosario.com.br\\\/galeria\\\/\"},{\"@type\":\"ListItem\",\"position\":2,\"name\":\"galeria\",\"item\":\"https:\\\/\\\/solardorosario.com.br\\\/galeria\\\/galeria\\\/\"},{\"@type\":\"ListItem\",\"position\":3,\"name\":\"Vivian Vidal - Ip\u00ea Amarelo e Roxo\"}]},{\"@type\":\"WebSite\",\"@id\":\"https:\\\/\\\/solardorosario.com.br\\\/galeria\\\/#website\",\"url\":\"https:\\\/\\\/solardorosario.com.br\\\/galeria\\\/\",\"name\":\"Solar do Ros\u00e1rio Galeria \\\\\\\\\\\\\\\\Nova\",\"description\":\"\",\"potentialAction\":[{\"@type\":\"SearchAction\",\"target\":{\"@type\":\"EntryPoint\",\"urlTemplate\":\"https:\\\/\\\/solardorosario.com.br\\\/galeria\\\/?s={search_term_string}\"},\"query-input\":{\"@type\":\"PropertyValueSpecification\",\"valueRequired\":true,\"valueName\":\"search_term_string\"}}],\"inLanguage\":\"pt-BR\"}]}<\/script>\n<!-- \/ Yoast SEO plugin. -->","yoast_head_json":{"title":"Vivian Vidal - Ip\u00ea Amarelo e Roxo - Solar do Ros\u00e1rio Galeria \\\\\\\\Nova","robots":{"index":"index","follow":"follow","max-snippet":"max-snippet:-1","max-image-preview":"max-image-preview:large","max-video-preview":"max-video-preview:-1"},"canonical":"https:\/\/solardorosario.com.br\/galeria\/produto\/vivian-vidal-ipe-amarelo-e-roxo\/","og_locale":"pt_BR","og_type":"article","og_title":"Vivian Vidal - Ip\u00ea Amarelo e Roxo - Solar do Ros\u00e1rio Galeria \\\\\\\\Nova","og_description":"Artista: Vivian Vidal Titulo: Ip\u00ea Amarelo e Roxo Dimens\u00e3o: 30x40cm T\u00e9cnica: \u00d3leo sobre Tela &nbsp; &nbsp; Vivian Vidal era uma artista visual nascida no Rio de Janeiro, em 1951 (1951-2015). Era pintora, desenhista, gravadora. Em 1972, se mudou para Curitiba - Paran\u00e1, e se graduou em Pintura. Em 1975, formou-se em Desenho, Hist\u00f3ria da Arte [&hellip;]","og_url":"https:\/\/solardorosario.com.br\/galeria\/produto\/vivian-vidal-ipe-amarelo-e-roxo\/","og_site_name":"Solar do Ros\u00e1rio Galeria \\\\\\\\Nova","article_modified_time":"2026-04-20T19:09:00+00:00","og_image":[{"width":300,"height":204,"url":"https:\/\/solardorosario.com.br\/galeria\/wp-content\/uploads\/2021\/04\/1785-scaled-e1619545417344.jpeg","type":"image\/jpeg"}],"twitter_card":"summary_large_image","twitter_misc":{"Est. tempo de leitura":"2 minutos"},"schema":{"@context":"https:\/\/schema.org","@graph":[{"@type":"WebPage","@id":"https:\/\/solardorosario.com.br\/galeria\/produto\/vivian-vidal-ipe-amarelo-e-roxo\/","url":"https:\/\/solardorosario.com.br\/galeria\/produto\/vivian-vidal-ipe-amarelo-e-roxo\/","name":"Vivian Vidal - Ip\u00ea Amarelo e Roxo - Solar do Ros\u00e1rio Galeria \\\\\\\\Nova","isPartOf":{"@id":"https:\/\/solardorosario.com.br\/galeria\/#website"},"primaryImageOfPage":{"@id":"https:\/\/solardorosario.com.br\/galeria\/produto\/vivian-vidal-ipe-amarelo-e-roxo\/#primaryimage"},"image":{"@id":"https:\/\/solardorosario.com.br\/galeria\/produto\/vivian-vidal-ipe-amarelo-e-roxo\/#primaryimage"},"thumbnailUrl":"https:\/\/solardorosario.com.br\/galeria\/wp-content\/uploads\/2021\/04\/1785-scaled-e1619545417344.jpeg","datePublished":"2021-04-27T17:43:45+00:00","dateModified":"2026-04-20T19:09:00+00:00","breadcrumb":{"@id":"https:\/\/solardorosario.com.br\/galeria\/produto\/vivian-vidal-ipe-amarelo-e-roxo\/#breadcrumb"},"inLanguage":"pt-BR","potentialAction":[{"@type":"ReadAction","target":["https:\/\/solardorosario.com.br\/galeria\/produto\/vivian-vidal-ipe-amarelo-e-roxo\/"]}]},{"@type":"ImageObject","inLanguage":"pt-BR","@id":"https:\/\/solardorosario.com.br\/galeria\/produto\/vivian-vidal-ipe-amarelo-e-roxo\/#primaryimage","url":"https:\/\/solardorosario.com.br\/galeria\/wp-content\/uploads\/2021\/04\/1785-scaled-e1619545417344.jpeg","contentUrl":"https:\/\/solardorosario.com.br\/galeria\/wp-content\/uploads\/2021\/04\/1785-scaled-e1619545417344.jpeg","width":300,"height":204},{"@type":"BreadcrumbList","@id":"https:\/\/solardorosario.com.br\/galeria\/produto\/vivian-vidal-ipe-amarelo-e-roxo\/#breadcrumb","itemListElement":[{"@type":"ListItem","position":1,"name":"In\u00edcio","item":"https:\/\/solardorosario.com.br\/galeria\/"},{"@type":"ListItem","position":2,"name":"galeria","item":"https:\/\/solardorosario.com.br\/galeria\/galeria\/"},{"@type":"ListItem","position":3,"name":"Vivian Vidal - Ip\u00ea Amarelo e Roxo"}]},{"@type":"WebSite","@id":"https:\/\/solardorosario.com.br\/galeria\/#website","url":"https:\/\/solardorosario.com.br\/galeria\/","name":"Solar do Ros\u00e1rio Galeria \\\\\\\\Nova","description":"","potentialAction":[{"@type":"SearchAction","target":{"@type":"EntryPoint","urlTemplate":"https:\/\/solardorosario.com.br\/galeria\/?s={search_term_string}"},"query-input":{"@type":"PropertyValueSpecification","valueRequired":true,"valueName":"search_term_string"}}],"inLanguage":"pt-BR"}]}},"_links":{"self":[{"href":"https:\/\/solardorosario.com.br\/galeria\/wp-json\/wp\/v2\/product\/1934","targetHints":{"allow":["GET"]}}],"collection":[{"href":"https:\/\/solardorosario.com.br\/galeria\/wp-json\/wp\/v2\/product"}],"about":[{"href":"https:\/\/solardorosario.com.br\/galeria\/wp-json\/wp\/v2\/types\/product"}],"wp:featuredmedia":[{"embeddable":true,"href":"https:\/\/solardorosario.com.br\/galeria\/wp-json\/wp\/v2\/media\/1935"}],"wp:attachment":[{"href":"https:\/\/solardorosario.com.br\/galeria\/wp-json\/wp\/v2\/media?parent=1934"}],"wp:term":[{"taxonomy":"product_brand","embeddable":true,"href":"https:\/\/solardorosario.com.br\/galeria\/wp-json\/wp\/v2\/product_brand?post=1934"},{"taxonomy":"product_cat","embeddable":true,"href":"https:\/\/solardorosario.com.br\/galeria\/wp-json\/wp\/v2\/product_cat?post=1934"},{"taxonomy":"product_tag","embeddable":true,"href":"https:\/\/solardorosario.com.br\/galeria\/wp-json\/wp\/v2\/product_tag?post=1934"}],"curies":[{"name":"wp","href":"https:\/\/api.w.org\/{rel}","templated":true}]}}