{"id":1903,"date":"2021-04-27T11:48:31","date_gmt":"2021-04-27T14:48:31","guid":{"rendered":"https:\/\/solardorosario.com.br\/galerianova\/?post_type=product&#038;p=1903"},"modified":"2026-03-31T15:41:19","modified_gmt":"2026-03-31T18:41:19","slug":"leon-bosko-sem-titulo","status":"publish","type":"product","link":"https:\/\/solardorosario.com.br\/galeria\/produto\/leon-bosko-sem-titulo\/","title":{"rendered":"Leon Bosko - Sem T\u00edtulo"},"content":{"rendered":"<p><strong>Artista:<\/strong>\u00a0Leon Bosko<\/p>\n<p><strong>T\u00edtulo:<\/strong> Sem T\u00edtulo<\/p>\n<p><strong>Dimens\u00e3o:<\/strong> 20x20cm<\/p>\n<p><strong>T\u00e9cnica:<\/strong> Acr\u00edlica sobre tela<\/p>\n<p>&nbsp;<\/p>\n<p>&nbsp;<\/p>\n<p>Le\u00f4nidas Boguszewski Filho nasceu em 1956, em Curitiba - PR. Cursou 2 anos de pintura na Escola de M\u00fasica e Belas Artes do Paran\u00e1 (EMBAP). Primeira exposi\u00e7\u00e3o individual na Escola de Ingl\u00eas do Inter-Americano, em 1980. A partir dela, participou de exposi\u00e7\u00f5es coletivas, nos anos seguintes. Em 1985, exp\u00f4s individualmente na Sul-Americana.<br \/>\nRecebeu pr\u00eamios como Men\u00e7\u00e3o Honrosa, em 1985, na Uniarte, em Curitiba, al\u00e9m da participa\u00e7\u00e3o em Sal\u00f5es de Arte, cat\u00e1logos, publica\u00e7\u00f5es locais e nacionais, al\u00e9m do Livro de Artes Pl\u00e1sticas Brasil vol. III, em 1999.<\/p>\n<p>&nbsp;<\/p>\n<p>&nbsp;<\/p>\n<p><em>Leon Bosko reinventa o mundo que o cerca. O cotidiano \u00e9 idealizado com minuciosa precis\u00e3o. A paisagem, quer litor\u00e2nea, quer de nossas matas, torna-se po\u00e9tica pela interfer\u00eancia criativa do artista. A natureza inspira Leon Bosko. A partir da\u00ed, uma sequ\u00eancia de elementos que quebram o limite do real v\u00e3o aparecendo, trazendo a surpresa. Chega ao surreal. E o surreal, no dizer do artista, \u201cproporciona a possibilidade de expressar imagens fant\u00e1sticas, vindas do subconsciente, ou de simplesmente compor elementos do mundo real numa ordem que satisfa\u00e7a o senso de composi\u00e7\u00e3o. O belo, a imagina\u00e7\u00e3o, o sonho, a natureza idealizada s\u00e3o os aliados nessa busca incessante de harmonia\u201d. Leon vai construindo uma trajet\u00f3ria s\u00f3lida com pinturas que nos conduzem a um mundo m\u00e1gico. O mundo de Bosko.<\/em><\/p>\n<p>Regina Casillo, 2008.<\/p>\n<p>Trecho retirado do livro <em>Leon Bosko<\/em>, editado pelo Solar do Ros\u00e1rio em 2008<\/p>\n","protected":false},"excerpt":{"rendered":"<p>Artista:\u00a0Leon Bosko T\u00edtulo: Sem T\u00edtulo Dimens\u00e3o: 20x20cm T\u00e9cnica: Acr\u00edlica sobre tela &nbsp; &nbsp; Le\u00f4nidas Boguszewski Filho nasceu em 1956, em Curitiba - PR. Cursou 2 anos de pintura na Escola de M\u00fasica e Belas Artes do Paran\u00e1 (EMBAP). Primeira exposi\u00e7\u00e3o individual na Escola de Ingl\u00eas do Inter-Americano, em 1980. A partir dela, participou de exposi\u00e7\u00f5es [&hellip;]<\/p>\n","protected":false},"featured_media":3113,"template":"","meta":[],"product_brand":[],"product_cat":[117],"product_tag":[],"class_list":{"0":"post-1903","1":"product","2":"type-product","3":"status-publish","4":"has-post-thumbnail","6":"product_cat-galeria","7":"pa_artista-leon-bosko","8":"pa_estilo-figurativo-paisagem","9":"pa_tecnica-acrilica-sobre-tela","11":"first","12":"instock","13":"shipping-taxable","14":"product-type-simple"},"yoast_head":"<!-- This site is optimized with the Yoast SEO plugin v27.4 - https:\/\/yoast.com\/product\/yoast-seo-wordpress\/ -->\n<title>Leon Bosko - Sem T\u00edtulo - Solar do Ros\u00e1rio Galeria \\\\\\\\Nova<\/title>\n<meta name=\"robots\" content=\"index, follow, max-snippet:-1, max-image-preview:large, max-video-preview:-1\" \/>\n<link rel=\"canonical\" href=\"https:\/\/solardorosario.com.br\/galeria\/produto\/leon-bosko-sem-titulo\/\" \/>\n<meta property=\"og:locale\" content=\"pt_BR\" \/>\n<meta property=\"og:type\" content=\"article\" \/>\n<meta property=\"og:title\" content=\"Leon Bosko - Sem T\u00edtulo - Solar do Ros\u00e1rio Galeria \\\\\\\\Nova\" \/>\n<meta property=\"og:description\" content=\"Artista:\u00a0Leon Bosko T\u00edtulo: Sem T\u00edtulo Dimens\u00e3o: 20x20cm T\u00e9cnica: Acr\u00edlica sobre tela &nbsp; &nbsp; Le\u00f4nidas Boguszewski Filho nasceu em 1956, em Curitiba - PR. Cursou 2 anos de pintura na Escola de M\u00fasica e Belas Artes do Paran\u00e1 (EMBAP). Primeira exposi\u00e7\u00e3o individual na Escola de Ingl\u00eas do Inter-Americano, em 1980. A partir dela, participou de exposi\u00e7\u00f5es [&hellip;]\" \/>\n<meta property=\"og:url\" content=\"https:\/\/solardorosario.com.br\/galeria\/produto\/leon-bosko-sem-titulo\/\" \/>\n<meta property=\"og:site_name\" content=\"Solar do Ros\u00e1rio Galeria \\\\\\\\Nova\" \/>\n<meta property=\"article:modified_time\" content=\"2026-03-31T18:41:19+00:00\" \/>\n<meta property=\"og:image\" content=\"https:\/\/solardorosario.com.br\/galeria\/wp-content\/uploads\/2021\/04\/IMG_0244.jpeg\" \/>\n\t<meta property=\"og:image:width\" content=\"488\" \/>\n\t<meta property=\"og:image:height\" content=\"354\" \/>\n\t<meta property=\"og:image:type\" content=\"image\/jpeg\" \/>\n<meta name=\"twitter:card\" content=\"summary_large_image\" \/>\n<meta name=\"twitter:label1\" content=\"Est. tempo de leitura\" \/>\n\t<meta name=\"twitter:data1\" content=\"2 minutos\" \/>\n<script type=\"application\/ld+json\" class=\"yoast-schema-graph\">{\"@context\":\"https:\\\/\\\/schema.org\",\"@graph\":[{\"@type\":\"WebPage\",\"@id\":\"https:\\\/\\\/solardorosario.com.br\\\/galeria\\\/produto\\\/leon-bosko-sem-titulo\\\/\",\"url\":\"https:\\\/\\\/solardorosario.com.br\\\/galeria\\\/produto\\\/leon-bosko-sem-titulo\\\/\",\"name\":\"Leon Bosko - Sem T\u00edtulo - Solar do Ros\u00e1rio Galeria \\\\\\\\\\\\\\\\Nova\",\"isPartOf\":{\"@id\":\"https:\\\/\\\/solardorosario.com.br\\\/galeria\\\/#website\"},\"primaryImageOfPage\":{\"@id\":\"https:\\\/\\\/solardorosario.com.br\\\/galeria\\\/produto\\\/leon-bosko-sem-titulo\\\/#primaryimage\"},\"image\":{\"@id\":\"https:\\\/\\\/solardorosario.com.br\\\/galeria\\\/produto\\\/leon-bosko-sem-titulo\\\/#primaryimage\"},\"thumbnailUrl\":\"https:\\\/\\\/solardorosario.com.br\\\/galeria\\\/wp-content\\\/uploads\\\/2021\\\/04\\\/IMG_0244.jpeg\",\"datePublished\":\"2021-04-27T14:48:31+00:00\",\"dateModified\":\"2026-03-31T18:41:19+00:00\",\"breadcrumb\":{\"@id\":\"https:\\\/\\\/solardorosario.com.br\\\/galeria\\\/produto\\\/leon-bosko-sem-titulo\\\/#breadcrumb\"},\"inLanguage\":\"pt-BR\",\"potentialAction\":[{\"@type\":\"ReadAction\",\"target\":[\"https:\\\/\\\/solardorosario.com.br\\\/galeria\\\/produto\\\/leon-bosko-sem-titulo\\\/\"]}]},{\"@type\":\"ImageObject\",\"inLanguage\":\"pt-BR\",\"@id\":\"https:\\\/\\\/solardorosario.com.br\\\/galeria\\\/produto\\\/leon-bosko-sem-titulo\\\/#primaryimage\",\"url\":\"https:\\\/\\\/solardorosario.com.br\\\/galeria\\\/wp-content\\\/uploads\\\/2021\\\/04\\\/IMG_0244.jpeg\",\"contentUrl\":\"https:\\\/\\\/solardorosario.com.br\\\/galeria\\\/wp-content\\\/uploads\\\/2021\\\/04\\\/IMG_0244.jpeg\",\"width\":488,\"height\":354},{\"@type\":\"BreadcrumbList\",\"@id\":\"https:\\\/\\\/solardorosario.com.br\\\/galeria\\\/produto\\\/leon-bosko-sem-titulo\\\/#breadcrumb\",\"itemListElement\":[{\"@type\":\"ListItem\",\"position\":1,\"name\":\"In\u00edcio\",\"item\":\"https:\\\/\\\/solardorosario.com.br\\\/galeria\\\/\"},{\"@type\":\"ListItem\",\"position\":2,\"name\":\"galeria\",\"item\":\"https:\\\/\\\/solardorosario.com.br\\\/galeria\\\/galeria\\\/\"},{\"@type\":\"ListItem\",\"position\":3,\"name\":\"Leon Bosko - Sem T\u00edtulo\"}]},{\"@type\":\"WebSite\",\"@id\":\"https:\\\/\\\/solardorosario.com.br\\\/galeria\\\/#website\",\"url\":\"https:\\\/\\\/solardorosario.com.br\\\/galeria\\\/\",\"name\":\"Solar do Ros\u00e1rio Galeria \\\\\\\\\\\\\\\\Nova\",\"description\":\"\",\"potentialAction\":[{\"@type\":\"SearchAction\",\"target\":{\"@type\":\"EntryPoint\",\"urlTemplate\":\"https:\\\/\\\/solardorosario.com.br\\\/galeria\\\/?s={search_term_string}\"},\"query-input\":{\"@type\":\"PropertyValueSpecification\",\"valueRequired\":true,\"valueName\":\"search_term_string\"}}],\"inLanguage\":\"pt-BR\"}]}<\/script>\n<!-- \/ Yoast SEO plugin. -->","yoast_head_json":{"title":"Leon Bosko - Sem T\u00edtulo - Solar do Ros\u00e1rio Galeria \\\\\\\\Nova","robots":{"index":"index","follow":"follow","max-snippet":"max-snippet:-1","max-image-preview":"max-image-preview:large","max-video-preview":"max-video-preview:-1"},"canonical":"https:\/\/solardorosario.com.br\/galeria\/produto\/leon-bosko-sem-titulo\/","og_locale":"pt_BR","og_type":"article","og_title":"Leon Bosko - Sem T\u00edtulo - Solar do Ros\u00e1rio Galeria \\\\\\\\Nova","og_description":"Artista:\u00a0Leon Bosko T\u00edtulo: Sem T\u00edtulo Dimens\u00e3o: 20x20cm T\u00e9cnica: Acr\u00edlica sobre tela &nbsp; &nbsp; Le\u00f4nidas Boguszewski Filho nasceu em 1956, em Curitiba - PR. Cursou 2 anos de pintura na Escola de M\u00fasica e Belas Artes do Paran\u00e1 (EMBAP). Primeira exposi\u00e7\u00e3o individual na Escola de Ingl\u00eas do Inter-Americano, em 1980. A partir dela, participou de exposi\u00e7\u00f5es [&hellip;]","og_url":"https:\/\/solardorosario.com.br\/galeria\/produto\/leon-bosko-sem-titulo\/","og_site_name":"Solar do Ros\u00e1rio Galeria \\\\\\\\Nova","article_modified_time":"2026-03-31T18:41:19+00:00","og_image":[{"width":488,"height":354,"url":"https:\/\/solardorosario.com.br\/galeria\/wp-content\/uploads\/2021\/04\/IMG_0244.jpeg","type":"image\/jpeg"}],"twitter_card":"summary_large_image","twitter_misc":{"Est. tempo de leitura":"2 minutos"},"schema":{"@context":"https:\/\/schema.org","@graph":[{"@type":"WebPage","@id":"https:\/\/solardorosario.com.br\/galeria\/produto\/leon-bosko-sem-titulo\/","url":"https:\/\/solardorosario.com.br\/galeria\/produto\/leon-bosko-sem-titulo\/","name":"Leon Bosko - Sem T\u00edtulo - Solar do Ros\u00e1rio Galeria \\\\\\\\Nova","isPartOf":{"@id":"https:\/\/solardorosario.com.br\/galeria\/#website"},"primaryImageOfPage":{"@id":"https:\/\/solardorosario.com.br\/galeria\/produto\/leon-bosko-sem-titulo\/#primaryimage"},"image":{"@id":"https:\/\/solardorosario.com.br\/galeria\/produto\/leon-bosko-sem-titulo\/#primaryimage"},"thumbnailUrl":"https:\/\/solardorosario.com.br\/galeria\/wp-content\/uploads\/2021\/04\/IMG_0244.jpeg","datePublished":"2021-04-27T14:48:31+00:00","dateModified":"2026-03-31T18:41:19+00:00","breadcrumb":{"@id":"https:\/\/solardorosario.com.br\/galeria\/produto\/leon-bosko-sem-titulo\/#breadcrumb"},"inLanguage":"pt-BR","potentialAction":[{"@type":"ReadAction","target":["https:\/\/solardorosario.com.br\/galeria\/produto\/leon-bosko-sem-titulo\/"]}]},{"@type":"ImageObject","inLanguage":"pt-BR","@id":"https:\/\/solardorosario.com.br\/galeria\/produto\/leon-bosko-sem-titulo\/#primaryimage","url":"https:\/\/solardorosario.com.br\/galeria\/wp-content\/uploads\/2021\/04\/IMG_0244.jpeg","contentUrl":"https:\/\/solardorosario.com.br\/galeria\/wp-content\/uploads\/2021\/04\/IMG_0244.jpeg","width":488,"height":354},{"@type":"BreadcrumbList","@id":"https:\/\/solardorosario.com.br\/galeria\/produto\/leon-bosko-sem-titulo\/#breadcrumb","itemListElement":[{"@type":"ListItem","position":1,"name":"In\u00edcio","item":"https:\/\/solardorosario.com.br\/galeria\/"},{"@type":"ListItem","position":2,"name":"galeria","item":"https:\/\/solardorosario.com.br\/galeria\/galeria\/"},{"@type":"ListItem","position":3,"name":"Leon Bosko - Sem T\u00edtulo"}]},{"@type":"WebSite","@id":"https:\/\/solardorosario.com.br\/galeria\/#website","url":"https:\/\/solardorosario.com.br\/galeria\/","name":"Solar do Ros\u00e1rio Galeria \\\\\\\\Nova","description":"","potentialAction":[{"@type":"SearchAction","target":{"@type":"EntryPoint","urlTemplate":"https:\/\/solardorosario.com.br\/galeria\/?s={search_term_string}"},"query-input":{"@type":"PropertyValueSpecification","valueRequired":true,"valueName":"search_term_string"}}],"inLanguage":"pt-BR"}]}},"_links":{"self":[{"href":"https:\/\/solardorosario.com.br\/galeria\/wp-json\/wp\/v2\/product\/1903","targetHints":{"allow":["GET"]}}],"collection":[{"href":"https:\/\/solardorosario.com.br\/galeria\/wp-json\/wp\/v2\/product"}],"about":[{"href":"https:\/\/solardorosario.com.br\/galeria\/wp-json\/wp\/v2\/types\/product"}],"wp:featuredmedia":[{"embeddable":true,"href":"https:\/\/solardorosario.com.br\/galeria\/wp-json\/wp\/v2\/media\/3113"}],"wp:attachment":[{"href":"https:\/\/solardorosario.com.br\/galeria\/wp-json\/wp\/v2\/media?parent=1903"}],"wp:term":[{"taxonomy":"product_brand","embeddable":true,"href":"https:\/\/solardorosario.com.br\/galeria\/wp-json\/wp\/v2\/product_brand?post=1903"},{"taxonomy":"product_cat","embeddable":true,"href":"https:\/\/solardorosario.com.br\/galeria\/wp-json\/wp\/v2\/product_cat?post=1903"},{"taxonomy":"product_tag","embeddable":true,"href":"https:\/\/solardorosario.com.br\/galeria\/wp-json\/wp\/v2\/product_tag?post=1903"}],"curies":[{"name":"wp","href":"https:\/\/api.w.org\/{rel}","templated":true}]}}