{"id":1893,"date":"2021-04-27T11:30:08","date_gmt":"2021-04-27T14:30:08","guid":{"rendered":"https:\/\/solardorosario.com.br\/galerianova\/?post_type=product&#038;p=1893"},"modified":"2026-04-20T17:54:19","modified_gmt":"2026-04-20T20:54:19","slug":"waldomiro-sant-anna-irma-da-modelo","status":"publish","type":"product","link":"https:\/\/solardorosario.com.br\/galeria\/produto\/waldomiro-sant-anna-irma-da-modelo\/","title":{"rendered":"Waldomiro Sant anna - Irm\u00e3 da Modelo"},"content":{"rendered":"<p><strong>Artista:<\/strong> Waldomiro Sant anna<\/p>\n<p><strong>T\u00edtulo:<\/strong> Irm\u00e3 da Modelo<\/p>\n<p><strong>Dimens\u00e3o:<\/strong> 60x70cm<\/p>\n<p><strong>T\u00e9cnica:<\/strong> \u00d3leo sobre tela<\/p>\n<p>&nbsp;<\/p>\n<p>&nbsp;<\/p>\n<p><!--StartFragment --><\/p>\n<p><span class=\"cf0\">Waldomiro de Freitas Sant' Anna nasceu em It\u00e1polis, interior de S\u00e3o Paulo, em 1952. \u00c9 professor, artista visual e pintor. Se mudou para S\u00e3o Paulo, em 1971, para estudar na Faculdade de Belas Artes. Aos 19 anos, exp\u00f4s individualmente pela primeira vez, no XI Festiva Zequinha de Abreu, em Santa Rita. Entre 1977 a 1981 deu aulas de pintura e desenho nos cursos de educa\u00e7\u00e3o art\u00edstica e arquitetura na Universidade Estadual de Londrina (UEL), no Paran\u00e1. Depois disso, se dedicou exclusivamente para a pintura, em seu ateli\u00ea em Ribeir\u00e3o Preto, interior de S\u00e3o Paulo. Fez diversas exposi\u00e7\u00f5es individuais no Brasil em Santos, S\u00e3o Paulo, Londrina, Jacarezinho. As exposi\u00e7\u00f5es coletivas, desde 1983, ocorreram em S\u00e3o Paulo. Recebeu men\u00e7\u00f5es honrosas em sal\u00f5es de arte, como em 1984 no Sal\u00e3o de Mat\u00e3o, em 1985 o Sal\u00e3o de Arte de Pen\u00e1polis, de Cravinho e o de Presidente Prudente, no estado de S\u00e3o Paulo. <\/span><\/p>\n<p><!--EndFragment --><\/p>\n","protected":false},"excerpt":{"rendered":"<p>Artista: Waldomiro Sant anna T\u00edtulo: Irm\u00e3 da Modelo Dimens\u00e3o: 60x70cm T\u00e9cnica: \u00d3leo sobre tela &nbsp; &nbsp; Waldomiro de Freitas Sant' Anna nasceu em It\u00e1polis, interior de S\u00e3o Paulo, em 1952. \u00c9 professor, artista visual e pintor. Se mudou para S\u00e3o Paulo, em 1971, para estudar na Faculdade de Belas Artes. Aos 19 anos, exp\u00f4s individualmente [&hellip;]<\/p>\n","protected":false},"featured_media":1894,"template":"","meta":[],"product_brand":[],"product_cat":[117],"product_tag":[],"class_list":{"0":"post-1893","1":"product","2":"type-product","3":"status-publish","4":"has-post-thumbnail","6":"product_cat-galeria","7":"pa_artista-waldomiro-sant-anna","8":"pa_estilo-figura-humana","9":"pa_estilo-figurativo","10":"pa_tecnica-oleo-sobre-tela","12":"first","13":"instock","14":"shipping-taxable","15":"purchasable","16":"product-type-simple"},"yoast_head":"<!-- This site is optimized with the Yoast SEO plugin v27.4 - https:\/\/yoast.com\/product\/yoast-seo-wordpress\/ -->\n<title>Waldomiro Sant anna - Irm\u00e3 da Modelo - Solar do Ros\u00e1rio Galeria \\\\\\\\Nova<\/title>\n<meta name=\"robots\" content=\"index, follow, max-snippet:-1, max-image-preview:large, max-video-preview:-1\" \/>\n<link rel=\"canonical\" href=\"https:\/\/solardorosario.com.br\/galeria\/produto\/waldomiro-sant-anna-irma-da-modelo\/\" \/>\n<meta property=\"og:locale\" content=\"pt_BR\" \/>\n<meta property=\"og:type\" content=\"article\" \/>\n<meta property=\"og:title\" content=\"Waldomiro Sant anna - Irm\u00e3 da Modelo - Solar do Ros\u00e1rio Galeria \\\\\\\\Nova\" \/>\n<meta property=\"og:description\" content=\"Artista: Waldomiro Sant anna T\u00edtulo: Irm\u00e3 da Modelo Dimens\u00e3o: 60x70cm T\u00e9cnica: \u00d3leo sobre tela &nbsp; &nbsp; Waldomiro de Freitas Sant&#039; Anna nasceu em It\u00e1polis, interior de S\u00e3o Paulo, em 1952. \u00c9 professor, artista visual e pintor. Se mudou para S\u00e3o Paulo, em 1971, para estudar na Faculdade de Belas Artes. Aos 19 anos, exp\u00f4s individualmente [&hellip;]\" \/>\n<meta property=\"og:url\" content=\"https:\/\/solardorosario.com.br\/galeria\/produto\/waldomiro-sant-anna-irma-da-modelo\/\" \/>\n<meta property=\"og:site_name\" content=\"Solar do Ros\u00e1rio Galeria \\\\\\\\Nova\" \/>\n<meta property=\"article:modified_time\" content=\"2026-04-20T20:54:19+00:00\" \/>\n<meta property=\"og:image\" content=\"https:\/\/solardorosario.com.br\/galeria\/wp-content\/uploads\/2021\/04\/5802-e1619533800468.jpeg\" \/>\n\t<meta property=\"og:image:width\" content=\"400\" \/>\n\t<meta property=\"og:image:height\" content=\"294\" \/>\n\t<meta property=\"og:image:type\" content=\"image\/jpeg\" \/>\n<meta name=\"twitter:card\" content=\"summary_large_image\" \/>\n<meta name=\"twitter:label1\" content=\"Est. tempo de leitura\" \/>\n\t<meta name=\"twitter:data1\" content=\"2 minutos\" \/>\n<script type=\"application\/ld+json\" class=\"yoast-schema-graph\">{\"@context\":\"https:\\\/\\\/schema.org\",\"@graph\":[{\"@type\":\"WebPage\",\"@id\":\"https:\\\/\\\/solardorosario.com.br\\\/galeria\\\/produto\\\/waldomiro-sant-anna-irma-da-modelo\\\/\",\"url\":\"https:\\\/\\\/solardorosario.com.br\\\/galeria\\\/produto\\\/waldomiro-sant-anna-irma-da-modelo\\\/\",\"name\":\"Waldomiro Sant anna - Irm\u00e3 da Modelo - Solar do Ros\u00e1rio Galeria \\\\\\\\\\\\\\\\Nova\",\"isPartOf\":{\"@id\":\"https:\\\/\\\/solardorosario.com.br\\\/galeria\\\/#website\"},\"primaryImageOfPage\":{\"@id\":\"https:\\\/\\\/solardorosario.com.br\\\/galeria\\\/produto\\\/waldomiro-sant-anna-irma-da-modelo\\\/#primaryimage\"},\"image\":{\"@id\":\"https:\\\/\\\/solardorosario.com.br\\\/galeria\\\/produto\\\/waldomiro-sant-anna-irma-da-modelo\\\/#primaryimage\"},\"thumbnailUrl\":\"https:\\\/\\\/solardorosario.com.br\\\/galeria\\\/wp-content\\\/uploads\\\/2021\\\/04\\\/5802-e1619533800468.jpeg\",\"datePublished\":\"2021-04-27T14:30:08+00:00\",\"dateModified\":\"2026-04-20T20:54:19+00:00\",\"breadcrumb\":{\"@id\":\"https:\\\/\\\/solardorosario.com.br\\\/galeria\\\/produto\\\/waldomiro-sant-anna-irma-da-modelo\\\/#breadcrumb\"},\"inLanguage\":\"pt-BR\",\"potentialAction\":[{\"@type\":\"ReadAction\",\"target\":[\"https:\\\/\\\/solardorosario.com.br\\\/galeria\\\/produto\\\/waldomiro-sant-anna-irma-da-modelo\\\/\"]}]},{\"@type\":\"ImageObject\",\"inLanguage\":\"pt-BR\",\"@id\":\"https:\\\/\\\/solardorosario.com.br\\\/galeria\\\/produto\\\/waldomiro-sant-anna-irma-da-modelo\\\/#primaryimage\",\"url\":\"https:\\\/\\\/solardorosario.com.br\\\/galeria\\\/wp-content\\\/uploads\\\/2021\\\/04\\\/5802-e1619533800468.jpeg\",\"contentUrl\":\"https:\\\/\\\/solardorosario.com.br\\\/galeria\\\/wp-content\\\/uploads\\\/2021\\\/04\\\/5802-e1619533800468.jpeg\",\"width\":400,\"height\":294},{\"@type\":\"BreadcrumbList\",\"@id\":\"https:\\\/\\\/solardorosario.com.br\\\/galeria\\\/produto\\\/waldomiro-sant-anna-irma-da-modelo\\\/#breadcrumb\",\"itemListElement\":[{\"@type\":\"ListItem\",\"position\":1,\"name\":\"In\u00edcio\",\"item\":\"https:\\\/\\\/solardorosario.com.br\\\/galeria\\\/\"},{\"@type\":\"ListItem\",\"position\":2,\"name\":\"galeria\",\"item\":\"https:\\\/\\\/solardorosario.com.br\\\/galeria\\\/galeria\\\/\"},{\"@type\":\"ListItem\",\"position\":3,\"name\":\"Waldomiro Sant anna - Irm\u00e3 da Modelo\"}]},{\"@type\":\"WebSite\",\"@id\":\"https:\\\/\\\/solardorosario.com.br\\\/galeria\\\/#website\",\"url\":\"https:\\\/\\\/solardorosario.com.br\\\/galeria\\\/\",\"name\":\"Solar do Ros\u00e1rio Galeria \\\\\\\\\\\\\\\\Nova\",\"description\":\"\",\"potentialAction\":[{\"@type\":\"SearchAction\",\"target\":{\"@type\":\"EntryPoint\",\"urlTemplate\":\"https:\\\/\\\/solardorosario.com.br\\\/galeria\\\/?s={search_term_string}\"},\"query-input\":{\"@type\":\"PropertyValueSpecification\",\"valueRequired\":true,\"valueName\":\"search_term_string\"}}],\"inLanguage\":\"pt-BR\"}]}<\/script>\n<!-- \/ Yoast SEO plugin. -->","yoast_head_json":{"title":"Waldomiro Sant anna - Irm\u00e3 da Modelo - Solar do Ros\u00e1rio Galeria \\\\\\\\Nova","robots":{"index":"index","follow":"follow","max-snippet":"max-snippet:-1","max-image-preview":"max-image-preview:large","max-video-preview":"max-video-preview:-1"},"canonical":"https:\/\/solardorosario.com.br\/galeria\/produto\/waldomiro-sant-anna-irma-da-modelo\/","og_locale":"pt_BR","og_type":"article","og_title":"Waldomiro Sant anna - Irm\u00e3 da Modelo - Solar do Ros\u00e1rio Galeria \\\\\\\\Nova","og_description":"Artista: Waldomiro Sant anna T\u00edtulo: Irm\u00e3 da Modelo Dimens\u00e3o: 60x70cm T\u00e9cnica: \u00d3leo sobre tela &nbsp; &nbsp; Waldomiro de Freitas Sant' Anna nasceu em It\u00e1polis, interior de S\u00e3o Paulo, em 1952. \u00c9 professor, artista visual e pintor. Se mudou para S\u00e3o Paulo, em 1971, para estudar na Faculdade de Belas Artes. Aos 19 anos, exp\u00f4s individualmente [&hellip;]","og_url":"https:\/\/solardorosario.com.br\/galeria\/produto\/waldomiro-sant-anna-irma-da-modelo\/","og_site_name":"Solar do Ros\u00e1rio Galeria \\\\\\\\Nova","article_modified_time":"2026-04-20T20:54:19+00:00","og_image":[{"width":400,"height":294,"url":"https:\/\/solardorosario.com.br\/galeria\/wp-content\/uploads\/2021\/04\/5802-e1619533800468.jpeg","type":"image\/jpeg"}],"twitter_card":"summary_large_image","twitter_misc":{"Est. tempo de leitura":"2 minutos"},"schema":{"@context":"https:\/\/schema.org","@graph":[{"@type":"WebPage","@id":"https:\/\/solardorosario.com.br\/galeria\/produto\/waldomiro-sant-anna-irma-da-modelo\/","url":"https:\/\/solardorosario.com.br\/galeria\/produto\/waldomiro-sant-anna-irma-da-modelo\/","name":"Waldomiro Sant anna - Irm\u00e3 da Modelo - Solar do Ros\u00e1rio Galeria \\\\\\\\Nova","isPartOf":{"@id":"https:\/\/solardorosario.com.br\/galeria\/#website"},"primaryImageOfPage":{"@id":"https:\/\/solardorosario.com.br\/galeria\/produto\/waldomiro-sant-anna-irma-da-modelo\/#primaryimage"},"image":{"@id":"https:\/\/solardorosario.com.br\/galeria\/produto\/waldomiro-sant-anna-irma-da-modelo\/#primaryimage"},"thumbnailUrl":"https:\/\/solardorosario.com.br\/galeria\/wp-content\/uploads\/2021\/04\/5802-e1619533800468.jpeg","datePublished":"2021-04-27T14:30:08+00:00","dateModified":"2026-04-20T20:54:19+00:00","breadcrumb":{"@id":"https:\/\/solardorosario.com.br\/galeria\/produto\/waldomiro-sant-anna-irma-da-modelo\/#breadcrumb"},"inLanguage":"pt-BR","potentialAction":[{"@type":"ReadAction","target":["https:\/\/solardorosario.com.br\/galeria\/produto\/waldomiro-sant-anna-irma-da-modelo\/"]}]},{"@type":"ImageObject","inLanguage":"pt-BR","@id":"https:\/\/solardorosario.com.br\/galeria\/produto\/waldomiro-sant-anna-irma-da-modelo\/#primaryimage","url":"https:\/\/solardorosario.com.br\/galeria\/wp-content\/uploads\/2021\/04\/5802-e1619533800468.jpeg","contentUrl":"https:\/\/solardorosario.com.br\/galeria\/wp-content\/uploads\/2021\/04\/5802-e1619533800468.jpeg","width":400,"height":294},{"@type":"BreadcrumbList","@id":"https:\/\/solardorosario.com.br\/galeria\/produto\/waldomiro-sant-anna-irma-da-modelo\/#breadcrumb","itemListElement":[{"@type":"ListItem","position":1,"name":"In\u00edcio","item":"https:\/\/solardorosario.com.br\/galeria\/"},{"@type":"ListItem","position":2,"name":"galeria","item":"https:\/\/solardorosario.com.br\/galeria\/galeria\/"},{"@type":"ListItem","position":3,"name":"Waldomiro Sant anna - Irm\u00e3 da Modelo"}]},{"@type":"WebSite","@id":"https:\/\/solardorosario.com.br\/galeria\/#website","url":"https:\/\/solardorosario.com.br\/galeria\/","name":"Solar do Ros\u00e1rio Galeria \\\\\\\\Nova","description":"","potentialAction":[{"@type":"SearchAction","target":{"@type":"EntryPoint","urlTemplate":"https:\/\/solardorosario.com.br\/galeria\/?s={search_term_string}"},"query-input":{"@type":"PropertyValueSpecification","valueRequired":true,"valueName":"search_term_string"}}],"inLanguage":"pt-BR"}]}},"_links":{"self":[{"href":"https:\/\/solardorosario.com.br\/galeria\/wp-json\/wp\/v2\/product\/1893","targetHints":{"allow":["GET"]}}],"collection":[{"href":"https:\/\/solardorosario.com.br\/galeria\/wp-json\/wp\/v2\/product"}],"about":[{"href":"https:\/\/solardorosario.com.br\/galeria\/wp-json\/wp\/v2\/types\/product"}],"wp:featuredmedia":[{"embeddable":true,"href":"https:\/\/solardorosario.com.br\/galeria\/wp-json\/wp\/v2\/media\/1894"}],"wp:attachment":[{"href":"https:\/\/solardorosario.com.br\/galeria\/wp-json\/wp\/v2\/media?parent=1893"}],"wp:term":[{"taxonomy":"product_brand","embeddable":true,"href":"https:\/\/solardorosario.com.br\/galeria\/wp-json\/wp\/v2\/product_brand?post=1893"},{"taxonomy":"product_cat","embeddable":true,"href":"https:\/\/solardorosario.com.br\/galeria\/wp-json\/wp\/v2\/product_cat?post=1893"},{"taxonomy":"product_tag","embeddable":true,"href":"https:\/\/solardorosario.com.br\/galeria\/wp-json\/wp\/v2\/product_tag?post=1893"}],"curies":[{"name":"wp","href":"https:\/\/api.w.org\/{rel}","templated":true}]}}