{"id":1887,"date":"2021-04-27T11:15:59","date_gmt":"2021-04-27T14:15:59","guid":{"rendered":"https:\/\/solardorosario.com.br\/galerianova\/?post_type=product&#038;p=1887"},"modified":"2026-03-25T15:05:42","modified_gmt":"2026-03-25T18:05:42","slug":"paul-garfunkel-sao-paulo-ville","status":"publish","type":"product","link":"https:\/\/solardorosario.com.br\/galeria\/produto\/paul-garfunkel-sao-paulo-ville\/","title":{"rendered":"Garfunkel - S\u00e3o Paulo\/Ville"},"content":{"rendered":"<p><strong>Artista:<\/strong> Paul Garfunkel<\/p>\n<p><strong>T\u00edtulo:<\/strong> S\u00e3o Paulo\/Ville<\/p>\n<p><strong>Dimens\u00e3o:<\/strong> 22x27cm<\/p>\n<p><strong>T\u00e9cnica:<\/strong> Litografia aquarelada<\/p>\n<p>&nbsp;<\/p>\n<p>&nbsp;<\/p>\n<p>Nasceu em Fontainebleau (Fran\u00e7a), em 1900 e faleceu em 11 de maio de 1981, em Curitiba. Era pintor, desenhista, gravador. Se formou em Engenharia pela Escola Polit\u00e9cnica em Paris, em 1919. Chegou no Brasil, em 1927, numa filial de uma ind\u00fastria francesa. Com consequ\u00eancias da Revolu\u00e7\u00e3o de 1930, interrompe suas atividades em S\u00e3o Paulo. Em 1932, se muda para Santos, e come\u00e7a a pintar aquarelas e desenhar. Em 1936, se muda para Curitiba, para montar uma f\u00e1brica de embalagens, e em paralelo com seus neg\u00f3cios, continua a trabalhar com arte. Com o incentivo de Guido Viaro, intensifica seu trabalho e comp\u00f5e o Clube de Gravura do Paran\u00e1, junto com Alcy Xavier e Nilo Previdi. Fez exposi\u00e7\u00f5es individuais em Curitiba, Santos, Filad\u00e9lfia (EUA), Antu\u00e9rpia (B\u00e9lgica), Paris (Fran\u00e7a), S\u00e3o Paulo, Bras\u00edlia. Participou da 1\u00aa Bienal Internacional de S\u00e3o Paulo, do 10\u00ba e 18\u00ba Sal\u00f5es Paranaenses de Belas Artes, em 1953 e 1961, respectivamente. Em 2009, o Museu Oscar Niemeyer (MON) fez uma retrospectiva p\u00f3stuma, chamada \"Um Franc\u00eas do Paran\u00e1\".<\/p>\n","protected":false},"excerpt":{"rendered":"<p>Artista: Paul Garfunkel T\u00edtulo: S\u00e3o Paulo\/Ville Dimens\u00e3o: 22x27cm T\u00e9cnica: Litografia aquarelada &nbsp; &nbsp; Nasceu em Fontainebleau (Fran\u00e7a), em 1900 e faleceu em 11 de maio de 1981, em Curitiba. Era pintor, desenhista, gravador. Se formou em Engenharia pela Escola Polit\u00e9cnica em Paris, em 1919. Chegou no Brasil, em 1927, numa filial de uma ind\u00fastria francesa. [&hellip;]<\/p>\n","protected":false},"featured_media":1888,"template":"","meta":[],"product_brand":[],"product_cat":[117],"product_tag":[],"class_list":{"0":"post-1887","1":"product","2":"type-product","3":"status-publish","4":"has-post-thumbnail","6":"product_cat-galeria","7":"pa_artista-paul-garfunkel","8":"pa_estilo-figurativo-paisagem","9":"pa_tecnica-litografia-aquarelada","11":"first","12":"instock","13":"shipping-taxable","14":"purchasable","15":"product-type-simple"},"yoast_head":"<!-- This site is optimized with the Yoast SEO plugin v27.4 - https:\/\/yoast.com\/product\/yoast-seo-wordpress\/ -->\n<title>Garfunkel - S\u00e3o Paulo\/Ville - Solar do Ros\u00e1rio Galeria \\\\\\\\Nova<\/title>\n<meta name=\"robots\" content=\"index, follow, max-snippet:-1, max-image-preview:large, max-video-preview:-1\" \/>\n<link rel=\"canonical\" href=\"https:\/\/solardorosario.com.br\/galeria\/produto\/paul-garfunkel-sao-paulo-ville\/\" \/>\n<meta property=\"og:locale\" content=\"pt_BR\" \/>\n<meta property=\"og:type\" content=\"article\" \/>\n<meta property=\"og:title\" content=\"Garfunkel - S\u00e3o Paulo\/Ville - Solar do Ros\u00e1rio Galeria \\\\\\\\Nova\" \/>\n<meta property=\"og:description\" content=\"Artista: Paul Garfunkel T\u00edtulo: S\u00e3o Paulo\/Ville Dimens\u00e3o: 22x27cm T\u00e9cnica: Litografia aquarelada &nbsp; &nbsp; Nasceu em Fontainebleau (Fran\u00e7a), em 1900 e faleceu em 11 de maio de 1981, em Curitiba. Era pintor, desenhista, gravador. Se formou em Engenharia pela Escola Polit\u00e9cnica em Paris, em 1919. Chegou no Brasil, em 1927, numa filial de uma ind\u00fastria francesa. [&hellip;]\" \/>\n<meta property=\"og:url\" content=\"https:\/\/solardorosario.com.br\/galeria\/produto\/paul-garfunkel-sao-paulo-ville\/\" \/>\n<meta property=\"og:site_name\" content=\"Solar do Ros\u00e1rio Galeria \\\\\\\\Nova\" \/>\n<meta property=\"article:modified_time\" content=\"2026-03-25T18:05:42+00:00\" \/>\n<meta property=\"og:image\" content=\"https:\/\/solardorosario.com.br\/galeria\/wp-content\/uploads\/2021\/04\/2842-e1619532949679.jpeg\" \/>\n\t<meta property=\"og:image:width\" content=\"300\" \/>\n\t<meta property=\"og:image:height\" content=\"216\" \/>\n\t<meta property=\"og:image:type\" content=\"image\/jpeg\" \/>\n<meta name=\"twitter:card\" content=\"summary_large_image\" \/>\n<meta name=\"twitter:label1\" content=\"Est. tempo de leitura\" \/>\n\t<meta name=\"twitter:data1\" content=\"2 minutos\" \/>\n<script type=\"application\/ld+json\" class=\"yoast-schema-graph\">{\"@context\":\"https:\\\/\\\/schema.org\",\"@graph\":[{\"@type\":\"WebPage\",\"@id\":\"https:\\\/\\\/solardorosario.com.br\\\/galeria\\\/produto\\\/paul-garfunkel-sao-paulo-ville\\\/\",\"url\":\"https:\\\/\\\/solardorosario.com.br\\\/galeria\\\/produto\\\/paul-garfunkel-sao-paulo-ville\\\/\",\"name\":\"Garfunkel - S\u00e3o Paulo\\\/Ville - Solar do Ros\u00e1rio Galeria \\\\\\\\\\\\\\\\Nova\",\"isPartOf\":{\"@id\":\"https:\\\/\\\/solardorosario.com.br\\\/galeria\\\/#website\"},\"primaryImageOfPage\":{\"@id\":\"https:\\\/\\\/solardorosario.com.br\\\/galeria\\\/produto\\\/paul-garfunkel-sao-paulo-ville\\\/#primaryimage\"},\"image\":{\"@id\":\"https:\\\/\\\/solardorosario.com.br\\\/galeria\\\/produto\\\/paul-garfunkel-sao-paulo-ville\\\/#primaryimage\"},\"thumbnailUrl\":\"https:\\\/\\\/solardorosario.com.br\\\/galeria\\\/wp-content\\\/uploads\\\/2021\\\/04\\\/2842-e1619532949679.jpeg\",\"datePublished\":\"2021-04-27T14:15:59+00:00\",\"dateModified\":\"2026-03-25T18:05:42+00:00\",\"breadcrumb\":{\"@id\":\"https:\\\/\\\/solardorosario.com.br\\\/galeria\\\/produto\\\/paul-garfunkel-sao-paulo-ville\\\/#breadcrumb\"},\"inLanguage\":\"pt-BR\",\"potentialAction\":[{\"@type\":\"ReadAction\",\"target\":[\"https:\\\/\\\/solardorosario.com.br\\\/galeria\\\/produto\\\/paul-garfunkel-sao-paulo-ville\\\/\"]}]},{\"@type\":\"ImageObject\",\"inLanguage\":\"pt-BR\",\"@id\":\"https:\\\/\\\/solardorosario.com.br\\\/galeria\\\/produto\\\/paul-garfunkel-sao-paulo-ville\\\/#primaryimage\",\"url\":\"https:\\\/\\\/solardorosario.com.br\\\/galeria\\\/wp-content\\\/uploads\\\/2021\\\/04\\\/2842-e1619532949679.jpeg\",\"contentUrl\":\"https:\\\/\\\/solardorosario.com.br\\\/galeria\\\/wp-content\\\/uploads\\\/2021\\\/04\\\/2842-e1619532949679.jpeg\",\"width\":300,\"height\":216},{\"@type\":\"BreadcrumbList\",\"@id\":\"https:\\\/\\\/solardorosario.com.br\\\/galeria\\\/produto\\\/paul-garfunkel-sao-paulo-ville\\\/#breadcrumb\",\"itemListElement\":[{\"@type\":\"ListItem\",\"position\":1,\"name\":\"In\u00edcio\",\"item\":\"https:\\\/\\\/solardorosario.com.br\\\/galeria\\\/\"},{\"@type\":\"ListItem\",\"position\":2,\"name\":\"galeria\",\"item\":\"https:\\\/\\\/solardorosario.com.br\\\/galeria\\\/galeria\\\/\"},{\"@type\":\"ListItem\",\"position\":3,\"name\":\"Garfunkel - S\u00e3o Paulo\\\/Ville\"}]},{\"@type\":\"WebSite\",\"@id\":\"https:\\\/\\\/solardorosario.com.br\\\/galeria\\\/#website\",\"url\":\"https:\\\/\\\/solardorosario.com.br\\\/galeria\\\/\",\"name\":\"Solar do Ros\u00e1rio Galeria \\\\\\\\\\\\\\\\Nova\",\"description\":\"\",\"potentialAction\":[{\"@type\":\"SearchAction\",\"target\":{\"@type\":\"EntryPoint\",\"urlTemplate\":\"https:\\\/\\\/solardorosario.com.br\\\/galeria\\\/?s={search_term_string}\"},\"query-input\":{\"@type\":\"PropertyValueSpecification\",\"valueRequired\":true,\"valueName\":\"search_term_string\"}}],\"inLanguage\":\"pt-BR\"}]}<\/script>\n<!-- \/ Yoast SEO plugin. -->","yoast_head_json":{"title":"Garfunkel - S\u00e3o Paulo\/Ville - Solar do Ros\u00e1rio Galeria \\\\\\\\Nova","robots":{"index":"index","follow":"follow","max-snippet":"max-snippet:-1","max-image-preview":"max-image-preview:large","max-video-preview":"max-video-preview:-1"},"canonical":"https:\/\/solardorosario.com.br\/galeria\/produto\/paul-garfunkel-sao-paulo-ville\/","og_locale":"pt_BR","og_type":"article","og_title":"Garfunkel - S\u00e3o Paulo\/Ville - Solar do Ros\u00e1rio Galeria \\\\\\\\Nova","og_description":"Artista: Paul Garfunkel T\u00edtulo: S\u00e3o Paulo\/Ville Dimens\u00e3o: 22x27cm T\u00e9cnica: Litografia aquarelada &nbsp; &nbsp; Nasceu em Fontainebleau (Fran\u00e7a), em 1900 e faleceu em 11 de maio de 1981, em Curitiba. Era pintor, desenhista, gravador. Se formou em Engenharia pela Escola Polit\u00e9cnica em Paris, em 1919. Chegou no Brasil, em 1927, numa filial de uma ind\u00fastria francesa. [&hellip;]","og_url":"https:\/\/solardorosario.com.br\/galeria\/produto\/paul-garfunkel-sao-paulo-ville\/","og_site_name":"Solar do Ros\u00e1rio Galeria \\\\\\\\Nova","article_modified_time":"2026-03-25T18:05:42+00:00","og_image":[{"width":300,"height":216,"url":"https:\/\/solardorosario.com.br\/galeria\/wp-content\/uploads\/2021\/04\/2842-e1619532949679.jpeg","type":"image\/jpeg"}],"twitter_card":"summary_large_image","twitter_misc":{"Est. tempo de leitura":"2 minutos"},"schema":{"@context":"https:\/\/schema.org","@graph":[{"@type":"WebPage","@id":"https:\/\/solardorosario.com.br\/galeria\/produto\/paul-garfunkel-sao-paulo-ville\/","url":"https:\/\/solardorosario.com.br\/galeria\/produto\/paul-garfunkel-sao-paulo-ville\/","name":"Garfunkel - S\u00e3o Paulo\/Ville - Solar do Ros\u00e1rio Galeria \\\\\\\\Nova","isPartOf":{"@id":"https:\/\/solardorosario.com.br\/galeria\/#website"},"primaryImageOfPage":{"@id":"https:\/\/solardorosario.com.br\/galeria\/produto\/paul-garfunkel-sao-paulo-ville\/#primaryimage"},"image":{"@id":"https:\/\/solardorosario.com.br\/galeria\/produto\/paul-garfunkel-sao-paulo-ville\/#primaryimage"},"thumbnailUrl":"https:\/\/solardorosario.com.br\/galeria\/wp-content\/uploads\/2021\/04\/2842-e1619532949679.jpeg","datePublished":"2021-04-27T14:15:59+00:00","dateModified":"2026-03-25T18:05:42+00:00","breadcrumb":{"@id":"https:\/\/solardorosario.com.br\/galeria\/produto\/paul-garfunkel-sao-paulo-ville\/#breadcrumb"},"inLanguage":"pt-BR","potentialAction":[{"@type":"ReadAction","target":["https:\/\/solardorosario.com.br\/galeria\/produto\/paul-garfunkel-sao-paulo-ville\/"]}]},{"@type":"ImageObject","inLanguage":"pt-BR","@id":"https:\/\/solardorosario.com.br\/galeria\/produto\/paul-garfunkel-sao-paulo-ville\/#primaryimage","url":"https:\/\/solardorosario.com.br\/galeria\/wp-content\/uploads\/2021\/04\/2842-e1619532949679.jpeg","contentUrl":"https:\/\/solardorosario.com.br\/galeria\/wp-content\/uploads\/2021\/04\/2842-e1619532949679.jpeg","width":300,"height":216},{"@type":"BreadcrumbList","@id":"https:\/\/solardorosario.com.br\/galeria\/produto\/paul-garfunkel-sao-paulo-ville\/#breadcrumb","itemListElement":[{"@type":"ListItem","position":1,"name":"In\u00edcio","item":"https:\/\/solardorosario.com.br\/galeria\/"},{"@type":"ListItem","position":2,"name":"galeria","item":"https:\/\/solardorosario.com.br\/galeria\/galeria\/"},{"@type":"ListItem","position":3,"name":"Garfunkel - S\u00e3o Paulo\/Ville"}]},{"@type":"WebSite","@id":"https:\/\/solardorosario.com.br\/galeria\/#website","url":"https:\/\/solardorosario.com.br\/galeria\/","name":"Solar do Ros\u00e1rio Galeria \\\\\\\\Nova","description":"","potentialAction":[{"@type":"SearchAction","target":{"@type":"EntryPoint","urlTemplate":"https:\/\/solardorosario.com.br\/galeria\/?s={search_term_string}"},"query-input":{"@type":"PropertyValueSpecification","valueRequired":true,"valueName":"search_term_string"}}],"inLanguage":"pt-BR"}]}},"_links":{"self":[{"href":"https:\/\/solardorosario.com.br\/galeria\/wp-json\/wp\/v2\/product\/1887","targetHints":{"allow":["GET"]}}],"collection":[{"href":"https:\/\/solardorosario.com.br\/galeria\/wp-json\/wp\/v2\/product"}],"about":[{"href":"https:\/\/solardorosario.com.br\/galeria\/wp-json\/wp\/v2\/types\/product"}],"wp:featuredmedia":[{"embeddable":true,"href":"https:\/\/solardorosario.com.br\/galeria\/wp-json\/wp\/v2\/media\/1888"}],"wp:attachment":[{"href":"https:\/\/solardorosario.com.br\/galeria\/wp-json\/wp\/v2\/media?parent=1887"}],"wp:term":[{"taxonomy":"product_brand","embeddable":true,"href":"https:\/\/solardorosario.com.br\/galeria\/wp-json\/wp\/v2\/product_brand?post=1887"},{"taxonomy":"product_cat","embeddable":true,"href":"https:\/\/solardorosario.com.br\/galeria\/wp-json\/wp\/v2\/product_cat?post=1887"},{"taxonomy":"product_tag","embeddable":true,"href":"https:\/\/solardorosario.com.br\/galeria\/wp-json\/wp\/v2\/product_tag?post=1887"}],"curies":[{"name":"wp","href":"https:\/\/api.w.org\/{rel}","templated":true}]}}