{"id":1881,"date":"2021-04-27T11:04:57","date_gmt":"2021-04-27T14:04:57","guid":{"rendered":"https:\/\/solardorosario.com.br\/galerianova\/?post_type=product&#038;p=1881"},"modified":"2026-04-13T16:40:23","modified_gmt":"2026-04-13T19:40:23","slug":"paulo-marinho-sinuca","status":"publish","type":"product","link":"https:\/\/solardorosario.com.br\/galeria\/produto\/paulo-marinho-sinuca\/","title":{"rendered":"Paulo Marinho - Sinuca"},"content":{"rendered":"<p><strong>Artista:<\/strong> Paulo Marinho<\/p>\n<p><strong>T\u00edtulo:<\/strong> Sinuca<\/p>\n<p><strong>Dimens\u00e3o:<\/strong> 46x38cm<\/p>\n<p><strong>T\u00e9cnica:<\/strong> \u00d3leo sobre tela<\/p>\n<p>&nbsp;<\/p>\n<p>&nbsp;<\/p>\n<p>Paulo Marinho \u00e9 um artista visual, nascido em 1944, no Rio de Janeiro. \u00c9 autodidata, mas frequentou a Escola Brasileira de Desenho Publicit\u00e1rio, em 1958, e cursos livres como o de Pintura, no Liceu de Artes e Of\u00edcios, em 1961, o de Restaura\u00e7\u00e3o na Sociedade Brasileira de Belas Artes, em 1968 e em 1970, o curso de Propaganda e Marketing na Associa\u00e7\u00e3o Brasileira de Propaganda (ABP). Desde 1961, participa de pr\u00eamios e participa\u00e7\u00f5es em Sal\u00f5es, como o Sal\u00e3o Nacional de Belas Artes, no Rio de Janeiro, que recebeu a men\u00e7\u00e3o honrosa. Em 1963, recebeu a medalha de bronze no mesmo sal\u00e3o. Em 1965, recebeu a medalha de bronze no Sal\u00e3o do Clube Militar. Recebeu men\u00e7\u00f5es honrosas no Sal\u00e3o do Clube Naval, na Sociedade Brasileira de Belas Artes e no Sal\u00e3o Batista da Costa. Em 1980, recebeu o pr\u00eamio medalha de ouro, no Sal\u00e3o da Aeron\u00e1utica. Em 1982, recebeu o pr\u00eamio de viagem ao exterior pelo Sal\u00e3o Nacional Flumitur. Participou de diversas exposi\u00e7\u00f5es no Brasil no Rio de Janeiro, Salvador, Vit\u00f3ria, Curitiba, Campos, Juiz de Fora, Volta Redonda, Jo\u00e3o Pessoa, Passo Fundo, Bras\u00edlia, al\u00e9m de internacionalmente, como Su\u00ed\u00e7a, Estados Unidos e Lisboa.<\/p>\n<p>&nbsp;<\/p>\n","protected":false},"excerpt":{"rendered":"<p>Artista: Paulo Marinho T\u00edtulo: Sinuca Dimens\u00e3o: 46x38cm T\u00e9cnica: \u00d3leo sobre tela &nbsp; &nbsp; Paulo Marinho \u00e9 um artista visual, nascido em 1944, no Rio de Janeiro. \u00c9 autodidata, mas frequentou a Escola Brasileira de Desenho Publicit\u00e1rio, em 1958, e cursos livres como o de Pintura, no Liceu de Artes e Of\u00edcios, em 1961, o de [&hellip;]<\/p>\n","protected":false},"featured_media":1882,"template":"","meta":[],"product_brand":[],"product_cat":[117],"product_tag":[],"class_list":{"0":"post-1881","1":"product","2":"type-product","3":"status-publish","4":"has-post-thumbnail","6":"product_cat-galeria","7":"pa_artista-paulo-marinho","8":"pa_estilo-figurativo-marinha","9":"pa_tecnica-oleo-sobre-tela","11":"first","12":"instock","13":"shipping-taxable","14":"purchasable","15":"product-type-simple"},"yoast_head":"<!-- This site is optimized with the Yoast SEO plugin v27.4 - https:\/\/yoast.com\/product\/yoast-seo-wordpress\/ -->\n<title>Paulo Marinho - Sinuca - Solar do Ros\u00e1rio Galeria \\\\\\\\Nova<\/title>\n<meta name=\"robots\" content=\"index, follow, max-snippet:-1, max-image-preview:large, max-video-preview:-1\" \/>\n<link rel=\"canonical\" href=\"https:\/\/solardorosario.com.br\/galeria\/produto\/paulo-marinho-sinuca\/\" \/>\n<meta property=\"og:locale\" content=\"pt_BR\" \/>\n<meta property=\"og:type\" content=\"article\" \/>\n<meta property=\"og:title\" content=\"Paulo Marinho - Sinuca - Solar do Ros\u00e1rio Galeria \\\\\\\\Nova\" \/>\n<meta property=\"og:description\" content=\"Artista: Paulo Marinho T\u00edtulo: Sinuca Dimens\u00e3o: 46x38cm T\u00e9cnica: \u00d3leo sobre tela &nbsp; &nbsp; Paulo Marinho \u00e9 um artista visual, nascido em 1944, no Rio de Janeiro. \u00c9 autodidata, mas frequentou a Escola Brasileira de Desenho Publicit\u00e1rio, em 1958, e cursos livres como o de Pintura, no Liceu de Artes e Of\u00edcios, em 1961, o de [&hellip;]\" \/>\n<meta property=\"og:url\" content=\"https:\/\/solardorosario.com.br\/galeria\/produto\/paulo-marinho-sinuca\/\" \/>\n<meta property=\"og:site_name\" content=\"Solar do Ros\u00e1rio Galeria \\\\\\\\Nova\" \/>\n<meta property=\"article:modified_time\" content=\"2026-04-13T19:40:23+00:00\" \/>\n<meta property=\"og:image\" content=\"https:\/\/solardorosario.com.br\/galeria\/wp-content\/uploads\/2021\/04\/1760-e1619532031832.jpeg\" \/>\n\t<meta property=\"og:image:width\" content=\"300\" \/>\n\t<meta property=\"og:image:height\" content=\"203\" \/>\n\t<meta property=\"og:image:type\" content=\"image\/jpeg\" \/>\n<meta name=\"twitter:card\" content=\"summary_large_image\" \/>\n<meta name=\"twitter:label1\" content=\"Est. tempo de leitura\" \/>\n\t<meta name=\"twitter:data1\" content=\"2 minutos\" \/>\n<script type=\"application\/ld+json\" class=\"yoast-schema-graph\">{\"@context\":\"https:\\\/\\\/schema.org\",\"@graph\":[{\"@type\":\"WebPage\",\"@id\":\"https:\\\/\\\/solardorosario.com.br\\\/galeria\\\/produto\\\/paulo-marinho-sinuca\\\/\",\"url\":\"https:\\\/\\\/solardorosario.com.br\\\/galeria\\\/produto\\\/paulo-marinho-sinuca\\\/\",\"name\":\"Paulo Marinho - Sinuca - Solar do Ros\u00e1rio Galeria \\\\\\\\\\\\\\\\Nova\",\"isPartOf\":{\"@id\":\"https:\\\/\\\/solardorosario.com.br\\\/galeria\\\/#website\"},\"primaryImageOfPage\":{\"@id\":\"https:\\\/\\\/solardorosario.com.br\\\/galeria\\\/produto\\\/paulo-marinho-sinuca\\\/#primaryimage\"},\"image\":{\"@id\":\"https:\\\/\\\/solardorosario.com.br\\\/galeria\\\/produto\\\/paulo-marinho-sinuca\\\/#primaryimage\"},\"thumbnailUrl\":\"https:\\\/\\\/solardorosario.com.br\\\/galeria\\\/wp-content\\\/uploads\\\/2021\\\/04\\\/1760-e1619532031832.jpeg\",\"datePublished\":\"2021-04-27T14:04:57+00:00\",\"dateModified\":\"2026-04-13T19:40:23+00:00\",\"breadcrumb\":{\"@id\":\"https:\\\/\\\/solardorosario.com.br\\\/galeria\\\/produto\\\/paulo-marinho-sinuca\\\/#breadcrumb\"},\"inLanguage\":\"pt-BR\",\"potentialAction\":[{\"@type\":\"ReadAction\",\"target\":[\"https:\\\/\\\/solardorosario.com.br\\\/galeria\\\/produto\\\/paulo-marinho-sinuca\\\/\"]}]},{\"@type\":\"ImageObject\",\"inLanguage\":\"pt-BR\",\"@id\":\"https:\\\/\\\/solardorosario.com.br\\\/galeria\\\/produto\\\/paulo-marinho-sinuca\\\/#primaryimage\",\"url\":\"https:\\\/\\\/solardorosario.com.br\\\/galeria\\\/wp-content\\\/uploads\\\/2021\\\/04\\\/1760-e1619532031832.jpeg\",\"contentUrl\":\"https:\\\/\\\/solardorosario.com.br\\\/galeria\\\/wp-content\\\/uploads\\\/2021\\\/04\\\/1760-e1619532031832.jpeg\",\"width\":300,\"height\":203},{\"@type\":\"BreadcrumbList\",\"@id\":\"https:\\\/\\\/solardorosario.com.br\\\/galeria\\\/produto\\\/paulo-marinho-sinuca\\\/#breadcrumb\",\"itemListElement\":[{\"@type\":\"ListItem\",\"position\":1,\"name\":\"In\u00edcio\",\"item\":\"https:\\\/\\\/solardorosario.com.br\\\/galeria\\\/\"},{\"@type\":\"ListItem\",\"position\":2,\"name\":\"galeria\",\"item\":\"https:\\\/\\\/solardorosario.com.br\\\/galeria\\\/galeria\\\/\"},{\"@type\":\"ListItem\",\"position\":3,\"name\":\"Paulo Marinho - Sinuca\"}]},{\"@type\":\"WebSite\",\"@id\":\"https:\\\/\\\/solardorosario.com.br\\\/galeria\\\/#website\",\"url\":\"https:\\\/\\\/solardorosario.com.br\\\/galeria\\\/\",\"name\":\"Solar do Ros\u00e1rio Galeria \\\\\\\\\\\\\\\\Nova\",\"description\":\"\",\"potentialAction\":[{\"@type\":\"SearchAction\",\"target\":{\"@type\":\"EntryPoint\",\"urlTemplate\":\"https:\\\/\\\/solardorosario.com.br\\\/galeria\\\/?s={search_term_string}\"},\"query-input\":{\"@type\":\"PropertyValueSpecification\",\"valueRequired\":true,\"valueName\":\"search_term_string\"}}],\"inLanguage\":\"pt-BR\"}]}<\/script>\n<!-- \/ Yoast SEO plugin. -->","yoast_head_json":{"title":"Paulo Marinho - Sinuca - Solar do Ros\u00e1rio Galeria \\\\\\\\Nova","robots":{"index":"index","follow":"follow","max-snippet":"max-snippet:-1","max-image-preview":"max-image-preview:large","max-video-preview":"max-video-preview:-1"},"canonical":"https:\/\/solardorosario.com.br\/galeria\/produto\/paulo-marinho-sinuca\/","og_locale":"pt_BR","og_type":"article","og_title":"Paulo Marinho - Sinuca - Solar do Ros\u00e1rio Galeria \\\\\\\\Nova","og_description":"Artista: Paulo Marinho T\u00edtulo: Sinuca Dimens\u00e3o: 46x38cm T\u00e9cnica: \u00d3leo sobre tela &nbsp; &nbsp; Paulo Marinho \u00e9 um artista visual, nascido em 1944, no Rio de Janeiro. \u00c9 autodidata, mas frequentou a Escola Brasileira de Desenho Publicit\u00e1rio, em 1958, e cursos livres como o de Pintura, no Liceu de Artes e Of\u00edcios, em 1961, o de [&hellip;]","og_url":"https:\/\/solardorosario.com.br\/galeria\/produto\/paulo-marinho-sinuca\/","og_site_name":"Solar do Ros\u00e1rio Galeria \\\\\\\\Nova","article_modified_time":"2026-04-13T19:40:23+00:00","og_image":[{"width":300,"height":203,"url":"https:\/\/solardorosario.com.br\/galeria\/wp-content\/uploads\/2021\/04\/1760-e1619532031832.jpeg","type":"image\/jpeg"}],"twitter_card":"summary_large_image","twitter_misc":{"Est. tempo de leitura":"2 minutos"},"schema":{"@context":"https:\/\/schema.org","@graph":[{"@type":"WebPage","@id":"https:\/\/solardorosario.com.br\/galeria\/produto\/paulo-marinho-sinuca\/","url":"https:\/\/solardorosario.com.br\/galeria\/produto\/paulo-marinho-sinuca\/","name":"Paulo Marinho - Sinuca - Solar do Ros\u00e1rio Galeria \\\\\\\\Nova","isPartOf":{"@id":"https:\/\/solardorosario.com.br\/galeria\/#website"},"primaryImageOfPage":{"@id":"https:\/\/solardorosario.com.br\/galeria\/produto\/paulo-marinho-sinuca\/#primaryimage"},"image":{"@id":"https:\/\/solardorosario.com.br\/galeria\/produto\/paulo-marinho-sinuca\/#primaryimage"},"thumbnailUrl":"https:\/\/solardorosario.com.br\/galeria\/wp-content\/uploads\/2021\/04\/1760-e1619532031832.jpeg","datePublished":"2021-04-27T14:04:57+00:00","dateModified":"2026-04-13T19:40:23+00:00","breadcrumb":{"@id":"https:\/\/solardorosario.com.br\/galeria\/produto\/paulo-marinho-sinuca\/#breadcrumb"},"inLanguage":"pt-BR","potentialAction":[{"@type":"ReadAction","target":["https:\/\/solardorosario.com.br\/galeria\/produto\/paulo-marinho-sinuca\/"]}]},{"@type":"ImageObject","inLanguage":"pt-BR","@id":"https:\/\/solardorosario.com.br\/galeria\/produto\/paulo-marinho-sinuca\/#primaryimage","url":"https:\/\/solardorosario.com.br\/galeria\/wp-content\/uploads\/2021\/04\/1760-e1619532031832.jpeg","contentUrl":"https:\/\/solardorosario.com.br\/galeria\/wp-content\/uploads\/2021\/04\/1760-e1619532031832.jpeg","width":300,"height":203},{"@type":"BreadcrumbList","@id":"https:\/\/solardorosario.com.br\/galeria\/produto\/paulo-marinho-sinuca\/#breadcrumb","itemListElement":[{"@type":"ListItem","position":1,"name":"In\u00edcio","item":"https:\/\/solardorosario.com.br\/galeria\/"},{"@type":"ListItem","position":2,"name":"galeria","item":"https:\/\/solardorosario.com.br\/galeria\/galeria\/"},{"@type":"ListItem","position":3,"name":"Paulo Marinho - Sinuca"}]},{"@type":"WebSite","@id":"https:\/\/solardorosario.com.br\/galeria\/#website","url":"https:\/\/solardorosario.com.br\/galeria\/","name":"Solar do Ros\u00e1rio Galeria \\\\\\\\Nova","description":"","potentialAction":[{"@type":"SearchAction","target":{"@type":"EntryPoint","urlTemplate":"https:\/\/solardorosario.com.br\/galeria\/?s={search_term_string}"},"query-input":{"@type":"PropertyValueSpecification","valueRequired":true,"valueName":"search_term_string"}}],"inLanguage":"pt-BR"}]}},"_links":{"self":[{"href":"https:\/\/solardorosario.com.br\/galeria\/wp-json\/wp\/v2\/product\/1881","targetHints":{"allow":["GET"]}}],"collection":[{"href":"https:\/\/solardorosario.com.br\/galeria\/wp-json\/wp\/v2\/product"}],"about":[{"href":"https:\/\/solardorosario.com.br\/galeria\/wp-json\/wp\/v2\/types\/product"}],"wp:featuredmedia":[{"embeddable":true,"href":"https:\/\/solardorosario.com.br\/galeria\/wp-json\/wp\/v2\/media\/1882"}],"wp:attachment":[{"href":"https:\/\/solardorosario.com.br\/galeria\/wp-json\/wp\/v2\/media?parent=1881"}],"wp:term":[{"taxonomy":"product_brand","embeddable":true,"href":"https:\/\/solardorosario.com.br\/galeria\/wp-json\/wp\/v2\/product_brand?post=1881"},{"taxonomy":"product_cat","embeddable":true,"href":"https:\/\/solardorosario.com.br\/galeria\/wp-json\/wp\/v2\/product_cat?post=1881"},{"taxonomy":"product_tag","embeddable":true,"href":"https:\/\/solardorosario.com.br\/galeria\/wp-json\/wp\/v2\/product_tag?post=1881"}],"curies":[{"name":"wp","href":"https:\/\/api.w.org\/{rel}","templated":true}]}}