{"id":1877,"date":"2021-04-27T10:52:04","date_gmt":"2021-04-27T13:52:04","guid":{"rendered":"https:\/\/solardorosario.com.br\/galerianova\/?post_type=product&#038;p=1877"},"modified":"2026-04-08T10:46:51","modified_gmt":"2026-04-08T13:46:51","slug":"miriam-postal-bem-me-quer","status":"publish","type":"product","link":"https:\/\/solardorosario.com.br\/galeria\/produto\/miriam-postal-bem-me-quer\/","title":{"rendered":"Miriam Postal - Bem me Quer"},"content":{"rendered":"<p><strong>Artista:<\/strong> Miriam Postal<\/p>\n<p><strong>T\u00edtulo:<\/strong> Bem me Quer<\/p>\n<p><strong>Dimens\u00e3o:<\/strong> 50x70cm<\/p>\n<p><strong>T\u00e9cnica:<\/strong> Serigrafia sobre tela<\/p>\n<p>&nbsp;<\/p>\n<p>&nbsp;<\/p>\n<p>Miriam Postal \u00e9 natural de Passo Fundo - RS e nasceu em 1962. \u00c9 formada em Bacharel em Desenho e Pl\u00e1stica e fez p\u00f3s-gradua\u00e7\u00e3o em Arte\/Educa\u00e7\u00e3o, ambos pela Universidade de Passo Fundo-RS. Fez cursos de especializa\u00e7\u00e3o no Brasil e no exterior. Desde 1982, realiza exposi\u00e7\u00f5es coletivas, como a I Mostra de Desenho e Pl\u00e1stica, em Passo Fundo, e em 2002, exp\u00f4s na Galeria Solar do Ros\u00e1rio \"Janelas para a vida\". Fez diversas exposi\u00e7\u00f5es coletivas e sal\u00f5es de arte em Porto Alegre, S\u00e3o Paulo, Novo Hamburgo, Curitiba, Pelotas, Rio de Janeiro, Carazinho, Bento Gon\u00e7alves, Florian\u00f3polis, Uruguaiana, e em outros pa\u00edses como Estados Unidos, B\u00e9lgica, Paraguai, Portugal e Alemanha.<\/p>\n","protected":false},"excerpt":{"rendered":"<p>Artista: Miriam Postal T\u00edtulo: Bem me Quer Dimens\u00e3o: 50x70cm T\u00e9cnica: Serigrafia sobre tela &nbsp; &nbsp; Miriam Postal \u00e9 natural de Passo Fundo - RS e nasceu em 1962. \u00c9 formada em Bacharel em Desenho e Pl\u00e1stica e fez p\u00f3s-gradua\u00e7\u00e3o em Arte\/Educa\u00e7\u00e3o, ambos pela Universidade de Passo Fundo-RS. Fez cursos de especializa\u00e7\u00e3o no Brasil e no [&hellip;]<\/p>\n","protected":false},"featured_media":1878,"template":"","meta":[],"product_brand":[],"product_cat":[117],"product_tag":[],"class_list":{"0":"post-1877","1":"product","2":"type-product","3":"status-publish","4":"has-post-thumbnail","6":"product_cat-galeria","7":"pa_artista-miriam-postal","8":"pa_estilo-figura-humana","9":"pa_tecnica-serigrafia","11":"first","12":"instock","13":"shipping-taxable","14":"purchasable","15":"product-type-simple"},"yoast_head":"<!-- This site is optimized with the Yoast SEO plugin v27.4 - https:\/\/yoast.com\/product\/yoast-seo-wordpress\/ -->\n<title>Miriam Postal - Bem me Quer - Solar do Ros\u00e1rio Galeria \\\\\\\\Nova<\/title>\n<meta name=\"robots\" content=\"index, follow, max-snippet:-1, max-image-preview:large, max-video-preview:-1\" \/>\n<link rel=\"canonical\" href=\"https:\/\/solardorosario.com.br\/galeria\/produto\/miriam-postal-bem-me-quer\/\" \/>\n<meta property=\"og:locale\" content=\"pt_BR\" \/>\n<meta property=\"og:type\" content=\"article\" \/>\n<meta property=\"og:title\" content=\"Miriam Postal - Bem me Quer - Solar do Ros\u00e1rio Galeria \\\\\\\\Nova\" \/>\n<meta property=\"og:description\" content=\"Artista: Miriam Postal T\u00edtulo: Bem me Quer Dimens\u00e3o: 50x70cm T\u00e9cnica: Serigrafia sobre tela &nbsp; &nbsp; Miriam Postal \u00e9 natural de Passo Fundo - RS e nasceu em 1962. \u00c9 formada em Bacharel em Desenho e Pl\u00e1stica e fez p\u00f3s-gradua\u00e7\u00e3o em Arte\/Educa\u00e7\u00e3o, ambos pela Universidade de Passo Fundo-RS. Fez cursos de especializa\u00e7\u00e3o no Brasil e no [&hellip;]\" \/>\n<meta property=\"og:url\" content=\"https:\/\/solardorosario.com.br\/galeria\/produto\/miriam-postal-bem-me-quer\/\" \/>\n<meta property=\"og:site_name\" content=\"Solar do Ros\u00e1rio Galeria \\\\\\\\Nova\" \/>\n<meta property=\"article:modified_time\" content=\"2026-04-08T13:46:51+00:00\" \/>\n<meta property=\"og:image\" content=\"https:\/\/solardorosario.com.br\/galeria\/wp-content\/uploads\/2021\/04\/981-e1619531516768.jpeg\" \/>\n\t<meta property=\"og:image:width\" content=\"300\" \/>\n\t<meta property=\"og:image:height\" content=\"206\" \/>\n\t<meta property=\"og:image:type\" content=\"image\/jpeg\" \/>\n<meta name=\"twitter:card\" content=\"summary_large_image\" \/>\n<meta name=\"twitter:label1\" content=\"Est. tempo de leitura\" \/>\n\t<meta name=\"twitter:data1\" content=\"1 minuto\" \/>\n<script type=\"application\/ld+json\" class=\"yoast-schema-graph\">{\"@context\":\"https:\\\/\\\/schema.org\",\"@graph\":[{\"@type\":\"WebPage\",\"@id\":\"https:\\\/\\\/solardorosario.com.br\\\/galeria\\\/produto\\\/miriam-postal-bem-me-quer\\\/\",\"url\":\"https:\\\/\\\/solardorosario.com.br\\\/galeria\\\/produto\\\/miriam-postal-bem-me-quer\\\/\",\"name\":\"Miriam Postal - Bem me Quer - Solar do Ros\u00e1rio Galeria \\\\\\\\\\\\\\\\Nova\",\"isPartOf\":{\"@id\":\"https:\\\/\\\/solardorosario.com.br\\\/galeria\\\/#website\"},\"primaryImageOfPage\":{\"@id\":\"https:\\\/\\\/solardorosario.com.br\\\/galeria\\\/produto\\\/miriam-postal-bem-me-quer\\\/#primaryimage\"},\"image\":{\"@id\":\"https:\\\/\\\/solardorosario.com.br\\\/galeria\\\/produto\\\/miriam-postal-bem-me-quer\\\/#primaryimage\"},\"thumbnailUrl\":\"https:\\\/\\\/solardorosario.com.br\\\/galeria\\\/wp-content\\\/uploads\\\/2021\\\/04\\\/981-e1619531516768.jpeg\",\"datePublished\":\"2021-04-27T13:52:04+00:00\",\"dateModified\":\"2026-04-08T13:46:51+00:00\",\"breadcrumb\":{\"@id\":\"https:\\\/\\\/solardorosario.com.br\\\/galeria\\\/produto\\\/miriam-postal-bem-me-quer\\\/#breadcrumb\"},\"inLanguage\":\"pt-BR\",\"potentialAction\":[{\"@type\":\"ReadAction\",\"target\":[\"https:\\\/\\\/solardorosario.com.br\\\/galeria\\\/produto\\\/miriam-postal-bem-me-quer\\\/\"]}]},{\"@type\":\"ImageObject\",\"inLanguage\":\"pt-BR\",\"@id\":\"https:\\\/\\\/solardorosario.com.br\\\/galeria\\\/produto\\\/miriam-postal-bem-me-quer\\\/#primaryimage\",\"url\":\"https:\\\/\\\/solardorosario.com.br\\\/galeria\\\/wp-content\\\/uploads\\\/2021\\\/04\\\/981-e1619531516768.jpeg\",\"contentUrl\":\"https:\\\/\\\/solardorosario.com.br\\\/galeria\\\/wp-content\\\/uploads\\\/2021\\\/04\\\/981-e1619531516768.jpeg\",\"width\":300,\"height\":206},{\"@type\":\"BreadcrumbList\",\"@id\":\"https:\\\/\\\/solardorosario.com.br\\\/galeria\\\/produto\\\/miriam-postal-bem-me-quer\\\/#breadcrumb\",\"itemListElement\":[{\"@type\":\"ListItem\",\"position\":1,\"name\":\"In\u00edcio\",\"item\":\"https:\\\/\\\/solardorosario.com.br\\\/galeria\\\/\"},{\"@type\":\"ListItem\",\"position\":2,\"name\":\"galeria\",\"item\":\"https:\\\/\\\/solardorosario.com.br\\\/galeria\\\/galeria\\\/\"},{\"@type\":\"ListItem\",\"position\":3,\"name\":\"Miriam Postal - Bem me Quer\"}]},{\"@type\":\"WebSite\",\"@id\":\"https:\\\/\\\/solardorosario.com.br\\\/galeria\\\/#website\",\"url\":\"https:\\\/\\\/solardorosario.com.br\\\/galeria\\\/\",\"name\":\"Solar do Ros\u00e1rio Galeria \\\\\\\\\\\\\\\\Nova\",\"description\":\"\",\"potentialAction\":[{\"@type\":\"SearchAction\",\"target\":{\"@type\":\"EntryPoint\",\"urlTemplate\":\"https:\\\/\\\/solardorosario.com.br\\\/galeria\\\/?s={search_term_string}\"},\"query-input\":{\"@type\":\"PropertyValueSpecification\",\"valueRequired\":true,\"valueName\":\"search_term_string\"}}],\"inLanguage\":\"pt-BR\"}]}<\/script>\n<!-- \/ Yoast SEO plugin. -->","yoast_head_json":{"title":"Miriam Postal - Bem me Quer - Solar do Ros\u00e1rio Galeria \\\\\\\\Nova","robots":{"index":"index","follow":"follow","max-snippet":"max-snippet:-1","max-image-preview":"max-image-preview:large","max-video-preview":"max-video-preview:-1"},"canonical":"https:\/\/solardorosario.com.br\/galeria\/produto\/miriam-postal-bem-me-quer\/","og_locale":"pt_BR","og_type":"article","og_title":"Miriam Postal - Bem me Quer - Solar do Ros\u00e1rio Galeria \\\\\\\\Nova","og_description":"Artista: Miriam Postal T\u00edtulo: Bem me Quer Dimens\u00e3o: 50x70cm T\u00e9cnica: Serigrafia sobre tela &nbsp; &nbsp; Miriam Postal \u00e9 natural de Passo Fundo - RS e nasceu em 1962. \u00c9 formada em Bacharel em Desenho e Pl\u00e1stica e fez p\u00f3s-gradua\u00e7\u00e3o em Arte\/Educa\u00e7\u00e3o, ambos pela Universidade de Passo Fundo-RS. Fez cursos de especializa\u00e7\u00e3o no Brasil e no [&hellip;]","og_url":"https:\/\/solardorosario.com.br\/galeria\/produto\/miriam-postal-bem-me-quer\/","og_site_name":"Solar do Ros\u00e1rio Galeria \\\\\\\\Nova","article_modified_time":"2026-04-08T13:46:51+00:00","og_image":[{"width":300,"height":206,"url":"https:\/\/solardorosario.com.br\/galeria\/wp-content\/uploads\/2021\/04\/981-e1619531516768.jpeg","type":"image\/jpeg"}],"twitter_card":"summary_large_image","twitter_misc":{"Est. tempo de leitura":"1 minuto"},"schema":{"@context":"https:\/\/schema.org","@graph":[{"@type":"WebPage","@id":"https:\/\/solardorosario.com.br\/galeria\/produto\/miriam-postal-bem-me-quer\/","url":"https:\/\/solardorosario.com.br\/galeria\/produto\/miriam-postal-bem-me-quer\/","name":"Miriam Postal - Bem me Quer - Solar do Ros\u00e1rio Galeria \\\\\\\\Nova","isPartOf":{"@id":"https:\/\/solardorosario.com.br\/galeria\/#website"},"primaryImageOfPage":{"@id":"https:\/\/solardorosario.com.br\/galeria\/produto\/miriam-postal-bem-me-quer\/#primaryimage"},"image":{"@id":"https:\/\/solardorosario.com.br\/galeria\/produto\/miriam-postal-bem-me-quer\/#primaryimage"},"thumbnailUrl":"https:\/\/solardorosario.com.br\/galeria\/wp-content\/uploads\/2021\/04\/981-e1619531516768.jpeg","datePublished":"2021-04-27T13:52:04+00:00","dateModified":"2026-04-08T13:46:51+00:00","breadcrumb":{"@id":"https:\/\/solardorosario.com.br\/galeria\/produto\/miriam-postal-bem-me-quer\/#breadcrumb"},"inLanguage":"pt-BR","potentialAction":[{"@type":"ReadAction","target":["https:\/\/solardorosario.com.br\/galeria\/produto\/miriam-postal-bem-me-quer\/"]}]},{"@type":"ImageObject","inLanguage":"pt-BR","@id":"https:\/\/solardorosario.com.br\/galeria\/produto\/miriam-postal-bem-me-quer\/#primaryimage","url":"https:\/\/solardorosario.com.br\/galeria\/wp-content\/uploads\/2021\/04\/981-e1619531516768.jpeg","contentUrl":"https:\/\/solardorosario.com.br\/galeria\/wp-content\/uploads\/2021\/04\/981-e1619531516768.jpeg","width":300,"height":206},{"@type":"BreadcrumbList","@id":"https:\/\/solardorosario.com.br\/galeria\/produto\/miriam-postal-bem-me-quer\/#breadcrumb","itemListElement":[{"@type":"ListItem","position":1,"name":"In\u00edcio","item":"https:\/\/solardorosario.com.br\/galeria\/"},{"@type":"ListItem","position":2,"name":"galeria","item":"https:\/\/solardorosario.com.br\/galeria\/galeria\/"},{"@type":"ListItem","position":3,"name":"Miriam Postal - Bem me Quer"}]},{"@type":"WebSite","@id":"https:\/\/solardorosario.com.br\/galeria\/#website","url":"https:\/\/solardorosario.com.br\/galeria\/","name":"Solar do Ros\u00e1rio Galeria \\\\\\\\Nova","description":"","potentialAction":[{"@type":"SearchAction","target":{"@type":"EntryPoint","urlTemplate":"https:\/\/solardorosario.com.br\/galeria\/?s={search_term_string}"},"query-input":{"@type":"PropertyValueSpecification","valueRequired":true,"valueName":"search_term_string"}}],"inLanguage":"pt-BR"}]}},"_links":{"self":[{"href":"https:\/\/solardorosario.com.br\/galeria\/wp-json\/wp\/v2\/product\/1877","targetHints":{"allow":["GET"]}}],"collection":[{"href":"https:\/\/solardorosario.com.br\/galeria\/wp-json\/wp\/v2\/product"}],"about":[{"href":"https:\/\/solardorosario.com.br\/galeria\/wp-json\/wp\/v2\/types\/product"}],"wp:featuredmedia":[{"embeddable":true,"href":"https:\/\/solardorosario.com.br\/galeria\/wp-json\/wp\/v2\/media\/1878"}],"wp:attachment":[{"href":"https:\/\/solardorosario.com.br\/galeria\/wp-json\/wp\/v2\/media?parent=1877"}],"wp:term":[{"taxonomy":"product_brand","embeddable":true,"href":"https:\/\/solardorosario.com.br\/galeria\/wp-json\/wp\/v2\/product_brand?post=1877"},{"taxonomy":"product_cat","embeddable":true,"href":"https:\/\/solardorosario.com.br\/galeria\/wp-json\/wp\/v2\/product_cat?post=1877"},{"taxonomy":"product_tag","embeddable":true,"href":"https:\/\/solardorosario.com.br\/galeria\/wp-json\/wp\/v2\/product_tag?post=1877"}],"curies":[{"name":"wp","href":"https:\/\/api.w.org\/{rel}","templated":true}]}}