{"id":1869,"date":"2021-04-27T10:08:34","date_gmt":"2021-04-27T13:08:34","guid":{"rendered":"https:\/\/solardorosario.com.br\/galerianova\/?post_type=product&#038;p=1869"},"modified":"2026-04-08T11:09:41","modified_gmt":"2026-04-08T14:09:41","slug":"miriam-postal-jogo-de-cartas","status":"publish","type":"product","link":"https:\/\/solardorosario.com.br\/galeria\/produto\/miriam-postal-jogo-de-cartas\/","title":{"rendered":"Miriam Postal - Jogo de Cartas"},"content":{"rendered":"<p><strong>Artista:<\/strong> Miriam Postal<\/p>\n<p><strong>T\u00edtulo:<\/strong> Jogo de Cartas<\/p>\n<p><strong>Dimens\u00e3o:<\/strong> 50x70cm<\/p>\n<p><strong>T\u00e9cnica:<\/strong> Acr\u00edlica sobre tela<\/p>\n<p>&nbsp;<\/p>\n<p>&nbsp;<\/p>\n<p>Miriam Postal \u00e9 natural de Passo Fundo - RS e nasceu em 1962. \u00c9 formada em Bacharel em Desenho e Pl\u00e1stica e fez p\u00f3s-gradua\u00e7\u00e3o em Arte\/Educa\u00e7\u00e3o, ambos pela Universidade de Passo Fundo-RS. Fez cursos de especializa\u00e7\u00e3o no Brasil e no exterior. Desde 1982, realiza exposi\u00e7\u00f5es coletivas, como a I Mostra de Desenho e Pl\u00e1stica, em Passo Fundo, e em 2002, exp\u00f4s na Galeria Solar do Ros\u00e1rio \"Janelas para a vida\". Fez diversas exposi\u00e7\u00f5es coletivas e sal\u00f5es de arte em Porto Alegre, S\u00e3o Paulo, Novo Hamburgo, Curitiba, Pelotas, Rio de Janeiro, Carazinho, Bento Gon\u00e7alves, Florian\u00f3polis, Uruguaiana, e em outros pa\u00edses como Estados Unidos, B\u00e9lgica, Paraguai, Portugal e Alemanha.<\/p>\n","protected":false},"excerpt":{"rendered":"<p>Artista: Miriam Postal T\u00edtulo: Jogo de Cartas Dimens\u00e3o: 50x70cm T\u00e9cnica: Acr\u00edlica sobre tela &nbsp; &nbsp; Miriam Postal \u00e9 natural de Passo Fundo - RS e nasceu em 1962. \u00c9 formada em Bacharel em Desenho e Pl\u00e1stica e fez p\u00f3s-gradua\u00e7\u00e3o em Arte\/Educa\u00e7\u00e3o, ambos pela Universidade de Passo Fundo-RS. Fez cursos de especializa\u00e7\u00e3o no Brasil e no [&hellip;]<\/p>\n","protected":false},"featured_media":1870,"template":"","meta":[],"product_brand":[],"product_cat":[117],"product_tag":[],"class_list":{"0":"post-1869","1":"product","2":"type-product","3":"status-publish","4":"has-post-thumbnail","6":"product_cat-galeria","7":"pa_artista-miriam-postal","8":"pa_estilo-figura-humana","9":"pa_estilo-figurativo","10":"pa_tecnica-acrilica-sobre-tela","12":"first","13":"instock","14":"shipping-taxable","15":"purchasable","16":"product-type-simple"},"yoast_head":"<!-- This site is optimized with the Yoast SEO plugin v27.4 - https:\/\/yoast.com\/product\/yoast-seo-wordpress\/ -->\n<title>Miriam Postal - Jogo de Cartas - Solar do Ros\u00e1rio Galeria \\\\\\\\Nova<\/title>\n<meta name=\"robots\" content=\"index, follow, max-snippet:-1, max-image-preview:large, max-video-preview:-1\" \/>\n<link rel=\"canonical\" href=\"https:\/\/solardorosario.com.br\/galeria\/produto\/miriam-postal-jogo-de-cartas\/\" \/>\n<meta property=\"og:locale\" content=\"pt_BR\" \/>\n<meta property=\"og:type\" content=\"article\" \/>\n<meta property=\"og:title\" content=\"Miriam Postal - Jogo de Cartas - Solar do Ros\u00e1rio Galeria \\\\\\\\Nova\" \/>\n<meta property=\"og:description\" content=\"Artista: Miriam Postal T\u00edtulo: Jogo de Cartas Dimens\u00e3o: 50x70cm T\u00e9cnica: Acr\u00edlica sobre tela &nbsp; &nbsp; Miriam Postal \u00e9 natural de Passo Fundo - RS e nasceu em 1962. \u00c9 formada em Bacharel em Desenho e Pl\u00e1stica e fez p\u00f3s-gradua\u00e7\u00e3o em Arte\/Educa\u00e7\u00e3o, ambos pela Universidade de Passo Fundo-RS. Fez cursos de especializa\u00e7\u00e3o no Brasil e no [&hellip;]\" \/>\n<meta property=\"og:url\" content=\"https:\/\/solardorosario.com.br\/galeria\/produto\/miriam-postal-jogo-de-cartas\/\" \/>\n<meta property=\"og:site_name\" content=\"Solar do Ros\u00e1rio Galeria \\\\\\\\Nova\" \/>\n<meta property=\"article:modified_time\" content=\"2026-04-08T14:09:41+00:00\" \/>\n<meta property=\"og:image\" content=\"https:\/\/solardorosario.com.br\/galeria\/wp-content\/uploads\/2021\/04\/984-e1619528899102.jpeg\" \/>\n\t<meta property=\"og:image:width\" content=\"500\" \/>\n\t<meta property=\"og:image:height\" content=\"300\" \/>\n\t<meta property=\"og:image:type\" content=\"image\/jpeg\" \/>\n<meta name=\"twitter:card\" content=\"summary_large_image\" \/>\n<meta name=\"twitter:label1\" content=\"Est. tempo de leitura\" \/>\n\t<meta name=\"twitter:data1\" content=\"1 minuto\" \/>\n<script type=\"application\/ld+json\" class=\"yoast-schema-graph\">{\"@context\":\"https:\\\/\\\/schema.org\",\"@graph\":[{\"@type\":\"WebPage\",\"@id\":\"https:\\\/\\\/solardorosario.com.br\\\/galeria\\\/produto\\\/miriam-postal-jogo-de-cartas\\\/\",\"url\":\"https:\\\/\\\/solardorosario.com.br\\\/galeria\\\/produto\\\/miriam-postal-jogo-de-cartas\\\/\",\"name\":\"Miriam Postal - Jogo de Cartas - Solar do Ros\u00e1rio Galeria \\\\\\\\\\\\\\\\Nova\",\"isPartOf\":{\"@id\":\"https:\\\/\\\/solardorosario.com.br\\\/galeria\\\/#website\"},\"primaryImageOfPage\":{\"@id\":\"https:\\\/\\\/solardorosario.com.br\\\/galeria\\\/produto\\\/miriam-postal-jogo-de-cartas\\\/#primaryimage\"},\"image\":{\"@id\":\"https:\\\/\\\/solardorosario.com.br\\\/galeria\\\/produto\\\/miriam-postal-jogo-de-cartas\\\/#primaryimage\"},\"thumbnailUrl\":\"https:\\\/\\\/solardorosario.com.br\\\/galeria\\\/wp-content\\\/uploads\\\/2021\\\/04\\\/984-e1619528899102.jpeg\",\"datePublished\":\"2021-04-27T13:08:34+00:00\",\"dateModified\":\"2026-04-08T14:09:41+00:00\",\"breadcrumb\":{\"@id\":\"https:\\\/\\\/solardorosario.com.br\\\/galeria\\\/produto\\\/miriam-postal-jogo-de-cartas\\\/#breadcrumb\"},\"inLanguage\":\"pt-BR\",\"potentialAction\":[{\"@type\":\"ReadAction\",\"target\":[\"https:\\\/\\\/solardorosario.com.br\\\/galeria\\\/produto\\\/miriam-postal-jogo-de-cartas\\\/\"]}]},{\"@type\":\"ImageObject\",\"inLanguage\":\"pt-BR\",\"@id\":\"https:\\\/\\\/solardorosario.com.br\\\/galeria\\\/produto\\\/miriam-postal-jogo-de-cartas\\\/#primaryimage\",\"url\":\"https:\\\/\\\/solardorosario.com.br\\\/galeria\\\/wp-content\\\/uploads\\\/2021\\\/04\\\/984-e1619528899102.jpeg\",\"contentUrl\":\"https:\\\/\\\/solardorosario.com.br\\\/galeria\\\/wp-content\\\/uploads\\\/2021\\\/04\\\/984-e1619528899102.jpeg\",\"width\":500,\"height\":300},{\"@type\":\"BreadcrumbList\",\"@id\":\"https:\\\/\\\/solardorosario.com.br\\\/galeria\\\/produto\\\/miriam-postal-jogo-de-cartas\\\/#breadcrumb\",\"itemListElement\":[{\"@type\":\"ListItem\",\"position\":1,\"name\":\"In\u00edcio\",\"item\":\"https:\\\/\\\/solardorosario.com.br\\\/galeria\\\/\"},{\"@type\":\"ListItem\",\"position\":2,\"name\":\"galeria\",\"item\":\"https:\\\/\\\/solardorosario.com.br\\\/galeria\\\/galeria\\\/\"},{\"@type\":\"ListItem\",\"position\":3,\"name\":\"Miriam Postal - Jogo de Cartas\"}]},{\"@type\":\"WebSite\",\"@id\":\"https:\\\/\\\/solardorosario.com.br\\\/galeria\\\/#website\",\"url\":\"https:\\\/\\\/solardorosario.com.br\\\/galeria\\\/\",\"name\":\"Solar do Ros\u00e1rio Galeria \\\\\\\\\\\\\\\\Nova\",\"description\":\"\",\"potentialAction\":[{\"@type\":\"SearchAction\",\"target\":{\"@type\":\"EntryPoint\",\"urlTemplate\":\"https:\\\/\\\/solardorosario.com.br\\\/galeria\\\/?s={search_term_string}\"},\"query-input\":{\"@type\":\"PropertyValueSpecification\",\"valueRequired\":true,\"valueName\":\"search_term_string\"}}],\"inLanguage\":\"pt-BR\"}]}<\/script>\n<!-- \/ Yoast SEO plugin. -->","yoast_head_json":{"title":"Miriam Postal - Jogo de Cartas - Solar do Ros\u00e1rio Galeria \\\\\\\\Nova","robots":{"index":"index","follow":"follow","max-snippet":"max-snippet:-1","max-image-preview":"max-image-preview:large","max-video-preview":"max-video-preview:-1"},"canonical":"https:\/\/solardorosario.com.br\/galeria\/produto\/miriam-postal-jogo-de-cartas\/","og_locale":"pt_BR","og_type":"article","og_title":"Miriam Postal - Jogo de Cartas - Solar do Ros\u00e1rio Galeria \\\\\\\\Nova","og_description":"Artista: Miriam Postal T\u00edtulo: Jogo de Cartas Dimens\u00e3o: 50x70cm T\u00e9cnica: Acr\u00edlica sobre tela &nbsp; &nbsp; Miriam Postal \u00e9 natural de Passo Fundo - RS e nasceu em 1962. \u00c9 formada em Bacharel em Desenho e Pl\u00e1stica e fez p\u00f3s-gradua\u00e7\u00e3o em Arte\/Educa\u00e7\u00e3o, ambos pela Universidade de Passo Fundo-RS. Fez cursos de especializa\u00e7\u00e3o no Brasil e no [&hellip;]","og_url":"https:\/\/solardorosario.com.br\/galeria\/produto\/miriam-postal-jogo-de-cartas\/","og_site_name":"Solar do Ros\u00e1rio Galeria \\\\\\\\Nova","article_modified_time":"2026-04-08T14:09:41+00:00","og_image":[{"width":500,"height":300,"url":"https:\/\/solardorosario.com.br\/galeria\/wp-content\/uploads\/2021\/04\/984-e1619528899102.jpeg","type":"image\/jpeg"}],"twitter_card":"summary_large_image","twitter_misc":{"Est. tempo de leitura":"1 minuto"},"schema":{"@context":"https:\/\/schema.org","@graph":[{"@type":"WebPage","@id":"https:\/\/solardorosario.com.br\/galeria\/produto\/miriam-postal-jogo-de-cartas\/","url":"https:\/\/solardorosario.com.br\/galeria\/produto\/miriam-postal-jogo-de-cartas\/","name":"Miriam Postal - Jogo de Cartas - Solar do Ros\u00e1rio Galeria \\\\\\\\Nova","isPartOf":{"@id":"https:\/\/solardorosario.com.br\/galeria\/#website"},"primaryImageOfPage":{"@id":"https:\/\/solardorosario.com.br\/galeria\/produto\/miriam-postal-jogo-de-cartas\/#primaryimage"},"image":{"@id":"https:\/\/solardorosario.com.br\/galeria\/produto\/miriam-postal-jogo-de-cartas\/#primaryimage"},"thumbnailUrl":"https:\/\/solardorosario.com.br\/galeria\/wp-content\/uploads\/2021\/04\/984-e1619528899102.jpeg","datePublished":"2021-04-27T13:08:34+00:00","dateModified":"2026-04-08T14:09:41+00:00","breadcrumb":{"@id":"https:\/\/solardorosario.com.br\/galeria\/produto\/miriam-postal-jogo-de-cartas\/#breadcrumb"},"inLanguage":"pt-BR","potentialAction":[{"@type":"ReadAction","target":["https:\/\/solardorosario.com.br\/galeria\/produto\/miriam-postal-jogo-de-cartas\/"]}]},{"@type":"ImageObject","inLanguage":"pt-BR","@id":"https:\/\/solardorosario.com.br\/galeria\/produto\/miriam-postal-jogo-de-cartas\/#primaryimage","url":"https:\/\/solardorosario.com.br\/galeria\/wp-content\/uploads\/2021\/04\/984-e1619528899102.jpeg","contentUrl":"https:\/\/solardorosario.com.br\/galeria\/wp-content\/uploads\/2021\/04\/984-e1619528899102.jpeg","width":500,"height":300},{"@type":"BreadcrumbList","@id":"https:\/\/solardorosario.com.br\/galeria\/produto\/miriam-postal-jogo-de-cartas\/#breadcrumb","itemListElement":[{"@type":"ListItem","position":1,"name":"In\u00edcio","item":"https:\/\/solardorosario.com.br\/galeria\/"},{"@type":"ListItem","position":2,"name":"galeria","item":"https:\/\/solardorosario.com.br\/galeria\/galeria\/"},{"@type":"ListItem","position":3,"name":"Miriam Postal - Jogo de Cartas"}]},{"@type":"WebSite","@id":"https:\/\/solardorosario.com.br\/galeria\/#website","url":"https:\/\/solardorosario.com.br\/galeria\/","name":"Solar do Ros\u00e1rio Galeria \\\\\\\\Nova","description":"","potentialAction":[{"@type":"SearchAction","target":{"@type":"EntryPoint","urlTemplate":"https:\/\/solardorosario.com.br\/galeria\/?s={search_term_string}"},"query-input":{"@type":"PropertyValueSpecification","valueRequired":true,"valueName":"search_term_string"}}],"inLanguage":"pt-BR"}]}},"_links":{"self":[{"href":"https:\/\/solardorosario.com.br\/galeria\/wp-json\/wp\/v2\/product\/1869","targetHints":{"allow":["GET"]}}],"collection":[{"href":"https:\/\/solardorosario.com.br\/galeria\/wp-json\/wp\/v2\/product"}],"about":[{"href":"https:\/\/solardorosario.com.br\/galeria\/wp-json\/wp\/v2\/types\/product"}],"wp:featuredmedia":[{"embeddable":true,"href":"https:\/\/solardorosario.com.br\/galeria\/wp-json\/wp\/v2\/media\/1870"}],"wp:attachment":[{"href":"https:\/\/solardorosario.com.br\/galeria\/wp-json\/wp\/v2\/media?parent=1869"}],"wp:term":[{"taxonomy":"product_brand","embeddable":true,"href":"https:\/\/solardorosario.com.br\/galeria\/wp-json\/wp\/v2\/product_brand?post=1869"},{"taxonomy":"product_cat","embeddable":true,"href":"https:\/\/solardorosario.com.br\/galeria\/wp-json\/wp\/v2\/product_cat?post=1869"},{"taxonomy":"product_tag","embeddable":true,"href":"https:\/\/solardorosario.com.br\/galeria\/wp-json\/wp\/v2\/product_tag?post=1869"}],"curies":[{"name":"wp","href":"https:\/\/api.w.org\/{rel}","templated":true}]}}