{"id":1805,"date":"2021-04-26T13:50:02","date_gmt":"2021-04-26T16:50:02","guid":{"rendered":"https:\/\/solardorosario.com.br\/galerianova\/?post_type=product&#038;p=1805"},"modified":"2026-03-13T14:23:38","modified_gmt":"2026-03-13T17:23:38","slug":"corina-ferraz-doces-frutas-do-jardim-do-eden","status":"publish","type":"product","link":"https:\/\/solardorosario.com.br\/galeria\/produto\/corina-ferraz-doces-frutas-do-jardim-do-eden\/","title":{"rendered":"Corina Ferraz - Doces frutas do Jardim do \u00c9den"},"content":{"rendered":"<p><strong>Artista:<\/strong> Corina Ferraz<\/p>\n<p><strong>T\u00cdtulo:<\/strong> Doces frutas do Jardim do \u00c9den<\/p>\n<p><strong>Dimens\u00e3o:<\/strong> 10x15 cm<\/p>\n<p><strong>T\u00e9cnica:<\/strong> Acr\u00edlica sobre Tela<\/p>\n<p>&nbsp;<\/p>\n<p>&nbsp;<\/p>\n<p>Nascida em Leme - SP, em 1948. Formada pela Faculdade de Artes de Ribeir\u00e3o preto (SP) e em 1971 se mudou para Curitiba e se formou em Pintura na Escola de M\u00fasica e Belas Artes do Paran\u00e1 (EMBAP). Apesar de ser formada, se descobre artista naif, inspirada por elementos da cultura popular, como m\u00fasica, festivais, religi\u00e3o e festas t\u00edpicas. Recebeu diversos pr\u00eamios como a premia\u00e7\u00e3o\/publica\u00e7\u00e3o de cartum da editora Graphipar, o pr\u00eamio \"Sal\u00e3o do mini quadro\", do Clube S\u00edrio-Liban\u00eas e tamb\u00e9m o pr\u00eamio no XX Sal\u00e3o de Jacarezinho\". Participou de v\u00e1rias exposi\u00e7\u00f5es individuais como no Espa\u00e7o Cultural do Banco do Brasil, em Curitiba, em 1992, e no Solar do Ros\u00e1rio em 1995. Participou de exposi\u00e7\u00f5es coletivas e sal\u00f5es de arte em Curitiba, Rio de Janeiro, Jacarezinho, Maring\u00e1, Buenos Aires, Chicago, Nova York.<\/p>\n<p>&nbsp;<\/p>\n","protected":false},"excerpt":{"rendered":"<p>Artista: Corina Ferraz T\u00cdtulo: Doces frutas do Jardim do \u00c9den Dimens\u00e3o: 10x15 cm T\u00e9cnica: Acr\u00edlica sobre Tela &nbsp; &nbsp; Nascida em Leme - SP, em 1948. Formada pela Faculdade de Artes de Ribeir\u00e3o preto (SP) e em 1971 se mudou para Curitiba e se formou em Pintura na Escola de M\u00fasica e Belas Artes do [&hellip;]<\/p>\n","protected":false},"featured_media":1806,"template":"","meta":[],"product_brand":[],"product_cat":[16],"product_tag":[],"class_list":{"0":"post-1805","1":"product","2":"type-product","3":"status-publish","4":"has-post-thumbnail","6":"product_cat-sem-categoria","7":"pa_artista-corina-ferraz","8":"pa_estilo-figurativo","9":"pa_estilo-naif","10":"pa_estilo-natureza-morta","11":"pa_tecnica-acrilica-sobre-tela","13":"first","14":"instock","15":"shipping-taxable","16":"purchasable","17":"product-type-simple"},"yoast_head":"<!-- This site is optimized with the Yoast SEO plugin v27.4 - https:\/\/yoast.com\/product\/yoast-seo-wordpress\/ -->\n<title>Corina Ferraz - Doces frutas do Jardim do \u00c9den - Solar do Ros\u00e1rio Galeria \\\\\\\\Nova<\/title>\n<meta name=\"robots\" content=\"index, follow, max-snippet:-1, max-image-preview:large, max-video-preview:-1\" \/>\n<link rel=\"canonical\" href=\"https:\/\/solardorosario.com.br\/galeria\/produto\/corina-ferraz-doces-frutas-do-jardim-do-eden\/\" \/>\n<meta property=\"og:locale\" content=\"pt_BR\" \/>\n<meta property=\"og:type\" content=\"article\" \/>\n<meta property=\"og:title\" content=\"Corina Ferraz - Doces frutas do Jardim do \u00c9den - Solar do Ros\u00e1rio Galeria \\\\\\\\Nova\" \/>\n<meta property=\"og:description\" content=\"Artista: Corina Ferraz T\u00cdtulo: Doces frutas do Jardim do \u00c9den Dimens\u00e3o: 10x15 cm T\u00e9cnica: Acr\u00edlica sobre Tela &nbsp; &nbsp; Nascida em Leme - SP, em 1948. Formada pela Faculdade de Artes de Ribeir\u00e3o preto (SP) e em 1971 se mudou para Curitiba e se formou em Pintura na Escola de M\u00fasica e Belas Artes do [&hellip;]\" \/>\n<meta property=\"og:url\" content=\"https:\/\/solardorosario.com.br\/galeria\/produto\/corina-ferraz-doces-frutas-do-jardim-do-eden\/\" \/>\n<meta property=\"og:site_name\" content=\"Solar do Ros\u00e1rio Galeria \\\\\\\\Nova\" \/>\n<meta property=\"article:modified_time\" content=\"2026-03-13T17:23:38+00:00\" \/>\n<meta property=\"og:image\" content=\"https:\/\/solardorosario.com.br\/galeria\/wp-content\/uploads\/2021\/04\/8692-e1619455780422.jpeg\" \/>\n\t<meta property=\"og:image:width\" content=\"300\" \/>\n\t<meta property=\"og:image:height\" content=\"206\" \/>\n\t<meta property=\"og:image:type\" content=\"image\/jpeg\" \/>\n<meta name=\"twitter:card\" content=\"summary_large_image\" \/>\n<meta name=\"twitter:label1\" content=\"Est. tempo de leitura\" \/>\n\t<meta name=\"twitter:data1\" content=\"2 minutos\" \/>\n<script type=\"application\/ld+json\" class=\"yoast-schema-graph\">{\"@context\":\"https:\\\/\\\/schema.org\",\"@graph\":[{\"@type\":\"WebPage\",\"@id\":\"https:\\\/\\\/solardorosario.com.br\\\/galeria\\\/produto\\\/corina-ferraz-doces-frutas-do-jardim-do-eden\\\/\",\"url\":\"https:\\\/\\\/solardorosario.com.br\\\/galeria\\\/produto\\\/corina-ferraz-doces-frutas-do-jardim-do-eden\\\/\",\"name\":\"Corina Ferraz - Doces frutas do Jardim do \u00c9den - Solar do Ros\u00e1rio Galeria \\\\\\\\\\\\\\\\Nova\",\"isPartOf\":{\"@id\":\"https:\\\/\\\/solardorosario.com.br\\\/galeria\\\/#website\"},\"primaryImageOfPage\":{\"@id\":\"https:\\\/\\\/solardorosario.com.br\\\/galeria\\\/produto\\\/corina-ferraz-doces-frutas-do-jardim-do-eden\\\/#primaryimage\"},\"image\":{\"@id\":\"https:\\\/\\\/solardorosario.com.br\\\/galeria\\\/produto\\\/corina-ferraz-doces-frutas-do-jardim-do-eden\\\/#primaryimage\"},\"thumbnailUrl\":\"https:\\\/\\\/solardorosario.com.br\\\/galeria\\\/wp-content\\\/uploads\\\/2021\\\/04\\\/8692-e1619455780422.jpeg\",\"datePublished\":\"2021-04-26T16:50:02+00:00\",\"dateModified\":\"2026-03-13T17:23:38+00:00\",\"breadcrumb\":{\"@id\":\"https:\\\/\\\/solardorosario.com.br\\\/galeria\\\/produto\\\/corina-ferraz-doces-frutas-do-jardim-do-eden\\\/#breadcrumb\"},\"inLanguage\":\"pt-BR\",\"potentialAction\":[{\"@type\":\"ReadAction\",\"target\":[\"https:\\\/\\\/solardorosario.com.br\\\/galeria\\\/produto\\\/corina-ferraz-doces-frutas-do-jardim-do-eden\\\/\"]}]},{\"@type\":\"ImageObject\",\"inLanguage\":\"pt-BR\",\"@id\":\"https:\\\/\\\/solardorosario.com.br\\\/galeria\\\/produto\\\/corina-ferraz-doces-frutas-do-jardim-do-eden\\\/#primaryimage\",\"url\":\"https:\\\/\\\/solardorosario.com.br\\\/galeria\\\/wp-content\\\/uploads\\\/2021\\\/04\\\/8692-e1619455780422.jpeg\",\"contentUrl\":\"https:\\\/\\\/solardorosario.com.br\\\/galeria\\\/wp-content\\\/uploads\\\/2021\\\/04\\\/8692-e1619455780422.jpeg\",\"width\":300,\"height\":206},{\"@type\":\"BreadcrumbList\",\"@id\":\"https:\\\/\\\/solardorosario.com.br\\\/galeria\\\/produto\\\/corina-ferraz-doces-frutas-do-jardim-do-eden\\\/#breadcrumb\",\"itemListElement\":[{\"@type\":\"ListItem\",\"position\":1,\"name\":\"In\u00edcio\",\"item\":\"https:\\\/\\\/solardorosario.com.br\\\/galeria\\\/\"},{\"@type\":\"ListItem\",\"position\":2,\"name\":\"galeria\",\"item\":\"https:\\\/\\\/solardorosario.com.br\\\/galeria\\\/galeria\\\/\"},{\"@type\":\"ListItem\",\"position\":3,\"name\":\"Corina Ferraz - Doces frutas do Jardim do \u00c9den\"}]},{\"@type\":\"WebSite\",\"@id\":\"https:\\\/\\\/solardorosario.com.br\\\/galeria\\\/#website\",\"url\":\"https:\\\/\\\/solardorosario.com.br\\\/galeria\\\/\",\"name\":\"Solar do Ros\u00e1rio Galeria \\\\\\\\\\\\\\\\Nova\",\"description\":\"\",\"potentialAction\":[{\"@type\":\"SearchAction\",\"target\":{\"@type\":\"EntryPoint\",\"urlTemplate\":\"https:\\\/\\\/solardorosario.com.br\\\/galeria\\\/?s={search_term_string}\"},\"query-input\":{\"@type\":\"PropertyValueSpecification\",\"valueRequired\":true,\"valueName\":\"search_term_string\"}}],\"inLanguage\":\"pt-BR\"}]}<\/script>\n<!-- \/ Yoast SEO plugin. -->","yoast_head_json":{"title":"Corina Ferraz - Doces frutas do Jardim do \u00c9den - Solar do Ros\u00e1rio Galeria \\\\\\\\Nova","robots":{"index":"index","follow":"follow","max-snippet":"max-snippet:-1","max-image-preview":"max-image-preview:large","max-video-preview":"max-video-preview:-1"},"canonical":"https:\/\/solardorosario.com.br\/galeria\/produto\/corina-ferraz-doces-frutas-do-jardim-do-eden\/","og_locale":"pt_BR","og_type":"article","og_title":"Corina Ferraz - Doces frutas do Jardim do \u00c9den - Solar do Ros\u00e1rio Galeria \\\\\\\\Nova","og_description":"Artista: Corina Ferraz T\u00cdtulo: Doces frutas do Jardim do \u00c9den Dimens\u00e3o: 10x15 cm T\u00e9cnica: Acr\u00edlica sobre Tela &nbsp; &nbsp; Nascida em Leme - SP, em 1948. Formada pela Faculdade de Artes de Ribeir\u00e3o preto (SP) e em 1971 se mudou para Curitiba e se formou em Pintura na Escola de M\u00fasica e Belas Artes do [&hellip;]","og_url":"https:\/\/solardorosario.com.br\/galeria\/produto\/corina-ferraz-doces-frutas-do-jardim-do-eden\/","og_site_name":"Solar do Ros\u00e1rio Galeria \\\\\\\\Nova","article_modified_time":"2026-03-13T17:23:38+00:00","og_image":[{"width":300,"height":206,"url":"https:\/\/solardorosario.com.br\/galeria\/wp-content\/uploads\/2021\/04\/8692-e1619455780422.jpeg","type":"image\/jpeg"}],"twitter_card":"summary_large_image","twitter_misc":{"Est. tempo de leitura":"2 minutos"},"schema":{"@context":"https:\/\/schema.org","@graph":[{"@type":"WebPage","@id":"https:\/\/solardorosario.com.br\/galeria\/produto\/corina-ferraz-doces-frutas-do-jardim-do-eden\/","url":"https:\/\/solardorosario.com.br\/galeria\/produto\/corina-ferraz-doces-frutas-do-jardim-do-eden\/","name":"Corina Ferraz - Doces frutas do Jardim do \u00c9den - Solar do Ros\u00e1rio Galeria \\\\\\\\Nova","isPartOf":{"@id":"https:\/\/solardorosario.com.br\/galeria\/#website"},"primaryImageOfPage":{"@id":"https:\/\/solardorosario.com.br\/galeria\/produto\/corina-ferraz-doces-frutas-do-jardim-do-eden\/#primaryimage"},"image":{"@id":"https:\/\/solardorosario.com.br\/galeria\/produto\/corina-ferraz-doces-frutas-do-jardim-do-eden\/#primaryimage"},"thumbnailUrl":"https:\/\/solardorosario.com.br\/galeria\/wp-content\/uploads\/2021\/04\/8692-e1619455780422.jpeg","datePublished":"2021-04-26T16:50:02+00:00","dateModified":"2026-03-13T17:23:38+00:00","breadcrumb":{"@id":"https:\/\/solardorosario.com.br\/galeria\/produto\/corina-ferraz-doces-frutas-do-jardim-do-eden\/#breadcrumb"},"inLanguage":"pt-BR","potentialAction":[{"@type":"ReadAction","target":["https:\/\/solardorosario.com.br\/galeria\/produto\/corina-ferraz-doces-frutas-do-jardim-do-eden\/"]}]},{"@type":"ImageObject","inLanguage":"pt-BR","@id":"https:\/\/solardorosario.com.br\/galeria\/produto\/corina-ferraz-doces-frutas-do-jardim-do-eden\/#primaryimage","url":"https:\/\/solardorosario.com.br\/galeria\/wp-content\/uploads\/2021\/04\/8692-e1619455780422.jpeg","contentUrl":"https:\/\/solardorosario.com.br\/galeria\/wp-content\/uploads\/2021\/04\/8692-e1619455780422.jpeg","width":300,"height":206},{"@type":"BreadcrumbList","@id":"https:\/\/solardorosario.com.br\/galeria\/produto\/corina-ferraz-doces-frutas-do-jardim-do-eden\/#breadcrumb","itemListElement":[{"@type":"ListItem","position":1,"name":"In\u00edcio","item":"https:\/\/solardorosario.com.br\/galeria\/"},{"@type":"ListItem","position":2,"name":"galeria","item":"https:\/\/solardorosario.com.br\/galeria\/galeria\/"},{"@type":"ListItem","position":3,"name":"Corina Ferraz - Doces frutas do Jardim do \u00c9den"}]},{"@type":"WebSite","@id":"https:\/\/solardorosario.com.br\/galeria\/#website","url":"https:\/\/solardorosario.com.br\/galeria\/","name":"Solar do Ros\u00e1rio Galeria \\\\\\\\Nova","description":"","potentialAction":[{"@type":"SearchAction","target":{"@type":"EntryPoint","urlTemplate":"https:\/\/solardorosario.com.br\/galeria\/?s={search_term_string}"},"query-input":{"@type":"PropertyValueSpecification","valueRequired":true,"valueName":"search_term_string"}}],"inLanguage":"pt-BR"}]}},"_links":{"self":[{"href":"https:\/\/solardorosario.com.br\/galeria\/wp-json\/wp\/v2\/product\/1805","targetHints":{"allow":["GET"]}}],"collection":[{"href":"https:\/\/solardorosario.com.br\/galeria\/wp-json\/wp\/v2\/product"}],"about":[{"href":"https:\/\/solardorosario.com.br\/galeria\/wp-json\/wp\/v2\/types\/product"}],"wp:featuredmedia":[{"embeddable":true,"href":"https:\/\/solardorosario.com.br\/galeria\/wp-json\/wp\/v2\/media\/1806"}],"wp:attachment":[{"href":"https:\/\/solardorosario.com.br\/galeria\/wp-json\/wp\/v2\/media?parent=1805"}],"wp:term":[{"taxonomy":"product_brand","embeddable":true,"href":"https:\/\/solardorosario.com.br\/galeria\/wp-json\/wp\/v2\/product_brand?post=1805"},{"taxonomy":"product_cat","embeddable":true,"href":"https:\/\/solardorosario.com.br\/galeria\/wp-json\/wp\/v2\/product_cat?post=1805"},{"taxonomy":"product_tag","embeddable":true,"href":"https:\/\/solardorosario.com.br\/galeria\/wp-json\/wp\/v2\/product_tag?post=1805"}],"curies":[{"name":"wp","href":"https:\/\/api.w.org\/{rel}","templated":true}]}}