{"id":1773,"date":"2021-04-22T15:11:54","date_gmt":"2021-04-22T18:11:54","guid":{"rendered":"https:\/\/solardorosario.com.br\/galerianova\/?post_type=product&#038;p=1773"},"modified":"2026-04-14T15:26:36","modified_gmt":"2026-04-14T18:26:36","slug":"radomsky-sem-titulo","status":"publish","type":"product","link":"https:\/\/solardorosario.com.br\/galeria\/produto\/radomsky-sem-titulo\/","title":{"rendered":"Radomsky - Sem T\u00edtulo"},"content":{"rendered":"<p><strong>Artista:<\/strong> Radomsky<\/p>\n<p><strong>T\u00edtulo:<\/strong> Sem T\u00edtulo<\/p>\n<p><strong>Dimens\u00e3o:<\/strong> 45x20x03cm<\/p>\n<p><strong>T\u00e9cnica:<\/strong> Bronze Patinado<\/p>\n<p>&nbsp;<\/p>\n<p>&nbsp;<\/p>\n<p>Henrique Radomsky (1946-2024) era natural de Porto Alegre, Rio Grande do Sul. Era escultor formado nas \u00e1reas de artes visuais, desenho, fotografia, serigrafia, gravura em metal e escultura. Em 1983, exp\u00f4s trabalhos premiados no Sal\u00e3o RBS - Participava do Grupo Vila Nova, um grupo livre criado pelo mestre Francisco Stockinger, no ateli\u00ea no Bairro Vila Nova, em Porto Alegre, desde 1984. Foi o primeiro Presidente da Associa\u00e7\u00e3o dos Escultores do Rio Grande do Sul - AEERGS, entre 1982 e 1984. Recebeu a premia\u00e7\u00e3o de 2\u00ba lugar em escultura, no XII Sal\u00e3o do Jovem Artista - RBS. Em 1985, faz uma exposi\u00e7\u00e3o individual em homenagem a Chico Stockinger. Em 1986, exp\u00f4s individualmente na Pinacoteca do Estado de S\u00e3o Paulo. Realizou e participou de v\u00e1rias mostras e exposi\u00e7\u00f5es em S\u00e3o Paulo, Porto Alegre, Rio de Janeiro, Bras\u00edlia, Cachoeira de Itapemirim, Vit\u00f3ria, Uruguaiana e Passo Fundo. Fora do Brasil, participou da Mostra Internacional de Artistas de descend\u00eancia Polonesa, na Pol\u00f4nia, em Vars\u00f3via e Crac\u00f3via e na exposi\u00e7\u00e3o Internacional New York City, em Nova York, nos Estados Unidos.<\/p>\n","protected":false},"excerpt":{"rendered":"<p>Artista: Radomsky T\u00edtulo: Sem T\u00edtulo Dimens\u00e3o: 45x20x03cm T\u00e9cnica: Bronze Patinado &nbsp; &nbsp; Henrique Radomsky (1946-2024) era natural de Porto Alegre, Rio Grande do Sul. Era escultor formado nas \u00e1reas de artes visuais, desenho, fotografia, serigrafia, gravura em metal e escultura. Em 1983, exp\u00f4s trabalhos premiados no Sal\u00e3o RBS - Participava do Grupo Vila Nova, um [&hellip;]<\/p>\n","protected":false},"featured_media":1774,"template":"","meta":[],"product_brand":[],"product_cat":[117],"product_tag":[],"class_list":{"0":"post-1773","1":"product","2":"type-product","3":"status-publish","4":"has-post-thumbnail","6":"product_cat-galeria","7":"pa_artista-radomsky","8":"pa_estilo-figura-humana","9":"pa_tecnica-bronze","10":"pa_tecnica-escultura","12":"first","13":"instock","14":"shipping-taxable","15":"product-type-simple"},"yoast_head":"<!-- This site is optimized with the Yoast SEO plugin v27.4 - https:\/\/yoast.com\/product\/yoast-seo-wordpress\/ -->\n<title>Radomsky - Sem T\u00edtulo - Solar do Ros\u00e1rio Galeria \\\\\\\\Nova<\/title>\n<meta name=\"robots\" content=\"index, follow, max-snippet:-1, max-image-preview:large, max-video-preview:-1\" \/>\n<link rel=\"canonical\" href=\"https:\/\/solardorosario.com.br\/galeria\/produto\/radomsky-sem-titulo\/\" \/>\n<meta property=\"og:locale\" content=\"pt_BR\" \/>\n<meta property=\"og:type\" content=\"article\" \/>\n<meta property=\"og:title\" content=\"Radomsky - Sem T\u00edtulo - Solar do Ros\u00e1rio Galeria \\\\\\\\Nova\" \/>\n<meta property=\"og:description\" content=\"Artista: Radomsky T\u00edtulo: Sem T\u00edtulo Dimens\u00e3o: 45x20x03cm T\u00e9cnica: Bronze Patinado &nbsp; &nbsp; Henrique Radomsky (1946-2024) era natural de Porto Alegre, Rio Grande do Sul. Era escultor formado nas \u00e1reas de artes visuais, desenho, fotografia, serigrafia, gravura em metal e escultura. Em 1983, exp\u00f4s trabalhos premiados no Sal\u00e3o RBS - Participava do Grupo Vila Nova, um [&hellip;]\" \/>\n<meta property=\"og:url\" content=\"https:\/\/solardorosario.com.br\/galeria\/produto\/radomsky-sem-titulo\/\" \/>\n<meta property=\"og:site_name\" content=\"Solar do Ros\u00e1rio Galeria \\\\\\\\Nova\" \/>\n<meta property=\"article:modified_time\" content=\"2026-04-14T18:26:36+00:00\" \/>\n<meta property=\"og:image\" content=\"https:\/\/solardorosario.com.br\/galeria\/wp-content\/uploads\/2021\/04\/hrado-many-1063-e1619115103647.png\" \/>\n\t<meta property=\"og:image:width\" content=\"200\" \/>\n\t<meta property=\"og:image:height\" content=\"267\" \/>\n\t<meta property=\"og:image:type\" content=\"image\/png\" \/>\n<meta name=\"twitter:card\" content=\"summary_large_image\" \/>\n<meta name=\"twitter:label1\" content=\"Est. tempo de leitura\" \/>\n\t<meta name=\"twitter:data1\" content=\"2 minutos\" \/>\n<script type=\"application\/ld+json\" class=\"yoast-schema-graph\">{\"@context\":\"https:\\\/\\\/schema.org\",\"@graph\":[{\"@type\":\"WebPage\",\"@id\":\"https:\\\/\\\/solardorosario.com.br\\\/galeria\\\/produto\\\/radomsky-sem-titulo\\\/\",\"url\":\"https:\\\/\\\/solardorosario.com.br\\\/galeria\\\/produto\\\/radomsky-sem-titulo\\\/\",\"name\":\"Radomsky - Sem T\u00edtulo - Solar do Ros\u00e1rio Galeria \\\\\\\\\\\\\\\\Nova\",\"isPartOf\":{\"@id\":\"https:\\\/\\\/solardorosario.com.br\\\/galeria\\\/#website\"},\"primaryImageOfPage\":{\"@id\":\"https:\\\/\\\/solardorosario.com.br\\\/galeria\\\/produto\\\/radomsky-sem-titulo\\\/#primaryimage\"},\"image\":{\"@id\":\"https:\\\/\\\/solardorosario.com.br\\\/galeria\\\/produto\\\/radomsky-sem-titulo\\\/#primaryimage\"},\"thumbnailUrl\":\"https:\\\/\\\/solardorosario.com.br\\\/galeria\\\/wp-content\\\/uploads\\\/2021\\\/04\\\/hrado-many-1063-e1619115103647.png\",\"datePublished\":\"2021-04-22T18:11:54+00:00\",\"dateModified\":\"2026-04-14T18:26:36+00:00\",\"breadcrumb\":{\"@id\":\"https:\\\/\\\/solardorosario.com.br\\\/galeria\\\/produto\\\/radomsky-sem-titulo\\\/#breadcrumb\"},\"inLanguage\":\"pt-BR\",\"potentialAction\":[{\"@type\":\"ReadAction\",\"target\":[\"https:\\\/\\\/solardorosario.com.br\\\/galeria\\\/produto\\\/radomsky-sem-titulo\\\/\"]}]},{\"@type\":\"ImageObject\",\"inLanguage\":\"pt-BR\",\"@id\":\"https:\\\/\\\/solardorosario.com.br\\\/galeria\\\/produto\\\/radomsky-sem-titulo\\\/#primaryimage\",\"url\":\"https:\\\/\\\/solardorosario.com.br\\\/galeria\\\/wp-content\\\/uploads\\\/2021\\\/04\\\/hrado-many-1063-e1619115103647.png\",\"contentUrl\":\"https:\\\/\\\/solardorosario.com.br\\\/galeria\\\/wp-content\\\/uploads\\\/2021\\\/04\\\/hrado-many-1063-e1619115103647.png\",\"width\":200,\"height\":267},{\"@type\":\"BreadcrumbList\",\"@id\":\"https:\\\/\\\/solardorosario.com.br\\\/galeria\\\/produto\\\/radomsky-sem-titulo\\\/#breadcrumb\",\"itemListElement\":[{\"@type\":\"ListItem\",\"position\":1,\"name\":\"In\u00edcio\",\"item\":\"https:\\\/\\\/solardorosario.com.br\\\/galeria\\\/\"},{\"@type\":\"ListItem\",\"position\":2,\"name\":\"galeria\",\"item\":\"https:\\\/\\\/solardorosario.com.br\\\/galeria\\\/galeria\\\/\"},{\"@type\":\"ListItem\",\"position\":3,\"name\":\"Radomsky - Sem T\u00edtulo\"}]},{\"@type\":\"WebSite\",\"@id\":\"https:\\\/\\\/solardorosario.com.br\\\/galeria\\\/#website\",\"url\":\"https:\\\/\\\/solardorosario.com.br\\\/galeria\\\/\",\"name\":\"Solar do Ros\u00e1rio Galeria \\\\\\\\\\\\\\\\Nova\",\"description\":\"\",\"potentialAction\":[{\"@type\":\"SearchAction\",\"target\":{\"@type\":\"EntryPoint\",\"urlTemplate\":\"https:\\\/\\\/solardorosario.com.br\\\/galeria\\\/?s={search_term_string}\"},\"query-input\":{\"@type\":\"PropertyValueSpecification\",\"valueRequired\":true,\"valueName\":\"search_term_string\"}}],\"inLanguage\":\"pt-BR\"}]}<\/script>\n<!-- \/ Yoast SEO plugin. -->","yoast_head_json":{"title":"Radomsky - Sem T\u00edtulo - Solar do Ros\u00e1rio Galeria \\\\\\\\Nova","robots":{"index":"index","follow":"follow","max-snippet":"max-snippet:-1","max-image-preview":"max-image-preview:large","max-video-preview":"max-video-preview:-1"},"canonical":"https:\/\/solardorosario.com.br\/galeria\/produto\/radomsky-sem-titulo\/","og_locale":"pt_BR","og_type":"article","og_title":"Radomsky - Sem T\u00edtulo - Solar do Ros\u00e1rio Galeria \\\\\\\\Nova","og_description":"Artista: Radomsky T\u00edtulo: Sem T\u00edtulo Dimens\u00e3o: 45x20x03cm T\u00e9cnica: Bronze Patinado &nbsp; &nbsp; Henrique Radomsky (1946-2024) era natural de Porto Alegre, Rio Grande do Sul. Era escultor formado nas \u00e1reas de artes visuais, desenho, fotografia, serigrafia, gravura em metal e escultura. Em 1983, exp\u00f4s trabalhos premiados no Sal\u00e3o RBS - Participava do Grupo Vila Nova, um [&hellip;]","og_url":"https:\/\/solardorosario.com.br\/galeria\/produto\/radomsky-sem-titulo\/","og_site_name":"Solar do Ros\u00e1rio Galeria \\\\\\\\Nova","article_modified_time":"2026-04-14T18:26:36+00:00","og_image":[{"width":200,"height":267,"url":"https:\/\/solardorosario.com.br\/galeria\/wp-content\/uploads\/2021\/04\/hrado-many-1063-e1619115103647.png","type":"image\/png"}],"twitter_card":"summary_large_image","twitter_misc":{"Est. tempo de leitura":"2 minutos"},"schema":{"@context":"https:\/\/schema.org","@graph":[{"@type":"WebPage","@id":"https:\/\/solardorosario.com.br\/galeria\/produto\/radomsky-sem-titulo\/","url":"https:\/\/solardorosario.com.br\/galeria\/produto\/radomsky-sem-titulo\/","name":"Radomsky - Sem T\u00edtulo - Solar do Ros\u00e1rio Galeria \\\\\\\\Nova","isPartOf":{"@id":"https:\/\/solardorosario.com.br\/galeria\/#website"},"primaryImageOfPage":{"@id":"https:\/\/solardorosario.com.br\/galeria\/produto\/radomsky-sem-titulo\/#primaryimage"},"image":{"@id":"https:\/\/solardorosario.com.br\/galeria\/produto\/radomsky-sem-titulo\/#primaryimage"},"thumbnailUrl":"https:\/\/solardorosario.com.br\/galeria\/wp-content\/uploads\/2021\/04\/hrado-many-1063-e1619115103647.png","datePublished":"2021-04-22T18:11:54+00:00","dateModified":"2026-04-14T18:26:36+00:00","breadcrumb":{"@id":"https:\/\/solardorosario.com.br\/galeria\/produto\/radomsky-sem-titulo\/#breadcrumb"},"inLanguage":"pt-BR","potentialAction":[{"@type":"ReadAction","target":["https:\/\/solardorosario.com.br\/galeria\/produto\/radomsky-sem-titulo\/"]}]},{"@type":"ImageObject","inLanguage":"pt-BR","@id":"https:\/\/solardorosario.com.br\/galeria\/produto\/radomsky-sem-titulo\/#primaryimage","url":"https:\/\/solardorosario.com.br\/galeria\/wp-content\/uploads\/2021\/04\/hrado-many-1063-e1619115103647.png","contentUrl":"https:\/\/solardorosario.com.br\/galeria\/wp-content\/uploads\/2021\/04\/hrado-many-1063-e1619115103647.png","width":200,"height":267},{"@type":"BreadcrumbList","@id":"https:\/\/solardorosario.com.br\/galeria\/produto\/radomsky-sem-titulo\/#breadcrumb","itemListElement":[{"@type":"ListItem","position":1,"name":"In\u00edcio","item":"https:\/\/solardorosario.com.br\/galeria\/"},{"@type":"ListItem","position":2,"name":"galeria","item":"https:\/\/solardorosario.com.br\/galeria\/galeria\/"},{"@type":"ListItem","position":3,"name":"Radomsky - Sem T\u00edtulo"}]},{"@type":"WebSite","@id":"https:\/\/solardorosario.com.br\/galeria\/#website","url":"https:\/\/solardorosario.com.br\/galeria\/","name":"Solar do Ros\u00e1rio Galeria \\\\\\\\Nova","description":"","potentialAction":[{"@type":"SearchAction","target":{"@type":"EntryPoint","urlTemplate":"https:\/\/solardorosario.com.br\/galeria\/?s={search_term_string}"},"query-input":{"@type":"PropertyValueSpecification","valueRequired":true,"valueName":"search_term_string"}}],"inLanguage":"pt-BR"}]}},"_links":{"self":[{"href":"https:\/\/solardorosario.com.br\/galeria\/wp-json\/wp\/v2\/product\/1773","targetHints":{"allow":["GET"]}}],"collection":[{"href":"https:\/\/solardorosario.com.br\/galeria\/wp-json\/wp\/v2\/product"}],"about":[{"href":"https:\/\/solardorosario.com.br\/galeria\/wp-json\/wp\/v2\/types\/product"}],"wp:featuredmedia":[{"embeddable":true,"href":"https:\/\/solardorosario.com.br\/galeria\/wp-json\/wp\/v2\/media\/1774"}],"wp:attachment":[{"href":"https:\/\/solardorosario.com.br\/galeria\/wp-json\/wp\/v2\/media?parent=1773"}],"wp:term":[{"taxonomy":"product_brand","embeddable":true,"href":"https:\/\/solardorosario.com.br\/galeria\/wp-json\/wp\/v2\/product_brand?post=1773"},{"taxonomy":"product_cat","embeddable":true,"href":"https:\/\/solardorosario.com.br\/galeria\/wp-json\/wp\/v2\/product_cat?post=1773"},{"taxonomy":"product_tag","embeddable":true,"href":"https:\/\/solardorosario.com.br\/galeria\/wp-json\/wp\/v2\/product_tag?post=1773"}],"curies":[{"name":"wp","href":"https:\/\/api.w.org\/{rel}","templated":true}]}}