{"id":1741,"date":"2021-04-15T15:35:56","date_gmt":"2021-04-15T18:35:56","guid":{"rendered":"https:\/\/solardorosario.com.br\/galerianova\/?post_type=product&#038;p=1741"},"modified":"2026-03-19T14:31:25","modified_gmt":"2026-03-19T17:31:25","slug":"cristina-roese-namorados","status":"publish","type":"product","link":"https:\/\/solardorosario.com.br\/galeria\/produto\/cristina-roese-namorados\/","title":{"rendered":"Cristina Roese - Namorados"},"content":{"rendered":"<p><strong>Artista:<\/strong> Cristina Roese<\/p>\n<p><strong>T\u00edtulo:<\/strong> Namorados<\/p>\n<p><strong>Dimens\u00e3o:<\/strong> 21x15cm<\/p>\n<p><strong>T\u00e9cnica:<\/strong> Escultura em Bronze<\/p>\n<p>&nbsp;<\/p>\n<p>&nbsp;<\/p>\n<p>Nascida em Ilh\u00e9us - Bahia, em 1947. Em 1971, se muda para Campinas aprendendo sozinha t\u00e9cnicas de escultura em troncos de madeira. Em 1983, inicia os desenhos, e depois trabalha com pintura e giz pastel, com cursos no Museu de Arte de Campinas e no ateli\u00ea Giglio. Depois de um tempo, abre o pr\u00f3prio ateli\u00ea, que era a \u00fanica galeria de esculturas da regi\u00e3o. Participou de exposi\u00e7\u00f5es individuais e coletivas em Campinas, S\u00e3o Paulo, Itu, Jaguariuna, S\u00e3o Jo\u00e3o da Boa Vista, Set\u00fabal e Franca. Recebeu men\u00e7\u00f5es honrosas em sal\u00f5es de Arte de Franca, no VI Sal\u00e3o de Mogi Mirim e no XIX Sal\u00e3o de Arte Contempor\u00e2nea.<\/p>\n","protected":false},"excerpt":{"rendered":"<p>Artista: Cristina Roese T\u00edtulo: Namorados Dimens\u00e3o: 21x15cm T\u00e9cnica: Escultura em Bronze &nbsp; &nbsp; Nascida em Ilh\u00e9us - Bahia, em 1947. Em 1971, se muda para Campinas aprendendo sozinha t\u00e9cnicas de escultura em troncos de madeira. Em 1983, inicia os desenhos, e depois trabalha com pintura e giz pastel, com cursos no Museu de Arte de [&hellip;]<\/p>\n","protected":false},"featured_media":1743,"template":"","meta":[],"product_brand":[],"product_cat":[117],"product_tag":[],"class_list":{"0":"post-1741","1":"product","2":"type-product","3":"status-publish","4":"has-post-thumbnail","6":"product_cat-galeria","7":"pa_artista-cristina-roese","8":"pa_estilo-figurativo","9":"pa_tecnica-bronze","10":"pa_tecnica-escultura","12":"first","13":"instock","14":"shipping-taxable","15":"product-type-simple"},"yoast_head":"<!-- This site is optimized with the Yoast SEO plugin v27.4 - https:\/\/yoast.com\/product\/yoast-seo-wordpress\/ -->\n<title>Cristina Roese - Namorados - Solar do Ros\u00e1rio Galeria \\\\\\\\Nova<\/title>\n<meta name=\"robots\" content=\"index, follow, max-snippet:-1, max-image-preview:large, max-video-preview:-1\" \/>\n<link rel=\"canonical\" href=\"https:\/\/solardorosario.com.br\/galeria\/produto\/cristina-roese-namorados\/\" \/>\n<meta property=\"og:locale\" content=\"pt_BR\" \/>\n<meta property=\"og:type\" content=\"article\" \/>\n<meta property=\"og:title\" content=\"Cristina Roese - Namorados - Solar do Ros\u00e1rio Galeria \\\\\\\\Nova\" \/>\n<meta property=\"og:description\" content=\"Artista: Cristina Roese T\u00edtulo: Namorados Dimens\u00e3o: 21x15cm T\u00e9cnica: Escultura em Bronze &nbsp; &nbsp; Nascida em Ilh\u00e9us - Bahia, em 1947. Em 1971, se muda para Campinas aprendendo sozinha t\u00e9cnicas de escultura em troncos de madeira. Em 1983, inicia os desenhos, e depois trabalha com pintura e giz pastel, com cursos no Museu de Arte de [&hellip;]\" \/>\n<meta property=\"og:url\" content=\"https:\/\/solardorosario.com.br\/galeria\/produto\/cristina-roese-namorados\/\" \/>\n<meta property=\"og:site_name\" content=\"Solar do Ros\u00e1rio Galeria \\\\\\\\Nova\" \/>\n<meta property=\"article:modified_time\" content=\"2026-03-19T17:31:25+00:00\" \/>\n<meta property=\"og:image\" content=\"https:\/\/solardorosario.com.br\/galeria\/wp-content\/uploads\/2021\/04\/Cristina-Roese-699-1-e1618511744478.png\" \/>\n\t<meta property=\"og:image:width\" content=\"200\" \/>\n\t<meta property=\"og:image:height\" content=\"230\" \/>\n\t<meta property=\"og:image:type\" content=\"image\/png\" \/>\n<meta name=\"twitter:card\" content=\"summary_large_image\" \/>\n<meta name=\"twitter:label1\" content=\"Est. tempo de leitura\" \/>\n\t<meta name=\"twitter:data1\" content=\"1 minuto\" \/>\n<script type=\"application\/ld+json\" class=\"yoast-schema-graph\">{\"@context\":\"https:\\\/\\\/schema.org\",\"@graph\":[{\"@type\":\"WebPage\",\"@id\":\"https:\\\/\\\/solardorosario.com.br\\\/galeria\\\/produto\\\/cristina-roese-namorados\\\/\",\"url\":\"https:\\\/\\\/solardorosario.com.br\\\/galeria\\\/produto\\\/cristina-roese-namorados\\\/\",\"name\":\"Cristina Roese - Namorados - Solar do Ros\u00e1rio Galeria \\\\\\\\\\\\\\\\Nova\",\"isPartOf\":{\"@id\":\"https:\\\/\\\/solardorosario.com.br\\\/galeria\\\/#website\"},\"primaryImageOfPage\":{\"@id\":\"https:\\\/\\\/solardorosario.com.br\\\/galeria\\\/produto\\\/cristina-roese-namorados\\\/#primaryimage\"},\"image\":{\"@id\":\"https:\\\/\\\/solardorosario.com.br\\\/galeria\\\/produto\\\/cristina-roese-namorados\\\/#primaryimage\"},\"thumbnailUrl\":\"https:\\\/\\\/solardorosario.com.br\\\/galeria\\\/wp-content\\\/uploads\\\/2021\\\/04\\\/Cristina-Roese-699-1-e1618511744478.png\",\"datePublished\":\"2021-04-15T18:35:56+00:00\",\"dateModified\":\"2026-03-19T17:31:25+00:00\",\"breadcrumb\":{\"@id\":\"https:\\\/\\\/solardorosario.com.br\\\/galeria\\\/produto\\\/cristina-roese-namorados\\\/#breadcrumb\"},\"inLanguage\":\"pt-BR\",\"potentialAction\":[{\"@type\":\"ReadAction\",\"target\":[\"https:\\\/\\\/solardorosario.com.br\\\/galeria\\\/produto\\\/cristina-roese-namorados\\\/\"]}]},{\"@type\":\"ImageObject\",\"inLanguage\":\"pt-BR\",\"@id\":\"https:\\\/\\\/solardorosario.com.br\\\/galeria\\\/produto\\\/cristina-roese-namorados\\\/#primaryimage\",\"url\":\"https:\\\/\\\/solardorosario.com.br\\\/galeria\\\/wp-content\\\/uploads\\\/2021\\\/04\\\/Cristina-Roese-699-1-e1618511744478.png\",\"contentUrl\":\"https:\\\/\\\/solardorosario.com.br\\\/galeria\\\/wp-content\\\/uploads\\\/2021\\\/04\\\/Cristina-Roese-699-1-e1618511744478.png\",\"width\":200,\"height\":230},{\"@type\":\"BreadcrumbList\",\"@id\":\"https:\\\/\\\/solardorosario.com.br\\\/galeria\\\/produto\\\/cristina-roese-namorados\\\/#breadcrumb\",\"itemListElement\":[{\"@type\":\"ListItem\",\"position\":1,\"name\":\"In\u00edcio\",\"item\":\"https:\\\/\\\/solardorosario.com.br\\\/galeria\\\/\"},{\"@type\":\"ListItem\",\"position\":2,\"name\":\"galeria\",\"item\":\"https:\\\/\\\/solardorosario.com.br\\\/galeria\\\/galeria\\\/\"},{\"@type\":\"ListItem\",\"position\":3,\"name\":\"Cristina Roese - Namorados\"}]},{\"@type\":\"WebSite\",\"@id\":\"https:\\\/\\\/solardorosario.com.br\\\/galeria\\\/#website\",\"url\":\"https:\\\/\\\/solardorosario.com.br\\\/galeria\\\/\",\"name\":\"Solar do Ros\u00e1rio Galeria \\\\\\\\\\\\\\\\Nova\",\"description\":\"\",\"potentialAction\":[{\"@type\":\"SearchAction\",\"target\":{\"@type\":\"EntryPoint\",\"urlTemplate\":\"https:\\\/\\\/solardorosario.com.br\\\/galeria\\\/?s={search_term_string}\"},\"query-input\":{\"@type\":\"PropertyValueSpecification\",\"valueRequired\":true,\"valueName\":\"search_term_string\"}}],\"inLanguage\":\"pt-BR\"}]}<\/script>\n<!-- \/ Yoast SEO plugin. -->","yoast_head_json":{"title":"Cristina Roese - Namorados - Solar do Ros\u00e1rio Galeria \\\\\\\\Nova","robots":{"index":"index","follow":"follow","max-snippet":"max-snippet:-1","max-image-preview":"max-image-preview:large","max-video-preview":"max-video-preview:-1"},"canonical":"https:\/\/solardorosario.com.br\/galeria\/produto\/cristina-roese-namorados\/","og_locale":"pt_BR","og_type":"article","og_title":"Cristina Roese - Namorados - Solar do Ros\u00e1rio Galeria \\\\\\\\Nova","og_description":"Artista: Cristina Roese T\u00edtulo: Namorados Dimens\u00e3o: 21x15cm T\u00e9cnica: Escultura em Bronze &nbsp; &nbsp; Nascida em Ilh\u00e9us - Bahia, em 1947. Em 1971, se muda para Campinas aprendendo sozinha t\u00e9cnicas de escultura em troncos de madeira. Em 1983, inicia os desenhos, e depois trabalha com pintura e giz pastel, com cursos no Museu de Arte de [&hellip;]","og_url":"https:\/\/solardorosario.com.br\/galeria\/produto\/cristina-roese-namorados\/","og_site_name":"Solar do Ros\u00e1rio Galeria \\\\\\\\Nova","article_modified_time":"2026-03-19T17:31:25+00:00","og_image":[{"width":200,"height":230,"url":"https:\/\/solardorosario.com.br\/galeria\/wp-content\/uploads\/2021\/04\/Cristina-Roese-699-1-e1618511744478.png","type":"image\/png"}],"twitter_card":"summary_large_image","twitter_misc":{"Est. tempo de leitura":"1 minuto"},"schema":{"@context":"https:\/\/schema.org","@graph":[{"@type":"WebPage","@id":"https:\/\/solardorosario.com.br\/galeria\/produto\/cristina-roese-namorados\/","url":"https:\/\/solardorosario.com.br\/galeria\/produto\/cristina-roese-namorados\/","name":"Cristina Roese - Namorados - Solar do Ros\u00e1rio Galeria \\\\\\\\Nova","isPartOf":{"@id":"https:\/\/solardorosario.com.br\/galeria\/#website"},"primaryImageOfPage":{"@id":"https:\/\/solardorosario.com.br\/galeria\/produto\/cristina-roese-namorados\/#primaryimage"},"image":{"@id":"https:\/\/solardorosario.com.br\/galeria\/produto\/cristina-roese-namorados\/#primaryimage"},"thumbnailUrl":"https:\/\/solardorosario.com.br\/galeria\/wp-content\/uploads\/2021\/04\/Cristina-Roese-699-1-e1618511744478.png","datePublished":"2021-04-15T18:35:56+00:00","dateModified":"2026-03-19T17:31:25+00:00","breadcrumb":{"@id":"https:\/\/solardorosario.com.br\/galeria\/produto\/cristina-roese-namorados\/#breadcrumb"},"inLanguage":"pt-BR","potentialAction":[{"@type":"ReadAction","target":["https:\/\/solardorosario.com.br\/galeria\/produto\/cristina-roese-namorados\/"]}]},{"@type":"ImageObject","inLanguage":"pt-BR","@id":"https:\/\/solardorosario.com.br\/galeria\/produto\/cristina-roese-namorados\/#primaryimage","url":"https:\/\/solardorosario.com.br\/galeria\/wp-content\/uploads\/2021\/04\/Cristina-Roese-699-1-e1618511744478.png","contentUrl":"https:\/\/solardorosario.com.br\/galeria\/wp-content\/uploads\/2021\/04\/Cristina-Roese-699-1-e1618511744478.png","width":200,"height":230},{"@type":"BreadcrumbList","@id":"https:\/\/solardorosario.com.br\/galeria\/produto\/cristina-roese-namorados\/#breadcrumb","itemListElement":[{"@type":"ListItem","position":1,"name":"In\u00edcio","item":"https:\/\/solardorosario.com.br\/galeria\/"},{"@type":"ListItem","position":2,"name":"galeria","item":"https:\/\/solardorosario.com.br\/galeria\/galeria\/"},{"@type":"ListItem","position":3,"name":"Cristina Roese - Namorados"}]},{"@type":"WebSite","@id":"https:\/\/solardorosario.com.br\/galeria\/#website","url":"https:\/\/solardorosario.com.br\/galeria\/","name":"Solar do Ros\u00e1rio Galeria \\\\\\\\Nova","description":"","potentialAction":[{"@type":"SearchAction","target":{"@type":"EntryPoint","urlTemplate":"https:\/\/solardorosario.com.br\/galeria\/?s={search_term_string}"},"query-input":{"@type":"PropertyValueSpecification","valueRequired":true,"valueName":"search_term_string"}}],"inLanguage":"pt-BR"}]}},"_links":{"self":[{"href":"https:\/\/solardorosario.com.br\/galeria\/wp-json\/wp\/v2\/product\/1741","targetHints":{"allow":["GET"]}}],"collection":[{"href":"https:\/\/solardorosario.com.br\/galeria\/wp-json\/wp\/v2\/product"}],"about":[{"href":"https:\/\/solardorosario.com.br\/galeria\/wp-json\/wp\/v2\/types\/product"}],"wp:featuredmedia":[{"embeddable":true,"href":"https:\/\/solardorosario.com.br\/galeria\/wp-json\/wp\/v2\/media\/1743"}],"wp:attachment":[{"href":"https:\/\/solardorosario.com.br\/galeria\/wp-json\/wp\/v2\/media?parent=1741"}],"wp:term":[{"taxonomy":"product_brand","embeddable":true,"href":"https:\/\/solardorosario.com.br\/galeria\/wp-json\/wp\/v2\/product_brand?post=1741"},{"taxonomy":"product_cat","embeddable":true,"href":"https:\/\/solardorosario.com.br\/galeria\/wp-json\/wp\/v2\/product_cat?post=1741"},{"taxonomy":"product_tag","embeddable":true,"href":"https:\/\/solardorosario.com.br\/galeria\/wp-json\/wp\/v2\/product_tag?post=1741"}],"curies":[{"name":"wp","href":"https:\/\/api.w.org\/{rel}","templated":true}]}}