{"id":1723,"date":"2021-04-13T16:19:25","date_gmt":"2021-04-13T19:19:25","guid":{"rendered":"https:\/\/solardorosario.com.br\/galerianova\/cursos\/poty-10\/"},"modified":"2026-01-21T16:44:53","modified_gmt":"2026-01-21T19:44:53","slug":"serigrafia-poty-sao-bernardo-sem-moldura","status":"publish","type":"product","link":"https:\/\/solardorosario.com.br\/galeria\/produto\/serigrafia-poty-sao-bernardo-sem-moldura\/","title":{"rendered":"Serigrafia Poty - S\u00e3o Bernardo (sem moldura)"},"content":{"rendered":"<p><strong>Artista:<\/strong> Poty<\/p>\n<p><strong>T\u00edtulo:<\/strong> S\u00e3o Bernardo<\/p>\n<p><strong>Dimens\u00e3o:<\/strong> 33x27cm<\/p>\n<p><strong>T\u00e9cnica:<\/strong> Serigrafia (sem moldura)<\/p>\n<p><strong>Ano:<\/strong> 1997<\/p>\n<p>&nbsp;<\/p>\n<p>&nbsp;<\/p>\n<p><em>O santo, canonizado em 1123, era vig\u00e1rio geral da diocese de Aosta, nos alpes italianos e, conta a lenda, fundou um monast\u00e9rio e hospedaria para os peregrinos que viajavam para Roma. A seguran\u00e7a desses viajantes era uma grande preocupa\u00e7\u00e3o de S\u00e3o Bernardo, que acolhia a todos, religiosos ou n\u00e3o. Todos eram bem-vindos. Com o aux\u00edlio de c\u00e3es, que receberam o nome do santo, os c\u00e3es s\u00e3o-bernardo, recolhiam os viajantes perdidos nas neves do alpes. Esses c\u00e3es, famosos farejadores e treinados para o resgate dessas pessoas perdidas, levavam preso ao pesco\u00e7o vinho para reanimar os que se perdiam nas in\u00fameras trilhas dos caminhos alpinos.<\/em><\/p>\n<p><em>Em 1923, o Papa Pio XI nomeou S\u00e3o Bernardo o protetor dos alpinistas.<\/em><\/p>\n<p>Regina Casillo, 2010<\/p>\n<p><em>As cidades t\u00eam seus poetas, seus cantores e seus pintores. Os mineiros t\u00eam Guignard, os cariocas t\u00eam Di Cavalcanti. Curitiba recebeu dos deuses o privil\u00e9gio de ter Poty a celebr\u00e1-la. Muralista por excel\u00eancia, onde quer que se caminhe na capital do Paran\u00e1 acompanha-se a obra monumental e o forte tra\u00e7o, \u00fanico, caracter\u00edstico de Napoleon Potyguara Lazzarotto, o nosso Poty.<\/em><\/p>\n<p>Regina Casillo, 1998<\/p>\n<p>&nbsp;<\/p>\n<p>&nbsp;<\/p>\n<p>Napoleon Potyguara Lazzarotto nasceu em 29 de mar\u00e7o de 1924, em Curitiba - Paran\u00e1, no anivers\u00e1rio da cidade (1924-1998). Era formado pela Escola Nacional de Belas Artes, no Rio de Janeiro e depois na Escola de Belas Artes, em Paris - Fran\u00e7a. Era artista visual, ilusrtrador, desenhista, gravador, muralista e professor. No in\u00edcio da d\u00e9cada de 1950, se mudou para S\u00e3o Paulo e ministrou cursos no Museu de Arte de S\u00e3o Paulo Assis Chateaubriand (MASP), nas escolas de gravura. Realizou diversas exposi\u00e7\u00f5es individuais e coletivas no Brasil e no exterior. Al\u00e9m disso, ilustrou v\u00e1rias obras liter\u00e1rias, como \"Grande Sert\u00e3o Veredas\", de Guimar\u00e3es Rosa, ou \"Capit\u00e3es de Areia\", de Jorge Amado.<\/p>\n","protected":false},"excerpt":{"rendered":"<p>Artista: Poty T\u00edtulo: S\u00e3o Bernardo Dimens\u00e3o: 33x27cm T\u00e9cnica: Serigrafia (sem moldura) Ano: 1997 &nbsp; &nbsp; O santo, canonizado em 1123, era vig\u00e1rio geral da diocese de Aosta, nos alpes italianos e, conta a lenda, fundou um monast\u00e9rio e hospedaria para os peregrinos que viajavam para Roma. A seguran\u00e7a desses viajantes era uma grande preocupa\u00e7\u00e3o de [&hellip;]<\/p>\n","protected":false},"featured_media":1722,"template":"","meta":[],"product_brand":[],"product_cat":[117],"product_tag":[],"class_list":{"0":"post-1723","1":"product","2":"type-product","3":"status-publish","4":"has-post-thumbnail","6":"product_cat-galeria","7":"pa_artista-poty","8":"pa_tecnica-serigrafia","10":"first","11":"instock","12":"shipping-taxable","13":"product-type-simple"},"yoast_head":"<!-- This site is optimized with the Yoast SEO plugin v27.4 - https:\/\/yoast.com\/product\/yoast-seo-wordpress\/ -->\n<title>Serigrafia Poty - S\u00e3o Bernardo (sem moldura) - Solar do Ros\u00e1rio Galeria \\\\\\\\Nova<\/title>\n<meta name=\"robots\" content=\"index, follow, max-snippet:-1, max-image-preview:large, max-video-preview:-1\" \/>\n<link rel=\"canonical\" href=\"https:\/\/solardorosario.com.br\/galeria\/produto\/serigrafia-poty-sao-bernardo-sem-moldura\/\" \/>\n<meta property=\"og:locale\" content=\"pt_BR\" \/>\n<meta property=\"og:type\" content=\"article\" \/>\n<meta property=\"og:title\" content=\"Serigrafia Poty - S\u00e3o Bernardo (sem moldura) - Solar do Ros\u00e1rio Galeria \\\\\\\\Nova\" \/>\n<meta property=\"og:description\" content=\"Artista: Poty T\u00edtulo: S\u00e3o Bernardo Dimens\u00e3o: 33x27cm T\u00e9cnica: Serigrafia (sem moldura) Ano: 1997 &nbsp; &nbsp; O santo, canonizado em 1123, era vig\u00e1rio geral da diocese de Aosta, nos alpes italianos e, conta a lenda, fundou um monast\u00e9rio e hospedaria para os peregrinos que viajavam para Roma. A seguran\u00e7a desses viajantes era uma grande preocupa\u00e7\u00e3o de [&hellip;]\" \/>\n<meta property=\"og:url\" content=\"https:\/\/solardorosario.com.br\/galeria\/produto\/serigrafia-poty-sao-bernardo-sem-moldura\/\" \/>\n<meta property=\"og:site_name\" content=\"Solar do Ros\u00e1rio Galeria \\\\\\\\Nova\" \/>\n<meta property=\"article:modified_time\" content=\"2026-01-21T19:44:53+00:00\" \/>\n<meta property=\"og:image\" content=\"https:\/\/solardorosario.com.br\/galeria\/wp-content\/uploads\/2021\/04\/798-e1618495900999.jpeg\" \/>\n\t<meta property=\"og:image:width\" content=\"300\" \/>\n\t<meta property=\"og:image:height\" content=\"211\" \/>\n\t<meta property=\"og:image:type\" content=\"image\/jpeg\" \/>\n<meta name=\"twitter:card\" content=\"summary_large_image\" \/>\n<meta name=\"twitter:label1\" content=\"Est. tempo de leitura\" \/>\n\t<meta name=\"twitter:data1\" content=\"2 minutos\" \/>\n<script type=\"application\/ld+json\" class=\"yoast-schema-graph\">{\"@context\":\"https:\\\/\\\/schema.org\",\"@graph\":[{\"@type\":\"WebPage\",\"@id\":\"https:\\\/\\\/solardorosario.com.br\\\/galeria\\\/produto\\\/serigrafia-poty-sao-bernardo-sem-moldura\\\/\",\"url\":\"https:\\\/\\\/solardorosario.com.br\\\/galeria\\\/produto\\\/serigrafia-poty-sao-bernardo-sem-moldura\\\/\",\"name\":\"Serigrafia Poty - S\u00e3o Bernardo (sem moldura) - Solar do Ros\u00e1rio Galeria \\\\\\\\\\\\\\\\Nova\",\"isPartOf\":{\"@id\":\"https:\\\/\\\/solardorosario.com.br\\\/galeria\\\/#website\"},\"primaryImageOfPage\":{\"@id\":\"https:\\\/\\\/solardorosario.com.br\\\/galeria\\\/produto\\\/serigrafia-poty-sao-bernardo-sem-moldura\\\/#primaryimage\"},\"image\":{\"@id\":\"https:\\\/\\\/solardorosario.com.br\\\/galeria\\\/produto\\\/serigrafia-poty-sao-bernardo-sem-moldura\\\/#primaryimage\"},\"thumbnailUrl\":\"https:\\\/\\\/solardorosario.com.br\\\/galeria\\\/wp-content\\\/uploads\\\/2021\\\/04\\\/798-e1618495900999.jpeg\",\"datePublished\":\"2021-04-13T19:19:25+00:00\",\"dateModified\":\"2026-01-21T19:44:53+00:00\",\"breadcrumb\":{\"@id\":\"https:\\\/\\\/solardorosario.com.br\\\/galeria\\\/produto\\\/serigrafia-poty-sao-bernardo-sem-moldura\\\/#breadcrumb\"},\"inLanguage\":\"pt-BR\",\"potentialAction\":[{\"@type\":\"ReadAction\",\"target\":[\"https:\\\/\\\/solardorosario.com.br\\\/galeria\\\/produto\\\/serigrafia-poty-sao-bernardo-sem-moldura\\\/\"]}]},{\"@type\":\"ImageObject\",\"inLanguage\":\"pt-BR\",\"@id\":\"https:\\\/\\\/solardorosario.com.br\\\/galeria\\\/produto\\\/serigrafia-poty-sao-bernardo-sem-moldura\\\/#primaryimage\",\"url\":\"https:\\\/\\\/solardorosario.com.br\\\/galeria\\\/wp-content\\\/uploads\\\/2021\\\/04\\\/798-e1618495900999.jpeg\",\"contentUrl\":\"https:\\\/\\\/solardorosario.com.br\\\/galeria\\\/wp-content\\\/uploads\\\/2021\\\/04\\\/798-e1618495900999.jpeg\",\"width\":300,\"height\":211},{\"@type\":\"BreadcrumbList\",\"@id\":\"https:\\\/\\\/solardorosario.com.br\\\/galeria\\\/produto\\\/serigrafia-poty-sao-bernardo-sem-moldura\\\/#breadcrumb\",\"itemListElement\":[{\"@type\":\"ListItem\",\"position\":1,\"name\":\"In\u00edcio\",\"item\":\"https:\\\/\\\/solardorosario.com.br\\\/galeria\\\/\"},{\"@type\":\"ListItem\",\"position\":2,\"name\":\"galeria\",\"item\":\"https:\\\/\\\/solardorosario.com.br\\\/galeria\\\/galeria\\\/\"},{\"@type\":\"ListItem\",\"position\":3,\"name\":\"Serigrafia Poty - S\u00e3o Bernardo (sem moldura)\"}]},{\"@type\":\"WebSite\",\"@id\":\"https:\\\/\\\/solardorosario.com.br\\\/galeria\\\/#website\",\"url\":\"https:\\\/\\\/solardorosario.com.br\\\/galeria\\\/\",\"name\":\"Solar do Ros\u00e1rio Galeria \\\\\\\\\\\\\\\\Nova\",\"description\":\"\",\"potentialAction\":[{\"@type\":\"SearchAction\",\"target\":{\"@type\":\"EntryPoint\",\"urlTemplate\":\"https:\\\/\\\/solardorosario.com.br\\\/galeria\\\/?s={search_term_string}\"},\"query-input\":{\"@type\":\"PropertyValueSpecification\",\"valueRequired\":true,\"valueName\":\"search_term_string\"}}],\"inLanguage\":\"pt-BR\"}]}<\/script>\n<!-- \/ Yoast SEO plugin. -->","yoast_head_json":{"title":"Serigrafia Poty - S\u00e3o Bernardo (sem moldura) - Solar do Ros\u00e1rio Galeria \\\\\\\\Nova","robots":{"index":"index","follow":"follow","max-snippet":"max-snippet:-1","max-image-preview":"max-image-preview:large","max-video-preview":"max-video-preview:-1"},"canonical":"https:\/\/solardorosario.com.br\/galeria\/produto\/serigrafia-poty-sao-bernardo-sem-moldura\/","og_locale":"pt_BR","og_type":"article","og_title":"Serigrafia Poty - S\u00e3o Bernardo (sem moldura) - Solar do Ros\u00e1rio Galeria \\\\\\\\Nova","og_description":"Artista: Poty T\u00edtulo: S\u00e3o Bernardo Dimens\u00e3o: 33x27cm T\u00e9cnica: Serigrafia (sem moldura) Ano: 1997 &nbsp; &nbsp; O santo, canonizado em 1123, era vig\u00e1rio geral da diocese de Aosta, nos alpes italianos e, conta a lenda, fundou um monast\u00e9rio e hospedaria para os peregrinos que viajavam para Roma. A seguran\u00e7a desses viajantes era uma grande preocupa\u00e7\u00e3o de [&hellip;]","og_url":"https:\/\/solardorosario.com.br\/galeria\/produto\/serigrafia-poty-sao-bernardo-sem-moldura\/","og_site_name":"Solar do Ros\u00e1rio Galeria \\\\\\\\Nova","article_modified_time":"2026-01-21T19:44:53+00:00","og_image":[{"width":300,"height":211,"url":"https:\/\/solardorosario.com.br\/galeria\/wp-content\/uploads\/2021\/04\/798-e1618495900999.jpeg","type":"image\/jpeg"}],"twitter_card":"summary_large_image","twitter_misc":{"Est. tempo de leitura":"2 minutos"},"schema":{"@context":"https:\/\/schema.org","@graph":[{"@type":"WebPage","@id":"https:\/\/solardorosario.com.br\/galeria\/produto\/serigrafia-poty-sao-bernardo-sem-moldura\/","url":"https:\/\/solardorosario.com.br\/galeria\/produto\/serigrafia-poty-sao-bernardo-sem-moldura\/","name":"Serigrafia Poty - S\u00e3o Bernardo (sem moldura) - Solar do Ros\u00e1rio Galeria \\\\\\\\Nova","isPartOf":{"@id":"https:\/\/solardorosario.com.br\/galeria\/#website"},"primaryImageOfPage":{"@id":"https:\/\/solardorosario.com.br\/galeria\/produto\/serigrafia-poty-sao-bernardo-sem-moldura\/#primaryimage"},"image":{"@id":"https:\/\/solardorosario.com.br\/galeria\/produto\/serigrafia-poty-sao-bernardo-sem-moldura\/#primaryimage"},"thumbnailUrl":"https:\/\/solardorosario.com.br\/galeria\/wp-content\/uploads\/2021\/04\/798-e1618495900999.jpeg","datePublished":"2021-04-13T19:19:25+00:00","dateModified":"2026-01-21T19:44:53+00:00","breadcrumb":{"@id":"https:\/\/solardorosario.com.br\/galeria\/produto\/serigrafia-poty-sao-bernardo-sem-moldura\/#breadcrumb"},"inLanguage":"pt-BR","potentialAction":[{"@type":"ReadAction","target":["https:\/\/solardorosario.com.br\/galeria\/produto\/serigrafia-poty-sao-bernardo-sem-moldura\/"]}]},{"@type":"ImageObject","inLanguage":"pt-BR","@id":"https:\/\/solardorosario.com.br\/galeria\/produto\/serigrafia-poty-sao-bernardo-sem-moldura\/#primaryimage","url":"https:\/\/solardorosario.com.br\/galeria\/wp-content\/uploads\/2021\/04\/798-e1618495900999.jpeg","contentUrl":"https:\/\/solardorosario.com.br\/galeria\/wp-content\/uploads\/2021\/04\/798-e1618495900999.jpeg","width":300,"height":211},{"@type":"BreadcrumbList","@id":"https:\/\/solardorosario.com.br\/galeria\/produto\/serigrafia-poty-sao-bernardo-sem-moldura\/#breadcrumb","itemListElement":[{"@type":"ListItem","position":1,"name":"In\u00edcio","item":"https:\/\/solardorosario.com.br\/galeria\/"},{"@type":"ListItem","position":2,"name":"galeria","item":"https:\/\/solardorosario.com.br\/galeria\/galeria\/"},{"@type":"ListItem","position":3,"name":"Serigrafia Poty - S\u00e3o Bernardo (sem moldura)"}]},{"@type":"WebSite","@id":"https:\/\/solardorosario.com.br\/galeria\/#website","url":"https:\/\/solardorosario.com.br\/galeria\/","name":"Solar do Ros\u00e1rio Galeria \\\\\\\\Nova","description":"","potentialAction":[{"@type":"SearchAction","target":{"@type":"EntryPoint","urlTemplate":"https:\/\/solardorosario.com.br\/galeria\/?s={search_term_string}"},"query-input":{"@type":"PropertyValueSpecification","valueRequired":true,"valueName":"search_term_string"}}],"inLanguage":"pt-BR"}]}},"_links":{"self":[{"href":"https:\/\/solardorosario.com.br\/galeria\/wp-json\/wp\/v2\/product\/1723","targetHints":{"allow":["GET"]}}],"collection":[{"href":"https:\/\/solardorosario.com.br\/galeria\/wp-json\/wp\/v2\/product"}],"about":[{"href":"https:\/\/solardorosario.com.br\/galeria\/wp-json\/wp\/v2\/types\/product"}],"wp:featuredmedia":[{"embeddable":true,"href":"https:\/\/solardorosario.com.br\/galeria\/wp-json\/wp\/v2\/media\/1722"}],"wp:attachment":[{"href":"https:\/\/solardorosario.com.br\/galeria\/wp-json\/wp\/v2\/media?parent=1723"}],"wp:term":[{"taxonomy":"product_brand","embeddable":true,"href":"https:\/\/solardorosario.com.br\/galeria\/wp-json\/wp\/v2\/product_brand?post=1723"},{"taxonomy":"product_cat","embeddable":true,"href":"https:\/\/solardorosario.com.br\/galeria\/wp-json\/wp\/v2\/product_cat?post=1723"},{"taxonomy":"product_tag","embeddable":true,"href":"https:\/\/solardorosario.com.br\/galeria\/wp-json\/wp\/v2\/product_tag?post=1723"}],"curies":[{"name":"wp","href":"https:\/\/api.w.org\/{rel}","templated":true}]}}