{"id":1721,"date":"2021-04-13T16:19:23","date_gmt":"2021-04-13T19:19:23","guid":{"rendered":"https:\/\/solardorosario.com.br\/galerianova\/cursos\/poty-9\/"},"modified":"2026-01-21T16:47:33","modified_gmt":"2026-01-21T19:47:33","slug":"serigrafia-poty-sao-francisco-de-assis-irmao-sempre-alegre-ou-perfeita-alegria-sem-moldura","status":"publish","type":"product","link":"https:\/\/solardorosario.com.br\/galeria\/produto\/serigrafia-poty-sao-francisco-de-assis-irmao-sempre-alegre-ou-perfeita-alegria-sem-moldura\/","title":{"rendered":"Serigrafia Poty - S\u00e3o Francisco de Assis - Irm\u00e3o Sempre Alegre ou Perfeita Alegria (sem moldura)"},"content":{"rendered":"<p><strong>Artista:<\/strong> Poty<\/p>\n<p><strong>T\u00edtulo:<\/strong> S\u00e3o Francisco de Assis - Irm\u00e3o Sempre Alegre ou Perfeita Alegria<\/p>\n<p><strong>Dimens\u00e3o:<\/strong> 50x30cm<\/p>\n<p><strong>T\u00e9cnica:<\/strong> Serigrafia<\/p>\n<p><strong>Ano:<\/strong> 1996<\/p>\n<p>&nbsp;<\/p>\n<p>&nbsp;<\/p>\n<p><em>O santinho de Assis mostrou ao mundo um novo sentido de fraternidade que se estendia a todos os seres. Assim, \u00e9 tamb\u00e9m o padroeiro dos animais. A tradi\u00e7\u00e3o \u00e9 antiga, e no dia 4 de outubro, cachorros, gatos, passarinhos e todos os bichos t\u00e3o estimados pelo santo de Assis v\u00e3o receber a ben\u00e7\u00e3o de S\u00e3o Francisco.<\/em><br \/>\n<em>Poty, durante anos a fio desenhou os cartazes, as camisetas e os convites da nossa tradicional Festa de S\u00e3o Francisco, quando todos se re\u00fanem no Centro Hist\u00f3rico na festa curitibana que homenageia do querido padroeiro.<\/em><\/p>\n<p>Regina Casillo, 1998<\/p>\n<p>&nbsp;<\/p>\n<p><em>As cidades t\u00eam seus poetas, seus cantores e seus pintores. Os mineiros t\u00eam Guignard, os cariocas t\u00eam Di Cavalcanti. Curitiba recebeu dos deuses o privil\u00e9gio de ter Poty a celebr\u00e1-la. Muralista por excel\u00eancia, onde quer que se caminhe na capital do Paran\u00e1 acompanha-se a obra monumental e o forte tra\u00e7o, \u00fanico, caracter\u00edstico de Napoleon Potyguara Lazzarotto, o nosso Poty.<\/em><\/p>\n<p>Regina Casillo, 1998<\/p>\n<p>&nbsp;<\/p>\n<p>&nbsp;<\/p>\n<p>Napoleon Potyguara Lazzarotto nasceu em 29 de mar\u00e7o de 1924, em Curitiba - Paran\u00e1, no anivers\u00e1rio da cidade (1924-1998). Era formado pela Escola Nacional de Belas Artes, no Rio de Janeiro e depois na Escola de Belas Artes, em Paris - Fran\u00e7a. Era artista visual, ilusrtrador, desenhista, gravador, muralista e professor. No in\u00edcio da d\u00e9cada de 1950, se mudou para S\u00e3o Paulo e ministrou cursos no Museu de Arte de S\u00e3o Paulo Assis Chateaubriand (MASP), nas escolas de gravura. Realizou diversas exposi\u00e7\u00f5es individuais e coletivas no Brasil e no exterior. Al\u00e9m disso, ilustrou v\u00e1rias obras liter\u00e1rias, como \"Grande Sert\u00e3o Veredas\", de Guimar\u00e3es Rosa, ou \"Capit\u00e3es de Areia\", de Jorge Amado.<\/p>\n","protected":false},"excerpt":{"rendered":"<p>Artista: Poty T\u00edtulo: S\u00e3o Francisco de Assis - Irm\u00e3o Sempre Alegre ou Perfeita Alegria Dimens\u00e3o: 50x30cm T\u00e9cnica: Serigrafia Ano: 1996 &nbsp; &nbsp; O santinho de Assis mostrou ao mundo um novo sentido de fraternidade que se estendia a todos os seres. Assim, \u00e9 tamb\u00e9m o padroeiro dos animais. A tradi\u00e7\u00e3o \u00e9 antiga, e no dia [&hellip;]<\/p>\n","protected":false},"featured_media":1720,"template":"","meta":[],"product_brand":[],"product_cat":[117],"product_tag":[],"class_list":{"0":"post-1721","1":"product","2":"type-product","3":"status-publish","4":"has-post-thumbnail","6":"product_cat-galeria","7":"pa_artista-poty","8":"pa_estilo-figurativo","9":"pa_tecnica-serigrafia","11":"first","12":"instock","13":"shipping-taxable","14":"product-type-simple"},"yoast_head":"<!-- This site is optimized with the Yoast SEO plugin v27.4 - https:\/\/yoast.com\/product\/yoast-seo-wordpress\/ -->\n<title>Serigrafia Poty - S\u00e3o Francisco de Assis - Irm\u00e3o Sempre Alegre ou Perfeita Alegria (sem moldura) - Solar do Ros\u00e1rio Galeria \\\\\\\\Nova<\/title>\n<meta name=\"robots\" content=\"index, follow, max-snippet:-1, max-image-preview:large, max-video-preview:-1\" \/>\n<link rel=\"canonical\" href=\"https:\/\/solardorosario.com.br\/galeria\/produto\/serigrafia-poty-sao-francisco-de-assis-irmao-sempre-alegre-ou-perfeita-alegria-sem-moldura\/\" \/>\n<meta property=\"og:locale\" content=\"pt_BR\" \/>\n<meta property=\"og:type\" content=\"article\" \/>\n<meta property=\"og:title\" content=\"Serigrafia Poty - S\u00e3o Francisco de Assis - Irm\u00e3o Sempre Alegre ou Perfeita Alegria (sem moldura) - Solar do Ros\u00e1rio Galeria \\\\\\\\Nova\" \/>\n<meta property=\"og:description\" content=\"Artista: Poty T\u00edtulo: S\u00e3o Francisco de Assis - Irm\u00e3o Sempre Alegre ou Perfeita Alegria Dimens\u00e3o: 50x30cm T\u00e9cnica: Serigrafia Ano: 1996 &nbsp; &nbsp; O santinho de Assis mostrou ao mundo um novo sentido de fraternidade que se estendia a todos os seres. Assim, \u00e9 tamb\u00e9m o padroeiro dos animais. A tradi\u00e7\u00e3o \u00e9 antiga, e no dia [&hellip;]\" \/>\n<meta property=\"og:url\" content=\"https:\/\/solardorosario.com.br\/galeria\/produto\/serigrafia-poty-sao-francisco-de-assis-irmao-sempre-alegre-ou-perfeita-alegria-sem-moldura\/\" \/>\n<meta property=\"og:site_name\" content=\"Solar do Ros\u00e1rio Galeria \\\\\\\\Nova\" \/>\n<meta property=\"article:modified_time\" content=\"2026-01-21T19:47:33+00:00\" \/>\n<meta property=\"og:image\" content=\"https:\/\/solardorosario.com.br\/galeria\/wp-content\/uploads\/2021\/04\/888-e1618496006281.jpeg\" \/>\n\t<meta property=\"og:image:width\" content=\"200\" \/>\n\t<meta property=\"og:image:height\" content=\"277\" \/>\n\t<meta property=\"og:image:type\" content=\"image\/jpeg\" \/>\n<meta name=\"twitter:card\" content=\"summary_large_image\" \/>\n<meta name=\"twitter:label1\" content=\"Est. tempo de leitura\" \/>\n\t<meta name=\"twitter:data1\" content=\"2 minutos\" \/>\n<script type=\"application\/ld+json\" class=\"yoast-schema-graph\">{\"@context\":\"https:\\\/\\\/schema.org\",\"@graph\":[{\"@type\":\"WebPage\",\"@id\":\"https:\\\/\\\/solardorosario.com.br\\\/galeria\\\/produto\\\/serigrafia-poty-sao-francisco-de-assis-irmao-sempre-alegre-ou-perfeita-alegria-sem-moldura\\\/\",\"url\":\"https:\\\/\\\/solardorosario.com.br\\\/galeria\\\/produto\\\/serigrafia-poty-sao-francisco-de-assis-irmao-sempre-alegre-ou-perfeita-alegria-sem-moldura\\\/\",\"name\":\"Serigrafia Poty - S\u00e3o Francisco de Assis - Irm\u00e3o Sempre Alegre ou Perfeita Alegria (sem moldura) - Solar do Ros\u00e1rio Galeria \\\\\\\\\\\\\\\\Nova\",\"isPartOf\":{\"@id\":\"https:\\\/\\\/solardorosario.com.br\\\/galeria\\\/#website\"},\"primaryImageOfPage\":{\"@id\":\"https:\\\/\\\/solardorosario.com.br\\\/galeria\\\/produto\\\/serigrafia-poty-sao-francisco-de-assis-irmao-sempre-alegre-ou-perfeita-alegria-sem-moldura\\\/#primaryimage\"},\"image\":{\"@id\":\"https:\\\/\\\/solardorosario.com.br\\\/galeria\\\/produto\\\/serigrafia-poty-sao-francisco-de-assis-irmao-sempre-alegre-ou-perfeita-alegria-sem-moldura\\\/#primaryimage\"},\"thumbnailUrl\":\"https:\\\/\\\/solardorosario.com.br\\\/galeria\\\/wp-content\\\/uploads\\\/2021\\\/04\\\/888-e1618496006281.jpeg\",\"datePublished\":\"2021-04-13T19:19:23+00:00\",\"dateModified\":\"2026-01-21T19:47:33+00:00\",\"breadcrumb\":{\"@id\":\"https:\\\/\\\/solardorosario.com.br\\\/galeria\\\/produto\\\/serigrafia-poty-sao-francisco-de-assis-irmao-sempre-alegre-ou-perfeita-alegria-sem-moldura\\\/#breadcrumb\"},\"inLanguage\":\"pt-BR\",\"potentialAction\":[{\"@type\":\"ReadAction\",\"target\":[\"https:\\\/\\\/solardorosario.com.br\\\/galeria\\\/produto\\\/serigrafia-poty-sao-francisco-de-assis-irmao-sempre-alegre-ou-perfeita-alegria-sem-moldura\\\/\"]}]},{\"@type\":\"ImageObject\",\"inLanguage\":\"pt-BR\",\"@id\":\"https:\\\/\\\/solardorosario.com.br\\\/galeria\\\/produto\\\/serigrafia-poty-sao-francisco-de-assis-irmao-sempre-alegre-ou-perfeita-alegria-sem-moldura\\\/#primaryimage\",\"url\":\"https:\\\/\\\/solardorosario.com.br\\\/galeria\\\/wp-content\\\/uploads\\\/2021\\\/04\\\/888-e1618496006281.jpeg\",\"contentUrl\":\"https:\\\/\\\/solardorosario.com.br\\\/galeria\\\/wp-content\\\/uploads\\\/2021\\\/04\\\/888-e1618496006281.jpeg\",\"width\":200,\"height\":277},{\"@type\":\"BreadcrumbList\",\"@id\":\"https:\\\/\\\/solardorosario.com.br\\\/galeria\\\/produto\\\/serigrafia-poty-sao-francisco-de-assis-irmao-sempre-alegre-ou-perfeita-alegria-sem-moldura\\\/#breadcrumb\",\"itemListElement\":[{\"@type\":\"ListItem\",\"position\":1,\"name\":\"In\u00edcio\",\"item\":\"https:\\\/\\\/solardorosario.com.br\\\/galeria\\\/\"},{\"@type\":\"ListItem\",\"position\":2,\"name\":\"galeria\",\"item\":\"https:\\\/\\\/solardorosario.com.br\\\/galeria\\\/galeria\\\/\"},{\"@type\":\"ListItem\",\"position\":3,\"name\":\"Serigrafia Poty - S\u00e3o Francisco de Assis - Irm\u00e3o Sempre Alegre ou Perfeita Alegria (sem moldura)\"}]},{\"@type\":\"WebSite\",\"@id\":\"https:\\\/\\\/solardorosario.com.br\\\/galeria\\\/#website\",\"url\":\"https:\\\/\\\/solardorosario.com.br\\\/galeria\\\/\",\"name\":\"Solar do Ros\u00e1rio Galeria \\\\\\\\\\\\\\\\Nova\",\"description\":\"\",\"potentialAction\":[{\"@type\":\"SearchAction\",\"target\":{\"@type\":\"EntryPoint\",\"urlTemplate\":\"https:\\\/\\\/solardorosario.com.br\\\/galeria\\\/?s={search_term_string}\"},\"query-input\":{\"@type\":\"PropertyValueSpecification\",\"valueRequired\":true,\"valueName\":\"search_term_string\"}}],\"inLanguage\":\"pt-BR\"}]}<\/script>\n<!-- \/ Yoast SEO plugin. -->","yoast_head_json":{"title":"Serigrafia Poty - S\u00e3o Francisco de Assis - Irm\u00e3o Sempre Alegre ou Perfeita Alegria (sem moldura) - Solar do Ros\u00e1rio Galeria \\\\\\\\Nova","robots":{"index":"index","follow":"follow","max-snippet":"max-snippet:-1","max-image-preview":"max-image-preview:large","max-video-preview":"max-video-preview:-1"},"canonical":"https:\/\/solardorosario.com.br\/galeria\/produto\/serigrafia-poty-sao-francisco-de-assis-irmao-sempre-alegre-ou-perfeita-alegria-sem-moldura\/","og_locale":"pt_BR","og_type":"article","og_title":"Serigrafia Poty - S\u00e3o Francisco de Assis - Irm\u00e3o Sempre Alegre ou Perfeita Alegria (sem moldura) - Solar do Ros\u00e1rio Galeria \\\\\\\\Nova","og_description":"Artista: Poty T\u00edtulo: S\u00e3o Francisco de Assis - Irm\u00e3o Sempre Alegre ou Perfeita Alegria Dimens\u00e3o: 50x30cm T\u00e9cnica: Serigrafia Ano: 1996 &nbsp; &nbsp; O santinho de Assis mostrou ao mundo um novo sentido de fraternidade que se estendia a todos os seres. Assim, \u00e9 tamb\u00e9m o padroeiro dos animais. A tradi\u00e7\u00e3o \u00e9 antiga, e no dia [&hellip;]","og_url":"https:\/\/solardorosario.com.br\/galeria\/produto\/serigrafia-poty-sao-francisco-de-assis-irmao-sempre-alegre-ou-perfeita-alegria-sem-moldura\/","og_site_name":"Solar do Ros\u00e1rio Galeria \\\\\\\\Nova","article_modified_time":"2026-01-21T19:47:33+00:00","og_image":[{"width":200,"height":277,"url":"https:\/\/solardorosario.com.br\/galeria\/wp-content\/uploads\/2021\/04\/888-e1618496006281.jpeg","type":"image\/jpeg"}],"twitter_card":"summary_large_image","twitter_misc":{"Est. tempo de leitura":"2 minutos"},"schema":{"@context":"https:\/\/schema.org","@graph":[{"@type":"WebPage","@id":"https:\/\/solardorosario.com.br\/galeria\/produto\/serigrafia-poty-sao-francisco-de-assis-irmao-sempre-alegre-ou-perfeita-alegria-sem-moldura\/","url":"https:\/\/solardorosario.com.br\/galeria\/produto\/serigrafia-poty-sao-francisco-de-assis-irmao-sempre-alegre-ou-perfeita-alegria-sem-moldura\/","name":"Serigrafia Poty - S\u00e3o Francisco de Assis - Irm\u00e3o Sempre Alegre ou Perfeita Alegria (sem moldura) - Solar do Ros\u00e1rio Galeria \\\\\\\\Nova","isPartOf":{"@id":"https:\/\/solardorosario.com.br\/galeria\/#website"},"primaryImageOfPage":{"@id":"https:\/\/solardorosario.com.br\/galeria\/produto\/serigrafia-poty-sao-francisco-de-assis-irmao-sempre-alegre-ou-perfeita-alegria-sem-moldura\/#primaryimage"},"image":{"@id":"https:\/\/solardorosario.com.br\/galeria\/produto\/serigrafia-poty-sao-francisco-de-assis-irmao-sempre-alegre-ou-perfeita-alegria-sem-moldura\/#primaryimage"},"thumbnailUrl":"https:\/\/solardorosario.com.br\/galeria\/wp-content\/uploads\/2021\/04\/888-e1618496006281.jpeg","datePublished":"2021-04-13T19:19:23+00:00","dateModified":"2026-01-21T19:47:33+00:00","breadcrumb":{"@id":"https:\/\/solardorosario.com.br\/galeria\/produto\/serigrafia-poty-sao-francisco-de-assis-irmao-sempre-alegre-ou-perfeita-alegria-sem-moldura\/#breadcrumb"},"inLanguage":"pt-BR","potentialAction":[{"@type":"ReadAction","target":["https:\/\/solardorosario.com.br\/galeria\/produto\/serigrafia-poty-sao-francisco-de-assis-irmao-sempre-alegre-ou-perfeita-alegria-sem-moldura\/"]}]},{"@type":"ImageObject","inLanguage":"pt-BR","@id":"https:\/\/solardorosario.com.br\/galeria\/produto\/serigrafia-poty-sao-francisco-de-assis-irmao-sempre-alegre-ou-perfeita-alegria-sem-moldura\/#primaryimage","url":"https:\/\/solardorosario.com.br\/galeria\/wp-content\/uploads\/2021\/04\/888-e1618496006281.jpeg","contentUrl":"https:\/\/solardorosario.com.br\/galeria\/wp-content\/uploads\/2021\/04\/888-e1618496006281.jpeg","width":200,"height":277},{"@type":"BreadcrumbList","@id":"https:\/\/solardorosario.com.br\/galeria\/produto\/serigrafia-poty-sao-francisco-de-assis-irmao-sempre-alegre-ou-perfeita-alegria-sem-moldura\/#breadcrumb","itemListElement":[{"@type":"ListItem","position":1,"name":"In\u00edcio","item":"https:\/\/solardorosario.com.br\/galeria\/"},{"@type":"ListItem","position":2,"name":"galeria","item":"https:\/\/solardorosario.com.br\/galeria\/galeria\/"},{"@type":"ListItem","position":3,"name":"Serigrafia Poty - S\u00e3o Francisco de Assis - Irm\u00e3o Sempre Alegre ou Perfeita Alegria (sem moldura)"}]},{"@type":"WebSite","@id":"https:\/\/solardorosario.com.br\/galeria\/#website","url":"https:\/\/solardorosario.com.br\/galeria\/","name":"Solar do Ros\u00e1rio Galeria \\\\\\\\Nova","description":"","potentialAction":[{"@type":"SearchAction","target":{"@type":"EntryPoint","urlTemplate":"https:\/\/solardorosario.com.br\/galeria\/?s={search_term_string}"},"query-input":{"@type":"PropertyValueSpecification","valueRequired":true,"valueName":"search_term_string"}}],"inLanguage":"pt-BR"}]}},"_links":{"self":[{"href":"https:\/\/solardorosario.com.br\/galeria\/wp-json\/wp\/v2\/product\/1721","targetHints":{"allow":["GET"]}}],"collection":[{"href":"https:\/\/solardorosario.com.br\/galeria\/wp-json\/wp\/v2\/product"}],"about":[{"href":"https:\/\/solardorosario.com.br\/galeria\/wp-json\/wp\/v2\/types\/product"}],"wp:featuredmedia":[{"embeddable":true,"href":"https:\/\/solardorosario.com.br\/galeria\/wp-json\/wp\/v2\/media\/1720"}],"wp:attachment":[{"href":"https:\/\/solardorosario.com.br\/galeria\/wp-json\/wp\/v2\/media?parent=1721"}],"wp:term":[{"taxonomy":"product_brand","embeddable":true,"href":"https:\/\/solardorosario.com.br\/galeria\/wp-json\/wp\/v2\/product_brand?post=1721"},{"taxonomy":"product_cat","embeddable":true,"href":"https:\/\/solardorosario.com.br\/galeria\/wp-json\/wp\/v2\/product_cat?post=1721"},{"taxonomy":"product_tag","embeddable":true,"href":"https:\/\/solardorosario.com.br\/galeria\/wp-json\/wp\/v2\/product_tag?post=1721"}],"curies":[{"name":"wp","href":"https:\/\/api.w.org\/{rel}","templated":true}]}}