{"id":1709,"date":"2021-04-13T16:19:03","date_gmt":"2021-04-13T19:19:03","guid":{"rendered":"https:\/\/solardorosario.com.br\/galerianova\/cursos\/poty-3\/"},"modified":"2026-01-21T11:17:40","modified_gmt":"2026-01-21T14:17:40","slug":"serigrafia-poty-sao-pedro-pescador-de-almas-sem-moldura","status":"publish","type":"product","link":"https:\/\/solardorosario.com.br\/galeria\/produto\/serigrafia-poty-sao-pedro-pescador-de-almas-sem-moldura\/","title":{"rendered":"Serigrafia Poty  S\u00e3o Pedro - Pescador de Almas (sem moldura)"},"content":{"rendered":"<p><strong>Artista:<\/strong> Poty<\/p>\n<p><strong>T\u00edtulo:<\/strong> S\u00e3o Pedro - Pescador de Almas<\/p>\n<p><strong>Dimens\u00e3o:<\/strong> 50x37cm<\/p>\n<p><strong>T\u00e9cnica:<\/strong> Serigrafia<\/p>\n<p><strong>Ano:<\/strong> 1997<\/p>\n<p>&nbsp;<\/p>\n<p>&nbsp;<\/p>\n<p><em>Sim\u00e3o vivia em Beth<\/em><em>saida, \u00e0s margens do lago Tiber\u00edades, e sempre foi chamado de pescador, como tamb\u00e9m seu pai Jona e seu irm\u00e3o Andr\u00e9. Foi disc\u00edpulo de S\u00e3o Jo\u00e3o Batista, e conta a hist\u00f3ria que, largando tudo, seguiu Jesus. Um dia, Cristo, \u201cdepois de olhar para ele, disse: Tu \u00e9s Sim\u00e3o, filho de Jona; tu ser\u00e1 chamado Cefas, que quer dizer Pedro\u201d (Evangelho de S\u00e3o Jo\u00e3o 1,42).<\/em><br \/>\n<em>Poty criou para o solar do Ros\u00e1rio a imagem de S\u00e3o Pedro, o pescador de almas. Humilde na postura, no barquinho e na express\u00e3o, mas cumprindo alegremente sua fun\u00e7\u00e3o de pescador...de almas.<\/em><\/p>\n<p>Regina Casillo, 2010<\/p>\n<p><em>As cidades t\u00eam seus poetas, seus cantores e seus pintores. Os mineiros t\u00eam Guignard, os cariocas t\u00eam Di Cavalcanti. Curitiba recebeu dos deuses o privil\u00e9gio de ter Poty a celebr\u00e1-la. Muralista por excel\u00eancia, onde quer que se caminhe na capital do Paran\u00e1 acompanha-se a obra monumental e o forte tra\u00e7o, \u00fanico, caracter\u00edstico de Napoleon Potyguara Lazzarotto, o nosso Poty.<\/em><\/p>\n<p>Regina Casillo, 1998<\/p>\n<p>&nbsp;<\/p>\n<p>Napoleon Potyguara Lazzarotto nasceu em 29 de mar\u00e7o de 1924, em Curitiba - Paran\u00e1, no anivers\u00e1rio da cidade (1924-1998). Era formado pela Escola Nacional de Belas Artes, no Rio de Janeiro e depois na Escola de Belas Artes, em Paris - Fran\u00e7a. Era artista visual, ilusrtrador, desenhista, gravador, muralista e professor. No in\u00edcio da d\u00e9cada de 1950, se mudou para S\u00e3o Paulo e ministrou cursos no Museu de Arte de S\u00e3o Paulo Assis Chateaubriand (MASP), nas escolas de gravura. Realizou diversas exposi\u00e7\u00f5es individuais e coletivas no Brasil e no exterior. Al\u00e9m disso, ilustrou v\u00e1rias obras liter\u00e1rias, como \"Grande Sert\u00e3o Veredas\", de Guimar\u00e3es Rosa, ou \"Capit\u00e3es de Areia\", de Jorge Amado.<\/p>\n","protected":false},"excerpt":{"rendered":"<p>Artista: Poty T\u00edtulo: S\u00e3o Pedro - Pescador de Almas Dimens\u00e3o: 50x37cm T\u00e9cnica: Serigrafia Ano: 1997 &nbsp; &nbsp; Sim\u00e3o vivia em Bethsaida, \u00e0s margens do lago Tiber\u00edades, e sempre foi chamado de pescador, como tamb\u00e9m seu pai Jona e seu irm\u00e3o Andr\u00e9. Foi disc\u00edpulo de S\u00e3o Jo\u00e3o Batista, e conta a hist\u00f3ria que, largando tudo, seguiu [&hellip;]<\/p>\n","protected":false},"featured_media":1708,"template":"","meta":[],"product_brand":[],"product_cat":[117],"product_tag":[],"class_list":{"0":"post-1709","1":"product","2":"type-product","3":"status-publish","4":"has-post-thumbnail","6":"product_cat-galeria","7":"pa_artista-poty","8":"pa_estilo-figurativo","9":"pa_tecnica-serigrafia","11":"first","12":"instock","13":"shipping-taxable","14":"product-type-simple"},"yoast_head":"<!-- This site is optimized with the Yoast SEO plugin v27.4 - https:\/\/yoast.com\/product\/yoast-seo-wordpress\/ -->\n<title>Serigrafia Poty S\u00e3o Pedro - Pescador de Almas (sem moldura) - Solar do Ros\u00e1rio Galeria \\\\\\\\Nova<\/title>\n<meta name=\"robots\" content=\"index, follow, max-snippet:-1, max-image-preview:large, max-video-preview:-1\" \/>\n<link rel=\"canonical\" href=\"https:\/\/solardorosario.com.br\/galeria\/produto\/serigrafia-poty-sao-pedro-pescador-de-almas-sem-moldura\/\" \/>\n<meta property=\"og:locale\" content=\"pt_BR\" \/>\n<meta property=\"og:type\" content=\"article\" \/>\n<meta property=\"og:title\" content=\"Serigrafia Poty S\u00e3o Pedro - Pescador de Almas (sem moldura) - Solar do Ros\u00e1rio Galeria \\\\\\\\Nova\" \/>\n<meta property=\"og:description\" content=\"Artista: Poty T\u00edtulo: S\u00e3o Pedro - Pescador de Almas Dimens\u00e3o: 50x37cm T\u00e9cnica: Serigrafia Ano: 1997 &nbsp; &nbsp; Sim\u00e3o vivia em Bethsaida, \u00e0s margens do lago Tiber\u00edades, e sempre foi chamado de pescador, como tamb\u00e9m seu pai Jona e seu irm\u00e3o Andr\u00e9. Foi disc\u00edpulo de S\u00e3o Jo\u00e3o Batista, e conta a hist\u00f3ria que, largando tudo, seguiu [&hellip;]\" \/>\n<meta property=\"og:url\" content=\"https:\/\/solardorosario.com.br\/galeria\/produto\/serigrafia-poty-sao-pedro-pescador-de-almas-sem-moldura\/\" \/>\n<meta property=\"og:site_name\" content=\"Solar do Ros\u00e1rio Galeria \\\\\\\\Nova\" \/>\n<meta property=\"article:modified_time\" content=\"2026-01-21T14:17:40+00:00\" \/>\n<meta property=\"og:image\" content=\"https:\/\/solardorosario.com.br\/galeria\/wp-content\/uploads\/2021\/04\/889-e1618496972921.jpeg\" \/>\n\t<meta property=\"og:image:width\" content=\"299\" \/>\n\t<meta property=\"og:image:height\" content=\"426\" \/>\n\t<meta property=\"og:image:type\" content=\"image\/jpeg\" \/>\n<meta name=\"twitter:card\" content=\"summary_large_image\" \/>\n<meta name=\"twitter:label1\" content=\"Est. tempo de leitura\" \/>\n\t<meta name=\"twitter:data1\" content=\"2 minutos\" \/>\n<script type=\"application\/ld+json\" class=\"yoast-schema-graph\">{\"@context\":\"https:\\\/\\\/schema.org\",\"@graph\":[{\"@type\":\"WebPage\",\"@id\":\"https:\\\/\\\/solardorosario.com.br\\\/galeria\\\/produto\\\/serigrafia-poty-sao-pedro-pescador-de-almas-sem-moldura\\\/\",\"url\":\"https:\\\/\\\/solardorosario.com.br\\\/galeria\\\/produto\\\/serigrafia-poty-sao-pedro-pescador-de-almas-sem-moldura\\\/\",\"name\":\"Serigrafia Poty S\u00e3o Pedro - Pescador de Almas (sem moldura) - Solar do Ros\u00e1rio Galeria \\\\\\\\\\\\\\\\Nova\",\"isPartOf\":{\"@id\":\"https:\\\/\\\/solardorosario.com.br\\\/galeria\\\/#website\"},\"primaryImageOfPage\":{\"@id\":\"https:\\\/\\\/solardorosario.com.br\\\/galeria\\\/produto\\\/serigrafia-poty-sao-pedro-pescador-de-almas-sem-moldura\\\/#primaryimage\"},\"image\":{\"@id\":\"https:\\\/\\\/solardorosario.com.br\\\/galeria\\\/produto\\\/serigrafia-poty-sao-pedro-pescador-de-almas-sem-moldura\\\/#primaryimage\"},\"thumbnailUrl\":\"https:\\\/\\\/solardorosario.com.br\\\/galeria\\\/wp-content\\\/uploads\\\/2021\\\/04\\\/889-e1618496972921.jpeg\",\"datePublished\":\"2021-04-13T19:19:03+00:00\",\"dateModified\":\"2026-01-21T14:17:40+00:00\",\"breadcrumb\":{\"@id\":\"https:\\\/\\\/solardorosario.com.br\\\/galeria\\\/produto\\\/serigrafia-poty-sao-pedro-pescador-de-almas-sem-moldura\\\/#breadcrumb\"},\"inLanguage\":\"pt-BR\",\"potentialAction\":[{\"@type\":\"ReadAction\",\"target\":[\"https:\\\/\\\/solardorosario.com.br\\\/galeria\\\/produto\\\/serigrafia-poty-sao-pedro-pescador-de-almas-sem-moldura\\\/\"]}]},{\"@type\":\"ImageObject\",\"inLanguage\":\"pt-BR\",\"@id\":\"https:\\\/\\\/solardorosario.com.br\\\/galeria\\\/produto\\\/serigrafia-poty-sao-pedro-pescador-de-almas-sem-moldura\\\/#primaryimage\",\"url\":\"https:\\\/\\\/solardorosario.com.br\\\/galeria\\\/wp-content\\\/uploads\\\/2021\\\/04\\\/889-e1618496972921.jpeg\",\"contentUrl\":\"https:\\\/\\\/solardorosario.com.br\\\/galeria\\\/wp-content\\\/uploads\\\/2021\\\/04\\\/889-e1618496972921.jpeg\",\"width\":299,\"height\":426},{\"@type\":\"BreadcrumbList\",\"@id\":\"https:\\\/\\\/solardorosario.com.br\\\/galeria\\\/produto\\\/serigrafia-poty-sao-pedro-pescador-de-almas-sem-moldura\\\/#breadcrumb\",\"itemListElement\":[{\"@type\":\"ListItem\",\"position\":1,\"name\":\"In\u00edcio\",\"item\":\"https:\\\/\\\/solardorosario.com.br\\\/galeria\\\/\"},{\"@type\":\"ListItem\",\"position\":2,\"name\":\"galeria\",\"item\":\"https:\\\/\\\/solardorosario.com.br\\\/galeria\\\/galeria\\\/\"},{\"@type\":\"ListItem\",\"position\":3,\"name\":\"Serigrafia Poty S\u00e3o Pedro - Pescador de Almas (sem moldura)\"}]},{\"@type\":\"WebSite\",\"@id\":\"https:\\\/\\\/solardorosario.com.br\\\/galeria\\\/#website\",\"url\":\"https:\\\/\\\/solardorosario.com.br\\\/galeria\\\/\",\"name\":\"Solar do Ros\u00e1rio Galeria \\\\\\\\\\\\\\\\Nova\",\"description\":\"\",\"potentialAction\":[{\"@type\":\"SearchAction\",\"target\":{\"@type\":\"EntryPoint\",\"urlTemplate\":\"https:\\\/\\\/solardorosario.com.br\\\/galeria\\\/?s={search_term_string}\"},\"query-input\":{\"@type\":\"PropertyValueSpecification\",\"valueRequired\":true,\"valueName\":\"search_term_string\"}}],\"inLanguage\":\"pt-BR\"}]}<\/script>\n<!-- \/ Yoast SEO plugin. -->","yoast_head_json":{"title":"Serigrafia Poty S\u00e3o Pedro - Pescador de Almas (sem moldura) - Solar do Ros\u00e1rio Galeria \\\\\\\\Nova","robots":{"index":"index","follow":"follow","max-snippet":"max-snippet:-1","max-image-preview":"max-image-preview:large","max-video-preview":"max-video-preview:-1"},"canonical":"https:\/\/solardorosario.com.br\/galeria\/produto\/serigrafia-poty-sao-pedro-pescador-de-almas-sem-moldura\/","og_locale":"pt_BR","og_type":"article","og_title":"Serigrafia Poty S\u00e3o Pedro - Pescador de Almas (sem moldura) - Solar do Ros\u00e1rio Galeria \\\\\\\\Nova","og_description":"Artista: Poty T\u00edtulo: S\u00e3o Pedro - Pescador de Almas Dimens\u00e3o: 50x37cm T\u00e9cnica: Serigrafia Ano: 1997 &nbsp; &nbsp; Sim\u00e3o vivia em Bethsaida, \u00e0s margens do lago Tiber\u00edades, e sempre foi chamado de pescador, como tamb\u00e9m seu pai Jona e seu irm\u00e3o Andr\u00e9. Foi disc\u00edpulo de S\u00e3o Jo\u00e3o Batista, e conta a hist\u00f3ria que, largando tudo, seguiu [&hellip;]","og_url":"https:\/\/solardorosario.com.br\/galeria\/produto\/serigrafia-poty-sao-pedro-pescador-de-almas-sem-moldura\/","og_site_name":"Solar do Ros\u00e1rio Galeria \\\\\\\\Nova","article_modified_time":"2026-01-21T14:17:40+00:00","og_image":[{"width":299,"height":426,"url":"https:\/\/solardorosario.com.br\/galeria\/wp-content\/uploads\/2021\/04\/889-e1618496972921.jpeg","type":"image\/jpeg"}],"twitter_card":"summary_large_image","twitter_misc":{"Est. tempo de leitura":"2 minutos"},"schema":{"@context":"https:\/\/schema.org","@graph":[{"@type":"WebPage","@id":"https:\/\/solardorosario.com.br\/galeria\/produto\/serigrafia-poty-sao-pedro-pescador-de-almas-sem-moldura\/","url":"https:\/\/solardorosario.com.br\/galeria\/produto\/serigrafia-poty-sao-pedro-pescador-de-almas-sem-moldura\/","name":"Serigrafia Poty S\u00e3o Pedro - Pescador de Almas (sem moldura) - Solar do Ros\u00e1rio Galeria \\\\\\\\Nova","isPartOf":{"@id":"https:\/\/solardorosario.com.br\/galeria\/#website"},"primaryImageOfPage":{"@id":"https:\/\/solardorosario.com.br\/galeria\/produto\/serigrafia-poty-sao-pedro-pescador-de-almas-sem-moldura\/#primaryimage"},"image":{"@id":"https:\/\/solardorosario.com.br\/galeria\/produto\/serigrafia-poty-sao-pedro-pescador-de-almas-sem-moldura\/#primaryimage"},"thumbnailUrl":"https:\/\/solardorosario.com.br\/galeria\/wp-content\/uploads\/2021\/04\/889-e1618496972921.jpeg","datePublished":"2021-04-13T19:19:03+00:00","dateModified":"2026-01-21T14:17:40+00:00","breadcrumb":{"@id":"https:\/\/solardorosario.com.br\/galeria\/produto\/serigrafia-poty-sao-pedro-pescador-de-almas-sem-moldura\/#breadcrumb"},"inLanguage":"pt-BR","potentialAction":[{"@type":"ReadAction","target":["https:\/\/solardorosario.com.br\/galeria\/produto\/serigrafia-poty-sao-pedro-pescador-de-almas-sem-moldura\/"]}]},{"@type":"ImageObject","inLanguage":"pt-BR","@id":"https:\/\/solardorosario.com.br\/galeria\/produto\/serigrafia-poty-sao-pedro-pescador-de-almas-sem-moldura\/#primaryimage","url":"https:\/\/solardorosario.com.br\/galeria\/wp-content\/uploads\/2021\/04\/889-e1618496972921.jpeg","contentUrl":"https:\/\/solardorosario.com.br\/galeria\/wp-content\/uploads\/2021\/04\/889-e1618496972921.jpeg","width":299,"height":426},{"@type":"BreadcrumbList","@id":"https:\/\/solardorosario.com.br\/galeria\/produto\/serigrafia-poty-sao-pedro-pescador-de-almas-sem-moldura\/#breadcrumb","itemListElement":[{"@type":"ListItem","position":1,"name":"In\u00edcio","item":"https:\/\/solardorosario.com.br\/galeria\/"},{"@type":"ListItem","position":2,"name":"galeria","item":"https:\/\/solardorosario.com.br\/galeria\/galeria\/"},{"@type":"ListItem","position":3,"name":"Serigrafia Poty S\u00e3o Pedro - Pescador de Almas (sem moldura)"}]},{"@type":"WebSite","@id":"https:\/\/solardorosario.com.br\/galeria\/#website","url":"https:\/\/solardorosario.com.br\/galeria\/","name":"Solar do Ros\u00e1rio Galeria \\\\\\\\Nova","description":"","potentialAction":[{"@type":"SearchAction","target":{"@type":"EntryPoint","urlTemplate":"https:\/\/solardorosario.com.br\/galeria\/?s={search_term_string}"},"query-input":{"@type":"PropertyValueSpecification","valueRequired":true,"valueName":"search_term_string"}}],"inLanguage":"pt-BR"}]}},"_links":{"self":[{"href":"https:\/\/solardorosario.com.br\/galeria\/wp-json\/wp\/v2\/product\/1709","targetHints":{"allow":["GET"]}}],"collection":[{"href":"https:\/\/solardorosario.com.br\/galeria\/wp-json\/wp\/v2\/product"}],"about":[{"href":"https:\/\/solardorosario.com.br\/galeria\/wp-json\/wp\/v2\/types\/product"}],"wp:featuredmedia":[{"embeddable":true,"href":"https:\/\/solardorosario.com.br\/galeria\/wp-json\/wp\/v2\/media\/1708"}],"wp:attachment":[{"href":"https:\/\/solardorosario.com.br\/galeria\/wp-json\/wp\/v2\/media?parent=1709"}],"wp:term":[{"taxonomy":"product_brand","embeddable":true,"href":"https:\/\/solardorosario.com.br\/galeria\/wp-json\/wp\/v2\/product_brand?post=1709"},{"taxonomy":"product_cat","embeddable":true,"href":"https:\/\/solardorosario.com.br\/galeria\/wp-json\/wp\/v2\/product_cat?post=1709"},{"taxonomy":"product_tag","embeddable":true,"href":"https:\/\/solardorosario.com.br\/galeria\/wp-json\/wp\/v2\/product_tag?post=1709"}],"curies":[{"name":"wp","href":"https:\/\/api.w.org\/{rel}","templated":true}]}}