{"id":1428,"date":"2021-03-23T15:13:47","date_gmt":"2021-03-23T18:13:47","guid":{"rendered":"https:\/\/solardorosario.com.br\/galerianova\/cursos\/decio-soncini-3\/"},"modified":"2025-12-01T18:23:12","modified_gmt":"2025-12-01T21:23:12","slug":"decio-soncini-projeto-para-cacho-de-bananas","status":"publish","type":"product","link":"https:\/\/solardorosario.com.br\/galeria\/produto\/decio-soncini-projeto-para-cacho-de-bananas\/","title":{"rendered":"D\u00e9cio Soncini - Projeto para Cacho de Bananas"},"content":{"rendered":"<p style=\"text-align: left\"><strong>Artista:<\/strong> D\u00e9cio Soncini<\/p>\n<p style=\"text-align: left\"><strong>T\u00edtulo:<\/strong> Projeto para Cacho de Bananas ou Natureza Morta V<\/p>\n<p style=\"text-align: left\"><strong>Dimens\u00e3o:<\/strong> 36x26cm<\/p>\n<p style=\"text-align: left\"><strong>T\u00e9cnica:<\/strong> Acr\u00edlica sobre tela (com moldura)<\/p>\n<p>&nbsp;<\/p>\n<p>Nasceu em S\u00e3o Paulo - SP, em 1953. Fez licenciatura em desenho e pl\u00e1stica e Bacharelado em gravura na Escola de Belas Artes de S\u00e3o Paulo, em 1970. Participou do grupo \"Guaianazes\" na d\u00e9cada de 70.Exp\u00f4s em v\u00e1rios locais tanto individualmente quanto coletivamente, no Brasil, em S\u00e3o Paulo, Bel\u00e9m, Joinville, Curitiba, Santo Andr\u00e9, Bras\u00edlia, Caraguatatuba, Blumenau, Florian\u00f3polis, Santos e tamb\u00e9m internacionalmente como Venezuela, Fran\u00e7a, Alemanha, Estados Unidos. Participou de diversos Sal\u00f5es de Arte, como o 1\u00ba Sal\u00e3o de Arte Contempor\u00e2nea de Sorocaba, em S\u00e3o Paulo, em 1973, o 39\u00ba Sal\u00e3o Paranaense e a 4\u00aa Bienal Nacional de Santos, em 1993, como artista convidado.<\/p>\n","protected":false},"excerpt":{"rendered":"<p>Artista: D\u00e9cio Soncini T\u00edtulo: Projeto para Cacho de Bananas ou Natureza Morta V Dimens\u00e3o: 36x26cm T\u00e9cnica: Acr\u00edlica sobre tela (com moldura) &nbsp; Nasceu em S\u00e3o Paulo - SP, em 1953. Fez licenciatura em desenho e pl\u00e1stica e Bacharelado em gravura na Escola de Belas Artes de S\u00e3o Paulo, em 1970. Participou do grupo \"Guaianazes\" na [&hellip;]<\/p>\n","protected":false},"featured_media":1610,"template":"","meta":[],"product_brand":[],"product_cat":[117],"product_tag":[],"class_list":{"0":"post-1428","1":"product","2":"type-product","3":"status-publish","4":"has-post-thumbnail","6":"product_cat-galeria","7":"pa_artista-decio-soncini","8":"pa_estilo-natureza-morta","9":"pa_tecnica-acrilica-sobre-tela","11":"first","12":"instock","13":"shipping-taxable","14":"purchasable","15":"product-type-simple"},"yoast_head":"<!-- This site is optimized with the Yoast SEO plugin v27.4 - https:\/\/yoast.com\/product\/yoast-seo-wordpress\/ -->\n<title>D\u00e9cio Soncini - Projeto para Cacho de Bananas - Solar do Ros\u00e1rio Galeria \\\\\\\\Nova<\/title>\n<meta name=\"robots\" content=\"index, follow, max-snippet:-1, max-image-preview:large, max-video-preview:-1\" \/>\n<link rel=\"canonical\" href=\"https:\/\/solardorosario.com.br\/galeria\/produto\/decio-soncini-projeto-para-cacho-de-bananas\/\" \/>\n<meta property=\"og:locale\" content=\"pt_BR\" \/>\n<meta property=\"og:type\" content=\"article\" \/>\n<meta property=\"og:title\" content=\"D\u00e9cio Soncini - Projeto para Cacho de Bananas - Solar do Ros\u00e1rio Galeria \\\\\\\\Nova\" \/>\n<meta property=\"og:description\" content=\"Artista: D\u00e9cio Soncini T\u00edtulo: Projeto para Cacho de Bananas ou Natureza Morta V Dimens\u00e3o: 36x26cm T\u00e9cnica: Acr\u00edlica sobre tela (com moldura) &nbsp; Nasceu em S\u00e3o Paulo - SP, em 1953. Fez licenciatura em desenho e pl\u00e1stica e Bacharelado em gravura na Escola de Belas Artes de S\u00e3o Paulo, em 1970. Participou do grupo &quot;Guaianazes&quot; na [&hellip;]\" \/>\n<meta property=\"og:url\" content=\"https:\/\/solardorosario.com.br\/galeria\/produto\/decio-soncini-projeto-para-cacho-de-bananas\/\" \/>\n<meta property=\"og:site_name\" content=\"Solar do Ros\u00e1rio Galeria \\\\\\\\Nova\" \/>\n<meta property=\"article:modified_time\" content=\"2025-12-01T21:23:12+00:00\" \/>\n<meta property=\"og:image\" content=\"https:\/\/solardorosario.com.br\/galeria\/wp-content\/uploads\/2021\/03\/5807-e1617209731841.jpeg\" \/>\n\t<meta property=\"og:image:width\" content=\"350\" \/>\n\t<meta property=\"og:image:height\" content=\"228\" \/>\n\t<meta property=\"og:image:type\" content=\"image\/jpeg\" \/>\n<meta name=\"twitter:card\" content=\"summary_large_image\" \/>\n<meta name=\"twitter:label1\" content=\"Est. tempo de leitura\" \/>\n\t<meta name=\"twitter:data1\" content=\"1 minuto\" \/>\n<script type=\"application\/ld+json\" class=\"yoast-schema-graph\">{\"@context\":\"https:\\\/\\\/schema.org\",\"@graph\":[{\"@type\":\"WebPage\",\"@id\":\"https:\\\/\\\/solardorosario.com.br\\\/galeria\\\/produto\\\/decio-soncini-projeto-para-cacho-de-bananas\\\/\",\"url\":\"https:\\\/\\\/solardorosario.com.br\\\/galeria\\\/produto\\\/decio-soncini-projeto-para-cacho-de-bananas\\\/\",\"name\":\"D\u00e9cio Soncini - Projeto para Cacho de Bananas - Solar do Ros\u00e1rio Galeria \\\\\\\\\\\\\\\\Nova\",\"isPartOf\":{\"@id\":\"https:\\\/\\\/solardorosario.com.br\\\/galeria\\\/#website\"},\"primaryImageOfPage\":{\"@id\":\"https:\\\/\\\/solardorosario.com.br\\\/galeria\\\/produto\\\/decio-soncini-projeto-para-cacho-de-bananas\\\/#primaryimage\"},\"image\":{\"@id\":\"https:\\\/\\\/solardorosario.com.br\\\/galeria\\\/produto\\\/decio-soncini-projeto-para-cacho-de-bananas\\\/#primaryimage\"},\"thumbnailUrl\":\"https:\\\/\\\/solardorosario.com.br\\\/galeria\\\/wp-content\\\/uploads\\\/2021\\\/03\\\/5807-e1617209731841.jpeg\",\"datePublished\":\"2021-03-23T18:13:47+00:00\",\"dateModified\":\"2025-12-01T21:23:12+00:00\",\"breadcrumb\":{\"@id\":\"https:\\\/\\\/solardorosario.com.br\\\/galeria\\\/produto\\\/decio-soncini-projeto-para-cacho-de-bananas\\\/#breadcrumb\"},\"inLanguage\":\"pt-BR\",\"potentialAction\":[{\"@type\":\"ReadAction\",\"target\":[\"https:\\\/\\\/solardorosario.com.br\\\/galeria\\\/produto\\\/decio-soncini-projeto-para-cacho-de-bananas\\\/\"]}]},{\"@type\":\"ImageObject\",\"inLanguage\":\"pt-BR\",\"@id\":\"https:\\\/\\\/solardorosario.com.br\\\/galeria\\\/produto\\\/decio-soncini-projeto-para-cacho-de-bananas\\\/#primaryimage\",\"url\":\"https:\\\/\\\/solardorosario.com.br\\\/galeria\\\/wp-content\\\/uploads\\\/2021\\\/03\\\/5807-e1617209731841.jpeg\",\"contentUrl\":\"https:\\\/\\\/solardorosario.com.br\\\/galeria\\\/wp-content\\\/uploads\\\/2021\\\/03\\\/5807-e1617209731841.jpeg\",\"width\":350,\"height\":228},{\"@type\":\"BreadcrumbList\",\"@id\":\"https:\\\/\\\/solardorosario.com.br\\\/galeria\\\/produto\\\/decio-soncini-projeto-para-cacho-de-bananas\\\/#breadcrumb\",\"itemListElement\":[{\"@type\":\"ListItem\",\"position\":1,\"name\":\"In\u00edcio\",\"item\":\"https:\\\/\\\/solardorosario.com.br\\\/galeria\\\/\"},{\"@type\":\"ListItem\",\"position\":2,\"name\":\"galeria\",\"item\":\"https:\\\/\\\/solardorosario.com.br\\\/galeria\\\/galeria\\\/\"},{\"@type\":\"ListItem\",\"position\":3,\"name\":\"D\u00e9cio Soncini - Projeto para Cacho de Bananas\"}]},{\"@type\":\"WebSite\",\"@id\":\"https:\\\/\\\/solardorosario.com.br\\\/galeria\\\/#website\",\"url\":\"https:\\\/\\\/solardorosario.com.br\\\/galeria\\\/\",\"name\":\"Solar do Ros\u00e1rio Galeria \\\\\\\\\\\\\\\\Nova\",\"description\":\"\",\"potentialAction\":[{\"@type\":\"SearchAction\",\"target\":{\"@type\":\"EntryPoint\",\"urlTemplate\":\"https:\\\/\\\/solardorosario.com.br\\\/galeria\\\/?s={search_term_string}\"},\"query-input\":{\"@type\":\"PropertyValueSpecification\",\"valueRequired\":true,\"valueName\":\"search_term_string\"}}],\"inLanguage\":\"pt-BR\"}]}<\/script>\n<!-- \/ Yoast SEO plugin. -->","yoast_head_json":{"title":"D\u00e9cio Soncini - Projeto para Cacho de Bananas - Solar do Ros\u00e1rio Galeria \\\\\\\\Nova","robots":{"index":"index","follow":"follow","max-snippet":"max-snippet:-1","max-image-preview":"max-image-preview:large","max-video-preview":"max-video-preview:-1"},"canonical":"https:\/\/solardorosario.com.br\/galeria\/produto\/decio-soncini-projeto-para-cacho-de-bananas\/","og_locale":"pt_BR","og_type":"article","og_title":"D\u00e9cio Soncini - Projeto para Cacho de Bananas - Solar do Ros\u00e1rio Galeria \\\\\\\\Nova","og_description":"Artista: D\u00e9cio Soncini T\u00edtulo: Projeto para Cacho de Bananas ou Natureza Morta V Dimens\u00e3o: 36x26cm T\u00e9cnica: Acr\u00edlica sobre tela (com moldura) &nbsp; Nasceu em S\u00e3o Paulo - SP, em 1953. Fez licenciatura em desenho e pl\u00e1stica e Bacharelado em gravura na Escola de Belas Artes de S\u00e3o Paulo, em 1970. Participou do grupo \"Guaianazes\" na [&hellip;]","og_url":"https:\/\/solardorosario.com.br\/galeria\/produto\/decio-soncini-projeto-para-cacho-de-bananas\/","og_site_name":"Solar do Ros\u00e1rio Galeria \\\\\\\\Nova","article_modified_time":"2025-12-01T21:23:12+00:00","og_image":[{"width":350,"height":228,"url":"https:\/\/solardorosario.com.br\/galeria\/wp-content\/uploads\/2021\/03\/5807-e1617209731841.jpeg","type":"image\/jpeg"}],"twitter_card":"summary_large_image","twitter_misc":{"Est. tempo de leitura":"1 minuto"},"schema":{"@context":"https:\/\/schema.org","@graph":[{"@type":"WebPage","@id":"https:\/\/solardorosario.com.br\/galeria\/produto\/decio-soncini-projeto-para-cacho-de-bananas\/","url":"https:\/\/solardorosario.com.br\/galeria\/produto\/decio-soncini-projeto-para-cacho-de-bananas\/","name":"D\u00e9cio Soncini - Projeto para Cacho de Bananas - Solar do Ros\u00e1rio Galeria \\\\\\\\Nova","isPartOf":{"@id":"https:\/\/solardorosario.com.br\/galeria\/#website"},"primaryImageOfPage":{"@id":"https:\/\/solardorosario.com.br\/galeria\/produto\/decio-soncini-projeto-para-cacho-de-bananas\/#primaryimage"},"image":{"@id":"https:\/\/solardorosario.com.br\/galeria\/produto\/decio-soncini-projeto-para-cacho-de-bananas\/#primaryimage"},"thumbnailUrl":"https:\/\/solardorosario.com.br\/galeria\/wp-content\/uploads\/2021\/03\/5807-e1617209731841.jpeg","datePublished":"2021-03-23T18:13:47+00:00","dateModified":"2025-12-01T21:23:12+00:00","breadcrumb":{"@id":"https:\/\/solardorosario.com.br\/galeria\/produto\/decio-soncini-projeto-para-cacho-de-bananas\/#breadcrumb"},"inLanguage":"pt-BR","potentialAction":[{"@type":"ReadAction","target":["https:\/\/solardorosario.com.br\/galeria\/produto\/decio-soncini-projeto-para-cacho-de-bananas\/"]}]},{"@type":"ImageObject","inLanguage":"pt-BR","@id":"https:\/\/solardorosario.com.br\/galeria\/produto\/decio-soncini-projeto-para-cacho-de-bananas\/#primaryimage","url":"https:\/\/solardorosario.com.br\/galeria\/wp-content\/uploads\/2021\/03\/5807-e1617209731841.jpeg","contentUrl":"https:\/\/solardorosario.com.br\/galeria\/wp-content\/uploads\/2021\/03\/5807-e1617209731841.jpeg","width":350,"height":228},{"@type":"BreadcrumbList","@id":"https:\/\/solardorosario.com.br\/galeria\/produto\/decio-soncini-projeto-para-cacho-de-bananas\/#breadcrumb","itemListElement":[{"@type":"ListItem","position":1,"name":"In\u00edcio","item":"https:\/\/solardorosario.com.br\/galeria\/"},{"@type":"ListItem","position":2,"name":"galeria","item":"https:\/\/solardorosario.com.br\/galeria\/galeria\/"},{"@type":"ListItem","position":3,"name":"D\u00e9cio Soncini - Projeto para Cacho de Bananas"}]},{"@type":"WebSite","@id":"https:\/\/solardorosario.com.br\/galeria\/#website","url":"https:\/\/solardorosario.com.br\/galeria\/","name":"Solar do Ros\u00e1rio Galeria \\\\\\\\Nova","description":"","potentialAction":[{"@type":"SearchAction","target":{"@type":"EntryPoint","urlTemplate":"https:\/\/solardorosario.com.br\/galeria\/?s={search_term_string}"},"query-input":{"@type":"PropertyValueSpecification","valueRequired":true,"valueName":"search_term_string"}}],"inLanguage":"pt-BR"}]}},"_links":{"self":[{"href":"https:\/\/solardorosario.com.br\/galeria\/wp-json\/wp\/v2\/product\/1428","targetHints":{"allow":["GET"]}}],"collection":[{"href":"https:\/\/solardorosario.com.br\/galeria\/wp-json\/wp\/v2\/product"}],"about":[{"href":"https:\/\/solardorosario.com.br\/galeria\/wp-json\/wp\/v2\/types\/product"}],"wp:featuredmedia":[{"embeddable":true,"href":"https:\/\/solardorosario.com.br\/galeria\/wp-json\/wp\/v2\/media\/1610"}],"wp:attachment":[{"href":"https:\/\/solardorosario.com.br\/galeria\/wp-json\/wp\/v2\/media?parent=1428"}],"wp:term":[{"taxonomy":"product_brand","embeddable":true,"href":"https:\/\/solardorosario.com.br\/galeria\/wp-json\/wp\/v2\/product_brand?post=1428"},{"taxonomy":"product_cat","embeddable":true,"href":"https:\/\/solardorosario.com.br\/galeria\/wp-json\/wp\/v2\/product_cat?post=1428"},{"taxonomy":"product_tag","embeddable":true,"href":"https:\/\/solardorosario.com.br\/galeria\/wp-json\/wp\/v2\/product_tag?post=1428"}],"curies":[{"name":"wp","href":"https:\/\/api.w.org\/{rel}","templated":true}]}}