{"id":1416,"date":"2021-03-23T15:13:37","date_gmt":"2021-03-23T18:13:37","guid":{"rendered":"https:\/\/solardorosario.com.br\/galerianova\/cursos\/cassio-mello-4\/"},"modified":"2026-03-18T18:17:53","modified_gmt":"2026-03-18T21:17:53","slug":"cassio-mello-barco","status":"publish","type":"product","link":"https:\/\/solardorosario.com.br\/galeria\/produto\/cassio-mello-barco\/","title":{"rendered":"Cassio Mello - Barco"},"content":{"rendered":"<p><strong>Artista:<\/strong> Cassio Mello<\/p>\n<p><strong>T\u00edtulo:<\/strong> Barco<\/p>\n<p><strong>Dimens\u00e3o:<\/strong> 82x63cm<\/p>\n<p><strong>T\u00e9cnica:<\/strong> \u00d3leo sobre Tela<\/p>\n<p>&nbsp;<\/p>\n<p>&nbsp;<\/p>\n<p>Artista visual de renome internacional, nascido em S\u00e3o Paulo, em 1930. Formado no Liceu Acad\u00eamico de S\u00e3o Paulo, e atuou em diversas \u00e1reas como desenhista profissional, cinema, desenho animado, cen\u00e1rios e dire\u00e7\u00e3o de arte. At\u00e9 a d\u00e9cada de 1960, dirigiu sua pr\u00f3pria ag\u00eancia de publicidade, participando paralelamente, como artista visual voltado \u00e0 tem\u00e1tica equina em sal\u00f5es no Brasil e no exterior. Em 1979, fez uma exposi\u00e7\u00e3o de 37 obras no Jockey Club de S\u00e3o Paulo. Al\u00e9m de S\u00e3o Paulo, sedes de j\u00f3queis clubes de cidades como Rio de Janeiro, Curitiba e Campinas mant\u00e9m acervos com obras do artista, al\u00e9m de livros com reprodu\u00e7\u00f5es de suas artes. No Solar do Ros\u00e1rio, realizou uma mostra em 2001, com a Agenda Cultural \"Curitiba Hist\u00f3rica\". Recebeu diversos pr\u00eamios como a Medalha de Prata do Centro Internacional de Arte Contempor\u00e2nea de Paris (Fran\u00e7a) em 1984 e a medalha de ouro no Sal\u00e3o de inverno \"Espelho d'\u00c1gua - Primeira Mostra de Arte Contempor\u00e2nea Brasileira\", em Lisboa.<\/p>\n<p>&nbsp;<\/p>\n","protected":false},"excerpt":{"rendered":"<p>Artista: Cassio Mello T\u00edtulo: Barco Dimens\u00e3o: 82x63cm T\u00e9cnica: \u00d3leo sobre Tela &nbsp; &nbsp; Artista visual de renome internacional, nascido em S\u00e3o Paulo, em 1930. Formado no Liceu Acad\u00eamico de S\u00e3o Paulo, e atuou em diversas \u00e1reas como desenhista profissional, cinema, desenho animado, cen\u00e1rios e dire\u00e7\u00e3o de arte. At\u00e9 a d\u00e9cada de 1960, dirigiu sua pr\u00f3pria [&hellip;]<\/p>\n","protected":false},"featured_media":1573,"template":"","meta":[],"product_brand":[],"product_cat":[117],"product_tag":[],"class_list":{"0":"post-1416","1":"product","2":"type-product","3":"status-publish","4":"has-post-thumbnail","6":"product_cat-galeria","7":"pa_artista-cassio-mello","8":"pa_estilo-figurativo-paisagem","9":"pa_tecnica-oleo-sobre-tela","11":"first","12":"instock","13":"shipping-taxable","14":"purchasable","15":"product-type-simple"},"yoast_head":"<!-- This site is optimized with the Yoast SEO plugin v27.4 - https:\/\/yoast.com\/product\/yoast-seo-wordpress\/ -->\n<title>Cassio Mello - Barco - Solar do Ros\u00e1rio Galeria \\\\\\\\Nova<\/title>\n<meta name=\"robots\" content=\"index, follow, max-snippet:-1, max-image-preview:large, max-video-preview:-1\" \/>\n<link rel=\"canonical\" href=\"https:\/\/solardorosario.com.br\/galeria\/produto\/cassio-mello-barco\/\" \/>\n<meta property=\"og:locale\" content=\"pt_BR\" \/>\n<meta property=\"og:type\" content=\"article\" \/>\n<meta property=\"og:title\" content=\"Cassio Mello - Barco - Solar do Ros\u00e1rio Galeria \\\\\\\\Nova\" \/>\n<meta property=\"og:description\" content=\"Artista: Cassio Mello T\u00edtulo: Barco Dimens\u00e3o: 82x63cm T\u00e9cnica: \u00d3leo sobre Tela &nbsp; &nbsp; Artista visual de renome internacional, nascido em S\u00e3o Paulo, em 1930. Formado no Liceu Acad\u00eamico de S\u00e3o Paulo, e atuou em diversas \u00e1reas como desenhista profissional, cinema, desenho animado, cen\u00e1rios e dire\u00e7\u00e3o de arte. At\u00e9 a d\u00e9cada de 1960, dirigiu sua pr\u00f3pria [&hellip;]\" \/>\n<meta property=\"og:url\" content=\"https:\/\/solardorosario.com.br\/galeria\/produto\/cassio-mello-barco\/\" \/>\n<meta property=\"og:site_name\" content=\"Solar do Ros\u00e1rio Galeria \\\\\\\\Nova\" \/>\n<meta property=\"article:modified_time\" content=\"2026-03-18T21:17:53+00:00\" \/>\n<meta property=\"og:image\" content=\"https:\/\/solardorosario.com.br\/galeria\/wp-content\/uploads\/2021\/03\/4502-e1617201754395.jpeg\" \/>\n\t<meta property=\"og:image:width\" content=\"310\" \/>\n\t<meta property=\"og:image:height\" content=\"206\" \/>\n\t<meta property=\"og:image:type\" content=\"image\/jpeg\" \/>\n<meta name=\"twitter:card\" content=\"summary_large_image\" \/>\n<meta name=\"twitter:label1\" content=\"Est. tempo de leitura\" \/>\n\t<meta name=\"twitter:data1\" content=\"2 minutos\" \/>\n<script type=\"application\/ld+json\" class=\"yoast-schema-graph\">{\"@context\":\"https:\\\/\\\/schema.org\",\"@graph\":[{\"@type\":\"WebPage\",\"@id\":\"https:\\\/\\\/solardorosario.com.br\\\/galeria\\\/produto\\\/cassio-mello-barco\\\/\",\"url\":\"https:\\\/\\\/solardorosario.com.br\\\/galeria\\\/produto\\\/cassio-mello-barco\\\/\",\"name\":\"Cassio Mello - Barco - Solar do Ros\u00e1rio Galeria \\\\\\\\\\\\\\\\Nova\",\"isPartOf\":{\"@id\":\"https:\\\/\\\/solardorosario.com.br\\\/galeria\\\/#website\"},\"primaryImageOfPage\":{\"@id\":\"https:\\\/\\\/solardorosario.com.br\\\/galeria\\\/produto\\\/cassio-mello-barco\\\/#primaryimage\"},\"image\":{\"@id\":\"https:\\\/\\\/solardorosario.com.br\\\/galeria\\\/produto\\\/cassio-mello-barco\\\/#primaryimage\"},\"thumbnailUrl\":\"https:\\\/\\\/solardorosario.com.br\\\/galeria\\\/wp-content\\\/uploads\\\/2021\\\/03\\\/4502-e1617201754395.jpeg\",\"datePublished\":\"2021-03-23T18:13:37+00:00\",\"dateModified\":\"2026-03-18T21:17:53+00:00\",\"breadcrumb\":{\"@id\":\"https:\\\/\\\/solardorosario.com.br\\\/galeria\\\/produto\\\/cassio-mello-barco\\\/#breadcrumb\"},\"inLanguage\":\"pt-BR\",\"potentialAction\":[{\"@type\":\"ReadAction\",\"target\":[\"https:\\\/\\\/solardorosario.com.br\\\/galeria\\\/produto\\\/cassio-mello-barco\\\/\"]}]},{\"@type\":\"ImageObject\",\"inLanguage\":\"pt-BR\",\"@id\":\"https:\\\/\\\/solardorosario.com.br\\\/galeria\\\/produto\\\/cassio-mello-barco\\\/#primaryimage\",\"url\":\"https:\\\/\\\/solardorosario.com.br\\\/galeria\\\/wp-content\\\/uploads\\\/2021\\\/03\\\/4502-e1617201754395.jpeg\",\"contentUrl\":\"https:\\\/\\\/solardorosario.com.br\\\/galeria\\\/wp-content\\\/uploads\\\/2021\\\/03\\\/4502-e1617201754395.jpeg\",\"width\":310,\"height\":206},{\"@type\":\"BreadcrumbList\",\"@id\":\"https:\\\/\\\/solardorosario.com.br\\\/galeria\\\/produto\\\/cassio-mello-barco\\\/#breadcrumb\",\"itemListElement\":[{\"@type\":\"ListItem\",\"position\":1,\"name\":\"In\u00edcio\",\"item\":\"https:\\\/\\\/solardorosario.com.br\\\/galeria\\\/\"},{\"@type\":\"ListItem\",\"position\":2,\"name\":\"galeria\",\"item\":\"https:\\\/\\\/solardorosario.com.br\\\/galeria\\\/galeria\\\/\"},{\"@type\":\"ListItem\",\"position\":3,\"name\":\"Cassio Mello - Barco\"}]},{\"@type\":\"WebSite\",\"@id\":\"https:\\\/\\\/solardorosario.com.br\\\/galeria\\\/#website\",\"url\":\"https:\\\/\\\/solardorosario.com.br\\\/galeria\\\/\",\"name\":\"Solar do Ros\u00e1rio Galeria \\\\\\\\\\\\\\\\Nova\",\"description\":\"\",\"potentialAction\":[{\"@type\":\"SearchAction\",\"target\":{\"@type\":\"EntryPoint\",\"urlTemplate\":\"https:\\\/\\\/solardorosario.com.br\\\/galeria\\\/?s={search_term_string}\"},\"query-input\":{\"@type\":\"PropertyValueSpecification\",\"valueRequired\":true,\"valueName\":\"search_term_string\"}}],\"inLanguage\":\"pt-BR\"}]}<\/script>\n<!-- \/ Yoast SEO plugin. -->","yoast_head_json":{"title":"Cassio Mello - Barco - Solar do Ros\u00e1rio Galeria \\\\\\\\Nova","robots":{"index":"index","follow":"follow","max-snippet":"max-snippet:-1","max-image-preview":"max-image-preview:large","max-video-preview":"max-video-preview:-1"},"canonical":"https:\/\/solardorosario.com.br\/galeria\/produto\/cassio-mello-barco\/","og_locale":"pt_BR","og_type":"article","og_title":"Cassio Mello - Barco - Solar do Ros\u00e1rio Galeria \\\\\\\\Nova","og_description":"Artista: Cassio Mello T\u00edtulo: Barco Dimens\u00e3o: 82x63cm T\u00e9cnica: \u00d3leo sobre Tela &nbsp; &nbsp; Artista visual de renome internacional, nascido em S\u00e3o Paulo, em 1930. Formado no Liceu Acad\u00eamico de S\u00e3o Paulo, e atuou em diversas \u00e1reas como desenhista profissional, cinema, desenho animado, cen\u00e1rios e dire\u00e7\u00e3o de arte. At\u00e9 a d\u00e9cada de 1960, dirigiu sua pr\u00f3pria [&hellip;]","og_url":"https:\/\/solardorosario.com.br\/galeria\/produto\/cassio-mello-barco\/","og_site_name":"Solar do Ros\u00e1rio Galeria \\\\\\\\Nova","article_modified_time":"2026-03-18T21:17:53+00:00","og_image":[{"width":310,"height":206,"url":"https:\/\/solardorosario.com.br\/galeria\/wp-content\/uploads\/2021\/03\/4502-e1617201754395.jpeg","type":"image\/jpeg"}],"twitter_card":"summary_large_image","twitter_misc":{"Est. tempo de leitura":"2 minutos"},"schema":{"@context":"https:\/\/schema.org","@graph":[{"@type":"WebPage","@id":"https:\/\/solardorosario.com.br\/galeria\/produto\/cassio-mello-barco\/","url":"https:\/\/solardorosario.com.br\/galeria\/produto\/cassio-mello-barco\/","name":"Cassio Mello - Barco - Solar do Ros\u00e1rio Galeria \\\\\\\\Nova","isPartOf":{"@id":"https:\/\/solardorosario.com.br\/galeria\/#website"},"primaryImageOfPage":{"@id":"https:\/\/solardorosario.com.br\/galeria\/produto\/cassio-mello-barco\/#primaryimage"},"image":{"@id":"https:\/\/solardorosario.com.br\/galeria\/produto\/cassio-mello-barco\/#primaryimage"},"thumbnailUrl":"https:\/\/solardorosario.com.br\/galeria\/wp-content\/uploads\/2021\/03\/4502-e1617201754395.jpeg","datePublished":"2021-03-23T18:13:37+00:00","dateModified":"2026-03-18T21:17:53+00:00","breadcrumb":{"@id":"https:\/\/solardorosario.com.br\/galeria\/produto\/cassio-mello-barco\/#breadcrumb"},"inLanguage":"pt-BR","potentialAction":[{"@type":"ReadAction","target":["https:\/\/solardorosario.com.br\/galeria\/produto\/cassio-mello-barco\/"]}]},{"@type":"ImageObject","inLanguage":"pt-BR","@id":"https:\/\/solardorosario.com.br\/galeria\/produto\/cassio-mello-barco\/#primaryimage","url":"https:\/\/solardorosario.com.br\/galeria\/wp-content\/uploads\/2021\/03\/4502-e1617201754395.jpeg","contentUrl":"https:\/\/solardorosario.com.br\/galeria\/wp-content\/uploads\/2021\/03\/4502-e1617201754395.jpeg","width":310,"height":206},{"@type":"BreadcrumbList","@id":"https:\/\/solardorosario.com.br\/galeria\/produto\/cassio-mello-barco\/#breadcrumb","itemListElement":[{"@type":"ListItem","position":1,"name":"In\u00edcio","item":"https:\/\/solardorosario.com.br\/galeria\/"},{"@type":"ListItem","position":2,"name":"galeria","item":"https:\/\/solardorosario.com.br\/galeria\/galeria\/"},{"@type":"ListItem","position":3,"name":"Cassio Mello - Barco"}]},{"@type":"WebSite","@id":"https:\/\/solardorosario.com.br\/galeria\/#website","url":"https:\/\/solardorosario.com.br\/galeria\/","name":"Solar do Ros\u00e1rio Galeria \\\\\\\\Nova","description":"","potentialAction":[{"@type":"SearchAction","target":{"@type":"EntryPoint","urlTemplate":"https:\/\/solardorosario.com.br\/galeria\/?s={search_term_string}"},"query-input":{"@type":"PropertyValueSpecification","valueRequired":true,"valueName":"search_term_string"}}],"inLanguage":"pt-BR"}]}},"_links":{"self":[{"href":"https:\/\/solardorosario.com.br\/galeria\/wp-json\/wp\/v2\/product\/1416","targetHints":{"allow":["GET"]}}],"collection":[{"href":"https:\/\/solardorosario.com.br\/galeria\/wp-json\/wp\/v2\/product"}],"about":[{"href":"https:\/\/solardorosario.com.br\/galeria\/wp-json\/wp\/v2\/types\/product"}],"wp:featuredmedia":[{"embeddable":true,"href":"https:\/\/solardorosario.com.br\/galeria\/wp-json\/wp\/v2\/media\/1573"}],"wp:attachment":[{"href":"https:\/\/solardorosario.com.br\/galeria\/wp-json\/wp\/v2\/media?parent=1416"}],"wp:term":[{"taxonomy":"product_brand","embeddable":true,"href":"https:\/\/solardorosario.com.br\/galeria\/wp-json\/wp\/v2\/product_brand?post=1416"},{"taxonomy":"product_cat","embeddable":true,"href":"https:\/\/solardorosario.com.br\/galeria\/wp-json\/wp\/v2\/product_cat?post=1416"},{"taxonomy":"product_tag","embeddable":true,"href":"https:\/\/solardorosario.com.br\/galeria\/wp-json\/wp\/v2\/product_tag?post=1416"}],"curies":[{"name":"wp","href":"https:\/\/api.w.org\/{rel}","templated":true}]}}