{"id":1400,"date":"2021-03-17T17:08:53","date_gmt":"2021-03-17T20:08:53","guid":{"rendered":"https:\/\/solardorosario.com.br\/galerianova\/cursos\/luiz-carlos-andrade-lima-4\/"},"modified":"2026-04-06T17:04:53","modified_gmt":"2026-04-06T20:04:53","slug":"luiz-carlos-andrade-lima-sem-titulo","status":"publish","type":"product","link":"https:\/\/solardorosario.com.br\/galeria\/produto\/luiz-carlos-andrade-lima-sem-titulo\/","title":{"rendered":"Luiz Carlos Andrade Lima - Sem T\u00edtulo"},"content":{"rendered":"<p><strong>Artista:<\/strong> Luiz Carlos Andrade Lima<\/p>\n<p><strong>T\u00edtulo:<\/strong> Sem T\u00edtulo<\/p>\n<p><strong>Dimens\u00e3o:<\/strong> 43x53cm<\/p>\n<p><strong>T\u00e9cnica:<\/strong> Desenho (com moldura)<\/p>\n<p>&nbsp;<\/p>\n<p>&nbsp;<\/p>\n<p>Luiz Carlos de Andrade Lima (1933-1998), era de Curitiba - PR. Era pintor, desenhista, ilustrador, gravador e professor. Formado pela Escola de Belas Artes do Paran\u00e1 (EMBAP) e pela Pontif\u00edcia Universidade Cat\u00f3lica do Paran\u00e1 (PUC-PR). A partir de 1953, recebeu diversos pr\u00eamios, como no VI Sal\u00e3o da Primavera, que foi medalha de prata. Recebeu Men\u00e7\u00e3o Honrosa no I Sal\u00e3o de Arte Paranaense de Belas Artes, em 1957, e no ano seguinte recebeu o Pr\u00eamio Aquisi\u00e7\u00e3o em Pintura, no XV Sal\u00e3o Paranaense de Belas Artes. Entre 1968 a 1983, lecionou a mat\u00e9ria Paisagem, na EMBAP. A partir de 1958, tiveram suas primeiras exposi\u00e7\u00f5es individuais, em Curitiba, em Joinville e no Rio de Janeiro, totalizando mais de 20 mostras. Em 1980, fundou a \"Andrade Lima Galeria e Escola de Arte\".<br \/>\nEm 1993, recebeu o Pr\u00eamio \"Cidade de Curitiba 300 anos - Melhor Pintor\", e em 1994, recebeu a homenagem de \"Cidad\u00e3o Benem\u00e9rito do Paran\u00e1\", pelo Governo do Estado. Ilustrava livros, executava pain\u00e9is e fez a via sacra da Igreja da Ordem Terceira de S\u00e3o Francisco das Chagas, com 15 obras.<br \/>\nEm 2013, recebeu a Homenagem P\u00f3stuma ao se tornar Membre d'Honneur da Divine Academie Fran\u00e7aise des Artes, Lettres et Culture, em Paris, na Fran\u00e7a.<\/p>\n","protected":false},"excerpt":{"rendered":"<p>Artista: Luiz Carlos Andrade Lima T\u00edtulo: Sem T\u00edtulo Dimens\u00e3o: 43x53cm T\u00e9cnica: Desenho (com moldura) &nbsp; &nbsp; Luiz Carlos de Andrade Lima (1933-1998), era de Curitiba - PR. Era pintor, desenhista, ilustrador, gravador e professor. Formado pela Escola de Belas Artes do Paran\u00e1 (EMBAP) e pela Pontif\u00edcia Universidade Cat\u00f3lica do Paran\u00e1 (PUC-PR). A partir de 1953, [&hellip;]<\/p>\n","protected":false},"featured_media":1645,"template":"","meta":[],"product_brand":[],"product_cat":[117],"product_tag":[],"class_list":{"0":"post-1400","1":"product","2":"type-product","3":"status-publish","4":"has-post-thumbnail","6":"product_cat-galeria","7":"pa_artista-luiz-carlos-andrade-lima","8":"pa_estilo-figura-humana","9":"pa_tecnica-desenho","11":"first","12":"instock","13":"shipping-taxable","14":"purchasable","15":"product-type-simple"},"yoast_head":"<!-- This site is optimized with the Yoast SEO plugin v27.4 - https:\/\/yoast.com\/product\/yoast-seo-wordpress\/ -->\n<title>Luiz Carlos Andrade Lima - Sem T\u00edtulo - Solar do Ros\u00e1rio Galeria \\\\\\\\Nova<\/title>\n<meta name=\"robots\" content=\"index, follow, max-snippet:-1, max-image-preview:large, max-video-preview:-1\" \/>\n<link rel=\"canonical\" href=\"https:\/\/solardorosario.com.br\/galeria\/produto\/luiz-carlos-andrade-lima-sem-titulo\/\" \/>\n<meta property=\"og:locale\" content=\"pt_BR\" \/>\n<meta property=\"og:type\" content=\"article\" \/>\n<meta property=\"og:title\" content=\"Luiz Carlos Andrade Lima - Sem T\u00edtulo - Solar do Ros\u00e1rio Galeria \\\\\\\\Nova\" \/>\n<meta property=\"og:description\" content=\"Artista: Luiz Carlos Andrade Lima T\u00edtulo: Sem T\u00edtulo Dimens\u00e3o: 43x53cm T\u00e9cnica: Desenho (com moldura) &nbsp; &nbsp; Luiz Carlos de Andrade Lima (1933-1998), era de Curitiba - PR. Era pintor, desenhista, ilustrador, gravador e professor. Formado pela Escola de Belas Artes do Paran\u00e1 (EMBAP) e pela Pontif\u00edcia Universidade Cat\u00f3lica do Paran\u00e1 (PUC-PR). A partir de 1953, [&hellip;]\" \/>\n<meta property=\"og:url\" content=\"https:\/\/solardorosario.com.br\/galeria\/produto\/luiz-carlos-andrade-lima-sem-titulo\/\" \/>\n<meta property=\"og:site_name\" content=\"Solar do Ros\u00e1rio Galeria \\\\\\\\Nova\" \/>\n<meta property=\"article:modified_time\" content=\"2026-04-06T20:04:53+00:00\" \/>\n<meta property=\"og:image\" content=\"https:\/\/solardorosario.com.br\/galeria\/wp-content\/uploads\/2021\/03\/8704-1.jpeg\" \/>\n\t<meta property=\"og:image:width\" content=\"2091\" \/>\n\t<meta property=\"og:image:height\" content=\"2001\" \/>\n\t<meta property=\"og:image:type\" content=\"image\/jpeg\" \/>\n<meta name=\"twitter:card\" content=\"summary_large_image\" \/>\n<meta name=\"twitter:label1\" content=\"Est. tempo de leitura\" \/>\n\t<meta name=\"twitter:data1\" content=\"2 minutos\" \/>\n<script type=\"application\/ld+json\" class=\"yoast-schema-graph\">{\"@context\":\"https:\\\/\\\/schema.org\",\"@graph\":[{\"@type\":\"WebPage\",\"@id\":\"https:\\\/\\\/solardorosario.com.br\\\/galeria\\\/produto\\\/luiz-carlos-andrade-lima-sem-titulo\\\/\",\"url\":\"https:\\\/\\\/solardorosario.com.br\\\/galeria\\\/produto\\\/luiz-carlos-andrade-lima-sem-titulo\\\/\",\"name\":\"Luiz Carlos Andrade Lima - Sem T\u00edtulo - Solar do Ros\u00e1rio Galeria \\\\\\\\\\\\\\\\Nova\",\"isPartOf\":{\"@id\":\"https:\\\/\\\/solardorosario.com.br\\\/galeria\\\/#website\"},\"primaryImageOfPage\":{\"@id\":\"https:\\\/\\\/solardorosario.com.br\\\/galeria\\\/produto\\\/luiz-carlos-andrade-lima-sem-titulo\\\/#primaryimage\"},\"image\":{\"@id\":\"https:\\\/\\\/solardorosario.com.br\\\/galeria\\\/produto\\\/luiz-carlos-andrade-lima-sem-titulo\\\/#primaryimage\"},\"thumbnailUrl\":\"https:\\\/\\\/solardorosario.com.br\\\/galeria\\\/wp-content\\\/uploads\\\/2021\\\/03\\\/8704-1.jpeg\",\"datePublished\":\"2021-03-17T20:08:53+00:00\",\"dateModified\":\"2026-04-06T20:04:53+00:00\",\"breadcrumb\":{\"@id\":\"https:\\\/\\\/solardorosario.com.br\\\/galeria\\\/produto\\\/luiz-carlos-andrade-lima-sem-titulo\\\/#breadcrumb\"},\"inLanguage\":\"pt-BR\",\"potentialAction\":[{\"@type\":\"ReadAction\",\"target\":[\"https:\\\/\\\/solardorosario.com.br\\\/galeria\\\/produto\\\/luiz-carlos-andrade-lima-sem-titulo\\\/\"]}]},{\"@type\":\"ImageObject\",\"inLanguage\":\"pt-BR\",\"@id\":\"https:\\\/\\\/solardorosario.com.br\\\/galeria\\\/produto\\\/luiz-carlos-andrade-lima-sem-titulo\\\/#primaryimage\",\"url\":\"https:\\\/\\\/solardorosario.com.br\\\/galeria\\\/wp-content\\\/uploads\\\/2021\\\/03\\\/8704-1.jpeg\",\"contentUrl\":\"https:\\\/\\\/solardorosario.com.br\\\/galeria\\\/wp-content\\\/uploads\\\/2021\\\/03\\\/8704-1.jpeg\",\"width\":2091,\"height\":2001},{\"@type\":\"BreadcrumbList\",\"@id\":\"https:\\\/\\\/solardorosario.com.br\\\/galeria\\\/produto\\\/luiz-carlos-andrade-lima-sem-titulo\\\/#breadcrumb\",\"itemListElement\":[{\"@type\":\"ListItem\",\"position\":1,\"name\":\"In\u00edcio\",\"item\":\"https:\\\/\\\/solardorosario.com.br\\\/galeria\\\/\"},{\"@type\":\"ListItem\",\"position\":2,\"name\":\"galeria\",\"item\":\"https:\\\/\\\/solardorosario.com.br\\\/galeria\\\/galeria\\\/\"},{\"@type\":\"ListItem\",\"position\":3,\"name\":\"Luiz Carlos Andrade Lima - Sem T\u00edtulo\"}]},{\"@type\":\"WebSite\",\"@id\":\"https:\\\/\\\/solardorosario.com.br\\\/galeria\\\/#website\",\"url\":\"https:\\\/\\\/solardorosario.com.br\\\/galeria\\\/\",\"name\":\"Solar do Ros\u00e1rio Galeria \\\\\\\\\\\\\\\\Nova\",\"description\":\"\",\"potentialAction\":[{\"@type\":\"SearchAction\",\"target\":{\"@type\":\"EntryPoint\",\"urlTemplate\":\"https:\\\/\\\/solardorosario.com.br\\\/galeria\\\/?s={search_term_string}\"},\"query-input\":{\"@type\":\"PropertyValueSpecification\",\"valueRequired\":true,\"valueName\":\"search_term_string\"}}],\"inLanguage\":\"pt-BR\"}]}<\/script>\n<!-- \/ Yoast SEO plugin. -->","yoast_head_json":{"title":"Luiz Carlos Andrade Lima - Sem T\u00edtulo - Solar do Ros\u00e1rio Galeria \\\\\\\\Nova","robots":{"index":"index","follow":"follow","max-snippet":"max-snippet:-1","max-image-preview":"max-image-preview:large","max-video-preview":"max-video-preview:-1"},"canonical":"https:\/\/solardorosario.com.br\/galeria\/produto\/luiz-carlos-andrade-lima-sem-titulo\/","og_locale":"pt_BR","og_type":"article","og_title":"Luiz Carlos Andrade Lima - Sem T\u00edtulo - Solar do Ros\u00e1rio Galeria \\\\\\\\Nova","og_description":"Artista: Luiz Carlos Andrade Lima T\u00edtulo: Sem T\u00edtulo Dimens\u00e3o: 43x53cm T\u00e9cnica: Desenho (com moldura) &nbsp; &nbsp; Luiz Carlos de Andrade Lima (1933-1998), era de Curitiba - PR. Era pintor, desenhista, ilustrador, gravador e professor. Formado pela Escola de Belas Artes do Paran\u00e1 (EMBAP) e pela Pontif\u00edcia Universidade Cat\u00f3lica do Paran\u00e1 (PUC-PR). A partir de 1953, [&hellip;]","og_url":"https:\/\/solardorosario.com.br\/galeria\/produto\/luiz-carlos-andrade-lima-sem-titulo\/","og_site_name":"Solar do Ros\u00e1rio Galeria \\\\\\\\Nova","article_modified_time":"2026-04-06T20:04:53+00:00","og_image":[{"width":2091,"height":2001,"url":"https:\/\/solardorosario.com.br\/galeria\/wp-content\/uploads\/2021\/03\/8704-1.jpeg","type":"image\/jpeg"}],"twitter_card":"summary_large_image","twitter_misc":{"Est. tempo de leitura":"2 minutos"},"schema":{"@context":"https:\/\/schema.org","@graph":[{"@type":"WebPage","@id":"https:\/\/solardorosario.com.br\/galeria\/produto\/luiz-carlos-andrade-lima-sem-titulo\/","url":"https:\/\/solardorosario.com.br\/galeria\/produto\/luiz-carlos-andrade-lima-sem-titulo\/","name":"Luiz Carlos Andrade Lima - Sem T\u00edtulo - Solar do Ros\u00e1rio Galeria \\\\\\\\Nova","isPartOf":{"@id":"https:\/\/solardorosario.com.br\/galeria\/#website"},"primaryImageOfPage":{"@id":"https:\/\/solardorosario.com.br\/galeria\/produto\/luiz-carlos-andrade-lima-sem-titulo\/#primaryimage"},"image":{"@id":"https:\/\/solardorosario.com.br\/galeria\/produto\/luiz-carlos-andrade-lima-sem-titulo\/#primaryimage"},"thumbnailUrl":"https:\/\/solardorosario.com.br\/galeria\/wp-content\/uploads\/2021\/03\/8704-1.jpeg","datePublished":"2021-03-17T20:08:53+00:00","dateModified":"2026-04-06T20:04:53+00:00","breadcrumb":{"@id":"https:\/\/solardorosario.com.br\/galeria\/produto\/luiz-carlos-andrade-lima-sem-titulo\/#breadcrumb"},"inLanguage":"pt-BR","potentialAction":[{"@type":"ReadAction","target":["https:\/\/solardorosario.com.br\/galeria\/produto\/luiz-carlos-andrade-lima-sem-titulo\/"]}]},{"@type":"ImageObject","inLanguage":"pt-BR","@id":"https:\/\/solardorosario.com.br\/galeria\/produto\/luiz-carlos-andrade-lima-sem-titulo\/#primaryimage","url":"https:\/\/solardorosario.com.br\/galeria\/wp-content\/uploads\/2021\/03\/8704-1.jpeg","contentUrl":"https:\/\/solardorosario.com.br\/galeria\/wp-content\/uploads\/2021\/03\/8704-1.jpeg","width":2091,"height":2001},{"@type":"BreadcrumbList","@id":"https:\/\/solardorosario.com.br\/galeria\/produto\/luiz-carlos-andrade-lima-sem-titulo\/#breadcrumb","itemListElement":[{"@type":"ListItem","position":1,"name":"In\u00edcio","item":"https:\/\/solardorosario.com.br\/galeria\/"},{"@type":"ListItem","position":2,"name":"galeria","item":"https:\/\/solardorosario.com.br\/galeria\/galeria\/"},{"@type":"ListItem","position":3,"name":"Luiz Carlos Andrade Lima - Sem T\u00edtulo"}]},{"@type":"WebSite","@id":"https:\/\/solardorosario.com.br\/galeria\/#website","url":"https:\/\/solardorosario.com.br\/galeria\/","name":"Solar do Ros\u00e1rio Galeria \\\\\\\\Nova","description":"","potentialAction":[{"@type":"SearchAction","target":{"@type":"EntryPoint","urlTemplate":"https:\/\/solardorosario.com.br\/galeria\/?s={search_term_string}"},"query-input":{"@type":"PropertyValueSpecification","valueRequired":true,"valueName":"search_term_string"}}],"inLanguage":"pt-BR"}]}},"_links":{"self":[{"href":"https:\/\/solardorosario.com.br\/galeria\/wp-json\/wp\/v2\/product\/1400","targetHints":{"allow":["GET"]}}],"collection":[{"href":"https:\/\/solardorosario.com.br\/galeria\/wp-json\/wp\/v2\/product"}],"about":[{"href":"https:\/\/solardorosario.com.br\/galeria\/wp-json\/wp\/v2\/types\/product"}],"wp:featuredmedia":[{"embeddable":true,"href":"https:\/\/solardorosario.com.br\/galeria\/wp-json\/wp\/v2\/media\/1645"}],"wp:attachment":[{"href":"https:\/\/solardorosario.com.br\/galeria\/wp-json\/wp\/v2\/media?parent=1400"}],"wp:term":[{"taxonomy":"product_brand","embeddable":true,"href":"https:\/\/solardorosario.com.br\/galeria\/wp-json\/wp\/v2\/product_brand?post=1400"},{"taxonomy":"product_cat","embeddable":true,"href":"https:\/\/solardorosario.com.br\/galeria\/wp-json\/wp\/v2\/product_cat?post=1400"},{"taxonomy":"product_tag","embeddable":true,"href":"https:\/\/solardorosario.com.br\/galeria\/wp-json\/wp\/v2\/product_tag?post=1400"}],"curies":[{"name":"wp","href":"https:\/\/api.w.org\/{rel}","templated":true}]}}