{"id":1376,"date":"2021-03-17T17:08:31","date_gmt":"2021-03-17T20:08:31","guid":{"rendered":"https:\/\/solardorosario.com.br\/galerianova\/cursos\/paula-schmidlin-5\/"},"modified":"2026-04-09T10:53:35","modified_gmt":"2026-04-09T13:53:35","slug":"paula-schmidlin-serie-curitiba-2","status":"publish","type":"product","link":"https:\/\/solardorosario.com.br\/galeria\/produto\/paula-schmidlin-serie-curitiba-2\/","title":{"rendered":"Paula Schmidlin - S\u00e9rie Curitiba"},"content":{"rendered":"<p><strong>Artista:<\/strong> Paula Schmidlin<\/p>\n<p><strong>T\u00edtulo:<\/strong> S\u00e9rie Curitiba - Sem T\u00edtulo<\/p>\n<p><strong>Dimens\u00e3o:<\/strong> 64x44cm<\/p>\n<p><strong>T\u00e9cnica:<\/strong> Desenho em Nanquim (com moldura e vidro antirreflexo)<\/p>\n<p>&nbsp;<\/p>\n<p>&nbsp;<\/p>\n<p>Paula Schmidlin \u00e9 uma artista visual paranaense. \u00c9 formada pela Pontif\u00edcia Universidade Cat\u00f3lica (PUC) em Letras, em 1973 e na Escola de M\u00fasica e Belas Artes do Paran\u00e1 (EMBAP) em Superior de Pintura, em 1979. Fez cursos livres de xilogravura e Filosofia da Arte, com Nilo Previdi, em 1960, al\u00e9m do curso Artes Pl\u00e1sticas na Educa\u00e7\u00e3o, no Museu Alfredo Andersen, em 1967. No ano seguinte, estuda Gravura em Metal, na Universidade Federal do Paran\u00e1 (UFPR), com Fernando Calderari. Recebeu pr\u00eamios como o I Pr\u00eamio de Pintura, no Sal\u00e3o de Novos, na Biblioteca P\u00fablica do Paran\u00e1, em 1966, o Pr\u00eamio Aquisi\u00e7\u00e3o dos VIII e X Sal\u00e3o de Novos, tamb\u00e9m em 1966. Em 1967, participou do Sal\u00e3o Arte da Primavera, do Clube Conc\u00f3rdia e recebeu Pr\u00eamio Aquisi\u00e7\u00e3o. Recebeu outro pr\u00eamio aquisi\u00e7\u00e3o, para o Governo do Estado do Paran\u00e1, que adquiriu \"As Prolet\u00e1rias\". Participou de diversas exposi\u00e7\u00f5es e mostras coletivas como o II Sal\u00e3o de Arte Moderna, em Bras\u00edlia - DF, o Grupo T, na Biblioteca P\u00fablica do Paran\u00e1, Coletiva Galeria APAP\/PR, 2002, Sal\u00e3o de Artes do SESC PR, em 2002, entre outras em Curitiba, Bras\u00edlia, Colombo. Mostras individuais no Brasil, desde 2003, em S\u00e3o Jos\u00e9 dos Pinhais, Colombo, Curitiba, Bras\u00edlia, Lapa.<\/p>\n","protected":false},"excerpt":{"rendered":"<p>Artista: Paula Schmidlin T\u00edtulo: S\u00e9rie Curitiba - Sem T\u00edtulo Dimens\u00e3o: 64x44cm T\u00e9cnica: Desenho em Nanquim (com moldura e vidro antirreflexo) &nbsp; &nbsp; Paula Schmidlin \u00e9 uma artista visual paranaense. \u00c9 formada pela Pontif\u00edcia Universidade Cat\u00f3lica (PUC) em Letras, em 1973 e na Escola de M\u00fasica e Belas Artes do Paran\u00e1 (EMBAP) em Superior de Pintura, [&hellip;]<\/p>\n","protected":false},"featured_media":1375,"template":"","meta":[],"product_brand":[],"product_cat":[117],"product_tag":[],"class_list":{"0":"post-1376","1":"product","2":"type-product","3":"status-publish","4":"has-post-thumbnail","6":"product_cat-galeria","7":"pa_artista-paula-schmidlin","8":"pa_estilo-figura-humana","9":"pa_estilo-figurativo","10":"pa_estilo-figurativo-paisagem","11":"pa_tecnica-desenho-a-nanquim","13":"first","14":"instock","15":"shipping-taxable","16":"purchasable","17":"product-type-simple"},"yoast_head":"<!-- This site is optimized with the Yoast SEO plugin v27.4 - https:\/\/yoast.com\/product\/yoast-seo-wordpress\/ -->\n<title>Paula Schmidlin - S\u00e9rie Curitiba - Solar do Ros\u00e1rio Galeria \\\\\\\\Nova<\/title>\n<meta name=\"robots\" content=\"index, follow, max-snippet:-1, max-image-preview:large, max-video-preview:-1\" \/>\n<link rel=\"canonical\" href=\"https:\/\/solardorosario.com.br\/galeria\/produto\/paula-schmidlin-serie-curitiba-2\/\" \/>\n<meta property=\"og:locale\" content=\"pt_BR\" \/>\n<meta property=\"og:type\" content=\"article\" \/>\n<meta property=\"og:title\" content=\"Paula Schmidlin - S\u00e9rie Curitiba - Solar do Ros\u00e1rio Galeria \\\\\\\\Nova\" \/>\n<meta property=\"og:description\" content=\"Artista: Paula Schmidlin T\u00edtulo: S\u00e9rie Curitiba - Sem T\u00edtulo Dimens\u00e3o: 64x44cm T\u00e9cnica: Desenho em Nanquim (com moldura e vidro antirreflexo) &nbsp; &nbsp; Paula Schmidlin \u00e9 uma artista visual paranaense. \u00c9 formada pela Pontif\u00edcia Universidade Cat\u00f3lica (PUC) em Letras, em 1973 e na Escola de M\u00fasica e Belas Artes do Paran\u00e1 (EMBAP) em Superior de Pintura, [&hellip;]\" \/>\n<meta property=\"og:url\" content=\"https:\/\/solardorosario.com.br\/galeria\/produto\/paula-schmidlin-serie-curitiba-2\/\" \/>\n<meta property=\"og:site_name\" content=\"Solar do Ros\u00e1rio Galeria \\\\\\\\Nova\" \/>\n<meta property=\"article:modified_time\" content=\"2026-04-09T13:53:35+00:00\" \/>\n<meta property=\"og:image\" content=\"https:\/\/solardorosario.com.br\/galeria\/wp-content\/uploads\/2021\/03\/6882-e1618313618677.jpg\" \/>\n\t<meta property=\"og:image:width\" content=\"350\" \/>\n\t<meta property=\"og:image:height\" content=\"217\" \/>\n\t<meta property=\"og:image:type\" content=\"image\/jpeg\" \/>\n<meta name=\"twitter:card\" content=\"summary_large_image\" \/>\n<meta name=\"twitter:label1\" content=\"Est. tempo de leitura\" \/>\n\t<meta name=\"twitter:data1\" content=\"2 minutos\" \/>\n<script type=\"application\/ld+json\" class=\"yoast-schema-graph\">{\"@context\":\"https:\\\/\\\/schema.org\",\"@graph\":[{\"@type\":\"WebPage\",\"@id\":\"https:\\\/\\\/solardorosario.com.br\\\/galeria\\\/produto\\\/paula-schmidlin-serie-curitiba-2\\\/\",\"url\":\"https:\\\/\\\/solardorosario.com.br\\\/galeria\\\/produto\\\/paula-schmidlin-serie-curitiba-2\\\/\",\"name\":\"Paula Schmidlin - S\u00e9rie Curitiba - Solar do Ros\u00e1rio Galeria \\\\\\\\\\\\\\\\Nova\",\"isPartOf\":{\"@id\":\"https:\\\/\\\/solardorosario.com.br\\\/galeria\\\/#website\"},\"primaryImageOfPage\":{\"@id\":\"https:\\\/\\\/solardorosario.com.br\\\/galeria\\\/produto\\\/paula-schmidlin-serie-curitiba-2\\\/#primaryimage\"},\"image\":{\"@id\":\"https:\\\/\\\/solardorosario.com.br\\\/galeria\\\/produto\\\/paula-schmidlin-serie-curitiba-2\\\/#primaryimage\"},\"thumbnailUrl\":\"https:\\\/\\\/solardorosario.com.br\\\/galeria\\\/wp-content\\\/uploads\\\/2021\\\/03\\\/6882-e1618313618677.jpg\",\"datePublished\":\"2021-03-17T20:08:31+00:00\",\"dateModified\":\"2026-04-09T13:53:35+00:00\",\"breadcrumb\":{\"@id\":\"https:\\\/\\\/solardorosario.com.br\\\/galeria\\\/produto\\\/paula-schmidlin-serie-curitiba-2\\\/#breadcrumb\"},\"inLanguage\":\"pt-BR\",\"potentialAction\":[{\"@type\":\"ReadAction\",\"target\":[\"https:\\\/\\\/solardorosario.com.br\\\/galeria\\\/produto\\\/paula-schmidlin-serie-curitiba-2\\\/\"]}]},{\"@type\":\"ImageObject\",\"inLanguage\":\"pt-BR\",\"@id\":\"https:\\\/\\\/solardorosario.com.br\\\/galeria\\\/produto\\\/paula-schmidlin-serie-curitiba-2\\\/#primaryimage\",\"url\":\"https:\\\/\\\/solardorosario.com.br\\\/galeria\\\/wp-content\\\/uploads\\\/2021\\\/03\\\/6882-e1618313618677.jpg\",\"contentUrl\":\"https:\\\/\\\/solardorosario.com.br\\\/galeria\\\/wp-content\\\/uploads\\\/2021\\\/03\\\/6882-e1618313618677.jpg\",\"width\":350,\"height\":217},{\"@type\":\"BreadcrumbList\",\"@id\":\"https:\\\/\\\/solardorosario.com.br\\\/galeria\\\/produto\\\/paula-schmidlin-serie-curitiba-2\\\/#breadcrumb\",\"itemListElement\":[{\"@type\":\"ListItem\",\"position\":1,\"name\":\"In\u00edcio\",\"item\":\"https:\\\/\\\/solardorosario.com.br\\\/galeria\\\/\"},{\"@type\":\"ListItem\",\"position\":2,\"name\":\"galeria\",\"item\":\"https:\\\/\\\/solardorosario.com.br\\\/galeria\\\/galeria\\\/\"},{\"@type\":\"ListItem\",\"position\":3,\"name\":\"Paula Schmidlin - S\u00e9rie Curitiba\"}]},{\"@type\":\"WebSite\",\"@id\":\"https:\\\/\\\/solardorosario.com.br\\\/galeria\\\/#website\",\"url\":\"https:\\\/\\\/solardorosario.com.br\\\/galeria\\\/\",\"name\":\"Solar do Ros\u00e1rio Galeria \\\\\\\\\\\\\\\\Nova\",\"description\":\"\",\"potentialAction\":[{\"@type\":\"SearchAction\",\"target\":{\"@type\":\"EntryPoint\",\"urlTemplate\":\"https:\\\/\\\/solardorosario.com.br\\\/galeria\\\/?s={search_term_string}\"},\"query-input\":{\"@type\":\"PropertyValueSpecification\",\"valueRequired\":true,\"valueName\":\"search_term_string\"}}],\"inLanguage\":\"pt-BR\"}]}<\/script>\n<!-- \/ Yoast SEO plugin. -->","yoast_head_json":{"title":"Paula Schmidlin - S\u00e9rie Curitiba - Solar do Ros\u00e1rio Galeria \\\\\\\\Nova","robots":{"index":"index","follow":"follow","max-snippet":"max-snippet:-1","max-image-preview":"max-image-preview:large","max-video-preview":"max-video-preview:-1"},"canonical":"https:\/\/solardorosario.com.br\/galeria\/produto\/paula-schmidlin-serie-curitiba-2\/","og_locale":"pt_BR","og_type":"article","og_title":"Paula Schmidlin - S\u00e9rie Curitiba - Solar do Ros\u00e1rio Galeria \\\\\\\\Nova","og_description":"Artista: Paula Schmidlin T\u00edtulo: S\u00e9rie Curitiba - Sem T\u00edtulo Dimens\u00e3o: 64x44cm T\u00e9cnica: Desenho em Nanquim (com moldura e vidro antirreflexo) &nbsp; &nbsp; Paula Schmidlin \u00e9 uma artista visual paranaense. \u00c9 formada pela Pontif\u00edcia Universidade Cat\u00f3lica (PUC) em Letras, em 1973 e na Escola de M\u00fasica e Belas Artes do Paran\u00e1 (EMBAP) em Superior de Pintura, [&hellip;]","og_url":"https:\/\/solardorosario.com.br\/galeria\/produto\/paula-schmidlin-serie-curitiba-2\/","og_site_name":"Solar do Ros\u00e1rio Galeria \\\\\\\\Nova","article_modified_time":"2026-04-09T13:53:35+00:00","og_image":[{"width":350,"height":217,"url":"https:\/\/solardorosario.com.br\/galeria\/wp-content\/uploads\/2021\/03\/6882-e1618313618677.jpg","type":"image\/jpeg"}],"twitter_card":"summary_large_image","twitter_misc":{"Est. tempo de leitura":"2 minutos"},"schema":{"@context":"https:\/\/schema.org","@graph":[{"@type":"WebPage","@id":"https:\/\/solardorosario.com.br\/galeria\/produto\/paula-schmidlin-serie-curitiba-2\/","url":"https:\/\/solardorosario.com.br\/galeria\/produto\/paula-schmidlin-serie-curitiba-2\/","name":"Paula Schmidlin - S\u00e9rie Curitiba - Solar do Ros\u00e1rio Galeria \\\\\\\\Nova","isPartOf":{"@id":"https:\/\/solardorosario.com.br\/galeria\/#website"},"primaryImageOfPage":{"@id":"https:\/\/solardorosario.com.br\/galeria\/produto\/paula-schmidlin-serie-curitiba-2\/#primaryimage"},"image":{"@id":"https:\/\/solardorosario.com.br\/galeria\/produto\/paula-schmidlin-serie-curitiba-2\/#primaryimage"},"thumbnailUrl":"https:\/\/solardorosario.com.br\/galeria\/wp-content\/uploads\/2021\/03\/6882-e1618313618677.jpg","datePublished":"2021-03-17T20:08:31+00:00","dateModified":"2026-04-09T13:53:35+00:00","breadcrumb":{"@id":"https:\/\/solardorosario.com.br\/galeria\/produto\/paula-schmidlin-serie-curitiba-2\/#breadcrumb"},"inLanguage":"pt-BR","potentialAction":[{"@type":"ReadAction","target":["https:\/\/solardorosario.com.br\/galeria\/produto\/paula-schmidlin-serie-curitiba-2\/"]}]},{"@type":"ImageObject","inLanguage":"pt-BR","@id":"https:\/\/solardorosario.com.br\/galeria\/produto\/paula-schmidlin-serie-curitiba-2\/#primaryimage","url":"https:\/\/solardorosario.com.br\/galeria\/wp-content\/uploads\/2021\/03\/6882-e1618313618677.jpg","contentUrl":"https:\/\/solardorosario.com.br\/galeria\/wp-content\/uploads\/2021\/03\/6882-e1618313618677.jpg","width":350,"height":217},{"@type":"BreadcrumbList","@id":"https:\/\/solardorosario.com.br\/galeria\/produto\/paula-schmidlin-serie-curitiba-2\/#breadcrumb","itemListElement":[{"@type":"ListItem","position":1,"name":"In\u00edcio","item":"https:\/\/solardorosario.com.br\/galeria\/"},{"@type":"ListItem","position":2,"name":"galeria","item":"https:\/\/solardorosario.com.br\/galeria\/galeria\/"},{"@type":"ListItem","position":3,"name":"Paula Schmidlin - S\u00e9rie Curitiba"}]},{"@type":"WebSite","@id":"https:\/\/solardorosario.com.br\/galeria\/#website","url":"https:\/\/solardorosario.com.br\/galeria\/","name":"Solar do Ros\u00e1rio Galeria \\\\\\\\Nova","description":"","potentialAction":[{"@type":"SearchAction","target":{"@type":"EntryPoint","urlTemplate":"https:\/\/solardorosario.com.br\/galeria\/?s={search_term_string}"},"query-input":{"@type":"PropertyValueSpecification","valueRequired":true,"valueName":"search_term_string"}}],"inLanguage":"pt-BR"}]}},"_links":{"self":[{"href":"https:\/\/solardorosario.com.br\/galeria\/wp-json\/wp\/v2\/product\/1376","targetHints":{"allow":["GET"]}}],"collection":[{"href":"https:\/\/solardorosario.com.br\/galeria\/wp-json\/wp\/v2\/product"}],"about":[{"href":"https:\/\/solardorosario.com.br\/galeria\/wp-json\/wp\/v2\/types\/product"}],"wp:featuredmedia":[{"embeddable":true,"href":"https:\/\/solardorosario.com.br\/galeria\/wp-json\/wp\/v2\/media\/1375"}],"wp:attachment":[{"href":"https:\/\/solardorosario.com.br\/galeria\/wp-json\/wp\/v2\/media?parent=1376"}],"wp:term":[{"taxonomy":"product_brand","embeddable":true,"href":"https:\/\/solardorosario.com.br\/galeria\/wp-json\/wp\/v2\/product_brand?post=1376"},{"taxonomy":"product_cat","embeddable":true,"href":"https:\/\/solardorosario.com.br\/galeria\/wp-json\/wp\/v2\/product_cat?post=1376"},{"taxonomy":"product_tag","embeddable":true,"href":"https:\/\/solardorosario.com.br\/galeria\/wp-json\/wp\/v2\/product_tag?post=1376"}],"curies":[{"name":"wp","href":"https:\/\/api.w.org\/{rel}","templated":true}]}}