{"id":1358,"date":"2021-03-17T17:08:09","date_gmt":"2021-03-17T20:08:09","guid":{"rendered":"https:\/\/solardorosario.com.br\/galerianova\/cursos\/lu-franco-5\/"},"modified":"2026-04-06T15:33:21","modified_gmt":"2026-04-06T18:33:21","slug":"lu-franco-inverno","status":"publish","type":"product","link":"https:\/\/solardorosario.com.br\/galeria\/produto\/lu-franco-inverno\/","title":{"rendered":"Lu Franco - Inverno"},"content":{"rendered":"<p><strong>Artista:<\/strong> Lu Franco<\/p>\n<p><strong>T\u00edtulo:<\/strong> Inverno<\/p>\n<p><strong>Dimens\u00e3o:<\/strong> 120x90cm<\/p>\n<p><strong>T\u00e9cnica:<\/strong> Acr\u00edlica sobre tela (sem moldura)<\/p>\n<p>&nbsp;<\/p>\n<p>&nbsp;<\/p>\n<p>Luciane de Oliveira Franco nasceu em Curitiba - Paran\u00e1 em 16 de maio de 1964. Em 1980, entrou no curso de Educa\u00e7\u00e3o Art\u00edstica na Faculdade de Artes do Paran\u00e1 e se formou em 1985. \u00c9 graduada em Pintura pela Escola de M\u00fasica e Belas Artes do Paran\u00e1 (EMBAP), em 1991. 10 anos depois, em 2001, cursou disciplinas do mestrado em Multimeios (Fotografia e Antropologia Visual) no Instituto de Artes da Universidade de Campinas (UNICAMP). Participou de exposi\u00e7\u00f5es e mostras coletivas em Curitiba, Castro, Umuarama, Piracicaba, Maring\u00e1, Gua\u00edra, S\u00e3o Paulo e Lapa, al\u00e9m de uma exposi\u00e7\u00e3o na Ge\u00f3rgia, nos Estados Unidos. Fez uma exposi\u00e7\u00e3o individual na Sala do Artista, na Galeria Solar do Ros\u00e1rio, em 2000, com obras da sua fase L\u00fadica. Participou, em 2001, do XXXIII Sal\u00e3o de Arte Contempor\u00e2nea de Piracicaba.<\/p>\n","protected":false},"excerpt":{"rendered":"<p>Artista: Lu Franco T\u00edtulo: Inverno Dimens\u00e3o: 120x90cm T\u00e9cnica: Acr\u00edlica sobre tela (sem moldura) &nbsp; &nbsp; Luciane de Oliveira Franco nasceu em Curitiba - Paran\u00e1 em 16 de maio de 1964. Em 1980, entrou no curso de Educa\u00e7\u00e3o Art\u00edstica na Faculdade de Artes do Paran\u00e1 e se formou em 1985. \u00c9 graduada em Pintura pela Escola [&hellip;]<\/p>\n","protected":false},"featured_media":1633,"template":"","meta":[],"product_brand":[],"product_cat":[117],"product_tag":[],"class_list":{"0":"post-1358","1":"product","2":"type-product","3":"status-publish","4":"has-post-thumbnail","6":"product_cat-galeria","7":"pa_artista-lu-franco","8":"pa_estilo-figura-humana","9":"pa_estilo-figurativo","10":"pa_tecnica-acrilica-sobre-tela","12":"first","13":"instock","14":"shipping-taxable","15":"purchasable","16":"product-type-simple"},"yoast_head":"<!-- This site is optimized with the Yoast SEO plugin v27.4 - https:\/\/yoast.com\/product\/yoast-seo-wordpress\/ -->\n<title>Lu Franco - Inverno - Solar do Ros\u00e1rio Galeria \\\\\\\\Nova<\/title>\n<meta name=\"robots\" content=\"index, follow, max-snippet:-1, max-image-preview:large, max-video-preview:-1\" \/>\n<link rel=\"canonical\" href=\"https:\/\/solardorosario.com.br\/galeria\/produto\/lu-franco-inverno\/\" \/>\n<meta property=\"og:locale\" content=\"pt_BR\" \/>\n<meta property=\"og:type\" content=\"article\" \/>\n<meta property=\"og:title\" content=\"Lu Franco - Inverno - Solar do Ros\u00e1rio Galeria \\\\\\\\Nova\" \/>\n<meta property=\"og:description\" content=\"Artista: Lu Franco T\u00edtulo: Inverno Dimens\u00e3o: 120x90cm T\u00e9cnica: Acr\u00edlica sobre tela (sem moldura) &nbsp; &nbsp; Luciane de Oliveira Franco nasceu em Curitiba - Paran\u00e1 em 16 de maio de 1964. Em 1980, entrou no curso de Educa\u00e7\u00e3o Art\u00edstica na Faculdade de Artes do Paran\u00e1 e se formou em 1985. \u00c9 graduada em Pintura pela Escola [&hellip;]\" \/>\n<meta property=\"og:url\" content=\"https:\/\/solardorosario.com.br\/galeria\/produto\/lu-franco-inverno\/\" \/>\n<meta property=\"og:site_name\" content=\"Solar do Ros\u00e1rio Galeria \\\\\\\\Nova\" \/>\n<meta property=\"article:modified_time\" content=\"2026-04-06T18:33:21+00:00\" \/>\n<meta property=\"og:image\" content=\"https:\/\/solardorosario.com.br\/galeria\/wp-content\/uploads\/2021\/03\/346-scaled-e1617213288723.jpeg\" \/>\n\t<meta property=\"og:image:width\" content=\"350\" \/>\n\t<meta property=\"og:image:height\" content=\"222\" \/>\n\t<meta property=\"og:image:type\" content=\"image\/jpeg\" \/>\n<meta name=\"twitter:card\" content=\"summary_large_image\" \/>\n<meta name=\"twitter:label1\" content=\"Est. tempo de leitura\" \/>\n\t<meta name=\"twitter:data1\" content=\"1 minuto\" \/>\n<script type=\"application\/ld+json\" class=\"yoast-schema-graph\">{\"@context\":\"https:\\\/\\\/schema.org\",\"@graph\":[{\"@type\":\"WebPage\",\"@id\":\"https:\\\/\\\/solardorosario.com.br\\\/galeria\\\/produto\\\/lu-franco-inverno\\\/\",\"url\":\"https:\\\/\\\/solardorosario.com.br\\\/galeria\\\/produto\\\/lu-franco-inverno\\\/\",\"name\":\"Lu Franco - Inverno - Solar do Ros\u00e1rio Galeria \\\\\\\\\\\\\\\\Nova\",\"isPartOf\":{\"@id\":\"https:\\\/\\\/solardorosario.com.br\\\/galeria\\\/#website\"},\"primaryImageOfPage\":{\"@id\":\"https:\\\/\\\/solardorosario.com.br\\\/galeria\\\/produto\\\/lu-franco-inverno\\\/#primaryimage\"},\"image\":{\"@id\":\"https:\\\/\\\/solardorosario.com.br\\\/galeria\\\/produto\\\/lu-franco-inverno\\\/#primaryimage\"},\"thumbnailUrl\":\"https:\\\/\\\/solardorosario.com.br\\\/galeria\\\/wp-content\\\/uploads\\\/2021\\\/03\\\/346-scaled-e1617213288723.jpeg\",\"datePublished\":\"2021-03-17T20:08:09+00:00\",\"dateModified\":\"2026-04-06T18:33:21+00:00\",\"breadcrumb\":{\"@id\":\"https:\\\/\\\/solardorosario.com.br\\\/galeria\\\/produto\\\/lu-franco-inverno\\\/#breadcrumb\"},\"inLanguage\":\"pt-BR\",\"potentialAction\":[{\"@type\":\"ReadAction\",\"target\":[\"https:\\\/\\\/solardorosario.com.br\\\/galeria\\\/produto\\\/lu-franco-inverno\\\/\"]}]},{\"@type\":\"ImageObject\",\"inLanguage\":\"pt-BR\",\"@id\":\"https:\\\/\\\/solardorosario.com.br\\\/galeria\\\/produto\\\/lu-franco-inverno\\\/#primaryimage\",\"url\":\"https:\\\/\\\/solardorosario.com.br\\\/galeria\\\/wp-content\\\/uploads\\\/2021\\\/03\\\/346-scaled-e1617213288723.jpeg\",\"contentUrl\":\"https:\\\/\\\/solardorosario.com.br\\\/galeria\\\/wp-content\\\/uploads\\\/2021\\\/03\\\/346-scaled-e1617213288723.jpeg\",\"width\":350,\"height\":222},{\"@type\":\"BreadcrumbList\",\"@id\":\"https:\\\/\\\/solardorosario.com.br\\\/galeria\\\/produto\\\/lu-franco-inverno\\\/#breadcrumb\",\"itemListElement\":[{\"@type\":\"ListItem\",\"position\":1,\"name\":\"In\u00edcio\",\"item\":\"https:\\\/\\\/solardorosario.com.br\\\/galeria\\\/\"},{\"@type\":\"ListItem\",\"position\":2,\"name\":\"galeria\",\"item\":\"https:\\\/\\\/solardorosario.com.br\\\/galeria\\\/galeria\\\/\"},{\"@type\":\"ListItem\",\"position\":3,\"name\":\"Lu Franco - Inverno\"}]},{\"@type\":\"WebSite\",\"@id\":\"https:\\\/\\\/solardorosario.com.br\\\/galeria\\\/#website\",\"url\":\"https:\\\/\\\/solardorosario.com.br\\\/galeria\\\/\",\"name\":\"Solar do Ros\u00e1rio Galeria \\\\\\\\\\\\\\\\Nova\",\"description\":\"\",\"potentialAction\":[{\"@type\":\"SearchAction\",\"target\":{\"@type\":\"EntryPoint\",\"urlTemplate\":\"https:\\\/\\\/solardorosario.com.br\\\/galeria\\\/?s={search_term_string}\"},\"query-input\":{\"@type\":\"PropertyValueSpecification\",\"valueRequired\":true,\"valueName\":\"search_term_string\"}}],\"inLanguage\":\"pt-BR\"}]}<\/script>\n<!-- \/ Yoast SEO plugin. -->","yoast_head_json":{"title":"Lu Franco - Inverno - Solar do Ros\u00e1rio Galeria \\\\\\\\Nova","robots":{"index":"index","follow":"follow","max-snippet":"max-snippet:-1","max-image-preview":"max-image-preview:large","max-video-preview":"max-video-preview:-1"},"canonical":"https:\/\/solardorosario.com.br\/galeria\/produto\/lu-franco-inverno\/","og_locale":"pt_BR","og_type":"article","og_title":"Lu Franco - Inverno - Solar do Ros\u00e1rio Galeria \\\\\\\\Nova","og_description":"Artista: Lu Franco T\u00edtulo: Inverno Dimens\u00e3o: 120x90cm T\u00e9cnica: Acr\u00edlica sobre tela (sem moldura) &nbsp; &nbsp; Luciane de Oliveira Franco nasceu em Curitiba - Paran\u00e1 em 16 de maio de 1964. Em 1980, entrou no curso de Educa\u00e7\u00e3o Art\u00edstica na Faculdade de Artes do Paran\u00e1 e se formou em 1985. \u00c9 graduada em Pintura pela Escola [&hellip;]","og_url":"https:\/\/solardorosario.com.br\/galeria\/produto\/lu-franco-inverno\/","og_site_name":"Solar do Ros\u00e1rio Galeria \\\\\\\\Nova","article_modified_time":"2026-04-06T18:33:21+00:00","og_image":[{"width":350,"height":222,"url":"https:\/\/solardorosario.com.br\/galeria\/wp-content\/uploads\/2021\/03\/346-scaled-e1617213288723.jpeg","type":"image\/jpeg"}],"twitter_card":"summary_large_image","twitter_misc":{"Est. tempo de leitura":"1 minuto"},"schema":{"@context":"https:\/\/schema.org","@graph":[{"@type":"WebPage","@id":"https:\/\/solardorosario.com.br\/galeria\/produto\/lu-franco-inverno\/","url":"https:\/\/solardorosario.com.br\/galeria\/produto\/lu-franco-inverno\/","name":"Lu Franco - Inverno - Solar do Ros\u00e1rio Galeria \\\\\\\\Nova","isPartOf":{"@id":"https:\/\/solardorosario.com.br\/galeria\/#website"},"primaryImageOfPage":{"@id":"https:\/\/solardorosario.com.br\/galeria\/produto\/lu-franco-inverno\/#primaryimage"},"image":{"@id":"https:\/\/solardorosario.com.br\/galeria\/produto\/lu-franco-inverno\/#primaryimage"},"thumbnailUrl":"https:\/\/solardorosario.com.br\/galeria\/wp-content\/uploads\/2021\/03\/346-scaled-e1617213288723.jpeg","datePublished":"2021-03-17T20:08:09+00:00","dateModified":"2026-04-06T18:33:21+00:00","breadcrumb":{"@id":"https:\/\/solardorosario.com.br\/galeria\/produto\/lu-franco-inverno\/#breadcrumb"},"inLanguage":"pt-BR","potentialAction":[{"@type":"ReadAction","target":["https:\/\/solardorosario.com.br\/galeria\/produto\/lu-franco-inverno\/"]}]},{"@type":"ImageObject","inLanguage":"pt-BR","@id":"https:\/\/solardorosario.com.br\/galeria\/produto\/lu-franco-inverno\/#primaryimage","url":"https:\/\/solardorosario.com.br\/galeria\/wp-content\/uploads\/2021\/03\/346-scaled-e1617213288723.jpeg","contentUrl":"https:\/\/solardorosario.com.br\/galeria\/wp-content\/uploads\/2021\/03\/346-scaled-e1617213288723.jpeg","width":350,"height":222},{"@type":"BreadcrumbList","@id":"https:\/\/solardorosario.com.br\/galeria\/produto\/lu-franco-inverno\/#breadcrumb","itemListElement":[{"@type":"ListItem","position":1,"name":"In\u00edcio","item":"https:\/\/solardorosario.com.br\/galeria\/"},{"@type":"ListItem","position":2,"name":"galeria","item":"https:\/\/solardorosario.com.br\/galeria\/galeria\/"},{"@type":"ListItem","position":3,"name":"Lu Franco - Inverno"}]},{"@type":"WebSite","@id":"https:\/\/solardorosario.com.br\/galeria\/#website","url":"https:\/\/solardorosario.com.br\/galeria\/","name":"Solar do Ros\u00e1rio Galeria \\\\\\\\Nova","description":"","potentialAction":[{"@type":"SearchAction","target":{"@type":"EntryPoint","urlTemplate":"https:\/\/solardorosario.com.br\/galeria\/?s={search_term_string}"},"query-input":{"@type":"PropertyValueSpecification","valueRequired":true,"valueName":"search_term_string"}}],"inLanguage":"pt-BR"}]}},"_links":{"self":[{"href":"https:\/\/solardorosario.com.br\/galeria\/wp-json\/wp\/v2\/product\/1358","targetHints":{"allow":["GET"]}}],"collection":[{"href":"https:\/\/solardorosario.com.br\/galeria\/wp-json\/wp\/v2\/product"}],"about":[{"href":"https:\/\/solardorosario.com.br\/galeria\/wp-json\/wp\/v2\/types\/product"}],"wp:featuredmedia":[{"embeddable":true,"href":"https:\/\/solardorosario.com.br\/galeria\/wp-json\/wp\/v2\/media\/1633"}],"wp:attachment":[{"href":"https:\/\/solardorosario.com.br\/galeria\/wp-json\/wp\/v2\/media?parent=1358"}],"wp:term":[{"taxonomy":"product_brand","embeddable":true,"href":"https:\/\/solardorosario.com.br\/galeria\/wp-json\/wp\/v2\/product_brand?post=1358"},{"taxonomy":"product_cat","embeddable":true,"href":"https:\/\/solardorosario.com.br\/galeria\/wp-json\/wp\/v2\/product_cat?post=1358"},{"taxonomy":"product_tag","embeddable":true,"href":"https:\/\/solardorosario.com.br\/galeria\/wp-json\/wp\/v2\/product_tag?post=1358"}],"curies":[{"name":"wp","href":"https:\/\/api.w.org\/{rel}","templated":true}]}}