{"id":1342,"date":"2021-03-17T17:07:54","date_gmt":"2021-03-17T20:07:54","guid":{"rendered":"https:\/\/solardorosario.com.br\/galerianova\/cursos\/ayao-okamoto-2\/"},"modified":"2026-03-18T16:51:44","modified_gmt":"2026-03-18T19:51:44","slug":"ayao-okamoto-sem-titulo-3","status":"publish","type":"product","link":"https:\/\/solardorosario.com.br\/galeria\/produto\/ayao-okamoto-sem-titulo-3\/","title":{"rendered":"Ayao Okamoto - Sem T\u00edtulo"},"content":{"rendered":"<p><strong>Artista:<\/strong> Ayao Okamoto<\/p>\n<p><strong>T\u00edtulo:<\/strong> Sem T\u00edtulo<\/p>\n<p><strong>Dimens\u00e3o:<\/strong> 80x100cm<\/p>\n<p><strong>T\u00e9cnica:<\/strong> Mista sobre tela<\/p>\n<p>&nbsp;<\/p>\n<p>&nbsp;<\/p>\n<p>Nascido em Curitiba - PR, em 1953. \u00c9 pintor, desenhista, artista gr\u00e1fico e professor. Formado em Artes, pela Faculdade de Artes Pl\u00e1sticas, da Funda\u00e7\u00e3o Armando \u00c1lvares Penteado (FAAP), em 1980. Fez o Mestrado na Universidade de S\u00e3o Paulo, na Escola de Comunica\u00e7\u00f5es e Artes (ECA\/USP), em 2002. Participou de v\u00e1rias exposi\u00e7\u00f5es, individuais e coletivas em Curitiba e sal\u00f5es em: S\u00e3o Paulo, Goi\u00e2nia, Caxambu, Santo Andr\u00e9, Ribeir\u00e3o Preto, Porto Alegre, Campinas. Suas obras fazem parte de cole\u00e7\u00f5es p\u00fablicas, como a Pinacoteca do Governo do Estado de S\u00e3o Paulo, a Funda\u00e7\u00e3o Cultural de Curitiba, o Espa\u00e7o Cultural Jorge Amado, em Paris e o Museu de Arte Contempor\u00e2nea da Universidade de S\u00e3o Paulo (MAC-USP).<\/p>\n","protected":false},"excerpt":{"rendered":"<p>Artista: Ayao Okamoto T\u00edtulo: Sem T\u00edtulo Dimens\u00e3o: 80x100cm T\u00e9cnica: Mista sobre tela &nbsp; &nbsp; Nascido em Curitiba - PR, em 1953. \u00c9 pintor, desenhista, artista gr\u00e1fico e professor. Formado em Artes, pela Faculdade de Artes Pl\u00e1sticas, da Funda\u00e7\u00e3o Armando \u00c1lvares Penteado (FAAP), em 1980. Fez o Mestrado na Universidade de S\u00e3o Paulo, na Escola de [&hellip;]<\/p>\n","protected":false},"featured_media":1543,"template":"","meta":[],"product_brand":[],"product_cat":[117],"product_tag":[],"class_list":{"0":"post-1342","1":"product","2":"type-product","3":"status-publish","4":"has-post-thumbnail","6":"product_cat-galeria","7":"pa_artista-ayao-okamoto","8":"pa_estilo-abstrato","9":"pa_tecnica-mista-sobre-tela","11":"first","12":"instock","13":"shipping-taxable","14":"purchasable","15":"product-type-simple"},"yoast_head":"<!-- This site is optimized with the Yoast SEO plugin v27.4 - https:\/\/yoast.com\/product\/yoast-seo-wordpress\/ -->\n<title>Ayao Okamoto - Sem T\u00edtulo - Solar do Ros\u00e1rio Galeria \\\\\\\\Nova<\/title>\n<meta name=\"robots\" content=\"index, follow, max-snippet:-1, max-image-preview:large, max-video-preview:-1\" \/>\n<link rel=\"canonical\" href=\"https:\/\/solardorosario.com.br\/galeria\/produto\/ayao-okamoto-sem-titulo-3\/\" \/>\n<meta property=\"og:locale\" content=\"pt_BR\" \/>\n<meta property=\"og:type\" content=\"article\" \/>\n<meta property=\"og:title\" content=\"Ayao Okamoto - Sem T\u00edtulo - Solar do Ros\u00e1rio Galeria \\\\\\\\Nova\" \/>\n<meta property=\"og:description\" content=\"Artista: Ayao Okamoto T\u00edtulo: Sem T\u00edtulo Dimens\u00e3o: 80x100cm T\u00e9cnica: Mista sobre tela &nbsp; &nbsp; Nascido em Curitiba - PR, em 1953. \u00c9 pintor, desenhista, artista gr\u00e1fico e professor. Formado em Artes, pela Faculdade de Artes Pl\u00e1sticas, da Funda\u00e7\u00e3o Armando \u00c1lvares Penteado (FAAP), em 1980. Fez o Mestrado na Universidade de S\u00e3o Paulo, na Escola de [&hellip;]\" \/>\n<meta property=\"og:url\" content=\"https:\/\/solardorosario.com.br\/galeria\/produto\/ayao-okamoto-sem-titulo-3\/\" \/>\n<meta property=\"og:site_name\" content=\"Solar do Ros\u00e1rio Galeria \\\\\\\\Nova\" \/>\n<meta property=\"article:modified_time\" content=\"2026-03-18T19:51:44+00:00\" \/>\n<meta property=\"og:image\" content=\"https:\/\/solardorosario.com.br\/galeria\/wp-content\/uploads\/2021\/03\/1848-scaled-e1617198728905.jpeg\" \/>\n\t<meta property=\"og:image:width\" content=\"300\" \/>\n\t<meta property=\"og:image:height\" content=\"205\" \/>\n\t<meta property=\"og:image:type\" content=\"image\/jpeg\" \/>\n<meta name=\"twitter:card\" content=\"summary_large_image\" \/>\n<meta name=\"twitter:label1\" content=\"Est. tempo de leitura\" \/>\n\t<meta name=\"twitter:data1\" content=\"1 minuto\" \/>\n<script type=\"application\/ld+json\" class=\"yoast-schema-graph\">{\"@context\":\"https:\\\/\\\/schema.org\",\"@graph\":[{\"@type\":\"WebPage\",\"@id\":\"https:\\\/\\\/solardorosario.com.br\\\/galeria\\\/produto\\\/ayao-okamoto-sem-titulo-3\\\/\",\"url\":\"https:\\\/\\\/solardorosario.com.br\\\/galeria\\\/produto\\\/ayao-okamoto-sem-titulo-3\\\/\",\"name\":\"Ayao Okamoto - Sem T\u00edtulo - Solar do Ros\u00e1rio Galeria \\\\\\\\\\\\\\\\Nova\",\"isPartOf\":{\"@id\":\"https:\\\/\\\/solardorosario.com.br\\\/galeria\\\/#website\"},\"primaryImageOfPage\":{\"@id\":\"https:\\\/\\\/solardorosario.com.br\\\/galeria\\\/produto\\\/ayao-okamoto-sem-titulo-3\\\/#primaryimage\"},\"image\":{\"@id\":\"https:\\\/\\\/solardorosario.com.br\\\/galeria\\\/produto\\\/ayao-okamoto-sem-titulo-3\\\/#primaryimage\"},\"thumbnailUrl\":\"https:\\\/\\\/solardorosario.com.br\\\/galeria\\\/wp-content\\\/uploads\\\/2021\\\/03\\\/1848-scaled-e1617198728905.jpeg\",\"datePublished\":\"2021-03-17T20:07:54+00:00\",\"dateModified\":\"2026-03-18T19:51:44+00:00\",\"breadcrumb\":{\"@id\":\"https:\\\/\\\/solardorosario.com.br\\\/galeria\\\/produto\\\/ayao-okamoto-sem-titulo-3\\\/#breadcrumb\"},\"inLanguage\":\"pt-BR\",\"potentialAction\":[{\"@type\":\"ReadAction\",\"target\":[\"https:\\\/\\\/solardorosario.com.br\\\/galeria\\\/produto\\\/ayao-okamoto-sem-titulo-3\\\/\"]}]},{\"@type\":\"ImageObject\",\"inLanguage\":\"pt-BR\",\"@id\":\"https:\\\/\\\/solardorosario.com.br\\\/galeria\\\/produto\\\/ayao-okamoto-sem-titulo-3\\\/#primaryimage\",\"url\":\"https:\\\/\\\/solardorosario.com.br\\\/galeria\\\/wp-content\\\/uploads\\\/2021\\\/03\\\/1848-scaled-e1617198728905.jpeg\",\"contentUrl\":\"https:\\\/\\\/solardorosario.com.br\\\/galeria\\\/wp-content\\\/uploads\\\/2021\\\/03\\\/1848-scaled-e1617198728905.jpeg\",\"width\":300,\"height\":205},{\"@type\":\"BreadcrumbList\",\"@id\":\"https:\\\/\\\/solardorosario.com.br\\\/galeria\\\/produto\\\/ayao-okamoto-sem-titulo-3\\\/#breadcrumb\",\"itemListElement\":[{\"@type\":\"ListItem\",\"position\":1,\"name\":\"In\u00edcio\",\"item\":\"https:\\\/\\\/solardorosario.com.br\\\/galeria\\\/\"},{\"@type\":\"ListItem\",\"position\":2,\"name\":\"galeria\",\"item\":\"https:\\\/\\\/solardorosario.com.br\\\/galeria\\\/galeria\\\/\"},{\"@type\":\"ListItem\",\"position\":3,\"name\":\"Ayao Okamoto - Sem T\u00edtulo\"}]},{\"@type\":\"WebSite\",\"@id\":\"https:\\\/\\\/solardorosario.com.br\\\/galeria\\\/#website\",\"url\":\"https:\\\/\\\/solardorosario.com.br\\\/galeria\\\/\",\"name\":\"Solar do Ros\u00e1rio Galeria \\\\\\\\\\\\\\\\Nova\",\"description\":\"\",\"potentialAction\":[{\"@type\":\"SearchAction\",\"target\":{\"@type\":\"EntryPoint\",\"urlTemplate\":\"https:\\\/\\\/solardorosario.com.br\\\/galeria\\\/?s={search_term_string}\"},\"query-input\":{\"@type\":\"PropertyValueSpecification\",\"valueRequired\":true,\"valueName\":\"search_term_string\"}}],\"inLanguage\":\"pt-BR\"}]}<\/script>\n<!-- \/ Yoast SEO plugin. -->","yoast_head_json":{"title":"Ayao Okamoto - Sem T\u00edtulo - Solar do Ros\u00e1rio Galeria \\\\\\\\Nova","robots":{"index":"index","follow":"follow","max-snippet":"max-snippet:-1","max-image-preview":"max-image-preview:large","max-video-preview":"max-video-preview:-1"},"canonical":"https:\/\/solardorosario.com.br\/galeria\/produto\/ayao-okamoto-sem-titulo-3\/","og_locale":"pt_BR","og_type":"article","og_title":"Ayao Okamoto - Sem T\u00edtulo - Solar do Ros\u00e1rio Galeria \\\\\\\\Nova","og_description":"Artista: Ayao Okamoto T\u00edtulo: Sem T\u00edtulo Dimens\u00e3o: 80x100cm T\u00e9cnica: Mista sobre tela &nbsp; &nbsp; Nascido em Curitiba - PR, em 1953. \u00c9 pintor, desenhista, artista gr\u00e1fico e professor. Formado em Artes, pela Faculdade de Artes Pl\u00e1sticas, da Funda\u00e7\u00e3o Armando \u00c1lvares Penteado (FAAP), em 1980. Fez o Mestrado na Universidade de S\u00e3o Paulo, na Escola de [&hellip;]","og_url":"https:\/\/solardorosario.com.br\/galeria\/produto\/ayao-okamoto-sem-titulo-3\/","og_site_name":"Solar do Ros\u00e1rio Galeria \\\\\\\\Nova","article_modified_time":"2026-03-18T19:51:44+00:00","og_image":[{"width":300,"height":205,"url":"https:\/\/solardorosario.com.br\/galeria\/wp-content\/uploads\/2021\/03\/1848-scaled-e1617198728905.jpeg","type":"image\/jpeg"}],"twitter_card":"summary_large_image","twitter_misc":{"Est. tempo de leitura":"1 minuto"},"schema":{"@context":"https:\/\/schema.org","@graph":[{"@type":"WebPage","@id":"https:\/\/solardorosario.com.br\/galeria\/produto\/ayao-okamoto-sem-titulo-3\/","url":"https:\/\/solardorosario.com.br\/galeria\/produto\/ayao-okamoto-sem-titulo-3\/","name":"Ayao Okamoto - Sem T\u00edtulo - Solar do Ros\u00e1rio Galeria \\\\\\\\Nova","isPartOf":{"@id":"https:\/\/solardorosario.com.br\/galeria\/#website"},"primaryImageOfPage":{"@id":"https:\/\/solardorosario.com.br\/galeria\/produto\/ayao-okamoto-sem-titulo-3\/#primaryimage"},"image":{"@id":"https:\/\/solardorosario.com.br\/galeria\/produto\/ayao-okamoto-sem-titulo-3\/#primaryimage"},"thumbnailUrl":"https:\/\/solardorosario.com.br\/galeria\/wp-content\/uploads\/2021\/03\/1848-scaled-e1617198728905.jpeg","datePublished":"2021-03-17T20:07:54+00:00","dateModified":"2026-03-18T19:51:44+00:00","breadcrumb":{"@id":"https:\/\/solardorosario.com.br\/galeria\/produto\/ayao-okamoto-sem-titulo-3\/#breadcrumb"},"inLanguage":"pt-BR","potentialAction":[{"@type":"ReadAction","target":["https:\/\/solardorosario.com.br\/galeria\/produto\/ayao-okamoto-sem-titulo-3\/"]}]},{"@type":"ImageObject","inLanguage":"pt-BR","@id":"https:\/\/solardorosario.com.br\/galeria\/produto\/ayao-okamoto-sem-titulo-3\/#primaryimage","url":"https:\/\/solardorosario.com.br\/galeria\/wp-content\/uploads\/2021\/03\/1848-scaled-e1617198728905.jpeg","contentUrl":"https:\/\/solardorosario.com.br\/galeria\/wp-content\/uploads\/2021\/03\/1848-scaled-e1617198728905.jpeg","width":300,"height":205},{"@type":"BreadcrumbList","@id":"https:\/\/solardorosario.com.br\/galeria\/produto\/ayao-okamoto-sem-titulo-3\/#breadcrumb","itemListElement":[{"@type":"ListItem","position":1,"name":"In\u00edcio","item":"https:\/\/solardorosario.com.br\/galeria\/"},{"@type":"ListItem","position":2,"name":"galeria","item":"https:\/\/solardorosario.com.br\/galeria\/galeria\/"},{"@type":"ListItem","position":3,"name":"Ayao Okamoto - Sem T\u00edtulo"}]},{"@type":"WebSite","@id":"https:\/\/solardorosario.com.br\/galeria\/#website","url":"https:\/\/solardorosario.com.br\/galeria\/","name":"Solar do Ros\u00e1rio Galeria \\\\\\\\Nova","description":"","potentialAction":[{"@type":"SearchAction","target":{"@type":"EntryPoint","urlTemplate":"https:\/\/solardorosario.com.br\/galeria\/?s={search_term_string}"},"query-input":{"@type":"PropertyValueSpecification","valueRequired":true,"valueName":"search_term_string"}}],"inLanguage":"pt-BR"}]}},"_links":{"self":[{"href":"https:\/\/solardorosario.com.br\/galeria\/wp-json\/wp\/v2\/product\/1342","targetHints":{"allow":["GET"]}}],"collection":[{"href":"https:\/\/solardorosario.com.br\/galeria\/wp-json\/wp\/v2\/product"}],"about":[{"href":"https:\/\/solardorosario.com.br\/galeria\/wp-json\/wp\/v2\/types\/product"}],"wp:featuredmedia":[{"embeddable":true,"href":"https:\/\/solardorosario.com.br\/galeria\/wp-json\/wp\/v2\/media\/1543"}],"wp:attachment":[{"href":"https:\/\/solardorosario.com.br\/galeria\/wp-json\/wp\/v2\/media?parent=1342"}],"wp:term":[{"taxonomy":"product_brand","embeddable":true,"href":"https:\/\/solardorosario.com.br\/galeria\/wp-json\/wp\/v2\/product_brand?post=1342"},{"taxonomy":"product_cat","embeddable":true,"href":"https:\/\/solardorosario.com.br\/galeria\/wp-json\/wp\/v2\/product_cat?post=1342"},{"taxonomy":"product_tag","embeddable":true,"href":"https:\/\/solardorosario.com.br\/galeria\/wp-json\/wp\/v2\/product_tag?post=1342"}],"curies":[{"name":"wp","href":"https:\/\/api.w.org\/{rel}","templated":true}]}}