{"id":1338,"date":"2021-03-17T17:07:51","date_gmt":"2021-03-17T20:07:51","guid":{"rendered":"https:\/\/solardorosario.com.br\/galerianova\/cursos\/bibiana-calderon\/"},"modified":"2026-03-18T17:11:25","modified_gmt":"2026-03-18T20:11:25","slug":"bibiana-calderon","status":"publish","type":"product","link":"https:\/\/solardorosario.com.br\/galeria\/produto\/bibiana-calderon\/","title":{"rendered":"Bibiana Calderon - Menina mo\u00e7a"},"content":{"rendered":"<p><strong>Artista:<\/strong> Bibiana Calderon<\/p>\n<p><strong>T\u00edtulo:<\/strong> Menina mo\u00e7a<\/p>\n<p><strong>Dimens\u00e3o:<\/strong> 18x14cm<\/p>\n<p><strong>T\u00e9cnica:<\/strong>\u00a0 \u00d3leo sobre tela<\/p>\n<p>&nbsp;<\/p>\n<p>&nbsp;<\/p>\n<p>Nasceu em 1949, em Buenos Aires, mas \u00e9 radicada no Brasil. Trabalha com cenografia, concep\u00e7\u00e3o de acess\u00f3rios c\u00eanicos, pintura l\u00edrica. Sua primeira exposi\u00e7\u00e3o coletiva foi em 1964, no Sal\u00e3o Nupili de Poemas Ilustrados, na Argentina, que recebeu o 1\u00ba pr\u00eamio. Outras exposi\u00e7\u00f5es coletivas aconteceram em Buenos Aires, Rio de Janeiro e S\u00e3o Paulo, assim como as individuais.<\/p>\n","protected":false},"excerpt":{"rendered":"<p>Artista: Bibiana Calderon T\u00edtulo: Menina mo\u00e7a Dimens\u00e3o: 18x14cm T\u00e9cnica:\u00a0 \u00d3leo sobre tela &nbsp; &nbsp; Nasceu em 1949, em Buenos Aires, mas \u00e9 radicada no Brasil. Trabalha com cenografia, concep\u00e7\u00e3o de acess\u00f3rios c\u00eanicos, pintura l\u00edrica. Sua primeira exposi\u00e7\u00e3o coletiva foi em 1964, no Sal\u00e3o Nupili de Poemas Ilustrados, na Argentina, que recebeu o 1\u00ba pr\u00eamio. Outras [&hellip;]<\/p>\n","protected":false},"featured_media":1545,"template":"","meta":[],"product_brand":[],"product_cat":[117],"product_tag":[],"class_list":{"0":"post-1338","1":"product","2":"type-product","3":"status-publish","4":"has-post-thumbnail","6":"product_cat-galeria","7":"pa_artista-bibiana-calderon","8":"pa_estilo-figura-humana","9":"pa_estilo-figurativo","10":"pa_tecnica-oleo-sobre-tela","12":"first","13":"instock","14":"shipping-taxable","15":"purchasable","16":"product-type-simple"},"yoast_head":"<!-- This site is optimized with the Yoast SEO plugin v27.4 - https:\/\/yoast.com\/product\/yoast-seo-wordpress\/ -->\n<title>Bibiana Calderon - Menina mo\u00e7a - Solar do Ros\u00e1rio Galeria \\\\\\\\Nova<\/title>\n<meta name=\"robots\" content=\"index, follow, max-snippet:-1, max-image-preview:large, max-video-preview:-1\" \/>\n<link rel=\"canonical\" href=\"https:\/\/solardorosario.com.br\/galeria\/produto\/bibiana-calderon\/\" \/>\n<meta property=\"og:locale\" content=\"pt_BR\" \/>\n<meta property=\"og:type\" content=\"article\" \/>\n<meta property=\"og:title\" content=\"Bibiana Calderon - Menina mo\u00e7a - Solar do Ros\u00e1rio Galeria \\\\\\\\Nova\" \/>\n<meta property=\"og:description\" content=\"Artista: Bibiana Calderon T\u00edtulo: Menina mo\u00e7a Dimens\u00e3o: 18x14cm T\u00e9cnica:\u00a0 \u00d3leo sobre tela &nbsp; &nbsp; Nasceu em 1949, em Buenos Aires, mas \u00e9 radicada no Brasil. Trabalha com cenografia, concep\u00e7\u00e3o de acess\u00f3rios c\u00eanicos, pintura l\u00edrica. Sua primeira exposi\u00e7\u00e3o coletiva foi em 1964, no Sal\u00e3o Nupili de Poemas Ilustrados, na Argentina, que recebeu o 1\u00ba pr\u00eamio. Outras [&hellip;]\" \/>\n<meta property=\"og:url\" content=\"https:\/\/solardorosario.com.br\/galeria\/produto\/bibiana-calderon\/\" \/>\n<meta property=\"og:site_name\" content=\"Solar do Ros\u00e1rio Galeria \\\\\\\\Nova\" \/>\n<meta property=\"article:modified_time\" content=\"2026-03-18T20:11:25+00:00\" \/>\n<meta property=\"og:image\" content=\"https:\/\/solardorosario.com.br\/galeria\/wp-content\/uploads\/2021\/03\/1515-e1617199128780.jpeg\" \/>\n\t<meta property=\"og:image:width\" content=\"400\" \/>\n\t<meta property=\"og:image:height\" content=\"255\" \/>\n\t<meta property=\"og:image:type\" content=\"image\/jpeg\" \/>\n<meta name=\"twitter:card\" content=\"summary_large_image\" \/>\n<meta name=\"twitter:label1\" content=\"Est. tempo de leitura\" \/>\n\t<meta name=\"twitter:data1\" content=\"1 minuto\" \/>\n<script type=\"application\/ld+json\" class=\"yoast-schema-graph\">{\"@context\":\"https:\\\/\\\/schema.org\",\"@graph\":[{\"@type\":\"WebPage\",\"@id\":\"https:\\\/\\\/solardorosario.com.br\\\/galeria\\\/produto\\\/bibiana-calderon\\\/\",\"url\":\"https:\\\/\\\/solardorosario.com.br\\\/galeria\\\/produto\\\/bibiana-calderon\\\/\",\"name\":\"Bibiana Calderon - Menina mo\u00e7a - Solar do Ros\u00e1rio Galeria \\\\\\\\\\\\\\\\Nova\",\"isPartOf\":{\"@id\":\"https:\\\/\\\/solardorosario.com.br\\\/galeria\\\/#website\"},\"primaryImageOfPage\":{\"@id\":\"https:\\\/\\\/solardorosario.com.br\\\/galeria\\\/produto\\\/bibiana-calderon\\\/#primaryimage\"},\"image\":{\"@id\":\"https:\\\/\\\/solardorosario.com.br\\\/galeria\\\/produto\\\/bibiana-calderon\\\/#primaryimage\"},\"thumbnailUrl\":\"https:\\\/\\\/solardorosario.com.br\\\/galeria\\\/wp-content\\\/uploads\\\/2021\\\/03\\\/1515-e1617199128780.jpeg\",\"datePublished\":\"2021-03-17T20:07:51+00:00\",\"dateModified\":\"2026-03-18T20:11:25+00:00\",\"breadcrumb\":{\"@id\":\"https:\\\/\\\/solardorosario.com.br\\\/galeria\\\/produto\\\/bibiana-calderon\\\/#breadcrumb\"},\"inLanguage\":\"pt-BR\",\"potentialAction\":[{\"@type\":\"ReadAction\",\"target\":[\"https:\\\/\\\/solardorosario.com.br\\\/galeria\\\/produto\\\/bibiana-calderon\\\/\"]}]},{\"@type\":\"ImageObject\",\"inLanguage\":\"pt-BR\",\"@id\":\"https:\\\/\\\/solardorosario.com.br\\\/galeria\\\/produto\\\/bibiana-calderon\\\/#primaryimage\",\"url\":\"https:\\\/\\\/solardorosario.com.br\\\/galeria\\\/wp-content\\\/uploads\\\/2021\\\/03\\\/1515-e1617199128780.jpeg\",\"contentUrl\":\"https:\\\/\\\/solardorosario.com.br\\\/galeria\\\/wp-content\\\/uploads\\\/2021\\\/03\\\/1515-e1617199128780.jpeg\",\"width\":400,\"height\":255},{\"@type\":\"BreadcrumbList\",\"@id\":\"https:\\\/\\\/solardorosario.com.br\\\/galeria\\\/produto\\\/bibiana-calderon\\\/#breadcrumb\",\"itemListElement\":[{\"@type\":\"ListItem\",\"position\":1,\"name\":\"In\u00edcio\",\"item\":\"https:\\\/\\\/solardorosario.com.br\\\/galeria\\\/\"},{\"@type\":\"ListItem\",\"position\":2,\"name\":\"galeria\",\"item\":\"https:\\\/\\\/solardorosario.com.br\\\/galeria\\\/galeria\\\/\"},{\"@type\":\"ListItem\",\"position\":3,\"name\":\"Bibiana Calderon - Menina mo\u00e7a\"}]},{\"@type\":\"WebSite\",\"@id\":\"https:\\\/\\\/solardorosario.com.br\\\/galeria\\\/#website\",\"url\":\"https:\\\/\\\/solardorosario.com.br\\\/galeria\\\/\",\"name\":\"Solar do Ros\u00e1rio Galeria \\\\\\\\\\\\\\\\Nova\",\"description\":\"\",\"potentialAction\":[{\"@type\":\"SearchAction\",\"target\":{\"@type\":\"EntryPoint\",\"urlTemplate\":\"https:\\\/\\\/solardorosario.com.br\\\/galeria\\\/?s={search_term_string}\"},\"query-input\":{\"@type\":\"PropertyValueSpecification\",\"valueRequired\":true,\"valueName\":\"search_term_string\"}}],\"inLanguage\":\"pt-BR\"}]}<\/script>\n<!-- \/ Yoast SEO plugin. -->","yoast_head_json":{"title":"Bibiana Calderon - Menina mo\u00e7a - Solar do Ros\u00e1rio Galeria \\\\\\\\Nova","robots":{"index":"index","follow":"follow","max-snippet":"max-snippet:-1","max-image-preview":"max-image-preview:large","max-video-preview":"max-video-preview:-1"},"canonical":"https:\/\/solardorosario.com.br\/galeria\/produto\/bibiana-calderon\/","og_locale":"pt_BR","og_type":"article","og_title":"Bibiana Calderon - Menina mo\u00e7a - Solar do Ros\u00e1rio Galeria \\\\\\\\Nova","og_description":"Artista: Bibiana Calderon T\u00edtulo: Menina mo\u00e7a Dimens\u00e3o: 18x14cm T\u00e9cnica:\u00a0 \u00d3leo sobre tela &nbsp; &nbsp; Nasceu em 1949, em Buenos Aires, mas \u00e9 radicada no Brasil. Trabalha com cenografia, concep\u00e7\u00e3o de acess\u00f3rios c\u00eanicos, pintura l\u00edrica. Sua primeira exposi\u00e7\u00e3o coletiva foi em 1964, no Sal\u00e3o Nupili de Poemas Ilustrados, na Argentina, que recebeu o 1\u00ba pr\u00eamio. Outras [&hellip;]","og_url":"https:\/\/solardorosario.com.br\/galeria\/produto\/bibiana-calderon\/","og_site_name":"Solar do Ros\u00e1rio Galeria \\\\\\\\Nova","article_modified_time":"2026-03-18T20:11:25+00:00","og_image":[{"width":400,"height":255,"url":"https:\/\/solardorosario.com.br\/galeria\/wp-content\/uploads\/2021\/03\/1515-e1617199128780.jpeg","type":"image\/jpeg"}],"twitter_card":"summary_large_image","twitter_misc":{"Est. tempo de leitura":"1 minuto"},"schema":{"@context":"https:\/\/schema.org","@graph":[{"@type":"WebPage","@id":"https:\/\/solardorosario.com.br\/galeria\/produto\/bibiana-calderon\/","url":"https:\/\/solardorosario.com.br\/galeria\/produto\/bibiana-calderon\/","name":"Bibiana Calderon - Menina mo\u00e7a - Solar do Ros\u00e1rio Galeria \\\\\\\\Nova","isPartOf":{"@id":"https:\/\/solardorosario.com.br\/galeria\/#website"},"primaryImageOfPage":{"@id":"https:\/\/solardorosario.com.br\/galeria\/produto\/bibiana-calderon\/#primaryimage"},"image":{"@id":"https:\/\/solardorosario.com.br\/galeria\/produto\/bibiana-calderon\/#primaryimage"},"thumbnailUrl":"https:\/\/solardorosario.com.br\/galeria\/wp-content\/uploads\/2021\/03\/1515-e1617199128780.jpeg","datePublished":"2021-03-17T20:07:51+00:00","dateModified":"2026-03-18T20:11:25+00:00","breadcrumb":{"@id":"https:\/\/solardorosario.com.br\/galeria\/produto\/bibiana-calderon\/#breadcrumb"},"inLanguage":"pt-BR","potentialAction":[{"@type":"ReadAction","target":["https:\/\/solardorosario.com.br\/galeria\/produto\/bibiana-calderon\/"]}]},{"@type":"ImageObject","inLanguage":"pt-BR","@id":"https:\/\/solardorosario.com.br\/galeria\/produto\/bibiana-calderon\/#primaryimage","url":"https:\/\/solardorosario.com.br\/galeria\/wp-content\/uploads\/2021\/03\/1515-e1617199128780.jpeg","contentUrl":"https:\/\/solardorosario.com.br\/galeria\/wp-content\/uploads\/2021\/03\/1515-e1617199128780.jpeg","width":400,"height":255},{"@type":"BreadcrumbList","@id":"https:\/\/solardorosario.com.br\/galeria\/produto\/bibiana-calderon\/#breadcrumb","itemListElement":[{"@type":"ListItem","position":1,"name":"In\u00edcio","item":"https:\/\/solardorosario.com.br\/galeria\/"},{"@type":"ListItem","position":2,"name":"galeria","item":"https:\/\/solardorosario.com.br\/galeria\/galeria\/"},{"@type":"ListItem","position":3,"name":"Bibiana Calderon - Menina mo\u00e7a"}]},{"@type":"WebSite","@id":"https:\/\/solardorosario.com.br\/galeria\/#website","url":"https:\/\/solardorosario.com.br\/galeria\/","name":"Solar do Ros\u00e1rio Galeria \\\\\\\\Nova","description":"","potentialAction":[{"@type":"SearchAction","target":{"@type":"EntryPoint","urlTemplate":"https:\/\/solardorosario.com.br\/galeria\/?s={search_term_string}"},"query-input":{"@type":"PropertyValueSpecification","valueRequired":true,"valueName":"search_term_string"}}],"inLanguage":"pt-BR"}]}},"_links":{"self":[{"href":"https:\/\/solardorosario.com.br\/galeria\/wp-json\/wp\/v2\/product\/1338","targetHints":{"allow":["GET"]}}],"collection":[{"href":"https:\/\/solardorosario.com.br\/galeria\/wp-json\/wp\/v2\/product"}],"about":[{"href":"https:\/\/solardorosario.com.br\/galeria\/wp-json\/wp\/v2\/types\/product"}],"wp:featuredmedia":[{"embeddable":true,"href":"https:\/\/solardorosario.com.br\/galeria\/wp-json\/wp\/v2\/media\/1545"}],"wp:attachment":[{"href":"https:\/\/solardorosario.com.br\/galeria\/wp-json\/wp\/v2\/media?parent=1338"}],"wp:term":[{"taxonomy":"product_brand","embeddable":true,"href":"https:\/\/solardorosario.com.br\/galeria\/wp-json\/wp\/v2\/product_brand?post=1338"},{"taxonomy":"product_cat","embeddable":true,"href":"https:\/\/solardorosario.com.br\/galeria\/wp-json\/wp\/v2\/product_cat?post=1338"},{"taxonomy":"product_tag","embeddable":true,"href":"https:\/\/solardorosario.com.br\/galeria\/wp-json\/wp\/v2\/product_tag?post=1338"}],"curies":[{"name":"wp","href":"https:\/\/api.w.org\/{rel}","templated":true}]}}