{"id":1334,"date":"2021-03-17T17:07:43","date_gmt":"2021-03-17T20:07:43","guid":{"rendered":"https:\/\/solardorosario.com.br\/galerianova\/cursos\/joao-osorio-brzezinski-3\/"},"modified":"2026-03-26T11:11:56","modified_gmt":"2026-03-26T14:11:56","slug":"joao-osorio-brzezinski-ilha-do-mel","status":"publish","type":"product","link":"https:\/\/solardorosario.com.br\/galeria\/produto\/joao-osorio-brzezinski-ilha-do-mel\/","title":{"rendered":"Jo\u00e3o Os\u00f3rio Brzezinski - Ilha do Mel"},"content":{"rendered":"<p><strong>Artista:<\/strong> Jo\u00e3o Os\u00f3rio Brzezinski<\/p>\n<p><strong>T\u00edtulo:<\/strong> Ilha do Mel<\/p>\n<p><strong>Dimens\u00e3o:<\/strong> 70x60 cm<\/p>\n<p><strong>T\u00e9cnica:<\/strong> Acr\u00edlica sobre Tela<\/p>\n<p>&nbsp;<\/p>\n<p>&nbsp;<\/p>\n<p>Jo\u00e3o Os\u00f3rio Brzezinski nasceu em Castro - PR, em 1941. \u00c9 artista visual, pintor, escultor, designer gr\u00e1fico, ilustrador e professor. \u00c9 formado pela Escola de Belas Artes do Paran\u00e1 (EMBAP) em Pintura, em 1962, al\u00e9m de Did\u00e1tica em Desenho, na Faculdade Cat\u00f3lica de Filosofia, no ano seguinte, em 1963. Em 1960, recebeu a men\u00e7\u00e3o honrosa em desenho no XVII Sal\u00e3o Paranaense de Belas Artes. Em 1968, venceu um concurso para a cadeira de professor de desenho vivo, na EMBAP entre 1968 a 1977. De 1973 a 1980 ensinou nos ateli\u00eas de pintura e colagem do antigo Centro de Criatividade (atualmente Memorial Paranista). Em 1982, trabalhou no Departamento de Arte da Universidade Federal do Paran\u00e1. Paralelamente, entre as atividades da academia, trabalhou como diretor do Museu Alfredo Andersen entre 1971 a 1978, al\u00e9m de participar da organiza\u00e7\u00e3o do Sal\u00e3o Paranaense, em 1972. Em 1992, realizou a retrospectiva O Infinito e Mais um pouco, no Museu de Arte do Paran\u00e1 (MAP). Desde 1959, acumula pr\u00eamios e men\u00e7\u00f5es honrosas em sal\u00f5es em Curitiba e fora do estado, como o Sal\u00e3o Paranaense, S\u00e3o da Primavera, I Sal\u00e3o de Arte Contempor\u00e2nea de Campinas, o Sal\u00e3o Cidade de Porto Alegre. Suas obras fazem parte de acervos particulares e p\u00fablicos de institui\u00e7\u00f5es como o Museu de Arte Contempor\u00e2nea do Paran\u00e1 (MAC-PR), Museu Nacional de Belas Artes, Museu de Arte do Paran\u00e1 (MAP), Museu de Arte do Rio Grande do Sul, Museu de Arte de Belo Horizonte, Museu de Arte Brasileira da FAAP etc.<\/p>\n","protected":false},"excerpt":{"rendered":"<p>Artista: Jo\u00e3o Os\u00f3rio Brzezinski T\u00edtulo: Ilha do Mel Dimens\u00e3o: 70x60 cm T\u00e9cnica: Acr\u00edlica sobre Tela &nbsp; &nbsp; Jo\u00e3o Os\u00f3rio Brzezinski nasceu em Castro - PR, em 1941. \u00c9 artista visual, pintor, escultor, designer gr\u00e1fico, ilustrador e professor. \u00c9 formado pela Escola de Belas Artes do Paran\u00e1 (EMBAP) em Pintura, em 1962, al\u00e9m de Did\u00e1tica em [&hellip;]<\/p>\n","protected":false},"featured_media":1621,"template":"","meta":[],"product_brand":[],"product_cat":[117],"product_tag":[],"class_list":{"0":"post-1334","1":"product","2":"type-product","3":"status-publish","4":"has-post-thumbnail","6":"product_cat-galeria","7":"pa_artista-joao-osorio-brzezinski","8":"pa_estilo-figurativo-marinha","9":"pa_tecnica-acrilica-sobre-tela","11":"first","12":"instock","13":"shipping-taxable","14":"purchasable","15":"product-type-simple"},"yoast_head":"<!-- This site is optimized with the Yoast SEO plugin v27.4 - https:\/\/yoast.com\/product\/yoast-seo-wordpress\/ -->\n<title>Jo\u00e3o Os\u00f3rio Brzezinski - Ilha do Mel - Solar do Ros\u00e1rio Galeria \\\\\\\\Nova<\/title>\n<meta name=\"robots\" content=\"index, follow, max-snippet:-1, max-image-preview:large, max-video-preview:-1\" \/>\n<link rel=\"canonical\" href=\"https:\/\/solardorosario.com.br\/galeria\/produto\/joao-osorio-brzezinski-ilha-do-mel\/\" \/>\n<meta property=\"og:locale\" content=\"pt_BR\" \/>\n<meta property=\"og:type\" content=\"article\" \/>\n<meta property=\"og:title\" content=\"Jo\u00e3o Os\u00f3rio Brzezinski - Ilha do Mel - Solar do Ros\u00e1rio Galeria \\\\\\\\Nova\" \/>\n<meta property=\"og:description\" content=\"Artista: Jo\u00e3o Os\u00f3rio Brzezinski T\u00edtulo: Ilha do Mel Dimens\u00e3o: 70x60 cm T\u00e9cnica: Acr\u00edlica sobre Tela &nbsp; &nbsp; Jo\u00e3o Os\u00f3rio Brzezinski nasceu em Castro - PR, em 1941. \u00c9 artista visual, pintor, escultor, designer gr\u00e1fico, ilustrador e professor. \u00c9 formado pela Escola de Belas Artes do Paran\u00e1 (EMBAP) em Pintura, em 1962, al\u00e9m de Did\u00e1tica em [&hellip;]\" \/>\n<meta property=\"og:url\" content=\"https:\/\/solardorosario.com.br\/galeria\/produto\/joao-osorio-brzezinski-ilha-do-mel\/\" \/>\n<meta property=\"og:site_name\" content=\"Solar do Ros\u00e1rio Galeria \\\\\\\\Nova\" \/>\n<meta property=\"article:modified_time\" content=\"2026-03-26T14:11:56+00:00\" \/>\n<meta property=\"og:image\" content=\"https:\/\/solardorosario.com.br\/galeria\/wp-content\/uploads\/2021\/03\/7865-1-e1617212102335.jpeg\" \/>\n\t<meta property=\"og:image:width\" content=\"305\" \/>\n\t<meta property=\"og:image:height\" content=\"203\" \/>\n\t<meta property=\"og:image:type\" content=\"image\/jpeg\" \/>\n<meta name=\"twitter:card\" content=\"summary_large_image\" \/>\n<meta name=\"twitter:label1\" content=\"Est. tempo de leitura\" \/>\n\t<meta name=\"twitter:data1\" content=\"2 minutos\" \/>\n<script type=\"application\/ld+json\" class=\"yoast-schema-graph\">{\"@context\":\"https:\\\/\\\/schema.org\",\"@graph\":[{\"@type\":\"WebPage\",\"@id\":\"https:\\\/\\\/solardorosario.com.br\\\/galeria\\\/produto\\\/joao-osorio-brzezinski-ilha-do-mel\\\/\",\"url\":\"https:\\\/\\\/solardorosario.com.br\\\/galeria\\\/produto\\\/joao-osorio-brzezinski-ilha-do-mel\\\/\",\"name\":\"Jo\u00e3o Os\u00f3rio Brzezinski - Ilha do Mel - Solar do Ros\u00e1rio Galeria \\\\\\\\\\\\\\\\Nova\",\"isPartOf\":{\"@id\":\"https:\\\/\\\/solardorosario.com.br\\\/galeria\\\/#website\"},\"primaryImageOfPage\":{\"@id\":\"https:\\\/\\\/solardorosario.com.br\\\/galeria\\\/produto\\\/joao-osorio-brzezinski-ilha-do-mel\\\/#primaryimage\"},\"image\":{\"@id\":\"https:\\\/\\\/solardorosario.com.br\\\/galeria\\\/produto\\\/joao-osorio-brzezinski-ilha-do-mel\\\/#primaryimage\"},\"thumbnailUrl\":\"https:\\\/\\\/solardorosario.com.br\\\/galeria\\\/wp-content\\\/uploads\\\/2021\\\/03\\\/7865-1-e1617212102335.jpeg\",\"datePublished\":\"2021-03-17T20:07:43+00:00\",\"dateModified\":\"2026-03-26T14:11:56+00:00\",\"breadcrumb\":{\"@id\":\"https:\\\/\\\/solardorosario.com.br\\\/galeria\\\/produto\\\/joao-osorio-brzezinski-ilha-do-mel\\\/#breadcrumb\"},\"inLanguage\":\"pt-BR\",\"potentialAction\":[{\"@type\":\"ReadAction\",\"target\":[\"https:\\\/\\\/solardorosario.com.br\\\/galeria\\\/produto\\\/joao-osorio-brzezinski-ilha-do-mel\\\/\"]}]},{\"@type\":\"ImageObject\",\"inLanguage\":\"pt-BR\",\"@id\":\"https:\\\/\\\/solardorosario.com.br\\\/galeria\\\/produto\\\/joao-osorio-brzezinski-ilha-do-mel\\\/#primaryimage\",\"url\":\"https:\\\/\\\/solardorosario.com.br\\\/galeria\\\/wp-content\\\/uploads\\\/2021\\\/03\\\/7865-1-e1617212102335.jpeg\",\"contentUrl\":\"https:\\\/\\\/solardorosario.com.br\\\/galeria\\\/wp-content\\\/uploads\\\/2021\\\/03\\\/7865-1-e1617212102335.jpeg\",\"width\":305,\"height\":203},{\"@type\":\"BreadcrumbList\",\"@id\":\"https:\\\/\\\/solardorosario.com.br\\\/galeria\\\/produto\\\/joao-osorio-brzezinski-ilha-do-mel\\\/#breadcrumb\",\"itemListElement\":[{\"@type\":\"ListItem\",\"position\":1,\"name\":\"In\u00edcio\",\"item\":\"https:\\\/\\\/solardorosario.com.br\\\/galeria\\\/\"},{\"@type\":\"ListItem\",\"position\":2,\"name\":\"galeria\",\"item\":\"https:\\\/\\\/solardorosario.com.br\\\/galeria\\\/galeria\\\/\"},{\"@type\":\"ListItem\",\"position\":3,\"name\":\"Jo\u00e3o Os\u00f3rio Brzezinski - Ilha do Mel\"}]},{\"@type\":\"WebSite\",\"@id\":\"https:\\\/\\\/solardorosario.com.br\\\/galeria\\\/#website\",\"url\":\"https:\\\/\\\/solardorosario.com.br\\\/galeria\\\/\",\"name\":\"Solar do Ros\u00e1rio Galeria \\\\\\\\\\\\\\\\Nova\",\"description\":\"\",\"potentialAction\":[{\"@type\":\"SearchAction\",\"target\":{\"@type\":\"EntryPoint\",\"urlTemplate\":\"https:\\\/\\\/solardorosario.com.br\\\/galeria\\\/?s={search_term_string}\"},\"query-input\":{\"@type\":\"PropertyValueSpecification\",\"valueRequired\":true,\"valueName\":\"search_term_string\"}}],\"inLanguage\":\"pt-BR\"}]}<\/script>\n<!-- \/ Yoast SEO plugin. -->","yoast_head_json":{"title":"Jo\u00e3o Os\u00f3rio Brzezinski - Ilha do Mel - Solar do Ros\u00e1rio Galeria \\\\\\\\Nova","robots":{"index":"index","follow":"follow","max-snippet":"max-snippet:-1","max-image-preview":"max-image-preview:large","max-video-preview":"max-video-preview:-1"},"canonical":"https:\/\/solardorosario.com.br\/galeria\/produto\/joao-osorio-brzezinski-ilha-do-mel\/","og_locale":"pt_BR","og_type":"article","og_title":"Jo\u00e3o Os\u00f3rio Brzezinski - Ilha do Mel - Solar do Ros\u00e1rio Galeria \\\\\\\\Nova","og_description":"Artista: Jo\u00e3o Os\u00f3rio Brzezinski T\u00edtulo: Ilha do Mel Dimens\u00e3o: 70x60 cm T\u00e9cnica: Acr\u00edlica sobre Tela &nbsp; &nbsp; Jo\u00e3o Os\u00f3rio Brzezinski nasceu em Castro - PR, em 1941. \u00c9 artista visual, pintor, escultor, designer gr\u00e1fico, ilustrador e professor. \u00c9 formado pela Escola de Belas Artes do Paran\u00e1 (EMBAP) em Pintura, em 1962, al\u00e9m de Did\u00e1tica em [&hellip;]","og_url":"https:\/\/solardorosario.com.br\/galeria\/produto\/joao-osorio-brzezinski-ilha-do-mel\/","og_site_name":"Solar do Ros\u00e1rio Galeria \\\\\\\\Nova","article_modified_time":"2026-03-26T14:11:56+00:00","og_image":[{"width":305,"height":203,"url":"https:\/\/solardorosario.com.br\/galeria\/wp-content\/uploads\/2021\/03\/7865-1-e1617212102335.jpeg","type":"image\/jpeg"}],"twitter_card":"summary_large_image","twitter_misc":{"Est. tempo de leitura":"2 minutos"},"schema":{"@context":"https:\/\/schema.org","@graph":[{"@type":"WebPage","@id":"https:\/\/solardorosario.com.br\/galeria\/produto\/joao-osorio-brzezinski-ilha-do-mel\/","url":"https:\/\/solardorosario.com.br\/galeria\/produto\/joao-osorio-brzezinski-ilha-do-mel\/","name":"Jo\u00e3o Os\u00f3rio Brzezinski - Ilha do Mel - Solar do Ros\u00e1rio Galeria \\\\\\\\Nova","isPartOf":{"@id":"https:\/\/solardorosario.com.br\/galeria\/#website"},"primaryImageOfPage":{"@id":"https:\/\/solardorosario.com.br\/galeria\/produto\/joao-osorio-brzezinski-ilha-do-mel\/#primaryimage"},"image":{"@id":"https:\/\/solardorosario.com.br\/galeria\/produto\/joao-osorio-brzezinski-ilha-do-mel\/#primaryimage"},"thumbnailUrl":"https:\/\/solardorosario.com.br\/galeria\/wp-content\/uploads\/2021\/03\/7865-1-e1617212102335.jpeg","datePublished":"2021-03-17T20:07:43+00:00","dateModified":"2026-03-26T14:11:56+00:00","breadcrumb":{"@id":"https:\/\/solardorosario.com.br\/galeria\/produto\/joao-osorio-brzezinski-ilha-do-mel\/#breadcrumb"},"inLanguage":"pt-BR","potentialAction":[{"@type":"ReadAction","target":["https:\/\/solardorosario.com.br\/galeria\/produto\/joao-osorio-brzezinski-ilha-do-mel\/"]}]},{"@type":"ImageObject","inLanguage":"pt-BR","@id":"https:\/\/solardorosario.com.br\/galeria\/produto\/joao-osorio-brzezinski-ilha-do-mel\/#primaryimage","url":"https:\/\/solardorosario.com.br\/galeria\/wp-content\/uploads\/2021\/03\/7865-1-e1617212102335.jpeg","contentUrl":"https:\/\/solardorosario.com.br\/galeria\/wp-content\/uploads\/2021\/03\/7865-1-e1617212102335.jpeg","width":305,"height":203},{"@type":"BreadcrumbList","@id":"https:\/\/solardorosario.com.br\/galeria\/produto\/joao-osorio-brzezinski-ilha-do-mel\/#breadcrumb","itemListElement":[{"@type":"ListItem","position":1,"name":"In\u00edcio","item":"https:\/\/solardorosario.com.br\/galeria\/"},{"@type":"ListItem","position":2,"name":"galeria","item":"https:\/\/solardorosario.com.br\/galeria\/galeria\/"},{"@type":"ListItem","position":3,"name":"Jo\u00e3o Os\u00f3rio Brzezinski - Ilha do Mel"}]},{"@type":"WebSite","@id":"https:\/\/solardorosario.com.br\/galeria\/#website","url":"https:\/\/solardorosario.com.br\/galeria\/","name":"Solar do Ros\u00e1rio Galeria \\\\\\\\Nova","description":"","potentialAction":[{"@type":"SearchAction","target":{"@type":"EntryPoint","urlTemplate":"https:\/\/solardorosario.com.br\/galeria\/?s={search_term_string}"},"query-input":{"@type":"PropertyValueSpecification","valueRequired":true,"valueName":"search_term_string"}}],"inLanguage":"pt-BR"}]}},"_links":{"self":[{"href":"https:\/\/solardorosario.com.br\/galeria\/wp-json\/wp\/v2\/product\/1334","targetHints":{"allow":["GET"]}}],"collection":[{"href":"https:\/\/solardorosario.com.br\/galeria\/wp-json\/wp\/v2\/product"}],"about":[{"href":"https:\/\/solardorosario.com.br\/galeria\/wp-json\/wp\/v2\/types\/product"}],"wp:featuredmedia":[{"embeddable":true,"href":"https:\/\/solardorosario.com.br\/galeria\/wp-json\/wp\/v2\/media\/1621"}],"wp:attachment":[{"href":"https:\/\/solardorosario.com.br\/galeria\/wp-json\/wp\/v2\/media?parent=1334"}],"wp:term":[{"taxonomy":"product_brand","embeddable":true,"href":"https:\/\/solardorosario.com.br\/galeria\/wp-json\/wp\/v2\/product_brand?post=1334"},{"taxonomy":"product_cat","embeddable":true,"href":"https:\/\/solardorosario.com.br\/galeria\/wp-json\/wp\/v2\/product_cat?post=1334"},{"taxonomy":"product_tag","embeddable":true,"href":"https:\/\/solardorosario.com.br\/galeria\/wp-json\/wp\/v2\/product_tag?post=1334"}],"curies":[{"name":"wp","href":"https:\/\/api.w.org\/{rel}","templated":true}]}}